{"id":3992,"date":"2018-02-15T11:52:31","date_gmt":"2018-02-15T09:52:31","guid":{"rendered":"http:\/\/blogsaverroes.juntadeandalucia.es\/ceipaznaitin\/?page_id=3992"},"modified":"2018-02-15T12:25:20","modified_gmt":"2018-02-15T10:25:20","slug":"matematicas-2o-tema-8","status":"publish","type":"page","link":"https:\/\/blogsaverroes.juntadeandalucia.es\/ceipaznaitin\/matematicas-2o-tema-8\/","title":{"rendered":"Matem\u00e1ticas 2\u00ba Tema 8"},"content":{"rendered":"<p><strong>Zumo de naranja<\/strong><\/p>\n<p><strong>N\u00fameros del 700 al 799<\/strong><\/p>\n<p><a style=\"font-size: 14px;line-height: 22.4px;text-align: -webkit-center\" href=\"http:\/\/www.ceiploreto.es\/sugerencias\/cp.juan.de.la.cosa\/Actividadespdimates2\/01\/10\/04\/011004.swf\" target=\"_blank\" rel=\"noopener\">IDENTIFICACI\u00d3N DE N\u00daMEROS<\/a><\/p>\n<p><a style=\"font-size: 14px;line-height: 22.4px;text-align: -webkit-center\" href=\"http:\/\/www.ceiploreto.es\/sugerencias\/cplosangeles.juntaextremadura.net\/web\/segundo_curso\/matematicas_2\/numeros09\/numeros09.html\" target=\"_blank\" rel=\"noopener\">RESTAS LLEVANDO<\/a><\/p>\n<p><a style=\"font-size: 14px;line-height: 22.4px;text-align: -webkit-center\" href=\"http:\/\/www.primerodecarlos.com\/SEGUNDO_PRIMARIA\/tengo_todo_4\/root_globalizado5\/ISBN_9788467808810\/activity\/U03_088_01_AI\/visor.swf\" target=\"_blank\" rel=\"noopener\">APRENDE<\/a><\/p>\n<p><a style=\"font-size: 14px;line-height: 22.4px;text-align: -webkit-center\" href=\"http:\/\/www.primerodecarlos.com\/SEGUNDO_PRIMARIA\/tengo_todo_4\/root_globalizado5\/ISBN_9788467808810\/activity\/U03_088_02new\/visor.swf\" target=\"_blank\" rel=\"noopener\">ESCRIBE LOS N\u00daMEROS<\/a><\/p>\n<p><a style=\"font-size: 14px;line-height: 22.4px;text-align: -webkit-center\" href=\"http:\/\/www.primerodecarlos.com\/SEGUNDO_PRIMARIA\/tengo_todo_4\/root_globalizado5\/ISBN_9788467808810\/activity\/U03_088_03new\/visor.swf\" target=\"_blank\" rel=\"noopener\">ESCRIBE LOS N\u00daMEROS CONTANDO DE 10 EN 10<\/a><\/p>\n<p><a style=\"font-size: 14px;line-height: 22.4px;text-align: -webkit-center\" href=\"http:\/\/www.primerodecarlos.com\/SEGUNDO_PRIMARIA\/tengo_todo_4\/root_globalizado5\/ISBN_9788467808810\/activity\/U03_089_02\/visor.swf\" target=\"_blank\" rel=\"noopener\">ESCRIBE EL N\u00daMERO ANTERIOR Y EL POSTERIOR<\/a><\/p>\n<p><a style=\"font-size: 14px;line-height: 22.4px;text-align: -webkit-center\" href=\"http:\/\/www.primerodecarlos.com\/SEGUNDO_PRIMARIA\/tengo_todo_4\/root_globalizado5\/ISBN_9788467808810\/activity\/U03_089_04new\/visor.swf\" target=\"_blank\" rel=\"noopener\">CUENTA DE 5 EN 5<\/a><\/p>\n<p><a style=\"font-size: 14px;line-height: 22.4px;text-align: -webkit-center\" href=\"http:\/\/www.primerodecarlos.com\/SEGUNDO_PRIMARIA\/febrero\/tema3\/actividades\/mates\/700_799_2.swf\" target=\"_blank\" rel=\"noopener\">\u00bfQU\u00c9 N\u00daMERO ES?<\/a><\/p>\n<p><a style=\"font-size: 14px;line-height: 22.4px;text-align: -webkit-center\" href=\"http:\/\/www.primerodecarlos.com\/SEGUNDO_PRIMARIA\/febrero\/tema3\/actividades\/mates\/700_799.swf\" target=\"_blank\" rel=\"noopener\">ESCRIBE EL SIGNO QUE CORRESPONDE<\/a><\/p>\n<p><a style=\"font-size: 14px;line-height: 22.4px;text-align: -webkit-center\" href=\"http:\/\/bromera.com\/tl_files\/activitatsdigitals\/capicua_2c_PF\/CAPICUA2-U8-PAG49-CAS.swf\" target=\"_blank\" rel=\"noopener\">LA FAMILIA DEL 700<\/a><\/p>\n<p><strong>Tablas del 3 y del 6<\/strong><\/p>\n<p><a style=\"font-size: 14px;line-height: 22.4px;text-align: -webkit-center\" href=\"http:\/\/www.eltanquematematico.es\/Tablas\/tres\/estudiar3_p.html\" target=\"_blank\" rel=\"noopener\">TABLA DE MULTIPLICAR DEL 3<\/a><\/p>\n<p><a style=\"font-size: 14px;line-height: 22.4px;text-align: -webkit-center\" href=\"http:\/\/www.eltanquematematico.es\/preguntatablas\/tres\/tres_p.html\" target=\"_blank\" rel=\"noopener\">\u00bfTE PREGUNTO LA TABLA DEL 3?<\/a><\/p>\n<p><a style=\"font-size: 14px;line-height: 22.4px;text-align: -webkit-center\" href=\"http:\/\/www.ceiploreto.es\/sugerencias\/cp.juan.de.la.cosa\/Actividadespdimates2\/01\/09\/01\/010901.swf\" target=\"_blank\" rel=\"noopener\">LA TABLA DEL 3<\/a><\/p>\n<p><a style=\"font-size: 14px;line-height: 22.4px;text-align: -webkit-center\" href=\"http:\/\/www.eltanquematematico.es\/tablasnuevas\/tabladel3_p.html\" target=\"_blank\" rel=\"noopener\">TABLA DE MULTIPLICAR DEL 3: EST\u00daDIATELA<\/a><\/p>\n<p><a style=\"font-size: 14px;line-height: 22.4px;text-align: -webkit-center\" href=\"http:\/\/www.eltanquematematico.es\/tablasnuevas\/tabladel3pa_p.html\" target=\"_blank\" rel=\"noopener\">TABLA DE MULTIPLICAR DEL 3: \u00bfME LA S\u00c9?<\/a><\/p>\n<p><a style=\"font-size: 14px;line-height: 22.4px;text-align: -webkit-center\" href=\"http:\/\/www.ceiploreto.es\/sugerencias\/cplosangeles.juntaextremadura.net\/web\/segundo_curso\/matematicas_2\/tabla03\/tabla03.html\" target=\"_blank\" rel=\"noopener\">TABLA DEL 3<\/a><\/p>\n<p><span style=\"font-size: 14px;line-height: 22.4px;text-align: -webkit-center\">REPASO LA TABLA DEL 3: &nbsp;<\/span><a style=\"font-size: 14px;line-height: 22.4px;text-align: -webkit-center\" href=\"http:\/\/www.primerodecarlos.com\/SEGUNDO_PRIMARIA\/tengo_todo_4\/root_globalizado5\/ISBN_9788467808810\/activity\/U04_144_01_AI\/visor.swf\" target=\"_blank\" rel=\"noopener\">1<\/a><span style=\"font-size: 14px;line-height: 22.4px;text-align: -webkit-center\">&nbsp;<\/span><a style=\"font-size: 14px;line-height: 22.4px;text-align: -webkit-center\" href=\"http:\/\/www.primerodecarlos.com\/SEGUNDO_PRIMARIA\/febrero\/tema4\/actividades\/actividades_una_una\/mates\/aprende_tabla_del_3.swf\" target=\"_blank\" rel=\"noopener\">2<\/a><span style=\"font-size: 14px;line-height: 22.4px;text-align: -webkit-center\">&nbsp;<\/span><a style=\"font-size: 14px;line-height: 22.4px;text-align: -webkit-center\" href=\"http:\/\/www.primerodecarlos.com\/SEGUNDO_PRIMARIA\/tengo_todo_4\/root_globalizado5\/ISBN_9788467808810\/activity\/U04_144_02_AI\/visor.swf\" target=\"_blank\" rel=\"noopener\">3<\/a><span style=\"font-size: 14px;line-height: 22.4px;text-align: -webkit-center\">&nbsp;<\/span><a style=\"font-size: 14px;line-height: 22.4px;text-align: -webkit-center\" href=\"http:\/\/www.primerodecarlos.com\/SEGUNDO_PRIMARIA\/febrero\/tema4\/actividades\/actividades_una_una\/mates\/tabla_del_3_problemas.swf\" target=\"_blank\" rel=\"noopener\">4<\/a><span style=\"font-size: 14px;line-height: 22.4px;text-align: -webkit-center\">&nbsp;<\/span><a style=\"font-size: 14px;line-height: 22.4px;text-align: -webkit-center\" href=\"http:\/\/www.primerodecarlos.com\/SEGUNDO_PRIMARIA\/febrero\/tema4\/actividades\/actividades_una_una\/mates\/REPASO_TABLA_DEL_2_Y_DEL_3.swf\" target=\"_blank\" rel=\"noopener\">5<\/a><\/p>\n<p><a style=\"font-size: 14px;line-height: 22.4px;text-align: -webkit-center\" href=\"http:\/\/www.eltanquematematico.es\/Tablas\/seis\/estudiar6_p.html\" target=\"_blank\" rel=\"noopener\">TABLA DE MULTIPLICAR DEL 6<\/a><span style=\"font-size: 14px;line-height: 22.4px;text-align: -webkit-center\">&nbsp;<\/span><\/p>\n<p><a style=\"font-size: 14px;line-height: 22.4px;text-align: -webkit-center\" href=\"http:\/\/www.eltanquematematico.es\/preguntatablas\/seis\/seis_p.html\" target=\"_blank\" rel=\"noopener\">\u00bfTE PREGUNTO LA TABLA DEL 6?<\/a><\/p>\n<p><a style=\"font-size: 14px;line-height: 22.4px;text-align: -webkit-center\" href=\"http:\/\/agrega.educa.madrid.org\/\/repositorio\/28072010\/8e\/es_2010042313_1110200\/index.html\" target=\"_blank\" rel=\"noopener\">TABLAS DE MULTIPLICAR DEL 6 AL 9<\/a><\/p>\n<p><a style=\"font-size: 14px;line-height: 22.4px;text-align: -webkit-center\" href=\"http:\/\/www.ceiploreto.es\/sugerencias\/cp.juan.de.la.cosa\/Actividadespdimates2\/01\/11\/04\/011104.swf\" target=\"_blank\" rel=\"noopener\">LA TABLA DEL 6<\/a><\/p>\n<p><a style=\"font-size: 14px;line-height: 22.4px;text-align: -webkit-center\" href=\"http:\/\/www.eltanquematematico.es\/tablasnuevas\/tabladel6_p.html\" target=\"_blank\" rel=\"noopener\">TABLA DE MULTIPLICAR DEL 6: EST\u00daDIATELA<\/a><\/p>\n<p><a style=\"font-size: 14px;line-height: 22.4px;text-align: -webkit-center\" href=\"http:\/\/www.eltanquematematico.es\/tablasnuevas\/tabladel6pa_p.html\" target=\"_blank\" rel=\"noopener\">TABLA DE MULTIPLICAR DEL 6: \u00bfME LA S\u00c9?<\/a><\/p>\n<p><a style=\"font-size: 14px;line-height: 22.4px;text-align: -webkit-center\" href=\"http:\/\/www.ceiploreto.es\/sugerencias\/cplosangeles.juntaextremadura.net\/web\/segundo_curso\/matematicas_2\/tabla06\/tabla06.html\" target=\"_blank\" rel=\"noopener\">TABLA DEL 6<\/a><\/p>\n<p><span style=\"font-size: 14px;line-height: 22.4px;text-align: -webkit-center\">REPASO LA TABLA DEL 6: &nbsp;<\/span><a style=\"font-size: 14px;line-height: 22.4px;text-align: -webkit-center\" href=\"http:\/\/www.primerodecarlos.com\/SEGUNDO_PRIMARIA\/marzo\/Unidad1_3\/actividades\/actividades_una_una\/mates\/tabla6_4.swf\" target=\"_blank\" rel=\"noopener\">1<\/a><span style=\"font-size: 14px;line-height: 22.4px;text-align: -webkit-center\">&nbsp;<\/span><a style=\"font-size: 14px;line-height: 22.4px;text-align: -webkit-center\" href=\"http:\/\/www.primerodecarlos.com\/SEGUNDO_PRIMARIA\/marzo\/Unidad1_3\/actividades\/actividades_una_una\/mates\/tabla_6.swf\" target=\"_blank\" rel=\"noopener\">2<\/a><span style=\"font-size: 14px;line-height: 22.4px;text-align: -webkit-center\">&nbsp;<\/span><a style=\"font-size: 14px;line-height: 22.4px;text-align: -webkit-center\" href=\"http:\/\/www.primerodecarlos.com\/SEGUNDO_PRIMARIA\/marzo\/Unidad1_3\/actividades\/actividades_una_una\/mates\/tabla_6_2.swf\" target=\"_blank\" rel=\"noopener\">3<\/a><span style=\"font-size: 14px;line-height: 22.4px;text-align: -webkit-center\">&nbsp;<\/span><a style=\"font-size: 14px;line-height: 22.4px;text-align: -webkit-center\" href=\"http:\/\/www.primerodecarlos.com\/SEGUNDO_PRIMARIA\/marzo\/Unidad1_3\/actividades\/mat_sant_ana\/tabla5_6\/tabla_6.swf\" target=\"_blank\" rel=\"noopener\">4<\/a><\/p>\n<p><span style=\"font-size: 14px;line-height: 22.4px;text-align: -webkit-center\">REPASO LAS TABLAS DEL 5 Y DEL 6: &nbsp;<\/span><a style=\"font-size: 14px;line-height: 22.4px;text-align: -webkit-center\" href=\"http:\/\/www.primerodecarlos.com\/SEGUNDO_PRIMARIA\/marzo\/Unidad1_3\/actividades\/mates\/aprende_tablas_5_6\/visor.swf\" target=\"_blank\" rel=\"noopener\">1<\/a><span style=\"font-size: 14px;line-height: 22.4px;text-align: -webkit-center\">&nbsp;<\/span><a style=\"font-size: 14px;line-height: 22.4px;text-align: -webkit-center\" href=\"http:\/\/www.primerodecarlos.com\/SEGUNDO_PRIMARIA\/marzo\/Unidad1_3\/actividades\/mates\/tablas_5_6\/visor.swf\" target=\"_blank\" rel=\"noopener\">2<\/a><span style=\"font-size: 14px;line-height: 22.4px;text-align: -webkit-center\">&nbsp;<\/span><a style=\"font-size: 14px;line-height: 22.4px;text-align: -webkit-center\" href=\"http:\/\/www.primerodecarlos.com\/SEGUNDO_PRIMARIA\/marzo\/Unidad1_3\/actividades\/mates\/tablas_5_6_c\/visor.swf\" target=\"_blank\" rel=\"noopener\">3<\/a><span style=\"font-size: 14px;line-height: 22.4px;text-align: -webkit-center\">&nbsp;<\/span><a style=\"font-size: 14px;line-height: 22.4px;text-align: -webkit-center\" href=\"http:\/\/www.primerodecarlos.com\/SEGUNDO_PRIMARIA\/marzo\/Unidad1_3\/actividades\/mates\/tablas_5_6_d\/visor.swf\" target=\"_blank\" rel=\"noopener\">4<\/a><span style=\"font-size: 14px;line-height: 22.4px;text-align: -webkit-center\">&nbsp;<\/span><a style=\"font-size: 14px;line-height: 22.4px;text-align: -webkit-center\" href=\"http:\/\/www.primerodecarlos.com\/SEGUNDO_PRIMARIA\/marzo\/Unidad1_3\/actividades\/mates\/tablas_5_6_b.swf\" target=\"_blank\" rel=\"noopener\">5<br \/>\n<\/a><\/p>\n<p><strong>Litro<\/strong><\/p>\n<p><a href=\"http:\/\/www.ceiploreto.es\/sugerencias\/cp.juan.de.la.cosa\/Actividadespdimates2\/01\/13\/03\/011303.swf\" target=\"_blank\" rel=\"noopener\">EL LITRO<\/a><\/p>\n<p><a href=\"http:\/\/primerodecarlos.com\/SEGUNDO_PRIMARIA\/tengo_todo_4\/root_globalizado4\/libro\/6169\/ISBN_9788467808803\/activity\/U05_191_01_AI\/visor.swf\" target=\"_blank\" rel=\"noopener\">OBSERVA LOS RECIPIENTES Y SE\u00d1ALA<\/a><\/p>\n<p><strong>Circunferencia y c\u00edrculo. Elementos<\/strong><\/p>\n<p><a style=\"font-size: 14px;line-height: 22.4px;text-align: -webkit-center\" href=\"http:\/\/roble.pntic.mec.es\/jarran2\/cabriweb\/circunf\/circunf.htm\" target=\"_blank\" rel=\"noopener\">CIRCUNFERENCIA Y C\u00cdRCULO I<\/a><\/p>\n<p><a style=\"font-size: 14px;line-height: 22.4px;text-align: -webkit-center\" href=\"http:\/\/www.primaria.librosvivos.net\/archivosCMS\/3\/3\/16\/usuarios\/103294\/9\/2EP_mt_es_ud5_act1\/carcasa.swf\" target=\"_blank\" rel=\"noopener\">CIRCUNFERENCIA Y C\u00cdRCULO II<\/a><\/p>\n<p><a style=\"font-size: 14px;line-height: 22.4px;text-align: -webkit-center\" href=\"http:\/\/www.primerodecarlos.com\/SEGUNDO_PRIMARIA\/marzo\/Unidad1_3\/actividades\/mates\/aprende_circulo_circunferencia\/visor.swf\" target=\"_blank\" rel=\"noopener\">APRENDE I<\/a><\/p>\n<p><a style=\"font-size: 14px;line-height: 22.4px;text-align: -webkit-center\" href=\"http:\/\/www.primerodecarlos.com\/SEGUNDO_PRIMARIA\/marzo\/Unidad1_3\/actividades\/actividades_una_una\/mates\/aprende_circulo_circunferencia.swf\" target=\"_blank\" rel=\"noopener\">APRENDE II<\/a><\/p>\n<p><a style=\"font-size: 14px;line-height: 22.4px;text-align: -webkit-center\" href=\"http:\/\/www.primerodecarlos.com\/SEGUNDO_PRIMARIA\/marzo\/Unidad1_3\/actividades\/mates\/circulo_circunf\/visor.swf\" target=\"_blank\" rel=\"noopener\">UNE CADA C\u00cdRCULO CON SU CIRCUNFERENCIA<\/a><\/p>\n<p><a style=\"font-size: 14px;line-height: 22.4px;text-align: -webkit-center\" href=\"http:\/\/www.primerodecarlos.com\/SEGUNDO_PRIMARIA\/marzo\/Unidad1_3\/actividades\/actividades_una_una\/mates\/circulo_circunferencia.swf\" target=\"_blank\" rel=\"noopener\">RELACIONA<\/a><\/p>\n<p><a style=\"font-size: 14px;line-height: 22.4px;text-align: -webkit-center\" href=\"http:\/\/www.primerodecarlos.com\/SEGUNDO_PRIMARIA\/marzo\/Unidad1_3\/actividades\/actividades_una_una\/mates\/circulo_circunferencia2.swf\" target=\"_blank\" rel=\"noopener\">SE\u00d1ALA LO CORRECTO<\/a><\/p>\n<p><a style=\"font-size: 14px;line-height: 22.4px\" href=\"http:\/\/www.ceiploreto.es\/sugerencias\/cplosangeles.juntaextremadura.net\/web\/segundo_curso\/matematicas_2\/figuras_planas01\/figuras_planas01.html\" target=\"_blank\" rel=\"noopener\">FIGURAS PLANAS<\/a><\/p>\n<p><a style=\"font-size: 14px;line-height: 22.4px\" href=\"http:\/\/2633518-0.web-hosting.es\/blog\/geom_ciclo1\/formas_basicas_2d.html\" target=\"_blank\" rel=\"noopener\">\u00a1SOMOS LAS FORMAS PLANAS M\u00c1S IMPORTANTES!<\/a><\/p>\n<p><strong>Serie: -4<\/strong><\/p>\n<p><a href=\"http:\/\/ntic.educacion.es\/w3\/eos\/MaterialesEducativos\/mem2008\/matematicas_primaria\/numeracion\/operaciones\/seriesgeneral.swf\" target=\"_blank\" rel=\"noopener\">SERIES ARITM\u00c9TICAS<\/a><\/p>\n<p><strong>Resuelve problemas<\/strong><\/p>\n<p><a style=\"font-size: 14px;line-height: 22.4px;text-align: -webkit-center\" href=\"http:\/\/www.ceiploreto.es\/sugerencias\/cp.juan.de.la.cosa\/Actividadespdimates2\/01\/09\/05\/010905.swf\" target=\"_blank\" rel=\"noopener\">RAZONAMIENTO<\/a><\/p>\n<p><a class=\"Estilo2\" style=\"font-size: 14px;line-height: 22.4px;text-align: -webkit-center\" href=\"http:\/\/www.interpeques2.com\/trabajos\/actividades\/problemasmenu.htm\" target=\"_blank\" rel=\"noopener\">PROBLEMAS<\/a><\/p>\n<p><a style=\"font-size: 14px;line-height: 22.4px;text-align: -webkit-center\" href=\"http:\/\/www.ceiploreto.es\/sugerencias\/cp.juan.de.la.cosa\/Actividadespdimates2\/01\/10\/03\/011003.swf\" target=\"_blank\" rel=\"noopener\">PROBLEMA I<\/a><\/p>\n<p><a style=\"font-size: 14px;line-height: 22.4px;text-align: -webkit-center\" href=\"http:\/\/www.ceiploreto.es\/sugerencias\/cp.juan.de.la.cosa\/Actividadespdimates2\/01\/10\/05\/011005.swf\" target=\"_blank\" rel=\"noopener\">PROBLEMA II<\/a><\/p>\n<p><a style=\"font-size: 14px;line-height: 22.4px;text-align: -webkit-center\" href=\"http:\/\/www.primaria.librosvivos.net\/archivosCMS\/3\/3\/16\/usuarios\/103294\/9\/mate2ep_ud9_2_almu_def\/carcasa.swf\" target=\"_blank\" rel=\"noopener\">RESUELVO PROBLEMAS<\/a><\/p>\n","protected":false},"excerpt":{"rendered":"<p>Zumo de naranja N\u00fameros del 700 al 799 IDENTIFICACI\u00d3N DE N\u00daMEROS RESTAS LLEVANDO APRENDE ESCRIBE LOS N\u00daMEROS ESCRIBE LOS N\u00daMEROS CONTANDO DE 10 EN 10 ESCRIBE EL N\u00daMERO ANTERIOR Y EL POSTERIOR CUENTA DE 5 EN 5 \u00bfQU\u00c9 N\u00daMERO ES? ESCRIBE EL SIGNO QUE CORRESPONDE LA FAMILIA DEL 700 Tablas del 3 y del 6 &hellip; <\/p>\n<p><a class=\"more-link btn\" href=\"https:\/\/blogsaverroes.juntadeandalucia.es\/ceipaznaitin\/matematicas-2o-tema-8\/\">Seguir leyendo<\/a><\/p>\n","protected":false},"author":2805,"featured_media":0,"parent":0,"menu_order":0,"comment_status":"closed","ping_status":"closed","template":"","meta":{"ngg_post_thumbnail":0,"footnotes":"","_mc_calendar":[]},"aioseo_notices":[],"_links":{"self":[{"href":"https:\/\/blogsaverroes.juntadeandalucia.es\/ceipaznaitin\/wp-json\/wp\/v2\/pages\/3992"}],"collection":[{"href":"https:\/\/blogsaverroes.juntadeandalucia.es\/ceipaznaitin\/wp-json\/wp\/v2\/pages"}],"about":[{"href":"https:\/\/blogsaverroes.juntadeandalucia.es\/ceipaznaitin\/wp-json\/wp\/v2\/types\/page"}],"author":[{"embeddable":true,"href":"https:\/\/blogsaverroes.juntadeandalucia.es\/ceipaznaitin\/wp-json\/wp\/v2\/users\/2805"}],"replies":[{"embeddable":true,"href":"https:\/\/blogsaverroes.juntadeandalucia.es\/ceipaznaitin\/wp-json\/wp\/v2\/comments?post=3992"}],"version-history":[{"count":8,"href":"https:\/\/blogsaverroes.juntadeandalucia.es\/ceipaznaitin\/wp-json\/wp\/v2\/pages\/3992\/revisions"}],"predecessor-version":[{"id":4002,"href":"https:\/\/blogsaverroes.juntadeandalucia.es\/ceipaznaitin\/wp-json\/wp\/v2\/pages\/3992\/revisions\/4002"}],"wp:attachment":[{"href":"https:\/\/blogsaverroes.juntadeandalucia.es\/ceipaznaitin\/wp-json\/wp\/v2\/media?parent=3992"}],"curies":[{"name":"wp","href":"https:\/\/api.w.org\/{rel}","templated":true}]}}