{"id":4039,"date":"2018-02-15T13:56:10","date_gmt":"2018-02-15T11:56:10","guid":{"rendered":"http:\/\/blogsaverroes.juntadeandalucia.es\/ceipaznaitin\/?page_id=4039"},"modified":"2018-02-15T14:06:46","modified_gmt":"2018-02-15T12:06:46","slug":"matematicas-6o-tema-8","status":"publish","type":"page","link":"https:\/\/blogsaverroes.juntadeandalucia.es\/ceipaznaitin\/matematicas-6o-tema-8\/","title":{"rendered":"Matem\u00e1ticas 6\u00ba Tema 8"},"content":{"rendered":"<p><strong>Escalas y movimientos en el plano<\/strong><\/p>\n<p><strong>Contenidos previos<\/strong><\/p>\n<p><a href=\"http:\/\/www.eltanquematematico.es\/todo_mate\/medidas_e\/longitud_e\/longitud_ep.html\" target=\"_blank\" rel=\"noopener\">UNIDADES DE LONGITUD. RELACIONES<\/a><\/p>\n<p><a style=\"font-size: 14px;text-align: -webkit-center\" href=\"http:\/\/www.genmagic.net\/habilidades\/simetc.swf\" target=\"_blank\" rel=\"noopener\">CENEFAS SIM\u00c9TRICAS<\/a><\/p>\n<p><a style=\"font-size: 14px;text-align: -webkit-center\" href=\"http:\/\/www.edu.xunta.es\/espazoAbalar\/sites\/espazoAbalar\/files\/datos\/1285581005\/contido\/ma023_oa01_es\/index.html\" target=\"_blank\" rel=\"noopener\">SIMETR\u00cdA RESPECTO A UN EJE<\/a><\/p>\n<p><a style=\"font-size: 14px;text-align: -webkit-center\" href=\"http:\/\/www.edu.xunta.es\/espazoAbalar\/sites\/espazoAbalar\/files\/datos\/1285581005\/contido\/ma023_oa05_es\/index.html\" target=\"_blank\" rel=\"noopener\">CONSTRUCCI\u00d3N DE FIGURAS SIM\u00c9TRICAS CON AYUDA DE LA CUADR\u00cdCULA<\/a><\/p>\n<p><a style=\"font-size: 14px;text-align: -webkit-center\" href=\"http:\/\/2633518-0.web-hosting.es\/blog\/manipulables\/geometria\/hagosimetria.swf\" target=\"_blank\" rel=\"noopener\">TRAZADO FIGURAS SIM\u00c9TRICAS<\/a><\/p>\n<p><a style=\"font-size: 14px;text-align: -webkit-center\" href=\"http:\/\/www.ceiploreto.es\/sugerencias\/hdt.gob.mx\/simetria\/index.html\" target=\"_blank\" rel=\"noopener\">CUADR\u00cdCULA. SIMETR\u00cdA<\/a><\/p>\n<p><strong>Sistema de coordenadas cartesianas<\/strong><\/p>\n<p><a href=\"http:\/\/www.eltanquematematico.es\/todo_mate\/numenteros\/coordenadas\/coordenadas_p.html\" target=\"_blank\" rel=\"noopener\">N\u00daMEROS ENTEROS Y COORDENADAS<\/a>&nbsp;<\/p>\n<p><a style=\"font-size: 14px;text-align: -webkit-center\" href=\"http:\/\/ww2.educarchile.cl\/UserFiles\/P0024\/File\/skoool\/Latin_America_Content\/Latin_America_Content\/Junior%20Cycle%20level%201\/maths\/transcriptos\/cartesian\/\" target=\"_blank\" rel=\"noopener\">PLANO CARTESIANO<\/a><\/p>\n<p><a style=\"font-size: 14px;text-align: -webkit-center\" href=\"http:\/\/ww2.educarchile.cl\/UserFiles\/P0024\/File\/skoool\/Latin_America_Content\/Latin_America_Content\/Junior%20Cycle%20level%201\/maths\/transcriptos\/polt_points_quad\/\" target=\"_blank\" rel=\"noopener\">TRAZADO DE PUNTOS EN UN CUADRANTE<\/a><\/p>\n<p><a style=\"font-size: 14px;text-align: -webkit-center\" href=\"http:\/\/conteni2.educarex.es\/mats\/120454\/contenido\/\" target=\"_blank\" rel=\"noopener\">COORDENADAS CARTESIANAS<\/a><\/p>\n<p><a style=\"font-size: 14px;text-align: -webkit-center\" href=\"http:\/\/recursostic.educacion.es\/primaria\/ludos\/web\/c\/04\/index.html\" target=\"_blank\" rel=\"noopener\">NO PIERDAS EL NORTE<\/a><\/p>\n<p><a style=\"font-size: 14px;text-align: -webkit-center\" href=\"http:\/\/agrega.educacion.es\/repositorio\/07022017\/e7\/es_2012071713_9194154\/M_B3_CoordenadasCartesianas\/index.html\" target=\"_blank\" rel=\"noopener\">EL PLANO CARTESIANO<\/a><\/p>\n<p><a style=\"font-size: 14px;text-align: -webkit-center\" href=\"http:\/\/agrega.educacion.es\/\/repositorio\/01092016\/a6\/es_2016090112_9095253\/tesoro1\/tesoro1\/tesoro\/actividad.html\" target=\"_blank\" rel=\"noopener\">ENCUENTRA EL TESORO<\/a><\/p>\n<p><a style=\"font-size: 14px;text-align: -webkit-center\" href=\"http:\/\/agrega.educacion.es\/\/repositorio\/14042011\/bc\/es_2011041412_9194754\/primaria_encuentra_punto\/encuentra_punto\/actividad.html\" target=\"_blank\" rel=\"noopener\">ENCUENTRA EL PUNTO<\/a><\/p>\n<p><a style=\"font-size: 14px;text-align: -webkit-center\" href=\"http:\/\/agrega.educacion.es\/\/repositorio\/14042011\/d8\/es_2011041412_9195133\/primaria_camino_al_trabajo\/camino_al_trabajo\/actividad.html\" target=\"_blank\" rel=\"noopener\">DE CAMINO AL TRABAJO<\/a><\/p>\n<p><a style=\"font-size: 14px;text-align: -webkit-center\" href=\"http:\/\/www.genmagic.org\/repositorio\/albums\/userpics\/coordcar1c.swf\" target=\"_blank\" rel=\"noopener\">SISTEMA DE REFERENCIA CARTESIANO &#8211; 1<\/a><\/p>\n<p><a style=\"font-size: 14px;text-align: -webkit-center\" href=\"http:\/\/www.genmagic.org\/repositorio\/albums\/userpics\/coordcar2c.swf\" target=\"_blank\" rel=\"noopener\">SISTEMA DE REFERENCIA CARTESIANO &#8211; 2<\/a><\/p>\n<p><a style=\"font-size: 14px;text-align: -webkit-center\" href=\"http:\/\/www.ceiploreto.es\/sugerencias\/juntadeandalucia\/Materiales_construir_geometria\/inicio.html\" target=\"_blank\" rel=\"noopener\">MATERIALES PARA CONSTRUIR LA GEOMETR\u00cdA<\/a><\/p>\n<p><a style=\"font-size: 14px;text-align: -webkit-center\" href=\"http:\/\/www.educa.jcyl.es\/educacyl\/cm\/gallery\/recursos_atica\/matematicas\/GEOMETRIA\/index.html\" target=\"_blank\" rel=\"noopener\">GEOMETR\u00cdA ANAL\u00cdTICA EN EL PLANO<\/a><\/p>\n<p><a style=\"font-size: 14px;text-align: -webkit-center\" href=\"http:\/\/www.ceiploreto.es\/sugerencias\/cplosangeles.juntaextremadura.net\/web\/edilim\/tercer_ciclo\/matematicas6\/enteros_6\/enteros_6.html\" target=\"_blank\" rel=\"noopener\">N\u00daMEROS ENTEROS<\/a><\/p>\n<p><a style=\"font-size: 14px\" href=\"http:\/\/www.ceiploreto.es\/sugerencias\/ecuador\/matematicas\/6_pares_ordenados\/index.html\" target=\"_blank\" rel=\"noopener\">PARES ORDENADOS<\/a><\/p>\n<p><a style=\"font-size: 14px;text-align: -webkit-center\" href=\"http:\/\/agrega.educacion.es\/visualizar\/es\/es_2012121413_9102706\/false\" target=\"_blank\" rel=\"noopener\">SD: COORDENADAS CARTESIANAS (profesorado)<\/a><\/p>\n<p><a style=\"font-size: 14px;text-align: -webkit-center\" href=\"http:\/\/agrega.educacion.es\/visualizar\/es\/es_2013021213_9074719\/false\" target=\"_blank\" rel=\"noopener\">SD: COORDENADAS CARTESIANAS (alumnado)<\/a><\/p>\n<p><strong>Escalas en planos y mapas<\/strong><\/p>\n<p><a href=\"http:\/\/w3.cnice.mec.es\/recursos\/primaria\/matematicas\/longitud\/a3\/menu.html\" target=\"_blank\" rel=\"noopener\">A ESCALA<\/a><\/p>\n<p><a style=\"font-size: 14px;text-align: -webkit-center\" href=\"http:\/\/agrega.educacion.es\/\/repositorio\/14042011\/06\/es_2011041412_9201137\/primaria_excavadora\/excavadora\/actividad.html\" target=\"_blank\" rel=\"noopener\">EXCAVADORA<\/a><\/p>\n<p><a style=\"font-size: 14px;text-align: -webkit-center\" href=\"http:\/\/www.ceiploreto.es\/sugerencias\/hdt.gob.mx\/escalas\/index.html\" target=\"_blank\" rel=\"noopener\">ESCALAS<\/a><\/p>\n<p><a style=\"font-size: 14px;text-align: -webkit-center\" href=\"http:\/\/www.juntadeandalucia.es\/averroes\/centros-tic\/41009470\/helvia\/aula\/archivos\/repositorio\/0\/193\/html\/recursos\/la\/U11\/pages\/recursos\/143304_P160_4\/es_carcasa.html\" target=\"_blank\" rel=\"noopener\">PONTE A PRUEBA<\/a><\/p>\n<p><a style=\"font-size: 14px;text-align: -webkit-center\" href=\"http:\/\/www.ceiploreto.es\/sugerencias\/hdt.gob.mx\/cuad_escala\/index.html\" target=\"_blank\" rel=\"noopener\">CUADR\u00cdCULA. ESCALA<\/a><\/p>\n<p><a style=\"font-size: 14px;text-align: -webkit-center\" href=\"http:\/\/www.juntadeandalucia.es\/averroes\/centros-tic\/41009470\/helvia\/aula\/archivos\/repositorio\/0\/193\/html\/recursos\/la\/U11\/pages\/recursos\/143304_P159\/es_carcasa.html\" target=\"_blank\" rel=\"noopener\">ESCALA GR\u00c1FICA<\/a><\/p>\n<p><a style=\"font-size: 14px;text-align: -webkit-center\" href=\"http:\/\/www.juntadeandalucia.es\/averroes\/centros-tic\/41009470\/helvia\/aula\/archivos\/repositorio\/0\/193\/html\/recursos\/la\/U11\/pages\/recursos\/143304_P160_5\/es_carcasa.html\" target=\"_blank\" rel=\"noopener\">PONTE A PRUEBA<\/a><\/p>\n<p><a style=\"font-size: 14px;text-align: -webkit-center\" href=\"http:\/\/agrega.educacion.es\/visualizar\/es\/es_2012121413_9102324\/false\" target=\"_blank\" rel=\"noopener\">SD: REPRESENTACI\u00d3N DEL ESPACIO: LAS ESCALAS (profesorado)<\/a><\/p>\n<p><a style=\"font-size: 14px;text-align: -webkit-center\" href=\"http:\/\/agrega.educacion.es\/visualizar\/es\/es_2013020813_9115359\/false\" target=\"_blank\" rel=\"noopener\">SD: REPRESENTACI\u00d3N DEL ESPACIO: LAS ESCALAS (alumnado)<\/a><\/p>\n<p><a style=\"font-size: 14px;text-align: -webkit-center\" href=\"http:\/\/www.cplapuebla.com\/web\/constructor\/unidad8act5\/\" target=\"_blank\" rel=\"noopener\">ESCALAS: PLANOS Y MAPAS<\/a><\/p>\n<p><a style=\"font-size: 14px;text-align: -webkit-center\" href=\"http:\/\/www.genmagic.org\/repositorio\/albums\/userpics\/distreals1c.swf\" target=\"_blank\" rel=\"noopener\">ESCALAS Y DISTANCIAS REALES<\/a><\/p>\n<p><a style=\"font-size: 14px;text-align: -webkit-center\" href=\"http:\/\/www.ceiploreto.es\/sugerencias\/agrega-2curso\/Lectura_e_interpretacion_de_planos\/contenido\/ma005\/ma005_oa01\/index_es.html\" target=\"_blank\" rel=\"noopener\">LECTURA E INTERPRETACI\u00d3N DE PLANOS<\/a><\/p>\n<p><a style=\"font-size: 14px;text-align: -webkit-center\" href=\"http:\/\/www.ceiploreto.es\/sugerencias\/agrega-2curso\/Lectura_e_interpretacion_de_planos\/index.html\" target=\"_blank\" rel=\"noopener\">LECTURA E INTERPRETACI\u00d3N DE PLANOS<\/a><\/p>\n<p><a style=\"font-size: 14px;text-align: -webkit-center\" href=\"http:\/\/www.ceiploreto.es\/sugerencias\/agrega-2curso\/Construccion_de_planos\/contenido\/ma005\/ma005_oa03\/index_es.html\" target=\"_blank\" rel=\"noopener\">CONSTRUCCI\u00d3N DE PLANOS<\/a><\/p>\n<p><a style=\"font-size: 14px;text-align: -webkit-center\" href=\"http:\/\/www.ceiploreto.es\/sugerencias\/agrega-2curso\/Construccion_de_planos\/index.html\" target=\"_blank\" rel=\"noopener\">CONSTRUCCI\u00d3N DE PLANOS<\/a><\/p>\n<p><a style=\"font-size: 14px;text-align: -webkit-center\" href=\"http:\/\/www.ceiploreto.es\/sugerencias\/agrega-2curso\/Utilizacion_de_planos\/contenido\/ma005\/ma005_oa05\/index_es.html\" target=\"_blank\" rel=\"noopener\">UTILIZACI\u00d3N DE PLANOS<\/a><\/p>\n<p><a style=\"font-size: 14px;text-align: -webkit-center\" href=\"http:\/\/www.ceiploreto.es\/sugerencias\/agrega-2curso\/Utilizacion_de_planos\/index.html\" target=\"_blank\" rel=\"noopener\">UTILIZACI\u00d3N DE PLANOS<\/a><\/p>\n<p><strong>Movimientos en el plano<\/strong><\/p>\n<p><a href=\"http:\/\/www.genmagic.org\/repositorio\/albums\/userpics\/robot1c.swf\" target=\"_blank\" rel=\"noopener\">ROBOT &#8211; 1<\/a><\/p>\n<p><a style=\"font-size: 14px;text-align: -webkit-center\" href=\"http:\/\/agrega.educacion.es\/\/repositorio\/17042011\/9a\/es_2011041712_9142202\/primaria_simetria_central\/simetria_central\/actividad.html\" target=\"_blank\" rel=\"noopener\">SIMETR\u00cdA CENTRAL<\/a><\/p>\n<p><a style=\"font-size: 14px;text-align: -webkit-center\" href=\"http:\/\/docentes.educacion.navarra.es\/msadaall\/geogebra\/movimientos.htm\" target=\"_blank\" rel=\"noopener\">MOVIMIENTOS Y TRANSFORMACIONES EN EL PLANO<\/a><\/p>\n<p><a href=\"http:\/\/agrega.educacion.es\/\/repositorio\/17042011\/74\/es_2011041712_9143149\/primaria_simetria_rotacional\/simetria_rotacional\/actividad.html\" target=\"_blank\" rel=\"noopener\">SIMETR\u00cdA ROTACIONAL<\/a><\/p>\n","protected":false},"excerpt":{"rendered":"<p>Escalas y movimientos en el plano Contenidos previos UNIDADES DE LONGITUD. RELACIONES CENEFAS SIM\u00c9TRICAS SIMETR\u00cdA RESPECTO A UN EJE CONSTRUCCI\u00d3N DE FIGURAS SIM\u00c9TRICAS CON AYUDA DE LA CUADR\u00cdCULA TRAZADO FIGURAS SIM\u00c9TRICAS CUADR\u00cdCULA. SIMETR\u00cdA Sistema de coordenadas cartesianas N\u00daMEROS ENTEROS Y COORDENADAS&nbsp; PLANO CARTESIANO TRAZADO DE PUNTOS EN UN CUADRANTE COORDENADAS CARTESIANAS NO PIERDAS EL NORTE &hellip; <\/p>\n<p><a class=\"more-link btn\" href=\"https:\/\/blogsaverroes.juntadeandalucia.es\/ceipaznaitin\/matematicas-6o-tema-8\/\">Seguir leyendo<\/a><\/p>\n","protected":false},"author":2805,"featured_media":0,"parent":0,"menu_order":0,"comment_status":"closed","ping_status":"closed","template":"","meta":{"ngg_post_thumbnail":0,"footnotes":"","_mc_calendar":[]},"aioseo_notices":[],"_links":{"self":[{"href":"https:\/\/blogsaverroes.juntadeandalucia.es\/ceipaznaitin\/wp-json\/wp\/v2\/pages\/4039"}],"collection":[{"href":"https:\/\/blogsaverroes.juntadeandalucia.es\/ceipaznaitin\/wp-json\/wp\/v2\/pages"}],"about":[{"href":"https:\/\/blogsaverroes.juntadeandalucia.es\/ceipaznaitin\/wp-json\/wp\/v2\/types\/page"}],"author":[{"embeddable":true,"href":"https:\/\/blogsaverroes.juntadeandalucia.es\/ceipaznaitin\/wp-json\/wp\/v2\/users\/2805"}],"replies":[{"embeddable":true,"href":"https:\/\/blogsaverroes.juntadeandalucia.es\/ceipaznaitin\/wp-json\/wp\/v2\/comments?post=4039"}],"version-history":[{"count":7,"href":"https:\/\/blogsaverroes.juntadeandalucia.es\/ceipaznaitin\/wp-json\/wp\/v2\/pages\/4039\/revisions"}],"predecessor-version":[{"id":4048,"href":"https:\/\/blogsaverroes.juntadeandalucia.es\/ceipaznaitin\/wp-json\/wp\/v2\/pages\/4039\/revisions\/4048"}],"wp:attachment":[{"href":"https:\/\/blogsaverroes.juntadeandalucia.es\/ceipaznaitin\/wp-json\/wp\/v2\/media?parent=4039"}],"curies":[{"name":"wp","href":"https:\/\/api.w.org\/{rel}","templated":true}]}}