{"id":4121,"date":"2018-02-16T14:39:40","date_gmt":"2018-02-16T12:39:40","guid":{"rendered":"http:\/\/blogsaverroes.juntadeandalucia.es\/ceipaznaitin\/?page_id=4121"},"modified":"2018-02-16T14:52:50","modified_gmt":"2018-02-16T12:52:50","slug":"matematicas-1o-tema-9","status":"publish","type":"page","link":"https:\/\/blogsaverroes.juntadeandalucia.es\/ceipaznaitin\/matematicas-1o-tema-9\/","title":{"rendered":"Matem\u00e1ticas 1\u00ba Tema 9"},"content":{"rendered":"<p><strong>&nbsp;Clase de dibujo<\/strong><\/p>\n<p><strong>N\u00fameros ordinales. Serie +11<\/strong><\/p>\n<p><a href=\"http:\/\/primerodecarlos.com\/primerodecarlos.blogspot.com\/marzo\/ORDINALES\/ordinales1_mic.swf\" target=\"_blank\" rel=\"noopener\">LOS ORDINALES 1<\/a><\/p>\n<p><a style=\"font-size: 14px;text-align: -webkit-center\" href=\"http:\/\/primerodecarlos.com\/primerodecarlos.blogspot.com\/marzo\/numeros_ordinales_2.swf\" target=\"_blank\" rel=\"noopener\">UNE SEG\u00daN CORRESPONDA<\/a><\/p>\n<p><a style=\"font-size: 14px;text-align: -webkit-center\" href=\"http:\/\/primerodecarlos.com\/primerodecarlos.blogspot.com\/marzo\/problema_ordinales.swf\" target=\"_blank\" rel=\"noopener\">LEE Y CONTESTA<\/a><\/p>\n<p><a style=\"font-size: 14px;text-align: -webkit-center\" href=\"http:\/\/bromera.com\/tl_files\/activitatsdigitals\/capicua_1c_PF\/CAPICUA1-U7-PAG35-CAS.swf\" target=\"_blank\" rel=\"noopener\">ORDINALES 1<\/a><\/p>\n<p><a style=\"font-size: 14px;text-align: -webkit-center\" href=\"http:\/\/www.genmagic.org\/repositorio\/albums\/userpics\/primseg1c.swf\" target=\"_blank\" rel=\"noopener\">1\u00ba &#8211; 2\u00ba &#8211; 3\u00ba&#8230; N\u00daMEROS ORDINALES<\/a><\/p>\n<p><a style=\"font-size: 14px;text-align: -webkit-center\" href=\"http:\/\/www.educa.jcyl.es\/educacyl\/cm\/zonaalumnos\/tkPopUp?pgseed=1168680284240&amp;idContent=20737&amp;locale=es_ES&amp;textOnly=false\" target=\"_blank\" rel=\"noopener\">UN POCO DE ORDEN<\/a><\/p>\n<p><a style=\"font-size: 14px;text-align: -webkit-center\" href=\"http:\/\/www.primaria.librosvivos.net\/archivosCMS\/3\/3\/16\/usuarios\/103294\/9\/1epcmcp_ud12_ap_cas\/actividad.swf\" target=\"_blank\" rel=\"noopener\">APRENDO A PENSAR<\/a><\/p>\n<p><a style=\"font-size: 14px;text-align: -webkit-center\" href=\"http:\/\/primerodecarlos.com\/primerodecarlos.blogspot.com\/abril\/ordinales.swf\" target=\"_blank\" rel=\"noopener\">APRENDE<\/a><\/p>\n<p><a style=\"font-size: 14px;text-align: -webkit-center\" href=\"http:\/\/primerodecarlos.com\/primerodecarlos.blogspot.com\/marzo\/ORDINALES\/ordinales2_mic.swf\" target=\"_blank\" rel=\"noopener\">LOS ORDINALES 2<\/a><\/p>\n<p><a style=\"font-size: 14px;text-align: -webkit-center\" href=\"http:\/\/primerodecarlos.com\/primerodecarlos.blogspot.com\/marzo\/ORDINALES\/ordinales3_mic.swf\" target=\"_blank\" rel=\"noopener\">ORDINALES 2<\/a><\/p>\n<p><a style=\"font-size: 14px;text-align: -webkit-center\" href=\"http:\/\/primerodecarlos.com\/primerodecarlos.blogspot.com\/marzo\/ORDINALES_2.swf\" target=\"_blank\" rel=\"noopener\">N\u00daMEROS ORDINALES<\/a><\/p>\n<p><a style=\"font-size: 14px;text-align: -webkit-center\" href=\"http:\/\/primerodecarlos.com\/primerodecarlos.blogspot.com\/abril\/carrera_caracoles.swf\" target=\"_blank\" rel=\"noopener\">LA CARRERA DE CARACOLES<\/a><\/p>\n<p><a style=\"font-size: 14px;text-align: -webkit-center\" href=\"http:\/\/primerodecarlos.com\/primerodecarlos.blogspot.com\/abril\/ordinales2.swf\" target=\"_blank\" rel=\"noopener\">COMPLETA<\/a><\/p>\n<p><a style=\"font-size: 14px;text-align: -webkit-center\" href=\"http:\/\/ntic.educacion.es\/w3\/eos\/MaterialesEducativos\/mem2008\/matematicas_primaria\/numeracion\/operaciones\/seriesgeneral.swf\" target=\"_blank\" rel=\"noopener\">SERIES ARITM\u00c9TICAS 1<\/a><\/p>\n<p><a style=\"font-size: 14px\" href=\"http:\/\/www.genmagic.org\/repositorio\/albums\/userpics\/ordre3c.swf\" target=\"_blank\" rel=\"noopener\">IDENTIFICAR N\u00daMEROS ORDINALES<\/a><\/p>\n<p><strong>Resta de n\u00fameros de dos cifras (h). Serie -10<\/strong><\/p>\n<p><a href=\"http:\/\/genmagic.net\/repositorio\/displayimage.php?pos=-262\" target=\"_blank\" rel=\"noopener\">MARCA LA CIFRA<\/a><\/p>\n<p><a style=\"font-size: 14px;text-align: -webkit-center\" href=\"http:\/\/www.educa.jcyl.es\/educacyl\/cm\/zonaalumnos\/tkPopUp?pgseed=1168680284240&amp;idContent=20737&amp;locale=es_ES&amp;textOnly=false\" target=\"_blank\" rel=\"noopener\">FIESTA DE CUMPLEA\u00d1OS \/ TABLERO DE DAMAS<\/a><\/p>\n<p><a style=\"font-size: 14px;text-align: -webkit-center\" href=\"http:\/\/www.ceiploreto.es\/sugerencias\/vindel\/espacio.swf\" target=\"_blank\" rel=\"noopener\">LA BATALLA DEL C\u00c1LCULO MENTAL<\/a><\/p>\n<p><a style=\"font-size: 14px;text-align: -webkit-center\" href=\"http:\/\/primerodecarlos.com\/junio\/restas\/visor.swf\" target=\"_blank\" rel=\"noopener\">UNE CADA OPERACI\u00d3N CON SU RESULTADO<\/a><\/p>\n<p><a style=\"font-size: 14px;text-align: -webkit-center\" href=\"http:\/\/www.portaleducativo.net\/ejercicios\/primero\/matematica\/resta\/intro.swf\" target=\"_blank\" rel=\"noopener\">RESTAS<\/a><\/p>\n<p><strong>Resta de n\u00fameros de dos cifras (v). Serie -20<\/strong><\/p>\n<p><a href=\"http:\/\/www.ceiploreto.es\/sugerencias\/A_1\/Recursosdidacticos\/PRIMERO\/datos\/02_Mates\/03_Recursos\/01_t\/actividades\/operaciones\/04.htm\" target=\"_blank\" rel=\"noopener\">RESTAS VERTICALES SIN LLEVADA 1<\/a><\/p>\n<p><a style=\"font-size: 14px;text-align: -webkit-center\" href=\"http:\/\/www.crienaturavila.com\/crie_httpdocs\/mate\/resta02.html\" target=\"_blank\" rel=\"noopener\">RESTAS DE N\u00daMEROS NATURALES<\/a><\/p>\n<p><a style=\"font-size: 14px;text-align: -webkit-center\" href=\"http:\/\/www.ceiploreto.es\/sugerencias\/A_1\/Recursosdidacticos\/PRIMERO\/datos\/02_Mates\/03_Recursos\/02_t\/actividades\/operaciones\/03.htm\" target=\"_blank\" rel=\"noopener\">RESTAS VERTICALES SIN LLEVADA 2<\/a><\/p>\n<p><a style=\"font-size: 14px;text-align: -webkit-center\" href=\"http:\/\/www.ceiploreto.es\/sugerencias\/A_1\/Recursosdidacticos\/PRIMERO\/datos\/02_Mates\/03_Recursos\/03_t\/actividades\/operaciones\/05.htm\" target=\"_blank\" rel=\"noopener\">RESTAS VERTICALES SIN LLEVADA 3<\/a><\/p>\n<p><a style=\"font-size: 14px;text-align: -webkit-center\" href=\"http:\/\/www.educa.jcyl.es\/educacyl\/cm\/zonaalumnos\/tkPopUp?pgseed=1168680284240&amp;idContent=20737&amp;locale=es_ES&amp;textOnly=false\" target=\"_blank\" rel=\"noopener\">\u00bfQU\u00c9 SE ESCONDE?<\/a><\/p>\n<p><a style=\"font-size: 14px;text-align: -webkit-center\" href=\"http:\/\/ntic.educacion.es\/w3\/eos\/MaterialesEducativos\/mem2008\/matematicas_primaria\/numeracion\/operaciones\/algoritresta.swf\" target=\"_blank\" rel=\"noopener\">ALGORITMO DE LA RESTA<\/a><\/p>\n<p><a style=\"font-size: 14px;text-align: -webkit-center\" href=\"http:\/\/www.genmagic.org\/repositorio\/albums\/userpics\/petrestesc.swf\" target=\"_blank\" rel=\"noopener\">PEQUE\u00d1AS RESTAS<\/a><\/p>\n<p><a style=\"font-size: 14px;text-align: -webkit-center\" href=\"http:\/\/primerodecarlos.com\/primerodecarlos.blogspot.com\/enero\/resta.swf\" target=\"_blank\" rel=\"noopener\">COLOCA Y RESTA<\/a><\/p>\n<p><a style=\"font-size: 14px;text-align: -webkit-center\" href=\"http:\/\/primerodecarlos.com\/primerodecarlos.blogspot.com\/febrero\/restar4.swf\" target=\"_blank\" rel=\"noopener\">RESTA<\/a><\/p>\n<p><a style=\"font-size: 14px;text-align: -webkit-center\" href=\"http:\/\/bromera.com\/tl_files\/activitatsdigitals\/capicua_1c_PF\/CAPICUA1-U4-PAG61-CAS.swf\" target=\"_blank\" rel=\"noopener\">SUMAS Y RESTAS 1<\/a><\/p>\n<p><a style=\"font-size: 14px;text-align: -webkit-center\" href=\"http:\/\/bromera.com\/tl_files\/activitatsdigitals\/capicua_1c_PF\/CAPICUA1-U5-PAG13-CAS.swf\" target=\"_blank\" rel=\"noopener\">PRIMERO LAS UNIDADES<\/a><\/p>\n<p><a style=\"font-size: 14px;text-align: -webkit-center\" href=\"http:\/\/bromera.com\/tl_files\/activitatsdigitals\/capicua_1c_PF\/CAPICUA1-U10-PAG33-CAS.swf\" target=\"_blank\" rel=\"noopener\">SUMAS Y RESTAS 2<\/a><\/p>\n<p><a style=\"font-size: 14px;text-align: -webkit-center\" href=\"http:\/\/regletas.joseantoniocuadrado.com\/portada.swf\" target=\"_blank\" rel=\"noopener\">\u00c1BACOS: RESTAR (2 CIFRAS)<\/a><\/p>\n<p><a href=\"http:\/\/clic.xtec.cat\/db\/jclicApplet.jsp?project=http:\/\/clic.xtec.cat\/projects\/matesci\/jclic\/matesci.jclic.zip&amp;lang=es\" target=\"_blank\" rel=\"noopener\">Sumas y restas<\/a><\/p>\n<p><strong>Suma de dos n\u00fameros con llevadas (2 d\u00edg.)<\/strong><\/p>\n<p><a href=\"http:\/\/www.educalandia.net\/multiplicar\/sumas_llevandose_2_cifras.php\" target=\"_blank\" rel=\"noopener\">SUMA DE N\u00daMEROS DE DOS CIFRAS<\/a><\/p>\n<p><a style=\"font-size: 14px;text-align: -webkit-center\" href=\"http:\/\/www.supersaber.com\/carreraSumaResta.swf\" target=\"_blank\" rel=\"noopener\">SUMAR Y RESTAR<\/a><\/p>\n<p><a style=\"font-size: 14px;text-align: -webkit-center\" href=\"http:\/\/www.educalandia.net\/multiplicar\/sumas_llevandose_3_cifras.php\" target=\"_blank\" rel=\"noopener\">SUMAS LLEV\u00c1NDOSE DOS CIFRAS<\/a><\/p>\n<p><a style=\"font-size: 14px;text-align: -webkit-center\" href=\"http:\/\/www.crienaturavila.com\/crie_httpdocs\/mate\/suma52.html\" target=\"_blank\" rel=\"noopener\">SUMAS DE N\u00daMEROS NATURALES<\/a><\/p>\n<p><a style=\"font-size: 14px;text-align: -webkit-center\" href=\"http:\/\/genmagic.net\/repositorio\/albums\/userpics\/cliresumc.swf\" target=\"_blank\" rel=\"noopener\">SUMA: NIVEL 3<\/a><\/p>\n<p><a style=\"font-size: 14px;text-align: -webkit-center\" href=\"http:\/\/www.genmagic.org\/repositorio\/albums\/userpics\/estelmat1c.swf\" target=\"_blank\" rel=\"noopener\">CALCULAR<\/a><\/p>\n<p><a style=\"font-size: 14px;text-align: -webkit-center\" href=\"http:\/\/2633518-0.web-hosting.es\/blog\/manipulables\/numeracion\/asociasumas.swf\" target=\"_blank\" rel=\"noopener\">C\u00c1LCULO MENTAL SUMAS Y RESTAS<\/a><\/p>\n<p><a style=\"font-size: 14px;text-align: -webkit-center\" href=\"http:\/\/www.ceiploreto.es\/sugerencias\/cp.juan.de.la.cosa\/matespdi\/01\/12\/04\/011204.swf\" target=\"_blank\" rel=\"noopener\">SUMAS LLEVANDO 1<\/a><\/p>\n<p><a style=\"font-size: 14px;text-align: -webkit-center\" href=\"http:\/\/www.ceiploreto.es\/sugerencias\/A_1\/Recursosdidacticos\/PRIMERO\/datos\/02_Mates\/03_Recursos\/02_t\/actividades\/operaciones\/02.htm\" target=\"_blank\" rel=\"noopener\">SUMAS VERTICALES CON LLEVADA<\/a><\/p>\n<p><a style=\"font-size: 14px;text-align: -webkit-center\" href=\"http:\/\/primerodecarlos.com\/primerodecarlos.blogspot.com\/febrero\/primerodecarlos_sumas_llevando2.htm\" target=\"_blank\" rel=\"noopener\">SUMAS LLEVANDO 2<\/a><\/p>\n<p><a style=\"font-size: 14px;text-align: -webkit-center\" href=\"http:\/\/primerodecarlos.com\/primerodecarlos.blogspot.com\/febrero\/sumar_llevando.swf\" target=\"_blank\" rel=\"noopener\">SUMA 1<\/a><\/p>\n<p><a style=\"font-size: 14px;text-align: -webkit-center\" href=\"http:\/\/primerodecarlos.com\/primerodecarlos.blogspot.com\/febrero\/suma_llevando5.swf\" target=\"_blank\" rel=\"noopener\">SUMA 2<\/a><\/p>\n<p><span style=\"font-size: 14px\">&nbsp;<\/span><a style=\"font-size: 14px;text-align: -webkit-center\" href=\"http:\/\/primerodecarlos.com\/primerodecarlos.blogspot.com\/marzo\/coloca_y_suma.swf\" target=\"_blank\" rel=\"noopener\">COLOCA Y SUMA<\/a><\/p>\n<p><span style=\"font-size: 14px\">&nbsp;<\/span><a style=\"font-size: 14px;text-align: -webkit-center\" href=\"http:\/\/primerodecarlos.com\/primerodecarlos.blogspot.com\/abril\/sumas_llevando\/visor.swf\" target=\"_blank\" rel=\"noopener\">REALIZA<\/a><\/p>\n<p><span style=\"font-size: 14px\">&nbsp;<\/span><a style=\"font-size: 14px;text-align: -webkit-center\" href=\"http:\/\/primerodecarlos.com\/primerodecarlos.blogspot.com\/abril\/calcula_y_ordena\/visor.swf\" target=\"_blank\" rel=\"noopener\">CALCULA Y ORDENA<\/a><\/p>\n<p><span style=\"font-size: 14px\">&nbsp;<\/span><a style=\"font-size: 14px;text-align: -webkit-center\" href=\"http:\/\/primerodecarlos.com\/junio\/calcula\/visor.swf\" target=\"_blank\" rel=\"noopener\">CALCULA<\/a><\/p>\n<p><a style=\"font-size: 14px;text-align: -webkit-center\" href=\"http:\/\/regletas.joseantoniocuadrado.com\/portada.swf\" target=\"_blank\" rel=\"noopener\">\u00c1BACOS: SUMAR (2 LLEVANDO)<\/a><\/p>\n<p><strong>Suma de tres n\u00fameros con llevadas (2 d\u00edg.) Serie +9<\/strong><\/p>\n<p><a href=\"http:\/\/www.educa.jcyl.es\/educacyl\/cm\/gallery\/recursos%20edebe\/matematicas\/6_8_2\/flash.htm?numrecurso=0\" target=\"_blank\" rel=\"noopener\">\u00a1VAMOS A SUMAR TRES CANTIDADES!<\/a><\/p>\n<p><a style=\"font-size: 14px;text-align: -webkit-center\" href=\"http:\/\/www.ceiploreto.es\/sugerencias\/A_1\/Recursosdidacticos\/PRIMERO\/datos\/02_Mates\/03_Recursos\/03_t\/actividades\/operaciones\/04.htm\" target=\"_blank\" rel=\"noopener\">SUMA DE TRES SUMANDOS CON LLEVADAS<\/a><\/p>\n<p><a style=\"font-size: 14px;text-align: -webkit-center\" href=\"http:\/\/primerodecarlos.com\/primerodecarlos.blogspot.com\/abril\/suma_3_sumandos_2\/visor.swf\" target=\"_blank\" rel=\"noopener\">COLOCA Y SUMA<\/a><\/p>\n<p><a style=\"font-size: 14px;text-align: -webkit-center\" href=\"http:\/\/primerodecarlos.com\/primerodecarlos.blogspot.com\/abril\/suma_tres_numeros_final\/visor.swf\" target=\"_blank\" rel=\"noopener\">SUMA 1<\/a><\/p>\n<p><a style=\"font-size: 14px;text-align: -webkit-center\" href=\"http:\/\/primerodecarlos.com\/mayo\/tres_sumandos_8\/visor.swf\" target=\"_blank\" rel=\"noopener\">SUMA 2<\/a><\/p>\n<p><a style=\"font-size: 14px;text-align: -webkit-center\" href=\"http:\/\/primerodecarlos.com\/mayo\/coloca_y_realiza2.swf\" target=\"_blank\" rel=\"noopener\">COLOCA Y REALIZA<\/a><\/p>\n<p><a style=\"font-size: 14px;text-align: -webkit-center\" href=\"http:\/\/ntic.educacion.es\/w3\/eos\/MaterialesEducativos\/mem2008\/matematicas_primaria\/numeracion\/operaciones\/seriesgeneral.swf\" target=\"_blank\" rel=\"noopener\">SERIES ARITM\u00c9TICAS 1<\/a><\/p>\n<p><strong>Figuras geom\u00e9tricas planas (tri\u00e1ngulo, cuadrado, rect\u00e1ngulo, circunferencia y c\u00edrculo)<\/strong><\/p>\n<p><a href=\"http:\/\/www.ceiploreto.es\/sugerencias\/cp.juan.de.la.cosa\/matespdi\/01\/14\/04\/011404.swf\" target=\"_blank\" rel=\"noopener\">POL\u00cdGONOS<\/a><\/p>\n<p><a style=\"font-size: 14px;text-align: -webkit-center\" href=\"http:\/\/primerodecarlos.com\/mayo\/Aprende_trian_cuadrilat\/visor.swf\" target=\"_blank\" rel=\"noopener\">APRENDE<\/a><\/p>\n<p><a style=\"font-size: 14px;text-align: -webkit-center\" href=\"http:\/\/primerodecarlos.com\/mayo\/triangulos_cuadrilateros_1\/visor.swf\" target=\"_blank\" rel=\"noopener\">COMPLETA<\/a><\/p>\n<p><a style=\"font-size: 14px;text-align: -webkit-center\" href=\"http:\/\/primerodecarlos.com\/mayo\/primerodecarlos_blogspot_TRIANGULOS_CUADRILATEROS.htm\" target=\"_blank\" rel=\"noopener\">RECT\u00c1NGULOS Y TRI\u00c1NGULOS<\/a><\/p>\n<p><a style=\"font-size: 14px;text-align: -webkit-center\" href=\"http:\/\/primerodecarlos.com\/mayo\/triangulos_cuadrilateors_3\/visor.swf\" target=\"_blank\" rel=\"noopener\">COLOREA<\/a><\/p>\n<p><a style=\"font-size: 14px;text-align: -webkit-center\" href=\"http:\/\/primerodecarlos.com\/mayo\/triangulos_cuadrilateors_3\/poligonos\/visor.swf\" target=\"_blank\" rel=\"noopener\">INDICA CU\u00c1NTOS POL\u00cdGONOS HAY<\/a><\/p>\n<p><a style=\"font-size: 14px;text-align: -webkit-center\" href=\"http:\/\/primerodecarlos.com\/junio\/poligonos\/visor.swf\" target=\"_blank\" rel=\"noopener\">RELACIONA<\/a><\/p>\n<p><a style=\"font-size: 14px;text-align: -webkit-center\" href=\"http:\/\/www.genmagic.org\/repositorio\/albums\/userpics\/formas2c.swf\" target=\"_blank\" rel=\"noopener\">CUENTA FIGURAS<\/a><\/p>\n<p><a style=\"font-size: 14px\" href=\"http:\/\/www.genmagic.org\/repositorio\/albums\/userpics\/pintf2c.swf\" target=\"_blank\" rel=\"noopener\">PINTA FIGURAS &#8211; 2<\/a><\/p>\n<p><strong>Cubo y esfera<\/strong><\/p>\n<p><a href=\"http:\/\/bromera.com\/tl_files\/activitatsdigitals\/capicua_1c_PF\/CAPICUA1-U12-PAG52-CAS.swf\" target=\"_blank\" rel=\"noopener\">LA ESFERA Y EL CUBO<\/a><\/p>\n<p><strong>Resuelve problemas<\/strong><\/p>\n<p><a href=\"http:\/\/www.primaria.librosvivos.net\/archivosCMS\/3\/3\/16\/usuarios\/103294\/9\/1epmatcp_ud10_a2_cas\/carcasa.swf\" target=\"_blank\" rel=\"noopener\">RESUELVO PROBLEMAS<\/a><\/p>\n<p><a style=\"font-size: 14px;text-align: -webkit-center\" href=\"http:\/\/www.primaria.librosvivos.net\/archivosCMS\/3\/3\/16\/usuarios\/103294\/9\/1epmatcp_ud10_ap_cas\/actividad.swf\" target=\"_blank\" rel=\"noopener\">APRENDO A PENSAR<\/a><\/p>\n<p><a style=\"font-size: 14px;text-align: -webkit-center\" href=\"http:\/\/2633518-0.web-hosting.es\/blog\/manipulables\/numeracion\/ilustrasuma.swf\" target=\"_blank\" rel=\"noopener\">ILUSTRA SUMA Y RESTA<\/a><\/p>\n<p><a style=\"font-size: 14px;text-align: -webkit-center\" href=\"http:\/\/primerodecarlos.com\/primerodecarlos.blogspot.com\/enero\/problema.swf\" target=\"_blank\" rel=\"noopener\">PROBLEMA 1<\/a><\/p>\n<p><a style=\"font-size: 14px;text-align: -webkit-center\" href=\"http:\/\/primerodecarlos.com\/mayo\/PROBLEMA1\/visor.swf\" target=\"_blank\" rel=\"noopener\">PROBLEMA 2<\/a><\/p>\n<p><a style=\"font-size: 14px;text-align: -webkit-center\" href=\"http:\/\/primerodecarlos.com\/mayo\/problema.swf\" target=\"_blank\" rel=\"noopener\">PROBLEMA 3<\/a><\/p>\n<p><a style=\"font-size: 14px;text-align: -webkit-center\" href=\"http:\/\/bromera.com\/tl_files\/activitatsdigitals\/capicua_1c_PF\/CAPICUA1-U12-PAG58-CAS.swf\" target=\"_blank\" rel=\"noopener\">VAMOS A LA FERIA<\/a><\/p>\n<p><a style=\"font-size: 14px\" href=\"http:\/\/2633518-0.web-hosting.es\/blog\/manipulables\/problemas\/animados\/problemas_cambio_asistidos.html\" target=\"_blank\" rel=\"noopener\">PROBLEMAS ADITIVOS DE CAMBIO<\/a><\/p>\n<p><a href=\"http:\/\/www.primaria.librosvivos.net\/archivosCMS\/3\/3\/16\/usuarios\/103294\/9\/mate1ep_ud14_e_cas\/carcasa.swf\" target=\"_blank\" rel=\"noopener\">REPASO<\/a><\/p>\n","protected":false},"excerpt":{"rendered":"<p>&nbsp;Clase de dibujo N\u00fameros ordinales. Serie +11 LOS ORDINALES 1 UNE SEG\u00daN CORRESPONDA LEE Y CONTESTA ORDINALES 1 1\u00ba &#8211; 2\u00ba &#8211; 3\u00ba&#8230; N\u00daMEROS ORDINALES UN POCO DE ORDEN APRENDO A PENSAR APRENDE LOS ORDINALES 2 ORDINALES 2 N\u00daMEROS ORDINALES LA CARRERA DE CARACOLES COMPLETA SERIES ARITM\u00c9TICAS 1 IDENTIFICAR N\u00daMEROS ORDINALES Resta de n\u00fameros de &hellip; <\/p>\n<p><a class=\"more-link btn\" href=\"https:\/\/blogsaverroes.juntadeandalucia.es\/ceipaznaitin\/matematicas-1o-tema-9\/\">Seguir leyendo<\/a><\/p>\n","protected":false},"author":2805,"featured_media":0,"parent":0,"menu_order":0,"comment_status":"closed","ping_status":"closed","template":"","meta":{"ngg_post_thumbnail":0,"footnotes":"","_mc_calendar":[]},"aioseo_notices":[],"_links":{"self":[{"href":"https:\/\/blogsaverroes.juntadeandalucia.es\/ceipaznaitin\/wp-json\/wp\/v2\/pages\/4121"}],"collection":[{"href":"https:\/\/blogsaverroes.juntadeandalucia.es\/ceipaznaitin\/wp-json\/wp\/v2\/pages"}],"about":[{"href":"https:\/\/blogsaverroes.juntadeandalucia.es\/ceipaznaitin\/wp-json\/wp\/v2\/types\/page"}],"author":[{"embeddable":true,"href":"https:\/\/blogsaverroes.juntadeandalucia.es\/ceipaznaitin\/wp-json\/wp\/v2\/users\/2805"}],"replies":[{"embeddable":true,"href":"https:\/\/blogsaverroes.juntadeandalucia.es\/ceipaznaitin\/wp-json\/wp\/v2\/comments?post=4121"}],"version-history":[{"count":15,"href":"https:\/\/blogsaverroes.juntadeandalucia.es\/ceipaznaitin\/wp-json\/wp\/v2\/pages\/4121\/revisions"}],"predecessor-version":[{"id":4138,"href":"https:\/\/blogsaverroes.juntadeandalucia.es\/ceipaznaitin\/wp-json\/wp\/v2\/pages\/4121\/revisions\/4138"}],"wp:attachment":[{"href":"https:\/\/blogsaverroes.juntadeandalucia.es\/ceipaznaitin\/wp-json\/wp\/v2\/media?parent=4121"}],"curies":[{"name":"wp","href":"https:\/\/api.w.org\/{rel}","templated":true}]}}