{"id":4180,"date":"2018-02-20T11:55:04","date_gmt":"2018-02-20T09:55:04","guid":{"rendered":"http:\/\/blogsaverroes.juntadeandalucia.es\/ceipaznaitin\/?page_id=4180"},"modified":"2018-02-20T12:08:33","modified_gmt":"2018-02-20T10:08:33","slug":"matematicas-3o-tema-9","status":"publish","type":"page","link":"https:\/\/blogsaverroes.juntadeandalucia.es\/ceipaznaitin\/matematicas-3o-tema-9\/","title":{"rendered":"Matem\u00e1ticas 3\u00ba Tema 9"},"content":{"rendered":"<p><strong>Tiempo y dinero<\/strong><\/p>\n<p><strong>Contenidos previos<\/strong><\/p>\n<p><a href=\"http:\/\/www.ceipjuanherreraalcausa.es\/Recursosdidacticos\/ANAYA%20DIGITAL\/TERCERO\/Matematicas\/p_117_antigua_nn\/index.html\" target=\"_blank\" rel=\"noopener\">EL CALENDARIO<\/a><\/p>\n<p><a href=\"http:\/\/www.genmagic.org\/mates2\/reloj_cas.swf\" target=\"_blank\" rel=\"noopener\">PR\u00c1CTICA DE LAS HORAS DIGITALES<\/a><\/p>\n<p><a href=\"http:\/\/agrega.juntadeandalucia.es\/repositorio\/26032010\/43\/es-an_2010032613_9081245\/index.html\" target=\"_blank\" rel=\"noopener\">EL TIEMPO<\/a><\/p>\n<p><a href=\"http:\/\/agrega2.red.es\/\/repositorio\/25012010\/17\/es_2007073113_0230600\/index.html\" target=\"_blank\" rel=\"noopener\">EL TIEMPO<\/a><\/p>\n<p><strong>El calendario<\/strong><\/p>\n<p><a href=\"http:\/\/calasanz.edu.gva.es\/7_ejercicios\/matematicas\/mate3pri\/10_tiempo01.html\" target=\"_blank\" rel=\"noopener\">EL CALENDARIO Y LA HORA<\/a><\/p>\n<p><a style=\"font-size: 14px;text-align: -webkit-center\" href=\"http:\/\/www.ceiploreto.es\/sugerencias\/A_1\/Recursosdidacticos\/TERCERO\/datos\/03_mates\/U10\/02.htm\" target=\"_blank\" rel=\"noopener\">EL CALENDARIO I<\/a><\/p>\n<p><a style=\"font-size: 14px;text-align: -webkit-center\" href=\"http:\/\/www.ceipjuanherreraalcausa.es\/Recursosdidacticos\/ANAYA%20DIGITAL\/TERCERO\/Matematicas\/p_117_antigua_nn\/index.html\" target=\"_blank\" rel=\"noopener\">EL CALENDARIO II<\/a><\/p>\n<p><a style=\"font-size: 14px;text-align: -webkit-center\" href=\"http:\/\/www.ceipjuanherreraalcausa.es\/Recursosdidacticos\/ANAYA%20DIGITAL\/TERCERO\/Matematicas\/p113nnn\/index.html\" target=\"_blank\" rel=\"noopener\">ME EXPRESO<\/a><\/p>\n<p><strong>Horas, minutos y segundos<\/strong><\/p>\n<p><a href=\"http:\/\/www.primaria.librosvivos.net\/archivosCMS\/3\/3\/16\/usuarios\/103294\/9\/3EP_mate_ud10_losminutos\/frame_prim.swf\" target=\"_blank\" rel=\"noopener\">LOS MINUTOS<\/a><\/p>\n<p><a style=\"font-size: 14px;text-align: -webkit-center\" href=\"http:\/\/conteni2.educarex.es\/mats\/11372\/contenido\/index2.html\" target=\"_blank\" rel=\"noopener\">TIEMPO I<\/a><\/p>\n<p><a style=\"font-size: 14px;text-align: -webkit-center\" href=\"http:\/\/cerezo.pntic.mec.es\/maria8\/bimates\/medidas\/horaslim\/enteras.html\" target=\"_blank\" rel=\"noopener\">LAS HORAS<\/a><\/p>\n<p><a style=\"font-size: 14px;text-align: -webkit-center\" href=\"http:\/\/www.ceiploreto.es\/sugerencias\/juntadeandalucia\/Mis_primeras_lecciones\/hora\/hora.html\" target=\"_blank\" rel=\"noopener\">\u00bfQU\u00c9 HORA ES?<\/a><\/p>\n<p><a style=\"font-size: 14px;text-align: -webkit-center\" href=\"http:\/\/www.eltanquematematico.es\/todo_mate\/reloj\/reloj_p.html\" target=\"_blank\" rel=\"noopener\">LECTURA DE LA HORA<\/a><\/p>\n<p><a style=\"font-size: 14px;text-align: -webkit-center\" href=\"http:\/\/www.genmagic.org\/mates2\/reloj_cas.swf\" target=\"_blank\" rel=\"noopener\">PR\u00c1CTICA DE LAS HORAS DIGITALES<\/a><\/p>\n<p><a style=\"font-size: 14px;text-align: -webkit-center\" href=\"http:\/\/www.ceiploreto.es\/sugerencias\/A_1\/Recursosdidacticos\/TERCERO\/datos\/03_mates\/U10\/01.htm\" target=\"_blank\" rel=\"noopener\">EL RELOJ<\/a><\/p>\n<p><a style=\"font-size: 14px\" href=\"http:\/\/www.ceiploreto.es\/sugerencias\/cplosangeles.juntaextremadura.net\/web\/curso_3\/matematicas\/reloj_3\/reloj_3.html\" target=\"_blank\" rel=\"noopener\">EL RELOJ II<\/a><\/p>\n<p><a style=\"font-size: 14px;text-align: -webkit-center\" href=\"http:\/\/www.ceiploreto.es\/sugerencias\/cplosangeles.juntaextremadura.net\/web\/curso_3\/matematicas\/tiempo_3\/tiempo_3.html\" target=\"_blank\" rel=\"noopener\">UNIDADES DE TIEMPO<\/a><\/p>\n<p><a style=\"font-size: 14px\" href=\"http:\/\/www.ceiploreto.es\/sugerencias\/ecuador\/matematicas\/3_horas_y_minutos\/index.html\" target=\"_blank\" rel=\"noopener\">HORAS Y MINUTOS<\/a><\/p>\n<p><a style=\"font-size: 14px;text-align: -webkit-center\" href=\"http:\/\/www.ceipjuanherreraalcausa.es\/Recursosdidacticos\/ANAYA%20DIGITAL\/TERCERO\/Matematicas\/p135\/index.html\" target=\"_blank\" rel=\"noopener\">PIENSA UN POCO<\/a><\/p>\n<p><a style=\"font-size: 14px;text-align: -webkit-center\" href=\"http:\/\/www.ceiploreto.es\/sugerencias\/tic2.sepdf.gob.mx\/scorm\/oas\/mat\/tercero\/43\/intro.swf\" target=\"_blank\" rel=\"noopener\">DESCUBRAMOS QU\u00c9 HORA ES<\/a><\/p>\n<p><a style=\"font-size: 14px;text-align: -webkit-center\" href=\"http:\/\/bromera.com\/tl_files\/activitatsdigitals\/Capicua_3c_PF\/cas_C3_u07_43_2_rellotges.swf\" target=\"_blank\" rel=\"noopener\">PON LOS RELOJES EN LA HORA INDICADA<\/a><\/p>\n<p><a style=\"font-size: 14px;text-align: -webkit-center\" href=\"http:\/\/cerezo.pntic.mec.es\/maria8\/bimates\/medidas\/tiempo\/tiempo.html\" target=\"_blank\" rel=\"noopener\">TIEMPO II<\/a><\/p>\n<p><a href=\"http:\/\/clic.xtec.cat\/db\/jclicApplet.jsp?project=http:\/\/clic.xtec.cat\/projects\/elreloj\/jclic\/elreloj.jclic.zip&amp;lang=es&amp;title=El+reloj.+Interpretaci%C3%B3n+de+las+horas+del+reloj\" target=\"_blank\" rel=\"noopener\">El reloj<\/a><\/p>\n<p><a href=\"http:\/\/clic.xtec.cat\/db\/jclicApplet.jsp?project=http:\/\/clic.xtec.cat\/projects\/horas\/jclic\/horas.jclic.zip&amp;lang=es&amp;title=Las+horas+del+reloj\" target=\"_blank\" rel=\"noopener\">Las horas del reloj<\/a><\/p>\n<p><strong>Monedas y billetes<\/strong><\/p>\n<p><a href=\"http:\/\/www.ceiploreto.es\/sugerencias\/juntadeandalucia\/Monedero_euro\/index.html\" target=\"_blank\" rel=\"noopener\">EL MONEDERO DEL EURO<\/a><\/p>\n<p><a style=\"font-size: 14px;text-align: -webkit-center\" href=\"http:\/\/www.eltanquematematico.es\/pizarradigital\/NumDec5\/mas_actividades\/mercado\/mercado_p.html\" target=\"_blank\" rel=\"noopener\">EL EURO Y LOS N\u00daMEROS<\/a><\/p>\n<p><a style=\"font-size: 14px;text-align: -webkit-center\" href=\"http:\/\/genmagic.net\/repositorio\/displayimage.php?pos=-171\" target=\"_blank\" rel=\"noopener\">LLENANDO LA HUCHA<\/a><\/p>\n<p><a style=\"font-size: 14px;text-align: -webkit-center\" href=\"http:\/\/www.genmagic.org\/repositorio\/albums\/userpics\/banfrut1c.swf\" target=\"_blank\" rel=\"noopener\">EL CONTENIDO DE LAS BANDEJAS<\/a><\/p>\n<p><a style=\"font-size: 14px;text-align: -webkit-center\" href=\"http:\/\/ntic.educacion.es\/w3\/eos\/MaterialesEducativos\/mem2008\/matematicas_primaria\/problemas\/repartomonedas.swf\" target=\"_blank\" rel=\"noopener\">CAMBIO Y REPARTO MONEDAS<\/a><\/p>\n<p><a style=\"font-size: 14px;text-align: -webkit-center\" href=\"http:\/\/www.educa.jcyl.es\/educacyl\/cm\/zonaalumnos\/tkPopUp?pgseed=1168680284241&amp;idContent=20738&amp;locale=es_ES&amp;textOnly=false\" target=\"_blank\" rel=\"noopener\">REBAJAS<\/a><\/p>\n<p><a style=\"font-size: 14px;text-align: -webkit-center\" href=\"http:\/\/www.ceiploreto.es\/sugerencias\/averroes\/ceip_san_rafael\/FRUTERIA\/index.htm\" target=\"_blank\" rel=\"noopener\">FRUTER\u00cdA<\/a><\/p>\n<p><a style=\"font-size: 14px;text-align: -webkit-center\" href=\"http:\/\/www.ceiploreto.es\/sugerencias\/cplosangeles.juntaextremadura.net\/web\/curso_3\/matematicas\/monedas_3\/monedas_3.html\" target=\"_blank\" rel=\"noopener\">TRABAJAMOS CON DINERO<\/a><\/p>\n<p><a style=\"font-size: 14px;text-align: -webkit-center\" href=\"http:\/\/www.genmagic.org\/repositorio\/albums\/userpics\/compcent2c.swf\" target=\"_blank\" rel=\"noopener\">CUENTA C\u00c9NTIMOS &#8211; 2<\/a><\/p>\n<p><a style=\"font-size: 14px;text-align: -webkit-center\" href=\"http:\/\/www.ceipjuanherreraalcausa.es\/Recursosdidacticos\/ANAYA%20DIGITAL\/TERCERO\/Matematicas\/p105dn\/index.html\" target=\"_blank\" rel=\"noopener\">ACTIVIDADES CON EUROS Y C\u00c9NTIMOS<\/a><\/p>\n<p><a style=\"font-size: 14px;text-align: -webkit-center\" href=\"http:\/\/www.ceiploreto.es\/sugerencias\/juntadeandalucia\/Trabajando_el_euro\/index.htm\" target=\"_blank\" rel=\"noopener\">TRABAJANDO EL EURO<\/a><\/p>\n<p><a style=\"font-size: 14px;text-align: -webkit-center\" href=\"http:\/\/www.ceiploreto.es\/sugerencias\/juntadeandalucia\/Mis_primeras_lecciones\/precio\/precio.html\" target=\"_blank\" rel=\"noopener\">\u00bfCU\u00c1NTO VALE?<\/a><\/p>\n<p><a style=\"font-size: 14px;text-align: -webkit-center\" href=\"http:\/\/regletas.joseantoniocuadrado.com\/portada.swf\" target=\"_blank\" rel=\"noopener\">\u00c1BACOS: REPRESENTAR N\u00daMEROS (EUROS)<\/a><\/p>\n<p><a href=\"http:\/\/clic.xtec.cat\/db\/jclicApplet.jsp?project=http:\/\/clic.xtec.cat\/projects\/euro6\/jclic\/euro6.jclic.zip&amp;lang=es&amp;title=El+Euro\" target=\"_blank\" rel=\"noopener\">El euro<\/a><\/p>\n<p><a href=\"http:\/\/clic.xtec.cat\/db\/jclicApplet.jsp?project=http:\/\/clic.xtec.cat\/projects\/espeuros\/jclic\/espeuros.jclic.zip&amp;lang=es&amp;title=Euros\" target=\"_blank\" rel=\"noopener\">Euros<\/a><\/p>\n<p><strong>\u00a1Sin problemas!<\/strong><\/p>\n<p><a href=\"http:\/\/www.primaria.librosvivos.net\/archivosCMS\/3\/3\/16\/usuarios\/103294\/9\/3EP_mate_ud10_faltandatos\/frame_prim.swf\" target=\"_blank\" rel=\"noopener\">CONSULTAR LOS DATOS QUE FALTAN<\/a><\/p>\n<p><a style=\"font-size: 14px;text-align: -webkit-center\" href=\"http:\/\/www.ceiploreto.es\/sugerencias\/agrega-2curso\/Aplicacion_del_calculo_a_la_resolucion\/contenido\/ma003\/ma003_oa05\/index_es.html\" target=\"_blank\" rel=\"noopener\">APLICACI\u00d3N DEL C\u00c1LCULO A LA RESOLUCI\u00d3N DE PROBLEMAS<\/a><\/p>\n<p><a style=\"font-size: 14px;text-align: -webkit-center\" href=\"http:\/\/www.ceipjuanherreraalcausa.es\/Recursosdidacticos\/ANAYA%20DIGITAL\/TERCERO\/Matematicas\/interactiva_p99nn\/index.html\" target=\"_blank\" rel=\"noopener\">LAS MONEDAS<\/a><\/p>\n<p><a style=\"font-size: 14px;text-align: -webkit-center\" href=\"http:\/\/bromera.com\/tl_files\/activitatsdigitals\/Capicua_3c_PF\/cas_C3_u10_23_5_euros.swf\" target=\"_blank\" rel=\"noopener\">PAGAR CON EUROS I<\/a><\/p>\n<p><a style=\"font-size: 14px;text-align: -webkit-center\" href=\"http:\/\/bromera.com\/tl_files\/activitatsdigitals\/Capicua_3c_PF\/cas_C3_u12_54_4_problemes.swf\" target=\"_blank\" rel=\"noopener\">SIN L\u00c1PIZ NI PAPEL<\/a><\/p>\n<p><a style=\"font-size: 14px;text-align: -webkit-center\" href=\"http:\/\/bromera.com\/tl_files\/activitatsdigitals\/Capicua_3c_PF\/cas_C3_u12_55_1_euros.swf\" target=\"_blank\" rel=\"noopener\">PAGAR CON EUROS II<\/a><\/p>\n<p><a style=\"font-size: 14px;text-align: -webkit-center\" href=\"http:\/\/www.primaria.librosvivos.net\/archivosCMS\/3\/3\/16\/usuarios\/103294\/9\/3epmac2_ud8_rpb01\/carcasa.swf\" target=\"_blank\" rel=\"noopener\">RESUELVE PROBLEMAS<\/a><\/p>\n<p><strong>Sumar y restar decenas exactas a n\u00fameros de dos, tres y cuatro cifras<\/strong><\/p>\n<p><a href=\"http:\/\/www.eltanquematematico.es\/operatoria1\/operatoria_1_p.html\" target=\"_blank\" rel=\"noopener\">6.- SUMAR DECENAS COMPLETAS A N\u00daMEROS DE 3 CIFRAS<\/a>&nbsp;<\/p>\n<p><a href=\"http:\/\/hortamajor.edu.gva.es\/pruebas_calculo21\/calculo\/calculo3.swf\" target=\"_blank\" rel=\"noopener\">SUMAS 1: SUMAR DECENAS<\/a><\/p>\n<p><a href=\"http:\/\/hortamajor.edu.gva.es\/pruebas_calculo21\/calculo\/calculo3.swf\" target=\"_blank\" rel=\"noopener\">RESTAS 1: RESTAR DECENAS<\/a><\/p>\n<p><a href=\"http:\/\/www.testeando.es\/test.asp?idA=65&amp;idT=goqrnahd\" target=\"_blank\" rel=\"noopener\">TEST: TIEMPO Y DINERO<\/a><\/p>\n<p><a href=\"http:\/\/www.primaria.librosvivos.net\/actividades\/flashActividadesPrimariaPub\/examen.swf?idejecucion=2004\" target=\"_blank\" rel=\"noopener\">AUTOEVALUACI\u00d3N DE LA UNIDAD<\/a><\/p>\n","protected":false},"excerpt":{"rendered":"<p>Tiempo y dinero Contenidos previos EL CALENDARIO PR\u00c1CTICA DE LAS HORAS DIGITALES EL TIEMPO EL TIEMPO El calendario EL CALENDARIO Y LA HORA EL CALENDARIO I EL CALENDARIO II ME EXPRESO Horas, minutos y segundos LOS MINUTOS TIEMPO I LAS HORAS \u00bfQU\u00c9 HORA ES? LECTURA DE LA HORA PR\u00c1CTICA DE LAS HORAS DIGITALES EL RELOJ &hellip; <\/p>\n<p><a class=\"more-link btn\" href=\"https:\/\/blogsaverroes.juntadeandalucia.es\/ceipaznaitin\/matematicas-3o-tema-9\/\">Seguir leyendo<\/a><\/p>\n","protected":false},"author":2805,"featured_media":0,"parent":0,"menu_order":0,"comment_status":"closed","ping_status":"closed","template":"","meta":{"ngg_post_thumbnail":0,"footnotes":"","_mc_calendar":[]},"aioseo_notices":[],"_links":{"self":[{"href":"https:\/\/blogsaverroes.juntadeandalucia.es\/ceipaznaitin\/wp-json\/wp\/v2\/pages\/4180"}],"collection":[{"href":"https:\/\/blogsaverroes.juntadeandalucia.es\/ceipaznaitin\/wp-json\/wp\/v2\/pages"}],"about":[{"href":"https:\/\/blogsaverroes.juntadeandalucia.es\/ceipaznaitin\/wp-json\/wp\/v2\/types\/page"}],"author":[{"embeddable":true,"href":"https:\/\/blogsaverroes.juntadeandalucia.es\/ceipaznaitin\/wp-json\/wp\/v2\/users\/2805"}],"replies":[{"embeddable":true,"href":"https:\/\/blogsaverroes.juntadeandalucia.es\/ceipaznaitin\/wp-json\/wp\/v2\/comments?post=4180"}],"version-history":[{"count":12,"href":"https:\/\/blogsaverroes.juntadeandalucia.es\/ceipaznaitin\/wp-json\/wp\/v2\/pages\/4180\/revisions"}],"predecessor-version":[{"id":4194,"href":"https:\/\/blogsaverroes.juntadeandalucia.es\/ceipaznaitin\/wp-json\/wp\/v2\/pages\/4180\/revisions\/4194"}],"wp:attachment":[{"href":"https:\/\/blogsaverroes.juntadeandalucia.es\/ceipaznaitin\/wp-json\/wp\/v2\/media?parent=4180"}],"curies":[{"name":"wp","href":"https:\/\/api.w.org\/{rel}","templated":true}]}}