{"id":4195,"date":"2018-02-20T12:08:56","date_gmt":"2018-02-20T10:08:56","guid":{"rendered":"http:\/\/blogsaverroes.juntadeandalucia.es\/ceipaznaitin\/?page_id=4195"},"modified":"2018-02-20T12:21:37","modified_gmt":"2018-02-20T10:21:37","slug":"matematicas-4o-tema-9","status":"publish","type":"page","link":"https:\/\/blogsaverroes.juntadeandalucia.es\/ceipaznaitin\/matematicas-4o-tema-9\/","title":{"rendered":"Matem\u00e1ticas 4\u00ba Tema 9"},"content":{"rendered":"<p><strong>Dinero y tiempo<\/strong><\/p>\n<p><strong>Contenidos previos<\/strong><\/p>\n<p><a href=\"http:\/\/www.ceiploreto.es\/sugerencias\/juntadeandalucia\/Monedero_euro\/index.html\" target=\"_blank\" rel=\"noopener\">EL MONEDERO DEL EURO<\/a><\/p>\n<p><a style=\"font-size: 14px;text-align: -webkit-center\" href=\"http:\/\/www.eltanquematematico.es\/pizarradigital\/NumDec5\/mas_actividades\/mercado\/mercado_p.html\" target=\"_blank\" rel=\"noopener\">EL EURO Y LOS N\u00daMEROS<\/a><\/p>\n<p><a style=\"font-size: 14px;text-align: -webkit-center\" href=\"http:\/\/genmagic.net\/repositorio\/displayimage.php?pos=-171\" target=\"_blank\" rel=\"noopener\">LLENANDO LA HUCHA<\/a><\/p>\n<p><a style=\"font-size: 14px;text-align: -webkit-center\" href=\"http:\/\/www.genmagic.org\/repositorio\/albums\/userpics\/banfrut1c.swf\" target=\"_blank\" rel=\"noopener\">EL CONTENIDO DE LAS BANDEJAS<\/a><\/p>\n<p><a style=\"font-size: 14px;text-align: -webkit-center\" href=\"http:\/\/ntic.educacion.es\/w3\/eos\/MaterialesEducativos\/mem2008\/matematicas_primaria\/problemas\/repartomonedas.swf\" target=\"_blank\" rel=\"noopener\">CAMBIO Y REPARTO MONEDAS<\/a><\/p>\n<p><a style=\"font-size: 14px;text-align: -webkit-center\" href=\"http:\/\/www.educa.jcyl.es\/educacyl\/cm\/zonaalumnos\/tkPopUp?pgseed=1168680284241&amp;idContent=20738&amp;locale=es_ES&amp;textOnly=false\" target=\"_blank\" rel=\"noopener\">REBAJAS<\/a><\/p>\n<p><a style=\"font-size: 14px;text-align: -webkit-center\" href=\"http:\/\/www.ceiploreto.es\/sugerencias\/averroes\/ceip_san_rafael\/FRUTERIA\/index.htm\" target=\"_blank\" rel=\"noopener\">FRUTER\u00cdA<\/a><\/p>\n<p><a style=\"font-size: 14px;text-align: -webkit-center\" href=\"http:\/\/www.ceiploreto.es\/sugerencias\/cplosangeles.juntaextremadura.net\/web\/curso_3\/matematicas\/monedas_3\/monedas_3.html\" target=\"_blank\" rel=\"noopener\">TRABAJAMOS CON DINERO<\/a><\/p>\n<p><a style=\"font-size: 14px;text-align: -webkit-center\" href=\"http:\/\/www.genmagic.org\/repositorio\/albums\/userpics\/compcent2c.swf\" target=\"_blank\" rel=\"noopener\">CUENTA C\u00c9NTIMOS &#8211; 2<\/a><\/p>\n<p><a style=\"font-size: 14px;text-align: -webkit-center\" href=\"http:\/\/www.ceiploreto.es\/sugerencias\/ceipchanopinheiro\/1\/monedas_euros\/monedas1.html\" target=\"_blank\" rel=\"noopener\">MONEDAS &#8211; EUROS<\/a><\/p>\n<p><a style=\"font-size: 14px;text-align: -webkit-center\" href=\"http:\/\/www.ceipjuanherreraalcausa.es\/Recursosdidacticos\/ANAYA%20DIGITAL\/TERCERO\/Matematicas\/p105dn\/index.html\" target=\"_blank\" rel=\"noopener\">ACTIVIDADES CON EUROS Y C\u00c9NTIMOS<\/a><\/p>\n<p><a style=\"font-size: 14px;text-align: -webkit-center\" href=\"http:\/\/www.ceiploreto.es\/sugerencias\/juntadeandalucia\/Trabajando_el_euro\/index.htm\" target=\"_blank\" rel=\"noopener\">TRABAJANDO EL EURO<\/a><\/p>\n<p><a style=\"font-size: 14px;text-align: -webkit-center\" href=\"http:\/\/www.ceiploreto.es\/sugerencias\/juntadeandalucia\/Mis_primeras_lecciones\/precio\/precio.html\" target=\"_blank\" rel=\"noopener\">\u00bfCU\u00c1NTO VALE?<\/a><\/p>\n<p><a style=\"font-size: 14px;text-align: -webkit-center\" href=\"https:\/\/4fbd4fdfeeecd14c4f147d803bafa8000e3f4be1.googledrive.com\/host\/0B1Vgtb2eYp9SdFY1d3pyT3hnRGs\/\" target=\"_blank\" rel=\"noopener\">MONEDAS Y BILLETES<\/a><\/p>\n<p><a style=\"font-size: 14px;text-align: -webkit-center\" href=\"http:\/\/regletas.joseantoniocuadrado.com\/portada.swf\" target=\"_blank\" rel=\"noopener\">\u00c1BACOS: REPRESENTAR N\u00daMEROS (EUROS)<\/a><span style=\"font-size: 14px;text-align: -webkit-center\">&nbsp;<\/span><\/p>\n<p><a style=\"font-size: 14px;text-align: -webkit-center\" href=\"http:\/\/www.ceipjuanherreraalcausa.es\/Recursosdidacticos\/ANAYA%20DIGITAL\/TERCERO\/Matematicas\/p113nnn\/index.html\" target=\"_blank\" rel=\"noopener\">ME EXPRESO<\/a><\/p>\n<p><a style=\"font-size: 14px;text-align: -webkit-center\" href=\"http:\/\/www.ceipjuanherreraalcausa.es\/Recursosdidacticos\/ANAYA%20DIGITAL\/TERCERO\/Matematicas\/p_117_antigua_nn\/index.html\" target=\"_blank\" rel=\"noopener\">EL CALENDARIO<\/a><\/p>\n<p><a style=\"font-size: 14px;text-align: -webkit-center\" href=\"http:\/\/www.ceiploreto.es\/sugerencias\/A_1\/Recursosdidacticos\/TERCERO\/datos\/03_mates\/U10\/01.htm\" target=\"_blank\" rel=\"noopener\">EL RELOJ<\/a><\/p>\n<p><span style=\"font-size: 14px;text-align: -webkit-center\">REPASO:&nbsp;<\/span><span style=\"font-size: 14px;text-align: -webkit-center\">&nbsp;<\/span><a style=\"font-size: 14px;text-align: -webkit-center\" href=\"https:\/\/cfe9b23a644f35017ed4b6beb2087482e9e7f342.googledrive.com\/host\/0B1Vgtb2eYp9SRlRkVlliTk1VQ2s\/\" target=\"_blank\" rel=\"noopener\">1<\/a><span style=\"font-size: 14px;text-align: -webkit-center\">&nbsp;<\/span><a style=\"font-size: 14px;text-align: -webkit-center\" href=\"https:\/\/968727af79577782937fc72d498f90ac6f3ccd62.googledrive.com\/host\/0B1Vgtb2eYp9SVGpoV0pvVUtHMWM\/\" target=\"_blank\" rel=\"noopener\">2<\/a><span style=\"font-size: 14px;text-align: -webkit-center\">&nbsp;<\/span><a style=\"font-size: 14px;text-align: -webkit-center\" href=\"https:\/\/4ea5bae406a07c6ef76cd21149033f83a694a766.googledrive.com\/host\/0B1Vgtb2eYp9SWjdLRHg1Qk9UaDg\/\" target=\"_blank\" rel=\"noopener\">3<\/a><span style=\"font-size: 14px;text-align: -webkit-center\">&nbsp;<\/span><a style=\"font-size: 14px;text-align: -webkit-center\" href=\"https:\/\/2c39c36161e2a5e646931093e53fbeb24b32eef9.googledrive.com\/host\/0B1Vgtb2eYp9SMmdBQkQ1UHB0OEE\/\" target=\"_blank\" rel=\"noopener\">4<\/a><span style=\"font-size: 14px;text-align: -webkit-center\">&nbsp;<\/span><a style=\"font-size: 14px;text-align: -webkit-center\" href=\"https:\/\/f3840c5538f9e129f98fdfe606bfad3b2cf4e001.googledrive.com\/host\/0B1Vgtb2eYp9SRHNJQUwxQ002RVU\/\" target=\"_blank\" rel=\"noopener\">5<\/a><span style=\"font-size: 14px;text-align: -webkit-center\">&nbsp;<\/span><a style=\"font-size: 14px;text-align: -webkit-center\" href=\"https:\/\/900d7b1e5930b9ac80fda3a1e98fad707e36cdc1.googledrive.com\/host\/0B1Vgtb2eYp9SUWt6T0hWNzJobXM\/\" target=\"_blank\" rel=\"noopener\">6<\/a><\/p>\n<p><a href=\"http:\/\/clic.xtec.cat\/db\/jclicApplet.jsp?project=http:\/\/clic.xtec.cat\/projects\/euro6\/jclic\/euro6.jclic.zip&amp;lang=es&amp;title=El+Euro\" target=\"_blank\" rel=\"noopener\">El euro<\/a><\/p>\n<p><a href=\"http:\/\/clic.xtec.cat\/db\/jclicApplet.jsp?project=http:\/\/clic.xtec.cat\/projects\/espeuros\/jclic\/espeuros.jclic.zip&amp;lang=es&amp;title=Euros\" target=\"_blank\" rel=\"noopener\">Euros<\/a><\/p>\n<p><a href=\"http:\/\/clic.xtec.cat\/db\/jclicApplet.jsp?project=http:\/\/clic.xtec.cat\/projects\/elreloj\/jclic\/elreloj.jclic.zip&amp;lang=es&amp;title=El+reloj.+Interpretaci%C3%B3n+de+las+horas+del+reloj\" target=\"_blank\" rel=\"noopener\">El reloj<\/a><\/p>\n<p><a href=\"http:\/\/clic.xtec.cat\/db\/jclicApplet.jsp?project=http:\/\/clic.xtec.cat\/projects\/horas\/jclic\/horas.jclic.zip&amp;lang=es&amp;title=Las+horas+del+reloj\" target=\"_blank\" rel=\"noopener\">Las horas del reloj<\/a><\/p>\n<p><strong>Dinero y compras<\/strong><\/p>\n<p><a href=\"http:\/\/www.edu.xunta.es\/espazoAbalar\/sites\/espazoAbalar\/files\/datos\/1285584472\/contido\/index.html\" target=\"_blank\" rel=\"noopener\">SISTEMA MONETARIO<\/a><\/p>\n<p><a style=\"font-size: 14px;text-align: -webkit-center\" href=\"http:\/\/www.uco.es\/~ma1marea\/euro\/taller.html\" target=\"_blank\" rel=\"noopener\">EL EURO<\/a><\/p>\n<p><a style=\"font-size: 14px;text-align: -webkit-center\" href=\"http:\/\/www.primaria.librosvivos.net\/archivosCMS\/3\/3\/16\/usuarios\/103294\/9\/4EP_mate_ud8_monedasbilletes\/frame_prim.swf\" target=\"_blank\" rel=\"noopener\">MONEDAS Y BILLETES I<\/a><\/p>\n<p><a style=\"font-size: 14px;text-align: -webkit-center\" href=\"http:\/\/agrega.hezkuntza.net\/repositorio\/02032011\/ef\/es-eu_2011022013_1230516\/euro\/index.html\" target=\"_blank\" rel=\"noopener\">SD: EL SISTEMA MONETARIO, EL EURO<\/a><\/p>\n<p><a style=\"font-size: 14px;text-align: -webkit-center\" href=\"http:\/\/cerezo.pntic.mec.es\/maria8\/bimates\/medidas\/monedaslim\/centimos.html\" target=\"_blank\" rel=\"noopener\">MONEDAS<\/a><\/p>\n<p><a style=\"font-size: 14px;text-align: -webkit-center\" href=\"http:\/\/elrinconeducativo.bde.es\/juegos-actividades.html\" target=\"_blank\" rel=\"noopener\">DESCUBRE EL MUNDO DE LOS BILLETES<\/a><\/p>\n<p><a style=\"font-size: 14px;text-align: -webkit-center\" href=\"http:\/\/2633518-0.web-hosting.es\/blog\/manipulables\/problemas\/cuentabilletes.swf\" target=\"_blank\" rel=\"noopener\">LLEVO LA CUENTA MENTALMENTE<\/a><\/p>\n<p><a style=\"font-size: 14px;text-align: -webkit-center\" href=\"http:\/\/2633518-0.web-hosting.es\/blog\/manipulables\/problemas\/combiexacta.swf\" target=\"_blank\" rel=\"noopener\">ENCUENTRA LA COMBINACI\u00d3N EXACTA<\/a><\/p>\n<p><a style=\"font-size: 14px;text-align: -webkit-center\" href=\"http:\/\/2633518-0.web-hosting.es\/blog\/manipulables\/problemas\/supermercado.swf\" target=\"_blank\" rel=\"noopener\">SUPERMERCADO<\/a><\/p>\n<p><a style=\"font-size: 14px;text-align: -webkit-center\" href=\"http:\/\/2633518-0.web-hosting.es\/blog\/manipulables\/problemas\/calculayelige.swf\" target=\"_blank\" rel=\"noopener\">CALCULA Y ELIGE<\/a><\/p>\n<p><a style=\"font-size: 14px;text-align: -webkit-center\" href=\"http:\/\/2633518-0.web-hosting.es\/blog\/manipulables\/problemas\/cienproblemas.swf\" target=\"_blank\" rel=\"noopener\">100 PROBLEMAS ABIERTOS CON MONEDAS<\/a><\/p>\n<p><a style=\"font-size: 14px;text-align: -webkit-center\" href=\"http:\/\/2633518-0.web-hosting.es\/blog\/manipulables\/problemas\/compropago.swf\" target=\"_blank\" rel=\"noopener\">COMPRO PAGO ME DEVUELVEN<\/a><\/p>\n<p><a style=\"font-size: 14px;text-align: -webkit-center\" href=\"http:\/\/www.ceiploreto.es\/sugerencias\/cplosangeles.juntaextremadura.net\/web\/curso_4\/matematicas_4\/monedas_billetes_4\/monedas_billetes_4.html\" target=\"_blank\" rel=\"noopener\">MONEDAS Y BILLETES II<\/a><\/p>\n<p><a style=\"font-size: 14px;text-align: -webkit-center\" href=\"http:\/\/bromera.com\/tl_files\/activitatsdigitals\/Capicua_4c_PF\/cas_C4_u02_22_1_euros.swf\" target=\"_blank\" rel=\"noopener\">PAGAR CON EUROS<\/a><\/p>\n<p><a style=\"font-size: 14px;text-align: -webkit-center\" href=\"http:\/\/regletas.joseantoniocuadrado.com\/portada.swf\" target=\"_blank\" rel=\"noopener\">\u00c1BACOS: REPRESENTAR N\u00daMEROS (EUROS)<\/a><\/p>\n<p><a href=\"http:\/\/clic.xtec.cat\/db\/jclicApplet.jsp?project=http:\/\/clic.xtec.cat\/projects\/euroesp\/jclic\/euroesp.jclic.zip&amp;lang=es&amp;title=Euro:+%BFQu%E9+es+eso?\" target=\"_blank\" rel=\"noopener\">El euro I<\/a><\/p>\n<p><a href=\"http:\/\/clic.xtec.cat\/db\/jclicApplet.jsp?project=http:\/\/clic.xtec.cat\/projects\/eurobesp\/jclic\/eurobesp.jclic.zip&amp;lang=es&amp;title=Eurobingo\" target=\"_blank\" rel=\"noopener\">El euro II<\/a><\/p>\n<p><strong>Medidas de tiempo<\/strong><\/p>\n<p><a href=\"http:\/\/calasanz.edu.gva.es\/7_ejercicios\/matematicas\/mate3pri\/10_tiempo01.html\" target=\"_blank\" rel=\"noopener\">EL CALENDARIO Y LA HORA<\/a><\/p>\n<p><a href=\"http:\/\/clic.xtec.cat\/db\/jclicApplet.jsp?project=http:\/\/clic.xtec.cat\/projects\/diames\/jclic\/diames.jclic.zip&amp;lang=es&amp;title=D%EDas+de+la+semana+y+meses+del+a%F1o\" target=\"_blank\" rel=\"noopener\">D\u00edas y meses<\/a><\/p>\n<p><a style=\"font-size: 14px;text-align: -webkit-center\" href=\"http:\/\/www.edu.xunta.es\/espazoAbalar\/sites\/espazoAbalar\/files\/datos\/1285584844\/contido\/index.html\" target=\"_blank\" rel=\"noopener\">EL TIEMPO I<\/a><\/p>\n<p><a style=\"font-size: 14px;text-align: -webkit-center\" href=\"http:\/\/agrega.juntadeandalucia.es\/repositorio\/26032010\/43\/es-an_2010032613_9081245\/index.html\" target=\"_blank\" rel=\"noopener\">EL TIEMPO II<\/a><\/p>\n<p><a style=\"font-size: 14px;text-align: -webkit-center\" href=\"http:\/\/agrega2.red.es\/\/repositorio\/25012010\/17\/es_2007073113_0230600\/index.html\" target=\"_blank\" rel=\"noopener\">EL TIEMPO II<\/a><\/p>\n<p><a style=\"font-size: 14px;text-align: -webkit-center\" href=\"http:\/\/rea.ceibal.edu.uy\/UserFiles\/P0001\/ODEA\/ORIGINAL\/usocalen.elp\/index.html\" target=\"_blank\" rel=\"noopener\">USO DEL CALENDARIO<\/a><\/p>\n<p><a style=\"font-size: 14px;text-align: -webkit-center\" href=\"http:\/\/rea.ceibal.edu.uy\/UserFiles\/P0001\/ODEA\/ORIGINAL\/081019_medir_tiempo.elp\/index.html\" target=\"_blank\" rel=\"noopener\">MIDIENDO EL TIEMPO<\/a><\/p>\n<p><a style=\"font-size: 14px;text-align: -webkit-center\" href=\"http:\/\/cerezo.pntic.mec.es\/maria8\/bimates\/medidas\/tiempo\/tiempo.html\" target=\"_blank\" rel=\"noopener\">TIEMPO<\/a><\/p>\n<p><a style=\"font-size: 14px\" href=\"http:\/\/www.ceiploreto.es\/sugerencias\/cplosangeles.juntaextremadura.net\/web\/curso_4\/matematicas_4\/unidades_tiempo_4\/unidades_tiempo_4.html\" target=\"_blank\" rel=\"noopener\">UNIDADES DE TIEMPO<\/a><\/p>\n<p><strong>Horas y relojes<\/strong><\/p>\n<p><a href=\"http:\/\/www.eltanquematematico.es\/todo_mate\/reloj\/reloj_p.html\" target=\"_blank\" rel=\"noopener\">LECTURA DE LA HORA I<\/a><\/p>\n<p><a style=\"font-size: 14px;text-align: -webkit-center\" href=\"http:\/\/descartes.cnice.mec.es\/mathsmagiques\/pages\/jeux_mat\/textes\/horloge.swf\" target=\"_blank\" rel=\"noopener\">LECTURA DE LA HORA II<\/a><\/p>\n<p><a style=\"font-size: 14px;text-align: -webkit-center\" href=\"http:\/\/www.primaria.librosvivos.net\/archivosCMS\/3\/3\/16\/usuarios\/103294\/9\/4EP_mate_ud10_horasminutos\/frame_prim.swf\" target=\"_blank\" rel=\"noopener\">HORAS, MINUTOS Y SEGUNDOS<\/a><\/p>\n<p><a style=\"font-size: 14px;text-align: -webkit-center\" href=\"http:\/\/www.polavide.es\/rec_polavide0708\/edilim\/medir_tiempo\/Medir%20el%20tiempo.html\" target=\"_blank\" rel=\"noopener\">MEDIR EL TIEMPO<\/a><\/p>\n<p><a style=\"font-size: 14px;text-align: -webkit-center\" href=\"http:\/\/conteni2.educarex.es\/mats\/11372\/contenido\/index2.html\" target=\"_blank\" rel=\"noopener\">TIEMPO<\/a><\/p>\n<p><a style=\"font-size: 14px;text-align: -webkit-center\" href=\"http:\/\/recursostic.educacion.es\/descartes\/web\/materiales_didacticos\/M_B2_MedicionDelTiempo_PI\/\" target=\"_blank\" rel=\"noopener\">MEDICI\u00d3N DEL TIEMPO<\/a><\/p>\n<p><a style=\"font-size: 14px;text-align: -webkit-center\" href=\"http:\/\/cerezo.pntic.mec.es\/maria8\/bimates\/medidas\/horaslim\/enteras.html\" target=\"_blank\" rel=\"noopener\">LAS HORAS<\/a><\/p>\n<p><a style=\"font-size: 14px;text-align: -webkit-center\" href=\"http:\/\/www.genmagic.org\/mates2\/reloj_cas.swf\" target=\"_blank\" rel=\"noopener\">PR\u00c1CTICA DE LAS HORAS DIGITALES<\/a><\/p>\n<p><a style=\"font-size: 14px;text-align: -webkit-center\" href=\"http:\/\/www.ceiploreto.es\/sugerencias\/cplosangeles.juntaextremadura.net\/web\/curso_4\/matematicas_4\/reloj_tiempo_4\/reloj_tiempo_4.html\" target=\"_blank\" rel=\"noopener\">EL TIEMPO Y EL RELOJ<\/a><\/p>\n<p><a style=\"font-size: 14px;text-align: -webkit-center\" href=\"http:\/\/www.testeando.es\/test.asp?idA=66&amp;idT=irblidtx\" target=\"_blank\" rel=\"noopener\">TEST: EL TIEMPO<\/a><\/p>\n<p><a style=\"font-size: 14px;text-align: -webkit-center\" href=\"http:\/\/bromera.com\/tl_files\/activitatsdigitals\/Capicua_4c_PF\/cas_C4_u07_43_1_rellotges.swf\" target=\"_blank\" rel=\"noopener\">PON LOS RELOJES EN LA HORA<\/a><\/p>\n<p><a style=\"font-size: 14px;text-align: -webkit-center\" href=\"http:\/\/www.yoestudio.cl\/sites\/default\/files\/html5_oda04_1\/index.html\" target=\"_blank\" rel=\"noopener\">\u00bfQU\u00c9 HORA ES?<\/a><\/p>\n<p><a style=\"font-size: 14px\" href=\"http:\/\/www.genmagic.org\/repositorio\/albums\/userpics\/temps2c.swf\" target=\"_blank\" rel=\"noopener\">MEDIR EL TIEMPO &#8211; 2<\/a><\/p>\n<p><a href=\"http:\/\/clic.xtec.cat\/db\/jclicApplet.jsp?project=http:\/\/clic.xtec.cat\/projects\/elreloj\/jclic\/elreloj.jclic.zip&amp;lang=es&amp;title=El+reloj.+Interpretaci%F3n+de+las+horas+del+reloj\" target=\"_blank\" rel=\"noopener\">Interpretaci\u00f3n de las horas<\/a><\/p>\n<p><a href=\"http:\/\/clic.xtec.cat\/db\/jclicApplet.jsp?project=http:\/\/clic.xtec.cat\/projects\/relojes\/jclic\/relojes.jclic.zip&amp;lang=es&amp;title=%BFQu%E9+hora+es?\" target=\"_blank\" rel=\"noopener\">El reloj<\/a><\/p>\n<p><strong>\u00a1Sin problemas!<\/strong><\/p>\n<p><a href=\"http:\/\/www.primaria.librosvivos.net\/archivosCMS\/3\/3\/16\/usuarios\/103294\/9\/4EP_mat_ud10_consultardatosfaltan\/frame_prim.swf\" target=\"_blank\" rel=\"noopener\">CONSULTAR LOS DATOS QUE FALTAN EN EL ENUNCIADO<\/a><\/p>\n<p><a style=\"font-size: 14px;text-align: -webkit-center\" href=\"http:\/\/www.ceiploreto.es\/sugerencias\/agrega-2curso\/Aplicacion_del_calculo_a_la_resolucion\/contenido\/ma003\/ma003_oa05\/index_es.html\" target=\"_blank\" rel=\"noopener\">APLICACI\u00d3N DEL C\u00c1LCULO A LA RESOLUCI\u00d3N&#8230;<\/a><\/p>\n<p><a style=\"font-size: 14px;text-align: -webkit-center\" href=\"http:\/\/www.ceiploreto.es\/sugerencias\/agrega-2curso\/Aplicacion_del_calculo_a_la_resolucion\/index.html\" target=\"_blank\" rel=\"noopener\">APLICACI\u00d3N DEL C\u00c1LCULO A LA RESOLUCI\u00d3N&#8230;<\/a><\/p>\n<p><a style=\"font-size: 14px;text-align: -webkit-center\" href=\"http:\/\/www.primaria.librosvivos.net\/archivosCMS\/3\/3\/16\/usuarios\/103294\/9\/4EP_mate_ud8_tantearhallarres\/frame_prim.swf\" target=\"_blank\" rel=\"noopener\">TANTEAR PARA HALLAR EL RESULTADO<\/a><\/p>\n<p><a style=\"font-size: 14px\" href=\"http:\/\/www.genmagic.org\/repositorio\/albums\/userpics\/entraes1c.swf\" target=\"_blank\" rel=\"noopener\">ENTRADAS AL ESPECT\u00c1CULO<\/a><\/p>\n<p><a style=\"font-size: 14px\" href=\"http:\/\/www.genmagic.org\/repositorio\/albums\/userpics\/esnumd1c.swf\" target=\"_blank\" rel=\"noopener\">CONVERTIR MONEDAS EN NUMEROS DECIMALES<\/a><\/p>\n<p><strong>Multiplicar centenas exactas entre s\u00ed<\/strong><\/p>\n<p><a href=\"http:\/\/www.eltanquematematico.es\/operatoria1\/operatoria_1_p.html\" target=\"_blank\" rel=\"noopener\">4.- MULTIPLICACI\u00d3N DE DOS FACTORES ACABADOS EN CERO<\/a><\/p>\n<p><a href=\"http:\/\/www.primaria.librosvivos.net\/archivosCMS\/3\/3\/16\/usuarios\/103294\/9\/3epmac2_ud13_ca01_cas\/calculo.swf\" target=\"_blank\" rel=\"noopener\">C\u00c1LCULO MENTAL<\/a><\/p>\n<p><a href=\"http:\/\/www.primaria.librosvivos.net\/actividades\/flashActividadesPrimariaPub\/examen.swf?idejecucion=3092\" target=\"_blank\" rel=\"noopener\">AUTOEVALUACI\u00d3N DE LA UNIDAD I<\/a><\/p>\n<p><a href=\"http:\/\/www.primaria.librosvivos.net\/actividades\/flashActividadesPrimariaPub\/examen.swf?idejecucion=3106\" target=\"_blank\" rel=\"noopener\">AUTOEVALUACI\u00d3N DE LA UNIDAD II<\/a><\/p>\n","protected":false},"excerpt":{"rendered":"<p>Dinero y tiempo Contenidos previos EL MONEDERO DEL EURO EL EURO Y LOS N\u00daMEROS LLENANDO LA HUCHA EL CONTENIDO DE LAS BANDEJAS CAMBIO Y REPARTO MONEDAS REBAJAS FRUTER\u00cdA TRABAJAMOS CON DINERO CUENTA C\u00c9NTIMOS &#8211; 2 MONEDAS &#8211; EUROS ACTIVIDADES CON EUROS Y C\u00c9NTIMOS TRABAJANDO EL EURO \u00bfCU\u00c1NTO VALE? MONEDAS Y BILLETES \u00c1BACOS: REPRESENTAR N\u00daMEROS (EUROS)&nbsp; &hellip; <\/p>\n<p><a class=\"more-link btn\" href=\"https:\/\/blogsaverroes.juntadeandalucia.es\/ceipaznaitin\/matematicas-4o-tema-9\/\">Seguir leyendo<\/a><\/p>\n","protected":false},"author":2805,"featured_media":0,"parent":0,"menu_order":0,"comment_status":"closed","ping_status":"closed","template":"","meta":{"ngg_post_thumbnail":0,"footnotes":"","_mc_calendar":[]},"aioseo_notices":[],"_links":{"self":[{"href":"https:\/\/blogsaverroes.juntadeandalucia.es\/ceipaznaitin\/wp-json\/wp\/v2\/pages\/4195"}],"collection":[{"href":"https:\/\/blogsaverroes.juntadeandalucia.es\/ceipaznaitin\/wp-json\/wp\/v2\/pages"}],"about":[{"href":"https:\/\/blogsaverroes.juntadeandalucia.es\/ceipaznaitin\/wp-json\/wp\/v2\/types\/page"}],"author":[{"embeddable":true,"href":"https:\/\/blogsaverroes.juntadeandalucia.es\/ceipaznaitin\/wp-json\/wp\/v2\/users\/2805"}],"replies":[{"embeddable":true,"href":"https:\/\/blogsaverroes.juntadeandalucia.es\/ceipaznaitin\/wp-json\/wp\/v2\/comments?post=4195"}],"version-history":[{"count":15,"href":"https:\/\/blogsaverroes.juntadeandalucia.es\/ceipaznaitin\/wp-json\/wp\/v2\/pages\/4195\/revisions"}],"predecessor-version":[{"id":4212,"href":"https:\/\/blogsaverroes.juntadeandalucia.es\/ceipaznaitin\/wp-json\/wp\/v2\/pages\/4195\/revisions\/4212"}],"wp:attachment":[{"href":"https:\/\/blogsaverroes.juntadeandalucia.es\/ceipaznaitin\/wp-json\/wp\/v2\/media?parent=4195"}],"curies":[{"name":"wp","href":"https:\/\/api.w.org\/{rel}","templated":true}]}}