{"id":42,"date":"2020-09-10T14:05:47","date_gmt":"2020-09-10T12:05:47","guid":{"rendered":"http:\/\/blogsaverroes.juntadeandalucia.es\/pre\/ceip\/?page_id=42"},"modified":"2025-12-08T13:04:38","modified_gmt":"2025-12-08T11:04:38","slug":"equipo-directivo","status":"publish","type":"page","link":"https:\/\/blogsaverroes.juntadeandalucia.es\/ceipaznaitin\/equipo-directivo\/","title":{"rendered":"PROFESORADO CURSO 25-26"},"content":{"rendered":"<h1 style=\"text-align: center\"><span style=\"color: #339966\">EQUIPO DIRECTIVO<\/span><\/h1>\n<ul>\n<li style=\"text-align: left\"><strong>DIRECCI\u00d3N:<\/strong> D\u00aa. Elvira San Juan Tello.<\/li>\n<li style=\"text-align: left\"><strong>JEFATURA DE ESTUDIOS: <\/strong>D. Antonio Jes\u00fas Linares G\u00e1mez.<\/li>\n<li style=\"text-align: left\"><strong>SECRETAR\u00cdA: <\/strong>D\u00aa. Mar\u00eda Jos\u00e9 Jim\u00e9nez Herv\u00e1s.<\/li>\n<\/ul>\n<h2 style=\"text-align: center\"><span style=\"color: #339966\">TUTOR\u00cdAS<\/span><\/h2>\n<ul>\n<li><b>INFANTIL 3 A\u00d1OS: <\/b>D\u00aa. Mar\u00eda del Roc\u00edo Moreno Colmenero.<\/li>\n<li><b><b><b>INFANTIL 4 A\u00d1OS: <\/b><\/b><\/b>D. Juan Manuel Ca\u00f1ada C\u00e1mara.<\/li>\n<li><b>INFANTIL 5 A\u00d1OS: <\/b>D\u00aa. Isabel Moreno Olid.<\/li>\n<li><b>1\u00ba\/2\u00ba PRIMARIA: <\/b>D\u00aa. Isabel Mar\u00eda Zafra Casado.<\/li>\n<li><b>3\u00ba PRIMARIA: <\/b>D\u00aa. Mar\u00eda Jos\u00e9 Jim\u00e9nez Herv\u00e1s.<\/li>\n<li><b>4\u00ba PRIMARIA: <\/b>D\u00aa. Mar\u00eda Dolores Armenteros Navas.<\/li>\n<li><b>5\u00ba\/6\u00ba PRIMARIA: <\/b>D. Antonio Jos\u00e9 Cobo Blanca.<\/li>\n<li><b>1\u00ba\/2\u00ba ESO: <\/b>D. Pedro Mateos Delgado<\/li>\n<\/ul>\n<h2 style=\"text-align: center\"><span style=\"color: #339966\">ESPECIALIDADES Y OTRAS MATERIAS<\/span><\/h2>\n<p><b>ED. F\u00cdSICA: <\/b>D. Pedro Ram\u00edrez Torres.<\/p>\n<p><b>AULA DE APOYO A LA INTEGRACI\u00d3N: <\/b>D\u00aa. Elvira San Juan Tello.<\/p>\n<p><b>AULA ESPEC\u00cdFICA: <\/b>D\u00aa. Elena Quesada Ventura .<\/p>\n<p><b>INGL\u00c9S: <\/b>D. Antonio Jos\u00e9 Cobo Blanca.<\/p>\n<p><strong>FRANC\u00c9S INFANTIL Y PRIMARIA: <\/strong>D\u00aa. Mar\u00eda Dolores Armenteros Navas.<\/p>\n<p><strong>LENGUA CASTELLANA Y FRANC\u00c9S ESO: <\/strong>D\u00aa. Mar\u00eda Bermejo Araque.<\/p>\n<p><strong>BILING\u00dcE FRANC\u00c9S PRIMARIA: <\/strong>D\u00aa. Isabel Mar\u00eda Zafra Casado.<\/p>\n<p><b>M\u00daSICA:&nbsp; <\/b>D\u00aa. Mar\u00eda Dolores Campi\u00f1as Guti\u00e9rrez.<\/p>\n<p><b>RELIGI\u00d3N INFANTIL Y PRIMARIA: <\/b>D\u00aa. Mar\u00eda Dolores S\u00e1nchez Jim\u00e9nez.<\/p>\n<p><strong>RELIGI\u00d3N ESO: <\/strong>D. Carlos Bago Jim\u00e9nez.<\/p>\n<p><strong>LENGUA CASTELLANA Y LITERATURA 2\u00ba PRIMARIA: <\/strong>D\u00aa. Mar\u00eda Dolores Campi\u00f1as Guti\u00e9rrez.<\/p>\n<p><strong>MATEM\u00c1TICAS 2\u00ba PRIMARIA: <\/strong>D\u00aa Mar\u00eda Bermejo Araque.<\/p>\n<p><b>BIOLOG\u00cdA Y GEOLOG\u00cdA, F\u00cdSICA Y QU\u00cdMICA , MATEM\u00c1TICAS 4\u00ba Y MATEM\u00c1TICAS ESO: <\/b>D. Juana Gasco Aranda.<\/p>\n<p><strong>GEOGRAF\u00cdA E HISTORIA, TECNOLOG\u00cdA y DIGITALIZACI\u00d3N, CONOCIMIENTO DEL MEDIO 5\u00ba:&nbsp; <\/strong>D. Pedro Mateos Delgado.<\/p>\n<p><strong>ORIENTADORA: <\/strong>D\u00aa. Ana Bel\u00e9n&nbsp; Men\u00e9ndez Morago.<\/p>\n<p><strong>AUDICI\u00d3N Y LENGUAJE: <\/strong>D\u00aa. Marta Vargas Salvador.<\/p>\n<h2 style=\"text-align: center\"><span style=\"color: #339966\">&nbsp;COORDINACI\u00d3N EQUIPOS<\/span><\/h2>\n<hr>\n<p><strong><span class=\"titulo2\">Coordinadora Infantil<\/span><span class=\"titulo2\">: <\/span><\/strong><span class=\"titulo2\">D\u00aa. Mar\u00eda del Roc\u00edo Moreno Colmenero.<\/span><\/p>\n<p><strong><span class=\"titulo2\">Coordinador Primaria: <\/span><\/strong><span class=\"titulo2\">D. Antonio Jos\u00e9 Cobo Blanca.<\/span><\/p>\n<p><strong><span class=\"titulo2\">Coordinadora ESO: <\/span><\/strong><span class=\"titulo2\">D\u00aa. Mar\u00eda Dolores Campi\u00f1as Guti\u00e9rrez.<\/span><\/p>\n<p><strong><span class=\"titulo2\">Coordinadora de Orientaci\u00f3n: <\/span><\/strong><span class=\"titulo2\">D\u00aa. Elvira San Juan Tello.<\/span><\/p>\n<h2 style=\"text-align: center\"><span style=\"color: #339966\">PERSONAL NO DOCENTE<\/span><\/h2>\n<p><strong>ADMINISTRATIVA: <\/strong>D\u00aa. Inmaculada Campos P\u00e9rez.<\/p>\n<p><strong>PTIS: <\/strong>D\u00aa. Virginia P\u00e9rez Ortega.<\/p>\n<p>&nbsp;<\/p>\n<p>&nbsp;<\/p>\n","protected":false},"excerpt":{"rendered":"<p>EQUIPO DIRECTIVO DIRECCI\u00d3N: D\u00aa. Elvira San Juan Tello. JEFATURA DE ESTUDIOS: D. Antonio Jes\u00fas Linares G\u00e1mez. SECRETAR\u00cdA: D\u00aa. Mar\u00eda Jos\u00e9 Jim\u00e9nez Herv\u00e1s. TUTOR\u00cdAS INFANTIL 3 A\u00d1OS: D\u00aa. Mar\u00eda del Roc\u00edo Moreno Colmenero. INFANTIL 4 A\u00d1OS: D. Juan Manuel Ca\u00f1ada C\u00e1mara. INFANTIL 5 A\u00d1OS: D\u00aa. Isabel Moreno Olid. 1\u00ba\/2\u00ba PRIMARIA: D\u00aa. Isabel Mar\u00eda Zafra Casado. 3\u00ba &hellip; <\/p>\n<p><a class=\"more-link btn\" href=\"https:\/\/blogsaverroes.juntadeandalucia.es\/ceipaznaitin\/equipo-directivo\/\">Seguir leyendo<\/a><\/p>\n","protected":false},"author":1,"featured_media":0,"parent":0,"menu_order":0,"comment_status":"closed","ping_status":"open","template":"","meta":{"ngg_post_thumbnail":0,"footnotes":"","_mc_calendar":[]},"aioseo_notices":[],"_links":{"self":[{"href":"https:\/\/blogsaverroes.juntadeandalucia.es\/ceipaznaitin\/wp-json\/wp\/v2\/pages\/42"}],"collection":[{"href":"https:\/\/blogsaverroes.juntadeandalucia.es\/ceipaznaitin\/wp-json\/wp\/v2\/pages"}],"about":[{"href":"https:\/\/blogsaverroes.juntadeandalucia.es\/ceipaznaitin\/wp-json\/wp\/v2\/types\/page"}],"author":[{"embeddable":true,"href":"https:\/\/blogsaverroes.juntadeandalucia.es\/ceipaznaitin\/wp-json\/wp\/v2\/users\/1"}],"replies":[{"embeddable":true,"href":"https:\/\/blogsaverroes.juntadeandalucia.es\/ceipaznaitin\/wp-json\/wp\/v2\/comments?post=42"}],"version-history":[{"count":38,"href":"https:\/\/blogsaverroes.juntadeandalucia.es\/ceipaznaitin\/wp-json\/wp\/v2\/pages\/42\/revisions"}],"predecessor-version":[{"id":8241,"href":"https:\/\/blogsaverroes.juntadeandalucia.es\/ceipaznaitin\/wp-json\/wp\/v2\/pages\/42\/revisions\/8241"}],"wp:attachment":[{"href":"https:\/\/blogsaverroes.juntadeandalucia.es\/ceipaznaitin\/wp-json\/wp\/v2\/media?parent=42"}],"curies":[{"name":"wp","href":"https:\/\/api.w.org\/{rel}","templated":true}]}}