{"id":4239,"date":"2018-02-21T10:40:21","date_gmt":"2018-02-21T08:40:21","guid":{"rendered":"http:\/\/blogsaverroes.juntadeandalucia.es\/ceipaznaitin\/?page_id=4239"},"modified":"2018-02-21T10:50:20","modified_gmt":"2018-02-21T08:50:20","slug":"matematicas-5o-tema-9","status":"publish","type":"page","link":"https:\/\/blogsaverroes.juntadeandalucia.es\/ceipaznaitin\/matematicas-5o-tema-9\/","title":{"rendered":"Matem\u00e1ticas 5\u00ba Tema 9"},"content":{"rendered":"<p><strong>\u00c1ngulos consecutivos, adyacentes y opuestos. \u00c1ngulos complementarios y suplementarios<\/strong><\/p>\n<p><strong>&nbsp;Rectas y \u00e1ngulos<\/strong><\/p>\n<p><strong>Contenidos previos<\/strong><\/p>\n<p><a href=\"http:\/\/www.genmagic.org\/mates1\/ra1c.swf\" target=\"_blank\" rel=\"noopener\">SEMIRRECTA Y SEGMENTO<\/a><\/p>\n<p><a style=\"font-size: 14px;text-align: -webkit-center\" href=\"http:\/\/www.euskalnet.net\/ibiguri\/\" target=\"_blank\" rel=\"noopener\">DIBUJO GEOM\u00c9TRICO PASO A PASO<\/a><\/p>\n<p><a style=\"font-size: 14px;text-align: -webkit-center\" href=\"http:\/\/www.librosvivos.net\/smtc\/homeTC.asp?TemaClave=1036\" target=\"_blank\" rel=\"noopener\">RECTAS PARALELAS Y RECTAS PERPENDICULARES<\/a><\/p>\n<p><a style=\"font-size: 14px;text-align: -webkit-center\" href=\"http:\/\/www.ceiploreto.es\/sugerencias\/Educarchile\/matematicas\/oda08.swf\" target=\"_blank\" rel=\"noopener\">PERPENDICULARES Y PARALELAS<\/a><\/p>\n<p><a style=\"font-size: 14px;text-align: -webkit-center\" href=\"http:\/\/www.primaria.librosvivos.net\/archivosCMS\/3\/3\/16\/usuarios\/103294\/9\/5EP_Mat_cas_ud12_angulos\/frame_prim.swf\" target=\"_blank\" rel=\"noopener\">\u00c1NGULOS<\/a><\/p>\n<p><a style=\"font-size: 14px;text-align: -webkit-center\" href=\"http:\/\/repositorio.educa.jccm.es\/portal\/odes\/matematicas\/amplitud_angulos\/\" target=\"_blank\" rel=\"noopener\">LOS \u00c1NGULOS<\/a><\/p>\n<p><a style=\"font-size: 14px;text-align: -webkit-center\" href=\"http:\/\/agrega.educacion.es\/repositorio\/07022017\/25\/es_2012052413_9134459\/M_B2_ClasificacionDeAngulos\/index.html\" target=\"_blank\" rel=\"noopener\">CLASIFICACI\u00d3N DE \u00c1NGULOS<\/a><\/p>\n<p><a style=\"font-size: 14px;text-align: -webkit-center\" href=\"http:\/\/agrega.hezkuntza.net\/repositorio\/15022011\/7b\/es-eu_2010022213_1112100\/index.html\" target=\"_blank\" rel=\"noopener\">MERCADILLO SOLIDARIO<\/a><\/p>\n<p><a style=\"font-size: 14px;text-align: -webkit-center\" href=\"http:\/\/www.edu.xunta.es\/espazoAbalar\/sites\/espazoAbalar\/files\/datos\/1302263734\/contido\/index.html\" target=\"_blank\" rel=\"noopener\">MERCADILLO SOLIDARIO<\/a><\/p>\n<p><a href=\"http:\/\/clic.xtec.cat\/db\/jclicApplet.jsp?project=http:\/\/clic.xtec.cat\/projects\/matsexto\/jclic\/matsexto.jclic.zip&amp;lang=es&amp;title=Matem%E1ticas+-+6%BA+primaria\" target=\"_blank\" rel=\"noopener\">Geometr\u00eda: Rectas, \u00e1ngulos, figuras planas<\/a><\/p>\n<p><strong>Posici\u00f3n de dos circunferencias en el plano<\/strong><\/p>\n<p><a href=\"http:\/\/bromera.com\/tl_files\/activitatsdigitals\/capicua_6c_PA\/C6_u05_63_0_opcions_circumferencies.swf\" target=\"_blank\" rel=\"noopener\">POSICI\u00d3N DE DOS CIRCUNFERENCIAS<\/a><\/p>\n<p><strong>Posici\u00f3n de rectas y circunferencias en el plano<\/strong><\/p>\n<p><a href=\"http:\/\/www.primaria.librosvivos.net\/archivosCMS\/3\/3\/16\/usuarios\/103294\/9\/6EP_Mat_cas_ud13_Posiciones_rectas_circunferencias\/motorActividades.swf\" target=\"_blank\" rel=\"noopener\">POSICIONES DE RECTAS Y CIRCUNFERENCIAS<\/a><\/p>\n<p><a href=\"http:\/\/proyectodescartes.org\/uudd\/materiales_didacticos\/circulo-JS\/index.htm\" target=\"_blank\" rel=\"noopener\">LA CIRCUNFERENCIA Y EL C\u00cdRCULO I<\/a><\/p>\n<p><a href=\"http:\/\/www.ceiploreto.es\/sugerencias\/cp.beatrizgalindo.alcala\/archivos\/circuloycircunferencia\/menu.html\" target=\"_blank\" rel=\"noopener\">LA CIRCUNFERENCIA Y EL C\u00cdRCULO II<\/a><\/p>\n<p><strong>\u00c1ngulos consecutivos, adyacentes y opuestos. \u00c1ngulos complementarios y suplementarios<\/strong><\/p>\n<p><a style=\"font-size: 14px;text-align: -webkit-center\" href=\"http:\/\/repositorio.educa.jccm.es\/portal\/odes\/matematicas\/clasificacion_angulos\/\" target=\"_blank\" rel=\"noopener\">CLASIFICACI\u00d3N DE \u00c1NGULOS<\/a><\/p>\n<p><a style=\"font-size: 14px;text-align: -webkit-center\" href=\"http:\/\/www.ceiploreto.es\/sugerencias\/agrega-2curso\/Angulos_formados_por_rectas_secantes\/contenido\/ma014\/ma014_oa01\/index_es.html\" target=\"_blank\" rel=\"noopener\">\u00c1NGULOS FORMADOS POR RECTAS SECANTES<\/a><\/p>\n<p><a style=\"font-size: 14px;text-align: -webkit-center\" href=\"http:\/\/www.ceiploreto.es\/sugerencias\/agrega-2curso\/Angulos_formados_por_rectas_secantes\/index.html\" target=\"_blank\" rel=\"noopener\">\u00c1NGULOS FORMADOS POR RECTAS SECANTES<\/a><\/p>\n<p><a style=\"font-size: 14px;text-align: -webkit-center\" href=\"http:\/\/www.juntadeandalucia.es\/averroes\/centros-tic\/41009470\/helvia\/aula\/archivos\/repositorio\/0\/193\/html\/recursos\/la\/U05\/pages\/recursos\/143304_P68\/es_carcasa.html\" target=\"_blank\" rel=\"noopener\">\u00c1NGULOS COMPLEMENTARIOS Y SUPLEMENTARIOS<\/a><\/p>\n<p><a style=\"font-size: 14px;text-align: -webkit-center\" href=\"http:\/\/www.genmagic.org\/repositorio\/albums\/userpics\/angcsc.swf\" target=\"_blank\" rel=\"noopener\">\u00c1NGULOS COMPLEMENTARIOS Y SUPLEMENTARIOS -1-<\/a><\/p>\n<p><a style=\"font-size: 14px;text-align: -webkit-center\" href=\"http:\/\/www.genmagic.org\/repositorio\/albums\/userpics\/trobang1c.swf\" target=\"_blank\" rel=\"noopener\">CALCULA LOS \u00c1NGULOS -1-<\/a><\/p>\n<p><a style=\"font-size: 14px;text-align: -webkit-center\" href=\"http:\/\/www.ceiploreto.es\/sugerencias\/cplosangeles.juntaextremadura.net\/web\/edilim\/tercer_ciclo\/matematicas5\/angulos_5\/angulos_5.html\" target=\"_blank\" rel=\"noopener\">\u00c1NGULOS<\/a><\/p>\n<p><a style=\"font-size: 14px;text-align: -webkit-center\" href=\"http:\/\/www.ceiploreto.es\/sugerencias\/agrega-2curso\/Angulos_complementarios\/contenido\/ma004\/ma004_oa01\/index_es.html\" target=\"_blank\" rel=\"noopener\">\u00c1NGULOS COMPLEMENTARIOS<\/a><\/p>\n<p><a style=\"font-size: 14px;text-align: -webkit-center\" href=\"http:\/\/www.ceiploreto.es\/sugerencias\/agrega-2curso\/Angulos_complementarios\/index.html\" target=\"_blank\" rel=\"noopener\">\u00c1NGULOS COMPLEMENTARIOS<\/a><\/p>\n<p><a style=\"font-size: 14px;text-align: -webkit-center\" href=\"http:\/\/www.ceiploreto.es\/sugerencias\/agrega-2curso\/Angulos_suplementarios\/contenido\/ma004\/ma004_oa02\/index_es.html\" target=\"_blank\" rel=\"noopener\">\u00c1NGULOS SUPLEMENTARIOS<\/a><\/p>\n<p><a style=\"font-size: 14px;text-align: -webkit-center\" href=\"http:\/\/www.ceiploreto.es\/sugerencias\/agrega-2curso\/Angulos_suplementarios\/index.html\" target=\"_blank\" rel=\"noopener\">\u00c1NGULOS SUPLEMENTARIOS<\/a><\/p>\n<p><a style=\"font-size: 14px;text-align: -webkit-center\" href=\"http:\/\/agrega.educacion.es\/visualizar\/es\/es_2013010313_9114014\/false\" target=\"_blank\" rel=\"noopener\">SD: \u00c1NGULOS (profesorado)<\/a><\/p>\n<p><a style=\"font-size: 14px;text-align: -webkit-center\" href=\"http:\/\/agrega.educacion.es\/visualizar\/es\/es_2013021213_9080824\/false\" target=\"_blank\" rel=\"noopener\">SD: \u00c1NGULOS (alumnado)<\/a><\/p>\n<p><strong>Bisectriz de un \u00e1ngulo y mediatriz de un segmento<\/strong><\/p>\n<p><a href=\"http:\/\/docentes.educacion.navarra.es\/msadaall\/geogebra\/reglaycompas.htm\" target=\"_blank\" rel=\"noopener\">CONSTRUCCIONES GEOM\u00c9TRICAS<\/a><\/p>\n<p><a style=\"font-size: 14px;text-align: -webkit-center\" href=\"http:\/\/repositorio.educa.jccm.es\/portal\/odes\/matematicas\/bisectriz_angulos\/\" target=\"_blank\" rel=\"noopener\">LA BISECTRIZ DE UN \u00c1NGULO<\/a><\/p>\n<p><a style=\"font-size: 14px;text-align: -webkit-center\" href=\"http:\/\/agrega.educacion.es\/\/repositorio\/10042011\/b9\/es_2011041012_9200145\/primaria_vuelo_en_formacion\/vuelo_en_formacion\/actividad.html\" target=\"_blank\" rel=\"noopener\">VUELO EN FORMACI\u00d3N<\/a><\/p>\n<p><a style=\"font-size: 14px;text-align: -webkit-center\" href=\"http:\/\/agrega.educacion.es\/\/repositorio\/10042011\/53\/es_2011041012_9200618\/primaria_bisectriz\/bisectriz\/actividad.html\" target=\"_blank\" rel=\"noopener\">CONSTRUCCI\u00d3N DE LA BISECTRIZ<\/a><\/p>\n<p><a class=\"Estilo2\" style=\"font-size: 14px;text-align: -webkit-center\" href=\"http:\/\/roble.pntic.mec.es\/jarran2\/cabriweb\/0inicio\/mediatriz.htm\" target=\"_blank\" rel=\"noopener\">MEDIATRIZ DE UN SEGMENTO<\/a><\/p>\n<p><a style=\"font-size: 14px;text-align: -webkit-center\" href=\"http:\/\/agrega.educacion.es\/\/repositorio\/10042011\/63\/es_2011041012_9194750\/primaria_manteniendo_las_distancias\/manteniendo_las_distancias\/actividad.html\" target=\"_blank\" rel=\"noopener\">MANTENIENDO LAS DISTANCIAS<\/a><\/p>\n<p><a style=\"font-size: 14px;text-align: -webkit-center\" href=\"http:\/\/agrega.educacion.es\/\/repositorio\/10042011\/a0\/es_2011041012_9195310\/primaria_mediatriz\/mediatriz\/actividad.html\" target=\"_blank\" rel=\"noopener\">CONSTRUCCI\u00d3N DE LA MEDIATRIZ<\/a><\/p>\n<p><a style=\"font-size: 14px;text-align: -webkit-center\" href=\"http:\/\/eva.sepyc.gob.mx\/plataforma\/multimedia\/PA5_MA_B1_OA_21572\/\" target=\"_blank\" rel=\"noopener\">REGLA Y COMP\u00c1S<\/a><span style=\"font-size: 14px;text-align: -webkit-center\">&nbsp;(espera un poco)<\/span><\/p>\n<p><a style=\"font-size: 14px;text-align: -webkit-center\" href=\"http:\/\/cte.seebc.gob.mx\/pta\/app\/quinto\/matematicas\/bloque1\/act4\/\" target=\"_blank\" rel=\"noopener\">DIVISI\u00d3N DE UN SEGMENTO: MEDIATRIZ<\/a><\/p>\n<p><strong>\u00a1Sin problemas!<\/strong><\/p>\n<p><a href=\"http:\/\/www.primaria.librosvivos.net\/archivosCMS\/3\/3\/16\/usuarios\/103294\/9\/5EP_Mat_es_ud12_ResuelveProblemas\/frame_prim.swf\" target=\"_blank\" rel=\"noopener\">RESUELVE PROBLEMAS<\/a><\/p>\n<p><strong>Multiplicar n\u00fameros decimales por 10, 100 y 1.000<\/strong><\/p>\n<p><a class=\"Estilo2\" href=\"http:\/\/www.eltanquematematico.es\/todo_mate\/mult_deci\/mult_deci_p.html\" target=\"_blank\" rel=\"noopener\">MULTIPLICACI\u00d3N POR LA UNIDAD SEGUIDA DE CEROS CON DECIMALES<\/a>&nbsp;<\/p>\n<p><a class=\"Estilo2\" href=\"http:\/\/www.eltanquematematico.es\/todo_mate\/usc\/multdeci\/mult_usc_ed_p.html\" target=\"_blank\" rel=\"noopener\">PRACTICO LA MULTIPLICACI\u00d3N POR LA UNIDAD SEGUIDA DE CEROS CON DECIMALES<\/a><\/p>\n<p><a href=\"http:\/\/www.primaria.librosvivos.net\/actividades\/flashActividadesPrimariaPub\/examen.swf?idejecucion=6552\" target=\"_blank\" rel=\"noopener\">AUTOEVALUACI\u00d3N DE LA UNIDAD<\/a><\/p>\n<p>ACTIVIDADES DE REPASO<br \/>\n<a href=\"http:\/\/www.juntadeandalucia.es\/averroes\/centros-tic\/41009470\/helvia\/aula\/archivos\/repositorio\/0\/196\/html\/recursos\/la\/U09\/pages\/recursos\/143164_P118.html\" target=\"_blank\" rel=\"noopener\">1<\/a>&nbsp;<a href=\"http:\/\/www.juntadeandalucia.es\/averroes\/centros-tic\/41009470\/helvia\/aula\/archivos\/repositorio\/0\/196\/html\/recursos\/la\/U09\/pages\/recursos\/143164_P119\/es_carcasa.html\" target=\"_blank\" rel=\"noopener\">2<\/a>&nbsp;<a href=\"http:\/\/www.juntadeandalucia.es\/averroes\/centros-tic\/41009470\/helvia\/aula\/archivos\/repositorio\/0\/196\/html\/recursos\/la\/U09\/pages\/recursos\/143164_P120\/es_carcasa.html\" target=\"_blank\" rel=\"noopener\">3<\/a>&nbsp;<a href=\"http:\/\/www.juntadeandalucia.es\/averroes\/centros-tic\/41009470\/helvia\/aula\/archivos\/repositorio\/0\/196\/html\/recursos\/la\/U09\/pages\/recursos\/143164_P121\/es_carcasa.html\" target=\"_blank\" rel=\"noopener\">4<\/a>&nbsp;<a href=\"http:\/\/www.juntadeandalucia.es\/averroes\/centros-tic\/41009470\/helvia\/aula\/archivos\/repositorio\/0\/196\/html\/recursos\/la\/U09\/pages\/recursos\/143164_P122.html\" target=\"_blank\" rel=\"noopener\">5<\/a>&nbsp;<a href=\"http:\/\/www.juntadeandalucia.es\/averroes\/centros-tic\/41009470\/helvia\/aula\/archivos\/repositorio\/0\/196\/html\/recursos\/la\/U09\/pages\/recursos\/143164_P123.html\" target=\"_blank\" rel=\"noopener\">6<\/a>&nbsp;<a href=\"http:\/\/www.juntadeandalucia.es\/averroes\/centros-tic\/41009470\/helvia\/aula\/archivos\/repositorio\/0\/196\/html\/recursos\/la\/U09\/pages\/recursos\/143164_P125\/es_carcasa.html\" target=\"_blank\" rel=\"noopener\">7<\/a>&nbsp;<a href=\"http:\/\/www.juntadeandalucia.es\/averroes\/centros-tic\/41009470\/helvia\/aula\/archivos\/repositorio\/0\/196\/html\/recursos\/la\/U09\/pages\/recursos\/143164_P126.html\" target=\"_blank\" rel=\"noopener\">8<\/a>&nbsp;<a href=\"http:\/\/www.juntadeandalucia.es\/averroes\/centros-tic\/41009470\/helvia\/aula\/archivos\/repositorio\/0\/196\/html\/recursos\/la\/U09\/pages\/recursos\/143164_P127.html\" target=\"_blank\" rel=\"noopener\">9<\/a>&nbsp;<a href=\"http:\/\/www.juntadeandalucia.es\/averroes\/centros-tic\/41009470\/helvia\/aula\/archivos\/repositorio\/0\/196\/html\/recursos\/la\/U09\/pages\/recursos\/143164_P128_1\/es_carcasa.html\" target=\"_blank\" rel=\"noopener\">10<\/a>&nbsp;<a href=\"http:\/\/www.juntadeandalucia.es\/averroes\/centros-tic\/41009470\/helvia\/aula\/archivos\/repositorio\/0\/196\/html\/recursos\/la\/U09\/pages\/recursos\/143164_P128_2\/es_carcasa.html\" target=\"_blank\" rel=\"noopener\">11<\/a>&nbsp;<a href=\"http:\/\/www.juntadeandalucia.es\/averroes\/centros-tic\/41009470\/helvia\/aula\/archivos\/repositorio\/0\/196\/html\/recursos\/la\/U09\/pages\/recursos\/143164_P128_3\/es_carcasa.html\" target=\"_blank\" rel=\"noopener\">12<\/a>&nbsp;<a href=\"http:\/\/www.juntadeandalucia.es\/averroes\/centros-tic\/41009470\/helvia\/aula\/archivos\/repositorio\/0\/196\/html\/recursos\/la\/U09\/pages\/recursos\/143164_P128_4\/es_carcasa.html\" target=\"_blank\" rel=\"noopener\">13<\/a>&nbsp;<a href=\"http:\/\/www.juntadeandalucia.es\/averroes\/centros-tic\/41009470\/helvia\/aula\/archivos\/repositorio\/0\/196\/html\/recursos\/la\/U09\/pages\/recursos\/143164_P128_5\/es_carcasa.html\" target=\"_blank\" rel=\"noopener\">14<\/a>&nbsp;<a href=\"http:\/\/www.juntadeandalucia.es\/averroes\/centros-tic\/41009470\/helvia\/aula\/archivos\/repositorio\/0\/196\/html\/recursos\/la\/U09\/pages\/recursos\/143164_P130.html\" target=\"_blank\" rel=\"noopener\">15<\/a><\/p>\n<p><a href=\"http:\/\/www.ceiploreto.es\/sugerencias\/cplosangeles.juntaextremadura.net\/web\/matematicas_5\/angulos_5\/actividad01.htm\" target=\"_blank\" rel=\"noopener\">REPASO: RECTAS Y \u00c1NGULOS<\/a><\/p>\n<p><a href=\"http:\/\/www.testeando.es\/test.asp?idA=67&amp;idT=qhkuysig\" target=\"_blank\" rel=\"noopener\">TEST: \u00c1NGULOS<\/a><\/p>\n","protected":false},"excerpt":{"rendered":"<p>\u00c1ngulos consecutivos, adyacentes y opuestos. \u00c1ngulos complementarios y suplementarios &nbsp;Rectas y \u00e1ngulos Contenidos previos SEMIRRECTA Y SEGMENTO DIBUJO GEOM\u00c9TRICO PASO A PASO RECTAS PARALELAS Y RECTAS PERPENDICULARES PERPENDICULARES Y PARALELAS \u00c1NGULOS LOS \u00c1NGULOS CLASIFICACI\u00d3N DE \u00c1NGULOS MERCADILLO SOLIDARIO MERCADILLO SOLIDARIO Geometr\u00eda: Rectas, \u00e1ngulos, figuras planas Posici\u00f3n de dos circunferencias en el plano POSICI\u00d3N DE DOS &hellip; <\/p>\n<p><a class=\"more-link btn\" href=\"https:\/\/blogsaverroes.juntadeandalucia.es\/ceipaznaitin\/matematicas-5o-tema-9\/\">Seguir leyendo<\/a><\/p>\n","protected":false},"author":2805,"featured_media":0,"parent":0,"menu_order":0,"comment_status":"closed","ping_status":"closed","template":"","meta":{"ngg_post_thumbnail":0,"footnotes":"","_mc_calendar":[]},"aioseo_notices":[],"_links":{"self":[{"href":"https:\/\/blogsaverroes.juntadeandalucia.es\/ceipaznaitin\/wp-json\/wp\/v2\/pages\/4239"}],"collection":[{"href":"https:\/\/blogsaverroes.juntadeandalucia.es\/ceipaznaitin\/wp-json\/wp\/v2\/pages"}],"about":[{"href":"https:\/\/blogsaverroes.juntadeandalucia.es\/ceipaznaitin\/wp-json\/wp\/v2\/types\/page"}],"author":[{"embeddable":true,"href":"https:\/\/blogsaverroes.juntadeandalucia.es\/ceipaznaitin\/wp-json\/wp\/v2\/users\/2805"}],"replies":[{"embeddable":true,"href":"https:\/\/blogsaverroes.juntadeandalucia.es\/ceipaznaitin\/wp-json\/wp\/v2\/comments?post=4239"}],"version-history":[{"count":8,"href":"https:\/\/blogsaverroes.juntadeandalucia.es\/ceipaznaitin\/wp-json\/wp\/v2\/pages\/4239\/revisions"}],"predecessor-version":[{"id":4250,"href":"https:\/\/blogsaverroes.juntadeandalucia.es\/ceipaznaitin\/wp-json\/wp\/v2\/pages\/4239\/revisions\/4250"}],"wp:attachment":[{"href":"https:\/\/blogsaverroes.juntadeandalucia.es\/ceipaznaitin\/wp-json\/wp\/v2\/media?parent=4239"}],"curies":[{"name":"wp","href":"https:\/\/api.w.org\/{rel}","templated":true}]}}