{"id":4272,"date":"2018-02-21T11:10:49","date_gmt":"2018-02-21T09:10:49","guid":{"rendered":"http:\/\/blogsaverroes.juntadeandalucia.es\/ceipaznaitin\/?page_id=4272"},"modified":"2018-02-21T11:18:47","modified_gmt":"2018-02-21T09:18:47","slug":"lengua-castellana-2o-tema-10","status":"publish","type":"page","link":"https:\/\/blogsaverroes.juntadeandalucia.es\/ceipaznaitin\/lengua-castellana-2o-tema-10\/","title":{"rendered":"Lengua Castellana 2\u00ba Tema 10"},"content":{"rendered":"<p><strong>\u00bfQu\u00e9 quieres ser de mayor?<\/strong><\/p>\n<p><strong>Contar una noticia por la radio<\/strong><\/p>\n<p><a href=\"http:\/\/www.edu.xunta.es\/espazoAbalar\/sites\/espazoAbalar\/files\/datos\/1285224449\/contido\/index.html\" target=\"_blank\" rel=\"noopener\">LAS NOTICIAS DE LA RADIO<\/a><\/p>\n<p><a href=\"http:\/\/www.educa.jcyl.es\/educacyl\/cm\/gallery\/recursos_odes\/2007\/lengua\/lc003_es\/\/lc003_oa01_es\/index.html\" target=\"_blank\" rel=\"noopener\">LAS NOTICIAS DE LA RADIO<\/a><\/p>\n<p><a href=\"http:\/\/primerodecarlos.com\/SEGUNDO_PRIMARIA\/tengo_todo_4\/root_globalizado4\/libro\/6169\/ISBN_9788467808803\/activity\/U05_189_01_AI\/visor.swf\" target=\"_blank\" rel=\"noopener\">APRENDE<\/a><\/p>\n<p><strong>La oraci\u00f3n. Las clases de oraciones<\/strong><\/p>\n<p><a href=\"http:\/\/www.primerodecarlos.com\/SEGUNDO_PRIMARIA\/mayo\/Unidad5-3\/actividades\/lengua\/aprende_oraciones_clases\/visor.swf\" target=\"_blank\" rel=\"noopener\">APRENDE<\/a><\/p>\n<p><a style=\"font-size: 14px;text-align: -webkit-center\" href=\"http:\/\/www.primaria.librosvivos.net\/archivosCMS\/3\/3\/16\/usuarios\/103294\/9\/len3_u14_act\/frame_prim.swf\" target=\"_blank\" rel=\"noopener\">CLASES DE ORACIONES<\/a><\/p>\n<p><a style=\"font-size: 14px\" href=\"http:\/\/www.ceiploreto.es\/sugerencias\/cplosangeles.juntaextremadura.net\/web\/segundo_curso\/lengua_2\/oracion02\/oracion02.html\" target=\"_blank\" rel=\"noopener\">LA ORACI\u00d3N<\/a><\/p>\n<p><a style=\"font-size: 14px\" href=\"http:\/\/www.ceiploreto.es\/sugerencias\/cplosangeles.juntaextremadura.net\/web\/segundo_curso\/lengua_2\/clases_oraciones02\/clases_oraciones02.html\" target=\"_blank\" rel=\"noopener\">CLASES DE ORACIONES II<\/a><\/p>\n<p><strong>Las palabras polis\u00e9micas<\/strong><\/p>\n<p><a href=\"http:\/\/www.ceiploreto.es\/sugerencias\/A_1\/Recursosdidacticos\/SEGUNDO\/datos\/01_lengua\/03_Recursos\/03_t\/actividades\/vocabulario\/12.htm\" target=\"_blank\" rel=\"noopener\">LAS PALABRAS POLIS\u00c9MICAS<\/a><\/p>\n<p><a style=\"font-size: 14px;text-align: -webkit-center\" href=\"http:\/\/www.ceiploreto.es\/sugerencias\/cp.juan.de.la.cosa\/Actividadespdilengua2\/01\/05\/02\/010502.swf\" target=\"_blank\" rel=\"noopener\">PALABRAS POLIS\u00c9MICAS I<\/a><\/p>\n<p><a style=\"font-size: 14px;text-align: -webkit-center\" href=\"http:\/\/www.ceiploreto.es\/sugerencias\/juntadeandalucia\/fondolector\/lecturas3\/polisemicas.swf\" target=\"_blank\" rel=\"noopener\">PALABRAS POLIS\u00c9MICAS II<\/a><\/p>\n<p><a style=\"font-size: 14px;text-align: -webkit-center\" href=\"http:\/\/www.testeando.es\/test.asp?idA=62&amp;idT=kitlrusy\" target=\"_blank\" rel=\"noopener\">TEST: SINONIMIA, ANTONIMIA Y POLISEMIA<\/a><\/p>\n<p><a style=\"font-size: 14px\" href=\"http:\/\/www.ceiploreto.es\/sugerencias\/cplosangeles.juntaextremadura.net\/web\/segundo_curso\/lengua_2\/pal_polisemicas02\/pal_polisemicas02.html\" target=\"_blank\" rel=\"noopener\">PALABRAS POLIS\u00c9MICAS III<\/a><\/p>\n<p><strong>r suave, r fuerte, r detr\u00e1s de l, n, s<\/strong><\/p>\n<p><a style=\"font-size: 14px;text-align: -webkit-center\" href=\"http:\/\/reglasdeortografia.com\/rrr02a.html\" target=\"_blank\" rel=\"noopener\">R FUERTE<\/a><\/p>\n<p><a style=\"font-size: 14px;text-align: -webkit-center\" href=\"http:\/\/reglasdeortografia.com\/rrr01a.html\" target=\"_blank\" rel=\"noopener\">R SUAVE<\/a><\/p>\n<p><a style=\"font-size: 14px;text-align: -webkit-center\" href=\"http:\/\/www.ceiploreto.es\/sugerencias\/A_1\/Recursosdidacticos\/SEGUNDO\/datos\/01_lengua\/03_Recursos\/03_t\/actividades\/ortografia\/13.htm\" target=\"_blank\" rel=\"noopener\">PALABRAS CON R Y RR<\/a><\/p>\n<p><a style=\"font-size: 14px;text-align: -webkit-center\" href=\"http:\/\/www.edu365.cat\/primaria\/muds\/castella\/ortografiate\/ortografiate1\/contenido\/contenido\/lengua_g7_oa01_es\/index.html\" target=\"_blank\" rel=\"noopener\">PALABRAS CON R O RR<\/a><\/p>\n<p><a style=\"font-size: 14px;text-align: -webkit-center\" href=\"http:\/\/www.ceiploreto.es\/sugerencias\/cp.juan.de.la.cosa\/Actividadespdilengua2\/01\/04\/05\/010405.swf\" target=\"_blank\" rel=\"noopener\">EL SONIDO R EN POSICI\u00d3N INICIAL<\/a><\/p>\n<p><a style=\"font-size: 14px;text-align: -webkit-center\" href=\"http:\/\/www.ceiploreto.es\/sugerencias\/cp.juan.de.la.cosa\/Actividadespdilengua2\/01\/05\/01\/010501.swf\" target=\"_blank\" rel=\"noopener\">PALABRAS CON R SUAVE I<\/a><\/p>\n<p><a style=\"font-size: 14px;text-align: -webkit-center\" href=\"http:\/\/www.ceiploreto.es\/sugerencias\/cp.juan.de.la.cosa\/Actividadespdilengua2\/01\/05\/03\/010503.swf\" target=\"_blank\" rel=\"noopener\">PALABRAS CON R SUAVE II<\/a><\/p>\n<p><a style=\"font-size: 14px;text-align: -webkit-center\" href=\"http:\/\/www.ceiploreto.es\/sugerencias\/cp.juan.de.la.cosa\/Actividadespdilengua2\/01\/06\/02\/010602.swf\" target=\"_blank\" rel=\"noopener\">PALABRAS CON R FUERTE I<\/a><\/p>\n<p><a style=\"font-size: 14px;text-align: -webkit-center\" href=\"http:\/\/www.ceiploreto.es\/sugerencias\/cp.juan.de.la.cosa\/Actividadespdilengua2\/01\/06\/03\/010603.swf\" target=\"_blank\" rel=\"noopener\">PALABRAS CON R FUERTE II<\/a><\/p>\n<p><a style=\"font-size: 14px;text-align: -webkit-center\" href=\"http:\/\/www.ceiploreto.es\/sugerencias\/cp.juan.de.la.cosa\/Actividadespdilengua2\/01\/11\/05\/011105.swf\" target=\"_blank\" rel=\"noopener\">EL SONIDO R<\/a><\/p>\n<p><a style=\"font-size: 14px;text-align: -webkit-center\" href=\"http:\/\/reglasdeortografia.com\/rrr04a.html\" target=\"_blank\" rel=\"noopener\">R DETR\u00c1S DE N, L, S I<\/a><\/p>\n<p><a style=\"font-size: 14px;text-align: -webkit-center\" href=\"http:\/\/www.primaria.librosvivos.net\/archivosCMS\/3\/3\/16\/usuarios\/103294\/9\/2eplencp_ud14_a1_cas\/actividad.swf\" target=\"_blank\" rel=\"noopener\">R DETR\u00c1S DE N, L, S II<\/a><\/p>\n<p><a style=\"font-size: 14px;text-align: -webkit-center\" href=\"http:\/\/www.primaria.librosvivos.net\/archivosCMS\/3\/3\/16\/usuarios\/103294\/9\/2eplencp_ud13_a2\/actividad.swf\" target=\"_blank\" rel=\"noopener\">R FUERTE Y R SUAVE<\/a><\/p>\n<p><a style=\"font-size: 14px;text-align: -webkit-center\" href=\"http:\/\/www.testeando.es\/test.asp?idA=62&amp;idT=ckmojwka\" target=\"_blank\" rel=\"noopener\">TEST: ORTOGRAF\u00cdA &#8211; LETRAS R Y RR<\/a><\/p>\n<p><a style=\"font-size: 14px;text-align: -webkit-center\" href=\"http:\/\/www.primerodecarlos.com\/SEGUNDO_PRIMARIA\/mayo\/tema_4_3\/actividades\/lengua\/r_rr\/visor.swf\" target=\"_blank\" rel=\"noopener\">LEE Y APRENDE I<\/a><\/p>\n<p><a style=\"font-size: 14px;text-align: -webkit-center\" href=\"http:\/\/www.primerodecarlos.com\/SEGUNDO_PRIMARIA\/mayo\/tema_4_3\/actividades\/una_una\/lengua\/r_rr_2.swf\" target=\"_blank\" rel=\"noopener\">LEE Y APRENDE II<\/a><\/p>\n<p><a style=\"font-size: 14px;text-align: -webkit-center\" href=\"http:\/\/primerodecarlos.com\/mayo\/r_suave_r_fuerte\/r_fuerte_suave2.swf\" target=\"_blank\" rel=\"noopener\">RODEA LAS PALABRAS<\/a><\/p>\n<p><a style=\"font-size: 14px;text-align: -webkit-center\" href=\"http:\/\/www.primerodecarlos.com\/SEGUNDO_PRIMARIA\/mayo\/Unidad5-3\/actividades\/lengua\/aprende_r_detrasl-n-s-0\/visor.swf\" target=\"_blank\" rel=\"noopener\">APRENDE<\/a><\/p>\n<p><a style=\"font-size: 14px;text-align: -webkit-center\" href=\"http:\/\/www.primerodecarlos.com\/SEGUNDO_PRIMARIA\/mayo\/Unidad5-3\/actividades\/una_una\/lengua\/r_detras_l_n_s.swf\" target=\"_blank\" rel=\"noopener\">LEE Y APRENDE III<\/a><\/p>\n<p><a style=\"font-size: 14px\" href=\"http:\/\/www.ceiploreto.es\/sugerencias\/cplosangeles.juntaextremadura.net\/web\/segundo_curso\/lengua_2\/sonido_r_02\/sonido_r_02.html\" target=\"_blank\" rel=\"noopener\">PALABRAS CON R O CON RR<\/a><\/p>\n<p><strong>El anuncio<\/strong><\/p>\n<p><a href=\"http:\/\/www.edu.xunta.es\/espazoAbalar\/sites\/espazoAbalar\/files\/datos\/1285159243\/contido\/index.html\" target=\"_blank\" rel=\"noopener\">ANUNCIOS EN PRENSA ESCRITA<\/a><\/p>\n<p><a href=\"http:\/\/www.edu.xunta.es\/espazoAbalar\/sites\/espazoAbalar\/files\/datos\/1285222480\/contido\/index.html\" target=\"_blank\" rel=\"noopener\">PRODUCCI\u00d3N DE UN ANUNCIO PUBLICITARIO<\/a><\/p>\n<p><strong>El caligrama<\/strong><\/p>\n<p><a href=\"http:\/\/bromera.com\/tl_files\/activitatsdigitals\/Tilde_3_PF\/tilde3_u11_pag43.swf\" target=\"_blank\" rel=\"noopener\">\u00bfCALIGRAMA O POES\u00cdA VISUAL?<\/a><\/p>\n<p><a href=\"http:\/\/www.edu.xunta.es\/espazoAbalar\/sites\/espazoAbalar\/files\/datos\/1285225187\/contido\/index.html\" target=\"_blank\" rel=\"noopener\">EL CALIGRAMA<\/a><\/p>\n<p><a href=\"http:\/\/www.primaria.librosvivos.net\/archivosCMS\/3\/3\/16\/usuarios\/103294\/9\/2eplencp_ud13_rep\/carcasa.htm\" target=\"_blank\" rel=\"noopener\">REPASO<\/a><\/p>\n","protected":false},"excerpt":{"rendered":"<p>\u00bfQu\u00e9 quieres ser de mayor? Contar una noticia por la radio LAS NOTICIAS DE LA RADIO LAS NOTICIAS DE LA RADIO APRENDE La oraci\u00f3n. Las clases de oraciones APRENDE CLASES DE ORACIONES LA ORACI\u00d3N CLASES DE ORACIONES II Las palabras polis\u00e9micas LAS PALABRAS POLIS\u00c9MICAS PALABRAS POLIS\u00c9MICAS I PALABRAS POLIS\u00c9MICAS II TEST: SINONIMIA, ANTONIMIA Y POLISEMIA &hellip; <\/p>\n<p><a class=\"more-link btn\" href=\"https:\/\/blogsaverroes.juntadeandalucia.es\/ceipaznaitin\/lengua-castellana-2o-tema-10\/\">Seguir leyendo<\/a><\/p>\n","protected":false},"author":2805,"featured_media":0,"parent":0,"menu_order":0,"comment_status":"closed","ping_status":"closed","template":"","meta":{"ngg_post_thumbnail":0,"footnotes":"","_mc_calendar":[]},"aioseo_notices":[],"_links":{"self":[{"href":"https:\/\/blogsaverroes.juntadeandalucia.es\/ceipaznaitin\/wp-json\/wp\/v2\/pages\/4272"}],"collection":[{"href":"https:\/\/blogsaverroes.juntadeandalucia.es\/ceipaznaitin\/wp-json\/wp\/v2\/pages"}],"about":[{"href":"https:\/\/blogsaverroes.juntadeandalucia.es\/ceipaznaitin\/wp-json\/wp\/v2\/types\/page"}],"author":[{"embeddable":true,"href":"https:\/\/blogsaverroes.juntadeandalucia.es\/ceipaznaitin\/wp-json\/wp\/v2\/users\/2805"}],"replies":[{"embeddable":true,"href":"https:\/\/blogsaverroes.juntadeandalucia.es\/ceipaznaitin\/wp-json\/wp\/v2\/comments?post=4272"}],"version-history":[{"count":9,"href":"https:\/\/blogsaverroes.juntadeandalucia.es\/ceipaznaitin\/wp-json\/wp\/v2\/pages\/4272\/revisions"}],"predecessor-version":[{"id":4283,"href":"https:\/\/blogsaverroes.juntadeandalucia.es\/ceipaznaitin\/wp-json\/wp\/v2\/pages\/4272\/revisions\/4283"}],"wp:attachment":[{"href":"https:\/\/blogsaverroes.juntadeandalucia.es\/ceipaznaitin\/wp-json\/wp\/v2\/media?parent=4272"}],"curies":[{"name":"wp","href":"https:\/\/api.w.org\/{rel}","templated":true}]}}