{"id":4397,"date":"2018-02-21T12:53:47","date_gmt":"2018-02-21T10:53:47","guid":{"rendered":"http:\/\/blogsaverroes.juntadeandalucia.es\/ceipaznaitin\/?page_id=4397"},"modified":"2018-02-21T13:08:22","modified_gmt":"2018-02-21T11:08:22","slug":"matematicas-6o-tema-10","status":"publish","type":"page","link":"https:\/\/blogsaverroes.juntadeandalucia.es\/ceipaznaitin\/matematicas-6o-tema-10\/","title":{"rendered":"Matem\u00e1ticas 6\u00ba Tema 10"},"content":{"rendered":"<p><strong>Cuerpos geom\u00e9tricos<\/strong><\/p>\n<p><strong>Contenidos previos<\/strong><\/p>\n<p><a href=\"http:\/\/www.ceiploreto.es\/sugerencias\/cplosangeles.juntaextremadura.net\/web\/matematicas_5\/superficie_5\/actividad01.htm\" target=\"_blank\" rel=\"noopener\">UNIDADES DE SUPERFICIE I<\/a><\/p>\n<p><a style=\"font-size: 14px;text-align: -webkit-center\" href=\"http:\/\/repositorio.educa.jccm.es\/portal\/odes\/matematicas\/libro_web_44_udsSuperficie\/index.html\" target=\"_blank\" rel=\"noopener\">UNIDADES DE SUPERFICIE II<\/a><\/p>\n<p><a style=\"font-size: 14px;text-align: -webkit-center\" href=\"http:\/\/www.primaria.librosvivos.net\/archivosCMS\/3\/3\/16\/usuarios\/103294\/9\/5EP_Mat_cas_ud13_LosPoligonos\/frame_prim.swf\" target=\"_blank\" rel=\"noopener\">LOS POL\u00cdGONOS<\/a><\/p>\n<p><a style=\"font-size: 14px;text-align: -webkit-center\" href=\"http:\/\/bromera.com\/tl_files\/activitatsdigitals\/capicua_5c_PA\/C5_u05_66_0_OpcionsPentagon.swf\" target=\"_blank\" rel=\"noopener\">INDICA DE QU\u00c9 POL\u00cdGONO SE TRATA<\/a><\/p>\n<p><a style=\"font-size: 14px;text-align: -webkit-center\" href=\"http:\/\/www.polavide.es\/rec_polavide0708\/edilim\/FIGURAS%20PLANAS\/POLIGONOSTIPOS.html\" target=\"_blank\" rel=\"noopener\">POL\u00cdGONOS. CLASIFICACI\u00d3N<\/a><\/p>\n<p><strong>Poliedros. Poliedros regulares<\/strong><\/p>\n<p><a href=\"http:\/\/clic.xtec.cat\/db\/jclicApplet.jsp?project=http:\/\/clic.xtec.cat\/projects\/aprengeo\/jclic\/aprengeo.jclic.zip&amp;lang=es\" target=\"_blank\" rel=\"noopener\">Cuerpos geom\u00e9tricos<\/a><\/p>\n<p><a class=\"Estilo2\" href=\"http:\/\/www.ceiploreto.es\/sugerencias\/juntadeandalucia\/Construir_geometria\/indexflash.htm\" target=\"_blank\" rel=\"noopener\">LOS CUERPOS GEOM\u00c9TRICOS<\/a><\/p>\n<p><a style=\"font-size: 14px;text-align: -webkit-center\" href=\"http:\/\/rea.ceibal.edu.uy\/UserFiles\/P0001\/ODEA\/ORIGINAL\/100322_cazacuerpo.elp\/index.html\" target=\"_blank\" rel=\"noopener\">Caza del tesoro: LOS CUERPOS GEOM\u00c9TRICOS<\/a><\/p>\n<p><a style=\"font-size: 14px;text-align: -webkit-center\" href=\"http:\/\/2633518-0.web-hosting.es\/blog\/manipulables\/geometria\/clasespoliedros.swf\" target=\"_blank\" rel=\"noopener\">POLIEDROS. CLASES<\/a><\/p>\n<p><a style=\"font-size: 14px;text-align: -webkit-center\" href=\"http:\/\/2633518-0.web-hosting.es\/blog\/manipulables\/geometria\/poliplatonicos.swf\" target=\"_blank\" rel=\"noopener\">LOS POLIEDROS REGULARES<\/a><\/p>\n<p><a style=\"font-size: 14px;text-align: -webkit-center\" href=\"http:\/\/proyectodescartes.org\/PI\/materiales_didacticos\/M_B3_Poliedros-JS\/index.html\" target=\"_blank\" rel=\"noopener\">POLIEDROS REGULARES<\/a><\/p>\n<p><a style=\"font-size: 14px;text-align: -webkit-center\" href=\"http:\/\/www.ceiploreto.es\/sugerencias\/tic2.sepdf.gob.mx\/scorm\/oas\/mat\/sexto\/18\/intro.swf\" target=\"_blank\" rel=\"noopener\">CONOCEREMOS LOS POLIEDROS REGULARES<\/a><\/p>\n<p><a style=\"font-size: 14px;text-align: -webkit-center\" href=\"http:\/\/agrega.educacion.es\/visualizar\/es\/es_2013011013_9163820\/false\" target=\"_blank\" rel=\"noopener\">SD: ESTUDIO DE FIGURAS PLANAS Y CUERPOS GEOM\u00c9TRICOS (profesorado)<\/a><\/p>\n<p><a style=\"font-size: 14px;text-align: -webkit-center\" href=\"http:\/\/agrega.educacion.es\/visualizar\/es\/es_2013021213_9081039\/false\" target=\"_blank\" rel=\"noopener\">SD: ESTUDIO DE FIGURAS PLANAS Y CUERPOS GEOM\u00c9TRICOS (alumnado)<\/a><\/p>\n<p><a style=\"font-size: 14px;text-align: -webkit-center\" href=\"http:\/\/bromera.com\/tl_files\/activitatsdigitals\/capicua_6c_PA\/C6_u15_206_0_definicions_polig_polied.swf\" target=\"_blank\" rel=\"noopener\">POL\u00cdGONOS Y POLIEDROS<\/a><\/p>\n<p><strong>Clasificaci\u00f3n de prismas y pir\u00e1mides<\/strong><\/p>\n<p><a href=\"http:\/\/www.genmagic.org\/mates1\/prisr1c.swf\" target=\"_blank\" rel=\"noopener\">PRISMAS<\/a><\/p>\n<p><a style=\"font-size: 14px;text-align: -webkit-center\" href=\"http:\/\/agrega.educacion.es\/\/repositorio\/17042011\/5f\/es_2011041712_9120728\/primaria_desarrollo_prisma\/desarrollo_prisma\/actividad.html\" target=\"_blank\" rel=\"noopener\">DESARROLLO DEL PRISMA RECTO<\/a><\/p>\n<p><a style=\"font-size: 14px;text-align: -webkit-center\" href=\"http:\/\/agrega.educacion.es\/\/repositorio\/17042011\/b2\/es_2011041712_9121147\/primaria_piramides\/piramides\/actividad.html\" target=\"_blank\" rel=\"noopener\">PIR\u00c1MIDES<\/a><\/p>\n<p><a style=\"font-size: 14px;text-align: -webkit-center\" href=\"http:\/\/agrega.educacion.es\/\/repositorio\/17042011\/c3\/es_2011041712_9120718\/primaria_desarrollo_piramide\/desarrollo_piramide\/actividad.html\" target=\"_blank\" rel=\"noopener\">DESARROLLO DE LA PIR\u00c1MIDE RECTA<\/a><\/p>\n<p><a style=\"font-size: 14px;text-align: -webkit-center\" href=\"http:\/\/rea.ceibal.edu.uy\/UserFiles\/P0001\/ODEA\/ORIGINAL\/110908_prismas.elp\/index.html\" target=\"_blank\" rel=\"noopener\">PRISMAS II<\/a><\/p>\n<p><a style=\"font-size: 14px;text-align: -webkit-center\" href=\"http:\/\/rea.ceibal.edu.uy\/UserFiles\/P0001\/ODEA\/ORIGINAL\/110822_piramides.elp\/index.html\" target=\"_blank\" rel=\"noopener\">PIR\u00c1MIDES II<\/a><\/p>\n<p><a style=\"font-size: 14px\" href=\"http:\/\/www.ceiploreto.es\/sugerencias\/ecuador\/matematicas\/7_prismas_y_piramides\/index.html\" target=\"_blank\" rel=\"noopener\">PRISMAS Y PIR\u00c1MIDES<\/a><\/p>\n<p><a style=\"font-size: 14px;text-align: -webkit-center\" href=\"http:\/\/www.ceiploreto.es\/sugerencias\/Educarchile\/matematicas\/Pitagoras_6\/Pitagoras.swf\" target=\"_blank\" rel=\"noopener\">REPRESENTACIONES DE CUERPOS GEOM\u00c9TRICOS<\/a><\/p>\n<p><a style=\"font-size: 14px;text-align: -webkit-center\" href=\"http:\/\/www.ceiploreto.es\/sugerencias\/Educarchile\/matematicas\/Pitagoras_7\/Pitagoras.swf\" target=\"_blank\" rel=\"noopener\">CONSTRUIR PRIMAS RECTOS Y PIR\u00c1MIDES<\/a><\/p>\n<p><a style=\"font-size: 14px;text-align: -webkit-center\" href=\"http:\/\/cte.seebc.gob.mx\/pta\/app\/sexto\/matematicas\/bloque4\/act6\/\" target=\"_blank\" rel=\"noopener\">JUGUETES GEOM\u00c9TRICOS<\/a><span style=\"font-size: 14px;text-align: -webkit-center\">&nbsp;(espera un poco)<\/span><\/p>\n<p><strong>Clasificaci\u00f3n de paralep\u00edpedos<\/strong><\/p>\n<p><a href=\"http:\/\/rea.ceibal.edu.uy\/UserFiles\/P0001\/ODEA\/ORIGINAL\/110322_paralelepipedos.elp\/index.html\" target=\"_blank\" rel=\"noopener\">\u00bfQU\u00c9 SON PARALEP\u00cdPEDOS?<\/a><\/p>\n<p><a href=\"http:\/\/agrega.educacion.es\/\/repositorio\/16042011\/33\/es_2011041612_9100151\/primaria_desarrollo_cubo\/desarrollo_cubo\/actividad.html\" target=\"_blank\" rel=\"noopener\">DESARROLLO DEL CUBO<\/a><\/p>\n<p><strong>Cilindro, cono y esfera<\/strong><\/p>\n<p><a href=\"http:\/\/clic.xtec.cat\/db\/jclicApplet.jsp?project=http:\/\/clic.xtec.cat\/projects\/matsexto\/jclic\/matsexto.jclic.zip&amp;lang=es\" target=\"_blank\" rel=\"noopener\">Geometr\u00eda: Poliedros. Cuerpos redondos<\/a><\/p>\n<p><a href=\"http:\/\/recursostic.educacion.es\/descartes\/web\/materiales_didacticos\/Cuerpos_geometricos\/00_index_cuerpos.html\" target=\"_blank\" rel=\"noopener\">FIGURAS EN EL ESPACIO. VOLUMEN<\/a><\/p>\n<p><a style=\"font-size: 14px;text-align: -webkit-center\" href=\"http:\/\/agrega.educacion.es\/\/repositorio\/15042011\/56\/es_2011041512_9190020\/primaria_desarrollo_cono\/desarrollo_cono\/actividad.html\" target=\"_blank\" rel=\"noopener\">DESARROLLO DEL CONO RECTO<\/a><\/p>\n<p><a style=\"font-size: 14px;text-align: -webkit-center\" href=\"http:\/\/agrega.educacion.es\/\/repositorio\/17042011\/74\/es_2011041712_9122343\/primaria_torno\/torno\/actividad.html\" target=\"_blank\" rel=\"noopener\">TORNO DE ALFARER\u00cdA<\/a><\/p>\n<p><a style=\"font-size: 14px;text-align: -webkit-center\" href=\"http:\/\/2633518-0.web-hosting.es\/blog\/manipulables\/geometria\/solrevol.swf\" target=\"_blank\" rel=\"noopener\">CUERPOS REDONDOS<\/a><\/p>\n<p><a style=\"font-size: 14px;text-align: -webkit-center\" href=\"http:\/\/rea.ceibal.edu.uy\/UserFiles\/P0001\/ODEA\/ORIGINAL\/110919_conos.elp\/\" target=\"_blank\" rel=\"noopener\">CONOS<\/a><\/p>\n<p><a style=\"font-size: 14px;text-align: -webkit-center\" href=\"http:\/\/proyectodescartes.org\/PI\/materiales_didacticos\/M_B3_Cilindro_Cono_Esfera-JS\/index.html\" target=\"_blank\" rel=\"noopener\">CILINDRO, CONO Y ESFERA<\/a><\/p>\n<p><a style=\"font-size: 14px;text-align: -webkit-center\" href=\"http:\/\/agrega.educacion.es\/visualizar\/es\/es_2012122013_9090852\/false\" target=\"_blank\" rel=\"noopener\">SD: POLIEDROS Y CUERPOS REDONDOS (profesorado)<\/a><\/p>\n<p><a style=\"font-size: 14px;text-align: -webkit-center\" href=\"http:\/\/agrega.educacion.es\/visualizar\/es\/es_2013021213_9080803\/false\" target=\"_blank\" rel=\"noopener\">SD: POLIEDROS Y CUERPOS REDONDOS (alumnado)<\/a><\/p>\n<p><a style=\"font-size: 14px;text-align: -webkit-center\" href=\"http:\/\/www.juntadeandalucia.es\/averroes\/centros-tic\/14001529\/helvia\/aula\/archivos\/_6\/html\/262\/santillana%20matematicas%202%C2%BA%20ciclo\/contenido\/2.biblio_recursos\/animaciones\/a_juegodeconstrucciones\/es_animacion.html\" target=\"_blank\" rel=\"noopener\">EL JUEGO DE LAS CONSTRUCCIONES<\/a><\/p>\n<p><a style=\"font-size: 14px;text-align: -webkit-center\" href=\"http:\/\/www.juntadeandalucia.es\/averroes\/centros-tic\/14001529\/helvia\/aula\/archivos\/_6\/html\/262\/santillana%20matematicas%202%C2%BA%20ciclo\/contenido\/3.taller\/actividades\/banderinesdecolores\/es_carcasa.html\" target=\"_blank\" rel=\"noopener\">BANDERINES DE COLORES<\/a><\/p>\n<p><strong>\u00c1rea lateral y \u00e1rea total de cuerpos geom\u00e9tricos<\/strong><\/p>\n<p><a href=\"http:\/\/www.genmagic.org\/mates1\/prisr1c.swf\" target=\"_blank\" rel=\"noopener\">PRISMAS RECTOS<\/a><\/p>\n<p><strong>\u00a1Sin problemas!<\/strong><\/p>\n<p><a href=\"http:\/\/www.genmagic.org\/mates1\/prisr1c.swf\" target=\"_blank\" rel=\"noopener\">PRISMAS RECTOS<\/a><\/p>\n<p><strong>\u00a1Sin problemas!<\/strong><\/p>\n<p><a href=\"http:\/\/www.primaria.librosvivos.net\/archivosCMS\/3\/3\/16\/usuarios\/103294\/9\/6EP_Mat_cas_ud14_ResuelveProblemas\/frame_prim.swf\" target=\"_blank\" rel=\"noopener\">RESUELVE PROBLEMAS<\/a><\/p>\n<p><strong>Calcular el 25% de una cantidad<\/strong><\/p>\n<p><a href=\"http:\/\/www.ceiploreto.es\/sugerencias\/Educarchile\/matematicas\/14_porcentajes_vida\/LearningObject\/index.html\" target=\"_blank\" rel=\"noopener\">PORCENTAJES EN LA VIDA COTIDIANA<\/a><\/p>\n<p><strong>Calcular el 75% de una cantidad<\/strong><\/p>\n<p><a href=\"http:\/\/www.eltanquematematico.es\/tantoporciento\/fraccionesytantopor100_p.html\" target=\"_blank\" rel=\"noopener\">EL TANTO POR CIENTO Y LAS FRACCIONES<\/a><\/p>\n<p><a href=\"http:\/\/www.ceiploreto.es\/sugerencias\/cplosangeles.juntaextremadura.net\/web\/matematicas_6\/cuerpos_geometricos_6\/actividad01.htm\" target=\"_blank\" rel=\"noopener\">REPASO: CUERPOS GEOM\u00c9TRICOS I<\/a><\/p>\n<p><a href=\"http:\/\/rea.ceibal.edu.uy\/\/elp\/Unidad20cuerpos20geometricosSRealini_FLUS9A.elp\/index.html\" target=\"_blank\" rel=\"noopener\">REPASO: CUERPOS GEOM\u00c9TRICOS II<\/a><\/p>\n","protected":false},"excerpt":{"rendered":"<p>Cuerpos geom\u00e9tricos Contenidos previos UNIDADES DE SUPERFICIE I UNIDADES DE SUPERFICIE II LOS POL\u00cdGONOS INDICA DE QU\u00c9 POL\u00cdGONO SE TRATA POL\u00cdGONOS. CLASIFICACI\u00d3N Poliedros. Poliedros regulares Cuerpos geom\u00e9tricos LOS CUERPOS GEOM\u00c9TRICOS Caza del tesoro: LOS CUERPOS GEOM\u00c9TRICOS POLIEDROS. CLASES LOS POLIEDROS REGULARES POLIEDROS REGULARES CONOCEREMOS LOS POLIEDROS REGULARES SD: ESTUDIO DE FIGURAS PLANAS Y CUERPOS GEOM\u00c9TRICOS &hellip; <\/p>\n<p><a class=\"more-link btn\" href=\"https:\/\/blogsaverroes.juntadeandalucia.es\/ceipaznaitin\/matematicas-6o-tema-10\/\">Seguir leyendo<\/a><\/p>\n","protected":false},"author":2805,"featured_media":0,"parent":0,"menu_order":0,"comment_status":"closed","ping_status":"closed","template":"","meta":{"ngg_post_thumbnail":0,"footnotes":"","_mc_calendar":[]},"aioseo_notices":[],"_links":{"self":[{"href":"https:\/\/blogsaverroes.juntadeandalucia.es\/ceipaznaitin\/wp-json\/wp\/v2\/pages\/4397"}],"collection":[{"href":"https:\/\/blogsaverroes.juntadeandalucia.es\/ceipaznaitin\/wp-json\/wp\/v2\/pages"}],"about":[{"href":"https:\/\/blogsaverroes.juntadeandalucia.es\/ceipaznaitin\/wp-json\/wp\/v2\/types\/page"}],"author":[{"embeddable":true,"href":"https:\/\/blogsaverroes.juntadeandalucia.es\/ceipaznaitin\/wp-json\/wp\/v2\/users\/2805"}],"replies":[{"embeddable":true,"href":"https:\/\/blogsaverroes.juntadeandalucia.es\/ceipaznaitin\/wp-json\/wp\/v2\/comments?post=4397"}],"version-history":[{"count":13,"href":"https:\/\/blogsaverroes.juntadeandalucia.es\/ceipaznaitin\/wp-json\/wp\/v2\/pages\/4397\/revisions"}],"predecessor-version":[{"id":4412,"href":"https:\/\/blogsaverroes.juntadeandalucia.es\/ceipaznaitin\/wp-json\/wp\/v2\/pages\/4397\/revisions\/4412"}],"wp:attachment":[{"href":"https:\/\/blogsaverroes.juntadeandalucia.es\/ceipaznaitin\/wp-json\/wp\/v2\/media?parent=4397"}],"curies":[{"name":"wp","href":"https:\/\/api.w.org\/{rel}","templated":true}]}}