{"id":44,"date":"2015-03-13T08:42:15","date_gmt":"2015-03-13T08:42:15","guid":{"rendered":"http:\/\/blogsaverroes.juntadeandalucia.es\/pre\/ceip\/?page_id=44"},"modified":"2026-04-15T11:02:24","modified_gmt":"2026-04-15T09:02:24","slug":"planes-y-proyectos","status":"publish","type":"page","link":"https:\/\/blogsaverroes.juntadeandalucia.es\/ceipaznaitin\/planes-y-proyectos\/","title":{"rendered":"Planes y Programas"},"content":{"rendered":"<p><a href=\"https:\/\/blogsaverroes.juntadeandalucia.es\/ceipaznaitin\/files\/2024\/01\/PLANES.png\"><img loading=\"lazy\" decoding=\"async\" class=\"size-medium wp-image-7655 aligncenter\" src=\"https:\/\/blogsaverroes.juntadeandalucia.es\/ceipaznaitin\/files\/2024\/01\/PLANES-300x212.png\" alt=\"\" width=\"300\" height=\"212\" srcset=\"https:\/\/blogsaverroes.juntadeandalucia.es\/ceipaznaitin\/files\/2024\/01\/PLANES-300x212.png 300w, https:\/\/blogsaverroes.juntadeandalucia.es\/ceipaznaitin\/files\/2024\/01\/PLANES-1024x724.png 1024w, https:\/\/blogsaverroes.juntadeandalucia.es\/ceipaznaitin\/files\/2024\/01\/PLANES-768x543.png 768w, https:\/\/blogsaverroes.juntadeandalucia.es\/ceipaznaitin\/files\/2024\/01\/PLANES-1536x1086.png 1536w, https:\/\/blogsaverroes.juntadeandalucia.es\/ceipaznaitin\/files\/2024\/01\/PLANES.png 1600w\" sizes=\"(max-width: 300px) 100vw, 300px\" \/><\/a><\/p>\n<p>Nuestro centro&nbsp; participa en diferentes <strong>Planes y Programas<\/strong> promovidos desde la Consejer\u00eda de Desarrollo Educativo y Formaci\u00f3n Profesional.<\/p>\n<p>Durante el curso 25\/26 se llevan a cabo los siguientes:<\/p>\n<ul>\n<li><strong>PLAN DE IGUALDAD.<\/strong><\/li>\n<li><strong>PLAN DE APERTURA.<\/strong><\/li>\n<li><strong>PROGRAMA ESCUELAS DEPORTIVAS.<\/strong><\/li>\n<li><strong>PLAN LECTURA Y BIBLIOTECAS ESCOLARES.<\/strong><\/li>\n<li><strong>TDE (Plan de actuaci\u00f3n Digital &#8211; C\u00f3digo Escuela 4.0)<\/strong><\/li>\n<li><strong>Programa de acompa\u00f1amiento (PROA):&nbsp;<\/strong><\/li>\n<li><strong>ALDEA<\/strong><\/li>\n<li><strong>H\u00c1BITOS DE VIDA SALUDABLE<\/strong><\/li>\n<\/ul>\n<p>&nbsp;<\/p>\n","protected":false},"excerpt":{"rendered":"<p>Nuestro centro&nbsp; participa en diferentes Planes y Programas promovidos desde la Consejer\u00eda de Desarrollo Educativo y Formaci\u00f3n Profesional. Durante el curso 25\/26 se llevan a cabo los siguientes: PLAN DE IGUALDAD. PLAN DE APERTURA. PROGRAMA ESCUELAS DEPORTIVAS. PLAN LECTURA Y BIBLIOTECAS ESCOLARES. TDE (Plan de actuaci\u00f3n Digital &#8211; C\u00f3digo Escuela 4.0) Programa de acompa\u00f1amiento (PROA):&nbsp; &hellip; <\/p>\n<p><a class=\"more-link btn\" href=\"https:\/\/blogsaverroes.juntadeandalucia.es\/ceipaznaitin\/planes-y-proyectos\/\">Seguir leyendo<\/a><\/p>\n","protected":false},"author":1,"featured_media":0,"parent":0,"menu_order":0,"comment_status":"closed","ping_status":"closed","template":"","meta":{"ngg_post_thumbnail":0,"footnotes":"","_mc_calendar":[]},"aioseo_notices":[],"_links":{"self":[{"href":"https:\/\/blogsaverroes.juntadeandalucia.es\/ceipaznaitin\/wp-json\/wp\/v2\/pages\/44"}],"collection":[{"href":"https:\/\/blogsaverroes.juntadeandalucia.es\/ceipaznaitin\/wp-json\/wp\/v2\/pages"}],"about":[{"href":"https:\/\/blogsaverroes.juntadeandalucia.es\/ceipaznaitin\/wp-json\/wp\/v2\/types\/page"}],"author":[{"embeddable":true,"href":"https:\/\/blogsaverroes.juntadeandalucia.es\/ceipaznaitin\/wp-json\/wp\/v2\/users\/1"}],"replies":[{"embeddable":true,"href":"https:\/\/blogsaverroes.juntadeandalucia.es\/ceipaznaitin\/wp-json\/wp\/v2\/comments?post=44"}],"version-history":[{"count":18,"href":"https:\/\/blogsaverroes.juntadeandalucia.es\/ceipaznaitin\/wp-json\/wp\/v2\/pages\/44\/revisions"}],"predecessor-version":[{"id":8331,"href":"https:\/\/blogsaverroes.juntadeandalucia.es\/ceipaznaitin\/wp-json\/wp\/v2\/pages\/44\/revisions\/8331"}],"wp:attachment":[{"href":"https:\/\/blogsaverroes.juntadeandalucia.es\/ceipaznaitin\/wp-json\/wp\/v2\/media?parent=44"}],"curies":[{"name":"wp","href":"https:\/\/api.w.org\/{rel}","templated":true}]}}