{"id":4441,"date":"2018-02-21T13:34:02","date_gmt":"2018-02-21T11:34:02","guid":{"rendered":"http:\/\/blogsaverroes.juntadeandalucia.es\/ceipaznaitin\/?page_id=4441"},"modified":"2018-02-21T13:47:39","modified_gmt":"2018-02-21T11:47:39","slug":"matematicas-2o-tema-11","status":"publish","type":"page","link":"https:\/\/blogsaverroes.juntadeandalucia.es\/ceipaznaitin\/matematicas-2o-tema-11\/","title":{"rendered":"Matem\u00e1ticas 2\u00ba Tema 11"},"content":{"rendered":"<p><strong>Clases de piano<\/strong><\/p>\n<p><strong>Propiedad conmutativa de la suma<\/strong><\/p>\n<p><a href=\"http:\/\/agrega2.red.es\/\/repositorio\/25012010\/18\/es_2008050513_0230800\/mt08_oa05_es\/index.html\" target=\"_blank\" rel=\"noopener\">PROPIEDAD CONMUTATIVA DE LA SUMA<\/a><\/p>\n<p><a style=\"font-size: 14px;text-align: -webkit-center\" href=\"http:\/\/primerodecarlos.com\/SEGUNDO_PRIMARIA\/tengo_todo_4\/root_globalizado4\/libro\/6169\/ISBN_9788467808803\/activity\/U02_061_01_AI\/visor.swf\" target=\"_blank\" rel=\"noopener\">APRENDE<\/a><\/p>\n<p><a style=\"font-size: 14px;text-align: -webkit-center\" href=\"http:\/\/primerodecarlos.com\/SEGUNDO_PRIMARIA\/tengo_todo_4\/root_globalizado4\/libro\/6169\/ISBN_9788467808803\/activity\/U02_061_02_AI\/visor.swf\" target=\"_blank\" rel=\"noopener\">REALIZA CADA SUMA I<\/a><\/p>\n<p><a style=\"font-size: 14px;text-align: -webkit-center\" href=\"http:\/\/primerodecarlos.com\/SEGUNDO_PRIMARIA\/tengo_todo_4\/root_globalizado4\/libro\/6169\/ISBN_9788467808803\/activity\/U3_121_2_AI\/visor.swf\" target=\"_blank\" rel=\"noopener\">REALIZA CADA SUMA II<\/a><\/p>\n<p><a style=\"font-size: 14px;text-align: -webkit-center\" href=\"http:\/\/regletas.joseantoniocuadrado.com\/portada.swf\" target=\"_blank\" rel=\"noopener\">REGLETAS: SUMAR (P. CONMUTATIVA)<\/a><\/p>\n<p><strong>Propiedad asociativa de la suma<\/strong><\/p>\n<p><a href=\"http:\/\/primerodecarlos.com\/SEGUNDO_PRIMARIA\/tengo_todo_4\/root_globalizado4\/libro\/6169\/ISBN_9788467808803\/activity\/U03_099_01_AI\/visor.swf\" target=\"_blank\" rel=\"noopener\">APRENDE<\/a><\/p>\n<p><a style=\"font-size: 14px;text-align: -webkit-center\" href=\"http:\/\/primerodecarlos.com\/SEGUNDO_PRIMARIA\/tengo_todo_4\/root_globalizado4\/libro\/6169\/ISBN_9788467808803\/activity\/U03_099_02_AI\/visor.swf\" target=\"_blank\" rel=\"noopener\">CALCULA<\/a><\/p>\n<p><a style=\"font-size: 14px;text-align: -webkit-center\" href=\"http:\/\/primerodecarlos.com\/SEGUNDO_PRIMARIA\/tengo_todo_4\/root_globalizado4\/libro\/6169\/ISBN_9788467808803\/activity\/U03_117_02_AI\/visor.swf\" target=\"_blank\" rel=\"noopener\">RELACIONA<\/a><\/p>\n<p><a style=\"font-size: 14px;text-align: -webkit-center\" href=\"http:\/\/regletas.joseantoniocuadrado.com\/portada.swf\" target=\"_blank\" rel=\"noopener\">REGLETAS: SUMAR (P. ASOCIATIVA)<\/a><\/p>\n<p><strong>C\u00e1lculo mental: sumar decenas completas a n\u00fameros de 3 cifras<\/strong><\/p>\n<p><a href=\"http:\/\/www.eltanquematematico.es\/operatoria1\/operatoria_1_p.html\" target=\"_blank\" rel=\"noopener\">6.- SUMAR DECENAS COMPLETAS A N\u00daMEROS DE 3 CIFRAS<\/a><\/p>\n<p><a href=\"http:\/\/hortamajor.edu.gva.es\/calculo\/calculo4.swf\" target=\"_blank\" rel=\"noopener\">SUMAS: 1 SUMAR DECENAS<\/a><\/p>\n<p><strong>Tabla del 9<\/strong><\/p>\n<p><a href=\"http:\/\/www.eltanquematematico.es\/Tablas\/nueve\/estudiar9_p.html\" target=\"_blank\" rel=\"noopener\">TABLA DE MULTIPLICAR DEL 9<\/a><\/p>\n<p><a style=\"font-size: 14px;text-align: -webkit-center\" href=\"http:\/\/www.eltanquematematico.es\/preguntatablas\/nueve\/nueve_p.html\" target=\"_blank\" rel=\"noopener\">\u00bfTE PREGUNTO LA TABLA DEL 9?<\/a><\/p>\n<p><a style=\"font-size: 14px;text-align: -webkit-center\" href=\"http:\/\/agrega.educa.madrid.org\/\/repositorio\/28072010\/8e\/es_2010042313_1110200\/index.html\" target=\"_blank\" rel=\"noopener\">TABLAS DE MULTIPLICAR DEL 6 AL 9<\/a><\/p>\n<p><a style=\"font-size: 14px;text-align: -webkit-center\" href=\"http:\/\/www.eltanquematematico.es\/tablasnuevas\/tabladel9_p.html\" target=\"_blank\" rel=\"noopener\">TABLA DE MULTIPLICAR DEL 9: EST\u00daDIATELA<\/a><\/p>\n<p><a style=\"font-size: 14px;text-align: -webkit-center\" href=\"http:\/\/www.eltanquematematico.es\/tablasnuevas\/tabladel9pa_p.html\" target=\"_blank\" rel=\"noopener\">TABLA DE MULTIPLICAR DEL 9: \u00bfME LA S\u00c9?<\/a><\/p>\n<p><a style=\"font-size: 14px;text-align: -webkit-center\" href=\"http:\/\/www.eltanquematematico.es\/Tablas\/TablasIE.html\" target=\"_blank\" rel=\"noopener\">PRACTICO Y ESTUDIO LAS TABLAS<\/a><\/p>\n<p><a style=\"font-size: 14px;text-align: -webkit-center\" href=\"http:\/\/www.ceiploreto.es\/sugerencias\/cplosangeles.juntaextremadura.net\/web\/segundo_curso\/matematicas_2\/tabla09\/tabla09.html\" target=\"_blank\" rel=\"noopener\">TABLA DEL 9<\/a><\/p>\n<p><span style=\"font-size: 14px;text-align: -webkit-center\">REPASO:&nbsp;&nbsp;<\/span><span style=\"font-size: 14px;text-align: -webkit-center\">&nbsp;<\/span><a style=\"font-size: 14px;text-align: -webkit-center\" href=\"http:\/\/www.primerodecarlos.com\/SEGUNDO_PRIMARIA\/mayo\/tema_3-3\/actividades\/mates\/tablas_9_10\/visor.swf\" target=\"_blank\" rel=\"noopener\">1<\/a><span style=\"font-size: 14px;text-align: -webkit-center\">&nbsp;<\/span><a style=\"font-size: 14px;text-align: -webkit-center\" href=\"http:\/\/www.primerodecarlos.com\/SEGUNDO_PRIMARIA\/mayo\/tema_3-3\/actividades\/mates\/tablas_9_10_2\/visor.swf\" target=\"_blank\" rel=\"noopener\">2<\/a><span style=\"font-size: 14px;text-align: -webkit-center\">&nbsp;<\/span><a style=\"font-size: 14px;text-align: -webkit-center\" href=\"http:\/\/www.primerodecarlos.com\/SEGUNDO_PRIMARIA\/mayo\/tema_3-3\/actividades\/otras\/mates\/aprende-tabla_9.swf\" target=\"_blank\" rel=\"noopener\">3<\/a><span style=\"font-size: 14px;text-align: -webkit-center\">&nbsp;<\/span><a style=\"font-size: 14px;text-align: -webkit-center\" href=\"http:\/\/www.primerodecarlos.com\/SEGUNDO_PRIMARIA\/mayo\/tema_3-3\/actividades\/otras\/mates\/tabla_9_3.swf\" target=\"_blank\" rel=\"noopener\">4<\/a><span style=\"font-size: 14px;text-align: -webkit-center\">&nbsp;<\/span><a style=\"font-size: 14px;text-align: -webkit-center\" href=\"http:\/\/www.primerodecarlos.com\/SEGUNDO_PRIMARIA\/mayo\/tema_3-3\/actividades\/otras\/mates\/tabla_9_2.swf\" target=\"_blank\" rel=\"noopener\">5<\/a><\/p>\n<p><a style=\"font-size: 14px;text-align: -webkit-center\" href=\"http:\/\/www.crienaturavila.com\/crie_httpdocs\/mate\/producto02.html\" target=\"_blank\" rel=\"noopener\">PRODUCTOS DE N\u00daMEROS NATURALES<\/a><\/p>\n<p><a style=\"font-size: 14px;text-align: -webkit-center\" href=\"http:\/\/www.genmagic.org\/menuprogram\/mates1\/animmat3c.swf\" target=\"_blank\" rel=\"noopener\">MULTIPLICACIONES<\/a><\/p>\n<p><a style=\"font-size: 14px;text-align: -webkit-center\" href=\"http:\/\/www.ceiploreto.es\/sugerencias\/A_1\/Recursosdidacticos\/SEGUNDO\/datos\/02_Mates\/03_Recursos\/03_t\/actividades\/operaciones\/06.htm\" target=\"_blank\" rel=\"noopener\">MULTIPLICACIONES CON LLEVADAS<\/a><\/p>\n<p><a style=\"font-size: 14px;text-align: -webkit-center\" href=\"http:\/\/www.eltanquematematico.es\/rellenahuecos\/fichas\/mayo_p.html\" target=\"_blank\" rel=\"noopener\">PRACTICAMOS LAS TABLAS DE MULTIPLICAR<\/a><\/p>\n<p><a style=\"font-size: 14px;text-align: -webkit-center\" href=\"http:\/\/genmagic.net\/repositorio\/displayimage.php?pos=-182\" target=\"_blank\" rel=\"noopener\">C\u00c1LCULO MENTAL (MULTIPLICACIONES)<\/a><\/p>\n<p><a style=\"font-size: 14px;text-align: -webkit-center\" href=\"http:\/\/www.primerodecarlos.com\/TERCERO_PRIMARIA\/archivos\/tablas.swf\" target=\"_blank\" rel=\"noopener\">PRACTICA LAS TABLAS<\/a><\/p>\n<p><a style=\"font-size: 14px;text-align: -webkit-center\" href=\"http:\/\/www.ceiploreto.es\/sugerencias\/cp.juan.de.la.cosa\/Actividadespdimates2\/01\/13\/02\/011302.swf\" target=\"_blank\" rel=\"noopener\">MULTIPLICACIONES II<\/a><\/p>\n<p><a style=\"font-size: 14px;text-align: -webkit-center\" href=\"http:\/\/www.ceiploreto.es\/sugerencias\/cp.juan.de.la.cosa\/Actividadespdimates2\/01\/14\/02\/011402.swf\" target=\"_blank\" rel=\"noopener\">MULTIPLICACIONES III<\/a><\/p>\n<p><a style=\"font-size: 14px;text-align: -webkit-center\" href=\"http:\/\/www.genmagic.org\/repositorio\/albums\/userpics\/ordena_multi_c1.swf\" target=\"_blank\" rel=\"noopener\">ORDENANDO LAS TABLAS DE MULTIPLICAR<\/a><\/p>\n<p><a style=\"font-size: 14px;text-align: -webkit-center\" href=\"http:\/\/bromera.com\/tl_files\/activitatsdigitals\/capicua_2c_PF\/CAPICUA2-U9-PAG16-CAS.swf\" target=\"_blank\" rel=\"noopener\">MULTIPLICACIONES R\u00c1PIDAS<\/a><\/p>\n<p><a style=\"font-size: 14px;text-align: -webkit-center\" href=\"http:\/\/bromera.com\/tl_files\/activitatsdigitals\/capicua_2c_PF\/CAPICUA2-U10-PAG31-CAS.swf\" target=\"_blank\" rel=\"noopener\">\u00bfQU\u00c9 N\u00daMERO FALTA?<\/a><\/p>\n<p><a style=\"font-size: 14px;text-align: -webkit-center\" href=\"http:\/\/bromera.com\/tl_files\/activitatsdigitals\/capicua_2c_PF\/CAPICUA2-U12-PAG53-CAS.swf\" target=\"_blank\" rel=\"noopener\">MULTIPLICAMOS Y PINTAMOS<\/a><\/p>\n<p><a style=\"font-size: 14px;text-align: -webkit-center\" href=\"http:\/\/www.primerodecarlos.com\/SEGUNDO_PRIMARIA\/abril\/BOLOS.swf\" target=\"_blank\" rel=\"noopener\">REPASA LAS TABLAS DE MULTIPLICAR<\/a><\/p>\n<p><a style=\"font-size: 14px;text-align: -webkit-center\" href=\"http:\/\/www.primerodecarlos.com\/SEGUNDO_PRIMARIA\/abril\/tema2-3\/actividades\/mates\/aprende_terminos_multiplicacion\/visor.swf\" target=\"_blank\" rel=\"noopener\">OBSERVA Y APRENDE<\/a><\/p>\n<p><a style=\"font-size: 14px;text-align: -webkit-center\" href=\"http:\/\/www.primerodecarlos.com\/SEGUNDO_PRIMARIA\/abril\/tema2-3\/actividades\/mates\/terminos_multiplicacion\/visor.swf\" target=\"_blank\" rel=\"noopener\">COLOCA EN VERTICAL Y CALCULA<\/a><\/p>\n<p><a style=\"font-size: 14px;text-align: -webkit-center\" href=\"http:\/\/www.ceiploreto.es\/sugerencias\/Lim\/matematicas_2\/multiplicar\/multiplicar.html\" target=\"_blank\" rel=\"noopener\">REPASO LAS TABLAS DE MULTIPLICAR<\/a><\/p>\n<p><a style=\"font-size: 14px;text-align: -webkit-center\" href=\"http:\/\/regletas.joseantoniocuadrado.com\/portada.swf\" target=\"_blank\" rel=\"noopener\">\u00c1BACOS: MULTIPLICAR (TABLAS)<\/a><\/p>\n<p><a style=\"font-size: 14px;text-align: -webkit-center\" href=\"http:\/\/regletas.joseantoniocuadrado.com\/portada.swf\" target=\"_blank\" rel=\"noopener\">REGLETAS: MULTIPLICAR (TABLAS)<\/a><\/p>\n<p><a style=\"font-size: 14px\" href=\"http:\/\/www.genmagic.org\/repositorio\/albums\/userpics\/facfal3c.swf\" target=\"_blank\" rel=\"noopener\">FACTOR QUE FALTA &#8211; 3<\/a><\/p>\n<p><strong>Propiedad conmutativa de la multiplicaci\u00f3n<\/strong><\/p>\n<p><a href=\"http:\/\/www.primaria.librosvivos.net\/archivosCMS\/3\/3\/16\/usuarios\/103294\/9\/mate2ep_ud12_1_cas\/carcasa.swf\" target=\"_blank\" rel=\"noopener\">PROPIEDAD CONMUTATIVA<\/a><\/p>\n<p><strong>C\u00e1lculo mental: restar decenas completas a n\u00fameros de 3 cifras<\/strong><\/p>\n<p><a href=\"http:\/\/hortamajor.edu.gva.es\/calculo\/calculo4.swf\" target=\"_blank\" rel=\"noopener\">RESTAS: 1 RESTAR DECENAS<\/a><\/p>\n<p><strong>Cilindro, cono y esfera<\/strong><\/p>\n<p><a href=\"http:\/\/clic.xtec.cat\/db\/jclicApplet.jsp?project=http:\/\/clic.xtec.cat\/projects\/geo2prim\/jclic\/geo2prim.jclic.zip&amp;lang=es\" target=\"_blank\" rel=\"noopener\">Geometr\u00eda<\/a><\/p>\n<p><a href=\"http:\/\/cerezo.pntic.mec.es\/maria8\/bimates\/geometria\/redondos\/redondos.html\" target=\"_blank\" rel=\"noopener\">CUERPOS REDONDOS<\/a><\/p>\n<p><a style=\"font-size: 14px;text-align: -webkit-center\" href=\"http:\/\/www.ceiploreto.es\/sugerencias\/cp.juan.de.la.cosa\/Actividadespdimates2\/01\/08\/01\/010801.swf\" target=\"_blank\" rel=\"noopener\">CILINDROS, CONOS Y ESFERAS<\/a><\/p>\n<p><a style=\"font-size: 14px;text-align: -webkit-center\" href=\"http:\/\/www.primerodecarlos.com\/SEGUNDO_PRIMARIA\/marzo\/Unidad5\/actividades\/actividades_una_a_una\/mates\/aprende_cuerpos_redondos.swf\" target=\"_blank\" rel=\"noopener\">APRENDE<\/a><\/p>\n<p><a style=\"font-size: 14px;text-align: -webkit-center\" href=\"http:\/\/www.primerodecarlos.com\/SEGUNDO_PRIMARIA\/marzo\/Unidad5\/actividades\/cilindros_conos_esferas.swf\" target=\"_blank\" rel=\"noopener\">COLOREA COMO SE INDICA<\/a><\/p>\n<p><a style=\"font-size: 14px;text-align: -webkit-center\" href=\"http:\/\/2633518-0.web-hosting.es\/blog\/manipulables\/geometria\/tallerfiguras1.swf\" target=\"_blank\" rel=\"noopener\">TALLER DE FIGURAS<\/a><\/p>\n<p><a style=\"font-size: 14px;text-align: -webkit-center\" href=\"http:\/\/2633518-0.web-hosting.es\/blog\/manipulables\/geometria\/copiofiguras.swf\" target=\"_blank\" rel=\"noopener\">COPIO FIGURAS<\/a><\/p>\n<p><a style=\"font-size: 14px;text-align: -webkit-center\" href=\"http:\/\/2633518-0.web-hosting.es\/blog\/tangram\/mi_tangramchino.swf\" target=\"_blank\" rel=\"noopener\">TANGRAM CHINO<\/a><\/p>\n<p><a style=\"font-size: 14px;text-align: -webkit-center\" href=\"http:\/\/2633518-0.web-hosting.es\/blog\/manipulables\/geometria\/policubos.swf\" target=\"_blank\" rel=\"noopener\">POLICUBOS<\/a><\/p>\n<p><a style=\"font-size: 14px;text-align: -webkit-center\" href=\"http:\/\/www.ceiploreto.es\/sugerencias\/Educarchile\/matematicas\/Mat_Mod5_1ro_2_2sem.swf\" target=\"_blank\" rel=\"noopener\">IDENTIFIQUEMOS CUERPOS GEOM\u00c9TRICOS<\/a><\/p>\n<p><a style=\"font-size: 14px;text-align: -webkit-center\" href=\"http:\/\/www.primaria.librosvivos.net\/archivosCMS\/3\/3\/16\/usuarios\/103294\/9\/2epmtcp_ud15_tgeom\/cargador.htm\" target=\"_blank\" rel=\"noopener\">ME ORIENTO<\/a><\/p>\n<p><a style=\"font-size: 14px;text-align: -webkit-center\" href=\"http:\/\/www.ceiploreto.es\/sugerencias\/cplosangeles.juntaextremadura.net\/web\/segundo_curso\/matematicas_2\/cuerpos_geometricos01\/cuerpos_geometricos01.html\" target=\"_blank\" rel=\"noopener\">CUERPOS GEOM\u00c9TRICOS<\/a><\/p>\n<p><a style=\"font-size: 14px;text-align: -webkit-center\" href=\"http:\/\/www.testeando.es\/test.asp?idA=64&amp;idT=luvxtfuj\" target=\"_blank\" rel=\"noopener\">TEST: FIGURAS GEOM\u00c9TRICAS<\/a><\/p>\n<p><a style=\"font-size: 14px;text-align: -webkit-center\" href=\"http:\/\/www.ceiploreto.es\/sugerencias\/ecuador\/matematicas\/2_formas_y_figuras_geometricas\/index.html\" target=\"_blank\" rel=\"noopener\">FORMAS Y FIGURAS GEOM\u00c9TRICAS<\/a><\/p>\n<p><a style=\"font-size: 14px;text-align: -webkit-center\" href=\"http:\/\/www.ceiploreto.es\/sugerencias\/ecuador\/matematicas\/2_cuerpos_geometricos\/index.html\" target=\"_blank\" rel=\"noopener\">CUERPOS GEOM\u00c9TRICOS II<\/a><\/p>\n<p><a style=\"font-size: 14px;text-align: -webkit-center\" href=\"http:\/\/bromera.com\/tl_files\/activitatsdigitals\/capicua_2c_PF\/CAPICUA2-U4-PAG52-CAS.swf\" target=\"_blank\" rel=\"noopener\">CUERPOS GEOM\u00c9TRICOS III<\/a><\/p>\n<p><a style=\"font-size: 14px\" href=\"http:\/\/2633518-0.web-hosting.es\/blog\/geom_ciclo1\/cuerpos_geo1.html\" target=\"_blank\" rel=\"noopener\">CUERPOS GEOM\u00c9TRICOS IV<\/a><\/p>\n<p><strong>Suceso seguro, posible o imposible<\/strong><\/p>\n<p><a href=\"http:\/\/cerezo.pntic.mec.es\/maria8\/bimates\/estadistica\/estadistica.html\" target=\"_blank\" rel=\"noopener\">ESTAD\u00cdSTICA<\/a><\/p>\n<p><a style=\"font-size: 14px;text-align: -webkit-center\" href=\"http:\/\/www.ceiploreto.es\/sugerencias\/cp.juan.de.la.cosa\/Actividadespdimates2\/01\/15\/03\/011503.swf\" target=\"_blank\" rel=\"noopener\">PROBABILIDADES<\/a><\/p>\n<p><a style=\"font-size: 14px;text-align: -webkit-center\" href=\"http:\/\/www.ceiploreto.es\/sugerencias\/cp.juan.de.la.cosa\/Actividadespdimates2\/01\/15\/04\/011504.swf\" target=\"_blank\" rel=\"noopener\">IDEA DE PROBABILIDAD<\/a><\/p>\n<p><a style=\"font-size: 14px;text-align: -webkit-center\" href=\"http:\/\/bromera.com\/tl_files\/activitatsdigitals\/capicua_2c_PF\/CAPICUA2-U4-PAG54-CAS.swf\" target=\"_blank\" rel=\"noopener\">SEGURO, POSIBLE E IMPOSIBLE<\/a><\/p>\n<p><a style=\"font-size: 14px;text-align: -webkit-center\" href=\"http:\/\/www.primerodecarlos.com\/SEGUNDO_PRIMARIA\/mayo\/Unidad5-3\/actividades\/mates\/sucesos\/visor.swf\" target=\"_blank\" rel=\"noopener\">APRENDE I<\/a><\/p>\n<p><a style=\"font-size: 14px;text-align: -webkit-center\" href=\"http:\/\/www.primerodecarlos.com\/SEGUNDO_PRIMARIA\/mayo\/Unidad5-3\/actividades\/una_una\/mates\/seguro_posible_imposible.swf\" target=\"_blank\" rel=\"noopener\">APRENDE II<\/a><\/p>\n<p><a style=\"font-size: 14px;text-align: -webkit-center\" href=\"http:\/\/www.primerodecarlos.com\/SEGUNDO_PRIMARIA\/mayo\/Unidad5-3\/actividades\/mates\/sucesos_2\/visor.swf\" target=\"_blank\" rel=\"noopener\">ESCRIBE LOS N\u00daMEROS<\/a><\/p>\n<p><a style=\"font-size: 14px;text-align: -webkit-center\" href=\"http:\/\/www.primerodecarlos.com\/SEGUNDO_PRIMARIA\/mayo\/Unidad5-3\/actividades\/una_una\/mates\/aleatorias.swf\" target=\"_blank\" rel=\"noopener\">VERDADERO O FALSO<\/a><\/p>\n<p><a style=\"font-size: 14px\" href=\"http:\/\/2633518-0.web-hosting.es\/blog\/paisajes\/mascotas.html\" target=\"_blank\" rel=\"noopener\">MASCOTAS<\/a><\/p>\n<p><strong>Resuelve problemas<\/strong><\/p>\n<p><a href=\"http:\/\/www.ceiploreto.es\/sugerencias\/cp.juan.de.la.cosa\/Actividadespdimates2\/01\/13\/05\/011305.swf\" target=\"_blank\" rel=\"noopener\">PROBLEMA I<\/a><\/p>\n<p><a style=\"font-size: 14px;text-align: -webkit-center\" href=\"http:\/\/www.ceiploreto.es\/sugerencias\/cp.juan.de.la.cosa\/Actividadespdimates2\/01\/14\/04\/011404.swf\" target=\"_blank\" rel=\"noopener\">PROBLEMA II<\/a><\/p>\n<p><a style=\"font-size: 14px;text-align: -webkit-center\" href=\"http:\/\/www.ceiploreto.es\/sugerencias\/cp.juan.de.la.cosa\/Actividadespdimates2\/01\/15\/05\/011505.swf\" target=\"_blank\" rel=\"noopener\">PROBLEMA III<\/a><\/p>\n<p><a style=\"font-size: 14px;text-align: -webkit-center\" href=\"http:\/\/www.primaria.librosvivos.net\/archivosCMS\/3\/3\/16\/usuarios\/103294\/9\/mate2ep_ud13_a2_01_cas\/carcasa.swf\" target=\"_blank\" rel=\"noopener\">RESUELVO PROBLEMAS<\/a><\/p>\n<p><a style=\"font-size: 14px;text-align: -webkit-center\" href=\"http:\/\/www.ceiploreto.es\/sugerencias\/ceipchanopinheiro\/2\/problemazos_3_2\/pro3.html\" target=\"_blank\" rel=\"noopener\">PROBLEMAZOS N\u00ba 3<\/a><\/p>\n<p><a style=\"font-size: 14px;text-align: -webkit-center\" href=\"http:\/\/www.ceiploreto.es\/sugerencias\/ceipchanopinheiro\/2\/problemazos_4_2\/pro4.html\" target=\"_blank\" rel=\"noopener\">PROBLEMAZOS N\u00ba 4<\/a><\/p>\n<p><a style=\"font-size: 14px;text-align: -webkit-center\" href=\"http:\/\/www.ceiploreto.es\/sugerencias\/ceipchanopinheiro\/2\/problemazos_5_2\/pro5.html\" target=\"_blank\" rel=\"noopener\">PROBLEMAZOS N\u00ba 5<\/a><\/p>\n<p><a style=\"font-size: 14px;text-align: -webkit-center\" href=\"http:\/\/www.ceiploreto.es\/sugerencias\/ceipchanopinheiro\/2\/problemazos_6_2\/pro6.html\" target=\"_blank\" rel=\"noopener\">PROBLEMAZOS N\u00ba 6<\/a><\/p>\n<p><a style=\"font-size: 14px\" href=\"http:\/\/www.genmagic.org\/repositorio\/albums\/userpics\/conter2c.swf\" target=\"_blank\" rel=\"noopener\">GANA TERRITORIO &#8211; 2<\/a><\/p>\n<p><a href=\"http:\/\/www.primaria.librosvivos.net\/archivosCMS\/3\/3\/16\/usuarios\/103294\/9\/2epmacp_ud12_e_cas\/carcasa.swf\" target=\"_blank\" rel=\"noopener\">REPASO I<\/a><\/p>\n<p><a href=\"http:\/\/www.ceiploreto.es\/sugerencias\/Lim\/matematicas_2\/mates2_7\/mates2_7.html\" target=\"_blank\" rel=\"noopener\">REPASO II<\/a><\/p>\n","protected":false},"excerpt":{"rendered":"<p>Clases de piano Propiedad conmutativa de la suma PROPIEDAD CONMUTATIVA DE LA SUMA APRENDE REALIZA CADA SUMA I REALIZA CADA SUMA II REGLETAS: SUMAR (P. CONMUTATIVA) Propiedad asociativa de la suma APRENDE CALCULA RELACIONA REGLETAS: SUMAR (P. ASOCIATIVA) C\u00e1lculo mental: sumar decenas completas a n\u00fameros de 3 cifras 6.- SUMAR DECENAS COMPLETAS A N\u00daMEROS DE &hellip; <\/p>\n<p><a class=\"more-link btn\" href=\"https:\/\/blogsaverroes.juntadeandalucia.es\/ceipaznaitin\/matematicas-2o-tema-11\/\">Seguir leyendo<\/a><\/p>\n","protected":false},"author":2805,"featured_media":0,"parent":0,"menu_order":0,"comment_status":"closed","ping_status":"closed","template":"","meta":{"ngg_post_thumbnail":0,"footnotes":"","_mc_calendar":[]},"aioseo_notices":[],"_links":{"self":[{"href":"https:\/\/blogsaverroes.juntadeandalucia.es\/ceipaznaitin\/wp-json\/wp\/v2\/pages\/4441"}],"collection":[{"href":"https:\/\/blogsaverroes.juntadeandalucia.es\/ceipaznaitin\/wp-json\/wp\/v2\/pages"}],"about":[{"href":"https:\/\/blogsaverroes.juntadeandalucia.es\/ceipaznaitin\/wp-json\/wp\/v2\/types\/page"}],"author":[{"embeddable":true,"href":"https:\/\/blogsaverroes.juntadeandalucia.es\/ceipaznaitin\/wp-json\/wp\/v2\/users\/2805"}],"replies":[{"embeddable":true,"href":"https:\/\/blogsaverroes.juntadeandalucia.es\/ceipaznaitin\/wp-json\/wp\/v2\/comments?post=4441"}],"version-history":[{"count":14,"href":"https:\/\/blogsaverroes.juntadeandalucia.es\/ceipaznaitin\/wp-json\/wp\/v2\/pages\/4441\/revisions"}],"predecessor-version":[{"id":4457,"href":"https:\/\/blogsaverroes.juntadeandalucia.es\/ceipaznaitin\/wp-json\/wp\/v2\/pages\/4441\/revisions\/4457"}],"wp:attachment":[{"href":"https:\/\/blogsaverroes.juntadeandalucia.es\/ceipaznaitin\/wp-json\/wp\/v2\/media?parent=4441"}],"curies":[{"name":"wp","href":"https:\/\/api.w.org\/{rel}","templated":true}]}}