{"id":4479,"date":"2018-02-21T14:03:02","date_gmt":"2018-02-21T12:03:02","guid":{"rendered":"http:\/\/blogsaverroes.juntadeandalucia.es\/ceipaznaitin\/?page_id=4479"},"modified":"2018-02-21T14:13:14","modified_gmt":"2018-02-21T12:13:14","slug":"matematicas-3o-tema-11","status":"publish","type":"page","link":"https:\/\/blogsaverroes.juntadeandalucia.es\/ceipaznaitin\/matematicas-3o-tema-11\/","title":{"rendered":"Matem\u00e1ticas 3\u00ba Tema 11"},"content":{"rendered":"<p><strong>Figuras planas y cuerpos geom\u00e9tricos<\/strong><\/p>\n<p><strong>Contenidos previos<\/strong><\/p>\n<p><a href=\"http:\/\/www.ceiploreto.es\/sugerencias\/A_1\/Recursosdidacticos\/TERCERO\/datos\/03_mates\/U12\/04.htm\" target=\"_blank\" rel=\"noopener\">LOS POL\u00cdGONOS. CLASIFICACI\u00d3N<\/a><\/p>\n<p><a href=\"http:\/\/www.primaria.librosvivos.net\/archivosCMS\/3\/3\/16\/usuarios\/103294\/9\/mate3EP_ud15_cuerposgeometricos\/frame_prim.swf\" target=\"_blank\" rel=\"noopener\">LOS CUERPOS GEOM\u00c9TRICOS<\/a><\/p>\n<p><strong>Pol\u00edgonos y sus elementos<\/strong><\/p>\n<p><a href=\"http:\/\/clic.xtec.cat\/db\/jclicApplet.jsp?project=http:\/\/clic.xtec.cat\/projects\/poligoes\/jclic\/poligoes.jclic.zip&amp;lang=es&amp;title=Geometria+plana\" target=\"_blank\" rel=\"noopener\">Geometr\u00eda plana<\/a><\/p>\n<p><a href=\"http:\/\/calasanz.edu.gva.es\/7_ejercicios\/matematicas\/mate3pri\/9_fig_planas01.html\" target=\"_blank\" rel=\"noopener\">LOS POL\u00cdGONOS I<\/a><\/p>\n<p><a style=\"font-size: 14px;text-align: -webkit-center\" href=\"http:\/\/www.ceiploreto.es\/sugerencias\/A_1\/Recursosdidacticos\/TERCERO\/datos\/03_mates\/U12\/03.htm\" target=\"_blank\" rel=\"noopener\">ELEMENTOS DE LOS POL\u00cdGONOS<\/a><\/p>\n<p><a style=\"font-size: 14px;text-align: -webkit-center\" href=\"http:\/\/www.librosvivos.net\/smtc\/PagPorFormulario.asp?TemaClave=1049&amp;est=0\" target=\"_blank\" rel=\"noopener\">LOS POL\u00cdGONOS II<\/a><\/p>\n<p><a style=\"font-size: 14px;text-align: -webkit-center\" href=\"http:\/\/cp.claracampoamor.fuenlabrada.educa.madrid.org\/flash\/area\/matematicas\/380.swf\" target=\"_blank\" rel=\"noopener\">POL\u00cdGONOS<\/a><\/p>\n<p><a style=\"font-size: 14px;text-align: -webkit-center\" href=\"http:\/\/www.ceiploreto.es\/sugerencias\/tic2.sepdf.gob.mx\/scorm\/oas\/mat\/tercero\/36\/intro.swf\" target=\"_blank\" rel=\"noopener\">CONOZCAMOS LOS POL\u00cdGONOS REGULARES<\/a><\/p>\n<p><a style=\"font-size: 14px;text-align: -webkit-center\" href=\"http:\/\/bromera.com\/tl_files\/activitatsdigitals\/Capicua_3c_PF\/cas_C3_u05_16_0_classificaPoligons.swf\" target=\"_blank\" rel=\"noopener\">CLASIFICA ESTOS POL\u00cdGONOS<\/a><\/p>\n<p><strong>Clasificaci\u00f3n de tri\u00e1ngulos seg\u00fan sus lados<\/strong><\/p>\n<p><a href=\"http:\/\/www.juntadeandalucia.es\/averroes\/centros-tic\/41009470\/helvia\/aula\/archivos\/repositorio\/0\/196\/html\/recursos\/la\/U10\/pages\/recursos\/143164_P138\/es_carcasa.html\" target=\"_blank\" rel=\"noopener\">CLASIFICACI\u00d3N DE TRI\u00c1NGULOS<\/a><\/p>\n<p><a style=\"font-size: 14px;text-align: -webkit-center\" href=\"http:\/\/cp.claracampoamor.fuenlabrada.educa.madrid.org\/flash\/area\/matematicas\/378.swf\" target=\"_blank\" rel=\"noopener\">TRI\u00c1NGULOS I<\/a><\/p>\n<p><a style=\"font-size: 14px;text-align: -webkit-center\" href=\"http:\/\/www.ceiploreto.es\/sugerencias\/A_1\/Recursosdidacticos\/TERCERO\/datos\/03_mates\/U13\/01.htm\" target=\"_blank\" rel=\"noopener\">LOS TRI\u00c1NGULOS SEG\u00daN SUS LADOS<\/a><\/p>\n<p><a style=\"font-size: 14px;text-align: -webkit-center\" href=\"http:\/\/cerezo.pntic.mec.es\/maria8\/bimates\/geometria\/triangulos\/concepto.html\" target=\"_blank\" rel=\"noopener\">TRI\u00c1NGULOS II<\/a><\/p>\n<p><a style=\"font-size: 14px;text-align: -webkit-center\" href=\"http:\/\/2633518-0.web-hosting.es\/blog\/manipulables\/geometria\/estudiotriangulo.swf\" target=\"_blank\" rel=\"noopener\">TRI\u00c1NGULOS. CLASES<\/a><\/p>\n<p><a style=\"font-size: 14px;text-align: -webkit-center\" href=\"http:\/\/www.ceiploreto.es\/sugerencias\/tic2.sepdf.gob.mx\/scorm\/oas\/mat\/tercero\/38\/intro.swf\" target=\"_blank\" rel=\"noopener\">CONOZCAMOS LOS TRI\u00c1NGULOS<\/a><\/p>\n<p><a style=\"font-size: 14px;text-align: -webkit-center\" href=\"http:\/\/bromera.com\/tl_files\/activitatsdigitals\/Capicua_3c_PF\/cas_C3_u06_28_0_classificaTriangles.swf\" target=\"_blank\" rel=\"noopener\">CLASIFICA ESTOS TRI\u00c1NGULOS<\/a><\/p>\n<p><strong>Clasificaci\u00f3n de cuadril\u00e1teros<\/strong><\/p>\n<p><a href=\"http:\/\/www.primerodecarlos.com\/TERCERO_PRIMARIA\/mayo\/Unidad12\/matematicas\/actividades\/marciapg.swf\" target=\"_blank\" rel=\"noopener\">LOS CUADRIL\u00c1TEROS I<\/a><\/p>\n<p><a style=\"font-size: 14px;text-align: -webkit-center\" href=\"http:\/\/www.ceiploreto.es\/sugerencias\/A_1\/Recursosdidacticos\/TERCERO\/datos\/03_mates\/U13\/03.htm\" target=\"_blank\" rel=\"noopener\">LOS CUADRIL\u00c1TEROS II<\/a><\/p>\n<p><a style=\"font-size: 14px;text-align: -webkit-center\" href=\"http:\/\/cerezo.pntic.mec.es\/maria8\/bimates\/geometria\/cuadrilateros\/cuadrilateros.html\" target=\"_blank\" rel=\"noopener\">CUADRIL\u00c1TEROS Y PARALELOGRAMOS<\/a><\/p>\n<p><a style=\"font-size: 14px;text-align: -webkit-center\" href=\"http:\/\/www.ceiploreto.es\/sugerencias\/tic2.sepdf.gob.mx\/scorm\/oas\/mat\/tercero\/37\/intro.swf\" target=\"_blank\" rel=\"noopener\">CONOZCAMOS LOS CUADRIL\u00c1TEROS<\/a><\/p>\n<p><a style=\"font-size: 14px;text-align: -webkit-center\" href=\"http:\/\/www.ceiploreto.es\/sugerencias\/Educarchile\/matematicas\/Pitagoras_1_2\/Pitagoras.swf\" target=\"_blank\" rel=\"noopener\">CUADRADOS, RECT\u00c1NGULOS Y TRI\u00c1NGULOS<\/a><\/p>\n<p><strong>Circunferencia y c\u00edrculo<\/strong><\/p>\n<p><a href=\"http:\/\/clic.xtec.cat\/db\/jclicApplet.jsp?project=http:\/\/clic.xtec.cat\/projects\/geomes\/jclic\/geomes.jclic.zip&amp;lang=es&amp;title=Circumfer%C3%A8ncies+i+cossos+geom%C3%A8trics\" target=\"_blank\" rel=\"noopener\">La circunferencia<\/a><\/p>\n<p><a href=\"http:\/\/www.genmagic.org\/mates2\/cir1c.swf\" target=\"_blank\" rel=\"noopener\">LA CIRCUNFERENCIA<\/a><\/p>\n<p><a style=\"font-size: 14px;text-align: -webkit-center\" href=\"http:\/\/www.ceiploreto.es\/sugerencias\/A_1\/Recursosdidacticos\/TERCERO\/datos\/03_mates\/U14\/01.htm\" target=\"_blank\" rel=\"noopener\">CIRCUNFERENCIA Y C\u00cdRCULO. CONCEPTOS<\/a><\/p>\n<p><a style=\"font-size: 14px;text-align: -webkit-center\" href=\"http:\/\/www.ceiploreto.es\/sugerencias\/A_1\/Recursosdidacticos\/TERCERO\/datos\/03_mates\/U14\/02.htm\" target=\"_blank\" rel=\"noopener\">RADIO Y DI\u00c1METRO<\/a><\/p>\n<p><a style=\"font-size: 14px;text-align: -webkit-center\" href=\"http:\/\/www.ceiploreto.es\/sugerencias\/A_1\/Recursosdidacticos\/TERCERO\/datos\/03_mates\/U14\/03.htm\" target=\"_blank\" rel=\"noopener\">RADIO Y DI\u00c1METRO. C\u00c1LCULO<\/a><\/p>\n<p><a style=\"font-size: 14px;text-align: -webkit-center\" href=\"http:\/\/www.ceiploreto.es\/sugerencias\/cplosangeles.juntaextremadura.net\/web\/curso_3\/matematicas\/figuras_planas_3\/figuras_planas_3.html\" target=\"_blank\" rel=\"noopener\">FIGURAS PLANAS<\/a><\/p>\n<p><a style=\"font-size: 14px;text-align: -webkit-center\" href=\"http:\/\/www.testeando.es\/test.asp?idA=65&amp;idT=zqctzcag\" target=\"_blank\" rel=\"noopener\">TEST: POL\u00cdGONOS<\/a><\/p>\n<p><a style=\"font-size: 14px;text-align: -webkit-center\" href=\"http:\/\/www.primaria.librosvivos.net\/actividades\/flashActividadesPrimariaPub\/examen.swf?idejecucion=382551\" target=\"_blank\" rel=\"noopener\">CIRCUNFERENCIA Y C\u00cdRCULO<\/a><\/p>\n<p><strong>Per\u00edmetro<\/strong><\/p>\n<p><a href=\"http:\/\/bromera.com\/tl_files\/activitatsdigitals\/Capicua_3c_PF\/cas_C3_u06_29_4_mesurarLongitud.swf\" target=\"_blank\" rel=\"noopener\">CALCULA EL PER\u00cdMETRO DE LOS TRI\u00c1NGULOS<\/a><\/p>\n<p><a href=\"http:\/\/www.primaria.librosvivos.net\/actividades\/flashActividadesPrimariaPub\/examen.swf?idejecucion=382738\" target=\"_blank\" rel=\"noopener\">EL PER\u00cdMETRO<\/a><\/p>\n<p><a href=\"http:\/\/www.genmagic.org\/repositorio\/albums\/userpics\/isos2c.swf\" target=\"_blank\" rel=\"noopener\">C\u00c1LCULO DE LOS LADOS DE UN TRI\u00c1NGULO&#8230;<\/a><\/p>\n<p><strong>Superficie<\/strong><\/p>\n<p><a href=\"http:\/\/agrega2.red.es\/\/repositorio\/01022010\/0c\/es_2009091713_7663685\/ma003_oa04_es\/index.html\" target=\"_blank\" rel=\"noopener\">TESELADO DEL PLANO<\/a><\/p>\n<p><a href=\"http:\/\/ntic.educacion.es\/w3\/recursos\/primaria\/matematicas\/superficie\/menu.html\" target=\"_blank\" rel=\"noopener\">LA SUPERFICIE<\/a><\/p>\n<p><a href=\"http:\/\/www.ceiploreto.es\/sugerencias\/cplosangeles.juntaextremadura.net\/web\/curso_3\/matematicas\/area_3\/area_3.html\" target=\"_blank\" rel=\"noopener\">PER\u00cdMETROS Y \u00c1REAS<\/a><\/p>\n<p><strong>Cuerpos geom\u00e9tricos<\/strong><\/p>\n<p><a href=\"http:\/\/clic.xtec.cat\/db\/jclicApplet.jsp?project=http:\/\/clic.xtec.cat\/projects\/geomes\/jclic\/geomes.jclic.zip&amp;lang=es&amp;title=Circumfer%C3%A8ncies+i+cossos+geom%C3%A8trics\" target=\"_blank\" rel=\"noopener\">Cuerpos geom\u00e9tricos<\/a><\/p>\n<p><a href=\"http:\/\/calasanz.edu.gva.es\/7_ejercicios\/matematicas\/mate3pri\/13_cuerpos_geom1.html\" target=\"_blank\" rel=\"noopener\">CUERPOS GEOM\u00c9TRICOS I<\/a><\/p>\n<p><a style=\"font-size: 14px;text-align: -webkit-center\" href=\"http:\/\/www.educa.jcyl.es\/educacyl\/cm\/gallery\/recursos%20edebe\/matematicas\/8_10_2\/index.htm\" target=\"_blank\" rel=\"noopener\">GEOMETR\u00cdA Y MEDIDAS<\/a><\/p>\n<p><a style=\"font-size: 14px;text-align: -webkit-center\" href=\"http:\/\/www.xtec.cat\/~epuig124\/mates\/geometria\/castella\/inici.swf\" target=\"_blank\" rel=\"noopener\">GEOMETR\u00cdA<\/a><\/p>\n<p><a style=\"font-size: 14px;text-align: -webkit-center\" href=\"http:\/\/www.ceiploreto.es\/sugerencias\/A_1\/Recursosdidacticos\/TERCERO\/datos\/03_mates\/U12\/01.htm\" target=\"_blank\" rel=\"noopener\">ELEMENTOS DE LOS CUERPOS GEOM\u00c9TRICOS<\/a><\/p>\n<p><a style=\"font-size: 14px;text-align: -webkit-center\" href=\"http:\/\/www.ceiploreto.es\/sugerencias\/A_1\/Recursosdidacticos\/TERCERO\/datos\/03_mates\/U12\/02.htm\" target=\"_blank\" rel=\"noopener\">LOS CUERPOS GEOM\u00c9TRICOS. CLASIFICACI\u00d3N<\/a><\/p>\n<p><a style=\"font-size: 14px;text-align: -webkit-center\" href=\"http:\/\/cerezo.pntic.mec.es\/maria8\/bimates\/geometria\/prismasypiramide\/prismas.html\" target=\"_blank\" rel=\"noopener\">PRISMAS Y PIR\u00c1MIDES<\/a><\/p>\n<p><a style=\"font-size: 14px;text-align: -webkit-center\" href=\"http:\/\/cerezo.pntic.mec.es\/maria8\/bimates\/geometria\/redondos\/redondos.html\" target=\"_blank\" rel=\"noopener\">CONO, ESFERA Y CILINDRO<\/a><\/p>\n<p><a style=\"font-size: 14px;text-align: -webkit-center\" href=\"http:\/\/www.ceiploreto.es\/sugerencias\/cplosangeles.juntaextremadura.net\/web\/curso_3\/matematicas\/cuerpos_geometricos_3\/cuerpos_geometricos_3.html\" target=\"_blank\" rel=\"noopener\">CUERPOS GEOM\u00c9TRICOS II<\/a><\/p>\n<p><a style=\"font-size: 14px;text-align: -webkit-center\" href=\"http:\/\/www.testeando.es\/test.asp?idA=65&amp;idT=vvoocgnb\" target=\"_blank\" rel=\"noopener\">TEST: CUERPOS GEOM\u00c9TRICOS<\/a><\/p>\n<p><a style=\"font-size: 14px;text-align: -webkit-center\" href=\"http:\/\/bromera.com\/tl_files\/activitatsdigitals\/Capicua_3c_PF\/cas_C3_u07_42_3_classificaCossos.swf\" target=\"_blank\" rel=\"noopener\">CLASIFICA ESTOS CUERPOS GEOM\u00c9TRICOS<\/a><\/p>\n<p><a style=\"font-size: 14px;text-align: -webkit-center\" href=\"http:\/\/bromera.com\/tl_files\/activitatsdigitals\/Capicua_3c_PF\/cas_C3_u11_42_classificaCossos.swf\" target=\"_blank\" rel=\"noopener\">HAZ CLIC EN LAS FIGURAS<\/a><\/p>\n<p><a style=\"font-size: 14px;text-align: -webkit-center\" href=\"http:\/\/www.ceiploreto.es\/sugerencias\/Educarchile\/matematicas\/Pitagoras_1_2\/Pitagoras.swf\" target=\"_blank\" rel=\"noopener\">FIGURAS GEOM\u00c9TRICAS<\/a><\/p>\n<p><a style=\"font-size: 14px;text-align: -webkit-center\" href=\"http:\/\/www.primaria.librosvivos.net\/actividades\/flashActividadesPrimariaPub\/examen.swf?idejecucion=384213\" target=\"_blank\" rel=\"noopener\">PIR\u00c1MIDES<\/a><\/p>\n<p><a style=\"font-size: 14px;text-align: -webkit-center\" href=\"http:\/\/www.primaria.librosvivos.net\/actividades\/flashActividadesPrimariaPub\/examen.swf?idejecucion=384402\" target=\"_blank\" rel=\"noopener\">CUERPOS REDONDOS<\/a><\/p>\n<p><strong>\u00a1Sin problemas!<\/strong><\/p>\n<p><a href=\"http:\/\/www.primaria.librosvivos.net\/archivosCMS\/3\/3\/16\/usuarios\/103294\/9\/mate3EP_ud15_buscaresppos\/frame_prim.swf\" target=\"_blank\" rel=\"noopener\">BUSCAR LAS RESPUESTAS POSIBLES<\/a><\/p>\n<p><a href=\"http:\/\/www.primaria.librosvivos.net\/archivosCMS\/3\/3\/16\/usuarios\/103294\/9\/3epmac2_ud11_rp01_cas\/carcasa.swf\" target=\"_blank\" rel=\"noopener\">RESUELVE PROBLEMAS I<\/a><\/p>\n<p><a href=\"http:\/\/www.primaria.librosvivos.net\/archivosCMS\/3\/3\/16\/usuarios\/103294\/9\/3epmac2_ud12_rpb01_cas\/carcasa.swf\" target=\"_blank\" rel=\"noopener\">RESUELVE PROBLEMAS II<\/a><\/p>\n<p><a href=\"http:\/\/www.primaria.librosvivos.net\/actividades\/flashActividadesPrimariaPub\/examen.swf?idejecucion=4292\" target=\"_blank\" rel=\"noopener\">AUTOEVALUACI\u00d3N DE LA UNIDAD I<\/a><\/p>\n<p><a href=\"http:\/\/www.primaria.librosvivos.net\/actividades\/flashActividadesPrimariaPub\/examen.swf?idejecucion=384398\" target=\"_blank\" rel=\"noopener\">AUTOEVALUACI\u00d3N DE LA UNIDAD II<\/a><\/p>\n","protected":false},"excerpt":{"rendered":"<p>Figuras planas y cuerpos geom\u00e9tricos Contenidos previos LOS POL\u00cdGONOS. CLASIFICACI\u00d3N LOS CUERPOS GEOM\u00c9TRICOS Pol\u00edgonos y sus elementos Geometr\u00eda plana LOS POL\u00cdGONOS I ELEMENTOS DE LOS POL\u00cdGONOS LOS POL\u00cdGONOS II POL\u00cdGONOS CONOZCAMOS LOS POL\u00cdGONOS REGULARES CLASIFICA ESTOS POL\u00cdGONOS Clasificaci\u00f3n de tri\u00e1ngulos seg\u00fan sus lados CLASIFICACI\u00d3N DE TRI\u00c1NGULOS TRI\u00c1NGULOS I LOS TRI\u00c1NGULOS SEG\u00daN SUS LADOS TRI\u00c1NGULOS II &hellip; <\/p>\n<p><a class=\"more-link btn\" href=\"https:\/\/blogsaverroes.juntadeandalucia.es\/ceipaznaitin\/matematicas-3o-tema-11\/\">Seguir leyendo<\/a><\/p>\n","protected":false},"author":2805,"featured_media":0,"parent":0,"menu_order":0,"comment_status":"closed","ping_status":"closed","template":"","meta":{"ngg_post_thumbnail":0,"footnotes":"","_mc_calendar":[]},"aioseo_notices":[],"_links":{"self":[{"href":"https:\/\/blogsaverroes.juntadeandalucia.es\/ceipaznaitin\/wp-json\/wp\/v2\/pages\/4479"}],"collection":[{"href":"https:\/\/blogsaverroes.juntadeandalucia.es\/ceipaznaitin\/wp-json\/wp\/v2\/pages"}],"about":[{"href":"https:\/\/blogsaverroes.juntadeandalucia.es\/ceipaznaitin\/wp-json\/wp\/v2\/types\/page"}],"author":[{"embeddable":true,"href":"https:\/\/blogsaverroes.juntadeandalucia.es\/ceipaznaitin\/wp-json\/wp\/v2\/users\/2805"}],"replies":[{"embeddable":true,"href":"https:\/\/blogsaverroes.juntadeandalucia.es\/ceipaznaitin\/wp-json\/wp\/v2\/comments?post=4479"}],"version-history":[{"count":12,"href":"https:\/\/blogsaverroes.juntadeandalucia.es\/ceipaznaitin\/wp-json\/wp\/v2\/pages\/4479\/revisions"}],"predecessor-version":[{"id":4493,"href":"https:\/\/blogsaverroes.juntadeandalucia.es\/ceipaznaitin\/wp-json\/wp\/v2\/pages\/4479\/revisions\/4493"}],"wp:attachment":[{"href":"https:\/\/blogsaverroes.juntadeandalucia.es\/ceipaznaitin\/wp-json\/wp\/v2\/media?parent=4479"}],"curies":[{"name":"wp","href":"https:\/\/api.w.org\/{rel}","templated":true}]}}