{"id":4494,"date":"2018-02-21T14:13:39","date_gmt":"2018-02-21T12:13:39","guid":{"rendered":"http:\/\/blogsaverroes.juntadeandalucia.es\/ceipaznaitin\/?page_id=4494"},"modified":"2018-02-21T14:25:50","modified_gmt":"2018-02-21T12:25:50","slug":"matematicas-4o-tema-11","status":"publish","type":"page","link":"https:\/\/blogsaverroes.juntadeandalucia.es\/ceipaznaitin\/matematicas-4o-tema-11\/","title":{"rendered":"Matem\u00e1ticas 4\u00ba Tema 11"},"content":{"rendered":"<p><strong>Figuras planas y cuerpos geom\u00e9tricos<\/strong><\/p>\n<p><strong>Contenidos previos<\/strong><\/p>\n<p><a href=\"http:\/\/www.ceiploreto.es\/sugerencias\/A_1\/Recursosdidacticos\/TERCERO\/datos\/03_mates\/U12\/03.htm\" target=\"_blank\" rel=\"noopener\">ELEMENTOS DE LOS POL\u00cdGONOS I<\/a><\/p>\n<p><a style=\"font-size: 14px;text-align: -webkit-center\" href=\"https:\/\/00e318d83315e46b925ab1a75067e467dbe8c58b.googledrive.com\/host\/0B1Vgtb2eYp9Sbi13YTJuWmFYU2c\/\" target=\"_blank\" rel=\"noopener\">ELEMENTOS DE LOS POL\u00cdGONOS II<\/a><\/p>\n<p><a style=\"font-size: 14px;text-align: -webkit-center\" href=\"https:\/\/9c93f27499100f3b83d99a8a1f72890baaed3081.googledrive.com\/host\/0B1Vgtb2eYp9SczVwR1hjZ1V2VVU\/\" target=\"_blank\" rel=\"noopener\">RECUERDA LO QUE SABES<\/a><\/p>\n<p><a style=\"font-size: 14px;text-align: -webkit-center\" href=\"http:\/\/www.genmagic.org\/mates1\/per1c.swf\" target=\"_blank\" rel=\"noopener\">ELEMENTOS Y PER\u00cdMETRO DE UN POL\u00cdGONO<\/a><\/p>\n<p><a style=\"font-size: 14px;text-align: -webkit-center\" href=\"http:\/\/www.genmagic.org\/repositorio\/albums\/userpics\/perim1c.swf\" target=\"_blank\" rel=\"noopener\">PER\u00cdMETROS &#8211; 1<\/a><\/p>\n<p><a style=\"font-size: 14px;text-align: -webkit-center\" href=\"http:\/\/bromera.com\/tl_files\/activitatsdigitals\/Capicua_4c_PF\/cas_C4_u06_28_1_mesurarLongitud.swf\" target=\"_blank\" rel=\"noopener\">CALCULA EL PER\u00cdMETRO<\/a><\/p>\n<p><a style=\"font-size: 14px\" href=\"http:\/\/cte.seebc.gob.mx\/pta\/app\/cuarto\/matematicas\/bloque3\/act6\/\" target=\"_blank\" rel=\"noopener\">LOS CAMPOS CERCADOS<\/a><span style=\"font-size: 14px\">&nbsp;(espera un poco)<\/span><\/p>\n<p><strong>Clasificaci\u00f3n de tri\u00e1ngulos<\/strong><\/p>\n<p><a href=\"http:\/\/ntic.educacion.es\/w3\/eos\/MaterialesEducativos\/mem2000\/triangulo\/index.htm\" target=\"_blank\" rel=\"noopener\">\u00bfS\u00d3LO TRES PUNTOS?<\/a><\/p>\n<p><a style=\"font-size: 14px;text-align: -webkit-center\" href=\"http:\/\/cerezo.pntic.mec.es\/maria8\/bimates\/geometria\/triangulos\/concepto.html\" target=\"_blank\" rel=\"noopener\">TRI\u00c1NGULOS<\/a><\/p>\n<p><a style=\"font-size: 14px;text-align: -webkit-center\" href=\"http:\/\/2633518-0.web-hosting.es\/blog\/manipulables\/geometria\/estudiotriangulo.swf\" target=\"_blank\" rel=\"noopener\">TRI\u00c1NGULOS. CLASES<\/a><\/p>\n<p><a style=\"font-size: 14px;text-align: -webkit-center\" href=\"http:\/\/www.ceiploreto.es\/sugerencias\/Educarchile\/matematicas\/Pitagoras_3\/Pitagoras.swf\" target=\"_blank\" rel=\"noopener\">TRI\u00c1NGULOS II<\/a><\/p>\n<p><a style=\"font-size: 14px\" href=\"http:\/\/www.ceiploreto.es\/sugerencias\/cplosangeles.juntaextremadura.net\/web\/curso_4\/matematicas_4\/triangulos_4\/triangulos_4.html\" target=\"_blank\" rel=\"noopener\">TRI\u00c1NGULOS III<\/a><\/p>\n<p><strong>Clasificaci\u00f3n de cuadril\u00e1teros<\/strong><\/p>\n<p><a href=\"http:\/\/www.primerodecarlos.com\/TERCERO_PRIMARIA\/mayo\/Unidad12\/matematicas\/actividades\/marciapg.swf\" target=\"_blank\" rel=\"noopener\">LOS CUADRIL\u00c1TEROS<\/a><\/p>\n<p><a style=\"font-size: 14px;text-align: -webkit-center\" href=\"http:\/\/www.ceiploreto.es\/sugerencias\/A_1\/Recursosdidacticos\/CUARTO\/datos\/01_Mates\/datos\/05_rdi\/U11\/02.htm\" target=\"_blank\" rel=\"noopener\">TRI\u00c1NGULOS Y CUADRIL\u00c1TEROS. CLASIFICACI\u00d3N<\/a><\/p>\n<p><a style=\"font-size: 14px;text-align: -webkit-center\" href=\"http:\/\/cerezo.pntic.mec.es\/maria8\/bimates\/geometria\/cuadrilateros\/cuadrilateros.html\" target=\"_blank\" rel=\"noopener\">CUADRIL\u00c1TEROS Y PARALELOGRAMOS<\/a><\/p>\n<p><a style=\"font-size: 14px;text-align: -webkit-center\" href=\"http:\/\/2633518-0.web-hosting.es\/blog\/manipulables\/geometria\/cuadrilateros.swf\" target=\"_blank\" rel=\"noopener\">CUDRIL\u00c1TEROS. CLASES<\/a><\/p>\n<p><a style=\"font-size: 14px;text-align: -webkit-center\" href=\"http:\/\/www.ceiploreto.es\/sugerencias\/ecuador\/matematicas\/4_perimetro_cuadrado_rectangulo\/index.html\" target=\"_blank\" rel=\"noopener\">PER\u00cdMETRO DEL CUADRADO Y DEL RECT\u00c1NGULO<\/a><\/p>\n<p><a style=\"font-size: 14px;text-align: -webkit-center\" href=\"http:\/\/www.testeando.es\/test.asp?idA=66&amp;idT=silvztjh\" target=\"_blank\" rel=\"noopener\">TEST: FIGURAS PLANAS<\/a><\/p>\n<p><a style=\"font-size: 14px;text-align: -webkit-center\" href=\"http:\/\/www.ceiploreto.es\/sugerencias\/Educarchile\/matematicas\/Pitagoras_4\/Pitagoras.swf\" target=\"_blank\" rel=\"noopener\">CUADRIL\u00c1TEROS<\/a><\/p>\n<p><a style=\"font-size: 14px\" href=\"http:\/\/www.ceiploreto.es\/sugerencias\/cplosangeles.juntaextremadura.net\/web\/curso_4\/matematicas_4\/cuadrilateros_4\/cuadrilateros_4.html\" target=\"_blank\" rel=\"noopener\">CUADRIL\u00c1TEROS II<\/a><\/p>\n<p><a style=\"font-size: 14px\" href=\"http:\/\/www.genmagic.org\/repositorio\/albums\/userpics\/capfig3c.swf\" target=\"_blank\" rel=\"noopener\">FIGURAS GEOM\u00c9TRICAS<\/a><\/p>\n<p><strong>Circunferencia y c\u00edrculo<\/strong><\/p>\n<p><a href=\"http:\/\/clic.xtec.cat\/db\/jclicApplet.jsp?project=http:\/\/clic.xtec.cat\/projects\/geomes\/jclic\/geomes.jclic.zip&amp;lang=es&amp;title=Circumfer%E8ncies+i+cossos+geom%E8trics\" target=\"_blank\" rel=\"noopener\">La circunferencia<\/a><\/p>\n<p><a href=\"http:\/\/www.genmagic.org\/mates2\/cir1c.swf\" target=\"_blank\" rel=\"noopener\">LA CIRCUNFERENCIA<\/a><\/p>\n<p><a href=\"http:\/\/www.ceiploreto.es\/sugerencias\/A_1\/Recursosdidacticos\/CUARTO\/datos\/01_Mates\/datos\/05_rdi\/U11\/03.htm\" target=\"_blank\" rel=\"noopener\">CIRCUNFERENCIA Y C\u00cdRCULO. ELEMENTOS<\/a><\/p>\n<p><a href=\"http:\/\/www.ceiploreto.es\/sugerencias\/cplosangeles.juntaextremadura.net\/web\/curso_4\/matematicas_4\/poligonos_4\/poligonos_4.html\" target=\"_blank\" rel=\"noopener\">POL\u00cdGONOS<\/a><\/p>\n<p><a href=\"http:\/\/www.ceiploreto.es\/sugerencias\/cplosangeles.juntaextremadura.net\/web\/curso_4\/matematicas_4\/circunferencia_circulo_4\/circunferencia_circulo_4.html\" target=\"_blank\" rel=\"noopener\">CIRCUNFERENCIA Y C\u00cdRCULO<\/a><\/p>\n<p><strong>\u00c1rea del cuadrado y del rect\u00e1ngulo<\/strong><\/p>\n<p><a href=\"http:\/\/docentes.educacion.navarra.es\/msadaall\/geogebra\/areas.htm\" target=\"_blank\" rel=\"noopener\">\u00c1REA DE POL\u00cdGONOS<\/a><\/p>\n<p><a href=\"http:\/\/www.ceiploreto.es\/sugerencias\/cplosangeles.juntaextremadura.net\/web\/curso_4\/matematicas_4\/areas_4\/areas_4.html\" target=\"_blank\" rel=\"noopener\">\u00c1REA DE FIGURAS PLANAS<\/a><\/p>\n<p><strong>\u00c1rea del tri\u00e1ngulo, el rombo y el trapecio<\/strong><\/p>\n<p><a style=\"font-size: 14px;text-align: -webkit-center\" href=\"http:\/\/www.genmagic.org\/repositorio\/albums\/userpics\/arperc.swf\" target=\"_blank\" rel=\"noopener\">PER\u00cdMETRO Y \u00c1REA &#8211; 1<\/a><\/p>\n<p><a style=\"font-size: 14px;text-align: -webkit-center\" href=\"http:\/\/www.educa.jcyl.es\/educacyl\/cm\/zonaalumnos\/tkPopUp?pgseed=1168680284243&amp;idContent=20744&amp;locale=es_ES&amp;textOnly=false\" target=\"_blank\" rel=\"noopener\">CUADRANDO METROS CUADRADOS<\/a><\/p>\n<p><a style=\"font-size: 14px;text-align: -webkit-center\" href=\"http:\/\/www.ceiploreto.es\/sugerencias\/Educarchile\/matematicas\/oda09.swf\" target=\"_blank\" rel=\"noopener\">CALCULANDO EL \u00c1REA DE PARALELOGRAMOS&#8230;<\/a><\/p>\n<p><a style=\"font-size: 14px;text-align: -webkit-center\" href=\"http:\/\/www.ceiploreto.es\/sugerencias\/tic2.sepdf.gob.mx\/scorm\/oas\/mat\/tercero\/28\/intro.swf\" target=\"_blank\" rel=\"noopener\">CALCULEMOS EL \u00c1REA DE UN TRI\u00c1NGULO<\/a><\/p>\n<p><strong>Prismas y pir\u00e1mides<\/strong><\/p>\n<p><a href=\"http:\/\/clic.xtec.cat\/db\/jclicApplet.jsp?project=http:\/\/clic.xtec.cat\/projects\/geomes\/jclic\/geomes.jclic.zip&amp;lang=es&amp;title=Circumfer%E8ncies+i+cossos+geom%E8trics\" target=\"_blank\" rel=\"noopener\">Cuerpos geom\u00e9tricos<\/a><\/p>\n<p><a href=\"http:\/\/www.ceiploreto.es\/sugerencias\/A_1\/Recursosdidacticos\/CUARTO\/datos\/01_Mates\/datos\/05_rdi\/U13\/01.htm\" target=\"_blank\" rel=\"noopener\">POLIEDROS. ELEMENTOS<\/a><\/p>\n<p><a style=\"font-size: 14px;text-align: -webkit-center\" href=\"http:\/\/www.ceiploreto.es\/sugerencias\/juntadeandalucia\/Construir_geometria\/indexflash.htm\" target=\"_blank\" rel=\"noopener\">CUERPOS GEOM\u00c9TRICOS<\/a><\/p>\n<p><a style=\"font-size: 14px;text-align: -webkit-center\" href=\"http:\/\/www.educa.jcyl.es\/educacyl\/cm\/gallery\/recursos%20edebe\/matematicas\/8_10_2\/index.htm\" target=\"_blank\" rel=\"noopener\">GEOMETR\u00cdA Y MEDIDAS<\/a><\/p>\n<p><a style=\"font-size: 14px;text-align: -webkit-center\" href=\"http:\/\/www.ceiploreto.es\/sugerencias\/A_1\/Recursosdidacticos\/CUARTO\/datos\/01_Mates\/datos\/05_rdi\/U13\/02.htm\" target=\"_blank\" rel=\"noopener\">PRISMAS Y PIR\u00c1MIDES I<\/a><\/p>\n<p><a style=\"font-size: 14px;text-align: -webkit-center\" href=\"http:\/\/cerezo.pntic.mec.es\/maria8\/bimates\/geometria\/prismasypiramide\/prismas.html\" target=\"_blank\" rel=\"noopener\">PRISMAS Y PIR\u00c1MIDES II<\/a><\/p>\n<p><a style=\"font-size: 14px;text-align: -webkit-center\" href=\"http:\/\/www.ceiploreto.es\/sugerencias\/agrega-2curso\/prismas\/contenido\/ma006\/ma006_oa01\/index_es.html\" target=\"_blank\" rel=\"noopener\">PRISMAS<\/a><\/p>\n<p><a style=\"font-size: 14px;text-align: -webkit-center\" href=\"http:\/\/www.ceiploreto.es\/sugerencias\/agrega-2curso\/prismas\/index.html\" target=\"_blank\" rel=\"noopener\">PRISMAS<\/a><\/p>\n<p><a style=\"font-size: 14px;text-align: -webkit-center\" href=\"http:\/\/www.ceiploreto.es\/sugerencias\/agrega-2curso\/Piramides\/contenido\/ma006\/ma006_oa02\/index_es.html\" target=\"_blank\" rel=\"noopener\">PIR\u00c1MIDES<\/a><\/p>\n<p><a style=\"font-size: 14px;text-align: -webkit-center\" href=\"http:\/\/www.ceiploreto.es\/sugerencias\/agrega-2curso\/Piramides\/index.html\" target=\"_blank\" rel=\"noopener\">PIR\u00c1MIDES<\/a><\/p>\n<p><a style=\"font-size: 14px;text-align: -webkit-center\" href=\"http:\/\/www.ceiploreto.es\/sugerencias\/Educarchile\/matematicas\/Pitagoras_1_2\/Pitagoras.swf\" target=\"_blank\" rel=\"noopener\">CUBOS Y PRISMAS RECTOS<\/a><\/p>\n<p><a style=\"font-size: 14px;text-align: -webkit-center\" href=\"http:\/\/www.ceiploreto.es\/sugerencias\/Educarchile\/matematicas\/Pitagoras_3\/Pitagoras.swf\" target=\"_blank\" rel=\"noopener\">PRISMAS RECTOS Y PIR\u00c1MIDES<\/a><\/p>\n<p><a style=\"font-size: 14px\" href=\"http:\/\/cte.seebc.gob.mx\/pta\/app\/cuarto\/matematicas\/bloque2\/act2\/\" target=\"_blank\" rel=\"noopener\">UNA VISITA AL MUSEO<\/a>&nbsp;(espera un poco)<\/p>\n<p><a style=\"font-size: 14px\" href=\"http:\/\/cte.seebc.gob.mx\/pta\/app\/cuarto\/matematicas\/bloque2\/act3\/\" target=\"_blank\" rel=\"noopener\">TODOS LOS REGALOS<\/a>&nbsp;(espera un poco)<\/p>\n<p><strong>Cilindro, cono y esfera<\/strong><\/p>\n<p><a href=\"http:\/\/www.primaria.librosvivos.net\/archivosCMS\/3\/3\/16\/usuarios\/103294\/9\/mate4_ud15_cilindrocono\/frame_prim.swf\" target=\"_blank\" rel=\"noopener\">EL CILINDRO, EL CONO Y LA ESFERA<\/a><\/p>\n<p><a style=\"font-size: 14px;text-align: -webkit-center\" href=\"http:\/\/www.ceiploreto.es\/sugerencias\/A_1\/Recursosdidacticos\/CUARTO\/datos\/01_Mates\/datos\/05_rdi\/U13\/03.htm\" target=\"_blank\" rel=\"noopener\">CUERPOS REDONDOS<\/a><\/p>\n<p><a style=\"font-size: 14px;text-align: -webkit-center\" href=\"http:\/\/cerezo.pntic.mec.es\/maria8\/bimates\/geometria\/redondos\/redondos.html\" target=\"_blank\" rel=\"noopener\">CONO, ESFERA Y CILINDRO<\/a><\/p>\n<p><a style=\"font-size: 14px;text-align: -webkit-center\" href=\"http:\/\/www.ceiploreto.es\/sugerencias\/cplosangeles.juntaextremadura.net\/web\/curso_4\/matematicas_4\/cuerpos_geometricos_4\/cuerpos_geometricos_4.html\" target=\"_blank\" rel=\"noopener\">CUERPOS GEOM\u00c9TRICOS<\/a><\/p>\n<p><a style=\"font-size: 14px;text-align: -webkit-center\" href=\"http:\/\/www.ceiploreto.es\/sugerencias\/agrega-2curso\/Cuerpos_de_revolucion\/contenido\/ma006\/ma006_oa03\/index_es.html\" target=\"_blank\" rel=\"noopener\">CUERPOS DE REVOLUCI\u00d3N<\/a><\/p>\n<p><a style=\"font-size: 14px;text-align: -webkit-center\" href=\"http:\/\/www.ceiploreto.es\/sugerencias\/agrega-2curso\/Cuerpos_de_revolucion\/index.html\" target=\"_blank\" rel=\"noopener\">CUERPOS DE REVOLUCI\u00d3N<\/a><\/p>\n<p><a style=\"font-size: 14px;text-align: -webkit-center\" href=\"http:\/\/www.testeando.es\/test.asp?idA=66&amp;idT=emhieqfu\" target=\"_blank\" rel=\"noopener\">TEST: CUERPOS GEOM\u00c9TRICOS<\/a><\/p>\n<p><a style=\"font-size: 14px\" href=\"http:\/\/www.ceiploreto.es\/sugerencias\/Educarchile\/matematicas\/Pitagoras_4\/Pitagoras.swf\" target=\"_blank\" rel=\"noopener\">CONOS Y CILINDROS<\/a><\/p>\n<p><strong>\u00a1Sin problemas!<\/strong><\/p>\n<p><a href=\"http:\/\/www.primaria.librosvivos.net\/archivosCMS\/3\/3\/16\/usuarios\/103294\/9\/mate4EP_ud14_figuras_planas\/frame_prim.swf\" target=\"_blank\" rel=\"noopener\">FIGURAS PLANAS<\/a><\/p>\n<p><a style=\"font-size: 14px;text-align: -webkit-center\" href=\"http:\/\/www.primaria.librosvivos.net\/archivosCMS\/3\/3\/16\/usuarios\/103294\/9\/mate4EP_ud15_empezarcasossencillos\/frame_prim.swf\" target=\"_blank\" rel=\"noopener\">EMPEZAR POR CASOS M\u00c1S SENCILLOS<\/a><\/p>\n<p><a style=\"font-size: 14px;text-align: -webkit-center\" href=\"http:\/\/www.ceiploreto.es\/sugerencias\/agrega-2curso\/Descomposicion_de_objetos\/contenido\/ma006\/ma006_oa04\/index_es.html\" target=\"_blank\" rel=\"noopener\">DESCOMPOSICI\u00d3N DE OBJETOS REALES&#8230;<\/a><\/p>\n<p><a style=\"font-size: 14px;text-align: -webkit-center\" href=\"http:\/\/www.ceiploreto.es\/sugerencias\/agrega-2curso\/Descomposicion_de_objetos\/index.html\" target=\"_blank\" rel=\"noopener\">DESCOMPOSICI\u00d3N DE OBJETOS REALES&#8230;<\/a><\/p>\n<p><a style=\"font-size: 14px;text-align: -webkit-center\" href=\"http:\/\/www.ceiploreto.es\/sugerencias\/agrega-2curso\/Construccion_de_formas_geometricas_compuestas\/contenido\/ma006\/ma006_oa05\/index_es.html\" target=\"_blank\" rel=\"noopener\">CONSTRUCCI\u00d3N DE FORMAS GEOM\u00c9TRICAS<\/a><\/p>\n<p><a style=\"font-size: 14px;text-align: -webkit-center\" href=\"http:\/\/www.ceiploreto.es\/sugerencias\/agrega-2curso\/Construccion_de_formas_geometricas_compuestas\/index.html\" target=\"_blank\" rel=\"noopener\">CONSTRUCCI\u00d3N DE FORMAS GEOM\u00c9TRICAS<\/a><\/p>\n<p><a href=\"http:\/\/www.primaria.librosvivos.net\/actividades\/flashActividadesPrimariaPub\/examen.swf?idejecucion=4282\" target=\"_blank\" rel=\"noopener\">AUTOEVALUACI\u00d3N DE LA UNIDAD I<\/a><\/p>\n<p><a href=\"http:\/\/www.primaria.librosvivos.net\/actividades\/flashActividadesPrimariaPub\/examen.swf?idejecucion=4294\" target=\"_blank\" rel=\"noopener\">AUTOEVALUACI\u00d3N DE LA UNIDAD II<\/a><\/p>\n","protected":false},"excerpt":{"rendered":"<p>Figuras planas y cuerpos geom\u00e9tricos Contenidos previos ELEMENTOS DE LOS POL\u00cdGONOS I ELEMENTOS DE LOS POL\u00cdGONOS II RECUERDA LO QUE SABES ELEMENTOS Y PER\u00cdMETRO DE UN POL\u00cdGONO PER\u00cdMETROS &#8211; 1 CALCULA EL PER\u00cdMETRO LOS CAMPOS CERCADOS&nbsp;(espera un poco) Clasificaci\u00f3n de tri\u00e1ngulos \u00bfS\u00d3LO TRES PUNTOS? TRI\u00c1NGULOS TRI\u00c1NGULOS. CLASES TRI\u00c1NGULOS II TRI\u00c1NGULOS III Clasificaci\u00f3n de cuadril\u00e1teros LOS &hellip; <\/p>\n<p><a class=\"more-link btn\" href=\"https:\/\/blogsaverroes.juntadeandalucia.es\/ceipaznaitin\/matematicas-4o-tema-11\/\">Seguir leyendo<\/a><\/p>\n","protected":false},"author":2805,"featured_media":0,"parent":0,"menu_order":0,"comment_status":"closed","ping_status":"closed","template":"","meta":{"ngg_post_thumbnail":0,"footnotes":"","_mc_calendar":[]},"aioseo_notices":[],"_links":{"self":[{"href":"https:\/\/blogsaverroes.juntadeandalucia.es\/ceipaznaitin\/wp-json\/wp\/v2\/pages\/4494"}],"collection":[{"href":"https:\/\/blogsaverroes.juntadeandalucia.es\/ceipaznaitin\/wp-json\/wp\/v2\/pages"}],"about":[{"href":"https:\/\/blogsaverroes.juntadeandalucia.es\/ceipaznaitin\/wp-json\/wp\/v2\/types\/page"}],"author":[{"embeddable":true,"href":"https:\/\/blogsaverroes.juntadeandalucia.es\/ceipaznaitin\/wp-json\/wp\/v2\/users\/2805"}],"replies":[{"embeddable":true,"href":"https:\/\/blogsaverroes.juntadeandalucia.es\/ceipaznaitin\/wp-json\/wp\/v2\/comments?post=4494"}],"version-history":[{"count":14,"href":"https:\/\/blogsaverroes.juntadeandalucia.es\/ceipaznaitin\/wp-json\/wp\/v2\/pages\/4494\/revisions"}],"predecessor-version":[{"id":4510,"href":"https:\/\/blogsaverroes.juntadeandalucia.es\/ceipaznaitin\/wp-json\/wp\/v2\/pages\/4494\/revisions\/4510"}],"wp:attachment":[{"href":"https:\/\/blogsaverroes.juntadeandalucia.es\/ceipaznaitin\/wp-json\/wp\/v2\/media?parent=4494"}],"curies":[{"name":"wp","href":"https:\/\/api.w.org\/{rel}","templated":true}]}}