{"id":4532,"date":"2018-02-21T14:43:54","date_gmt":"2018-02-21T12:43:54","guid":{"rendered":"http:\/\/blogsaverroes.juntadeandalucia.es\/ceipaznaitin\/?page_id=4532"},"modified":"2018-02-21T14:52:58","modified_gmt":"2018-02-21T12:52:58","slug":"matematicas-5o-tema-11","status":"publish","type":"page","link":"https:\/\/blogsaverroes.juntadeandalucia.es\/ceipaznaitin\/matematicas-5o-tema-11\/","title":{"rendered":"Matem\u00e1ticas 5\u00ba Tema 11"},"content":{"rendered":"<p><strong>Superficie y \u00e1rea de figuras planas<\/strong><\/p>\n<p><strong>Contenidos previos<\/strong><\/p>\n<p><a href=\"http:\/\/www.eltanquematematico.es\/todo_mate\/r_medidas\/e_metro\/longitud_ep.html\" target=\"_blank\" rel=\"noopener\">RELACIONES ENTRE LAS UNIDADES DE LONGITUD<\/a><\/p>\n<p><a class=\"Estilo2\" style=\"font-size: 14px;text-align: -webkit-center\" href=\"http:\/\/www.eltanquematematico.es\/todo_mate\/medidas\/longitud\/longitud.html\" target=\"_blank\" rel=\"noopener\">UNIDADES DE LONGITUD. RELACIONES<\/a><\/p>\n<p><a style=\"font-size: 14px;text-align: -webkit-center\" href=\"http:\/\/ntic.educacion.es\/w3\/eos\/MaterialesEducativos\/mem2000\/triangulo\/index.htm\" target=\"_blank\" rel=\"noopener\">\u00bfS\u00d3LO TRES PUNTOS?<\/a><\/p>\n<p><a style=\"font-size: 14px;text-align: -webkit-center\" href=\"http:\/\/cerezo.pntic.mec.es\/maria8\/bimates\/geometria\/triangulos\/concepto.html\" target=\"_blank\" rel=\"noopener\">TRI\u00c1NGULOS I<\/a><\/p>\n<p><a style=\"font-size: 14px;text-align: -webkit-center\" href=\"http:\/\/2633518-0.web-hosting.es\/blog\/manipulables\/geometria\/estudiotriangulo.swf\" target=\"_blank\" rel=\"noopener\">TRI\u00c1NGULOS. CLASES<\/a><\/p>\n<p><a style=\"font-size: 14px;text-align: -webkit-center\" href=\"http:\/\/www.ceiploreto.es\/sugerencias\/Educarchile\/matematicas\/Pitagoras_3\/Pitagoras.swf\" target=\"_blank\" rel=\"noopener\">TRI\u00c1NGULOS II<\/a><\/p>\n<p><a style=\"font-size: 14px;text-align: -webkit-center\" href=\"http:\/\/www.ceiploreto.es\/sugerencias\/A_1\/Recursosdidacticos\/CUARTO\/datos\/01_Mates\/datos\/05_rdi\/U11\/02.htm\" target=\"_blank\" rel=\"noopener\">TRI\u00c1NGULOS Y CUADRIL\u00c1TEROS. CLASIFICACI\u00d3N<\/a><\/p>\n<p><a style=\"font-size: 14px;text-align: -webkit-center\" href=\"http:\/\/cerezo.pntic.mec.es\/maria8\/bimates\/geometria\/cuadrilateros\/cuadrilateros.html\" target=\"_blank\" rel=\"noopener\">CUADRIL\u00c1TEROS Y PARALELOGRAMOS<\/a><\/p>\n<p><a style=\"font-size: 14px;text-align: -webkit-center\" href=\"http:\/\/2633518-0.web-hosting.es\/blog\/manipulables\/geometria\/cuadrilateros.swf\" target=\"_blank\" rel=\"noopener\">CUADRIL\u00c1TEROS. CLASES<\/a><\/p>\n<p><strong>Unidades de superficie. Expresi\u00f3n simple y compleja<\/strong><\/p>\n<p><a href=\"http:\/\/repositorio.educa.jccm.es\/portal\/odes\/matematicas\/libro_web_44_udsSuperficie\/index.html\" target=\"_blank\" rel=\"noopener\">UNIDADES DE SUPERFICIE I<\/a><\/p>\n<p><a href=\"http:\/\/www.ceiploreto.es\/sugerencias\/cplosangeles.juntaextremadura.net\/web\/matematicas_5\/superficie_5\/actividad01.htm\" target=\"_blank\" rel=\"noopener\">UNIDADES DE SUPERFICIE II<\/a><\/p>\n<p><a href=\"http:\/\/www.edu.xunta.es\/espazoAbalar\/sites\/espazoAbalar\/files\/datos\/1285579719\/contido\/index.html\" target=\"_blank\" rel=\"noopener\">LA SUPERFICIE<\/a><\/p>\n<p><strong>\u00c1rea de los paralelogramos<\/strong><\/p>\n<p><a class=\"Estilo2\" href=\"http:\/\/w3.cnice.mec.es\/recursos\/primaria\/matematicas\/superficie\/a1\/menu.html\" target=\"_blank\" rel=\"noopener\">FIGURAS PLANAS. CUADRADOS Y RECT\u00c1NGULOS<\/a><\/p>\n<p><a class=\"Estilo2\" style=\"font-size: 14px;text-align: -webkit-center\" href=\"http:\/\/thales.cica.es\/rd\/Recursos\/rd99\/ed99-0263-02\/geometria\/barra1.htm\" target=\"_blank\" rel=\"noopener\">\u00c1REA DE LAS FIGURAS PLANAS<\/a><\/p>\n<p><a style=\"font-size: 14px;text-align: -webkit-center\" href=\"http:\/\/www.genmagic.org\/mates1\/ap1c.swf\" target=\"_blank\" rel=\"noopener\">\u00c1REAS<\/a><\/p>\n<p><a style=\"font-size: 14px;text-align: -webkit-center\" href=\"http:\/\/docentes.educacion.navarra.es\/msadaall\/geogebra\/areas.htm\" target=\"_blank\" rel=\"noopener\">\u00c1REA DE POL\u00cdGONOS<\/a><\/p>\n<p><a style=\"font-size: 14px;text-align: -webkit-center\" href=\"http:\/\/repositorio.educa.jccm.es\/portal\/odes\/matematicas\/16_area_poligonos\/\" target=\"_blank\" rel=\"noopener\">\u00c1REA DE DIFERENTES POL\u00cdGONOS<\/a><\/p>\n<p><a style=\"font-size: 14px;text-align: -webkit-center\" href=\"http:\/\/agrega.educacion.es\/repositorio\/07022017\/40\/es_2012071713_9185132\/M_B3_SuperficieYArea\/index.html\" target=\"_blank\" rel=\"noopener\">\u00c1REA DE FIGURAS PLANAS<\/a><\/p>\n<p><a style=\"font-size: 14px;text-align: -webkit-center\" href=\"http:\/\/agrega.educacion.es\/\/repositorio\/09042011\/e8\/es_2011040912_9192459\/primaria_areas_formulas\/areas_formulas\/actividad.html\" target=\"_blank\" rel=\"noopener\">\u00c1REA DE LOS POL\u00cdGONOS<\/a><\/p>\n<p><a style=\"font-size: 14px;text-align: -webkit-center\" href=\"http:\/\/www.genmagic.org\/repositorio\/albums\/userpics\/arperc.swf\" target=\"_blank\" rel=\"noopener\">PER\u00cdMETRO Y \u00c1REA &#8211; 1<\/a><\/p>\n<p><a href=\"http:\/\/clic.xtec.cat\/db\/jclicApplet.jsp?project=http:\/\/clic.xtec.cat\/projects\/matsexto\/jclic\/matsexto.jclic.zip&amp;lang=es\" target=\"_blank\" rel=\"noopener\">Geometr\u00eda: Problemas<\/a><\/p>\n<p><strong>\u00c1rea del tri\u00e1ngulo y del trapecio<\/strong><\/p>\n<p><a href=\"http:\/\/www.educa.jcyl.es\/educacyl\/cm\/zonaalumnos\/tkPopUp?pgseed=1168680284243&amp;idContent=20744&amp;locale=es_ES&amp;textOnly=false\" target=\"_blank\" rel=\"noopener\">CUADRANDO METROS CUADRADOS<\/a><\/p>\n<p><a style=\"font-size: 14px;text-align: -webkit-center\" href=\"http:\/\/www.ceiploreto.es\/sugerencias\/cplosangeles.juntaextremadura.net\/web\/edilim\/tercer_ciclo\/matematicas5\/areas_5\/areas_5.html\" target=\"_blank\" rel=\"noopener\">\u00c1REA DE FIGURAS PLANAS<\/a><\/p>\n<p><a style=\"font-size: 14px;text-align: -webkit-center\" href=\"http:\/\/bromera.com\/tl_files\/activitatsdigitals\/capicua_5c_PA\/C5_u12_165_2_spriteRespNumerica_areaTriangle.swf\" target=\"_blank\" rel=\"noopener\">\u00c1REA DEL RECT\u00c1NGULO Y EL TRI\u00c1NGULO<\/a><\/p>\n<p><a style=\"font-size: 14px;text-align: -webkit-center\" href=\"http:\/\/www.ceiploreto.es\/sugerencias\/cplosangeles.juntaextremadura.net\/web\/matematicas_5\/area_5\/actividad01.htm\" target=\"_blank\" rel=\"noopener\">\u00c1REA DE FIGURAS PLANAS II<\/a><\/p>\n<p><a style=\"font-size: 14px;text-align: -webkit-center\" href=\"http:\/\/www.ceiploreto.es\/sugerencias\/Educarchile\/matematicas\/oda09.swf\" target=\"_blank\" rel=\"noopener\">CALCULANDO EL \u00c1REA DE PARALELOGRAMOS&#8230;<\/a><\/p>\n<p><a style=\"font-size: 14px;text-align: -webkit-center\" href=\"http:\/\/cte.seebc.gob.mx\/pta\/app\/quinto\/matematicas\/bloque2\/act6\/\" target=\"_blank\" rel=\"noopener\">CADA PUESTO EN SU \u00c1REA<\/a><span style=\"font-size: 14px;text-align: -webkit-center\">&nbsp;(espera un poco)<\/span><\/p>\n<p><strong>\u00c1rea de un pol\u00edgono regular<\/strong><\/p>\n<p><a href=\"http:\/\/w3.cnice.mec.es\/recursos\/primaria\/matematicas\/superficie\/a3\/menu.html\" target=\"_blank\" rel=\"noopener\">\u00c1REAS DE LOS POL\u00cdGONOS. ESCALAS<\/a><\/p>\n<p><a style=\"font-size: 14px;text-align: -webkit-center\" href=\"http:\/\/recursos.pnte.cfnavarra.es\/msadaall\/geogebra\/areas.htm\" target=\"_blank\" rel=\"noopener\">\u00c1REAS DE POL\u00cdGONOS<\/a><\/p>\n<p><a style=\"font-size: 14px;text-align: -webkit-center\" href=\"http:\/\/213.0.8.18\/portal\/Educantabria\/ContenidosEducativosDigitales\/Secundaria\/Geometria%20Ezequiel\/geometria\/g_poligonos\/a_index_poligono.htm\" target=\"_blank\" rel=\"noopener\">\u00c1REA POL\u00cdGONOS REGULARES<\/a><\/p>\n<p><a style=\"font-size: 14px;text-align: -webkit-center\" href=\"http:\/\/www.primaria.librosvivos.net\/archivosCMS\/3\/3\/16\/usuarios\/103294\/9\/6EP_Mat_cas_ud12_Area_Poligonos\/motorActividades.swf\" target=\"_blank\" rel=\"noopener\">\u00c1REA DE LOS POL\u00cdGONOS REGULARES<\/a><\/p>\n<p><a style=\"font-size: 14px;text-align: -webkit-center\" href=\"http:\/\/proyectodescartes.org\/PI\/materiales_didacticos\/M_B3_Areas_perimetros-JS\/index.html\" target=\"_blank\" rel=\"noopener\">\u00c1REAS Y PER\u00cdMETROS DE POL\u00cdGONOS<\/a><\/p>\n<p><a style=\"font-size: 14px;text-align: -webkit-center\" href=\"http:\/\/www.ceiploreto.es\/sugerencias\/tic2.sepdf.gob.mx\/scorm\/oas\/mat\/tercero\/23\/intro.swf\" target=\"_blank\" rel=\"noopener\">CALCULAREMOS EL \u00c1REA DE UN PENT\u00c1GONO<\/a><\/p>\n<p><a style=\"font-size: 14px;text-align: -webkit-center\" href=\"http:\/\/www.ceiploreto.es\/sugerencias\/tic2.sepdf.gob.mx\/scorm\/oas\/mat\/tercero\/33\/intro.swf\" target=\"_blank\" rel=\"noopener\">CALCULAREMOS EL \u00c1REA DE UN HEX\u00c1GONO<\/a><\/p>\n<p><strong>\u00c1rea del c\u00edrculo<\/strong><\/p>\n<p><a href=\"http:\/\/ceibal.edu.uy\/UserFiles\/P0001\/ODEA\/ORIGINAL\/091223_superficies_caza.elp\/index.html\" target=\"_blank\" rel=\"noopener\">Caza del tesoro: \u00a1VAMOS A MEDIR SUPERFICIES!<\/a><\/p>\n<p><a href=\"http:\/\/www.ceiploreto.es\/sugerencias\/tic2.sepdf.gob.mx\/scorm\/oas\/mat\/tercero\/21\/intro.swf\" target=\"_blank\" rel=\"noopener\">CALCULAREMOS EL \u00c1REA DE UN C\u00cdRCULO<\/a><\/p>\n<p><a href=\"http:\/\/bromera.com\/tl_files\/activitatsdigitals\/capicua_6c_PA\/C6_u13_174_spriteRespNumerica_areaCercle.swf\" target=\"_blank\" rel=\"noopener\">\u00c1REA DEL C\u00cdRCULO<\/a><\/p>\n<p><strong>\u00a1Sin problemas!<\/strong><\/p>\n<p><a href=\"http:\/\/www.primaria.librosvivos.net\/archivosCMS\/3\/3\/16\/usuarios\/103294\/9\/5EP_Mat_es_ud13_Resuelveproblemas\/frame_prim.swf\" target=\"_blank\" rel=\"noopener\">RESUELVE PROBLEMAS<\/a><\/p>\n<p><a href=\"http:\/\/www.ceiploreto.es\/sugerencias\/Educarchile\/matematicas\/Pitagoras_5\/Pitagoras.swf\" target=\"_blank\" rel=\"noopener\">C\u00c1LCULO DEL PER\u00cdMETRO Y \u00c1REA<\/a><\/p>\n<p><strong>Multiplicar n\u00fameros de dos cifras por 9 y por 99<\/strong><\/p>\n<p><a href=\"http:\/\/www.eltanquematematico.es\/operatoria2\/operatoria_2_p.html\" target=\"_blank\" rel=\"noopener\">7.- MULTIPLICAR UN N\u00daMERO POR 99<\/a><\/p>\n<p><a href=\"http:\/\/www.primaria.librosvivos.net\/actividades\/flashActividadesPrimariaPub\/examen.swf?idejecucion=6558\" target=\"_blank\" rel=\"noopener\">AUTOEVALUACI\u00d3N DE LA UNIDAD<\/a><\/p>\n<p><a href=\"http:\/\/www.testeando.es\/test.asp?idA=67&amp;idT=dvgydgek\" target=\"_blank\" rel=\"noopener\">TEST: LONGITUD Y SUPERFICIE<\/a><\/p>\n<p><a href=\"https:\/\/www.edu.xunta.es\/espazoAbalar\/sites\/espazoAbalar\/files\/datos\/1352717544\/contido\/figuras_planas.html\" target=\"_blank\" rel=\"noopener\">REPASO: FIGURAS PLANAS<\/a><\/p>\n<p>ACTIVIDADES DE REPASO:&nbsp;&nbsp;<a href=\"http:\/\/www.juntadeandalucia.es\/averroes\/centros-tic\/41009470\/helvia\/aula\/archivos\/repositorio\/0\/196\/html\/recursos\/la\/U13\/pages\/recursos\/143164_P181\/es_carcasa.html\" target=\"_blank\" rel=\"noopener\">1<\/a>&nbsp;<a href=\"http:\/\/www.juntadeandalucia.es\/averroes\/centros-tic\/41009470\/helvia\/aula\/archivos\/repositorio\/0\/196\/html\/recursos\/la\/U13\/pages\/recursos\/143164_P182.html\" target=\"_blank\" rel=\"noopener\">2<\/a>&nbsp;<a href=\"http:\/\/www.juntadeandalucia.es\/averroes\/centros-tic\/41009470\/helvia\/aula\/archivos\/repositorio\/0\/196\/html\/recursos\/la\/U13\/pages\/recursos\/143164_P183\/es_carcasa.html\" target=\"_blank\" rel=\"noopener\">3<\/a>&nbsp;<a href=\"http:\/\/www.juntadeandalucia.es\/averroes\/centros-tic\/41009470\/helvia\/aula\/archivos\/repositorio\/0\/196\/html\/recursos\/la\/U13\/pages\/recursos\/143164_P184\/es_carcasa.html\" target=\"_blank\" rel=\"noopener\">4<\/a>&nbsp;<a href=\"http:\/\/www.juntadeandalucia.es\/averroes\/centros-tic\/41009470\/helvia\/aula\/archivos\/repositorio\/0\/196\/html\/recursos\/la\/U13\/pages\/recursos\/143164_P185.html\" target=\"_blank\" rel=\"noopener\">5<\/a>&nbsp;<a href=\"http:\/\/www.juntadeandalucia.es\/averroes\/centros-tic\/41009470\/helvia\/aula\/archivos\/repositorio\/0\/196\/html\/recursos\/la\/U13\/pages\/recursos\/143164_P186\/es_carcasa.html\" target=\"_blank\" rel=\"noopener\">6<\/a>&nbsp;<a href=\"http:\/\/www.juntadeandalucia.es\/averroes\/centros-tic\/41009470\/helvia\/aula\/archivos\/repositorio\/0\/196\/html\/recursos\/la\/U13\/pages\/recursos\/143164_P187\/es_carcasa.html\" target=\"_blank\" rel=\"noopener\">7<\/a>&nbsp;<a href=\"http:\/\/www.juntadeandalucia.es\/averroes\/centros-tic\/41009470\/helvia\/aula\/archivos\/repositorio\/0\/196\/html\/recursos\/la\/U13\/pages\/recursos\/143164_P188.html\" target=\"_blank\" rel=\"noopener\">8<\/a>&nbsp;<a href=\"http:\/\/www.juntadeandalucia.es\/averroes\/centros-tic\/41009470\/helvia\/aula\/archivos\/repositorio\/0\/196\/html\/recursos\/la\/U13\/pages\/recursos\/143164_P189\/es_carcasa.html\" target=\"_blank\" rel=\"noopener\">9<\/a>&nbsp;<a href=\"http:\/\/www.juntadeandalucia.es\/averroes\/centros-tic\/41009470\/helvia\/aula\/archivos\/repositorio\/0\/196\/html\/recursos\/la\/U13\/pages\/recursos\/143164_P190_1\/es_carcasa.html\" target=\"_blank\" rel=\"noopener\">10<\/a>&nbsp;<a href=\"http:\/\/www.juntadeandalucia.es\/averroes\/centros-tic\/41009470\/helvia\/aula\/archivos\/repositorio\/0\/196\/html\/recursos\/la\/U13\/pages\/recursos\/143164_P190_2\/es_carcasa.html\" target=\"_blank\" rel=\"noopener\">11<\/a>&nbsp;<a href=\"http:\/\/www.juntadeandalucia.es\/averroes\/centros-tic\/41009470\/helvia\/aula\/archivos\/repositorio\/0\/196\/html\/recursos\/la\/U13\/pages\/recursos\/143164_P190_3\/es_carcasa.html\" target=\"_blank\" rel=\"noopener\">12<\/a>&nbsp;<a href=\"http:\/\/www.juntadeandalucia.es\/averroes\/centros-tic\/41009470\/helvia\/aula\/archivos\/repositorio\/0\/196\/html\/recursos\/la\/U13\/pages\/recursos\/143164_P190_4\/es_carcasa.html\" target=\"_blank\" rel=\"noopener\">13<\/a>&nbsp;<a href=\"http:\/\/www.juntadeandalucia.es\/averroes\/centros-tic\/41009470\/helvia\/aula\/archivos\/repositorio\/0\/196\/html\/recursos\/la\/U13\/pages\/recursos\/143164_P190_5\/es_carcasa.html\" target=\"_blank\" rel=\"noopener\">14<\/a>&nbsp;<a href=\"http:\/\/www.juntadeandalucia.es\/averroes\/centros-tic\/41009470\/helvia\/aula\/archivos\/repositorio\/0\/196\/html\/recursos\/la\/U13\/pages\/recursos\/143164_P192.html\" target=\"_blank\" rel=\"noopener\">15<\/a><\/p>\n","protected":false},"excerpt":{"rendered":"<p>Superficie y \u00e1rea de figuras planas Contenidos previos RELACIONES ENTRE LAS UNIDADES DE LONGITUD UNIDADES DE LONGITUD. RELACIONES \u00bfS\u00d3LO TRES PUNTOS? TRI\u00c1NGULOS I TRI\u00c1NGULOS. CLASES TRI\u00c1NGULOS II TRI\u00c1NGULOS Y CUADRIL\u00c1TEROS. CLASIFICACI\u00d3N CUADRIL\u00c1TEROS Y PARALELOGRAMOS CUADRIL\u00c1TEROS. CLASES Unidades de superficie. Expresi\u00f3n simple y compleja UNIDADES DE SUPERFICIE I UNIDADES DE SUPERFICIE II LA SUPERFICIE \u00c1rea de &hellip; <\/p>\n<p><a class=\"more-link btn\" href=\"https:\/\/blogsaverroes.juntadeandalucia.es\/ceipaznaitin\/matematicas-5o-tema-11\/\">Seguir leyendo<\/a><\/p>\n","protected":false},"author":2805,"featured_media":0,"parent":0,"menu_order":0,"comment_status":"closed","ping_status":"closed","template":"","meta":{"ngg_post_thumbnail":0,"footnotes":"","_mc_calendar":[]},"aioseo_notices":[],"_links":{"self":[{"href":"https:\/\/blogsaverroes.juntadeandalucia.es\/ceipaznaitin\/wp-json\/wp\/v2\/pages\/4532"}],"collection":[{"href":"https:\/\/blogsaverroes.juntadeandalucia.es\/ceipaznaitin\/wp-json\/wp\/v2\/pages"}],"about":[{"href":"https:\/\/blogsaverroes.juntadeandalucia.es\/ceipaznaitin\/wp-json\/wp\/v2\/types\/page"}],"author":[{"embeddable":true,"href":"https:\/\/blogsaverroes.juntadeandalucia.es\/ceipaznaitin\/wp-json\/wp\/v2\/users\/2805"}],"replies":[{"embeddable":true,"href":"https:\/\/blogsaverroes.juntadeandalucia.es\/ceipaznaitin\/wp-json\/wp\/v2\/comments?post=4532"}],"version-history":[{"count":13,"href":"https:\/\/blogsaverroes.juntadeandalucia.es\/ceipaznaitin\/wp-json\/wp\/v2\/pages\/4532\/revisions"}],"predecessor-version":[{"id":4547,"href":"https:\/\/blogsaverroes.juntadeandalucia.es\/ceipaznaitin\/wp-json\/wp\/v2\/pages\/4532\/revisions\/4547"}],"wp:attachment":[{"href":"https:\/\/blogsaverroes.juntadeandalucia.es\/ceipaznaitin\/wp-json\/wp\/v2\/media?parent=4532"}],"curies":[{"name":"wp","href":"https:\/\/api.w.org\/{rel}","templated":true}]}}