{"id":4548,"date":"2018-02-21T14:53:44","date_gmt":"2018-02-21T12:53:44","guid":{"rendered":"http:\/\/blogsaverroes.juntadeandalucia.es\/ceipaznaitin\/?page_id=4548"},"modified":"2018-02-21T14:59:35","modified_gmt":"2018-02-21T12:59:35","slug":"matematicas-6o-tema-11","status":"publish","type":"page","link":"https:\/\/blogsaverroes.juntadeandalucia.es\/ceipaznaitin\/matematicas-6o-tema-11\/","title":{"rendered":"Matem\u00e1ticas 6\u00ba Tema 11"},"content":{"rendered":"<p><strong>Volumen<\/strong><\/p>\n<p><strong>Contenidos previos<\/strong><\/p>\n<p><a href=\"http:\/\/www.genmagic.org\/repositorio\/albums\/userpics\/verares1c.swf\" target=\"_blank\" rel=\"noopener\">CARAS, V\u00c9RTICES Y ARISTAS<\/a><\/p>\n<p><a href=\"http:\/\/bromera.com\/tl_files\/activitatsdigitals\/capicua_6c_PA\/C6_u15_199_0_elements_polied-bo.swf\" target=\"_blank\" rel=\"noopener\">POLIEDROS REGULARES<\/a><\/p>\n<p><a href=\"http:\/\/www.ceiploreto.es\/sugerencias\/cplosangeles.juntaextremadura.net\/web\/edilim\/tercer_ciclo\/matematicas6\/cuerpos_geometricos_6\/cuerpos_geometricos_6.html\" target=\"_blank\" rel=\"noopener\">LOS CUERPOS GEOM\u00c9TRICOS<\/a><\/p>\n<p><strong>Volumen<\/strong><\/p>\n<p><a href=\"http:\/\/ntic.educacion.es\/w3\/recursos\/primaria\/matematicas\/volumen\/index.html\" target=\"_blank\" rel=\"noopener\">EL VOLUMEN. CAPACIDAD<\/a><\/p>\n<p><a style=\"font-size: 14px;text-align: -webkit-center\" href=\"http:\/\/www.genmagic.net\/fisica\/completac.swf\" target=\"_blank\" rel=\"noopener\">\u00bfCU\u00c1NTOS FALTAN?<\/a><\/p>\n<p><a style=\"font-size: 14px;text-align: -webkit-center\" href=\"http:\/\/ww2.educarchile.cl\/UserFiles\/P0024\/File\/skoool\/2010\/Matematicas\/volume\/index.html\" target=\"_blank\" rel=\"noopener\">INTRODUCCI\u00d3N AL VOLUMEN<\/a><\/p>\n<p><a style=\"font-size: 14px;text-align: -webkit-center\" href=\"http:\/\/www.edu.xunta.es\/espazoAbalar\/sites\/espazoAbalar\/files\/datos\/1285580048\/contido\/index.html\" target=\"_blank\" rel=\"noopener\">EL VOLUMEN<\/a><\/p>\n<p><a style=\"font-size: 14px;text-align: -webkit-center\" href=\"http:\/\/www.polavide.es\/rec_polavide0708\/edilim\/volumenes\/volumenes.html\" target=\"_blank\" rel=\"noopener\">VOL\u00daMENES<\/a><\/p>\n<p><a style=\"font-size: 14px;text-align: -webkit-center\" href=\"http:\/\/repositorio.educa.jccm.es\/portal\/odes\/matematicas\/primaria_areas_volumenes\/index.html\" target=\"_blank\" rel=\"noopener\">\u00c1REAS Y VOL\u00daMENES<\/a><\/p>\n<p><a style=\"font-size: 14px;text-align: -webkit-center\" href=\"http:\/\/ww2.educarchile.cl\/UserFiles\/P0024\/File\/skoool\/2010\/Matematicas\/3D_shapes\/index.html\" target=\"_blank\" rel=\"noopener\">EL VOLUMEN II<\/a><\/p>\n<p><a style=\"font-size: 14px;text-align: -webkit-center\" href=\"http:\/\/agrega.educacion.es\/\/repositorio\/01092016\/15\/es_2016090112_9092614\/elevar_al_cubo\/elevar_al_cubo\/elevar_al_cubo\/actividad.html\" target=\"_blank\" rel=\"noopener\">ELEVAR AL CUBO<\/a><\/p>\n<p><a style=\"font-size: 14px;text-align: -webkit-center\" href=\"http:\/\/proyectodescartes.org\/PI\/materiales_didacticos\/M_B3_Volumen-JS\/index.html\" target=\"_blank\" rel=\"noopener\">VOLUMEN<\/a><\/p>\n<p><strong>Unidades de volumen. Expresi\u00f3n simple y compleja<\/strong><\/p>\n<p><a href=\"http:\/\/conteni2.educarex.es\/mats\/11372\/contenido\/index2.html\" target=\"_blank\" rel=\"noopener\">VOLUMEN I<\/a><\/p>\n<p><a style=\"font-size: 14px;text-align: -webkit-center\" href=\"http:\/\/www.primaria.librosvivos.net\/archivosCMS\/3\/3\/16\/usuarios\/103294\/9\/6EP_Mat_cas_ud14_01a_UnidadesVolumen\/actividad_1a.swf\" target=\"_blank\" rel=\"noopener\">UNIDADES DE MEDIDA DE VOLUMEN<\/a><\/p>\n<p><a style=\"font-size: 14px;text-align: -webkit-center\" href=\"http:\/\/www.primaria.librosvivos.net\/archivosCMS\/3\/3\/16\/usuarios\/103294\/9\/6EP_Mat_cas_ud14_02_ActividadUnidadesVolumen\/actividad_1b.swf\" target=\"_blank\" rel=\"noopener\">ACTIVIDAD: UNIDADES DE MEDIDA DE VOLUMEN<\/a><\/p>\n<p><a style=\"font-size: 14px;text-align: -webkit-center\" href=\"http:\/\/proyectodescartes.org\/uudd\/materiales_didacticos\/m2m3_pri-JS\/index.htm\" target=\"_blank\" rel=\"noopener\">METROS CUADRADOS, METROS C\u00daBICOS<\/a><\/p>\n<p><a style=\"font-size: 14px;text-align: -webkit-center\" href=\"http:\/\/2633518-0.web-hosting.es\/blog\/manipulables\/geometria\/ortoedros.swf\" target=\"_blank\" rel=\"noopener\">ORTOEDROS. INICIACI\u00d3N A LA MEDIDA DEL VOLUMEN<\/a><\/p>\n<p><a style=\"font-size: 14px;text-align: -webkit-center\" href=\"http:\/\/www.ceiploreto.es\/sugerencias\/hdt.gob.mx\/unid_volumen\/index.html\" target=\"_blank\" rel=\"noopener\">UNIDADES M\u00c9TRICAS DE VOLUMEN<\/a><\/p>\n<p><a style=\"font-size: 14px;text-align: -webkit-center\" href=\"http:\/\/www.educa.jcyl.es\/educacyl\/cm\/zonaalumnos\/tkPopUp?pgseed=1168680284243&amp;idContent=20744&amp;locale=es_ES&amp;textOnly=false\" target=\"_blank\" rel=\"noopener\">METROS C\u00daBICOS<\/a><\/p>\n<p><a style=\"font-size: 14px;text-align: -webkit-center\" href=\"http:\/\/bromera.com\/tl_files\/activitatsdigitals\/capicua_6c_PA\/C6_u15_203_1_calculRapid_10op_equivalen.swf\" target=\"_blank\" rel=\"noopener\">UNIDADES DE VOLUMEN Y CAPACIDAD<\/a><\/p>\n<p><a style=\"font-size: 14px;text-align: -webkit-center\" href=\"http:\/\/www.ceiploreto.es\/sugerencias\/juntadeandalucia\/Sistema_metrico_decimal\/sistemaMetrico.swf\" target=\"_blank\" rel=\"noopener\">VOLUMEN II<\/a><\/p>\n<p><strong>Volumen de los prismas y las pir\u00e1mides<\/strong><\/p>\n<p><a href=\"http:\/\/www.ceiploreto.es\/sugerencias\/Educarchile\/matematicas\/Pitagoras_8\/Pitagoras.swf\" target=\"_blank\" rel=\"noopener\">VOLUMEN DE CUERPOS GEOM\u00c9TRICOS<\/a><\/p>\n<p><a href=\"http:\/\/agrega.educacion.es\/\/repositorio\/17042011\/83\/es_2011041712_9130500\/primaria_volumen_piramide\/volumen_piramide\/actividad.html\" target=\"_blank\" rel=\"noopener\">VOLUMEN DE LA PIR\u00c1MIDE<\/a><\/p>\n<p><strong>Volumen del cilindro y del cono<\/strong><\/p>\n<p><a href=\"http:\/\/repositorio.educa.jccm.es\/portal\/odes\/matematicas\/primaria_areas_volumenes\/index.html\" target=\"_blank\" rel=\"noopener\">\u00c1REAS Y VOL\u00daMENES<\/a><\/p>\n<p><strong>\u00a1Sin problemas!<\/strong><\/p>\n<p><a href=\"http:\/\/2633518-0.web-hosting.es\/blog\/manipulables\/geometria\/codificapoli.swf\" target=\"_blank\" rel=\"noopener\">REPRESENTACI\u00d3N DE POLICUBOS<\/a><\/p>\n<p><strong>Aumentar el 10% a una cantidad<\/strong><\/p>\n<p><a href=\"http:\/\/www.eltanquematematico.es\/operatoria2\/operatoria_2_p.html\" target=\"_blank\" rel=\"noopener\">9.- A\u00d1ADIR UN 1%, 10%, 25% O 50% A UNA CANTIDAD<\/a>&nbsp;<\/p>\n<p><a href=\"http:\/\/www.primaria.librosvivos.net\/actividades\/flashActividadesPrimariaPub\/examen.swf?idejecucion=7596\" target=\"_blank\" rel=\"noopener\">AUTOEVALUACI\u00d3N<\/a><\/p>\n<p><a href=\"http:\/\/www.testeando.es\/test.asp?idA=68&amp;idT=phskqsrw\" target=\"_blank\" rel=\"noopener\">TEST: LOS CUERPOS GEOM\u00c9TRICOS Y EL VOLUMEN<\/a><\/p>\n<p>ACTIVIDADES DE REPASO:&nbsp;&nbsp;<a href=\"http:\/\/www.juntadeandalucia.es\/averroes\/centros-tic\/41009470\/helvia\/aula\/archivos\/repositorio\/0\/193\/html\/recursos\/la\/U14\/pages\/recursos\/143304_P196.html\" target=\"_blank\" rel=\"noopener\">1<\/a>&nbsp;<a href=\"http:\/\/www.juntadeandalucia.es\/averroes\/centros-tic\/41009470\/helvia\/aula\/archivos\/repositorio\/0\/193\/html\/recursos\/la\/U14\/pages\/recursos\/143304_P197\/es_carcasa.html\" target=\"_blank\" rel=\"noopener\">2<\/a>&nbsp;<a href=\"http:\/\/www.juntadeandalucia.es\/averroes\/centros-tic\/41009470\/helvia\/aula\/archivos\/repositorio\/0\/193\/html\/recursos\/la\/U14\/pages\/recursos\/143304_P198\/es_carcasa.html\" target=\"_blank\" rel=\"noopener\">3<\/a>&nbsp;<a href=\"http:\/\/www.juntadeandalucia.es\/averroes\/centros-tic\/41009470\/helvia\/aula\/archivos\/repositorio\/0\/193\/html\/recursos\/la\/U14\/pages\/recursos\/143304_P199\/es_carcasa.html\" target=\"_blank\" rel=\"noopener\">4<\/a>&nbsp;<a href=\"http:\/\/www.juntadeandalucia.es\/averroes\/centros-tic\/41009470\/helvia\/aula\/archivos\/repositorio\/0\/193\/html\/recursos\/la\/U14\/pages\/recursos\/143304_P200\/es_carcasa.html\" target=\"_blank\" rel=\"noopener\">5<\/a>&nbsp;<a href=\"http:\/\/www.juntadeandalucia.es\/averroes\/centros-tic\/41009470\/helvia\/aula\/archivos\/repositorio\/0\/193\/html\/recursos\/la\/U14\/pages\/recursos\/143304_P201\/es_carcasa.html\" target=\"_blank\" rel=\"noopener\">6<\/a>&nbsp;<a href=\"http:\/\/www.juntadeandalucia.es\/averroes\/centros-tic\/41009470\/helvia\/aula\/archivos\/repositorio\/0\/193\/html\/recursos\/la\/U14\/pages\/recursos\/143304_P202\/es_carcasa.html\" target=\"_blank\" rel=\"noopener\">7<\/a>&nbsp;<a href=\"http:\/\/www.juntadeandalucia.es\/averroes\/centros-tic\/41009470\/helvia\/aula\/archivos\/repositorio\/0\/193\/html\/recursos\/la\/U14\/pages\/recursos\/143304_P203\/es_carcasa.html\" target=\"_blank\" rel=\"noopener\">8<\/a>&nbsp;<a href=\"http:\/\/www.juntadeandalucia.es\/averroes\/centros-tic\/41009470\/helvia\/aula\/archivos\/repositorio\/0\/193\/html\/recursos\/la\/U14\/pages\/recursos\/143304_P204_1\/es_carcasa.html\" target=\"_blank\" rel=\"noopener\">9<\/a>&nbsp;<a href=\"http:\/\/www.juntadeandalucia.es\/averroes\/centros-tic\/41009470\/helvia\/aula\/archivos\/repositorio\/0\/193\/html\/recursos\/la\/U14\/pages\/recursos\/143304_P204_2\/es_carcasa.html\" target=\"_blank\" rel=\"noopener\">10<\/a>&nbsp;<a href=\"http:\/\/www.juntadeandalucia.es\/averroes\/centros-tic\/41009470\/helvia\/aula\/archivos\/repositorio\/0\/193\/html\/recursos\/la\/U14\/pages\/recursos\/143304_P204_3\/es_carcasa.html\" target=\"_blank\" rel=\"noopener\">11<\/a>&nbsp;<a href=\"http:\/\/www.juntadeandalucia.es\/averroes\/centros-tic\/41009470\/helvia\/aula\/archivos\/repositorio\/0\/193\/html\/recursos\/la\/U14\/pages\/recursos\/143304_P204_4\/es_carcasa.html\" target=\"_blank\" rel=\"noopener\">12<\/a>&nbsp;<a href=\"http:\/\/www.juntadeandalucia.es\/averroes\/centros-tic\/41009470\/helvia\/aula\/archivos\/repositorio\/0\/193\/html\/recursos\/la\/U14\/pages\/recursos\/143304_P204_5\/es_carcasa.html\" target=\"_blank\" rel=\"noopener\">13<\/a>&nbsp;<a href=\"http:\/\/www.juntadeandalucia.es\/averroes\/centros-tic\/41009470\/helvia\/aula\/archivos\/repositorio\/0\/193\/html\/recursos\/la\/U14\/pages\/recursos\/143304_P206.html\" target=\"_blank\" rel=\"noopener\">14<\/a><\/p>\n","protected":false},"excerpt":{"rendered":"<p>Volumen Contenidos previos CARAS, V\u00c9RTICES Y ARISTAS POLIEDROS REGULARES LOS CUERPOS GEOM\u00c9TRICOS Volumen EL VOLUMEN. CAPACIDAD \u00bfCU\u00c1NTOS FALTAN? INTRODUCCI\u00d3N AL VOLUMEN EL VOLUMEN VOL\u00daMENES \u00c1REAS Y VOL\u00daMENES EL VOLUMEN II ELEVAR AL CUBO VOLUMEN Unidades de volumen. Expresi\u00f3n simple y compleja VOLUMEN I UNIDADES DE MEDIDA DE VOLUMEN ACTIVIDAD: UNIDADES DE MEDIDA DE VOLUMEN METROS &hellip; <\/p>\n<p><a class=\"more-link btn\" href=\"https:\/\/blogsaverroes.juntadeandalucia.es\/ceipaznaitin\/matematicas-6o-tema-11\/\">Seguir leyendo<\/a><\/p>\n","protected":false},"author":2805,"featured_media":0,"parent":0,"menu_order":0,"comment_status":"closed","ping_status":"closed","template":"","meta":{"ngg_post_thumbnail":0,"footnotes":"","_mc_calendar":[]},"aioseo_notices":[],"_links":{"self":[{"href":"https:\/\/blogsaverroes.juntadeandalucia.es\/ceipaznaitin\/wp-json\/wp\/v2\/pages\/4548"}],"collection":[{"href":"https:\/\/blogsaverroes.juntadeandalucia.es\/ceipaznaitin\/wp-json\/wp\/v2\/pages"}],"about":[{"href":"https:\/\/blogsaverroes.juntadeandalucia.es\/ceipaznaitin\/wp-json\/wp\/v2\/types\/page"}],"author":[{"embeddable":true,"href":"https:\/\/blogsaverroes.juntadeandalucia.es\/ceipaznaitin\/wp-json\/wp\/v2\/users\/2805"}],"replies":[{"embeddable":true,"href":"https:\/\/blogsaverroes.juntadeandalucia.es\/ceipaznaitin\/wp-json\/wp\/v2\/comments?post=4548"}],"version-history":[{"count":6,"href":"https:\/\/blogsaverroes.juntadeandalucia.es\/ceipaznaitin\/wp-json\/wp\/v2\/pages\/4548\/revisions"}],"predecessor-version":[{"id":4556,"href":"https:\/\/blogsaverroes.juntadeandalucia.es\/ceipaznaitin\/wp-json\/wp\/v2\/pages\/4548\/revisions\/4556"}],"wp:attachment":[{"href":"https:\/\/blogsaverroes.juntadeandalucia.es\/ceipaznaitin\/wp-json\/wp\/v2\/media?parent=4548"}],"curies":[{"name":"wp","href":"https:\/\/api.w.org\/{rel}","templated":true}]}}