{"id":4579,"date":"2018-02-21T16:53:12","date_gmt":"2018-02-21T14:53:12","guid":{"rendered":"http:\/\/blogsaverroes.juntadeandalucia.es\/ceipaznaitin\/?page_id=4579"},"modified":"2018-02-21T17:07:51","modified_gmt":"2018-02-21T15:07:51","slug":"matematicas-2o-tema-12","status":"publish","type":"page","link":"https:\/\/blogsaverroes.juntadeandalucia.es\/ceipaznaitin\/matematicas-2o-tema-12\/","title":{"rendered":"Matem\u00e1ticas 2\u00ba Tema 12"},"content":{"rendered":"<p><strong>Medias manzanas<\/strong><\/p>\n<p><strong>Reparto en partes iguales<\/strong><\/p>\n<p><a href=\"http:\/\/www.genmagic.org\/repositorio\/albums\/userpics\/qt1c.swf\" target=\"_blank\" rel=\"noopener\">\u00bfA CADA UNO LE TOCAN?<\/a><\/p>\n<p><strong>Divisi\u00f3n (iniciaci\u00f3n)<\/strong><\/p>\n<p><a href=\"http:\/\/ww2.educarchile.cl\/UserFiles\/P0024\/File\/skoool\/2010\/Matematicas\/division\/index.html\" target=\"_blank\" rel=\"noopener\">INTRODUCCI\u00d3N A LA DIVISI\u00d3N<\/a><\/p>\n<p><a style=\"font-size: 14px;line-height: 22.4px;text-align: -webkit-center\" href=\"http:\/\/math.cilenia.com\/es\" target=\"_blank\" rel=\"noopener\">JUEGOS MATEM\u00c1TICOS<\/a><\/p>\n<p><a style=\"font-size: 14px;line-height: 22.4px;text-align: -webkit-center\" href=\"http:\/\/www.ceiploreto.es\/sugerencias\/cp.juan.de.la.cosa\/Actividadespdimates2\/01\/13\/04\/011304.swf\" target=\"_blank\" rel=\"noopener\">REPARTOS Y DIVISI\u00d3N<\/a><\/p>\n<p><a style=\"font-size: 14px;line-height: 22.4px;text-align: -webkit-center\" href=\"http:\/\/ntic.educacion.es\/w3\/eos\/MaterialesEducativos\/mem2008\/matematicas_primaria\/numeracion\/operaciones\/ilustradivi.swf\" target=\"_blank\" rel=\"noopener\">COMPRENDER LA DIVISI\u00d3N<\/a><\/p>\n<p><a style=\"font-size: 14px;line-height: 22.4px;text-align: -webkit-center\" href=\"http:\/\/www.educa.jcyl.es\/educacyl\/cm\/zonaalumnos\/tkPopUp?pgseed=1168680284241&amp;idContent=20739&amp;locale=es_ES&amp;textOnly=false\" target=\"_blank\" rel=\"noopener\">A PARTES IGUALES<\/a><\/p>\n<p><a style=\"font-size: 14px;line-height: 22.4px;text-align: -webkit-center\" href=\"http:\/\/www.primerodecarlos.com\/SEGUNDO_PRIMARIA\/mayo\/tema_4_3\/actividades\/mates\/aprende_division\/visor.swf\" target=\"_blank\" rel=\"noopener\">APRENDE I<\/a><\/p>\n<p><a style=\"font-size: 14px;line-height: 22.4px;text-align: -webkit-center\" href=\"http:\/\/www.primerodecarlos.com\/SEGUNDO_PRIMARIA\/mayo\/tema_4_3\/actividades\/mates\/inicio_division.swf\" target=\"_blank\" rel=\"noopener\">APRENDE II<\/a><\/p>\n<p><a style=\"font-size: 14px;line-height: 22.4px;text-align: -webkit-center\" href=\"http:\/\/www.primerodecarlos.com\/SEGUNDO_PRIMARIA\/mayo\/tema_4_3\/actividades\/mates\/division_1\/visor.swf\" target=\"_blank\" rel=\"noopener\">REPARTE Y COMPLETA<\/a><\/p>\n<p><a style=\"font-size: 14px;line-height: 22.4px;text-align: -webkit-center\" href=\"http:\/\/www.primerodecarlos.com\/SEGUNDO_PRIMARIA\/mayo\/tema_4_3\/actividades\/mates\/inicio_division2\/inicio_division2.swf\" target=\"_blank\" rel=\"noopener\">REPARTE EN PARTES IGUALES<\/a><\/p>\n<p><strong>C\u00e1lculo mental: sumar centenas completas a n\u00fameros de 3 cifras<\/strong><\/p>\n<p><a href=\"http:\/\/www.eltanquematematico.es\/juegosparapensar5\/juegosparapensar_5_p.html\" target=\"_blank\" rel=\"noopener\">SUMAR CENTENAS COMPLETAS A UN N\u00daMERO DE TRES CIFRAS<\/a><\/p>\n<p><strong>Divisi\u00f3n y t\u00e9rminos<\/strong><\/p>\n<p><a href=\"http:\/\/www.genmagic.org\/mates1\/animmat4c.swf\" target=\"_blank\" rel=\"noopener\">DIVISIONES: NIVEL 2<\/a><\/p>\n<p><a href=\"http:\/\/ntic.educacion.es\/w3\/eos\/MaterialesEducativos\/mem2008\/matematicas_primaria\/numeracion\/operaciones\/algtradicdivi.swf\" target=\"_blank\" rel=\"noopener\">DIVISI\u00d3N. ALGORITMO TRADICIONAL<\/a><\/p>\n<p><a href=\"http:\/\/www.genmagic.org\/repositorio\/albums\/userpics\/dividim1c.swf\" target=\"_blank\" rel=\"noopener\">EMPEZAMOS A DIVIDIR<\/a><\/p>\n<p><strong>C\u00e1lculo mental: restar centenas completas a n\u00fameros de 3 cifras<\/strong><\/p>\n<p><a href=\"http:\/\/www.eltanquematematico.es\/juegosparapensar5\/juegosparapensar_5_p.html\" target=\"_blank\" rel=\"noopener\">RESTAR CENTENAS COMPLETAS A UN N\u00daMERO DE TRES CIFRAS<\/a><\/p>\n<p><strong>Mitad<\/strong><\/p>\n<p><a href=\"http:\/\/genmagic.net\/repositorio\/displayimage.php?pos=-172\" target=\"_blank\" rel=\"noopener\">DOBLE \/ MITAD<\/a><\/p>\n<p><a style=\"font-size: 14px;line-height: 22.4px;text-align: -webkit-center\" href=\"http:\/\/www.ceiploreto.es\/sugerencias\/cp.juan.de.la.cosa\/Actividadespdimates2\/01\/14\/03\/011403.swf\" target=\"_blank\" rel=\"noopener\">DOBLE Y MITAD<\/a><\/p>\n<p><a style=\"font-size: 14px;line-height: 22.4px;text-align: -webkit-center\" href=\"http:\/\/www.primaria.librosvivos.net\/archivosCMS\/3\/3\/16\/usuarios\/103294\/9\/2epmacp_ud14_a1_cas\/carcasa.swf\" target=\"_blank\" rel=\"noopener\">LA MITAD I<\/a><\/p>\n<p><a style=\"font-size: 14px;line-height: 22.4px;text-align: -webkit-center\" href=\"http:\/\/www.testeando.es\/test.asp?idA=64&amp;idT=zztmzkry\" target=\"_blank\" rel=\"noopener\">TEST: DOBLE Y MITAD<\/a><\/p>\n<p><a style=\"font-size: 14px;line-height: 22.4px;text-align: -webkit-center\" href=\"http:\/\/bromera.com\/tl_files\/activitatsdigitals\/capicua_2c_PF\/CAPICUA2-U12-PAG54-CAS.swf\" target=\"_blank\" rel=\"noopener\">LA MITAD II<\/a><\/p>\n<p><a style=\"font-size: 14px;line-height: 22.4px;text-align: -webkit-center\" href=\"http:\/\/www.primerodecarlos.com\/SEGUNDO_PRIMARIA\/mayo\/Unidad5-3\/actividades\/mates\/aprende_doble_mitad\/visor.swf\" target=\"_blank\" rel=\"noopener\">APRENDE I<\/a><\/p>\n<p><a style=\"font-size: 14px;line-height: 22.4px;text-align: -webkit-center\" href=\"http:\/\/www.primerodecarlos.com\/SEGUNDO_PRIMARIA\/mayo\/Unidad5-3\/actividades\/una_una\/mates\/aprende_mitad.swf\" target=\"_blank\" rel=\"noopener\">APRENDE II<\/a><\/p>\n<p><a style=\"font-size: 14px;line-height: 22.4px;text-align: -webkit-center\" href=\"http:\/\/www.primerodecarlos.com\/SEGUNDO_PRIMARIA\/mayo\/Unidad5-3\/actividades\/mates\/doble\/visor.swf\" target=\"_blank\" rel=\"noopener\">COMPLETA<\/a><\/p>\n<p><a style=\"font-size: 14px;line-height: 22.4px;text-align: -webkit-center\" href=\"http:\/\/www.primerodecarlos.com\/SEGUNDO_PRIMARIA\/mayo\/Unidad5-3\/actividades\/una_una\/mates\/mitad2.swf\" target=\"_blank\" rel=\"noopener\">CALCULA LA MITAD<\/a><\/p>\n<p><a style=\"font-size: 14px;line-height: 22.4px\" href=\"http:\/\/www.ceiploreto.es\/sugerencias\/Lim\/Doble_mitad_2\/doble,_mitad_con_d_y_c.html\" target=\"_blank\" rel=\"noopener\">DOBLE \/ MITAD CON DECENAS Y CENTENAS<\/a><\/p>\n<p><strong>Tercera parte y cuarta parte<\/strong><\/p>\n<p><a href=\"http:\/\/www.ceiploreto.es\/sugerencias\/juegos_educativos\/8\/Tercio\/index.html\" target=\"_blank\" rel=\"noopener\">TERCIO<\/a><\/p>\n<p><a href=\"http:\/\/www.ceiploreto.es\/sugerencias\/juegos_educativos\/8\/Cuarto\/index.html\" target=\"_blank\" rel=\"noopener\">CUARTO<\/a><\/p>\n<p><strong>Medio kilo y cuarto de kilo<\/strong><\/p>\n<p><a href=\"http:\/\/primerodecarlos.com\/SEGUNDO_PRIMARIA\/tengo_todo_4\/root_globalizado4\/libro\/6169\/ISBN_9788467808803\/activity\/U04_153_01_AI%20n\/visor.swf\" target=\"_blank\" rel=\"noopener\">APRENDE<\/a><\/p>\n<p><a style=\"font-size: 14px;line-height: 22.4px;text-align: -webkit-center\" href=\"http:\/\/primerodecarlos.com\/SEGUNDO_PRIMARIA\/noviembre\/Unidad_4\/actividades\/mates_unidad4\/el%20medio%20kilo.swf\" target=\"_blank\" rel=\"noopener\">\u00bfCU\u00c1NTOS MEDIOS KILOS HAY?<\/a><\/p>\n<p><a style=\"font-size: 14px;line-height: 22.4px;text-align: -webkit-center\" href=\"http:\/\/bromera.com\/tl_files\/activitatsdigitals\/capicua_2c_PF\/CAPICUA2-U11-PAG47-CAS.swf\" target=\"_blank\" rel=\"noopener\">\u00bfCU\u00c1NTO PESA&#8230;?<\/a><\/p>\n<p><a style=\"font-size: 14px;line-height: 22.4px\" href=\"http:\/\/2633518-0.web-hosting.es\/blog\/medida\/pesas_kilo.html\" target=\"_blank\" rel=\"noopener\">\u00a1QU\u00c9 DIVERTIDO ES PESAR!<\/a><\/p>\n<p><strong>Medio litro y cuarto de litro<\/strong><\/p>\n<p><a href=\"http:\/\/www.primaria.librosvivos.net\/archivosCMS\/3\/3\/16\/usuarios\/103294\/9\/2epmacp_ud6_a1_cas_01\/carcasa.swf\" target=\"_blank\" rel=\"noopener\">COMPARAMOS CAPACIDADES<\/a><\/p>\n<p><a style=\"font-size: 14px;line-height: 22.4px;text-align: -webkit-center\" href=\"http:\/\/www.ceiploreto.es\/sugerencias\/cplosangeles.juntaextremadura.net\/web\/segundo_curso\/matematicas_2\/litro01\/litro01.html\" target=\"_blank\" rel=\"noopener\">EL LITRO I<\/a><\/p>\n<p><a style=\"font-size: 14px;line-height: 22.4px;text-align: -webkit-center\" href=\"http:\/\/www.testeando.es\/test.asp?idA=64&amp;idT=wugydgek\" target=\"_blank\" rel=\"noopener\">TEST: UNIDADES DE MEDIDA<\/a><\/p>\n<p><a style=\"font-size: 14px;line-height: 22.4px;text-align: -webkit-center\" href=\"http:\/\/primerodecarlos.com\/SEGUNDO_PRIMARIA\/diciembre\/Unidad5\/actividades\/MATES\/aprende_litro.swf\" target=\"_blank\" rel=\"noopener\">APRENDE I<\/a><\/p>\n<p><a style=\"font-size: 14px;line-height: 22.4px;text-align: -webkit-center\" href=\"http:\/\/primerodecarlos.com\/SEGUNDO_PRIMARIA\/tengo_todo_4\/root_globalizado4\/libro\/6169\/ISBN_9788467808803\/activity\/U05_195_03_AI2\/visor.swf\" target=\"_blank\" rel=\"noopener\">ESCRIBE CU\u00c1NTOS LITROS HAY<\/a><\/p>\n<p><a style=\"font-size: 14px;line-height: 22.4px;text-align: -webkit-center\" href=\"http:\/\/primerodecarlos.com\/SEGUNDO_PRIMARIA\/diciembre\/Unidad5\/actividades\/MATES\/litro.swf\" target=\"_blank\" rel=\"noopener\">UNE SEG\u00daN CORRESPONDA<\/a><\/p>\n<p><a style=\"font-size: 14px;line-height: 22.4px;text-align: -webkit-center\" href=\"http:\/\/primerodecarlos.com\/SEGUNDO_PRIMARIA\/diciembre\/Unidad5\/actividades\/MATES\/litro2.swf\" target=\"_blank\" rel=\"noopener\">COMPLETA<\/a><\/p>\n<p><a style=\"font-size: 14px;line-height: 22.4px;text-align: -webkit-center\" href=\"http:\/\/primerodecarlos.com\/SEGUNDO_PRIMARIA\/diciembre\/Unidad5\/actividades\/MATES\/litro3.swf\" target=\"_blank\" rel=\"noopener\">ESCRIBE EL SIGNO CORRESPONDIENTE<\/a><\/p>\n<p><a style=\"font-size: 14px;line-height: 22.4px;text-align: -webkit-center\" href=\"http:\/\/primerodecarlos.com\/SEGUNDO_PRIMARIA\/tengo_todo_4\/root_globalizado4\/libro\/6169\/ISBN_9788467808803\/activity\/U05_190_01_AI\/visor.swf\" target=\"_blank\" rel=\"noopener\">APRENDE II<\/a><\/p>\n<p><a style=\"font-size: 14px;line-height: 22.4px;text-align: -webkit-center\" href=\"http:\/\/primerodecarlos.com\/SEGUNDO_PRIMARIA\/diciembre\/Unidad5\/actividades\/MATES\/cuarto_litro.swf\" target=\"_blank\" rel=\"noopener\">APRENDE III<\/a><\/p>\n<p><a style=\"font-size: 14px;line-height: 22.4px;text-align: -webkit-center\" href=\"http:\/\/primerodecarlos.com\/SEGUNDO_PRIMARIA\/diciembre\/Unidad5\/actividades\/MATES\/cuarto_litro2.swf\" target=\"_blank\" rel=\"noopener\">UNE SEG\u00daN CORRESPONDA<\/a><\/p>\n<p><a style=\"font-size: 14px;line-height: 22.4px;text-align: -webkit-center\" href=\"http:\/\/primerodecarlos.com\/SEGUNDO_PRIMARIA\/diciembre\/Unidad5\/actividades\/MATES\/cuarto_litro3.swf\" target=\"_blank\" rel=\"noopener\">COMPLETA<\/a><\/p>\n<p><a style=\"font-size: 14px;line-height: 22.4px;text-align: -webkit-center\" href=\"http:\/\/ares.cnice.mec.es\/matematicasep\/a\/3\/ca3_04.html\" target=\"_blank\" rel=\"noopener\">\u00a1QU\u00c9 CAPACIDAD!<\/a><\/p>\n<p><a style=\"font-size: 14px;line-height: 22.4px;text-align: -webkit-center\" href=\"http:\/\/bromera.com\/tl_files\/activitatsdigitals\/capicua_2c_PF\/CAPICUA2-U9-PAG12-CAS.swf\" target=\"_blank\" rel=\"noopener\">EL LITRO II<\/a><\/p>\n<p><strong>Resuelve problemas<\/strong><\/p>\n<p><a href=\"http:\/\/primerodecarlos.com\/SEGUNDO_PRIMARIA\/noviembre\/Unidad_4\/sm\/kilos\/asa.htm\" target=\"_blank\" rel=\"noopener\">RESUELVE<\/a><\/p>\n<p><a style=\"font-size: 14px;line-height: 22.4px;text-align: -webkit-center\" href=\"http:\/\/primerodecarlos.com\/SEGUNDO_PRIMARIA\/diciembre\/Unidad5\/actividades\/MATES\/cuarto_litro4.swf\" target=\"_blank\" rel=\"noopener\">PROBLEMA I<\/a><\/p>\n<p><a style=\"font-size: 14px;line-height: 22.4px;text-align: -webkit-center\" href=\"http:\/\/www.ceiploreto.es\/sugerencias\/cp.juan.de.la.cosa\/Actividadespdimates2\/01\/14\/05\/011405.swf\" target=\"_blank\" rel=\"noopener\">RAZONAMIENTO<\/a><\/p>\n<p><a style=\"font-size: 14px;line-height: 22.4px;text-align: -webkit-center\" href=\"http:\/\/ares.cnice.mec.es\/matematicasep\/colegio\/problemas.html\" target=\"_blank\" rel=\"noopener\">BIBLIOTECA DE PROBLEMAS<\/a><\/p>\n<p><a style=\"font-size: 14px;line-height: 22.4px;text-align: -webkit-center\" href=\"http:\/\/www.primaria.librosvivos.net\/archivosCMS\/3\/3\/16\/usuarios\/103294\/9\/2epmacp_ud14_a2\/carcasa.swf\" target=\"_blank\" rel=\"noopener\">RESUELVO PROBLEMAS I<\/a><\/p>\n<p><a style=\"font-size: 14px;line-height: 22.4px;text-align: -webkit-center\" href=\"http:\/\/www.primaria.librosvivos.net\/archivosCMS\/3\/3\/16\/usuarios\/103294\/9\/mate2ep_ud15_2_cas\/carcasa.swf\" target=\"_blank\" rel=\"noopener\">RESUELVO PROBLEMAS II<\/a><\/p>\n<p><a style=\"font-size: 14px;line-height: 22.4px;text-align: -webkit-center\" href=\"http:\/\/www.primaria.librosvivos.net\/archivosCMS\/3\/3\/16\/usuarios\/103294\/9\/2epmacp_ud15_ap_cas\/actividad.swf\" target=\"_blank\" rel=\"noopener\">APRENDO A PENSAR<\/a><\/p>\n<p><a style=\"font-size: 14px;line-height: 22.4px;text-align: -webkit-center\" href=\"http:\/\/www.primerodecarlos.com\/SEGUNDO_PRIMARIA\/mayo\/tema_3-3\/actividades\/mates\/problema\/visor.swf\" target=\"_blank\" rel=\"noopener\">PROBLEMA II<\/a><\/p>\n<p><a style=\"font-size: 14px;line-height: 22.4px;text-align: -webkit-center\" href=\"http:\/\/www.primerodecarlos.com\/SEGUNDO_PRIMARIA\/mayo\/tema_3-3\/actividades\/otras\/mates\/problema_2.swf\" target=\"_blank\" rel=\"noopener\">PROBLEMA III<\/a><\/p>\n<p><a style=\"font-size: 14px;line-height: 22.4px;text-align: -webkit-center\" href=\"http:\/\/www.primerodecarlos.com\/SEGUNDO_PRIMARIA\/mayo\/tema_3-3\/actividades\/otras\/mates\/problema.swf\" target=\"_blank\" rel=\"noopener\">PROBLEMA IV<\/a><\/p>\n<p><a href=\"http:\/\/www.ceiploreto.es\/sugerencias\/vindel\/espacio.swf\" target=\"_blank\" rel=\"noopener\">LA BATALLA DEL C\u00c1LCULO MENTAL<\/a><\/p>\n<p>REPASO: &nbsp;<a href=\"http:\/\/www.primerodecarlos.com\/SEGUNDO_PRIMARIA\/tengo_todo_4\/root_globalizado5\/ISBN_9788467808810\/activity\/U05_176_01\/visor.swf\" target=\"_blank\" rel=\"noopener\">1<\/a> <a href=\"http:\/\/www.primerodecarlos.com\/SEGUNDO_PRIMARIA\/tengo_todo_4\/root_globalizado5\/ISBN_9788467808810\/activity\/U05_176_02\/visor.swf\" target=\"_blank\" rel=\"noopener\">2<\/a> <a href=\"http:\/\/www.primerodecarlos.com\/SEGUNDO_PRIMARIA\/marzo\/Unidad5\/actividades\/actividades_una_a_una\/mates\/sumas_restas.swf\" target=\"_blank\" rel=\"noopener\">3<\/a> <a href=\"http:\/\/www.primerodecarlos.com\/SEGUNDO_PRIMARIA\/marzo\/Unidad5\/actividades\/actividades_una_a_una\/mates\/900_999_5.swf\" target=\"_blank\" rel=\"noopener\">4<\/a> <a href=\"http:\/\/www.primerodecarlos.com\/SEGUNDO_PRIMARIA\/marzo\/Unidad5\/actividades\/sumas_tres_sumandos_santi.swf\" target=\"_blank\" rel=\"noopener\">5<\/a> <a href=\"http:\/\/www.primerodecarlos.com\/SEGUNDO_PRIMARIA\/marzo\/Unidad1_3\/actividades\/mates\/sumas_restas\/visor.swf\" target=\"_blank\" rel=\"noopener\">6<\/a> <a href=\"http:\/\/www.primerodecarlos.com\/SEGUNDO_PRIMARIA\/marzo\/Unidad1_3\/actividades\/mates\/sumas_restas_2\/visor.swf\" target=\"_blank\" rel=\"noopener\">7<\/a> <a href=\"http:\/\/www.primerodecarlos.com\/SEGUNDO_PRIMARIA\/marzo\/Unidad1_3\/actividades\/mates\/sumas_restas_3\/visor.swf\" target=\"_blank\" rel=\"noopener\">8<\/a> <a href=\"http:\/\/www.primerodecarlos.com\/SEGUNDO_PRIMARIA\/marzo\/Unidad1_3\/actividades\/actividades_una_una\/mates\/sumas_restas.swf\" target=\"_blank\" rel=\"noopener\">9<\/a> <a href=\"http:\/\/www.primerodecarlos.com\/SEGUNDO_PRIMARIA\/mayo\/tema_3-3\/actividades\/mates\/sumas_restas_1\/visor.swf\" target=\"_blank\" rel=\"noopener\">10<\/a> <a href=\"http:\/\/www.primerodecarlos.com\/SEGUNDO_PRIMARIA\/mayo\/tema_3-3\/actividades\/mates\/0_999_4\/index.swf\" target=\"_blank\" rel=\"noopener\">11<\/a> <a href=\"http:\/\/www.primerodecarlos.com\/SEGUNDO_PRIMARIA\/mayo\/tema_3-3\/actividades\/mates\/repaso_operaciones\/visor.swf\" target=\"_blank\" rel=\"noopener\">12<\/a> <a href=\"http:\/\/www.primerodecarlos.com\/SEGUNDO_PRIMARIA\/mayo\/tema_3-3\/actividades\/otras\/mates\/operaciones_4.swf\" target=\"_blank\" rel=\"noopener\">13<\/a><\/p>\n<p><a href=\"http:\/\/www.primaria.librosvivos.net\/archivosCMS\/3\/3\/16\/usuarios\/103294\/9\/mate2ep_ud4_e\/carcasa.swf\" target=\"_blank\" rel=\"noopener\">REPASO I<\/a><\/p>\n<p><a href=\"http:\/\/www.ceiploreto.es\/sugerencias\/Lim\/matematicas_2\/mates2_8\/mates2_8.html\" target=\"_blank\" rel=\"noopener\">REPASO II<\/a><\/p>\n<p><a href=\"http:\/\/www.primaria.librosvivos.net\/archivosCMS\/3\/3\/16\/usuarios\/103294\/9\/2epmacp_ud14_e_cas\/carcasa.swf\" target=\"_blank\" rel=\"noopener\">REPASO III<\/a><\/p>\n<p><a href=\"http:\/\/www.primaria.librosvivos.net\/archivosCMS\/3\/3\/16\/usuarios\/103294\/9\/2epmacp_ud15_e_01_cas\/carcasa.swf\" target=\"_blank\" rel=\"noopener\">REPASO IV<\/a><\/p>\n","protected":false},"excerpt":{"rendered":"<p>Medias manzanas Reparto en partes iguales \u00bfA CADA UNO LE TOCAN? Divisi\u00f3n (iniciaci\u00f3n) INTRODUCCI\u00d3N A LA DIVISI\u00d3N JUEGOS MATEM\u00c1TICOS REPARTOS Y DIVISI\u00d3N COMPRENDER LA DIVISI\u00d3N A PARTES IGUALES APRENDE I APRENDE II REPARTE Y COMPLETA REPARTE EN PARTES IGUALES C\u00e1lculo mental: sumar centenas completas a n\u00fameros de 3 cifras SUMAR CENTENAS COMPLETAS A UN N\u00daMERO &hellip; <\/p>\n<p><a class=\"more-link btn\" href=\"https:\/\/blogsaverroes.juntadeandalucia.es\/ceipaznaitin\/matematicas-2o-tema-12\/\">Seguir leyendo<\/a><\/p>\n","protected":false},"author":2805,"featured_media":0,"parent":0,"menu_order":0,"comment_status":"closed","ping_status":"closed","template":"","meta":{"ngg_post_thumbnail":0,"footnotes":"","_mc_calendar":[]},"aioseo_notices":[],"_links":{"self":[{"href":"https:\/\/blogsaverroes.juntadeandalucia.es\/ceipaznaitin\/wp-json\/wp\/v2\/pages\/4579"}],"collection":[{"href":"https:\/\/blogsaverroes.juntadeandalucia.es\/ceipaznaitin\/wp-json\/wp\/v2\/pages"}],"about":[{"href":"https:\/\/blogsaverroes.juntadeandalucia.es\/ceipaznaitin\/wp-json\/wp\/v2\/types\/page"}],"author":[{"embeddable":true,"href":"https:\/\/blogsaverroes.juntadeandalucia.es\/ceipaznaitin\/wp-json\/wp\/v2\/users\/2805"}],"replies":[{"embeddable":true,"href":"https:\/\/blogsaverroes.juntadeandalucia.es\/ceipaznaitin\/wp-json\/wp\/v2\/comments?post=4579"}],"version-history":[{"count":10,"href":"https:\/\/blogsaverroes.juntadeandalucia.es\/ceipaznaitin\/wp-json\/wp\/v2\/pages\/4579\/revisions"}],"predecessor-version":[{"id":4591,"href":"https:\/\/blogsaverroes.juntadeandalucia.es\/ceipaznaitin\/wp-json\/wp\/v2\/pages\/4579\/revisions\/4591"}],"wp:attachment":[{"href":"https:\/\/blogsaverroes.juntadeandalucia.es\/ceipaznaitin\/wp-json\/wp\/v2\/media?parent=4579"}],"curies":[{"name":"wp","href":"https:\/\/api.w.org\/{rel}","templated":true}]}}