{"id":4616,"date":"2018-02-21T17:37:08","date_gmt":"2018-02-21T15:37:08","guid":{"rendered":"http:\/\/blogsaverroes.juntadeandalucia.es\/ceipaznaitin\/?page_id=4616"},"modified":"2018-02-21T17:45:37","modified_gmt":"2018-02-21T15:45:37","slug":"ciencias-naturales-2o-tema-6","status":"publish","type":"page","link":"https:\/\/blogsaverroes.juntadeandalucia.es\/ceipaznaitin\/ciencias-naturales-2o-tema-6\/","title":{"rendered":"Ciencias Naturales 2\u00ba Tema 6"},"content":{"rendered":"<p><strong>\u00a1Qu\u00e9 gran invento!<\/strong><\/p>\n<p><strong>Las m\u00e1quinas nos ayudan<\/strong><\/p>\n<p><a href=\"http:\/\/www.ceiploreto.es\/sugerencias\/cplosangeles.juntaextremadura.net\/web\/segundo_curso\/naturales_2\/maquinas_tipo02\/maquinas_tipo02.html\" target=\"_blank\" rel=\"noopener\">TIPOS DE M\u00c1QUINAS<\/a><\/p>\n<p><a href=\"http:\/\/www.primerodecarlos.com\/SEGUNDO_PRIMARIA\/febrero\/tema4\/actividades\/cono\/maquinas_santill_3.swf\" target=\"_blank\" rel=\"noopener\">EL FUNCIONAMIENTO DE LAS M\u00c1QUINAS<\/a><\/p>\n<p><a href=\"http:\/\/www.primerodecarlos.com\/SEGUNDO_PRIMARIA\/febrero\/tema4\/actividades\/actividades_una_una\/cono\/maquinas_3.swf\" target=\"_blank\" rel=\"noopener\">RELACIONA<\/a><\/p>\n<p><a href=\"http:\/\/www.primerodecarlos.com\/SEGUNDO_PRIMARIA\/tengo_todo_4\/root_globalizado5\/ISBN_9788467808810\/activity\/U04_140_01_AI\/visor.swf\" target=\"_blank\" rel=\"noopener\">APRENDE<\/a><\/p>\n<p><a href=\"http:\/\/www.aitanatp.com\/nivel2c\/index8.htm\" target=\"_blank\" rel=\"noopener\">Las m\u00e1quinas<\/a><\/p>\n<p><strong>Trabajamos con m\u00e1quinas<\/strong><\/p>\n<p><a href=\"http:\/\/agrega2.red.es\/\/repositorio\/26012010\/6f\/es-an_2009043013_7960420\/index.html\" target=\"_blank\" rel=\"noopener\">LAS M\u00c1QUINAS I<\/a><\/p>\n<p><a style=\"font-size: 14px;line-height: 22.4px;text-align: -webkit-center\" href=\"http:\/\/www.primerodecarlos.com\/SEGUNDO_PRIMARIA\/febrero\/tema4\/actividades\/cono\/maquinas_santil_2l.swf\" target=\"_blank\" rel=\"noopener\">LAS M\u00c1QUINAS II<\/a><\/p>\n<p><a style=\"font-size: 14px;line-height: 22.4px;text-align: -webkit-center\" href=\"http:\/\/www.primerodecarlos.com\/SEGUNDO_PRIMARIA\/febrero\/tema4\/actividades\/actividades_una_una\/cono\/maquinas.swf\" target=\"_blank\" rel=\"noopener\">RELACIONA<\/a><\/p>\n<p><a style=\"font-size: 14px;line-height: 22.4px;text-align: -webkit-center\" href=\"http:\/\/www.ceiploreto.es\/sugerencias\/A_1\/Recursosdidacticos\/SEGUNDO\/datos\/03_cmedio\/03_Recursos\/actividades\/06\/act1.htm\" target=\"_blank\" rel=\"noopener\">LAS M\u00c1QUINAS Y LAS HERRAMIENTAS<\/a><\/p>\n<p><a style=\"font-size: 14px;line-height: 22.4px;text-align: -webkit-center\" href=\"http:\/\/bromera.com\/tl_files\/activitatsdigitals\/natura_2c_PF\/Natura2-U7-A1_cas.swf\" target=\"_blank\" rel=\"noopener\">M\u00c1QUINAS Y HERRAMIENTAS<\/a><\/p>\n<p><a style=\"font-size: 14px;line-height: 22.4px;text-align: -webkit-center\" href=\"http:\/\/www3.gobiernodecanarias.org\/medusa\/contenidosdigitales\/programasflash\/Medusa\/JugandoPalabras\/profesiones\/jugandoconpalabras.html\" target=\"_blank\" rel=\"noopener\">LAS PROFESIONES<\/a><\/p>\n<p><a style=\"font-size: 14px;line-height: 22.4px;text-align: -webkit-center\" href=\"http:\/\/www.ceiploreto.es\/sugerencias\/ceipchanopinheiro\/2\/profesiones_y_oficios_2\/ofibl.html\" target=\"_blank\" rel=\"noopener\">LOS OFICIOS Y LAS PROFESIONES<\/a><\/p>\n<p><a style=\"font-size: 14px;line-height: 22.4px\" href=\"http:\/\/www.ceiploreto.es\/sugerencias\/cplosangeles.juntaextremadura.net\/web\/segundo_curso\/naturales_2\/maquinas_trabajo02\/maquinas_trabajo02.html\" target=\"_blank\" rel=\"noopener\">LAS M\u00c1QUINAS Y EL TRABAJO<\/a><\/p>\n<p><strong>Las m\u00e1quinas en nuestra vida<\/strong><\/p>\n<p><a class=\"Estilo3\" href=\"http:\/\/ares.cnice.mec.es\/ciengehi\/a\/04\/animaciones\/a_fa_anim04_v00.html\" target=\"_blank\" rel=\"noopener\">GRANDES DESCUBRIMIENTOS E INVENTOS<\/a><\/p>\n<p><a style=\"font-size: 14px;line-height: 22.4px;text-align: -webkit-center\" href=\"http:\/\/ares.cnice.mec.es\/ciengehi\/a\/04\/animaciones\/a_fa_anim03_v00.html\" target=\"_blank\" rel=\"noopener\">GRANDES INVENTORES Y DESCUBRIDORES<\/a><\/p>\n<p><a style=\"font-size: 14px;line-height: 22.4px;text-align: -webkit-center\" href=\"http:\/\/ares.cnice.mec.es\/ciengehi\/a\/04\/animaciones\/a_fa_anim05_v00.html\" target=\"_blank\" rel=\"noopener\">LOS AVANCES CIENT\u00cdFICOS<\/a><\/p>\n<p><a style=\"font-size: 14px;line-height: 22.4px;text-align: -webkit-center\" href=\"http:\/\/www.primaria.librosvivos.net\/archivosCMS\/3\/3\/16\/usuarios\/103294\/9\/2epcmcp_ud9_act2_inventos\/index.htm\" target=\"_blank\" rel=\"noopener\">LOS CAMBIOS CON EL PASO DEL TIEMPO<\/a><\/p>\n<p><a style=\"font-size: 14px;line-height: 22.4px;text-align: -webkit-center\" href=\"http:\/\/www.primaria.librosvivos.net\/archivosCMS\/3\/3\/16\/usuarios\/103294\/9\/2epcmcp_ud9_a3_cas\/index.htm\" target=\"_blank\" rel=\"noopener\">INVESTIGO<\/a><\/p>\n<p><a style=\"font-size: 14px;line-height: 22.4px;text-align: -webkit-center\" href=\"http:\/\/www.ceiploreto.es\/sugerencias\/cplosangeles.juntaextremadura.net\/web\/segundo_curso\/naturales_2\/maquinas_ant02\/maquinas_ant02.html\" target=\"_blank\" rel=\"noopener\">M\u00c1QUINAS ANTIGUAS Y MODERNAS<\/a><\/p>\n<p><a style=\"font-size: 14px;line-height: 22.4px;text-align: -webkit-center\" href=\"http:\/\/www.primerodecarlos.com\/SEGUNDO_PRIMARIA\/tengo_todo_4\/root_globalizado5\/ISBN_9788467808810\/activity\/U05_178_01\/visor.swf\" target=\"_blank\" rel=\"noopener\">APRENDE<\/a><\/p>\n<p><a style=\"font-size: 14px;line-height: 22.4px;text-align: -webkit-center\" href=\"http:\/\/www.primerodecarlos.com\/SEGUNDO_PRIMARIA\/marzo\/Unidad5\/actividades\/actividades_una_a_una\/cono\/isaac_peral.swf\" target=\"_blank\" rel=\"noopener\">ESCUCHA<\/a><\/p>\n<p><a style=\"font-size: 14px;line-height: 22.4px;text-align: -webkit-center\" href=\"http:\/\/bromera.com\/tl_files\/activitatsdigitals\/natura_2c_PF\/Natura2-U7-A2_cas.swf\" target=\"_blank\" rel=\"noopener\">LA EVOLUCI\u00d3N DE LOS INVENTOS<\/a><\/p>\n<p><a style=\"font-size: 14px;line-height: 22.4px;text-align: -webkit-center\" href=\"http:\/\/www.primerodecarlos.com\/SEGUNDO_PRIMARIA\/marzo\/Unidad5\/inventos.swf\" target=\"_blank\" rel=\"noopener\">EL JUEGO DE LOS INVENTOS<\/a><\/p>\n<p><a style=\"font-size: 14px;line-height: 22.4px;text-align: -webkit-center\" href=\"http:\/\/www.primerodecarlos.com\/SEGUNDO_PRIMARIA\/febrero\/tema4\/actividades\/cono\/maquinas_santill.swf\" target=\"_blank\" rel=\"noopener\">LAS M\u00c1QUINAS Y LOS INVENTOS<\/a><\/p>\n<p><a style=\"font-size: 14px;line-height: 22.4px;text-align: -webkit-center\" href=\"http:\/\/www.primerodecarlos.com\/SEGUNDO_PRIMARIA\/febrero\/tema4\/actividades\/actividades_una_una\/cono\/cancion_maquinas_herramientas_materiales.swf\" target=\"_blank\" rel=\"noopener\">LA CANCI\u00d3N DE LAS M\u00c1QUINAS<\/a><\/p>\n<p><strong>La energ\u00eda mueve el mundo<\/strong><\/p>\n<p><a href=\"http:\/\/learn-energy.managenergy.net\/education\/kidscorner\/es\/u11\/u11.htm\" target=\"_blank\" rel=\"noopener\">LA MAGIA DE LA ENERG\u00cdA<\/a><\/p>\n<p><a href=\"http:\/\/learn-energy.managenergy.net\/education\/kidscorner\/es\/u11\/u11.htm\" target=\"_blank\" rel=\"noopener\">LA MAGIA DE LA ENERG\u00cdA<\/a><\/p>\n<p><a href=\"http:\/\/agrega.educa.madrid.org\/repositorio\/25032010\/81\/es_2008070113_0320400\/index.html\" target=\"_blank\" rel=\"noopener\">LA ENERG\u00cdA NUESTRA AMIGA M\u00c1S CERCANA<\/a><\/p>\n<p><strong>Navegar por Internet<\/strong><\/p>\n<p><a href=\"http:\/\/spaceplace.nasa.gov\/sp\/\" target=\"_blank\" rel=\"noopener\">THE SPACE PLACE<\/a><\/p>\n<p><strong>Cooperamos para aprender<\/strong><\/p>\n<p><a href=\"http:\/\/www.doslourdes.net\/JUEpopularytradicional.htm\" target=\"_blank\" rel=\"noopener\">JUEGOS POPULARES Y TRADICIONALES<\/a><\/p>\n<p><a href=\"http:\/\/www.ceiploreto.es\/sugerencias\/juntadeandalucia\/A_que_jugaban\/index.html\" target=\"_blank\" rel=\"noopener\">\u00bfA QU\u00c9 JUGABAN NUESTROS ABUELITOS?<\/a><\/p>\n<p><a href=\"http:\/\/www.testeando.es\/test.asp?idA=59&amp;idT=hqbkhcsw\" target=\"_blank\" rel=\"noopener\">TEST: M\u00c1QUINAS Y ENERG\u00cdA<\/a><\/p>\n","protected":false},"excerpt":{"rendered":"<p>\u00a1Qu\u00e9 gran invento! Las m\u00e1quinas nos ayudan TIPOS DE M\u00c1QUINAS EL FUNCIONAMIENTO DE LAS M\u00c1QUINAS RELACIONA APRENDE Las m\u00e1quinas Trabajamos con m\u00e1quinas LAS M\u00c1QUINAS I LAS M\u00c1QUINAS II RELACIONA LAS M\u00c1QUINAS Y LAS HERRAMIENTAS M\u00c1QUINAS Y HERRAMIENTAS LAS PROFESIONES LOS OFICIOS Y LAS PROFESIONES LAS M\u00c1QUINAS Y EL TRABAJO Las m\u00e1quinas en nuestra vida GRANDES &hellip; <\/p>\n<p><a class=\"more-link btn\" href=\"https:\/\/blogsaverroes.juntadeandalucia.es\/ceipaznaitin\/ciencias-naturales-2o-tema-6\/\">Seguir leyendo<\/a><\/p>\n","protected":false},"author":2805,"featured_media":0,"parent":0,"menu_order":0,"comment_status":"closed","ping_status":"closed","template":"","meta":{"ngg_post_thumbnail":0,"footnotes":"","_mc_calendar":[]},"aioseo_notices":[],"_links":{"self":[{"href":"https:\/\/blogsaverroes.juntadeandalucia.es\/ceipaznaitin\/wp-json\/wp\/v2\/pages\/4616"}],"collection":[{"href":"https:\/\/blogsaverroes.juntadeandalucia.es\/ceipaznaitin\/wp-json\/wp\/v2\/pages"}],"about":[{"href":"https:\/\/blogsaverroes.juntadeandalucia.es\/ceipaznaitin\/wp-json\/wp\/v2\/types\/page"}],"author":[{"embeddable":true,"href":"https:\/\/blogsaverroes.juntadeandalucia.es\/ceipaznaitin\/wp-json\/wp\/v2\/users\/2805"}],"replies":[{"embeddable":true,"href":"https:\/\/blogsaverroes.juntadeandalucia.es\/ceipaznaitin\/wp-json\/wp\/v2\/comments?post=4616"}],"version-history":[{"count":5,"href":"https:\/\/blogsaverroes.juntadeandalucia.es\/ceipaznaitin\/wp-json\/wp\/v2\/pages\/4616\/revisions"}],"predecessor-version":[{"id":4623,"href":"https:\/\/blogsaverroes.juntadeandalucia.es\/ceipaznaitin\/wp-json\/wp\/v2\/pages\/4616\/revisions\/4623"}],"wp:attachment":[{"href":"https:\/\/blogsaverroes.juntadeandalucia.es\/ceipaznaitin\/wp-json\/wp\/v2\/media?parent=4616"}],"curies":[{"name":"wp","href":"https:\/\/api.w.org\/{rel}","templated":true}]}}