{"id":4684,"date":"2018-02-21T19:01:02","date_gmt":"2018-02-21T17:01:02","guid":{"rendered":"http:\/\/blogsaverroes.juntadeandalucia.es\/ceipaznaitin\/?page_id=4684"},"modified":"2018-02-21T19:06:35","modified_gmt":"2018-02-21T17:06:35","slug":"ciencias-naturales-3o-tema-6","status":"publish","type":"page","link":"https:\/\/blogsaverroes.juntadeandalucia.es\/ceipaznaitin\/ciencias-naturales-3o-tema-6\/","title":{"rendered":"Ciencias Naturales 3\u00ba Tema 6"},"content":{"rendered":"<p><strong>Las m\u00e1quinas y los avances tecnol\u00f3gicos<\/strong><\/p>\n<p><strong>Utilizamos m\u00e1quinas<\/strong><\/p>\n<p><a href=\"http:\/\/www.ceiploreto.es\/sugerencias\/cplosangeles.juntaextremadura.net\/web\/curso_3\/naturales_3\/maquinas_3\/maquinas_3.html\" target=\"_blank\" rel=\"noopener\">LAS M\u00c1QUINAS<\/a><\/p>\n<p><strong>M\u00e1quinas simples y compuestas<\/strong><\/p>\n<p><a href=\"http:\/\/www.ceiploreto.es\/sugerencias\/cplosangeles.juntaextremadura.net\/web\/curso_3\/naturales_3\/maquinas_tipo_3\/maquinas_tipo_3.html\" target=\"_blank\" rel=\"noopener\">TIPOS DE M\u00c1QUINAS<\/a><\/p>\n<p><a style=\"font-size: 14px;line-height: 22.4px;text-align: -webkit-center\" href=\"http:\/\/www.ceiploreto.es\/sugerencias\/juntadeandalucia\/Maquinas_y_mecanismos\/principal.swf\" target=\"_blank\" rel=\"noopener\">M\u00c1QUINAS<\/a><\/p>\n<p><a style=\"font-size: 14px;line-height: 22.4px;text-align: -webkit-center\" href=\"http:\/\/www.ceiploreto.es\/sugerencias\/pequemuseo\/peque8\/mecanica\/601.html\" target=\"_blank\" rel=\"noopener\">LAS M\u00c1QUINAS<\/a><\/p>\n<p><a class=\"Estilo2\" style=\"font-size: 14px;line-height: 22.4px;text-align: -webkit-center\" href=\"http:\/\/www.ceiploreto.es\/sugerencias\/juntadeandalucia\/Costa21\/enmaq\/enmaq.html\" target=\"_blank\" rel=\"noopener\">LAS M\u00c1QUINAS SIMPLES<\/a><\/p>\n<p><a style=\"font-size: 14px;line-height: 22.4px;text-align: -webkit-center\" href=\"http:\/\/ares.cnice.mec.es\/ciengehi\/b\/02\/animaciones\/a_fb19_00.html\" target=\"_blank\" rel=\"noopener\">LA PALANCA I<\/a><\/p>\n<p><a style=\"font-size: 14px;line-height: 22.4px;text-align: -webkit-center\" href=\"http:\/\/www.genmagic.net\/fisica\/ms1c.swf\" target=\"_blank\" rel=\"noopener\">LA PALANCA II<\/a><\/p>\n<p><a style=\"font-size: 14px;line-height: 22.4px;text-align: -webkit-center\" href=\"http:\/\/proyectos.cnice.mec.es\/arquimedes\/movie.php?usuario=2&amp;nivel=1&amp;movie=fp005\/gm001\/md001\/ut001\/0flash\/movie.swf\" target=\"_blank\" rel=\"noopener\">M\u00c1QUINAS Y OPERADORES<\/a><\/p>\n<p><a style=\"font-size: 14px;line-height: 22.4px;text-align: -webkit-center\" href=\"http:\/\/www.primaria.librosvivos.net\/archivosCMS\/3\/3\/16\/usuarios\/103294\/9\/cm4_u8_act1\/frame_prim.swf\" target=\"_blank\" rel=\"noopener\">LA PALANCA III<\/a><\/p>\n<p><a style=\"font-size: 14px;line-height: 22.4px;text-align: -webkit-center\" href=\"http:\/\/www.ceiploreto.es\/sugerencias\/juntadeandalucia\/Las_maquinas_y_el_hombre\/contenido\/cm019_oa02_es\/index.html\" target=\"_blank\" rel=\"noopener\">OPERADORES EN M\u00c1QUINAS<\/a><\/p>\n<p><a style=\"font-size: 14px;line-height: 22.4px;text-align: -webkit-center\" href=\"http:\/\/www.ceiploreto.es\/sugerencias\/juntadeandalucia\/Las_maquinas_y_el_hombre\/contenido\/cm019_oa03_es\/index.html\" target=\"_blank\" rel=\"noopener\">UNA M\u00c1QUINA Y SUS OPERADORES: LA BICICLETA<\/a><\/p>\n<p><strong>Las m\u00e1quinas avanzan<\/strong><\/p>\n<p><a class=\"Estilo2\" href=\"http:\/\/www.ceiploreto.es\/sugerencias\/averroes\/ricardoleon\/sciencia\/ciencia.html\" target=\"_blank\" rel=\"noopener\">CIENCIA Y GRANDES INVENTOS<\/a><\/p>\n<p><a class=\"Estilo3\" style=\"font-size: 14px;line-height: 22.4px;text-align: -webkit-center\" href=\"http:\/\/www.cientec.or.cr\/ciencias\/experimentos\/index.html\" target=\"_blank\" rel=\"noopener\">CIENCIA LOCA<\/a><\/p>\n<p><a style=\"font-size: 14px;line-height: 22.4px;text-align: -webkit-center\" href=\"http:\/\/www.primaria.librosvivos.net\/archivosCMS\/3\/3\/16\/usuarios\/103294\/9\/cm4_u8_act2\/frame_prim.swf\" target=\"_blank\" rel=\"noopener\">INVENTOS MODERNOS<\/a><\/p>\n<p><a style=\"font-size: 14px;line-height: 22.4px;text-align: -webkit-center\" href=\"http:\/\/catedu.es\/chuegos\/inventos\/index.html\" target=\"_blank\" rel=\"noopener\">UN INVENTO PARA CADA D\u00cdA<\/a><\/p>\n<p><a style=\"font-size: 14px;line-height: 22.4px;text-align: -webkit-center\" href=\"http:\/\/ares.cnice.mec.es\/ciengehi\/a\/04\/animaciones\/a_fa_anim05_v00.html\" target=\"_blank\" rel=\"noopener\">LOS AVANCES CIENT\u00cdFICOS<\/a><\/p>\n<p><a style=\"font-size: 14px;line-height: 22.4px;text-align: -webkit-center\" href=\"http:\/\/www.ceiploreto.es\/sugerencias\/cplosangeles.juntaextremadura.net\/web\/curso_3\/naturales_3\/inventos_3\/inventos_3.html\" target=\"_blank\" rel=\"noopener\">ALGUNOS INVENTOS<\/a><\/p>\n<p><a href=\"http:\/\/www.primaria.librosvivos.net\/actividades\/flashActividadesPrimariaPub\/examen.swf?idejecucion=2014\" target=\"_blank\" rel=\"noopener\">AUTOEVALUACI\u00d3N<\/a><\/p>\n<p>REPASO: &nbsp;<a href=\"http:\/\/www.juntadeandalucia.es\/averroes\/centros-tic\/14001529\/helvia\/aula\/archivos\/_6\/html\/264\/conocimiento%20medio%20santillana\/contenido\/3.taller\/actividades\/simplesocompuestas\/es_carcasa.html\" target=\"_blank\" rel=\"noopener\">1<\/a> <a href=\"http:\/\/www.juntadeandalucia.es\/averroes\/centros-tic\/14001529\/helvia\/aula\/archivos\/_6\/html\/264\/conocimiento%20medio%20santillana\/contenido\/3.taller\/actividades\/elsacocorchos\/es_carcasa.html\" target=\"_blank\" rel=\"noopener\">2<\/a> <a href=\"http:\/\/www.juntadeandalucia.es\/averroes\/centros-tic\/14001529\/helvia\/aula\/archivos\/_6\/html\/264\/conocimiento%20medio%20santillana\/contenido\/3.taller\/actividades\/cualutilizan\/es_carcasa.html\" target=\"_blank\" rel=\"noopener\">3<\/a> <a href=\"http:\/\/primerodecarlos.com\/SEGUNDO_PRIMARIA\/SANTILLANA\/Libro_Media_Santillana_c_del_medio_segundo\/data\/ES\/RECURSOS\/recursos\/13\/01\/visor.html\" target=\"_blank\" rel=\"noopener\">4<\/a> <a href=\"http:\/\/www.juntadeandalucia.es\/averroes\/centros-tic\/14001529\/helvia\/aula\/archivos\/_6\/html\/264\/conocimiento%20medio%20santillana\/contenido\/3.taller\/actividades\/utilesynecesarias\/es_carcasa.html\" target=\"_blank\" rel=\"noopener\">5<\/a> <a href=\"http:\/\/www.juntadeandalucia.es\/averroes\/centros-tic\/14001529\/helvia\/aula\/archivos\/_6\/html\/264\/conocimiento%20medio%20santillana\/contenido\/3.taller\/actividades\/maquinasentuvida\/es_carcasa.html\" target=\"_blank\" rel=\"noopener\">6<\/a> <a href=\"http:\/\/www.juntadeandalucia.es\/averroes\/centros-tic\/14001529\/helvia\/aula\/archivos\/_6\/html\/264\/conocimiento%20medio%20santillana\/contenido\/3.taller\/actividades\/maquinasutiles\/es_carcasa.html\" target=\"_blank\" rel=\"noopener\">7<\/a><\/p>\n","protected":false},"excerpt":{"rendered":"<p>Las m\u00e1quinas y los avances tecnol\u00f3gicos Utilizamos m\u00e1quinas LAS M\u00c1QUINAS M\u00e1quinas simples y compuestas TIPOS DE M\u00c1QUINAS M\u00c1QUINAS LAS M\u00c1QUINAS LAS M\u00c1QUINAS SIMPLES LA PALANCA I LA PALANCA II M\u00c1QUINAS Y OPERADORES LA PALANCA III OPERADORES EN M\u00c1QUINAS UNA M\u00c1QUINA Y SUS OPERADORES: LA BICICLETA Las m\u00e1quinas avanzan CIENCIA Y GRANDES INVENTOS CIENCIA LOCA INVENTOS &hellip; <\/p>\n<p><a class=\"more-link btn\" href=\"https:\/\/blogsaverroes.juntadeandalucia.es\/ceipaznaitin\/ciencias-naturales-3o-tema-6\/\">Seguir leyendo<\/a><\/p>\n","protected":false},"author":2805,"featured_media":0,"parent":0,"menu_order":0,"comment_status":"closed","ping_status":"closed","template":"","meta":{"ngg_post_thumbnail":0,"footnotes":"","_mc_calendar":[]},"aioseo_notices":[],"_links":{"self":[{"href":"https:\/\/blogsaverroes.juntadeandalucia.es\/ceipaznaitin\/wp-json\/wp\/v2\/pages\/4684"}],"collection":[{"href":"https:\/\/blogsaverroes.juntadeandalucia.es\/ceipaznaitin\/wp-json\/wp\/v2\/pages"}],"about":[{"href":"https:\/\/blogsaverroes.juntadeandalucia.es\/ceipaznaitin\/wp-json\/wp\/v2\/types\/page"}],"author":[{"embeddable":true,"href":"https:\/\/blogsaverroes.juntadeandalucia.es\/ceipaznaitin\/wp-json\/wp\/v2\/users\/2805"}],"replies":[{"embeddable":true,"href":"https:\/\/blogsaverroes.juntadeandalucia.es\/ceipaznaitin\/wp-json\/wp\/v2\/comments?post=4684"}],"version-history":[{"count":5,"href":"https:\/\/blogsaverroes.juntadeandalucia.es\/ceipaznaitin\/wp-json\/wp\/v2\/pages\/4684\/revisions"}],"predecessor-version":[{"id":4691,"href":"https:\/\/blogsaverroes.juntadeandalucia.es\/ceipaznaitin\/wp-json\/wp\/v2\/pages\/4684\/revisions\/4691"}],"wp:attachment":[{"href":"https:\/\/blogsaverroes.juntadeandalucia.es\/ceipaznaitin\/wp-json\/wp\/v2\/media?parent=4684"}],"curies":[{"name":"wp","href":"https:\/\/api.w.org\/{rel}","templated":true}]}}