{"id":4741,"date":"2018-02-22T11:12:04","date_gmt":"2018-02-22T09:12:04","guid":{"rendered":"http:\/\/blogsaverroes.juntadeandalucia.es\/ceipaznaitin\/?page_id=4741"},"modified":"2018-02-22T11:26:09","modified_gmt":"2018-02-22T09:26:09","slug":"matematicas-6o-tema-12","status":"publish","type":"page","link":"https:\/\/blogsaverroes.juntadeandalucia.es\/ceipaznaitin\/matematicas-6o-tema-12\/","title":{"rendered":"Matem\u00e1ticas 6\u00ba Tema 12"},"content":{"rendered":"<p><strong>Estad\u00edstica y probabilidad<\/strong><\/p>\n<p><strong>Contenidos previos<\/strong><\/p>\n<p><a href=\"http:\/\/cte.seebc.gob.mx\/pta\/app\/quinto\/matematicas\/bloque4\/act5\/\" target=\"_blank\" rel=\"noopener\">TABLAS DE FRECUENCIA<\/a><\/p>\n<p><a href=\"https:\/\/www.edu.xunta.es\/espazoAbalar\/sites\/espazoAbalar\/files\/datos\/1285583725\/contido\/ma025_oa02_es\/index.html\" target=\"_blank\" rel=\"noopener\">CONSTRUCCI\u00d3N DE TABLAS DE FRECUENCIA<\/a><\/p>\n<p><a href=\"http:\/\/agrega2.red.es\/\/repositorio\/25012010\/f2\/es_2008050513_0230100\/mt01_oa04_es\/index.html\" target=\"_blank\" rel=\"noopener\">ELABORACI\u00d3N DE PICTOGRAMAS<\/a><\/p>\n<p><strong>Frecuencia relativa. Media aritm\u00e9tica y moda<\/strong><\/p>\n<p><a href=\"http:\/\/w3.cnice.mec.es\/recursos\/primaria\/matematicas\/porcentajes\/menuu5.html\" target=\"_blank\" rel=\"noopener\">FRECUENCIA Y PROBABILIDAD<\/a><\/p>\n<p><a style=\"font-size: 14px;text-align: -webkit-center\" href=\"http:\/\/www.edu.xunta.es\/espazoAbalar\/sites\/espazoAbalar\/files\/datos\/1285583725\/contido\/index.html\" target=\"_blank\" rel=\"noopener\">TABLAS Y GR\u00c1FICOS ESTAD\u00cdSTICOS<\/a><\/p>\n<p><a style=\"font-size: 14px;text-align: -webkit-center\" href=\"http:\/\/genmagic.net\/repositorio\/displayimage.php?pos=-189\" target=\"_blank\" rel=\"noopener\">DIAGRAMA DE BARRAS<\/a><\/p>\n<p><a style=\"font-size: 14px;text-align: -webkit-center\" href=\"http:\/\/www.ceiploreto.es\/sugerencias\/chile\/recoleccion_organizacion_datos\/index.html\" target=\"_blank\" rel=\"noopener\">RECOLECCI\u00d3N Y ORGANIZACI\u00d3N DE DATOS<\/a><\/p>\n<p><a style=\"font-size: 14px;text-align: -webkit-center\" href=\"http:\/\/agrega.educacion.es\/\/repositorio\/15042011\/a0\/es_2011041512_9182736\/primaria_escarabajo_oro\/escarabajo_oro\/actividad.html\" target=\"_blank\" rel=\"noopener\">EL ESCARABAJO DE ORO<\/a><\/p>\n<p><a style=\"font-size: 14px;text-align: -webkit-center\" href=\"http:\/\/rea.ceibal.edu.uy\/UserFiles\/P0001\/ODEA\/ORIGINAL\/090325_probabilidad.elp\/index.html\" target=\"_blank\" rel=\"noopener\">PROBABILIDAD<\/a><\/p>\n<p><a style=\"font-size: 14px;text-align: -webkit-center\" href=\"http:\/\/rea.ceibal.edu.uy\/UserFiles\/P0001\/ODEA\/ORIGINAL\/090316_estadistica.elp\/index.html\" target=\"_blank\" rel=\"noopener\">ESTAD\u00cdSTICA<\/a><\/p>\n<p><a style=\"font-size: 14px;text-align: -webkit-center\" href=\"http:\/\/proyectodescartes.org\/PI\/materiales_didacticos\/M_B4_Frecuencia-JS\/index.html\" target=\"_blank\" rel=\"noopener\">FRECUENCIA<\/a><\/p>\n<p><a style=\"font-size: 14px;text-align: -webkit-center\" href=\"http:\/\/bromera.com\/tl_files\/activitatsdigitals\/capicua_6c_PA\/C6_u14_185_0_respostesMultiples_frequencies.swf\" target=\"_blank\" rel=\"noopener\">FRECUENCIAS ABSOLUTAS Y RELATIVAS<\/a><\/p>\n<p><a style=\"font-size: 14px;text-align: -webkit-center\" href=\"http:\/\/www.librosvivos.net\/smtc\/PagPorFormulario.asp?TemaClave=1051&amp;est=0\" target=\"_blank\" rel=\"noopener\">LOS DATOS ESTAD\u00cdSTICOS<\/a><\/p>\n<p><a style=\"font-size: 14px;text-align: -webkit-center\" href=\"http:\/\/www.edu.xunta.es\/espazoAbalar\/sites\/espazoAbalar\/files\/datos\/1285584184\/contido\/index.html\" target=\"_blank\" rel=\"noopener\">PAR\u00c1METROS ESTAD\u00cdSTICOS<\/a><\/p>\n<p><a style=\"font-size: 14px;text-align: -webkit-center\" href=\"http:\/\/recursostic.educacion.es\/descartes\/web\/materiales_didacticos\/Datos_pri\/00_index_datos.htm\" target=\"_blank\" rel=\"noopener\">REGISTRO DE DATOS<\/a><\/p>\n<p><a style=\"font-size: 14px;text-align: -webkit-center\" href=\"http:\/\/agrega.educacion.es\/\/repositorio\/14042011\/91\/es_2011041412_9204109\/primaria_media_aritmetica\/media_aritmetica\/actividad.html\" target=\"_blank\" rel=\"noopener\">LA MEDIA ARITM\u00c9TICA<\/a><\/p>\n<p><a style=\"font-size: 14px;text-align: -webkit-center\" href=\"http:\/\/agrega.educacion.es\/\/repositorio\/17042011\/8e\/es_2011041712_9114523\/primaria_media-grafica\/media-grafica\/actividad.html\" target=\"_blank\" rel=\"noopener\">LA MEDIA Y LA GR\u00c1FICA<\/a><\/p>\n<p><a style=\"font-size: 14px;text-align: -webkit-center\" href=\"http:\/\/proyectodescartes.org\/PI\/materiales_didacticos\/M_B4_Media_Moda-JS\/index.html\" target=\"_blank\" rel=\"noopener\">MEDIA Y MODA<\/a><\/p>\n<p><a style=\"font-size: 14px;text-align: -webkit-center\" href=\"http:\/\/bromera.com\/tl_files\/activitatsdigitals\/capicua_6c_PA\/C6_u14_187_0_spriteRespNumerica_mitjanaTaules.swf\" target=\"_blank\" rel=\"noopener\">CALCULA LA MEDIA ARITM\u00c9TICA<\/a><\/p>\n<p><a style=\"font-size: 14px;text-align: -webkit-center\" href=\"http:\/\/regletas.joseantoniocuadrado.com\/portada.swf\" target=\"_blank\" rel=\"noopener\">REGLETAS: DIAGRAMAS<\/a><\/p>\n<p><a style=\"font-size: 14px;text-align: -webkit-center\" href=\"http:\/\/cte.seebc.gob.mx\/pta\/app\/sexto\/matematicas\/bloque3\/act5\/\" target=\"_blank\" rel=\"noopener\">SEM\u00c1FOROS COORDINADOS<\/a>&nbsp;(espera un poco)<\/p>\n<p><a style=\"font-size: 14px;text-align: -webkit-center\" href=\"http:\/\/cte.seebc.gob.mx\/pta\/app\/sexto\/matematicas\/bloque3\/act6\/\" target=\"_blank\" rel=\"noopener\">UNA BANDA FUERA DEL PROMEDIO<\/a>&nbsp;(espera un poco)<\/p>\n<p><strong>Mediana y rango<\/strong><\/p>\n<p><a style=\"font-size: 14px;text-align: -webkit-center\" href=\"http:\/\/www.ceiploreto.es\/sugerencias\/Educarchile\/matematicas\/17_mediana_dispersion\/LearningObject\/index.html\" target=\"_blank\" rel=\"noopener\">MEDIANA Y DISPERSI\u00d3N<\/a><\/p>\n<p><a style=\"font-size: 14px;text-align: -webkit-center\" href=\"http:\/\/www.ceiploreto.es\/sugerencias\/Educarchile\/matematicas\/13_promedio_moda\/LearningObject\/index.html\" target=\"_blank\" rel=\"noopener\">PROMEDIO Y MODA<\/a><\/p>\n<p><a style=\"font-size: 14px;text-align: -webkit-center\" href=\"http:\/\/agrega.educacion.es\/\/repositorio\/17042011\/01\/es_2011041712_9114514\/primaria_media_mediana\/media_mediana\/actividad.html\" target=\"_blank\" rel=\"noopener\">MEDIA Y MEDIANA<\/a><\/p>\n<p><a style=\"font-size: 14px;text-align: -webkit-center\" href=\"http:\/\/www.ceiploreto.es\/sugerencias\/hdt.gob.mx\/juego_pelota\/index.html\" target=\"_blank\" rel=\"noopener\">JUEGO DE PELOTA<\/a><\/p>\n<p><a style=\"font-size: 14px\" href=\"http:\/\/www.ceiploreto.es\/sugerencias\/ecuador\/matematicas\/6_diagrama_circular_barras_porcentajes\/index.html\" target=\"_blank\" rel=\"noopener\">DIAGRAMA CIRCULAR, DE BARRAS Y PORCENTAJES<\/a><\/p>\n<p><a style=\"font-size: 14px;text-align: -webkit-center\" href=\"http:\/\/cte.seebc.gob.mx\/pta\/app\/sexto\/matematicas\/bloque3\/act2\/\" target=\"_blank\" rel=\"noopener\">LA MEDIA Y LA MEDIANA<\/a><\/p>\n<p><strong>Gr\u00e1fico de sectores<\/strong><\/p>\n<p><a href=\"http:\/\/w3.cnice.mec.es\/recursos\/secundaria\/sociales\/geografia\/circular.html\" target=\"_blank\" rel=\"noopener\">C\u00f3mo se hace un: GR\u00c1FICO CIRCULAR<\/a><\/p>\n<p><a style=\"font-size: 14px;text-align: -webkit-center\" href=\"http:\/\/agrega.educacion.es\/repositorio\/07022017\/07\/es_2012071713_9183009\/M_B4_GraficasDeSectores\/index.html\" target=\"_blank\" rel=\"noopener\">GR\u00c1FICA DE SECTORES<\/a><\/p>\n<p><a style=\"font-size: 14px;text-align: -webkit-center\" href=\"http:\/\/agrega2.red.es\/\/repositorio\/01022010\/82\/es_2009063012_7230255\/index.html\" target=\"_blank\" rel=\"noopener\">GR\u00c1FICA DE SECTORES II<\/a><\/p>\n<p><a style=\"font-size: 14px;text-align: -webkit-center\" href=\"http:\/\/www.edu.xunta.es\/espazoAbalar\/sites\/espazoAbalar\/files\/datos\/1285583725\/contido\/ma025_oa05_es\/index.html\" target=\"_blank\" rel=\"noopener\">GR\u00c1FICA DE SECTORES II<\/a><\/p>\n<p><a style=\"font-size: 14px;text-align: -webkit-center\" href=\"http:\/\/www.edu.xunta.es\/espazoAbalar\/sites\/espazoAbalar\/files\/datos\/1352714153\/contido\/estadistica.html\" target=\"_blank\" rel=\"noopener\">ESTAD\u00cdSTICA<\/a><\/p>\n<p><a style=\"font-size: 14px;text-align: -webkit-center\" href=\"http:\/\/www.juntadeandalucia.es\/averroes\/centros-tic\/14001529\/helvia\/aula\/archivos\/_6\/html\/262\/santillana%20matematicas%202%C2%BA%20ciclo\/contenido\/2.biblio_recursos\/animaciones\/a_indicedeaudiencia\/es_animacion.html\" target=\"_blank\" rel=\"noopener\">LOS \u00cdNDICES DE AUDIENCIA<\/a><\/p>\n<p><strong>Azar y probabilidad<\/strong><\/p>\n<p><a href=\"http:\/\/agrega2.red.es\/\/repositorio\/25012010\/29\/es_2008050513_0231100\/mt11_oa02_es\/index.html\" target=\"_blank\" rel=\"noopener\">EL AZAR Y LA VIDA COTIDIANA<\/a><\/p>\n<p><a style=\"font-size: 14px;text-align: -webkit-center\" href=\"http:\/\/agrega2.red.es\/\/repositorio\/25012010\/29\/es_2008050513_0231100\/mt11_oa04_es\/index.html\" target=\"_blank\" rel=\"noopener\">LOS JUEGOS DE AZAR<\/a><\/p>\n<p><a style=\"font-size: 14px;text-align: -webkit-center\" href=\"http:\/\/rea.ceibal.edu.uy\/UserFiles\/P0001\/ODEA\/ORIGINAL\/100618_probabilidad_nivel1.elp\/\" target=\"_blank\" rel=\"noopener\">AZAR Y PROBABILIDAD<\/a><\/p>\n<p><a style=\"font-size: 14px;text-align: -webkit-center\" href=\"http:\/\/proyectodescartes.org\/canals\/materiales_didacticos\/PL-AZ-12-JS\/index.html\" target=\"_blank\" rel=\"noopener\">JUEGO DE AZAR E INCERTIDUMBRE<\/a><\/p>\n<p><a style=\"font-size: 14px;text-align: -webkit-center\" href=\"http:\/\/proyectodescartes.org\/canals\/materiales_didacticos\/PL-AZ-15-JS\/index.html\" target=\"_blank\" rel=\"noopener\">JUEGO DE AZAR Y COMBINACIONES<\/a><\/p>\n<p><a style=\"font-size: 14px;text-align: -webkit-center\" href=\"http:\/\/ntic.educacion.es\/w3\/\/eos\/MaterialesEducativos\/mem2010\/labazar\/index.html\" target=\"_blank\" rel=\"noopener\">LABORATORIO B\u00c1SICO DE AZAR, PROBABILIDAD Y COMBINATORIA<\/a><\/p>\n<p><a style=\"font-size: 14px;text-align: -webkit-center\" href=\"http:\/\/www.edu.xunta.es\/espazoAbalar\/sites\/espazoAbalar\/files\/datos\/1302507790\/contido\/index.html\" target=\"_blank\" rel=\"noopener\">AZAR Y PROBABILIDAD: JUGUEMOS<\/a><\/p>\n<p><a style=\"font-size: 14px;text-align: -webkit-center\" href=\"http:\/\/www.ceiploreto.es\/sugerencias\/Enciclomedia\/Dados\/index.html\" target=\"_blank\" rel=\"noopener\">DADOS<\/a><\/p>\n<p><a style=\"font-size: 14px;text-align: -webkit-center\" href=\"http:\/\/proyectodescartes.org\/PI\/materiales_didacticos\/M_B4_Azar-JS\/index.html\" target=\"_blank\" rel=\"noopener\">AZAR<\/a><\/p>\n<p><a style=\"font-size: 14px;text-align: -webkit-center\" href=\"http:\/\/www.primaria.librosvivos.net\/archivosCMS\/3\/3\/16\/usuarios\/103294\/9\/6EP_Mat_cas_ud15_Sucesos\/frame_prim.swf\" target=\"_blank\" rel=\"noopener\">SUCESO SEGURO, POSIBLE O IMPOSIBLE<\/a><\/p>\n<p><a style=\"font-size: 14px;text-align: -webkit-center\" href=\"http:\/\/agrega2.red.es\/\/repositorio\/25012010\/29\/es_2008050513_0231100\/mt11_oa01_es\/index.html\" target=\"_blank\" rel=\"noopener\">EXPERIMENTOS ALEATORIOS<\/a><\/p>\n<p><a style=\"font-size: 14px;text-align: -webkit-center\" href=\"http:\/\/www.ceiploreto.es\/sugerencias\/chile\/aplicacion_vocabulario_probabilidades\/index.html\" target=\"_blank\" rel=\"noopener\">APLICACI\u00d3N DE UN VOCABULARIO DE PROBABILIDADES<\/a><\/p>\n<p><a style=\"font-size: 14px;text-align: -webkit-center\" href=\"http:\/\/agrega2.red.es\/\/repositorio\/01022010\/03\/es_2008112812_7230074\/index.html\" target=\"_blank\" rel=\"noopener\">TIPOS DE SUCESOS POSIBLES<\/a><\/p>\n<p><a style=\"font-size: 14px;text-align: -webkit-center\" href=\"http:\/\/www3.gobiernodecanarias.org\/medusa\/agrega\/repositorio\/10052010\/47\/es-ic_2010051012_9135156\/index.html\" target=\"_blank\" rel=\"noopener\">SUCESOS POSIBLES Y PROBABLES<\/a><\/p>\n<p><a style=\"font-size: 14px;text-align: -webkit-center\" href=\"http:\/\/rea.ceibal.edu.uy\/UserFiles\/P0001\/ODEA\/ORIGINAL\/100708_probabilidad_nivel2.elp\/\" target=\"_blank\" rel=\"noopener\">\u00bfCU\u00c1NTAS POSIBILIDADES HAY?<\/a><span style=\"font-size: 14px;text-align: -webkit-center\">&nbsp;<\/span><\/p>\n<p><strong>Ley de Laplace<\/strong><\/p>\n<p><a href=\"http:\/\/rea.ceibal.edu.uy\/contenidos\/areas_conocimiento\/mat\/probabilidad\/ley_de_laplace.html\" target=\"_blank\" rel=\"noopener\">LEY DE LAPLACE<\/a><\/p>\n<p><a href=\"http:\/\/www.ceiploreto.es\/sugerencias\/varios\/circo_probabilidad.swf\" target=\"_blank\" rel=\"noopener\">EL CIRCO DE LA PROBABILIDAD<\/a><\/p>\n<p><strong>\u00a1Sin problemas!<\/strong><\/p>\n<p><a href=\"http:\/\/www.ceiploreto.es\/sugerencias\/Educarchile\/matematicas\/18_tratamiento_informacion\/consolaOD.swf\" target=\"_blank\" rel=\"noopener\">TRATAMIENTO DE LA INFORMACI\u00d3N<\/a><\/p>\n<p><a href=\"http:\/\/www.primaria.librosvivos.net\/archivosCMS\/3\/3\/16\/usuarios\/103294\/9\/6EP_Mat_cas_ud15_ResuelveProblemas\/frame_prim.swf\" target=\"_blank\" rel=\"noopener\">RESUELVE PROBLEMAS<\/a><\/p>\n<p><strong>Aumentar el 25% a una cantidad<\/strong><\/p>\n<p><a href=\"http:\/\/www.eltanquematematico.es\/operatoria2\/operatoria_2_p.html\" target=\"_blank\" rel=\"noopener\">9.- A\u00d1ADIR UN 1%, 10%, 25% O 50% A UNA CANTIDAD<\/a><\/p>\n<p><a href=\"http:\/\/www.primaria.librosvivos.net\/actividades\/flashActividadesPrimariaPub\/examen.swf?idejecucion=7598\" target=\"_blank\" rel=\"noopener\">AUTOEVALUACI\u00d3N DE LA UNIDAD<\/a><\/p>\n<p><a href=\"http:\/\/www.testeando.es\/test.asp?idA=68&amp;idT=uloxcwmk\" target=\"_blank\" rel=\"noopener\">TEST: ESTAD\u00cdSTICA Y PROBABILIDAD<\/a><\/p>\n<p>ACTIVIDADES DE REPASO:&nbsp;&nbsp;<a href=\"http:\/\/www.juntadeandalucia.es\/averroes\/centros-tic\/41009470\/helvia\/aula\/archivos\/repositorio\/0\/193\/html\/recursos\/la\/U15\/pages\/recursos\/143304_P208.html\" target=\"_blank\" rel=\"noopener\">1<\/a>&nbsp;<a href=\"http:\/\/www.juntadeandalucia.es\/averroes\/centros-tic\/41009470\/helvia\/aula\/archivos\/repositorio\/0\/193\/html\/recursos\/la\/U15\/pages\/recursos\/143304_P209\/es_carcasa.html\" target=\"_blank\" rel=\"noopener\">2<\/a>&nbsp;<a href=\"http:\/\/www.juntadeandalucia.es\/averroes\/centros-tic\/41009470\/helvia\/aula\/archivos\/repositorio\/0\/193\/html\/recursos\/la\/U15\/pages\/recursos\/143304_P210\/es_carcasa.html\" target=\"_blank\" rel=\"noopener\">3<\/a>&nbsp;<a href=\"http:\/\/www.juntadeandalucia.es\/averroes\/centros-tic\/41009470\/helvia\/aula\/archivos\/repositorio\/0\/193\/html\/recursos\/la\/U15\/pages\/recursos\/143304_P211\/es_carcasa.html\" target=\"_blank\" rel=\"noopener\">4<\/a>&nbsp;<a href=\"http:\/\/www.juntadeandalucia.es\/averroes\/centros-tic\/41009470\/helvia\/aula\/archivos\/repositorio\/0\/193\/html\/recursos\/la\/U15\/pages\/recursos\/143304_P212\/es_carcasa.html\" target=\"_blank\" rel=\"noopener\">5<\/a>&nbsp;<a href=\"http:\/\/www.juntadeandalucia.es\/averroes\/centros-tic\/41009470\/helvia\/aula\/archivos\/repositorio\/0\/193\/html\/recursos\/la\/U15\/pages\/recursos\/143304_P213\/es_carcasa.html\" target=\"_blank\" rel=\"noopener\">6<\/a>&nbsp;<a href=\"http:\/\/www.juntadeandalucia.es\/averroes\/centros-tic\/41009470\/helvia\/aula\/archivos\/repositorio\/0\/193\/html\/recursos\/la\/U15\/pages\/recursos\/143304_P214\/es_carcasa.html\" target=\"_blank\" rel=\"noopener\">7<\/a>&nbsp;<a href=\"http:\/\/www.juntadeandalucia.es\/averroes\/centros-tic\/41009470\/helvia\/aula\/archivos\/repositorio\/0\/193\/html\/recursos\/la\/U15\/pages\/recursos\/143304_P215.html\" target=\"_blank\" rel=\"noopener\">8<\/a>&nbsp;<a href=\"http:\/\/www.juntadeandalucia.es\/averroes\/centros-tic\/41009470\/helvia\/aula\/archivos\/repositorio\/0\/193\/html\/recursos\/la\/U15\/pages\/recursos\/143304_P216_01\/es_carcasa.html\" target=\"_blank\" rel=\"noopener\">9<\/a>&nbsp;<a href=\"http:\/\/www.juntadeandalucia.es\/averroes\/centros-tic\/41009470\/helvia\/aula\/archivos\/repositorio\/0\/193\/html\/recursos\/la\/U15\/pages\/recursos\/143304_P216_02\/es_carcasa.html\" target=\"_blank\" rel=\"noopener\">10<\/a>&nbsp;<a href=\"http:\/\/www.juntadeandalucia.es\/averroes\/centros-tic\/41009470\/helvia\/aula\/archivos\/repositorio\/0\/193\/html\/recursos\/la\/U15\/pages\/recursos\/143304_P216_03\/es_carcasa.html\" target=\"_blank\" rel=\"noopener\">11<\/a>&nbsp;<a href=\"http:\/\/www.juntadeandalucia.es\/averroes\/centros-tic\/41009470\/helvia\/aula\/archivos\/repositorio\/0\/193\/html\/recursos\/la\/U15\/pages\/recursos\/143304_P216_04\/es_carcasa.html\" target=\"_blank\" rel=\"noopener\">12<\/a>&nbsp;<a href=\"http:\/\/www.juntadeandalucia.es\/averroes\/centros-tic\/41009470\/helvia\/aula\/archivos\/repositorio\/0\/193\/html\/recursos\/la\/U15\/pages\/recursos\/143304_P216_05\/es_carcasa.html\" target=\"_blank\" rel=\"noopener\">13<\/a>&nbsp;<a href=\"http:\/\/www.juntadeandalucia.es\/averroes\/centros-tic\/41009470\/helvia\/aula\/archivos\/repositorio\/0\/193\/html\/recursos\/la\/U15\/pages\/recursos\/143304_P218.html\" target=\"_blank\" rel=\"noopener\">14<\/a><\/p>\n<p><a href=\"http:\/\/www.ceiploreto.es\/sugerencias\/cplosangeles.juntaextremadura.net\/web\/matematicas_6\/estadistica_6\/actividad01.htm\" target=\"_blank\" rel=\"noopener\">REPASO: ESTAD\u00cdSTICA<\/a><\/p>\n","protected":false},"excerpt":{"rendered":"<p>Estad\u00edstica y probabilidad Contenidos previos TABLAS DE FRECUENCIA CONSTRUCCI\u00d3N DE TABLAS DE FRECUENCIA ELABORACI\u00d3N DE PICTOGRAMAS Frecuencia relativa. Media aritm\u00e9tica y moda FRECUENCIA Y PROBABILIDAD TABLAS Y GR\u00c1FICOS ESTAD\u00cdSTICOS DIAGRAMA DE BARRAS RECOLECCI\u00d3N Y ORGANIZACI\u00d3N DE DATOS EL ESCARABAJO DE ORO PROBABILIDAD ESTAD\u00cdSTICA FRECUENCIA FRECUENCIAS ABSOLUTAS Y RELATIVAS LOS DATOS ESTAD\u00cdSTICOS PAR\u00c1METROS ESTAD\u00cdSTICOS REGISTRO DE &hellip; <\/p>\n<p><a class=\"more-link btn\" href=\"https:\/\/blogsaverroes.juntadeandalucia.es\/ceipaznaitin\/matematicas-6o-tema-12\/\">Seguir leyendo<\/a><\/p>\n","protected":false},"author":2805,"featured_media":0,"parent":0,"menu_order":0,"comment_status":"closed","ping_status":"closed","template":"","meta":{"ngg_post_thumbnail":0,"footnotes":"","_mc_calendar":[]},"aioseo_notices":[],"_links":{"self":[{"href":"https:\/\/blogsaverroes.juntadeandalucia.es\/ceipaznaitin\/wp-json\/wp\/v2\/pages\/4741"}],"collection":[{"href":"https:\/\/blogsaverroes.juntadeandalucia.es\/ceipaznaitin\/wp-json\/wp\/v2\/pages"}],"about":[{"href":"https:\/\/blogsaverroes.juntadeandalucia.es\/ceipaznaitin\/wp-json\/wp\/v2\/types\/page"}],"author":[{"embeddable":true,"href":"https:\/\/blogsaverroes.juntadeandalucia.es\/ceipaznaitin\/wp-json\/wp\/v2\/users\/2805"}],"replies":[{"embeddable":true,"href":"https:\/\/blogsaverroes.juntadeandalucia.es\/ceipaznaitin\/wp-json\/wp\/v2\/comments?post=4741"}],"version-history":[{"count":10,"href":"https:\/\/blogsaverroes.juntadeandalucia.es\/ceipaznaitin\/wp-json\/wp\/v2\/pages\/4741\/revisions"}],"predecessor-version":[{"id":4756,"href":"https:\/\/blogsaverroes.juntadeandalucia.es\/ceipaznaitin\/wp-json\/wp\/v2\/pages\/4741\/revisions\/4756"}],"wp:attachment":[{"href":"https:\/\/blogsaverroes.juntadeandalucia.es\/ceipaznaitin\/wp-json\/wp\/v2\/media?parent=4741"}],"curies":[{"name":"wp","href":"https:\/\/api.w.org\/{rel}","templated":true}]}}