{"id":4925,"date":"2018-02-27T12:16:37","date_gmt":"2018-02-27T10:16:37","guid":{"rendered":"http:\/\/blogsaverroes.juntadeandalucia.es\/ceipaznaitin\/?page_id=4925"},"modified":"2018-02-27T12:38:15","modified_gmt":"2018-02-27T10:38:15","slug":"matematicas-1o-tema-2","status":"publish","type":"page","link":"https:\/\/blogsaverroes.juntadeandalucia.es\/ceipaznaitin\/matematicas-1o-tema-2\/","title":{"rendered":"Matem\u00e1ticas 1\u00ba Tema 2"},"content":{"rendered":"<p><strong>Pon tus cinco sentidos<\/strong><\/p>\n<p><strong>N\u00fameros del 6 al 9. Serie +1<\/strong><\/p>\n<p><a href=\"http:\/\/www.ceiploreto.es\/sugerencias\/tic2.sepdf.gob.mx\/scorm\/oas\/mat\/primero\/06\/intro.swf\" target=\"_blank\" rel=\"noopener\">CONOCEREMOS EL N\u00daMERO 6<\/a><\/p>\n<p><a style=\"font-size: 14px;text-align: -webkit-center\" href=\"http:\/\/www.ceiploreto.es\/sugerencias\/tic2.sepdf.gob.mx\/scorm\/oas\/mat\/primero\/07\/intro.swf\" target=\"_blank\" rel=\"noopener\">CONOCEREMOS EL N\u00daMERO 7<\/a><\/p>\n<p><a style=\"font-size: 14px;text-align: -webkit-center\" href=\"http:\/\/www.ceiploreto.es\/sugerencias\/cp.juan.de.la.cosa\/1_2\/mates\/actividades\/01\/01\/visor.html\" target=\"_blank\" rel=\"noopener\">LOS N\u00daMEROS HASTA EL 7<\/a><\/p>\n<p><a style=\"font-size: 14px;text-align: -webkit-center\" href=\"http:\/\/ares.cnice.mec.es\/matematicasep\/a\/1\/ca1_01.html\" target=\"_blank\" rel=\"noopener\">LOS N\u00daMEROS VIAJAN AL MAR<\/a><\/p>\n<p><a style=\"font-size: 14px;text-align: -webkit-center\" href=\"http:\/\/www.genmagic.net\/mates5\/numc1.swf\" target=\"_blank\" rel=\"noopener\">DEL 0 AL 9<\/a><\/p>\n<p><a style=\"font-size: 14px;text-align: -webkit-center\" href=\"http:\/\/www.genmagic.org\/mates1\/somgran1c.swf\" target=\"_blank\" rel=\"noopener\">CONTAMOS DE 0 A 9<\/a><\/p>\n<p><a style=\"font-size: 14px;text-align: -webkit-center\" href=\"http:\/\/agrega2.red.es\/\/repositorio\/28012010\/7d\/es_2009040312_7200023\/ei002_oa03_af_es\/index.html\" target=\"_blank\" rel=\"noopener\">\u00bfCONOCES LOS N\u00daMEROS?<\/a><\/p>\n<p><a style=\"font-size: 14px;text-align: -webkit-center\" href=\"http:\/\/agrega.carm.es\/visualizar\/es\/es-mu_2010071912_9095047\/false\" target=\"_blank\" rel=\"noopener\">\u00bfCONOCES LOS N\u00daMEROS?<\/a><\/p>\n<p><a style=\"font-size: 14px;text-align: -webkit-center\" href=\"http:\/\/www.ceiploreto.es\/sugerencias\/cp.juan.de.la.cosa\/Actividades%20Mates%20PDI\/01\/01\/03\/050103.swf\" target=\"_blank\" rel=\"noopener\">N\u00daMEROS DEL 1 AL 9<\/a><\/p>\n<p><a style=\"font-size: 14px;text-align: -webkit-center\" href=\"http:\/\/www.ceiploreto.es\/sugerencias\/cp.juan.de.la.cosa\/Actividades%20Mates%20PDI\/01\/01\/05\/050105.swf\" target=\"_blank\" rel=\"noopener\">CONTEO DE ELEMENTOS<\/a><\/p>\n<p><a style=\"font-size: 14px;text-align: -webkit-center\" href=\"http:\/\/www.primaria.librosvivos.net\/archivosCMS\/3\/3\/16\/usuarios\/103294\/9\/mate1ep_ud2_1\/carcasa.swf\" target=\"_blank\" rel=\"noopener\">CONOZCO LOS N\u00daMEROS<\/a><\/p>\n<p><a style=\"font-size: 14px;text-align: -webkit-center\" href=\"http:\/\/www.ceiploreto.es\/sugerencias\/A_1\/Recursosdidacticos\/PRIMERO\/datos\/02_Mates\/03_Recursos\/01_t\/actividades\/numeros\/04.htm\" target=\"_blank\" rel=\"noopener\">RECONOCIMIENTO DE GRAF\u00cdAS<\/a><\/p>\n<p><a style=\"font-size: 14px;text-align: -webkit-center\" href=\"http:\/\/www.ceiploreto.es\/sugerencias\/A_1\/Recursosdidacticos\/PRIMERO\/datos\/02_Mates\/03_Recursos\/01_t\/actividades\/numeros\/03.htm\" target=\"_blank\" rel=\"noopener\">UNE LOS PUNTOS<\/a><\/p>\n<p><a style=\"font-size: 14px;text-align: -webkit-center\" href=\"http:\/\/www.ceipjuanherreraalcausa.es\/Recursosdidacticos\/PRIMERO\/datos\/02_Mates\/03_Recursos\/01_t\/actividades\/numeros\/06.htm\" target=\"_blank\" rel=\"noopener\">CONTAR OBJETOS<\/a><\/p>\n<p><a style=\"font-size: 14px;text-align: -webkit-center\" href=\"http:\/\/nea.educastur.princast.es\/repositorio\/RECURSO_ZIP\/2_1_ibcmass_u18\/index.html\" target=\"_blank\" rel=\"noopener\">EL N\u00daMERO<\/a><\/p>\n<p><a style=\"font-size: 14px;text-align: -webkit-center\" href=\"http:\/\/www.cercifaf.org.pt\/mosaico.edu\/ca\/contar1.html\" target=\"_blank\" rel=\"noopener\">CONTAR<\/a><\/p>\n<p><a style=\"font-size: 14px;text-align: -webkit-center\" href=\"http:\/\/www.cercifaf.org.pt\/mosaico.edu\/ca\/antseg1.html\" target=\"_blank\" rel=\"noopener\">ANTERIOR Y POSTERIOR<\/a><\/p>\n<p><a style=\"font-size: 14px;text-align: -webkit-center\" href=\"http:\/\/www.ceiploreto.es\/sugerencias\/tic2.sepdf.gob.mx\/scorm\/oas\/mat\/primero\/08\/intro.swf\" target=\"_blank\" rel=\"noopener\">CONOCEREMOS EL N\u00daMERO 8<\/a><\/p>\n<p><a style=\"font-size: 14px;text-align: -webkit-center\" href=\"http:\/\/www.ceiploreto.es\/sugerencias\/tic2.sepdf.gob.mx\/scorm\/oas\/mat\/primero\/09\/intro.swf\" target=\"_blank\" rel=\"noopener\">CONOCEREMOS EL N\u00daMERO 9<\/a><\/p>\n<p><a style=\"font-size: 14px;text-align: -webkit-center\" href=\"http:\/\/www.genmagic.org\/repositorio\/albums\/userpics\/comp22c.swf\" target=\"_blank\" rel=\"noopener\">CONTAR ANIMALES 2<\/a><\/p>\n<p><a style=\"font-size: 14px;text-align: -webkit-center\" href=\"http:\/\/www.genmagic.org\/repositorio\/albums\/userpics\/busnum1c.swf\" target=\"_blank\" rel=\"noopener\">BUSCA EL N\u00daMERO<\/a><\/p>\n<p><a href=\"http:\/\/www.ceiploreto.es\/sugerencias\/cp.juan.de.la.cosa\/1_2\/mates\/actividades\/01\/02\/visor.html\" target=\"_blank\" rel=\"noopener\">CONTAR ELEMENTOS<\/a><\/p>\n<p><a style=\"font-size: 14px;text-align: -webkit-center\" href=\"http:\/\/www.ceiploreto.es\/sugerencias\/cp.juan.de.la.cosa\/1_2\/mates\/actividades\/01\/03\/visor.html\" target=\"_blank\" rel=\"noopener\">LOS N\u00daMEROS DEL 0 AL 9<\/a><\/p>\n<p><a style=\"font-size: 14px;text-align: -webkit-center\" href=\"http:\/\/primerodecarlos.com\/primerodecarlos.blogspot.com\/octubre\/puzle_numeros%201%20al%209.swf\" target=\"_blank\" rel=\"noopener\">EL PUZZLE DE LOS N\u00daMEROS<\/a><\/p>\n<p><a style=\"font-size: 14px;text-align: -webkit-center\" href=\"http:\/\/primerodecarlos.com\/primerodecarlos.blogspot.com\/octubre\/contar.swf\" target=\"_blank\" rel=\"noopener\">CUENTA Y RODEA EL N\u00daMERO<\/a><\/p>\n<p><a style=\"font-size: 14px;text-align: -webkit-center\" href=\"http:\/\/primerodecarlos.com\/abaco.swf\" target=\"_blank\" rel=\"noopener\">\u00c1BACO<\/a><\/p>\n<p>REPASO:&nbsp;&nbsp;<a href=\"http:\/\/bromera.com\/tl_files\/activitatsdigitals\/capicua_1c_PF\/CAPICUA1-U1-PAG12-CAS.swf\" target=\"_blank\" rel=\"noopener\">1<\/a>&nbsp;<a href=\"http:\/\/bromera.com\/tl_files\/activitatsdigitals\/capicua_1c_PF\/CAPICUA1-U1-PAG19-CAS.swf\" target=\"_blank\" rel=\"noopener\">2<\/a>&nbsp;<a href=\"http:\/\/bromera.com\/tl_files\/activitatsdigitals\/capicua_1c_PF\/CAPICUA1-U2-PAG22-CAS.swf\" target=\"_blank\" rel=\"noopener\">3<\/a>&nbsp;<a href=\"http:\/\/bromera.com\/tl_files\/activitatsdigitals\/capicua_1c_PF\/CAPICUA1-U2-PAG30-CAS.swf\" target=\"_blank\" rel=\"noopener\">4<\/a><\/p>\n<p><a style=\"font-size: 14px;text-align: -webkit-center\" href=\"http:\/\/regletas.joseantoniocuadrado.com\/portada.swf\" target=\"_blank\" rel=\"noopener\">\u00c1BACOS: REPRESENTAR N\u00daMEROS (UNIDADES)<\/a><\/p>\n<p><a style=\"font-size: 14px;text-align: -webkit-center\" href=\"http:\/\/www.ramonlaporta.es\/jocsonline\/viajando%20con%20las%20mates\/avion.swf\" target=\"_blank\" rel=\"noopener\">ORDENA LOS N\u00daMEROS<\/a><\/p>\n<p><strong>El 10. Serie +1<\/strong><\/p>\n<p><a class=\"Estilo2\" href=\"http:\/\/www.disanedu.com\/cpr\/matematicas\/aplicacion\/atenex\/Sumas%20I\/index.html\" target=\"_blank\" rel=\"noopener\">LOS N\u00daMEROS<\/a><\/p>\n<p><a style=\"font-size: 14px;text-align: -webkit-center\" href=\"http:\/\/www.ceiploreto.es\/sugerencias\/juntadeandalucia\/Estrategias_numeracion\/cuenta10.swf\" target=\"_blank\" rel=\"noopener\">LA DESCOMPOSICI\u00d3N DEL 10<\/a><\/p>\n<p><a style=\"font-size: 14px;text-align: -webkit-center\" href=\"http:\/\/lessons.e-learningforkids.org\/efk\/Courses\/ES\/M0601\/index.html\" target=\"_blank\" rel=\"noopener\">DIVERSI\u00d3N CON MATEM\u00c1TICAS<\/a><\/p>\n<p><a style=\"font-size: 14px;text-align: -webkit-center\" href=\"http:\/\/www3.gobiernodecanarias.org\/medusa\/contenidosdigitales\/programasflash\/Infantil\/Numeros\/contar2.swf\" target=\"_blank\" rel=\"noopener\">EL JUEGO DE CONTAR<\/a><\/p>\n<p><a style=\"font-size: 14px;text-align: -webkit-center\" href=\"http:\/\/www.ceiploreto.es\/sugerencias\/cp.juan.de.la.cosa\/Actividades%20Mates%20PDI\/01\/04\/01\/010401_new.swf\" target=\"_blank\" rel=\"noopener\">EL N\u00daMERO 10<\/a><\/p>\n<p><a style=\"font-size: 14px;text-align: -webkit-center\" href=\"http:\/\/www.ceiploreto.es\/sugerencias\/A_1\/Recursosdidacticos\/PRIMERO\/datos\/02_Mates\/03_Recursos\/01_t\/actividades\/numeros\/02.htm\" target=\"_blank\" rel=\"noopener\">CONTAR HASTA 10<\/a><\/p>\n<p><a style=\"font-size: 14px;text-align: -webkit-center\" href=\"http:\/\/nea.educastur.princast.es\/repositorio\/RECURSO_ZIP\/1_1_ibcmass_u19\/index.html\" target=\"_blank\" rel=\"noopener\">LA SERIE NUM\u00c9RICA<\/a><\/p>\n<p><a style=\"font-size: 14px;text-align: -webkit-center\" href=\"http:\/\/www.ceiploreto.es\/sugerencias\/tic2.sepdf.gob.mx\/scorm\/oas\/mat\/primero\/10\/intro.swf\" target=\"_blank\" rel=\"noopener\">CONOCEREMOS EL N\u00daMERO 10<\/a><\/p>\n<p><a style=\"font-size: 14px;text-align: -webkit-center\" href=\"http:\/\/www3.gobiernodecanarias.org\/medusa\/contenidosdigitales\/programasflash\/Medusa\/Numeros10\/principal.swf\" target=\"_blank\" rel=\"noopener\">LOS N\u00daMEROS QUE SUMAN 10<\/a><\/p>\n<p><a style=\"font-size: 14px;text-align: -webkit-center\" href=\"http:\/\/primerodecarlos.com\/primerodecarlos.blogspot.com\/octubre\/series_decena\/visor.swf\" target=\"_blank\" rel=\"noopener\">ESCRIBE LOS N\u00daMEROS QUE FALTAN<\/a><\/p>\n<p><a style=\"font-size: 14px;text-align: -webkit-center\" href=\"http:\/\/bromera.com\/tl_files\/activitatsdigitals\/capicua_1c_PF\/CAPICUA1-U4-PAG53-CAS.swf\" target=\"_blank\" rel=\"noopener\">LLEGAR A 10<\/a><\/p>\n<p><a style=\"font-size: 14px;text-align: -webkit-center\" href=\"http:\/\/regletas.joseantoniocuadrado.com\/portada.swf\" target=\"_blank\" rel=\"noopener\">REGLETAS: JUEGA CON LAS REGLETAS<\/a><\/p>\n<p><a style=\"font-size: 14px;text-align: -webkit-center\" href=\"http:\/\/www.ramonlaporta.es\/jocsonline\/viajando%20con%20las%20mates\/globo.swf\" target=\"_blank\" rel=\"noopener\">\u00bfCU\u00c1NTOS HAY?<\/a><\/p>\n<p><a style=\"font-size: 14px;text-align: -webkit-center\" href=\"http:\/\/ntic.educacion.es\/w3\/eos\/MaterialesEducativos\/mem2008\/matematicas_primaria\/numeracion\/operaciones\/seriesgeneral.swf\" target=\"_blank\" rel=\"noopener\">SERIES ARITM\u00c9TICAS 1<\/a><\/p>\n<p><a href=\"http:\/\/clic.xtec.cat\/db\/jclicApplet.jsp?project=http:\/\/clic.xtec.cat\/projects\/num1_10\/jclic\/num1_10.jclic.zip&amp;lang=es\" target=\"_blank\" rel=\"noopener\">Los primeros n\u00fameros<\/a><\/p>\n<p><a href=\"http:\/\/clic.xtec.cat\/db\/jclicApplet.jsp?project=http:\/\/clic.xtec.cat\/projects\/cuenta\/jclic\/cuenta.jclic.zip&amp;lang=es\" target=\"_blank\" rel=\"noopener\">Contemos<\/a><\/p>\n<p><strong>La decena<\/strong><\/p>\n<p><a href=\"http:\/\/www.educa.jcyl.es\/educacyl\/cm\/gallery\/recursos%20edebe\/matematicas\/6_8_1\/flash.htm?numrecurso=0\" target=\"_blank\" rel=\"noopener\">DECENAS Y UNIDADES 1<\/a><\/p>\n<p><a style=\"font-size: 14px;text-align: -webkit-center\" href=\"http:\/\/www.ceiploreto.es\/sugerencias\/cp.juan.de.la.cosa\/Actividades%20Mates%20PDI\/01\/04\/02\/010402.swf\" target=\"_blank\" rel=\"noopener\">LA DECENA<\/a><\/p>\n<p><a style=\"font-size: 14px;text-align: -webkit-center\" href=\"http:\/\/www.ceiploreto.es\/sugerencias\/cp.juan.de.la.cosa\/Actividades%20Mates%20PDI\/01\/04\/04\/010404_new.swf\" target=\"_blank\" rel=\"noopener\">DECENAS Y UNIDADES 2<\/a><\/p>\n<p><a style=\"font-size: 14px;text-align: -webkit-center\" href=\"http:\/\/www.primaria.librosvivos.net\/archivosCMS\/3\/3\/16\/usuarios\/103294\/9\/mate1ep_ud3_1\/carcasa.swf\" target=\"_blank\" rel=\"noopener\">CONOZCO LOS N\u00daMEROS<\/a><\/p>\n<p><a style=\"font-size: 14px;text-align: -webkit-center\" href=\"http:\/\/primerodecarlos.com\/primerodecarlos.blogspot.com\/noviembre\/decena\/visor.swf\" target=\"_blank\" rel=\"noopener\">APRENDE<\/a><\/p>\n<p><strong>Resta en horizontal y vertical. Serie -1<\/strong><\/p>\n<p><a href=\"http:\/\/www.ceiploreto.es\/sugerencias\/juntadeandalucia\/Estrategias_numeracion\/estratega.swf\" target=\"_blank\" rel=\"noopener\">INICIACI\u00d3N A LA SUMA Y LA RESTA<\/a><\/p>\n<p><a style=\"font-size: 14px;text-align: -webkit-center\" href=\"http:\/\/www.genmagic.org\/mates5\/restes2c.swf\" target=\"_blank\" rel=\"noopener\">INICIACI\u00d3N A LA RESTA<\/a><\/p>\n<p><a style=\"font-size: 14px;text-align: -webkit-center\" href=\"http:\/\/www.genmagic.net\/mates5\/restesc.swf\" target=\"_blank\" rel=\"noopener\">RESTA 1<\/a><\/p>\n<p><a style=\"font-size: 14px;text-align: -webkit-center\" href=\"http:\/\/genmagic.net\/repositorio\/displayimage.php?pos=-183\" target=\"_blank\" rel=\"noopener\">C\u00c1LCULO MENTAL (RESTAR)<\/a><\/p>\n<p><a style=\"font-size: 14px;text-align: -webkit-center\" href=\"http:\/\/math.cilenia.com\/es\" target=\"_blank\" rel=\"noopener\">JUEGOS MATEM\u00c1TICOS<\/a><\/p>\n<p><a style=\"font-size: 14px;text-align: -webkit-center\" href=\"http:\/\/www.vedoque.com\/juegos\/numeros-perdidos.swf?idioma=es\" target=\"_blank\" rel=\"noopener\">N\u00daMEROS PERDIDOS<\/a><\/p>\n<p><a style=\"font-size: 14px;text-align: -webkit-center\" href=\"http:\/\/www.ceiploreto.es\/sugerencias\/A_1\/Recursosdidacticos\/PRIMERO\/datos\/02_Mates\/03_Recursos\/01_t\/actividades\/operaciones\/03.htm\" target=\"_blank\" rel=\"noopener\">RESTAS HORIZONTALES SIN LLEVADA<\/a><\/p>\n<p><a style=\"font-size: 14px;text-align: -webkit-center\" href=\"http:\/\/primerodecarlos.com\/primerodecarlos.blogspot.com\/octubre\/restas1\/visor.swf\" target=\"_blank\" rel=\"noopener\">COMPLETA 1<\/a><\/p>\n<p><a style=\"font-size: 14px;text-align: -webkit-center\" href=\"http:\/\/primerodecarlos.com\/primerodecarlos.blogspot.com\/octubre\/restas2\/visor.swf\" target=\"_blank\" rel=\"noopener\">COMPLETA 2<\/a><\/p>\n<p><a style=\"font-size: 14px;text-align: -webkit-center\" href=\"http:\/\/primerodecarlos.com\/primerodecarlos.blogspot.com\/octubre\/restas4\/visor.swf\" target=\"_blank\" rel=\"noopener\">RESTA 2<\/a><\/p>\n<p><a style=\"font-size: 14px;text-align: -webkit-center\" href=\"http:\/\/primerodecarlos.com\/primerodecarlos.blogspot.com\/octubre\/resta\/visor.swf\" target=\"_blank\" rel=\"noopener\">RESTA 3<\/a><\/p>\n<p><a style=\"font-size: 14px;text-align: -webkit-center\" href=\"http:\/\/primerodecarlos.com\/primerodecarlos.blogspot.com\/noviembre\/restas_sencillas.swf\" target=\"_blank\" rel=\"noopener\">RESTA 4<\/a><\/p>\n<p><a style=\"font-size: 14px;text-align: -webkit-center\" href=\"http:\/\/primerodecarlos.com\/mayo\/calcula\/visor.swf\" target=\"_blank\" rel=\"noopener\">CALCULA<\/a><\/p>\n<p><a style=\"font-size: 14px;text-align: -webkit-center\" href=\"http:\/\/primerodecarlos.com\/mayo\/completa_tablas\/visor.swf\" target=\"_blank\" rel=\"noopener\">COMPLETA LAS TABLAS<\/a><\/p>\n<p><a style=\"font-size: 14px;text-align: -webkit-center\" href=\"http:\/\/regletas.joseantoniocuadrado.com\/portada.swf\" target=\"_blank\" rel=\"noopener\">\u00c1BACOS: RESTAR (1 CIFRA)<\/a><\/p>\n<p><a style=\"font-size: 14px;text-align: -webkit-center\" href=\"http:\/\/regletas.joseantoniocuadrado.com\/portada.swf\" target=\"_blank\" rel=\"noopener\">REGLETAS: RESTAR<\/a><\/p>\n<p><a style=\"font-size: 14px;text-align: -webkit-center\" href=\"http:\/\/www.crienaturavila.com\/crie_httpdocs\/mate\/resta01.html\" target=\"_blank\" rel=\"noopener\">RESTAS DE N\u00daMEROS NATURALES<\/a><\/p>\n<p><a href=\"http:\/\/primerodecarlos.com\/primerodecarlos.blogspot.com\/noviembre\/generador_restas\/generador_restas.swf\" target=\"_blank\" rel=\"noopener\">GENERADOR DE RESTAS<\/a><\/p>\n<p><a href=\"http:\/\/primerodecarlos.com\/primerodecarlos.blogspot.com\/noviembre\/sumass_vertcal\/visor.swf\" target=\"_blank\" rel=\"noopener\">COMPLETA<\/a><\/p>\n<p><a href=\"http:\/\/primerodecarlos.com\/primerodecarlos.blogspot.com\/noviembre\/resta\/visor.swf\" target=\"_blank\" rel=\"noopener\">RESTA 5<\/a><\/p>\n<p><a href=\"http:\/\/primerodecarlos.com\/primerodecarlos.blogspot.com\/noviembre\/resta_5\/visor.swf\" target=\"_blank\" rel=\"noopener\">RESTA 6<\/a><\/p>\n<p><a href=\"http:\/\/www.ceiploreto.es\/sugerencias\/cp.juan.de.la.cosa\/Actividades%20Mates%20PDI\/01\/03\/05\/010305.swf\" target=\"_blank\" rel=\"noopener\">RESTA 7<\/a><\/p>\n<p><a href=\"http:\/\/clic.xtec.cat\/db\/jclicApplet.jsp?project=http:\/\/clic.xtec.cat\/projects\/manzana\/jclic\/manzana.jclic.zip&amp;lang=es\" target=\"_blank\" rel=\"noopener\">La manzana<\/a><\/p>\n<p><a href=\"http:\/\/clic.xtec.cat\/db\/jclicApplet.jsp?project=http:\/\/clic.xtec.cat\/projects\/mates1p\/jclic\/mates1p.jclic.zip&amp;lang=es\" target=\"_blank\" rel=\"noopener\">Aprendiendo a sumar y restar<\/a><\/p>\n<p><strong>Ancho y estrecho<\/strong><\/p>\n<p><a href=\"http:\/\/www.ceiploreto.es\/sugerencias\/A_1\/Recursosdidacticos\/PRIMERO\/datos\/02_Mates\/03_Recursos\/01_t\/actividades\/medidas\/02.htm\" target=\"_blank\" rel=\"noopener\">ANCHO &#8211; ESTRECHO 1<\/a><\/p>\n<p><a style=\"font-size: 14px;text-align: -webkit-center\" href=\"http:\/\/www.ceiploreto.es\/sugerencias\/A_1\/Recursosdidacticos\/PRIMERO\/datos\/02_Mates\/03_Recursos\/01_t\/actividades\/medidas\/02b.htm\" target=\"_blank\" rel=\"noopener\">ANCHO &#8211; ESTRECHO 2<\/a><\/p>\n<p><a style=\"font-size: 14px;text-align: -webkit-center\" href=\"http:\/\/primerodecarlos.com\/primerodecarlos.blogspot.com\/octubre\/ancho-estrecho\/visor.swf\" target=\"_blank\" rel=\"noopener\">ANCHOS Y ESTRECHOS<\/a><\/p>\n<p><a style=\"font-size: 14px;text-align: -webkit-center\" href=\"http:\/\/bromera.com\/tl_files\/activitatsdigitals\/capicua_1c_PF\/CAPICUA1-U6-PAG25-CAS.swf\" target=\"_blank\" rel=\"noopener\">ANCHO Y ESTRECHO<\/a><\/p>\n<p><a style=\"font-size: 14px;text-align: -webkit-center\" href=\"http:\/\/bromera.com\/tl_files\/activitatsdigitals\/capicua_1c_PF\/CAPICUA1-U6-PAG31-CAS.swf\" target=\"_blank\" rel=\"noopener\">\u00bfDE QUI\u00c9N ES CADA CAMA?<\/a><\/p>\n<p><strong>Cerca y lejos<\/strong><\/p>\n<p><a href=\"http:\/\/www.ceiploreto.es\/sugerencias\/A_1\/Recursosdidacticos\/PRIMERO\/datos\/02_Mates\/03_Recursos\/01_t\/actividades\/geometria\/05.htm\" target=\"_blank\" rel=\"noopener\">CERCA-LEJOS 1<\/a><\/p>\n<p><a style=\"font-size: 14px;text-align: -webkit-center\" href=\"http:\/\/www.ceiploreto.es\/sugerencias\/agrega\/Conceptos_espaciales\/contenido\/at_sd31_oa05_es\/at_sd31_oa05_a01_es\/at_31_05_oa.swf\" target=\"_blank\" rel=\"noopener\">LEJOS Y CERCA<\/a><\/p>\n<p><a style=\"font-size: 14px;text-align: -webkit-center\" href=\"http:\/\/www.ceiploreto.es\/sugerencias\/cp.juan.de.la.cosa\/1_2\/mates\/actividades\/02\/01\/visor.html\" target=\"_blank\" rel=\"noopener\">POSICIONES EN EL ESPACIO<\/a><\/p>\n<p><a style=\"font-size: 14px;text-align: -webkit-center\" href=\"http:\/\/primerodecarlos.com\/primerodecarlos.blogspot.com\/abril\/cerca-lejos.swf\" target=\"_blank\" rel=\"noopener\">CERCA-LEJOS 2<\/a><\/p>\n<p><strong>Resuelve problemas<\/strong><\/p>\n<p><a href=\"http:\/\/www.genmagic.org\/repositorio\/albums\/userpics\/gpromud2c.swf\" target=\"_blank\" rel=\"noopener\">PROBLEMAS MUDOS &#8211; 2<\/a><\/p>\n<p><a style=\"font-size: 14px;text-align: -webkit-center\" href=\"http:\/\/www.primaria.librosvivos.net\/archivosCMS\/3\/3\/16\/usuarios\/103294\/9\/mate1ep_ud2_2\/carcasa.swf\" target=\"_blank\" rel=\"noopener\">RESUELVO PROBLEMAS<\/a><\/p>\n<p><a style=\"font-size: 14px;text-align: -webkit-center\" href=\"http:\/\/www.primaria.librosvivos.net\/archivosCMS\/3\/3\/16\/usuarios\/103294\/9\/1ep_Mat_cas_ud2_act3\/actividad.swf\" target=\"_blank\" rel=\"noopener\">APRENDO A PENSAR<\/a><\/p>\n<p><a style=\"font-size: 14px;text-align: -webkit-center\" href=\"http:\/\/www.ceiploreto.es\/sugerencias\/tic2.sepdf.gob.mx\/scorm\/oas\/mat\/primero\/11\/intro.swf\" target=\"_blank\" rel=\"noopener\">CONOCEREMOS LA RESTA<\/a><\/p>\n<p><a style=\"font-size: 14px;text-align: -webkit-center\" href=\"http:\/\/www.ceiploreto.es\/sugerencias\/cp.juan.de.la.cosa\/1_2\/mates\/actividades\/01\/04\/visor.html\" target=\"_blank\" rel=\"noopener\">\u00bfCU\u00c1NTOS HAY EN TOTAL?<\/a><\/p>\n<p><a style=\"font-size: 14px;text-align: -webkit-center\" href=\"http:\/\/primerodecarlos.com\/primerodecarlos.blogspot.com\/noviembre\/problemas_restar_2\/problema2\/visor.swf\" target=\"_blank\" rel=\"noopener\">RESUELVE<\/a><\/p>\n<p><a style=\"font-size: 14px\" href=\"http:\/\/www.genmagic.org\/repositorio\/albums\/userpics\/jpedom1c.swf\" target=\"_blank\" rel=\"noopener\">JUGUEMOS CON PIEZAS DEL DOMIN\u00d3<\/a><\/p>\n<p><a href=\"http:\/\/www.genmagic.org\/repositorio\/albums\/userpics\/conter1c.swf\" target=\"_blank\" rel=\"noopener\">GANA TERRITORIO<\/a><\/p>\n<p><a href=\"http:\/\/clic.xtec.cat\/db\/jclicApplet.jsp?project=http:\/\/clic.xtec.cat\/projects\/ipsumes\/jclic\/ipsumes.jclic.zip&amp;lang=es\" target=\"_blank\" rel=\"noopener\">Resolvemos problemas<\/a><\/p>\n<p><a href=\"http:\/\/www.primaria.librosvivos.net\/archivosCMS\/3\/3\/16\/usuarios\/103294\/9\/mate1ep_ud2_e\/carcasa.swf\" target=\"_blank\" rel=\"noopener\">REPASO<\/a><\/p>\n","protected":false},"excerpt":{"rendered":"<p>Pon tus cinco sentidos N\u00fameros del 6 al 9. Serie +1 CONOCEREMOS EL N\u00daMERO 6 CONOCEREMOS EL N\u00daMERO 7 LOS N\u00daMEROS HASTA EL 7 LOS N\u00daMEROS VIAJAN AL MAR DEL 0 AL 9 CONTAMOS DE 0 A 9 \u00bfCONOCES LOS N\u00daMEROS? \u00bfCONOCES LOS N\u00daMEROS? N\u00daMEROS DEL 1 AL 9 CONTEO DE ELEMENTOS CONOZCO LOS N\u00daMEROS &hellip; <\/p>\n<p><a class=\"more-link btn\" href=\"https:\/\/blogsaverroes.juntadeandalucia.es\/ceipaznaitin\/matematicas-1o-tema-2\/\">Seguir leyendo<\/a><\/p>\n","protected":false},"author":2805,"featured_media":0,"parent":0,"menu_order":0,"comment_status":"closed","ping_status":"closed","template":"","meta":{"ngg_post_thumbnail":0,"footnotes":"","_mc_calendar":[]},"aioseo_notices":[],"_links":{"self":[{"href":"https:\/\/blogsaverroes.juntadeandalucia.es\/ceipaznaitin\/wp-json\/wp\/v2\/pages\/4925"}],"collection":[{"href":"https:\/\/blogsaverroes.juntadeandalucia.es\/ceipaznaitin\/wp-json\/wp\/v2\/pages"}],"about":[{"href":"https:\/\/blogsaverroes.juntadeandalucia.es\/ceipaznaitin\/wp-json\/wp\/v2\/types\/page"}],"author":[{"embeddable":true,"href":"https:\/\/blogsaverroes.juntadeandalucia.es\/ceipaznaitin\/wp-json\/wp\/v2\/users\/2805"}],"replies":[{"embeddable":true,"href":"https:\/\/blogsaverroes.juntadeandalucia.es\/ceipaznaitin\/wp-json\/wp\/v2\/comments?post=4925"}],"version-history":[{"count":16,"href":"https:\/\/blogsaverroes.juntadeandalucia.es\/ceipaznaitin\/wp-json\/wp\/v2\/pages\/4925\/revisions"}],"predecessor-version":[{"id":4943,"href":"https:\/\/blogsaverroes.juntadeandalucia.es\/ceipaznaitin\/wp-json\/wp\/v2\/pages\/4925\/revisions\/4943"}],"wp:attachment":[{"href":"https:\/\/blogsaverroes.juntadeandalucia.es\/ceipaznaitin\/wp-json\/wp\/v2\/media?parent=4925"}],"curies":[{"name":"wp","href":"https:\/\/api.w.org\/{rel}","templated":true}]}}