{"id":4962,"date":"2018-03-01T13:12:42","date_gmt":"2018-03-01T11:12:42","guid":{"rendered":"http:\/\/blogsaverroes.juntadeandalucia.es\/ceipaznaitin\/?page_id=4962"},"modified":"2018-03-01T13:23:06","modified_gmt":"2018-03-01T11:23:06","slug":"matematicas-1o-tema-4","status":"publish","type":"page","link":"https:\/\/blogsaverroes.juntadeandalucia.es\/ceipaznaitin\/matematicas-1o-tema-4\/","title":{"rendered":"Matem\u00e1ticas 1\u00ba Tema 4"},"content":{"rendered":"<p><strong>\u00a1Un diente menos!<\/strong><\/p>\n<p><strong>N\u00fameros del 20 al 24<\/strong><\/p>\n<p><a href=\"http:\/\/www.ceiploreto.es\/sugerencias\/juntadeandalucia\/Estrategias_numeracion\/cuenta20.swf\" target=\"_blank\" rel=\"noopener\">LA DESCOMPOSICI\u00d3N DEL 20<\/a><\/p>\n<p><a href=\"http:\/\/www.ceiploreto.es\/sugerencias\/Lim\/matematicas_1\/numeros_1_20\/aprender_numeros_de_1_a_20.html\" target=\"_blank\" rel=\"noopener\">LOS N\u00daMEROS DEL 1 AL 20<\/a><\/p>\n<p><a href=\"http:\/\/www.cercifaf.org.pt\/mosaico.edu\/ca\/antseg2.html\" target=\"_blank\" rel=\"noopener\">ANTERIOR Y POSTERIOR<\/a><\/p>\n<p><a href=\"http:\/\/primerodecarlos.com\/primerodecarlos.blogspot.com\/noviembre\/serie_15_24.swf\" target=\"_blank\" rel=\"noopener\">COMPLETA LAS SERIES<\/a><\/p>\n<p><strong>N\u00fameros del 25 al 29. Serie +2<\/strong><\/p>\n<p><a href=\"http:\/\/www.genmagic.org\/mates2\/da1c.swf\" target=\"_blank\" rel=\"noopener\">DIBUJOS ESCONDIDOS<\/a><\/p>\n<p><a style=\"font-size: 14px;text-align: -webkit-center\" href=\"http:\/\/www.ceiploreto.es\/sugerencias\/cp.juan.de.la.cosa\/matespdi\/01\/07\/02\/010702.swf\" target=\"_blank\" rel=\"noopener\">LOS N\u00daMEROS HASTA EL 29<\/a><\/p>\n<p><a style=\"font-size: 14px;text-align: -webkit-center\" href=\"http:\/\/primerodecarlos.com\/primerodecarlos.blogspot.com\/noviembre\/20_29\/visor.swf\" target=\"_blank\" rel=\"noopener\">ESCRIBE LOS N\u00daMEROS<\/a><\/p>\n<p><a style=\"font-size: 14px;text-align: -webkit-center\" href=\"http:\/\/primerodecarlos.com\/primerodecarlos.blogspot.com\/noviembre\/20_29_c.swf\" target=\"_blank\" rel=\"noopener\">UNE SEG\u00daN CORRESPONDA<\/a><\/p>\n<p><a style=\"font-size: 14px;text-align: -webkit-center\" href=\"http:\/\/primerodecarlos.com\/primerodecarlos.blogspot.com\/diciembre\/unelospuntos2.swf\" target=\"_blank\" rel=\"noopener\">UNE LOS PUNTOS<\/a><\/p>\n<p><a style=\"font-size: 14px;text-align: -webkit-center\" href=\"http:\/\/bromera.com\/tl_files\/activitatsdigitals\/capicua_1c_PF\/CAPICUA1-U5-PAG09-CAS.swf\" target=\"_blank\" rel=\"noopener\">CONTAR DEL 10 AL 30<\/a><\/p>\n<p><a style=\"font-size: 14px;text-align: -webkit-center\" href=\"http:\/\/bromera.com\/tl_files\/activitatsdigitals\/capicua_1c_PF\/CAPICUA1-U5-PAG19-CAS.swf\" target=\"_blank\" rel=\"noopener\">ORDENAMOS N\u00daMEROS<\/a><\/p>\n<p><a style=\"font-size: 14px;text-align: -webkit-center\" href=\"http:\/\/ntic.educacion.es\/w3\/eos\/MaterialesEducativos\/mem2008\/matematicas_primaria\/numeracion\/operaciones\/seriesgeneral.swf\" target=\"_blank\" rel=\"noopener\">SERIES ARITM\u00c9TICAS 1<\/a><\/p>\n<p><strong>Suma de 3 n\u00fameros (1 cif.). Serie -2<\/strong><\/p>\n<p><a href=\"http:\/\/genmagic.net\/repositorio\/albums\/userpics\/sumdausc.swf\" target=\"_blank\" rel=\"noopener\">SUMAR CON LOS DADOS<\/a><\/p>\n<p><a style=\"font-size: 14px;text-align: -webkit-center\" href=\"http:\/\/www.vedoque.com\/juegos\/jardin-senderos-bifurcan.swf\" target=\"_blank\" rel=\"noopener\">EL JARD\u00cdN DE LOS SENDEROS QUE SE BIFURCAN<\/a><\/p>\n<p><a style=\"font-size: 14px;text-align: -webkit-center\" href=\"http:\/\/2633518-0.web-hosting.es\/blog\/manipulables\/numeracion\/dadospuntos.swf\" target=\"_blank\" rel=\"noopener\">DADOS SUMAS<\/a><\/p>\n<p><a style=\"font-size: 14px;text-align: -webkit-center\" href=\"http:\/\/www.ceiploreto.es\/sugerencias\/cp.juan.de.la.cosa\/matespdi\/01\/06\/03\/010603.swf\" target=\"_blank\" rel=\"noopener\">SUMA DE TRES D\u00cdGITOS<\/a><\/p>\n<p><a style=\"font-size: 14px;text-align: -webkit-center\" href=\"http:\/\/primerodecarlos.com\/mayo\/calculo_mental_2\/visor.swf\" target=\"_blank\" rel=\"noopener\">COMPLETA PARA QUE SUMEN<\/a><\/p>\n<p><a style=\"font-size: 14px;text-align: -webkit-center\" href=\"http:\/\/primerodecarlos.com\/primerodecarlos.blogspot.com\/abril\/suma_3_sumandos_0\/visor.swf\" target=\"_blank\" rel=\"noopener\">APRENDE<\/a><\/p>\n<p><a style=\"font-size: 14px;text-align: -webkit-center\" href=\"http:\/\/primerodecarlos.com\/primerodecarlos.blogspot.com\/abril\/suma_3_sumandos_1\/visor.swf\" target=\"_blank\" rel=\"noopener\">SUMA<\/a><\/p>\n<p><strong>L\u00edneas rectas y curvas<\/strong><\/p>\n<p><a href=\"http:\/\/www.primaria.librosvivos.net\/archivosCMS\/3\/3\/16\/usuarios\/103294\/9\/mate1ep_ud7_act1\/carcasa.swf\" target=\"_blank\" rel=\"noopener\">L\u00cdNEAS RECTAS Y CURVAS<\/a><\/p>\n<p><a href=\"http:\/\/primerodecarlos.com\/primerodecarlos.blogspot.com\/abril\/lineas_rectas_curvas_1.swf\" target=\"_blank\" rel=\"noopener\">APRENDE<\/a><\/p>\n<p><strong>Curvas abiertas y cerradas<\/strong><\/p>\n<p><a href=\"http:\/\/bromera.com\/tl_files\/activitatsdigitals\/capicua_1c_PF\/CAPICUA1-U4-PAG59-CAS.swf\" target=\"_blank\" rel=\"noopener\">L\u00cdNEAS ABIERTAS Y CERRADAS<\/a><\/p>\n<p><a href=\"http:\/\/primerodecarlos.com\/primerodecarlos.blogspot.com\/abril\/lineas_abiertas_cerradas1.swf\" target=\"_blank\" rel=\"noopener\">APRENDE<\/a><\/p>\n<p><strong>Itinerarios<\/strong><\/p>\n<p><a href=\"http:\/\/ares.cnice.mec.es\/edufisica\/b\/02\/index.html\" target=\"_blank\" rel=\"noopener\">LA GRAN PIR\u00c1MIDE<\/a><\/p>\n<p><a href=\"http:\/\/www.primaria.librosvivos.net\/archivosCMS\/3\/3\/16\/usuarios\/103294\/9\/mate1ep_ud5_01\/carcasa.swf\" target=\"_blank\" rel=\"noopener\">ME ORIENTO<\/a><\/p>\n<p><a href=\"http:\/\/www.ceiploreto.es\/sugerencias\/Educarchile\/matematicas\/Pitagoras_1_2\/Pitagoras.swf\" target=\"_blank\" rel=\"noopener\">POSICIONES Y TRAYECTOS<\/a><\/p>\n<p><strong>Resuelve problemas<\/strong><\/p>\n<p><a href=\"http:\/\/www.ceiploreto.es\/sugerencias\/averroes\/colegiovirgendetiscar\/profes\/trabajos\/problemas\/index.html\" target=\"_blank\" rel=\"noopener\">PROBLEMAS: NIVEL 1<\/a><\/p>\n<p><a href=\"http:\/\/www.ceiploreto.es\/sugerencias\/cp.juan.de.la.cosa\/Actividades%20Mates%20PDI\/01\/03\/04\/010304.swf\" target=\"_blank\" rel=\"noopener\">\u00bfCU\u00c1NTOS QUEDAN?<\/a><\/p>\n<p><a href=\"http:\/\/primerodecarlos.com\/primerodecarlos.blogspot.com\/noviembre\/problemas_restar_2\/problema1\/visor.swf\" target=\"_blank\" rel=\"noopener\">RESUELVE<\/a><\/p>\n<p><a href=\"http:\/\/primerodecarlos.com\/primerodecarlos.blogspot.com\/noviembre\/problema_5.swf\" target=\"_blank\" rel=\"noopener\">PROBLEMA<\/a><\/p>\n<p><a href=\"http:\/\/www.primaria.librosvivos.net\/archivosCMS\/3\/3\/16\/usuarios\/103294\/9\/mate1ep_ud5_e\/carcasa.swf\" target=\"_blank\" rel=\"noopener\">REPASO<\/a><\/p>\n<p><a href=\"http:\/\/www.ceiploreto.es\/sugerencias\/A_1\/Recursosdidacticos\/PRIMERO\/datos\/02_Mates\/03_Recursos\/01_t\/mates_rdi_trimes_1_t_geom.htm\" target=\"_blank\" rel=\"noopener\">GEOMETR\u00cdA 1\u00ba TRIMESTRE<\/a><\/p>\n","protected":false},"excerpt":{"rendered":"<p>\u00a1Un diente menos! N\u00fameros del 20 al 24 LA DESCOMPOSICI\u00d3N DEL 20 LOS N\u00daMEROS DEL 1 AL 20 ANTERIOR Y POSTERIOR COMPLETA LAS SERIES N\u00fameros del 25 al 29. Serie +2 DIBUJOS ESCONDIDOS LOS N\u00daMEROS HASTA EL 29 ESCRIBE LOS N\u00daMEROS UNE SEG\u00daN CORRESPONDA UNE LOS PUNTOS CONTAR DEL 10 AL 30 ORDENAMOS N\u00daMEROS SERIES &hellip; <\/p>\n<p><a class=\"more-link btn\" href=\"https:\/\/blogsaverroes.juntadeandalucia.es\/ceipaznaitin\/matematicas-1o-tema-4\/\">Seguir leyendo<\/a><\/p>\n","protected":false},"author":2805,"featured_media":0,"parent":0,"menu_order":0,"comment_status":"closed","ping_status":"closed","template":"","meta":{"ngg_post_thumbnail":0,"footnotes":"","_mc_calendar":[]},"aioseo_notices":[],"_links":{"self":[{"href":"https:\/\/blogsaverroes.juntadeandalucia.es\/ceipaznaitin\/wp-json\/wp\/v2\/pages\/4962"}],"collection":[{"href":"https:\/\/blogsaverroes.juntadeandalucia.es\/ceipaznaitin\/wp-json\/wp\/v2\/pages"}],"about":[{"href":"https:\/\/blogsaverroes.juntadeandalucia.es\/ceipaznaitin\/wp-json\/wp\/v2\/types\/page"}],"author":[{"embeddable":true,"href":"https:\/\/blogsaverroes.juntadeandalucia.es\/ceipaznaitin\/wp-json\/wp\/v2\/users\/2805"}],"replies":[{"embeddable":true,"href":"https:\/\/blogsaverroes.juntadeandalucia.es\/ceipaznaitin\/wp-json\/wp\/v2\/comments?post=4962"}],"version-history":[{"count":6,"href":"https:\/\/blogsaverroes.juntadeandalucia.es\/ceipaznaitin\/wp-json\/wp\/v2\/pages\/4962\/revisions"}],"predecessor-version":[{"id":4970,"href":"https:\/\/blogsaverroes.juntadeandalucia.es\/ceipaznaitin\/wp-json\/wp\/v2\/pages\/4962\/revisions\/4970"}],"wp:attachment":[{"href":"https:\/\/blogsaverroes.juntadeandalucia.es\/ceipaznaitin\/wp-json\/wp\/v2\/media?parent=4962"}],"curies":[{"name":"wp","href":"https:\/\/api.w.org\/{rel}","templated":true}]}}