{"id":4971,"date":"2018-03-01T13:24:02","date_gmt":"2018-03-01T11:24:02","guid":{"rendered":"http:\/\/blogsaverroes.juntadeandalucia.es\/ceipaznaitin\/?page_id=4971"},"modified":"2018-03-01T13:43:55","modified_gmt":"2018-03-01T11:43:55","slug":"matematicas-2o-tema-1","status":"publish","type":"page","link":"https:\/\/blogsaverroes.juntadeandalucia.es\/ceipaznaitin\/matematicas-2o-tema-1\/","title":{"rendered":"Matem\u00e1ticas 2\u00ba Tema 1"},"content":{"rendered":"<p><strong>\u00a1Todos en fila!<\/strong><\/p>\n<p><strong>El 100<\/strong><\/p>\n<p><a href=\"http:\/\/ares.cnice.mec.es\/matematicasep\/a\/1\/ca1_06.html\" target=\"_blank\" rel=\"noopener\">COMPLETAR LAS CASILLAS<\/a><\/p>\n<p><a style=\"font-size: 14px;text-align: -webkit-center\" href=\"http:\/\/ares.cnice.mec.es\/matematicasep\/a\/1\/ca1_05.html\" target=\"_blank\" rel=\"noopener\">NO OLVIDES TUS N\u00daMEROS<\/a><\/p>\n<p><a style=\"font-size: 14px;text-align: -webkit-center\" href=\"http:\/\/www.ceiploreto.es\/sugerencias\/juntadeandalucia\/Estrategias_numeracion\/abacontador.swf\" target=\"_blank\" rel=\"noopener\">\u00c1BACO-CONTADOR<\/a><\/p>\n<p><a style=\"font-size: 14px;text-align: -webkit-center\" href=\"http:\/\/ntic.educacion.es\/w3\/eos\/MaterialesEducativos\/mem2008\/matematicas_primaria\/numeracion\/snd\/unidecen.swf\" target=\"_blank\" rel=\"noopener\">BLOQUES MULTIBASE<\/a><\/p>\n<p><a style=\"font-size: 14px;text-align: -webkit-center\" href=\"http:\/\/2633518-0.web-hosting.es\/blog\/manipulables\/numeracion\/cien.swf\" target=\"_blank\" rel=\"noopener\">DESCOMPOSICI\u00d3N DEL 100<\/a><\/p>\n<p><a style=\"font-size: 14px;text-align: -webkit-center\" href=\"http:\/\/www.chiscos.net\/xestor\/chs\/martinbetanzos\/cmbasico002\/cmbasico002.html\" target=\"_blank\" rel=\"noopener\">N\u00daMEROS HASTA EL CIEN<\/a><\/p>\n<p><strong>La centena<\/strong><\/p>\n<p><a href=\"http:\/\/www.ceiploreto.es\/sugerencias\/juntadeandalucia\/Estrategias_numeracion\/unidecen.swf\" target=\"_blank\" rel=\"noopener\">UNIDADES, DECENAS Y CENTENAS<\/a><\/p>\n<p><a style=\"font-size: 14px;text-align: -webkit-center\" href=\"http:\/\/www.ceiploreto.es\/sugerencias\/juntadeandalucia\/Estrategias_numeracion\/centena.swf\" target=\"_blank\" rel=\"noopener\">CENTENA DIN\u00c1MICA<\/a><\/p>\n<p><a style=\"font-size: 14px;text-align: -webkit-center\" href=\"http:\/\/www.ceiploreto.es\/sugerencias\/cp.juan.de.la.cosa\/Actividadespdimates2\/01\/03\/03\/010303.swf\" target=\"_blank\" rel=\"noopener\">LA CENTENA I<\/a><\/p>\n<p><a style=\"font-size: 14px;text-align: -webkit-center\" href=\"http:\/\/www.ceiploreto.es\/sugerencias\/ceipchanopinheiro\/2\/activ_mate_1_2\/act.mat.html\" target=\"_blank\" rel=\"noopener\">APRENDE LA CENTENA<\/a><\/p>\n<p><a style=\"font-size: 14px;text-align: -webkit-center\" href=\"http:\/\/www.ceiploreto.es\/sugerencias\/cp.juan.de.la.cosa\/Actividadespdimates2\/01\/03\/03\/010303.swf\" target=\"_blank\" rel=\"noopener\">LA CENTENA II<\/a><\/p>\n<p><a style=\"font-size: 14px;text-align: -webkit-center\" href=\"http:\/\/primerodecarlos.com\/SEGUNDO_PRIMARIA\/tengo_todo_4\/root_globalizado4\/libro\/6169\/ISBN_9788467808803\/activity\/U02_050_01\/visor.swf\" target=\"_blank\" rel=\"noopener\">APRENDE<\/a><\/p>\n<p><a style=\"font-size: 14px;text-align: -webkit-center\" href=\"http:\/\/primerodecarlos.com\/SEGUNDO_PRIMARIA\/tengo_todo_4\/root_globalizado4\/libro\/6169\/ISBN_9788467808803\/activity\/U02_050_02_AI\/visor.swf\" target=\"_blank\" rel=\"noopener\">CUENTA Y ESCRIBE LAS CENTENAS<\/a><\/p>\n<p><strong>Sumas sin llevadas y t\u00e9rminos (2 d\u00edg. vert.)<\/strong><\/p>\n<p><a href=\"http:\/\/www.ceiploreto.es\/sugerencias\/cp.juan.de.la.cosa\/Actividadespdimates2\/01\/01\/04\/010104.swf\" target=\"_blank\" rel=\"noopener\">SUMAS SIN LLEVAR<\/a><\/p>\n<p><a style=\"font-size: 14px;text-align: -webkit-center\" href=\"http:\/\/2633518-0.web-hosting.es\/blog\/manipulables\/numeracion\/sumaregletas.swf\" target=\"_blank\" rel=\"noopener\">ALGORITMO DE LA SUMA<\/a><\/p>\n<p><a style=\"font-size: 14px;text-align: -webkit-center\" href=\"http:\/\/www.ceiploreto.es\/sugerencias\/ecuador\/matematicas\/2_suma_sin_reagrupacion\/index.html\" target=\"_blank\" rel=\"noopener\">SUMA SIN REAGRUPACI\u00d3N<\/a><\/p>\n<p><a style=\"font-size: 14px;text-align: -webkit-center\" href=\"http:\/\/primerodecarlos.com\/SEGUNDO_PRIMARIA\/septiembre\/unidad_1\/terminos_suma.swf\" target=\"_blank\" rel=\"noopener\">LOS T\u00c9RMINOS DE LA SUMA<\/a><\/p>\n<p><a style=\"font-size: 14px;text-align: -webkit-center\" href=\"http:\/\/primerodecarlos.com\/SEGUNDO_PRIMARIA\/septiembre\/unidad_1\/terminos_suma2.swf\" target=\"_blank\" rel=\"noopener\">RECUERDA Y SUMA<\/a><\/p>\n<p><a style=\"font-size: 14px;text-align: -webkit-center\" href=\"http:\/\/primerodecarlos.com\/SEGUNDO_PRIMARIA\/septiembre\/unidad_1\/activ_flash\/coloca_suma.swf\" target=\"_blank\" rel=\"noopener\">COLOCA, SUMA Y ORDENA<\/a><\/p>\n<p><a style=\"font-size: 14px;text-align: -webkit-center\" href=\"http:\/\/primerodecarlos.com\/SEGUNDO_PRIMARIA\/septiembre\/unidad_1\/activ_flash\/decenas_completas.swf\" target=\"_blank\" rel=\"noopener\">UNE LAS PIEZAS<\/a><\/p>\n<p><a style=\"font-size: 14px;text-align: -webkit-center\" href=\"http:\/\/regletas.joseantoniocuadrado.com\/portada.swf\" target=\"_blank\" rel=\"noopener\">REGLETAS: SUMAR<\/a><\/p>\n<p><a style=\"font-size: 14px;text-align: -webkit-center\" href=\"http:\/\/www.genmagic.org\/repositorio\/albums\/userpics\/cliresumc.swf\" target=\"_blank\" rel=\"noopener\">SUMA. NIVEL 3<\/a><\/p>\n<p><a style=\"font-size: 14px\" href=\"http:\/\/www.genmagic.org\/repositorio\/albums\/userpics\/femsum1c.swf\" target=\"_blank\" rel=\"noopener\">ELIGE EL SUMANDO CORRECTO<\/a><\/p>\n<p><a href=\"http:\/\/www.omerique.net\/polavide\/rec_polavide0708\/aplicaciones%20polavide%200708\/proyecto%20JClic%200708\/aprendoasumar2\/index.htm\" target=\"_blank\" rel=\"noopener\">\u00a1Vamos a sumar!<\/a><\/p>\n<p><strong>Resta sin llevadas y t\u00e9rminos (2 d\u00edg. vert.)<\/strong><\/p>\n<p><a href=\"http:\/\/genmagic.org\/mates1\/qm1c1.swf\" target=\"_blank\" rel=\"noopener\">OPERACIONES CRUZADAS<\/a><\/p>\n<p><a style=\"font-size: 14px;text-align: -webkit-center\" href=\"http:\/\/www.educa.jcyl.es\/educacyl\/flash\/launcher.swf?path=\/educacyl\/cm\/files.swf&amp;idMmedia=66480&amp;baseUrl=\/educacyl\/cm&amp;idContent=43530&amp;alias=zonaalumnos\" target=\"_blank\" rel=\"noopener\">RESTA SIN PARAR<\/a><\/p>\n<p><a style=\"font-size: 14px;text-align: -webkit-center\" href=\"http:\/\/www.ceiploreto.es\/sugerencias\/juntadeandalucia\/Estrategias_numeracion\/diferencia.swf\" target=\"_blank\" rel=\"noopener\">T\u00c9RMINOS DE LA RESTA<\/a><\/p>\n<p><a style=\"font-size: 14px;text-align: -webkit-center\" href=\"http:\/\/www.ceiploreto.es\/sugerencias\/cp.juan.de.la.cosa\/Actividadespdimates2\/01\/03\/01\/010301.swf\" target=\"_blank\" rel=\"noopener\">RELACI\u00d3N ENTRE SUMA Y RESTA<\/a><\/p>\n<p><a style=\"font-size: 14px;text-align: -webkit-center\" href=\"http:\/\/ntic.educacion.es\/w3\/eos\/MaterialesEducativos\/mem2008\/matematicas_primaria\/numeracion\/operaciones\/algoritresta.swf\" target=\"_blank\" rel=\"noopener\">ALGORITMO DE LA RESTA<\/a><\/p>\n<p><a style=\"font-size: 14px;text-align: -webkit-center\" href=\"http:\/\/www.ceiploreto.es\/sugerencias\/restas_pizarra\/Resta-magneticos.swf\" target=\"_blank\" rel=\"noopener\">RESTAS PIZARRA DIGITAL<\/a><\/p>\n<p><a style=\"font-size: 14px;text-align: -webkit-center\" href=\"http:\/\/www.ceiploreto.es\/sugerencias\/ecuador\/matematicas\/2_sustraccion_sin_reagrupacion\/index.html\" target=\"_blank\" rel=\"noopener\">SUSTRACCI\u00d3N SIN REAGRUPACI\u00d3N<\/a><\/p>\n<p><a style=\"font-size: 14px;text-align: -webkit-center\" href=\"http:\/\/www.ceiploreto.es\/sugerencias\/vindel\/abaco.swf\" target=\"_blank\" rel=\"noopener\">\u00c1BACO<\/a><\/p>\n<p><a style=\"font-size: 14px;text-align: -webkit-center\" href=\"http:\/\/primerodecarlos.com\/SEGUNDO_PRIMARIA\/septiembre\/unidad_1\/terminos_resta.swf\" target=\"_blank\" rel=\"noopener\">LOS T\u00c9RMINOS DE LA RESTA<\/a><\/p>\n<p><a style=\"font-size: 14px;text-align: -webkit-center\" href=\"http:\/\/primerodecarlos.com\/SEGUNDO_PRIMARIA\/septiembre\/unidad_1\/terminos_resta2.swf\" target=\"_blank\" rel=\"noopener\">RECUERDA Y RESTA<\/a><\/p>\n<p><a style=\"font-size: 14px;text-align: -webkit-center\" href=\"http:\/\/regletas.joseantoniocuadrado.com\/portada.swf\" target=\"_blank\" rel=\"noopener\">REGLETAS: RESTAR<\/a><\/p>\n<p><a style=\"font-size: 14px\" href=\"http:\/\/www.ceiploreto.es\/sugerencias\/cplosangeles.juntaextremadura.net\/web\/segundo_curso\/matematicas_2\/numeros02\/numeros02.html\" target=\"_blank\" rel=\"noopener\">SUMAS Y RESTAS SIN LLEVAR<\/a><\/p>\n<p><strong>A\u00f1os, meses, semanas y d\u00eda<\/strong><\/p>\n<p><a href=\"http:\/\/calasanz.edu.gva.es\/7_ejercicios\/matematicas\/mate3pri\/10_tiempo01.html\" target=\"_blank\" rel=\"noopener\">EL CALENDARIO Y LA HORA<\/a><\/p>\n<p><a style=\"font-size: 14px;text-align: -webkit-center\" href=\"http:\/\/conteni2.educarex.es\/mats\/11369\/contenido\/index2.html\" target=\"_blank\" rel=\"noopener\">NOS VAMOS DE VACACIONES<\/a><\/p>\n<p><a style=\"font-size: 14px;text-align: -webkit-center\" href=\"http:\/\/www.ceiploreto.es\/sugerencias\/cp.juan.de.la.cosa\/Actividadespdimates2\/01\/12\/01\/011201.swf\" target=\"_blank\" rel=\"noopener\">LOS MESES DEL A\u00d1O<\/a><\/p>\n<p><a style=\"font-size: 14px;text-align: -webkit-center\" href=\"http:\/\/www.genmagic.net\/repositorio\/albums\/userpics\/hdm1c.swf\" target=\"_blank\" rel=\"noopener\">D\u00cdA Y MES<\/a><\/p>\n<p><a style=\"font-size: 14px;text-align: -webkit-center\" href=\"http:\/\/www.genmagic.net\/repositorio\/albums\/userpics\/hdm2c.swf\" target=\"_blank\" rel=\"noopener\">D\u00cdA Y MES &#8211; 2<\/a><\/p>\n<p><a style=\"font-size: 14px;text-align: -webkit-center\" href=\"http:\/\/www.primaria.librosvivos.net\/archivosCMS\/3\/3\/16\/usuarios\/103294\/9\/2epmtcp_ud8_act1\/carcasa.swf\" target=\"_blank\" rel=\"noopener\">EL CALENDARIO<\/a><\/p>\n<p><a style=\"font-size: 14px;text-align: -webkit-center\" href=\"http:\/\/www.primaria.librosvivos.net\/archivosCMS\/3\/3\/16\/usuarios\/103294\/9\/2epmacp_ud8_ap_cas\/actividad.swf\" target=\"_blank\" rel=\"noopener\">APRENDO A PENSAR<\/a><\/p>\n<p><a style=\"font-size: 14px;text-align: -webkit-center\" href=\"http:\/\/www.testeando.es\/test.asp?idA=64&amp;idT=vmypvywc\" target=\"_blank\" rel=\"noopener\">TEST: EL CALENDARIO<\/a><\/p>\n<p><a style=\"font-size: 14px;text-align: -webkit-center\" href=\"http:\/\/www.ceiploreto.es\/sugerencias\/ecuador\/matematicas\/2_dias_semana_meses\/index.html\" target=\"_blank\" rel=\"noopener\">D\u00cdAS DE LA SEMANA, MESES DEL A\u00d1O<\/a><\/p>\n<p><a style=\"font-size: 14px\" href=\"http:\/\/www.ceiploreto.es\/sugerencias\/cplosangeles.juntaextremadura.net\/web\/segundo_curso\/matematicas_2\/calendario01\/calendario01.html\" target=\"_blank\" rel=\"noopener\">EL CALENDARIO II<\/a><\/p>\n<p><strong>Tipos de l\u00edneas<\/strong><\/p>\n<p><a href=\"http:\/\/www.ceiploreto.es\/sugerencias\/cp.juan.de.la.cosa\/Actividadespdimates2\/01\/02\/01\/010201.swf\" target=\"_blank\" rel=\"noopener\">TIPOS DE L\u00cdNEAS I<\/a><\/p>\n<p><a style=\"font-size: 14px;text-align: -webkit-center\" href=\"http:\/\/www.primerodecarlos.com\/SEGUNDO_PRIMARIA\/tengo_todo_4\/root_globalizado5\/ISBN_9788467808810\/activity\/U03_112_01_AI\/visor.swf\" target=\"_blank\" rel=\"noopener\">APRENDE I<\/a><\/p>\n<p><a style=\"font-size: 14px;text-align: -webkit-center\" href=\"http:\/\/www.primerodecarlos.com\/SEGUNDO_PRIMARIA\/febrero\/tema3\/actividades\/mates\/lineas_poligonales.swf\" target=\"_blank\" rel=\"noopener\">APRENDE II<\/a><\/p>\n<p><a style=\"font-size: 14px;text-align: -webkit-center\" href=\"http:\/\/www.primerodecarlos.com\/SEGUNDO_PRIMARIA\/febrero\/tema3\/actividades\/mates\/lineas_poligonales_abiertas_cerradas\/aprende_linea_poligonal\/visor.swf\" target=\"_blank\" rel=\"noopener\">APRENDE III<\/a><\/p>\n<p><a style=\"font-size: 14px;text-align: -webkit-center\" href=\"http:\/\/www.primerodecarlos.com\/SEGUNDO_PRIMARIA\/febrero\/tema3\/actividades\/mates\/lineas_poligonales_abiertas_cerradas\/poligonal_abierta_cerrada.swf\" target=\"_blank\" rel=\"noopener\">CLASIFICA LAS L\u00cdNEAS<\/a><\/p>\n<p><a style=\"font-size: 14px;text-align: -webkit-center\" href=\"http:\/\/www.primerodecarlos.com\/SEGUNDO_PRIMARIA\/febrero\/tema3\/actividades\/mates\/lineas_poligonales_2.swf\" target=\"_blank\" rel=\"noopener\">ESCRIBE VERDADERO O FALSO<\/a><\/p>\n<p><a style=\"font-size: 14px;text-align: -webkit-center\" href=\"http:\/\/bromera.com\/tl_files\/activitatsdigitals\/capicua_2c_PF\/CAPICUA2-U1-PAG09-CAS.swf\" target=\"_blank\" rel=\"noopener\">TIPOS DE L\u00cdNEAS II<\/a><\/p>\n<p><a style=\"font-size: 14px\" href=\"http:\/\/2633518-0.web-hosting.es\/blog\/lineas\/lineas.html\" target=\"_blank\" rel=\"noopener\">L\u00cdNEAS<\/a><\/p>\n<p><strong>Itinerarios<\/strong><\/p>\n<p><a href=\"http:\/\/www.edu.xunta.es\/espazoAbalar\/sites\/espazoAbalar\/files\/datos\/1305791692\/contido\/da018_oa02_es\/index.html\" target=\"_blank\" rel=\"noopener\">ELIJO EL CAMINO CORRECTO<\/a><\/p>\n<p><a href=\"http:\/\/www.edu.xunta.es\/espazoAbalar\/sites\/espazoAbalar\/files\/datos\/1305791692\/contido\/da018_oa03_es\/index.html\" target=\"_blank\" rel=\"noopener\">DE MI CASA AL COLE<\/a><\/p>\n<p><a href=\"http:\/\/bromera.com\/tl_files\/activitatsdigitals\/capicua_2c_PF\/CAPICUA2-U6-PAG24-CAS.swf\" target=\"_blank\" rel=\"noopener\">SITUACI\u00d3N<\/a><\/p>\n<p><strong>Posiciones y movimientos (izquierda- derecha, delante-detr\u00e1s, encima-debajo)<\/strong><\/p>\n<p><a href=\"http:\/\/www.ceiploreto.es\/sugerencias\/Educarchile\/matematicas\/Pitagoras_1_2\/Pitagoras.swf\" target=\"_blank\" rel=\"noopener\">POSICIONES Y TRAYECTOS<\/a><\/p>\n<p><a style=\"font-size: 14px;text-align: -webkit-center\" href=\"http:\/\/www.ceiploreto.es\/sugerencias\/cp.juan.de.la.cosa\/matespdi\/01\/07\/01\/010701.swf\" target=\"_blank\" rel=\"noopener\">IZQUIERDA Y DERECHA<\/a><\/p>\n<p><a style=\"font-size: 14px;text-align: -webkit-center\" href=\"http:\/\/primerodecarlos.com\/primerodecarlos.blogspot.com\/marzo\/derecha_izquierda.swf\" target=\"_blank\" rel=\"noopener\">REPASA AS\u00cd CADA PARTE<\/a><\/p>\n<p><a style=\"font-size: 14px;text-align: -webkit-center\" href=\"http:\/\/primerodecarlos.com\/primerodecarlos.blogspot.com\/marzo\/izquierda_derecha_mic.swf\" target=\"_blank\" rel=\"noopener\">IZQUIERDA\/DERECHA<\/a><\/p>\n<p><a style=\"font-size: 14px;text-align: -webkit-center\" href=\"http:\/\/primerodecarlos.com\/primerodecarlos.blogspot.com\/marzo\/simetrias.swf\" target=\"_blank\" rel=\"noopener\">SIMETR\u00cdAS IZQUIERDA-DERECHA<\/a><\/p>\n<p><a style=\"font-size: 14px;text-align: -webkit-center\" href=\"http:\/\/www.ceiploreto.es\/sugerencias\/A_1\/Recursosdidacticos\/PRIMERO\/datos\/02_Mates\/03_Recursos\/01_t\/actividades\/geometria\/09.htm\" target=\"_blank\" rel=\"noopener\">ENCIMA-DEBAJO<\/a><\/p>\n<p><a style=\"font-size: 14px;text-align: -webkit-center\" href=\"http:\/\/www.ceiploreto.es\/sugerencias\/A_1\/Recursosdidacticos\/PRIMERO\/datos\/02_Mates\/03_Recursos\/01_t\/actividades\/geometria\/12.htm\" target=\"_blank\" rel=\"noopener\">DELANTE-DETR\u00c1S<\/a><\/p>\n<p><a style=\"font-size: 14px;text-align: -webkit-center\" href=\"http:\/\/www.ceiploreto.es\/sugerencias\/agrega\/Conceptos_espaciales\/contenido\/at_sd31_oa03_es\/at_sd31_oa03_a01_es\/at_31_03_oa.swf\" target=\"_blank\" rel=\"noopener\">DELANTE Y DETR\u00c1S<\/a><\/p>\n<p><strong>Resuelve problemas<\/strong><\/p>\n<p><a href=\"http:\/\/www.primaria.librosvivos.net\/archivosCMS\/3\/3\/16\/usuarios\/103294\/9\/mate2ep_ud1_1\/carcasa.swf\" target=\"_blank\" rel=\"noopener\">RESUELVO PROBLEMAS I<\/a><\/p>\n<p><a style=\"font-size: 14px;text-align: -webkit-center\" href=\"http:\/\/www.primaria.librosvivos.net\/archivosCMS\/3\/3\/16\/usuarios\/103294\/9\/mate2ep_ud2_2\/carcasa.swf\" target=\"_blank\" rel=\"noopener\">RESUELVO PROBLEMAS II<\/a><\/p>\n<p><a style=\"font-size: 14px;text-align: -webkit-center\" href=\"http:\/\/www.primaria.librosvivos.net\/archivosCMS\/3\/3\/16\/usuarios\/103294\/9\/2EP_mt_es_ud2_ap_pis\/actividad.swf\" target=\"_blank\" rel=\"noopener\">APRENDO A PENSAR<\/a><\/p>\n<p><a style=\"font-size: 14px;text-align: -webkit-center\" href=\"http:\/\/www.ceiploreto.es\/sugerencias\/cp.juan.de.la.cosa\/Actividadespdimates2\/01\/01\/05\/010105.swf\" target=\"_blank\" rel=\"noopener\">PROBLEMA I<\/a><\/p>\n<p><a style=\"font-size: 14px;text-align: -webkit-center\" href=\"http:\/\/www.ceiploreto.es\/sugerencias\/cp.juan.de.la.cosa\/Actividadespdimates2\/01\/02\/03\/010203.swf\" target=\"_blank\" rel=\"noopener\">PROBLEMA II<\/a><\/p>\n<p><a style=\"font-size: 14px;text-align: -webkit-center\" href=\"http:\/\/www.ceiploreto.es\/sugerencias\/cp.juan.de.la.cosa\/Actividadespdimates2\/01\/02\/05\/010205.swf\" target=\"_blank\" rel=\"noopener\">RAZONAMIENTO<\/a><\/p>\n<p><a style=\"font-size: 14px\" href=\"http:\/\/www.genmagic.org\/repositorio\/albums\/userpics\/quiesqui2c.swf\" target=\"_blank\" rel=\"noopener\">ADIVINA EL N\u00daMERO -2-<\/a><\/p>\n<p><a href=\"http:\/\/www.primaria.librosvivos.net\/archivosCMS\/3\/3\/16\/usuarios\/103294\/9\/mate2ep_ud1_e\/carcasa.swf\" target=\"_blank\" rel=\"noopener\">REPASO I<\/a><\/p>\n<p><a href=\"http:\/\/www.primaria.librosvivos.net\/archivosCMS\/3\/3\/16\/usuarios\/103294\/9\/mate2ep_ud2_e\/carcasa.swf\" target=\"_blank\" rel=\"noopener\">REPASO II<\/a><\/p>\n","protected":false},"excerpt":{"rendered":"<p>\u00a1Todos en fila! El 100 COMPLETAR LAS CASILLAS NO OLVIDES TUS N\u00daMEROS \u00c1BACO-CONTADOR BLOQUES MULTIBASE DESCOMPOSICI\u00d3N DEL 100 N\u00daMEROS HASTA EL CIEN La centena UNIDADES, DECENAS Y CENTENAS CENTENA DIN\u00c1MICA LA CENTENA I APRENDE LA CENTENA LA CENTENA II APRENDE CUENTA Y ESCRIBE LAS CENTENAS Sumas sin llevadas y t\u00e9rminos (2 d\u00edg. vert.) SUMAS SIN &hellip; <\/p>\n<p><a class=\"more-link btn\" href=\"https:\/\/blogsaverroes.juntadeandalucia.es\/ceipaznaitin\/matematicas-2o-tema-1\/\">Seguir leyendo<\/a><\/p>\n","protected":false},"author":2805,"featured_media":0,"parent":0,"menu_order":0,"comment_status":"closed","ping_status":"closed","template":"","meta":{"ngg_post_thumbnail":0,"footnotes":"","_mc_calendar":[]},"aioseo_notices":[],"_links":{"self":[{"href":"https:\/\/blogsaverroes.juntadeandalucia.es\/ceipaznaitin\/wp-json\/wp\/v2\/pages\/4971"}],"collection":[{"href":"https:\/\/blogsaverroes.juntadeandalucia.es\/ceipaznaitin\/wp-json\/wp\/v2\/pages"}],"about":[{"href":"https:\/\/blogsaverroes.juntadeandalucia.es\/ceipaznaitin\/wp-json\/wp\/v2\/types\/page"}],"author":[{"embeddable":true,"href":"https:\/\/blogsaverroes.juntadeandalucia.es\/ceipaznaitin\/wp-json\/wp\/v2\/users\/2805"}],"replies":[{"embeddable":true,"href":"https:\/\/blogsaverroes.juntadeandalucia.es\/ceipaznaitin\/wp-json\/wp\/v2\/comments?post=4971"}],"version-history":[{"count":13,"href":"https:\/\/blogsaverroes.juntadeandalucia.es\/ceipaznaitin\/wp-json\/wp\/v2\/pages\/4971\/revisions"}],"predecessor-version":[{"id":4986,"href":"https:\/\/blogsaverroes.juntadeandalucia.es\/ceipaznaitin\/wp-json\/wp\/v2\/pages\/4971\/revisions\/4986"}],"wp:attachment":[{"href":"https:\/\/blogsaverroes.juntadeandalucia.es\/ceipaznaitin\/wp-json\/wp\/v2\/media?parent=4971"}],"curies":[{"name":"wp","href":"https:\/\/api.w.org\/{rel}","templated":true}]}}