{"id":4987,"date":"2018-03-01T13:44:56","date_gmt":"2018-03-01T11:44:56","guid":{"rendered":"http:\/\/blogsaverroes.juntadeandalucia.es\/ceipaznaitin\/?page_id=4987"},"modified":"2018-03-01T14:19:19","modified_gmt":"2018-03-01T12:19:19","slug":"matematicas-2o-tema-2","status":"publish","type":"page","link":"https:\/\/blogsaverroes.juntadeandalucia.es\/ceipaznaitin\/matematicas-2o-tema-2\/","title":{"rendered":"Matem\u00e1ticas 2\u00ba Tema 2"},"content":{"rendered":"<p><strong>Cromos repetidos<\/strong><\/p>\n<p><strong>N\u00fameros del 100 al 199<\/strong><\/p>\n<p><a href=\"http:\/\/ares.cnice.mec.es\/matematicasep\/a\/1\/ca1_06.html\" target=\"_blank\" rel=\"noopener\">COMPLETAR LAS CASILLAS<\/a><\/p>\n<p><a style=\"font-size: 14px;text-align: -webkit-center\" href=\"http:\/\/ares.cnice.mec.es\/matematicasep\/a\/1\/ca1_05.html\" target=\"_blank\" rel=\"noopener\">NO OLVIDES TUS N\u00daMEROS<\/a><\/p>\n<p><a style=\"font-size: 14px;text-align: -webkit-center\" href=\"http:\/\/www.ceiploreto.es\/sugerencias\/juntadeandalucia\/Estrategias_numeracion\/abacontador.swf\" target=\"_blank\" rel=\"noopener\">\u00c1BACO-CONTADOR<\/a><\/p>\n<p><a style=\"font-size: 14px;text-align: -webkit-center\" href=\"http:\/\/www.ceiploreto.es\/sugerencias\/cp.juan.de.la.cosa\/Actividadespdimates2\/01\/04\/02\/010402.swf\" target=\"_blank\" rel=\"noopener\">LOS N\u00daMEROS DEL 100 AL 199<\/a><\/p>\n<p><a style=\"font-size: 14px;text-align: -webkit-center\" href=\"http:\/\/www.testeando.es\/test.asp?idA=64&amp;idT=dbmxknlr\" target=\"_blank\" rel=\"noopener\">TEST: LOS N\u00daMEROS DEL 100 AL 199<\/a><\/p>\n<p><a style=\"font-size: 14px;text-align: -webkit-center\" href=\"http:\/\/primerodecarlos.com\/SEGUNDO_PRIMARIA\/tengo_todo_4\/root_globalizado4\/libro\/6169\/ISBN_9788467808803\/activity\/U02_067_01_AI\/visor.swf\" target=\"_blank\" rel=\"noopener\">ESCRIBE LOS N\u00daMEROS<\/a><\/p>\n<p><a style=\"font-size: 14px;text-align: -webkit-center\" href=\"http:\/\/primerodecarlos.com\/SEGUNDO_PRIMARIA\/octubre\/Unidad_2\/100_199.swf\" target=\"_blank\" rel=\"noopener\">RELACIONA<\/a><\/p>\n<p><a style=\"font-size: 14px;text-align: -webkit-center\" href=\"http:\/\/primerodecarlos.com\/SEGUNDO_PRIMARIA\/tengo_todo_4\/root_globalizado4\/libro\/6169\/ISBN_9788467808803\/activity\/U03_121_01_AI\/visor.swf\" target=\"_blank\" rel=\"noopener\">UNE LOS N\u00daMEROS<\/a><\/p>\n<p><a style=\"font-size: 14px;text-align: -webkit-center\" href=\"http:\/\/primerodecarlos.com\/SEGUNDO_PRIMARIA\/octubre\/Unidad_2\/series_100.swf\" target=\"_blank\" rel=\"noopener\">SIGUE LA SERIE<\/a><\/p>\n<p><a style=\"font-size: 14px;text-align: -webkit-center\" href=\"http:\/\/bromera.com\/tl_files\/activitatsdigitals\/capicua_2c_PF\/CAPICUA2-U2-PAG25-CAS.swf\" target=\"_blank\" rel=\"noopener\">N\u00daMEROS DESCOMPUESTOS<\/a><\/p>\n<p><a href=\"http:\/\/clic.xtec.cat\/db\/jclicApplet.jsp?project=http:\/\/clic.xtec.cat\/projects\/fam100\/jclic\/fam100.jclic.zip&amp;lang=es\" target=\"_blank\" rel=\"noopener\">La familia del 100<\/a><\/p>\n<p><strong>N\u00fameros pares e impares<\/strong><\/p>\n<p><a href=\"http:\/\/www.ceiploreto.es\/sugerencias\/A_1\/Recursosdidacticos\/SEGUNDO\/datos\/02_Mates\/03_Recursos\/01_t\/actividades\/numeros\/05.htm\" target=\"_blank\" rel=\"noopener\">N\u00daMEROS PARES E IMPARES<\/a><\/p>\n<p><a style=\"font-size: 14px;text-align: -webkit-center\" href=\"http:\/\/www.testeando.es\/test.asp?idA=64&amp;idT=jbmekmlq\" target=\"_blank\" rel=\"noopener\">TEST: N\u00daMEROS PARES E IMPARES<\/a><\/p>\n<p><a style=\"font-size: 14px;text-align: -webkit-center\" href=\"http:\/\/www.primerodecarlos.com\/SEGUNDO_PRIMARIA\/enero\/tema1\/actividades\/MATES\/aprende_par_impar\/visor.swf\" target=\"_blank\" rel=\"noopener\">APRENDE<\/a><\/p>\n<p><a style=\"font-size: 14px;text-align: -webkit-center\" href=\"http:\/\/bromera.com\/tl_files\/activitatsdigitals\/capicua_2c_PF\/CAPICUA2-U10-PAG21-CAS.swf\" target=\"_blank\" rel=\"noopener\">\u00bfPARES O IMPARES?<\/a><\/p>\n<p><a style=\"font-size: 14px;text-align: -webkit-center\" href=\"http:\/\/www.genmagic.org\/repositorio\/albums\/userpics\/parimp1c.swf\" target=\"_blank\" rel=\"noopener\">PARES \/ IMPARES<\/a><\/p>\n<p><strong>C\u00e1lculo mental: +10<\/strong><\/p>\n<p><a href=\"http:\/\/www.eltanquematematico.es\/operatoria1\/operatoria_1_p.html\" target=\"_blank\" rel=\"noopener\">1.- SUMA DIEZ A N\u00daMEROS DE DOS CIFRAS<\/a><\/p>\n<p><strong>Suma sin llevadas (3 d\u00edg. 3 sum.)<\/strong><\/p>\n<p><a href=\"http:\/\/www.educa.jcyl.es\/educacyl\/cm\/gallery\/recursos%20edebe\/matematicas\/6_8_2\/flash.htm?numrecurso=0\" target=\"_blank\" rel=\"noopener\">\u00a1VAMOS A SUMAR TRES CANTIDADES!<\/a><\/p>\n<p><strong>Sumas con llevadas (3 d\u00edg. 2 sum.)<\/strong><\/p>\n<p><a href=\"http:\/\/www.educalandia.net\/multiplicar\/sumas_llevandose_2_cifras.php\" target=\"_blank\" rel=\"noopener\">SUMAS LLEV\u00c1NDOSE DOS CIFRAS<\/a><\/p>\n<p><a style=\"font-size: 14px;text-align: -webkit-center\" href=\"http:\/\/www.vedoque.com\/juegos\/granja-matematicas.swf\" target=\"_blank\" rel=\"noopener\">\u00a1ATRAPA AL CORRECTO!<\/a><\/p>\n<p><a style=\"font-size: 14px;text-align: -webkit-center\" href=\"http:\/\/www.ceiploreto.es\/sugerencias\/cp.juan.de.la.cosa\/Actividadespdimates2\/01\/03\/04\/010304.swf\" target=\"_blank\" rel=\"noopener\">SUMAS LLEVANDO<\/a><\/p>\n<p><a style=\"font-size: 14px;text-align: -webkit-center\" href=\"http:\/\/2633518-0.web-hosting.es\/blog\/manipulables\/numeracion\/sumaregletas.swf\" target=\"_blank\" rel=\"noopener\">ALGORITMO DE LA SUMA<\/a><\/p>\n<p><a style=\"font-size: 14px;text-align: -webkit-center\" href=\"http:\/\/www.ceiploreto.es\/sugerencias\/vindel\/espacio.swf\" target=\"_blank\" rel=\"noopener\">LA BATALLA DEL C\u00c1LCULO MENTAL<\/a><\/p>\n<p><a style=\"font-size: 14px;text-align: -webkit-center\" href=\"http:\/\/primerodecarlos.com\/SEGUNDO_PRIMARIA\/tengo_todo_4\/root_globalizado4\/libro\/6169\/ISBN_9788467808803\/activity\/U02_060_01_AI\/visor.swf\" target=\"_blank\" rel=\"noopener\">RECUERDA LAS SUMAS LLEVANDO<\/a><\/p>\n<p><a style=\"font-size: 14px;text-align: -webkit-center\" href=\"http:\/\/primerodecarlos.com\/SEGUNDO_PRIMARIA\/tengo_todo_4\/root_globalizado4\/libro\/6169\/ISBN_9788467808803\/activity\/U02_060_02_AI2\/visor.swf\" target=\"_blank\" rel=\"noopener\">SUMA<\/a><\/p>\n<p><a style=\"font-size: 14px;text-align: -webkit-center\" href=\"http:\/\/www.genmagic.org\/repositorio\/albums\/userpics\/femsum6c.swf\" target=\"_blank\" rel=\"noopener\">DESCUBRE LOS SUMANDOS<\/a><\/p>\n<p><a style=\"font-size: 14px;text-align: -webkit-center\" href=\"http:\/\/www.educalandia.net\/multiplicar\/sumas_llevandose_3_cifras.php\" target=\"_blank\" rel=\"noopener\">SUMAS LLEV\u00c1NDOSE TRES CIFRAS<\/a><\/p>\n<p><a style=\"font-size: 14px;text-align: -webkit-center\" href=\"http:\/\/www.disanedu.com\/cpr\/matematicas\/aplicacion\/programa\/tem\/sumarquequedificil2.html\" target=\"_blank\" rel=\"noopener\">APRENDO A SUMAR<\/a><\/p>\n<p><a style=\"font-size: 14px;text-align: -webkit-center\" href=\"http:\/\/www.crienaturavila.com\/crie_httpdocs\/mate\/suma53.html\" target=\"_blank\" rel=\"noopener\">SUMAS DE N\u00daMEROS NATURALES<\/a><\/p>\n<p><a style=\"font-size: 14px;text-align: -webkit-center\" href=\"http:\/\/www.ceiploreto.es\/sugerencias\/juntadeandalucia\/Estrategias_numeracion\/sumasgeneral.swf\" target=\"_blank\" rel=\"noopener\">SUMAS<\/a><\/p>\n<p><a style=\"font-size: 14px;text-align: -webkit-center\" href=\"http:\/\/www.ceiploreto.es\/sugerencias\/juntadeandalucia\/Estrategias_numeracion\/sumaresta.swf\" target=\"_blank\" rel=\"noopener\">SUMAS Y RESTAS ASISTIDAS<\/a><\/p>\n<p><a style=\"font-size: 14px;text-align: -webkit-center\" href=\"http:\/\/www.ceiploreto.es\/sugerencias\/A_1\/Recursosdidacticos\/SEGUNDO\/datos\/02_Mates\/03_Recursos\/01_t\/actividades\/operaciones\/02.htm\" target=\"_blank\" rel=\"noopener\">SUMAS DE DOS SUMANDOS CON LLEVADAS<\/a><\/p>\n<p><a style=\"font-size: 14px;text-align: -webkit-center\" href=\"http:\/\/www.ceiploreto.es\/sugerencias\/cp.juan.de.la.cosa\/Actividadespdimates2\/01\/06\/04\/010604.swf\" target=\"_blank\" rel=\"noopener\">SUMAS LLEVANDO CON N\u00daMEROS DE HASTA TRES CIFRAS<\/a><\/p>\n<p><a style=\"font-size: 14px;text-align: -webkit-center\" href=\"http:\/\/2633518-0.web-hosting.es\/blog\/manipulables\/numeracion\/asociasumas.swf\" target=\"_blank\" rel=\"noopener\">C\u00c1LCULO MENTAL SUMAS Y RESTAS<\/a><\/p>\n<p><a style=\"font-size: 14px;text-align: -webkit-center\" href=\"http:\/\/www.testeando.es\/test.asp?idA=64&amp;idT=ljvgsoms\" target=\"_blank\" rel=\"noopener\">TEST: SUMAS CON CAMBIO DE UNIDADES Y DECENAS<\/a><\/p>\n<p><a style=\"font-size: 14px;text-align: -webkit-center\" href=\"http:\/\/www.ceiploreto.es\/sugerencias\/vindel\/abaco.swf\" target=\"_blank\" rel=\"noopener\">\u00c1BACO<\/a><\/p>\n<p><a style=\"font-size: 14px;text-align: -webkit-center\" href=\"http:\/\/primerodecarlos.com\/SEGUNDO_PRIMARIA\/octubre\/Unidad_2\/coloca_y_suma.swf\" target=\"_blank\" rel=\"noopener\">COLOCA Y SUMA I<\/a><\/p>\n<p><a style=\"font-size: 14px;text-align: -webkit-center\" href=\"http:\/\/primerodecarlos.com\/SEGUNDO_PRIMARIA\/octubre\/Unidad_2\/sumas_llevando_3.swf\" target=\"_blank\" rel=\"noopener\">AVERIGUA LOS N\u00daMEROS DESAPARECIDOS<\/a><\/p>\n<p><a style=\"font-size: 14px;text-align: -webkit-center\" href=\"http:\/\/primerodecarlos.com\/SEGUNDO_PRIMARIA\/tengo_todo_4\/root_globalizado4\/libro\/6169\/ISBN_9788467808803\/activity\/U03_098_03_AI\/visor.swf\" target=\"_blank\" rel=\"noopener\">COLOCA Y SUMA II<\/a><\/p>\n<p><a style=\"font-size: 14px;text-align: -webkit-center\" href=\"http:\/\/primerodecarlos.com\/SEGUNDO_PRIMARIA\/tengo_todo_4\/root_globalizado4\/libro\/6169\/ISBN_9788467808803\/activity\/U03_098_02_AI\/visor.swf\" target=\"_blank\" rel=\"noopener\">SUMA<\/a><\/p>\n<p><a style=\"font-size: 14px;text-align: -webkit-center\" href=\"http:\/\/primerodecarlos.com\/SEGUNDO_PRIMARIA\/octubre\/Unidad_3\/suma_llevando_2.swf\" target=\"_blank\" rel=\"noopener\">COLOCA Y SUMA III<\/a><\/p>\n<p><a style=\"font-size: 14px;text-align: -webkit-center\" href=\"http:\/\/bromera.com\/tl_files\/activitatsdigitals\/capicua_2c_PF\/CAPICUA2-U4-PAG55-CAS.swf\" target=\"_blank\" rel=\"noopener\">PINTA CON N\u00daMEROS<\/a><\/p>\n<p><a style=\"font-size: 14px;text-align: -webkit-center\" href=\"http:\/\/www.primerodecarlos.com\/SEGUNDO_PRIMARIA\/tengo_todo_4\/root_globalizado5\/ISBN_9788467808810\/activity\/U03_098_01\/visor.swf\" target=\"_blank\" rel=\"noopener\">APRENDE<\/a><\/p>\n<p><a style=\"font-size: 14px;text-align: -webkit-center\" href=\"http:\/\/www.primerodecarlos.com\/SEGUNDO_PRIMARIA\/tengo_todo_4\/root_globalizado5\/ISBN_9788467808810\/activity\/U03_098_02a\/visor.swf\" target=\"_blank\" rel=\"noopener\">COLOCA Y SUMA IV<\/a><\/p>\n<p><a style=\"font-size: 14px;text-align: -webkit-center\" href=\"http:\/\/primerodecarlos.com\/SEGUNDO_PRIMARIA\/Anaya\/datos\/02_Mates\/03_Recursos\/02_t\/actividades\/operaciones\/operaciones8.swf\" target=\"_blank\" rel=\"noopener\">SUMAS DE TRES SUMANDOS CON LLEVADAS II<\/a><\/p>\n<p><a style=\"font-size: 14px;text-align: -webkit-center\" href=\"http:\/\/regletas.joseantoniocuadrado.com\/portada.swf\" target=\"_blank\" rel=\"noopener\">\u00c1BACOS: SUMAR (3 CIFRAS)<\/a><\/p>\n<p><a style=\"font-size: 14px\" href=\"http:\/\/www.ceiploreto.es\/sugerencias\/cplosangeles.juntaextremadura.net\/web\/segundo_curso\/matematicas_2\/numeros04\/numeros04.html\" target=\"_blank\" rel=\"noopener\">SUMAS LLEVANDO<\/a><\/p>\n<p><a href=\"http:\/\/clic.xtec.cat\/db\/jclicApplet.jsp?project=http:\/\/clic.xtec.cat\/projects\/sumas_ll\/jclic\/sumas_ll.jclic.zip&amp;lang=es\" target=\"_blank\" rel=\"noopener\">Sumas llevando<\/a><\/p>\n<p><strong>El reloj y la hora (en punto, y media, y cuarto) (anal\u00f3gico y digital)<\/strong><\/p>\n<p><a href=\"http:\/\/www.ceiploreto.es\/sugerencias\/ceipchanopinheiro\/2\/horas\/reloj1_blog.html\" target=\"_blank\" rel=\"noopener\">LAS HORAS<\/a><\/p>\n<p><a style=\"font-size: 14px;text-align: -webkit-center\" href=\"http:\/\/www.ceiploreto.es\/sugerencias\/A_1\/Recursosdidacticos\/SEGUNDO\/datos\/02_Mates\/03_Recursos\/03_t\/actividades\/medidas\/01.htm\" target=\"_blank\" rel=\"noopener\">EL RELOJ I<\/a><\/p>\n<p><a style=\"font-size: 14px;text-align: -webkit-center\" href=\"http:\/\/concurso.cnice.mec.es\/cnice2005\/115_el_reloj\/index.html\" target=\"_blank\" rel=\"noopener\">EL RELOJ II<\/a><\/p>\n<p><a style=\"font-size: 14px;text-align: -webkit-center\" href=\"http:\/\/www.primaria.librosvivos.net\/archivosCMS\/3\/3\/16\/usuarios\/103294\/9\/2epmacp_ud9_ap_cas\/actividad.swf\" target=\"_blank\" rel=\"noopener\">APRENDO A PENSAR<\/a><\/p>\n<p><a style=\"font-size: 14px;text-align: -webkit-center\" href=\"http:\/\/www.ceiploreto.es\/sugerencias\/cplosangeles.juntaextremadura.net\/web\/segundo_curso\/matematicas_2\/hora01\/hora01.html\" target=\"_blank\" rel=\"noopener\">LA HORA<\/a><\/p>\n<p><a style=\"font-size: 14px;text-align: -webkit-center\" href=\"http:\/\/www.testeando.es\/test.asp?idA=64&amp;idT=jpccquao\" target=\"_blank\" rel=\"noopener\">TEST: LA HORA DEL RELOJ<\/a><\/p>\n<p><a style=\"font-size: 14px;text-align: -webkit-center\" href=\"http:\/\/primerodecarlos.com\/primerodecarlos.blogspot.com\/enero\/en_punto.swf\" target=\"_blank\" rel=\"noopener\">APRENDE<\/a><\/p>\n<p><a style=\"font-size: 14px;text-align: -webkit-center\" href=\"http:\/\/escolar.textlagalera.com\/interact\/C_inicial\/Primero_completo\/Z1M\/ACTIV\/Z1M08AC04\/index.html\" target=\"_blank\" rel=\"noopener\">ESCRIBE LAS HORAS DE LOS RELOJES<\/a><\/p>\n<p><a style=\"font-size: 14px;text-align: -webkit-center\" href=\"http:\/\/www.ceiploreto.es\/sugerencias\/cp.juan.de.la.cosa\/Actividadespdimates2\/01\/06\/01\/010601.swf\" target=\"_blank\" rel=\"noopener\">HORAS, HORAS Y MEDIA<\/a><\/p>\n<p><a style=\"font-size: 14px;text-align: -webkit-center\" href=\"http:\/\/www.ceiploreto.es\/sugerencias\/cp.juan.de.la.cosa\/Actividadespdimates2\/01\/09\/03\/010903.swf\" target=\"_blank\" rel=\"noopener\">HORAS Y CUARTO, HORAS MENOS CUARTO<\/a><\/p>\n<p><a style=\"font-size: 14px;text-align: -webkit-center\" href=\"http:\/\/primerodecarlos.com\/primerodecarlos.blogspot.com\/enero\/swf\/horas2.swf\" target=\"_blank\" rel=\"noopener\">\u00bfQU\u00c9 HORA MARCA CADA RELOJ?<\/a><\/p>\n<p><a style=\"font-size: 14px;text-align: -webkit-center\" href=\"http:\/\/primerodecarlos.com\/primerodecarlos.blogspot.com\/enero\/swf\/horas.swf\" target=\"_blank\" rel=\"noopener\">EL RELOJ DIGITAL<\/a><\/p>\n<p><a style=\"font-size: 14px;text-align: -webkit-center\" href=\"http:\/\/primerodecarlos.com\/SEGUNDO_PRIMARIA\/septiembre\/unidad_1\/activ_flash\/en_punto_y_media.swf\" target=\"_blank\" rel=\"noopener\">UNE CADA RELOJ CON LA HORA QUE MARCA<\/a><\/p>\n<p><a style=\"font-size: 14px;text-align: -webkit-center\" href=\"http:\/\/bromera.com\/tl_files\/activitatsdigitals\/capicua_2c_PF\/CAPICUA2-U7-PAG37-CAS.swf\" target=\"_blank\" rel=\"noopener\">\u00bfQU\u00c9 HORA ES?<\/a><\/p>\n<p><strong>Resuelve problemas<\/strong><\/p>\n<p><a href=\"http:\/\/www.genmagic.org\/mates3\/slle1c.swf\" target=\"_blank\" rel=\"noopener\">SERIES NUM\u00c9RICAS I<\/a><\/p>\n<p><a style=\"font-size: 14px;text-align: -webkit-center\" href=\"http:\/\/ares.cnice.mec.es\/matematicasep\/a\/1\/ca1_08.html\" target=\"_blank\" rel=\"noopener\">HAZ QUE EL CARACOL CAMINE<\/a><\/p>\n<p><a style=\"font-size: 14px;text-align: -webkit-center\" href=\"http:\/\/www.genmagic.net\/mates1\/laberint2.html\" target=\"_blank\" rel=\"noopener\">SERIES<\/a><\/p>\n<p><a style=\"font-size: 14px;text-align: -webkit-center\" href=\"http:\/\/genmagic.net\/repositorio\/displayimage.php?pos=-185\" target=\"_blank\" rel=\"noopener\">SERIES NUM\u00c9RICAS II<\/a><\/p>\n<p><a style=\"font-size: 14px;text-align: -webkit-center\" href=\"http:\/\/ntic.educacion.es\/w3\/eos\/MaterialesEducativos\/mem2008\/matematicas_primaria\/numeracion\/operaciones\/seriesgeneral.swf\" target=\"_blank\" rel=\"noopener\">SERIES ARITM\u00c9TICAS 1<\/a><\/p>\n<p><a style=\"font-size: 14px;text-align: -webkit-center\" href=\"http:\/\/2633518-0.web-hosting.es\/blog\/manipulables\/numeracion\/series2.swf\" target=\"_blank\" rel=\"noopener\">SERIES ARITM\u00c9TICAS 2<\/a><\/p>\n<p><a style=\"font-size: 14px;text-align: -webkit-center\" href=\"http:\/\/2633518-0.web-hosting.es\/blog\/manipulables\/numeracion\/diana.swf\" target=\"_blank\" rel=\"noopener\">DIANA SUMAS<\/a><\/p>\n<p><a style=\"font-size: 14px;text-align: -webkit-center\" href=\"http:\/\/www.genmagic.org\/repositorio\/albums\/userpics\/sigue_serie1c.swf\" target=\"_blank\" rel=\"noopener\">SERIES III<\/a><\/p>\n<p><a style=\"font-size: 14px;text-align: -webkit-center\" href=\"http:\/\/www.educa.jcyl.es\/educacyl\/cm\/zonaalumnos\/tkPopUp?pgseed=1168680284241&amp;idContent=20738&amp;locale=es_ES&amp;textOnly=false\" target=\"_blank\" rel=\"noopener\">TRAG\u00d3N, EL RAT\u00d3N<\/a><\/p>\n<p><a style=\"font-size: 14px;text-align: -webkit-center\" href=\"http:\/\/www.duendecrispin.com\/gusanito-de-seda\/bertin-matematico.html\" target=\"_blank\" rel=\"noopener\">BERT\u00cdN, EL GUSANITO DE SEDA<\/a><\/p>\n<p><a style=\"font-size: 14px\" href=\"http:\/\/www.genmagic.org\/repositorio\/albums\/userpics\/fruites2c.swf\" target=\"_blank\" rel=\"noopener\">DE 2 EN 2, DE 3 EN 3&#8230;<\/a><\/p>\n<p><a style=\"font-size: 14px\" href=\"http:\/\/www.ceiploreto.es\/sugerencias\/Lim\/Actividades_de_%20suma\/actividades_de_suma.html\" target=\"_blank\" rel=\"noopener\">ACTIVIDADES DE SUMA<\/a><\/p>\n<p><a href=\"http:\/\/www.primaria.librosvivos.net\/archivosCMS\/3\/3\/16\/usuarios\/103294\/9\/mate2ep_ud3_e\/carcasa.swf\" target=\"_blank\" rel=\"noopener\">REPASO I<\/a><\/p>\n<p><a href=\"http:\/\/www.ceiploreto.es\/sugerencias\/Lim\/matematicas_2\/mates2-tema2\/mates2-tema2.html\" target=\"_blank\" rel=\"noopener\">REPASO II<\/a><\/p>\n","protected":false},"excerpt":{"rendered":"<p>Cromos repetidos N\u00fameros del 100 al 199 COMPLETAR LAS CASILLAS NO OLVIDES TUS N\u00daMEROS \u00c1BACO-CONTADOR LOS N\u00daMEROS DEL 100 AL 199 TEST: LOS N\u00daMEROS DEL 100 AL 199 ESCRIBE LOS N\u00daMEROS RELACIONA UNE LOS N\u00daMEROS SIGUE LA SERIE N\u00daMEROS DESCOMPUESTOS La familia del 100 N\u00fameros pares e impares N\u00daMEROS PARES E IMPARES TEST: N\u00daMEROS PARES &hellip; <\/p>\n<p><a class=\"more-link btn\" href=\"https:\/\/blogsaverroes.juntadeandalucia.es\/ceipaznaitin\/matematicas-2o-tema-2\/\">Seguir leyendo<\/a><\/p>\n","protected":false},"author":2805,"featured_media":0,"parent":0,"menu_order":0,"comment_status":"closed","ping_status":"closed","template":"","meta":{"ngg_post_thumbnail":0,"footnotes":"","_mc_calendar":[]},"aioseo_notices":[],"_links":{"self":[{"href":"https:\/\/blogsaverroes.juntadeandalucia.es\/ceipaznaitin\/wp-json\/wp\/v2\/pages\/4987"}],"collection":[{"href":"https:\/\/blogsaverroes.juntadeandalucia.es\/ceipaznaitin\/wp-json\/wp\/v2\/pages"}],"about":[{"href":"https:\/\/blogsaverroes.juntadeandalucia.es\/ceipaznaitin\/wp-json\/wp\/v2\/types\/page"}],"author":[{"embeddable":true,"href":"https:\/\/blogsaverroes.juntadeandalucia.es\/ceipaznaitin\/wp-json\/wp\/v2\/users\/2805"}],"replies":[{"embeddable":true,"href":"https:\/\/blogsaverroes.juntadeandalucia.es\/ceipaznaitin\/wp-json\/wp\/v2\/comments?post=4987"}],"version-history":[{"count":11,"href":"https:\/\/blogsaverroes.juntadeandalucia.es\/ceipaznaitin\/wp-json\/wp\/v2\/pages\/4987\/revisions"}],"predecessor-version":[{"id":5000,"href":"https:\/\/blogsaverroes.juntadeandalucia.es\/ceipaznaitin\/wp-json\/wp\/v2\/pages\/4987\/revisions\/5000"}],"wp:attachment":[{"href":"https:\/\/blogsaverroes.juntadeandalucia.es\/ceipaznaitin\/wp-json\/wp\/v2\/media?parent=4987"}],"curies":[{"name":"wp","href":"https:\/\/api.w.org\/{rel}","templated":true}]}}