{"id":5001,"date":"2018-03-05T12:13:45","date_gmt":"2018-03-05T10:13:45","guid":{"rendered":"http:\/\/blogsaverroes.juntadeandalucia.es\/ceipaznaitin\/?page_id=5001"},"modified":"2018-03-05T12:21:47","modified_gmt":"2018-03-05T10:21:47","slug":"matematicas-2o-tema-3","status":"publish","type":"page","link":"https:\/\/blogsaverroes.juntadeandalucia.es\/ceipaznaitin\/matematicas-2o-tema-3\/","title":{"rendered":"Matem\u00e1ticas 2\u00ba Tema 3"},"content":{"rendered":"<p><strong>La hora del ba\u00f1o<\/strong><\/p>\n<p><strong>N\u00fameros del 200 al 299<\/strong><\/p>\n<p><a href=\"http:\/\/www.ceiploreto.es\/sugerencias\/cp.juan.de.la.cosa\/Actividadespdimates2\/01\/05\/02\/010502.swf\" target=\"_blank\" rel=\"noopener\">LOS N\u00daMEROS DEL 200 AL 299 I<\/a><\/p>\n<p><a style=\"font-size: 14px;text-align: -webkit-center\" href=\"http:\/\/www.educa.jcyl.es\/educacyl\/cm\/zonaalumnos\/tkPopUp?pgseed=1168680284241&amp;idContent=20738&amp;locale=es_ES&amp;textOnly=false\" target=\"_blank\" rel=\"noopener\">\u00bfSUBES O BAJAS?<\/a><\/p>\n<p><a style=\"font-size: 14px;text-align: -webkit-center\" href=\"http:\/\/www.ceiploreto.es\/sugerencias\/cplosangeles.juntaextremadura.net\/web\/segundo_curso\/matematicas_2\/numeros05\/numeros05.html\" target=\"_blank\" rel=\"noopener\">LOS N\u00daMEROS DEL 200 AL 299 II<\/a><\/p>\n<p><a style=\"font-size: 14px;text-align: -webkit-center\" href=\"http:\/\/primerodecarlos.com\/SEGUNDO_PRIMARIA\/tengo_todo_4\/root_globalizado4\/libro\/6169\/ISBN_9788467808803\/activity\/U03_089_01_AI\/visor.swf\" target=\"_blank\" rel=\"noopener\">ESCRIBE CON CIFRAS<\/a><\/p>\n<p><a style=\"font-size: 14px;text-align: -webkit-center\" href=\"http:\/\/primerodecarlos.com\/SEGUNDO_PRIMARIA\/tengo_todo_4\/root_globalizado4\/libro\/6169\/ISBN_9788467808803\/activity\/U03_089_02_AI\/visor.swf\" target=\"_blank\" rel=\"noopener\">ANTERIOR Y POSTERIOR<\/a><\/p>\n<p><a style=\"font-size: 14px;text-align: -webkit-center\" href=\"http:\/\/primerodecarlos.com\/SEGUNDO_PRIMARIA\/tengo_todo_4\/root_globalizado4\/libro\/6169\/ISBN_9788467808803\/activity\/U03_089_04_AI\/visor.swf\" target=\"_blank\" rel=\"noopener\">CONTIN\u00daA LA SERIE<\/a><\/p>\n<p><a style=\"font-size: 14px;text-align: -webkit-center\" href=\"http:\/\/primerodecarlos.com\/SEGUNDO_PRIMARIA\/octubre\/Unidad_3\/188_213.swf\" target=\"_blank\" rel=\"noopener\">ESCRIBE TODOS LOS N\u00daMEROS<\/a><\/p>\n<p><a style=\"font-size: 14px;text-align: -webkit-center\" href=\"http:\/\/primerodecarlos.com\/SEGUNDO_PRIMARIA\/octubre\/Unidad_3\/200_299.swf\" target=\"_blank\" rel=\"noopener\">COMPLETA LAS TABLAS<\/a><\/p>\n<p><a style=\"font-size: 14px;text-align: -webkit-center\" href=\"http:\/\/primerodecarlos.com\/SEGUNDO_PRIMARIA\/octubre\/Unidad_3\/200_299_3.swf\" target=\"_blank\" rel=\"noopener\">UNE SEG\u00daN CORRESPONDA<\/a><\/p>\n<p><a style=\"font-size: 14px;text-align: -webkit-center\" href=\"http:\/\/bromera.com\/tl_files\/activitatsdigitals\/capicua_2c_PF\/CAPICUA2-U3-PAG39-CAS.swf\" target=\"_blank\" rel=\"noopener\">ESCRITURA DE N\u00daMEROS<\/a><\/p>\n<p><a style=\"font-size: 14px;text-align: -webkit-center\" href=\"http:\/\/bromera.com\/tl_files\/activitatsdigitals\/capicua_2c_PF\/CAPICUA2-U3-PAG47-CAS.swf\" target=\"_blank\" rel=\"noopener\">VALOR POSICIONAL DE CIFRAS<\/a><\/p>\n<p><strong>N\u00fameros ordinales del 1\u00ba al 20\u00ba<\/strong><\/p>\n<p><a href=\"http:\/\/www.editorialteide.es\/elearning\/Primaria.asp?IdJuego=349&amp;IdTipoJuego=1\" target=\"_blank\" rel=\"noopener\">N\u00daMEROS ORDINALES II<\/a><\/p>\n<p><a style=\"font-size: 14px;text-align: -webkit-center\" href=\"http:\/\/www.genmagic.org\/repositorio\/albums\/userpics\/primseg1c.swf\" target=\"_blank\" rel=\"noopener\">1\u00ba &#8211; 2\u00ba &#8211; 3\u00ba&#8230; N\u00daMEROS ORDINALES<\/a><\/p>\n<p><a style=\"font-size: 14px;text-align: -webkit-center\" href=\"http:\/\/www.primaria.librosvivos.net\/archivosCMS\/3\/3\/16\/usuarios\/103294\/9\/mate2ep_ud2_1\/carcasa.swf\" target=\"_blank\" rel=\"noopener\">\u00bfEN QU\u00c9 PISO LO COMPRAR\u00cdAS?<\/a><\/p>\n<p><a style=\"font-size: 14px;text-align: -webkit-center\" href=\"http:\/\/www.educa.jcyl.es\/educacyl\/cm\/zonaalumnos\/tkPopUp?pgseed=1168680284240&amp;idContent=20737&amp;locale=es_ES&amp;textOnly=false\" target=\"_blank\" rel=\"noopener\">UN POCO DE ORDEN<\/a><\/p>\n<p><a style=\"font-size: 14px;text-align: -webkit-center\" href=\"http:\/\/www.ceiploreto.es\/sugerencias\/ecuador\/matematicas\/3_numeros_ordinales_1_20\/index.html\" target=\"_blank\" rel=\"noopener\">N\u00daMEROS ORDINALES III<\/a><\/p>\n<p><a style=\"font-size: 14px;text-align: -webkit-center\" href=\"http:\/\/primerodecarlos.com\/SEGUNDO_PRIMARIA\/diciembre\/Unidad5\/actividades\/MATES\/aprende_ordinales.swf\" target=\"_blank\" rel=\"noopener\">APRENDE<\/a><\/p>\n<p><a style=\"font-size: 14px;text-align: -webkit-center\" href=\"http:\/\/primerodecarlos.com\/SEGUNDO_PRIMARIA\/tengo_todo_4\/root_globalizado4\/libro\/6169\/ISBN_9788467808803\/activity\/U05_183_2_AI\/visor.swf\" target=\"_blank\" rel=\"noopener\">ESCRIBE EL N\u00daMERO ORDINAL<\/a><\/p>\n<p><a style=\"font-size: 14px;text-align: -webkit-center\" href=\"http:\/\/primerodecarlos.com\/SEGUNDO_PRIMARIA\/diciembre\/Unidad5\/actividades\/MATES\/ordinales_2.swf\" target=\"_blank\" rel=\"noopener\">VERDADERO O FALSO<\/a><\/p>\n<p><a style=\"font-size: 14px;text-align: -webkit-center\" href=\"http:\/\/primerodecarlos.com\/primerodecarlos.blogspot.com\/marzo\/numeros_ordinales_2.swf\" target=\"_blank\" rel=\"noopener\">UNE SEG\u00daN CORRESPONDA<\/a><\/p>\n<p><a style=\"font-size: 14px;text-align: -webkit-center\" href=\"http:\/\/primerodecarlos.com\/primerodecarlos.blogspot.com\/marzo\/ORDINALES\/ordinales3_mic.swf\" target=\"_blank\" rel=\"noopener\">ORDINALES DEL 1\u00ba AL 9\u00ba<\/a><\/p>\n<p><a style=\"font-size: 14px;text-align: -webkit-center\" href=\"http:\/\/primerodecarlos.com\/primerodecarlos.blogspot.com\/abril\/carrera_caracoles.swf\" target=\"_blank\" rel=\"noopener\">COLOREA SEG\u00daN CORRESPONDA<\/a><\/p>\n<p><a style=\"font-size: 14px;text-align: -webkit-center\" href=\"http:\/\/bromera.com\/tl_files\/activitatsdigitals\/capicua_2c_PF\/CAPICUA2-U7-PAG35-CAS.swf\" target=\"_blank\" rel=\"noopener\">ORDINALES<\/a><\/p>\n<p><a style=\"font-size: 14px;text-align: -webkit-center\" href=\"http:\/\/bromera.com\/tl_files\/activitatsdigitals\/capicua_2c_PF\/CAPICUA2-U8-PAG60-CAS.swf\" target=\"_blank\" rel=\"noopener\">PINTAMOS CON ORDINALES<\/a><\/p>\n<p><strong>Resta sin llevadas (3 d\u00edg.)<\/strong><\/p>\n<p><a href=\"http:\/\/www.crienaturavila.com\/crie_httpdocs\/mate\/resta03.html\" target=\"_blank\" rel=\"noopener\">RESTAS DE N\u00daMEROS NATURALES<\/a><\/p>\n<p><a href=\"http:\/\/www.ceiploreto.es\/sugerencias\/vindel\/abaco.swf\" target=\"_blank\" rel=\"noopener\">\u00c1BACO<\/a><\/p>\n<p><strong>Resta con llevadas (2 d\u00edg.)<\/strong><\/p>\n<p><a href=\"http:\/\/www.ceiploreto.es\/sugerencias\/cp.juan.de.la.cosa\/Actividadespdimates2\/01\/05\/04\/010504.swf\" target=\"_blank\" rel=\"noopener\">RESTAS LLEVANDO<\/a><\/p>\n<p><a style=\"font-size: 14px;text-align: -webkit-center\" href=\"http:\/\/www.testeando.es\/test.asp?idA=64&amp;idT=qgqtxsim\" target=\"_blank\" rel=\"noopener\">TEST: RESTAS CON CAMBIO DE UNIDADES<\/a><\/p>\n<p><a style=\"font-size: 14px;text-align: -webkit-center\" href=\"http:\/\/primerodecarlos.com\/SEGUNDO_PRIMARIA\/tengo_todo_4\/root_globalizado4\/libro\/6169\/ISBN_9788467808803\/activity\/U04_138_01_AI\/visor.swf\" target=\"_blank\" rel=\"noopener\">APRENDE<\/a><\/p>\n<p><a style=\"font-size: 14px;text-align: -webkit-center\" href=\"http:\/\/primerodecarlos.com\/SEGUNDO_PRIMARIA\/noviembre\/Unidad_4\/actividades\/mates_unidad4\/resta_llevando.swf\" target=\"_blank\" rel=\"noopener\">RESTA I<\/a><\/p>\n<p><a style=\"font-size: 14px;text-align: -webkit-center\" href=\"http:\/\/primerodecarlos.com\/SEGUNDO_PRIMARIA\/tengo_todo_4\/root_globalizado4\/libro\/6169\/ISBN_9788467808803\/activity\/U04_138_02_AI\/visor.swf\" target=\"_blank\" rel=\"noopener\">RESTA II<\/a><\/p>\n<p><a style=\"font-size: 14px;text-align: -webkit-center\" href=\"http:\/\/regletas.joseantoniocuadrado.com\/portada.swf\" target=\"_blank\" rel=\"noopener\">\u00c1BACOS: RESTAR (2 LLEVANDO)<\/a><\/p>\n<p><strong>La hora y los minutos (anal\u00f3gico y digital)<\/strong><\/p>\n<p><a href=\"http:\/\/www.ceiploreto.es\/sugerencias\/cp.juan.de.la.cosa\/Actividadespdimates2\/01\/14\/01\/011401.swf\" target=\"_blank\" rel=\"noopener\">C\u00c1LCULO DE TIEMPOS<\/a><\/p>\n<p><a href=\"http:\/\/primerodecarlos.com\/SEGUNDO_PRIMARIA\/septiembre\/unidad_1\/hora_cuarto_media.swf\" target=\"_blank\" rel=\"noopener\">COLOCA LAS TARJETAS<\/a><\/p>\n<p><a href=\"http:\/\/primerodecarlos.com\/SEGUNDO_PRIMARIA\/tengo_todo_4\/root_globalizado4\/libro\/6169\/ISBN_9788467808803\/activity\/U02_074_01_AI\/visor.swf\" target=\"_blank\" rel=\"noopener\">APRENDE<\/a><\/p>\n<p><a href=\"http:\/\/primerodecarlos.com\/SEGUNDO_PRIMARIA\/tengo_todo_4\/root_globalizado4\/libro\/6169\/ISBN_9788467808803\/activity\/U02_075_03_AI2\/visor.swf\" target=\"_blank\" rel=\"noopener\">COMPLETA<\/a><\/p>\n<p><strong>Resuelve problemas<\/strong><\/p>\n<p><a href=\"http:\/\/www.primaria.librosvivos.net\/archivosCMS\/3\/3\/16\/usuarios\/103294\/9\/mate2ep_ud4_2\/carcasa.swf\" target=\"_blank\" rel=\"noopener\">RESUELVO PROBLEMAS<\/a><\/p>\n<p><a style=\"font-size: 14px;text-align: -webkit-center\" href=\"http:\/\/www.ceiploreto.es\/sugerencias\/cp.juan.de.la.cosa\/Actividadespdimates2\/01\/04\/05\/010405.swf\" target=\"_blank\" rel=\"noopener\">RAZONAMIENTO<\/a><\/p>\n<p><a style=\"font-size: 14px;text-align: -webkit-center\" href=\"http:\/\/www.ceiploreto.es\/sugerencias\/cp.juan.de.la.cosa\/Actividadespdimates2\/01\/02\/03\/010203.swf\" target=\"_blank\" rel=\"noopener\">PROBLEMA I<\/a><\/p>\n<p><a style=\"font-size: 14px;text-align: -webkit-center\" href=\"http:\/\/www.ceiploreto.es\/sugerencias\/cp.juan.de.la.cosa\/Actividadespdimates2\/01\/03\/05\/010305.swf\" target=\"_blank\" rel=\"noopener\">PROBLEMA II<\/a><\/p>\n<p><a style=\"font-size: 14px;text-align: -webkit-center\" href=\"http:\/\/www.ceiploreto.es\/sugerencias\/cp.juan.de.la.cosa\/Actividadespdimates2\/01\/04\/03\/010403.swf\" target=\"_blank\" rel=\"noopener\">PROBLEMA III<\/a><\/p>\n<p><a style=\"font-size: 14px;text-align: -webkit-center\" href=\"http:\/\/primerodecarlos.com\/SEGUNDO_PRIMARIA\/tengo_todo_4\/root_globalizado4\/libro\/6169\/ISBN_9788467808803\/activity\/U04_139_01_AI\/visor.swf\" target=\"_blank\" rel=\"noopener\">PROBLEMA IV<\/a><\/p>\n<p><a style=\"font-size: 14px;text-align: -webkit-center\" href=\"http:\/\/www.primerodecarlos.com\/SEGUNDO_PRIMARIA\/marzo\/Unidad5\/actividades\/actividades_una_a_una\/mates\/calculo_mental.swf\" target=\"_blank\" rel=\"noopener\">RESUELVE MENTALMENTE Y COMPLETA<\/a><\/p>\n<p><a style=\"font-size: 14px\" href=\"http:\/\/www.ceiploreto.es\/sugerencias\/Lim\/Actividades_de_resta\/actividades_de_resta.html\" target=\"_blank\" rel=\"noopener\">ACTIVIDADES DE RESTA<\/a><\/p>\n<p><a href=\"http:\/\/www.ceiploreto.es\/sugerencias\/Lim\/matematicas_2\/mates2-tema1\/mates2-tema1.html\" target=\"_blank\" rel=\"noopener\">REPASO I<\/a><\/p>\n<p><a href=\"http:\/\/www.ceiploreto.es\/sugerencias\/Lim\/matematicas_2\/mates2_3\/mates2_3.html\" target=\"_blank\" rel=\"noopener\">REPASO II<\/a><\/p>\n","protected":false},"excerpt":{"rendered":"<p>La hora del ba\u00f1o N\u00fameros del 200 al 299 LOS N\u00daMEROS DEL 200 AL 299 I \u00bfSUBES O BAJAS? LOS N\u00daMEROS DEL 200 AL 299 II ESCRIBE CON CIFRAS ANTERIOR Y POSTERIOR CONTIN\u00daA LA SERIE ESCRIBE TODOS LOS N\u00daMEROS COMPLETA LAS TABLAS UNE SEG\u00daN CORRESPONDA ESCRITURA DE N\u00daMEROS VALOR POSICIONAL DE CIFRAS N\u00fameros ordinales del &hellip; <\/p>\n<p><a class=\"more-link btn\" href=\"https:\/\/blogsaverroes.juntadeandalucia.es\/ceipaznaitin\/matematicas-2o-tema-3\/\">Seguir leyendo<\/a><\/p>\n","protected":false},"author":2805,"featured_media":0,"parent":0,"menu_order":0,"comment_status":"closed","ping_status":"closed","template":"","meta":{"ngg_post_thumbnail":0,"footnotes":"","_mc_calendar":[]},"aioseo_notices":[],"_links":{"self":[{"href":"https:\/\/blogsaverroes.juntadeandalucia.es\/ceipaznaitin\/wp-json\/wp\/v2\/pages\/5001"}],"collection":[{"href":"https:\/\/blogsaverroes.juntadeandalucia.es\/ceipaznaitin\/wp-json\/wp\/v2\/pages"}],"about":[{"href":"https:\/\/blogsaverroes.juntadeandalucia.es\/ceipaznaitin\/wp-json\/wp\/v2\/types\/page"}],"author":[{"embeddable":true,"href":"https:\/\/blogsaverroes.juntadeandalucia.es\/ceipaznaitin\/wp-json\/wp\/v2\/users\/2805"}],"replies":[{"embeddable":true,"href":"https:\/\/blogsaverroes.juntadeandalucia.es\/ceipaznaitin\/wp-json\/wp\/v2\/comments?post=5001"}],"version-history":[{"count":9,"href":"https:\/\/blogsaverroes.juntadeandalucia.es\/ceipaznaitin\/wp-json\/wp\/v2\/pages\/5001\/revisions"}],"predecessor-version":[{"id":5013,"href":"https:\/\/blogsaverroes.juntadeandalucia.es\/ceipaznaitin\/wp-json\/wp\/v2\/pages\/5001\/revisions\/5013"}],"wp:attachment":[{"href":"https:\/\/blogsaverroes.juntadeandalucia.es\/ceipaznaitin\/wp-json\/wp\/v2\/media?parent=5001"}],"curies":[{"name":"wp","href":"https:\/\/api.w.org\/{rel}","templated":true}]}}