{"id":5015,"date":"2018-03-05T12:22:07","date_gmt":"2018-03-05T10:22:07","guid":{"rendered":"http:\/\/blogsaverroes.juntadeandalucia.es\/ceipaznaitin\/?page_id=5015"},"modified":"2018-03-05T12:44:22","modified_gmt":"2018-03-05T10:44:22","slug":"matematicas-2o-tema-4","status":"publish","type":"page","link":"https:\/\/blogsaverroes.juntadeandalucia.es\/ceipaznaitin\/matematicas-2o-tema-4\/","title":{"rendered":"Matem\u00e1ticas 2\u00ba Tema 4"},"content":{"rendered":"<p><strong>&nbsp;\u00a1Vamos a ganar!<\/strong><\/p>\n<p><strong>N\u00fameros del 300 al 399<\/strong><\/p>\n<p><a href=\"http:\/\/www.ceiploreto.es\/sugerencias\/cp.juan.de.la.cosa\/Actividadespdimates2\/01\/06\/02\/010602.swf\" target=\"_blank\" rel=\"noopener\">LOS N\u00daMEROS DEL 300 AL 399 I<\/a><\/p>\n<p><a style=\"font-size: 14px;text-align: -webkit-center\" href=\"http:\/\/www.ceiploreto.es\/sugerencias\/cplosangeles.juntaextremadura.net\/web\/segundo_curso\/matematicas_2\/numeros06\/numeros06.html\" target=\"_blank\" rel=\"noopener\">LOS N\u00daMEROS DEL 300 AL 399 II<\/a><\/p>\n<p><a style=\"font-size: 14px;text-align: -webkit-center\" href=\"http:\/\/primerodecarlos.com\/SEGUNDO_PRIMARIA\/tengo_todo_4\/root_globalizado4\/libro\/6169\/ISBN_9788467808803\/activity\/U4_128_01_AI\/visor.swf\" target=\"_blank\" rel=\"noopener\">APRENDE<\/a><\/p>\n<p><a style=\"font-size: 14px;text-align: -webkit-center\" href=\"http:\/\/primerodecarlos.com\/SEGUNDO_PRIMARIA\/tengo_todo_4\/root_globalizado4\/libro\/6169\/ISBN_9788467808803\/activity\/U04_129_01_AI\/visor.swf\" target=\"_blank\" rel=\"noopener\">ESCRIBE LOS N\u00daMEROS<\/a><\/p>\n<p><a style=\"font-size: 14px;text-align: -webkit-center\" href=\"http:\/\/primerodecarlos.com\/SEGUNDO_PRIMARIA\/tengo_todo_4\/root_globalizado4\/libro\/6169\/ISBN_9788467808803\/activity\/U04_129_02_AI\/visor.swf\" target=\"_blank\" rel=\"noopener\">UNE SEG\u00daN CORRESPONDA<\/a><\/p>\n<p><a style=\"font-size: 14px;text-align: -webkit-center\" href=\"http:\/\/primerodecarlos.com\/SEGUNDO_PRIMARIA\/tengo_todo_4\/root_globalizado4\/libro\/6169\/ISBN_9788467808803\/activity\/U04_129_02_AI\/visor.swf\" target=\"_blank\" rel=\"noopener\">CUENTA DE DOS EN DOS<\/a><\/p>\n<p><a style=\"font-size: 14px;text-align: -webkit-center\" href=\"http:\/\/primerodecarlos.com\/SEGUNDO_PRIMARIA\/noviembre\/Unidad_4\/actividades\/mates_unidad4\/300_399.swf\" target=\"_blank\" rel=\"noopener\">ESCRIBE EL SIGNO QUE CORRESPONDE<\/a><\/p>\n<p><a style=\"font-size: 14px;text-align: -webkit-center\" href=\"http:\/\/primerodecarlos.com\/SEGUNDO_PRIMARIA\/noviembre\/Unidad_4\/actividades\/mates_unidad4\/300_399_b.swf\" target=\"_blank\" rel=\"noopener\">ORDENA LOS N\u00daMEROS DE MENOR A MAYOR<\/a><\/p>\n<p><strong>Serie +5<\/strong><\/p>\n<p><a href=\"http:\/\/ntic.educacion.es\/w3\/eos\/MaterialesEducativos\/mem2008\/matematicas_primaria\/numeracion\/operaciones\/seriesgeneral.swf\" target=\"_blank\" rel=\"noopener\">SERIES ARITM\u00c9TICAS<\/a><\/p>\n<p><strong>Resta con llevadas (3 d\u00edg)<\/strong><\/p>\n<p><a href=\"http:\/\/www.disanedu.com\/cpr\/matematicas\/aplicacion\/programa\/tem\/restarquequedificil2.html\" target=\"_blank\" rel=\"noopener\">APRENDO A RESTAR<\/a><\/p>\n<p><a style=\"font-size: 14px;text-align: -webkit-center\" href=\"http:\/\/www.educalandia.net\/multiplicar\/restas_llevandose_2_cifras.php\" target=\"_blank\" rel=\"noopener\">RESTAS LLEV\u00c1NDOSE DOS CIFRAS<\/a><\/p>\n<p><a style=\"font-size: 14px;text-align: -webkit-center\" href=\"http:\/\/www.testeando.es\/test.asp?idA=64&amp;idT=ckmnjwdz\" target=\"_blank\" rel=\"noopener\">TEST: RESTAS CON CAMBIOS DE UNIDADES Y DECENAS<\/a><\/p>\n<p><a style=\"font-size: 14px;text-align: -webkit-center\" href=\"http:\/\/www.primerodecarlos.com\/SEGUNDO_PRIMARIA\/enero\/tema1\/actividades\/MATES\/automatizacion_resta\/visor.swf\" target=\"_blank\" rel=\"noopener\">APRENDE A RESTAR M\u00c1S R\u00c1PIDO<\/a><\/p>\n<p><a style=\"font-size: 14px;text-align: -webkit-center\" href=\"http:\/\/www.educalandia.net\/multiplicar\/restas_llevandose_3_cifras.php\" target=\"_blank\" rel=\"noopener\">RESTAS LLEV\u00c1NDOSE TRES CIFRAS<\/a><\/p>\n<p><a style=\"font-size: 14px;text-align: -webkit-center\" href=\"http:\/\/www.ceiploreto.es\/sugerencias\/A_1\/Recursosdidacticos\/SEGUNDO\/datos\/02_Mates\/03_Recursos\/01_t\/actividades\/operaciones\/05.htm\" target=\"_blank\" rel=\"noopener\">RESTAS CON LLEVADAS<\/a><\/p>\n<p><a style=\"font-size: 14px;text-align: -webkit-center\" href=\"http:\/\/primerodecarlos.com\/SEGUNDO_PRIMARIA\/tengo_todo_4\/root_globalizado4\/libro\/6169\/ISBN_9788467808803\/activity\/U05_176_01_AI\/visor.swf\" target=\"_blank\" rel=\"noopener\">APRENDE<\/a><\/p>\n<p><a style=\"font-size: 14px;text-align: -webkit-center\" href=\"http:\/\/primerodecarlos.com\/SEGUNDO_PRIMARIA\/tengo_todo_4\/root_globalizado4\/libro\/6169\/ISBN_9788467808803\/activity\/U05_176_02_AI\/visor.swf\" target=\"_blank\" rel=\"noopener\">CALCULA<\/a><\/p>\n<p><a style=\"font-size: 14px;text-align: -webkit-center\" href=\"http:\/\/primerodecarlos.com\/SEGUNDO_PRIMARIA\/tengo_todo_4\/root_globalizado4\/libro\/6169\/ISBN_9788467808803\/activity\/U05_195_02_AI\/visor.swf\" target=\"_blank\" rel=\"noopener\">RESTA I<\/a><\/p>\n<p><a style=\"font-size: 14px;text-align: -webkit-center\" href=\"http:\/\/primerodecarlos.com\/SEGUNDO_PRIMARIA\/diciembre\/Unidad5\/actividades\/MATES\/resta_llevando_centenas.swf\" target=\"_blank\" rel=\"noopener\">COLOCA SIGUIENDO EL C\u00d3DIGO Y RESTA I<\/a><\/p>\n<p><a style=\"font-size: 14px;text-align: -webkit-center\" href=\"http:\/\/primerodecarlos.com\/SEGUNDO_PRIMARIA\/diciembre\/Unidad5\/actividades\/MATES\/restas_llevando_centenas2.swf\" target=\"_blank\" rel=\"noopener\">COLOCA SIGUIENDO EL C\u00d3DIGO Y RESTA II<\/a><\/p>\n<p><a style=\"font-size: 14px;text-align: -webkit-center\" href=\"http:\/\/www.primerodecarlos.com\/SEGUNDO_PRIMARIA\/enero\/tema1\/actividades\/MATES\/resta_llevando\/visor.swf\" target=\"_blank\" rel=\"noopener\">RESTA II<\/a><\/p>\n<p><a style=\"font-size: 14px;text-align: -webkit-center\" href=\"http:\/\/primerodecarlos.com\/SEGUNDO_PRIMARIA\/diciembre\/Unidad5\/actividades\/MATES\/restas_llevando_centenas3.swf\" target=\"_blank\" rel=\"noopener\">CALCULA LAS SIGUIENTES RESTAS<\/a><\/p>\n<p><a style=\"font-size: 14px;text-align: -webkit-center\" href=\"http:\/\/regletas.joseantoniocuadrado.com\/portada.swf\" target=\"_blank\" rel=\"noopener\">\u00c1BACOS: RESTAR (3 CIFRAS)<\/a><\/p>\n<p><strong>Pol\u00edgonos. Elementos y tipos<\/strong><\/p>\n<p><a href=\"http:\/\/www.ceiploreto.es\/sugerencias\/cp.juan.de.la.cosa\/Actividadespdimates2\/01\/05\/01\/010501.swf\" target=\"_blank\" rel=\"noopener\">POL\u00cdGONOS I<\/a><\/p>\n<p><a style=\"font-size: 14px;text-align: -webkit-center\" href=\"http:\/\/ww2.educarchile.cl\/UserFiles\/P0024\/File\/skoool\/2010\/Matematicas\/polygons\/index.html\" target=\"_blank\" rel=\"noopener\">POL\u00cdGONOS II<\/a><\/p>\n<p><a style=\"font-size: 14px;text-align: -webkit-center\" href=\"http:\/\/www.primerodecarlos.com\/SEGUNDO_PRIMARIA\/febrero\/tema4\/actividades\/actividades_una_una\/mates\/poligonos_elementos\/visor.swf\" target=\"_blank\" rel=\"noopener\">LOS POL\u00cdGONOS: ELEMENTOS<\/a><\/p>\n<p><a style=\"font-size: 14px;text-align: -webkit-center\" href=\"http:\/\/www.primerodecarlos.com\/SEGUNDO_PRIMARIA\/febrero\/tema4\/actividades\/actividades_una_una\/mates\/poligonos.swf\" target=\"_blank\" rel=\"noopener\">COMPLETA Y SE\u00d1ALA<\/a><\/p>\n<p><a style=\"font-size: 14px;text-align: -webkit-center\" href=\"http:\/\/www.primerodecarlos.com\/SEGUNDO_PRIMARIA\/tengo_todo_4\/root_globalizado5\/ISBN_9788467808810\/activity\/U04_157_03_AI\/visor.swf\" target=\"_blank\" rel=\"noopener\">SE\u00d1ALA EL POL\u00cdGONO<\/a><\/p>\n<p><a style=\"font-size: 14px;text-align: -webkit-center\" href=\"http:\/\/bromera.com\/tl_files\/activitatsdigitals\/capicua_2c_PF\/CAPICUA2-U2-PAG29-CAS.swf\" target=\"_blank\" rel=\"noopener\">POL\u00cdGONOS III<\/a><\/p>\n<p><a style=\"font-size: 14px;text-align: -webkit-center\" href=\"http:\/\/www.primerodecarlos.com\/SEGUNDO_PRIMARIA\/tengo_todo_4\/root_globalizado5\/ISBN_9788467808810\/activity\/U04_152_01_AI\/visor.swf\" target=\"_blank\" rel=\"noopener\">APRENDE<\/a><\/p>\n<p><a style=\"font-size: 14px;text-align: -webkit-center\" href=\"http:\/\/www.primerodecarlos.com\/SEGUNDO_PRIMARIA\/febrero\/tema4\/actividades\/actividades_una_una\/mates\/poligonos_3.swf\" target=\"_blank\" rel=\"noopener\">OBSERVA CON ATENCI\u00d3N<\/a><\/p>\n<p><strong>Tablas de datos<\/strong><\/p>\n<p><a href=\"http:\/\/www.ceiploreto.es\/sugerencias\/cp.juan.de.la.cosa\/Actividadespdimates2\/01\/02\/04\/010204.swf\" target=\"_blank\" rel=\"noopener\">RECOGIDA DE DATOS<\/a><\/p>\n<p><a href=\"http:\/\/www.ceiploreto.es\/sugerencias\/cp.juan.de.la.cosa\/Actividadespdimates2\/01\/02\/05\/010205.swf\" target=\"_blank\" rel=\"noopener\">RAZONAMIENTO<\/a><\/p>\n<p><a href=\"http:\/\/www.ceiploreto.es\/sugerencias\/cp.juan.de.la.cosa\/Actividadespdimates2\/01\/04\/04\/010404.swf\" target=\"_blank\" rel=\"noopener\">TRABAJO CON TABLAS<\/a><\/p>\n<p><a href=\"http:\/\/www.primaria.librosvivos.net\/archivosCMS\/3\/3\/16\/usuarios\/103294\/9\/2epmacp_ud10_ap_cas\/actividad.swf\" target=\"_blank\" rel=\"noopener\">APRENDO A PENSAR<\/a><\/p>\n<p><a href=\"http:\/\/clic.xtec.cat\/db\/jclicApplet.jsp?project=http:\/\/clic.xtec.cat\/projects\/geo2prim\/jclic\/geo2prim.jclic.zip&amp;lang=es\" target=\"_blank\" rel=\"noopener\">Geometr\u00eda<\/a><\/p>\n<p><strong>Resuelve problemas<\/strong><\/p>\n<p><a href=\"http:\/\/www.ceiploreto.es\/sugerencias\/averroes\/colegiovirgendetiscar\/profes\/trabajos\/problemas\/index.html\" target=\"_blank\" rel=\"noopener\">PROBLEMAS<\/a><\/p>\n<p><a style=\"font-size: 14px;text-align: -webkit-center\" href=\"http:\/\/www.primaria.librosvivos.net\/archivosCMS\/3\/3\/16\/usuarios\/103294\/9\/2EP_mt_es_ud5_2\/carcasa.swf\" target=\"_blank\" rel=\"noopener\">RESUELVO PROBLEMAS<\/a><\/p>\n<p><a style=\"font-size: 14px;text-align: -webkit-center\" href=\"http:\/\/www.ceiploreto.es\/sugerencias\/cp.juan.de.la.cosa\/Actividadespdimates2\/01\/05\/03\/010503.swf\" target=\"_blank\" rel=\"noopener\">PROBLEMA I<\/a><\/p>\n<p><a style=\"font-size: 14px;text-align: -webkit-center\" href=\"http:\/\/www.ceiploreto.es\/sugerencias\/cp.juan.de.la.cosa\/Actividadespdimates2\/01\/05\/05\/010505.swf\" target=\"_blank\" rel=\"noopener\">PROBLEMA II<\/a><\/p>\n<p><a style=\"font-size: 14px;text-align: -webkit-center\" href=\"http:\/\/bromera.com\/tl_files\/activitatsdigitals\/capicua_2c_PF\/CAPICUA2-U2-PAG31-CAS.swf\" target=\"_blank\" rel=\"noopener\">PIENSA Y RESUELVE<\/a><\/p>\n<p><a href=\"http:\/\/www.ceiploreto.es\/sugerencias\/Lim\/matematicas_2\/mates2_4\/mates2_4.html\" target=\"_blank\" rel=\"noopener\">REPASO I<\/a><\/p>\n<p><a href=\"http:\/\/www.primaria.librosvivos.net\/archivosCMS\/3\/3\/16\/usuarios\/103294\/9\/2EP_mt_es_ud5_repaso\/carcasa.swf\" target=\"_blank\" rel=\"noopener\">REPASO II<\/a><\/p>\n","protected":false},"excerpt":{"rendered":"<p>&nbsp;\u00a1Vamos a ganar! N\u00fameros del 300 al 399 LOS N\u00daMEROS DEL 300 AL 399 I LOS N\u00daMEROS DEL 300 AL 399 II APRENDE ESCRIBE LOS N\u00daMEROS UNE SEG\u00daN CORRESPONDA CUENTA DE DOS EN DOS ESCRIBE EL SIGNO QUE CORRESPONDE ORDENA LOS N\u00daMEROS DE MENOR A MAYOR Serie +5 SERIES ARITM\u00c9TICAS Resta con llevadas (3 d\u00edg) &hellip; <\/p>\n<p><a class=\"more-link btn\" href=\"https:\/\/blogsaverroes.juntadeandalucia.es\/ceipaznaitin\/matematicas-2o-tema-4\/\">Seguir leyendo<\/a><\/p>\n","protected":false},"author":2805,"featured_media":0,"parent":0,"menu_order":0,"comment_status":"closed","ping_status":"closed","template":"","meta":{"ngg_post_thumbnail":0,"footnotes":"","_mc_calendar":[]},"aioseo_notices":[],"_links":{"self":[{"href":"https:\/\/blogsaverroes.juntadeandalucia.es\/ceipaznaitin\/wp-json\/wp\/v2\/pages\/5015"}],"collection":[{"href":"https:\/\/blogsaverroes.juntadeandalucia.es\/ceipaznaitin\/wp-json\/wp\/v2\/pages"}],"about":[{"href":"https:\/\/blogsaverroes.juntadeandalucia.es\/ceipaznaitin\/wp-json\/wp\/v2\/types\/page"}],"author":[{"embeddable":true,"href":"https:\/\/blogsaverroes.juntadeandalucia.es\/ceipaznaitin\/wp-json\/wp\/v2\/users\/2805"}],"replies":[{"embeddable":true,"href":"https:\/\/blogsaverroes.juntadeandalucia.es\/ceipaznaitin\/wp-json\/wp\/v2\/comments?post=5015"}],"version-history":[{"count":9,"href":"https:\/\/blogsaverroes.juntadeandalucia.es\/ceipaznaitin\/wp-json\/wp\/v2\/pages\/5015\/revisions"}],"predecessor-version":[{"id":5026,"href":"https:\/\/blogsaverroes.juntadeandalucia.es\/ceipaznaitin\/wp-json\/wp\/v2\/pages\/5015\/revisions\/5026"}],"wp:attachment":[{"href":"https:\/\/blogsaverroes.juntadeandalucia.es\/ceipaznaitin\/wp-json\/wp\/v2\/media?parent=5015"}],"curies":[{"name":"wp","href":"https:\/\/api.w.org\/{rel}","templated":true}]}}