{"id":5027,"date":"2018-03-05T12:45:08","date_gmt":"2018-03-05T10:45:08","guid":{"rendered":"http:\/\/blogsaverroes.juntadeandalucia.es\/ceipaznaitin\/?page_id=5027"},"modified":"2018-03-05T12:53:34","modified_gmt":"2018-03-05T10:53:34","slug":"ciencias-sociales-1o-tema-1","status":"publish","type":"page","link":"https:\/\/blogsaverroes.juntadeandalucia.es\/ceipaznaitin\/ciencias-sociales-1o-tema-1\/","title":{"rendered":"Ciencias Sociales 1\u00ba Tema 1"},"content":{"rendered":"<p><strong>Nos vemos en el cole<\/strong><\/p>\n<p><strong>Conocemos el colegio<\/strong><\/p>\n<p><a href=\"http:\/\/www.vedoque.com\/juegos\/clase.swf\" target=\"_blank\" rel=\"noopener\">OBJETOS DE LA CLASE<\/a><\/p>\n<p><a style=\"font-size: 14px;text-align: -webkit-center\" href=\"http:\/\/www.phonosdonostia.com\/recursos\/pasapalabra\/cosas_clase1.swf\" target=\"_blank\" rel=\"noopener\">PASAPALABRA: COSAS DE LA CLASE<\/a><\/p>\n<p><a style=\"font-size: 14px;text-align: -webkit-center\" href=\"http:\/\/conteni2.educarex.es\/mats\/11346\/contenido\/index2.html\" target=\"_blank\" rel=\"noopener\">MI AULA<\/a><\/p>\n<p><a style=\"font-size: 14px;text-align: -webkit-center\" href=\"http:\/\/www3.gobiernodecanarias.org\/medusa\/contenidosdigitales\/programasflash\/Medusa\/JugandoPalabras\/colegio\/jugandoconpalabras.html\" target=\"_blank\" rel=\"noopener\">EL COLEGIO<\/a><\/p>\n<p><a style=\"font-size: 14px;text-align: -webkit-center\" href=\"http:\/\/www.primaria.librosvivos.net\/archivosCMS\/3\/3\/16\/usuarios\/103294\/9\/1EP_cono_cas_ud1_act1__\/cargadorALPIXEL.swf\" target=\"_blank\" rel=\"noopener\">VOY AL COLEGIO<\/a><\/p>\n<p><a style=\"font-size: 14px;text-align: -webkit-center\" href=\"http:\/\/contenidos.educarex.es\/cnice\/2006\/alquimia\/a\/03\/animaciones\/a_fa23_01.html\" target=\"_blank\" rel=\"noopener\">LA COMUNIDAD EDUCATIVA<\/a><\/p>\n<p><a style=\"font-size: 14px;text-align: -webkit-center\" href=\"http:\/\/www.ceiploreto.es\/sugerencias\/cp.juan.de.la.cosa\/Actividades%20PDI%20Cono\/01\/05\/05\/010505.swf\" target=\"_blank\" rel=\"noopener\">COMUNIDAD EDUCATIVA<\/a><\/p>\n<p><a style=\"font-size: 14px;text-align: -webkit-center\" href=\"http:\/\/www.primaria.librosvivos.net\/archivosCMS\/3\/3\/16\/usuarios\/103294\/9\/1EP_cono_cas_ud1_act2_\/index.htm\" target=\"_blank\" rel=\"noopener\">\u00bfQUI\u00c9N TRABAJA EN EL COLEGIO?<\/a><\/p>\n<p><a style=\"font-size: 14px;text-align: -webkit-center\" href=\"http:\/\/bromera.com\/tl_files\/activitatsdigitals\/Natura_1c_PF\/Natura1_cas_u1_p8_a1(7_1)\/index.html\" target=\"_blank\" rel=\"noopener\">BUSCA 5 PARTES DE LA ESCUELA<\/a><\/p>\n<p><a style=\"font-size: 14px;text-align: -webkit-center\" href=\"http:\/\/bromera.com\/tl_files\/activitatsdigitals\/Natura_1c_PF\/Natura1_cas_u1_p8_a2(2_6)\/index.html\" target=\"_blank\" rel=\"noopener\">SIT\u00daA DONDE CORRESPONDA<\/a><\/p>\n<p><a href=\"http:\/\/www.aitanatp.com\/nivel2c\/index1.htm\" target=\"_blank\" rel=\"noopener\">El colegio<\/a><\/p>\n<p><strong>Amigos y compa\u00f1eros<\/strong><\/p>\n<p><a href=\"http:\/\/www.ceiploreto.es\/sugerencias\/cp.juan.de.la.cosa\/Actividades%20PDI%20Cono\/01\/05\/04\/010504.swf\" target=\"_blank\" rel=\"noopener\">CONVIVIR EN LA ESCUELA<\/a><\/p>\n<p><a style=\"font-size: 14px;text-align: -webkit-center\" href=\"http:\/\/www.edu.xunta.es\/espazoAbalar\/sites\/espazoAbalar\/files\/datos\/1305791407\/contido\/index.html\" target=\"_blank\" rel=\"noopener\">HAGO OTRAS COSAS<\/a><\/p>\n<p><a style=\"font-size: 14px;text-align: -webkit-center\" href=\"http:\/\/agrega.carm.es\/repositorio\/31082010\/b4\/es-mu_2010083113_9094542\/index.html\" target=\"_blank\" rel=\"noopener\">DAME MI MANZANA \/ EN EL PATIO<\/a><\/p>\n<p><a style=\"font-size: 14px;text-align: -webkit-center\" href=\"http:\/\/nea.educastur.princast.es\/repositorio\/RECURSO_ZIP\/1_ibcmass_u12\/index.html\" target=\"_blank\" rel=\"noopener\">LA ESCUELA<\/a><\/p>\n<p><a style=\"font-size: 14px;text-align: -webkit-center\" href=\"http:\/\/nea.educastur.princast.es\/repositorio\/RECURSO_ZIP\/1_ibcmass_u18\/index.html\" target=\"_blank\" rel=\"noopener\">VOY AL COLE CON CUIDADO<\/a><\/p>\n<p><a style=\"font-size: 14px;text-align: -webkit-center\" href=\"http:\/\/nea.educastur.princast.es\/repositorio\/RECURSO_ZIP\/2_1_ibcmass_u14\/index.html\" target=\"_blank\" rel=\"noopener\">RESUELVO TAREAS<\/a><\/p>\n<p><a style=\"font-size: 14px;text-align: -webkit-center\" href=\"http:\/\/bromera.com\/tl_files\/activitatsdigitals\/Natura_1c_PF\/Natura1_cas_u1_p15_a1(2_3)\/index.html\" target=\"_blank\" rel=\"noopener\">RELACIONA<\/a><\/p>\n<p><a style=\"font-size: 14px;text-align: -webkit-center\" href=\"http:\/\/bromera.com\/tl_files\/activitatsdigitals\/Natura_1c_PF\/Natura1_cas_u3_p33_a1(7_1)\/index.html\" target=\"_blank\" rel=\"noopener\">ENCUENTRA 4 COSAS QUE HACEN LOS AMIGOS<\/a><\/p>\n<p><a style=\"font-size: 14px;text-align: -webkit-center\" href=\"http:\/\/bromera.com\/tl_files\/activitatsdigitals\/Natura_1c_PF\/Natura1_cas_u3_p40_a1(4_1)\/index.html\" target=\"_blank\" rel=\"noopener\">INDICA SI EST\u00c1 BIEN O MAL<\/a><\/p>\n<p><a style=\"font-size: 14px;text-align: -webkit-center\" href=\"http:\/\/bromera.com\/tl_files\/activitatsdigitals\/Natura_1c_PF\/Natura1_cas_u4_p54_a1(2_6)\/index.html\" target=\"_blank\" rel=\"noopener\">INDICA SI ES CORRECTO O NO<\/a><\/p>\n<p><strong>\u00a1Por fin en casa!<\/strong><\/p>\n<p><a href=\"http:\/\/conteni2.educarex.es\/mats\/11371\/contenido\/index2.html\" target=\"_blank\" rel=\"noopener\">LA CASA DE LOLA<\/a><\/p>\n<p><a style=\"font-size: 14px;text-align: -webkit-center\" href=\"http:\/\/agrega2.red.es\/\/repositorio\/27012010\/57\/es_20070727_2_0150501\/contenido\/a_aa03_03vf.htm\" target=\"_blank\" rel=\"noopener\">JUEGA CON LA CASA<\/a><\/p>\n<p><a style=\"font-size: 14px;text-align: -webkit-center\" href=\"http:\/\/www.ceiploreto.es\/sugerencias\/cp.juan.de.la.cosa\/Actividades%20PDI%20Cono\/01\/06\/01\/010601.swf\" target=\"_blank\" rel=\"noopener\">LA CASA 1<\/a><\/p>\n<p><a style=\"font-size: 14px;text-align: -webkit-center\" href=\"http:\/\/www.ceiploreto.es\/sugerencias\/juntadeandalucia\/Mis_primeras_lecciones\/casa\/casa.html\" target=\"_blank\" rel=\"noopener\">LA CASA 2<\/a><\/p>\n<p><a style=\"font-size: 14px;text-align: -webkit-center\" href=\"http:\/\/nea.educastur.princast.es\/repositorio\/RECURSO_ZIP\/1_ibcmass_u13\/index.html\" target=\"_blank\" rel=\"noopener\">MI CASA<\/a><\/p>\n<p><a style=\"font-size: 14px;text-align: -webkit-center\" href=\"http:\/\/nea.educastur.princast.es\/repositorio\/RECURSO_ZIP\/1_ibcmass_u14\/index.html\" target=\"_blank\" rel=\"noopener\">OBJETOS DE LA CASA<\/a><\/p>\n<p><a style=\"font-size: 14px;text-align: -webkit-center\" href=\"http:\/\/www.ceiploreto.es\/sugerencias\/cp.juan.de.la.cosa\/1_2\/cono\/actividades\/04\/01\/visor.html\" target=\"_blank\" rel=\"noopener\">C\u00d3MO ES TU CASA<\/a><\/p>\n<p><a style=\"font-size: 14px;text-align: -webkit-center\" href=\"http:\/\/www.ceiploreto.es\/sugerencias\/cp.juan.de.la.cosa\/1_2\/cono\/actividades\/04\/03\/visor.html\" target=\"_blank\" rel=\"noopener\">CONSTRUIMOS CASAS<\/a><\/p>\n<p><a style=\"font-size: 14px;text-align: -webkit-center\" href=\"http:\/\/primerodecarlos.com\/primerodecarlos.blogspot.com\/noviembre\/partes_exterior_casa\/visor.swf\" target=\"_blank\" rel=\"noopener\">PARTES DE LA CASA 1<\/a><\/p>\n<p><a style=\"font-size: 14px;text-align: -webkit-center\" href=\"http:\/\/primerodecarlos.com\/primerodecarlos.blogspot.com\/noviembre\/casas_tipos\/visor.swf\" target=\"_blank\" rel=\"noopener\">TIPOS DE CASAS<\/a><\/p>\n<p><a style=\"font-size: 14px;text-align: -webkit-center\" href=\"http:\/\/bromera.com\/tl_files\/activitatsdigitals\/Natura_1c_PF\/Natura1_cas_u5_p8_a2(4_6)\/index.html\" target=\"_blank\" rel=\"noopener\">COMPLETA LAS FRASES<\/a><\/p>\n<p><a style=\"font-size: 14px;text-align: -webkit-center\" href=\"http:\/\/www.ceiploreto.es\/sugerencias\/cp.juan.de.la.cosa\/Actividades%20PDI%20Cono\/01\/06\/02\/010602.swf\" target=\"_blank\" rel=\"noopener\">PARTES DE LA CASA 2<\/a><\/p>\n<p><a style=\"font-size: 14px;text-align: -webkit-center\" href=\"http:\/\/www.ceiploreto.es\/sugerencias\/cp.juan.de.la.cosa\/1_2\/cono\/actividades\/04\/04\/visor.html\" target=\"_blank\" rel=\"noopener\">EL PLANO DE UNA CASA<\/a><\/p>\n<p><a style=\"font-size: 14px;text-align: -webkit-center\" href=\"http:\/\/www.ceiploreto.es\/sugerencias\/cp.juan.de.la.cosa\/1_2\/cono\/actividades\/04\/05\/visor.html\" target=\"_blank\" rel=\"noopener\">LOS MUEBLES DE UNA HABITACI\u00d3N<\/a><\/p>\n<p><a style=\"font-size: 14px;text-align: -webkit-center\" href=\"http:\/\/www.ceiploreto.es\/sugerencias\/cp.juan.de.la.cosa\/1_2\/cono\/actividades\/04\/06\/visor.html\" target=\"_blank\" rel=\"noopener\">LAS HABITACIONES DE UNA CASA<\/a><\/p>\n<p><a style=\"font-size: 14px;text-align: -webkit-center\" href=\"http:\/\/primerodecarlos.com\/primerodecarlos.blogspot.com\/noviembre\/dependencias_casa\/visor.swf\" target=\"_blank\" rel=\"noopener\">DEPENDENCIAS<\/a><\/p>\n<p><a href=\"http:\/\/bromera.com\/tl_files\/activitatsdigitals\/Natura_1c_PF\/Natura1_cas_u5_p17_a2(2_6)\/index.html\" target=\"_blank\" rel=\"noopener\">\u00bfD\u00d3NDE ENCONTRAR\u00c1S ESTOS OBJETOS?<\/a><\/p>\n<p><a href=\"http:\/\/bromera.com\/tl_files\/activitatsdigitals\/Natura_1c_PF\/Natura1_cas_u5_p9_a1(2_3)\/index.html\" target=\"_blank\" rel=\"noopener\">RELACIONA LAS PARTES DE LA CASA<\/a><\/p>\n<p><a href=\"http:\/\/clic.xtec.cat\/db\/jclicApplet.jsp?project=http:\/\/clic.xtec.cat\/projects\/casa\/jclic\/casa.jclic.zip&amp;lang=es\" target=\"_blank\" rel=\"noopener\">Vivimos en una casa<\/a><\/p>\n<p><strong>En familia<\/strong><\/p>\n<p><a href=\"http:\/\/ares.cnice.mec.es\/ciengehi\/a\/04\/animaciones\/a_fa_anim01_v00.html\" target=\"_blank\" rel=\"noopener\">LA FAMILIA 1<\/a><\/p>\n<p><a style=\"font-size: 14px;text-align: -webkit-center\" href=\"http:\/\/www3.gobiernodecanarias.org\/medusa\/contenidosdigitales\/programasflash\/Medusa\/JugandoPalabras\/familia\/jugandoconpalabras.html\" target=\"_blank\" rel=\"noopener\">LA FAMILIA 2<\/a><\/p>\n<p><a style=\"font-size: 14px;text-align: -webkit-center\" href=\"http:\/\/agrega2.red.es\/\/repositorio\/25012010\/3c\/es_2009091613_9632804\/index.html\" target=\"_blank\" rel=\"noopener\">MI FAMILIA<\/a><\/p>\n<p><a style=\"font-size: 14px;text-align: -webkit-center\" href=\"http:\/\/www.ceiploreto.es\/sugerencias\/cp.juan.de.la.cosa\/Actividades%20PDI%20Cono\/01\/05\/01\/010501.swf\" target=\"_blank\" rel=\"noopener\">LA FAMILIA 3<\/a><\/p>\n<p><a style=\"font-size: 14px;text-align: -webkit-center\" href=\"http:\/\/www.ceiploreto.es\/sugerencias\/cp.juan.de.la.cosa\/Actividades%20PDI%20Cono\/01\/05\/02\/010502.swf\" target=\"_blank\" rel=\"noopener\">LAS FAMILIAS CAMBIAN<\/a><\/p>\n<p><a style=\"font-size: 14px;text-align: -webkit-center\" href=\"http:\/\/nea.educastur.princast.es\/repositorio\/RECURSO_ZIP\/1_ibcmass_u24\/index.html\" target=\"_blank\" rel=\"noopener\">MI VIDA<\/a><\/p>\n<p><a style=\"font-size: 14px;text-align: -webkit-center\" href=\"http:\/\/www.ceiploreto.es\/sugerencias\/cp.juan.de.la.cosa\/Actividades%20PDI%20Cono\/01\/05\/03\/010503.swf\" target=\"_blank\" rel=\"noopener\">LA CONVIVENCIA FAMILIAR<\/a><\/p>\n<p><a style=\"font-size: 14px;text-align: -webkit-center\" href=\"http:\/\/nea.educastur.princast.es\/repositorio\/RECURSO_ZIP\/1_ibcmass_u10_medio\/index.html\" target=\"_blank\" rel=\"noopener\">TIPOS DE FAMILIAS<\/a><\/p>\n<p><a style=\"font-size: 14px;text-align: -webkit-center\" href=\"http:\/\/www.ceiploreto.es\/sugerencias\/cp.juan.de.la.cosa\/1_2\/cono\/actividades\/05\/01\/visor.html\" target=\"_blank\" rel=\"noopener\">VIVIMOS EN FAMILIA<\/a><\/p>\n<p><a style=\"font-size: 14px;text-align: -webkit-center\" href=\"http:\/\/primerodecarlos.com\/primerodecarlos.blogspot.com\/noviembre\/La_familia\/visor.swf\" target=\"_blank\" rel=\"noopener\">LA FAMILIA 4<\/a><\/p>\n<p><a style=\"font-size: 14px;text-align: -webkit-center\" href=\"http:\/\/conteni2.educarex.es\/mats\/11367\/contenido\/index2.html\" target=\"_blank\" rel=\"noopener\">LA FAMILIA 5<\/a><\/p>\n<p><a style=\"font-size: 14px;text-align: -webkit-center\" href=\"http:\/\/nea.educastur.princast.es\/repositorio\/RECURSO_ZIP\/1_ibcmass_u15\/index.html\" target=\"_blank\" rel=\"noopener\">LAS TAREAS DEL HOGAR<\/a><\/p>\n<p><a style=\"font-size: 14px;text-align: -webkit-center\" href=\"http:\/\/www.ceiploreto.es\/sugerencias\/A_1\/Recursosdidacticos\/PRIMERO\/datos\/03_cmedio\/03_Recursos\/actividades\/7AdquiHabitos\/act2.htm\" target=\"_blank\" rel=\"noopener\">PONEMOS LA MESA<\/a><\/p>\n<p><a style=\"font-size: 14px;text-align: -webkit-center\" href=\"http:\/\/www.ceiploreto.es\/sugerencias\/A_1\/Recursosdidacticos\/PRIMERO\/datos\/03_cmedio\/03_Recursos\/actividades\/7AdquiHabitos\/act3.htm\" target=\"_blank\" rel=\"noopener\">CUIDO LAS PLANTAS<\/a><\/p>\n<p><a style=\"font-size: 14px;text-align: -webkit-center\" href=\"http:\/\/www.ceiploreto.es\/sugerencias\/A_1\/Recursosdidacticos\/PRIMERO\/datos\/03_cmedio\/03_Recursos\/actividades\/7AdquiHabitos\/act5.htm\" target=\"_blank\" rel=\"noopener\">APRENDO A PREPARAR UN ZUMO<\/a><\/p>\n<p><a style=\"font-size: 14px;text-align: -webkit-center\" href=\"http:\/\/nea.educastur.princast.es\/repositorio\/RECURSO_ZIP\/1_ibcmass_u09_medio\/index.html\" target=\"_blank\" rel=\"noopener\">LA FAMILIA 6<\/a><\/p>\n<p><a href=\"http:\/\/www.primaria.librosvivos.net\/archivosCMS\/3\/3\/16\/usuarios\/103294\/9\/1EP_cono_cas_ud1_ev1_\/index.htm\" target=\"_blank\" rel=\"noopener\">REPASO<\/a><\/p>\n<p><a href=\"http:\/\/www.testeando.es\/test.asp?idA=59&amp;idT=izjlqkaf\" target=\"_blank\" rel=\"noopener\">TEST: EL HOGAR<\/a><\/p>\n","protected":false},"excerpt":{"rendered":"<p>Nos vemos en el cole Conocemos el colegio OBJETOS DE LA CLASE PASAPALABRA: COSAS DE LA CLASE MI AULA EL COLEGIO VOY AL COLEGIO LA COMUNIDAD EDUCATIVA COMUNIDAD EDUCATIVA \u00bfQUI\u00c9N TRABAJA EN EL COLEGIO? BUSCA 5 PARTES DE LA ESCUELA SIT\u00daA DONDE CORRESPONDA El colegio Amigos y compa\u00f1eros CONVIVIR EN LA ESCUELA HAGO OTRAS COSAS &hellip; <\/p>\n<p><a class=\"more-link btn\" href=\"https:\/\/blogsaverroes.juntadeandalucia.es\/ceipaznaitin\/ciencias-sociales-1o-tema-1\/\">Seguir leyendo<\/a><\/p>\n","protected":false},"author":2805,"featured_media":0,"parent":0,"menu_order":0,"comment_status":"closed","ping_status":"closed","template":"","meta":{"ngg_post_thumbnail":0,"footnotes":"","_mc_calendar":[]},"aioseo_notices":[],"_links":{"self":[{"href":"https:\/\/blogsaverroes.juntadeandalucia.es\/ceipaznaitin\/wp-json\/wp\/v2\/pages\/5027"}],"collection":[{"href":"https:\/\/blogsaverroes.juntadeandalucia.es\/ceipaznaitin\/wp-json\/wp\/v2\/pages"}],"about":[{"href":"https:\/\/blogsaverroes.juntadeandalucia.es\/ceipaznaitin\/wp-json\/wp\/v2\/types\/page"}],"author":[{"embeddable":true,"href":"https:\/\/blogsaverroes.juntadeandalucia.es\/ceipaznaitin\/wp-json\/wp\/v2\/users\/2805"}],"replies":[{"embeddable":true,"href":"https:\/\/blogsaverroes.juntadeandalucia.es\/ceipaznaitin\/wp-json\/wp\/v2\/comments?post=5027"}],"version-history":[{"count":8,"href":"https:\/\/blogsaverroes.juntadeandalucia.es\/ceipaznaitin\/wp-json\/wp\/v2\/pages\/5027\/revisions"}],"predecessor-version":[{"id":5037,"href":"https:\/\/blogsaverroes.juntadeandalucia.es\/ceipaznaitin\/wp-json\/wp\/v2\/pages\/5027\/revisions\/5037"}],"wp:attachment":[{"href":"https:\/\/blogsaverroes.juntadeandalucia.es\/ceipaznaitin\/wp-json\/wp\/v2\/media?parent=5027"}],"curies":[{"name":"wp","href":"https:\/\/api.w.org\/{rel}","templated":true}]}}