{"id":5114,"date":"2018-03-05T17:31:18","date_gmt":"2018-03-05T15:31:18","guid":{"rendered":"http:\/\/blogsaverroes.juntadeandalucia.es\/ceipaznaitin\/?page_id=5114"},"modified":"2018-03-05T17:41:36","modified_gmt":"2018-03-05T15:41:36","slug":"ciencias-naturales-2o-tema-1","status":"publish","type":"page","link":"https:\/\/blogsaverroes.juntadeandalucia.es\/ceipaznaitin\/ciencias-naturales-2o-tema-1\/","title":{"rendered":"Ciencias Naturales 2\u00ba Tema 1"},"content":{"rendered":"<p><strong>Un cuerpo asombroso<\/strong><\/p>\n<p><strong>Percibimos y sentimos<\/strong><\/p>\n<p><a href=\"http:\/\/agrega.educa.madrid.org\/repositorio\/25032010\/33\/es_2009091713_6005035\/cm009_oa05_es\/index.html\" target=\"_blank\" rel=\"noopener\">LA COORDINACI\u00d3N Y EL EQUILIBRIO&#8230;<\/a><\/p>\n<p><strong>Nos movemos<\/strong><\/p>\n<p><a class=\"Estilo3\" href=\"http:\/\/www.ceiploreto.es\/sugerencias\/A_1\/Recursosdidacticos\/SEGUNDO\/datos\/03_cmedio\/03_Recursos\/actividades\/01\/act5.htm\" target=\"_blank\" rel=\"noopener\">LOS M\u00daSCULOS I<\/a><\/p>\n<p><a style=\"font-size: 14px;text-align: -webkit-center\" href=\"http:\/\/agrega.educa.madrid.org\/repositorio\/25032010\/33\/es_2009091713_6005035\/cm009_oa02_es\/index.html\" target=\"_blank\" rel=\"noopener\">LOS M\u00daSCULOS II<\/a><\/p>\n<p><a style=\"font-size: 14px;text-align: -webkit-center\" href=\"http:\/\/www.ceiploreto.es\/sugerencias\/cplosangeles.juntaextremadura.net\/web\/segundo_curso\/naturales_2\/musculatura02\/musculatura02.html\" target=\"_blank\" rel=\"noopener\">LOS M\u00daSCULOS III<\/a><\/p>\n<p><a style=\"font-size: 14px;text-align: -webkit-center\" href=\"http:\/\/primerodecarlos.com\/SEGUNDO_PRIMARIA\/SANTILLANA\/Libro_Media_Santillana_c_del_medio_segundo\/data\/ES\/RECURSOS_GENERALES\/PDI\/01\/01\/03\/010103.swf\" target=\"_blank\" rel=\"noopener\">LOS M\u00daSCULOS IV<\/a><\/p>\n<p><a style=\"font-size: 14px;text-align: -webkit-center\" href=\"http:\/\/bromera.com\/tl_files\/activitatsdigitals\/natura_2c_PF\/NATURA2-U3-A4_cas.swf\" target=\"_blank\" rel=\"noopener\">LOS M\u00daSCULOS V<\/a><\/p>\n<p><a style=\"font-size: 14px;text-align: -webkit-center\" href=\"http:\/\/www.primaria.librosvivos.net\/archivosCMS\/3\/3\/16\/usuarios\/103294\/9\/2epcmcp_cas_ud2_act1\/actividad.swf\" target=\"_blank\" rel=\"noopener\">DESCUBRO LOS HUESOS<\/a><\/p>\n<p><a class=\"Estilo3\" style=\"font-size: 14px;text-align: -webkit-center\" href=\"http:\/\/www.ceiploreto.es\/sugerencias\/A_1\/Recursosdidacticos\/SEGUNDO\/datos\/03_cmedio\/03_Recursos\/actividades\/01\/act3.htm\" target=\"_blank\" rel=\"noopener\">LOS HUESOS<\/a><\/p>\n<p><a style=\"font-size: 14px;text-align: -webkit-center\" href=\"http:\/\/agrega.educa.madrid.org\/repositorio\/25032010\/33\/es_2009091713_6005035\/cm009_oa01_es\/index.html\" target=\"_blank\" rel=\"noopener\">EL ESQUELETO<\/a><\/p>\n<p><a style=\"font-size: 14px;text-align: -webkit-center\" href=\"http:\/\/www.ceiploreto.es\/sugerencias\/cplosangeles.juntaextremadura.net\/web\/segundo_curso\/naturales_2\/esqueleto02\/esqueleto02.html\" target=\"_blank\" rel=\"noopener\">EL ESQUELETO II<\/a><\/p>\n<p><a style=\"font-size: 14px;text-align: -webkit-center\" href=\"http:\/\/primerodecarlos.com\/SEGUNDO_PRIMARIA\/septiembre\/unidad_1\/memoria.swf\" target=\"_blank\" rel=\"noopener\">EL JUEGO DE LAS PAREJAS DE HUESOS<\/a><\/p>\n<p><a style=\"font-size: 14px;text-align: -webkit-center\" href=\"http:\/\/primerodecarlos.com\/SEGUNDO_PRIMARIA\/octubre\/esqueleto.swf\" target=\"_blank\" rel=\"noopener\">ESQUELETO<\/a><\/p>\n<p><a style=\"font-size: 14px;text-align: -webkit-center\" href=\"http:\/\/bromera.com\/tl_files\/activitatsdigitals\/natura_2c_PF\/Natura2-U3-A1_cas.swf\" target=\"_blank\" rel=\"noopener\">LOS HUESOS DEL CUERPO<\/a><\/p>\n<p><a style=\"font-size: 14px;text-align: -webkit-center\" href=\"http:\/\/bromera.com\/tl_files\/activitatsdigitals\/natura_2c_PF\/NATURA2-U3-A2_cas.swf\" target=\"_blank\" rel=\"noopener\">TIPOS DE HUESOS<\/a><\/p>\n<p><a style=\"font-size: 14px;text-align: -webkit-center\" href=\"http:\/\/bromera.com\/tl_files\/activitatsdigitals\/natura_2c_PF\/Natura2-U3-A3_cas.swf\" target=\"_blank\" rel=\"noopener\">\u00bfD\u00d3NDE EST\u00c1N LOS HUESOS?<\/a><\/p>\n<p><a class=\"Estilo3\" style=\"font-size: 14px;text-align: -webkit-center\" href=\"http:\/\/www.ceiploreto.es\/sugerencias\/A_1\/Recursosdidacticos\/SEGUNDO\/datos\/03_cmedio\/03_Recursos\/actividades\/01\/act4.htm\" target=\"_blank\" rel=\"noopener\">LAS ARTICULACIONES I<\/a><\/p>\n<p><a style=\"font-size: 14px;text-align: -webkit-center\" href=\"http:\/\/agrega.educa.madrid.org\/repositorio\/25032010\/33\/es_2009091713_6005035\/cm009_oa03_es\/index.html\" target=\"_blank\" rel=\"noopener\">LAS ARTICULACIONES II<\/a><\/p>\n<p><a style=\"font-size: 14px;text-align: -webkit-center\" href=\"http:\/\/agrega.educa.madrid.org\/repositorio\/25032010\/33\/es_2009091713_6005035\/cm009_oa04_es\/index.html\" target=\"_blank\" rel=\"noopener\">LA COLUMNA VERTEBRAL<\/a><\/p>\n<p><a style=\"font-size: 14px;text-align: -webkit-center\" href=\"http:\/\/primerodecarlos.com\/SEGUNDO_PRIMARIA\/octubre\/articulaciones_3\/visor.swf\" target=\"_blank\" rel=\"noopener\">SUBRAYA LAS ARTICULACIONES<\/a><\/p>\n<p><a style=\"font-size: 14px;text-align: -webkit-center\" href=\"http:\/\/primerodecarlos.com\/SEGUNDO_PRIMARIA\/octubre\/hues_mus_art.swf\" target=\"_blank\" rel=\"noopener\">VERDADERO O FALSO<\/a><\/p>\n<p><a style=\"font-size: 14px;text-align: -webkit-center\" href=\"http:\/\/bromera.com\/tl_files\/activitatsdigitals\/natura_2c_PF\/Natura2-U3-A5_cas.swf\" target=\"_blank\" rel=\"noopener\">LAS ARTICULACIONES III<\/a><\/p>\n<p><a style=\"font-size: 14px;text-align: -webkit-center\" href=\"http:\/\/primerodecarlos.com\/SEGUNDO_PRIMARIA\/septiembre\/unidad_1\/cancion_esqueleto.swf\" target=\"_blank\" rel=\"noopener\">LA CANCI\u00d3N DE LOS HUESOS Y LOS M\u00daSCULOS<\/a><\/p>\n<p><a style=\"font-size: 14px;text-align: -webkit-center\" href=\"http:\/\/primerodecarlos.com\/SEGUNDO_PRIMARIA\/SANTILLANA\/Libro_Media_Santillana_c_del_medio_segundo\/data\/ES\/RECURSOS_GENERALES\/PDI\/01\/01\/06\/010106.swf\" target=\"_blank\" rel=\"noopener\">NUESTRO CUERPO. RESUMEN<\/a><\/p>\n<p><strong>Nos alimentamos y respiramos<\/strong><\/p>\n<p><a href=\"http:\/\/www.ceiploreto.es\/sugerencias\/A_1\/Recursosdidacticos\/SEGUNDO\/datos\/03_cmedio\/03_Recursos\/actividades\/01\/act6.htm\" target=\"_blank\" rel=\"noopener\">EL APARATO DIGESTIVO<\/a><\/p>\n<p><a style=\"font-size: 14px;text-align: -webkit-center\" href=\"http:\/\/www.ceiploreto.es\/sugerencias\/cplosangeles.juntaextremadura.net\/web\/segundo_curso\/naturales_2\/alimentacion02\/alimentacion02.html\" target=\"_blank\" rel=\"noopener\">LA ALIMENTACI\u00d3N<\/a><\/p>\n<p><a style=\"font-size: 14px;text-align: -webkit-center\" href=\"http:\/\/primerodecarlos.com\/SEGUNDO_PRIMARIA\/tengo_todo_4\/root_globalizado4\/libro\/6169\/ISBN_9788467808803\/activity\/U02_076_01_AI\/visor.swf\" target=\"_blank\" rel=\"noopener\">APRENDE<\/a><\/p>\n<p><a style=\"font-size: 14px;text-align: -webkit-center\" href=\"http:\/\/primerodecarlos.com\/SEGUNDO_PRIMARIA\/octubre\/Unidad_2\/aparato_digestivo.swf\" target=\"_blank\" rel=\"noopener\">ESCUCHA Y APRENDE<\/a><\/p>\n<p><a style=\"font-size: 14px;text-align: -webkit-center\" href=\"http:\/\/primerodecarlos.com\/SEGUNDO_PRIMARIA\/tengo_todo_4\/root_globalizado4\/libro\/6169\/ISBN_9788467808803\/activity\/U02_077_01_AI\/visor.swf\" target=\"_blank\" rel=\"noopener\">VERDADERO O FALSO<\/a><\/p>\n<p><a style=\"font-size: 14px;text-align: -webkit-center\" href=\"http:\/\/primerodecarlos.com\/SEGUNDO_PRIMARIA\/tengo_todo_4\/root_globalizado4\/libro\/6169\/ISBN_9788467808803\/activity\/U02_079_03\/visor.swf\" target=\"_blank\" rel=\"noopener\">RESUELVE EL CRUCIGRAMA<\/a><\/p>\n<p><a style=\"font-size: 14px;text-align: -webkit-center\" href=\"http:\/\/primerodecarlos.com\/SEGUNDO_PRIMARIA\/SANTILLANA\/Libro_Media_Santillana_c_del_medio_segundo\/data\/ES\/RECURSOS\/actividades\/02\/07\/010207.swf\" target=\"_blank\" rel=\"noopener\">LA BOCA, EL ES\u00d3FAGO Y EL EST\u00d3MAGO<\/a><\/p>\n<p><a style=\"font-size: 14px;text-align: -webkit-center\" href=\"http:\/\/primerodecarlos.com\/SEGUNDO_PRIMARIA\/tengo_todo_4\/root_globalizado4\/libro\/6169\/ISBN_9788467808803\/activity\/U02_077_02_AI\/visor.swf\" target=\"_blank\" rel=\"noopener\">ORDENA ESTA HISTORIA<\/a><\/p>\n<p><a style=\"font-size: 14px;text-align: -webkit-center\" href=\"http:\/\/primerodecarlos.com\/SEGUNDO_PRIMARIA\/octubre\/Unidad_2\/dientes.swf\" target=\"_blank\" rel=\"noopener\">RELACIONA<\/a><\/p>\n<p><a style=\"font-size: 14px;text-align: -webkit-center\" href=\"http:\/\/bromera.com\/tl_files\/activitatsdigitals\/natura_2c_PF\/NATURA2-U2-A7_cas.swf\" target=\"_blank\" rel=\"noopener\">EL APARATO DIGESTIVO II<\/a><\/p>\n<p><a style=\"font-size: 14px;text-align: -webkit-center\" href=\"http:\/\/bromera.com\/tl_files\/activitatsdigitals\/natura_2c_PF\/Natura2-U2-A6_cas.swf\" target=\"_blank\" rel=\"noopener\">LOS DIENTES<\/a><\/p>\n<p><a style=\"font-size: 14px;text-align: -webkit-center\" href=\"http:\/\/www.ceiploreto.es\/sugerencias\/cplosangeles.juntaextremadura.net\/web\/segundo_curso\/naturales_2\/respiracion02\/respiracion02.html\" target=\"_blank\" rel=\"noopener\">LA RESPIRACI\u00d3N<\/a><\/p>\n<p><a style=\"font-size: 14px;text-align: -webkit-center\" href=\"http:\/\/primerodecarlos.com\/SEGUNDO_PRIMARIA\/septiembre\/unidad_1\/pulmones.swf\" target=\"_blank\" rel=\"noopener\">APRENDE<\/a><\/p>\n<p><a style=\"font-size: 14px;text-align: -webkit-center\" href=\"http:\/\/primerodecarlos.com\/SEGUNDO_PRIMARIA\/octubre\/aparato_respiratorio.swf\" target=\"_blank\" rel=\"noopener\">ESCUCHA Y APRENDE<\/a><\/p>\n<p><a style=\"font-size: 14px;text-align: -webkit-center\" href=\"http:\/\/primerodecarlos.com\/SEGUNDO_PRIMARIA\/septiembre\/unidad_1\/circulatorio_respiratorio2.swf\" target=\"_blank\" rel=\"noopener\">RELACIONA Y UNE<\/a><\/p>\n<p><a style=\"font-size: 14px;text-align: -webkit-center\" href=\"http:\/\/bromera.com\/tl_files\/activitatsdigitals\/natura_2c_PF\/Natura2-U2-A1_cas.swf\" target=\"_blank\" rel=\"noopener\">LAS PARTES DEL APARATO RESPIRATORIO<\/a><\/p>\n<p><a style=\"font-size: 14px;text-align: -webkit-center\" href=\"http:\/\/bromera.com\/tl_files\/activitatsdigitals\/natura_2c_PF\/NATURA2-U2-A2_cas.swf\" target=\"_blank\" rel=\"noopener\">PALABRAS ESCONDIDAS<\/a><\/p>\n<p><a style=\"font-size: 14px;text-align: -webkit-center\" href=\"http:\/\/bromera.com\/tl_files\/activitatsdigitals\/natura_2c_PF\/NATURA2-U2-A3_cas.swf\" target=\"_blank\" rel=\"noopener\">EL AIRE QUE RESPIRAMOS<\/a><\/p>\n<p><a style=\"font-size: 14px;text-align: -webkit-center\" href=\"http:\/\/agrega2.red.es\/\/repositorio\/25012010\/19\/es_2007073113_0240300\/index.html\" target=\"_blank\" rel=\"noopener\">EL APARATO RESPIRATORIO HUMANO<\/a><\/p>\n<p><strong>Aprovechamos y desechamos<\/strong><\/p>\n<p><a href=\"http:\/\/repositorio.educa.jccm.es\/portal\/odes\/conocimiento_del_medio\/el_aparato_circulatorio_humano\/contenido\/cm02_oa01_es\/index.html\" target=\"_blank\" rel=\"noopener\">\u00d3RGANOS DEL APARATO CIRCULATORIO<\/a><\/p>\n<p><a href=\"http:\/\/agrega.juntadeandalucia.es\/repositorio\/06042010\/fc\/es-an_2010040613_9121236\/cm04_oa01_es\/index.html\" target=\"_blank\" rel=\"noopener\">\u00d3RGANOS DEL APARATO EXCRETOR<\/a><\/p>\n<p><a href=\"http:\/\/agrega2.red.es\/\/repositorio\/25012010\/7f\/es_2007073113_0240400\/cm04_oa01_es\/index.html\" target=\"_blank\" rel=\"noopener\">\u00d3RGANOS DEL APARATO EXCRETOR<\/a><\/p>\n<p><strong>Podemos tener hijos<\/strong><\/p>\n<p><a href=\"http:\/\/ares.cnice.mec.es\/ciengehi\/a\/00\/animaciones\/a_F_a00_08.html\" target=\"_blank\" rel=\"noopener\">EL CUERPO HUMANO<\/a><\/p>\n<p><a href=\"http:\/\/www.ceiploreto.es\/sugerencias\/A_1\/Recursosdidacticos\/SEGUNDO\/datos\/03_cmedio\/03_Recursos\/actividades\/01\/act2.htm\" target=\"_blank\" rel=\"noopener\">LAS PARTES DEL CUERPO<\/a><\/p>\n<p><strong>Un soplo de aire<\/strong><\/p>\n<p><a href=\"http:\/\/agrega.educa.madrid.org\/visualizador-1\/Visualizar\/Visualizar.do?idioma=es&amp;identificador=es-ma_2009101312_9140650&amp;secuencia=false\" target=\"_blank\" rel=\"noopener\">C\u00d3MO UTILIZAR LA RESPIRACI\u00d3N<\/a><\/p>\n<p><a href=\"http:\/\/agrega2.red.es\/\/repositorio\/26012010\/d2\/es-ma_2009060212_7960134\/sd19\/oa_04\/index.html\" target=\"_blank\" rel=\"noopener\">C\u00d3MO UTILIZAR LA RESPIRACI\u00d3N<\/a><\/p>\n<p><a href=\"http:\/\/www.primaria.librosvivos.net\/archivosCMS\/3\/3\/16\/usuarios\/103294\/9\/2epcmcp_ud2_act4_rep\/index.htm\" target=\"_blank\" rel=\"noopener\">REPASO<\/a><\/p>\n<p><a href=\"http:\/\/bromera.com\/tl_files\/activitatsdigitals\/natura_2c_PF\/NATURA2-U3-A10_cas.swf\" target=\"_blank\" rel=\"noopener\">\u00bfQU\u00c9 HE APRENDIDO?<\/a><\/p>\n","protected":false},"excerpt":{"rendered":"<p>Un cuerpo asombroso Percibimos y sentimos LA COORDINACI\u00d3N Y EL EQUILIBRIO&#8230; Nos movemos LOS M\u00daSCULOS I LOS M\u00daSCULOS II LOS M\u00daSCULOS III LOS M\u00daSCULOS IV LOS M\u00daSCULOS V DESCUBRO LOS HUESOS LOS HUESOS EL ESQUELETO EL ESQUELETO II EL JUEGO DE LAS PAREJAS DE HUESOS ESQUELETO LOS HUESOS DEL CUERPO TIPOS DE HUESOS \u00bfD\u00d3NDE EST\u00c1N &hellip; <\/p>\n<p><a class=\"more-link btn\" href=\"https:\/\/blogsaverroes.juntadeandalucia.es\/ceipaznaitin\/ciencias-naturales-2o-tema-1\/\">Seguir leyendo<\/a><\/p>\n","protected":false},"author":2805,"featured_media":0,"parent":0,"menu_order":0,"comment_status":"closed","ping_status":"closed","template":"","meta":{"ngg_post_thumbnail":0,"footnotes":"","_mc_calendar":[]},"aioseo_notices":[],"_links":{"self":[{"href":"https:\/\/blogsaverroes.juntadeandalucia.es\/ceipaznaitin\/wp-json\/wp\/v2\/pages\/5114"}],"collection":[{"href":"https:\/\/blogsaverroes.juntadeandalucia.es\/ceipaznaitin\/wp-json\/wp\/v2\/pages"}],"about":[{"href":"https:\/\/blogsaverroes.juntadeandalucia.es\/ceipaznaitin\/wp-json\/wp\/v2\/types\/page"}],"author":[{"embeddable":true,"href":"https:\/\/blogsaverroes.juntadeandalucia.es\/ceipaznaitin\/wp-json\/wp\/v2\/users\/2805"}],"replies":[{"embeddable":true,"href":"https:\/\/blogsaverroes.juntadeandalucia.es\/ceipaznaitin\/wp-json\/wp\/v2\/comments?post=5114"}],"version-history":[{"count":9,"href":"https:\/\/blogsaverroes.juntadeandalucia.es\/ceipaznaitin\/wp-json\/wp\/v2\/pages\/5114\/revisions"}],"predecessor-version":[{"id":5126,"href":"https:\/\/blogsaverroes.juntadeandalucia.es\/ceipaznaitin\/wp-json\/wp\/v2\/pages\/5114\/revisions\/5126"}],"wp:attachment":[{"href":"https:\/\/blogsaverroes.juntadeandalucia.es\/ceipaznaitin\/wp-json\/wp\/v2\/media?parent=5114"}],"curies":[{"name":"wp","href":"https:\/\/api.w.org\/{rel}","templated":true}]}}