{"id":5244,"date":"2018-03-07T18:46:54","date_gmt":"2018-03-07T16:46:54","guid":{"rendered":"http:\/\/blogsaverroes.juntadeandalucia.es\/ceipaznaitin\/?page_id=5244"},"modified":"2018-03-07T19:13:47","modified_gmt":"2018-03-07T17:13:47","slug":"matematicas-3o-tema-1","status":"publish","type":"page","link":"https:\/\/blogsaverroes.juntadeandalucia.es\/ceipaznaitin\/matematicas-3o-tema-1\/","title":{"rendered":"Matem\u00e1ticas 3\u00ba Tema 1"},"content":{"rendered":"<p><strong>N\u00fameros de hasta cinco cifras<\/strong><\/p>\n<p><strong>Contenidos previos<\/strong><\/p>\n<p><a href=\"http:\/\/www.genmagic.net\/mates2\/or1c.swf\" target=\"_blank\" rel=\"noopener\">OBSERVA Y RECUERDA: ACTIVIDAD 1<\/a><\/p>\n<p><a style=\"font-size: 14px;line-height: 22.4px;text-align: -webkit-center\" href=\"http:\/\/www.ceipjuanherreraalcausa.es\/Recursosdidacticos\/ANAYA%20DIGITAL\/TERCERO\/Matematicas\/01_016nn_ani\/\" target=\"_blank\" rel=\"noopener\">UNIDADES, DECENAS Y CENTENAS<\/a><\/p>\n<p><a style=\"font-size: 14px;line-height: 22.4px;text-align: -webkit-center\" href=\"http:\/\/www.ceipjuanherreraalcausa.es\/Recursosdidacticos\/ANAYA%20DIGITAL\/TERCERO\/Matematicas\/01_018nn_ani\/\" target=\"_blank\" rel=\"noopener\">DESCOMPOSICI\u00d3N DE N\u00daMEROS<\/a><\/p>\n<p><a style=\"font-size: 14px;line-height: 22.4px;text-align: -webkit-center\" href=\"http:\/\/www.polavide.es\/rec_polavide0708\/edilim\/numeros1\/Jugar_numeros.html\" target=\"_blank\" rel=\"noopener\">JUGAR CON LOS N\u00daMEROS DE TRES CIFRAS<\/a><\/p>\n<p><a style=\"font-size: 14px;line-height: 22.4px;text-align: -webkit-center\" href=\"http:\/\/www.educa.jcyl.es\/educacyl\/cm\/zonaalumnos\/tkPopUp?pgseed=1168680284241&amp;idContent=20738&amp;locale=es_ES&amp;textOnly=false\" target=\"_blank\" rel=\"noopener\">\u00bfSUBES O BAJAS?<\/a><\/p>\n<p><a style=\"font-size: 14px;line-height: 22.4px;text-align: -webkit-center\" href=\"http:\/\/www.educa.jcyl.es\/educacyl\/cm\/zonaalumnos\/tkPopUp?pgseed=1168680284241&amp;idContent=20739&amp;locale=es_ES&amp;textOnly=false\" target=\"_blank\" rel=\"noopener\">DICTADO NUM\u00c9RICO<\/a><\/p>\n<p><a style=\"font-size: 14px;line-height: 22.4px;text-align: -webkit-center\" href=\"http:\/\/www.ceiploreto.es\/sugerencias\/cplosangeles.juntaextremadura.net\/web\/curso_3\/matematicas\/numeros_tres_3\/numeros_tres_3.html\" target=\"_blank\" rel=\"noopener\">LOS N\u00daMEROS DE TRES CIFRAS<\/a><\/p>\n<p><a style=\"font-size: 14px;line-height: 22.4px\" href=\"http:\/\/www.ceiploreto.es\/sugerencias\/ecuador\/matematicas\/3_numeros_hasta_999\/index.html\" target=\"_blank\" rel=\"noopener\">N\u00daMEROS HASTA EL 999<\/a><\/p>\n<p><a style=\"font-size: 14px;line-height: 22.4px;text-align: -webkit-center\" href=\"http:\/\/www.genmagic.org\/repositorio\/albums\/userpics\/psgp3c.swf\" target=\"_blank\" rel=\"noopener\">PARES, IMPARES, GRANDES, PEQUE\u00d1OS&#8230;<\/a><\/p>\n<p><a style=\"font-size: 14px;line-height: 22.4px\" href=\"http:\/\/www.genmagic.org\/repositorio\/albums\/userpics\/esnum3c.swf\" target=\"_blank\" rel=\"noopener\">REPRESENTACI\u00d3N GR\u00c1FICA DE UNIDAD, DECENA, CENTENA<\/a><\/p>\n<p><a style=\"font-size: 14px;line-height: 22.4px\" href=\"http:\/\/www.genmagic.org\/repositorio\/albums\/userpics\/esbrinumc.swf\" target=\"_blank\" rel=\"noopener\">DESCUBRE EL N\u00daMERO<\/a><\/p>\n<p><a href=\"http:\/\/clic.xtec.cat\/db\/jclicApplet.jsp?project=http:\/\/clic.xtec.cat\/projects\/numerac2\/jclic\/numerac2.jclic.zip&amp;lang=es&amp;title=Numeraci%F3n+en+primaria\" target=\"_blank\" rel=\"noopener\">N\u00fameros hasta el 999<\/a><br \/>\n<a href=\"http:\/\/clic.xtec.cat\/db\/jclicApplet.jsp?project=http:\/\/clic.xtec.cat\/projects\/numerit\/jclic\/numerit.jclic.zip&amp;lang=es&amp;title=Numeritos\" target=\"_blank\" rel=\"noopener\">Numeritos<\/a><br \/>\n<a href=\"http:\/\/clic.xtec.cat\/db\/jclicApplet.jsp?project=http:\/\/clic.xtec.cat\/projects\/clicmate\/jclic\/clicmate.jclic.zip&amp;lang=es&amp;title=Activitats+de+numeraci%C3%B3+per+al+cicle+inicial+de+prim%C3%A0ria\" target=\"_blank\" rel=\"noopener\">Actividades de numeraci\u00f3n<\/a><br \/>\n<a href=\"http:\/\/clic.xtec.cat\/db\/jclicApplet.jsp?project=http:\/\/clic.xtec.cat\/projects\/numerac\/jclic\/numerac.jclic.zip&amp;lang=es&amp;title=Numeraci%F3n\" target=\"_blank\" rel=\"noopener\">Numeraci\u00f3n I<\/a><br \/>\n<a href=\"http:\/\/clic.xtec.cat\/db\/jclicApplet.jsp?project=http:\/\/clic.xtec.cat\/projects\/numeros4\/jclic\/numeros4.jclic.zip&amp;lang=es&amp;title=N%C3%BAmeros+-+4\" target=\"_blank\" rel=\"noopener\">Numeraci\u00f3n II<\/a><\/p>\n<p><strong>N\u00fameros de cuatro cifras<\/strong><\/p>\n<p><a href=\"http:\/\/calasanz.edu.gva.es\/7_ejercicios\/matematicas\/mate3pri\/1_numeracion07.html\" target=\"_blank\" rel=\"noopener\">EL MILLAR<\/a><\/p>\n<p><a style=\"font-size: 14px;line-height: 22.4px;text-align: -webkit-center\" href=\"http:\/\/www.genmagic.net\/mates1\/animmat1c.swf\" target=\"_blank\" rel=\"noopener\">NUMERACI\u00d3N: NIVEL 2<\/a><\/p>\n<p><a style=\"font-size: 14px;line-height: 22.4px;text-align: -webkit-center\" href=\"http:\/\/www.ceiploreto.es\/sugerencias\/juntadeandalucia\/Estrategias_numeracion\/etiquetas.swf\" target=\"_blank\" rel=\"noopener\">JUGAMOS CON LAS ETIQUETAS<\/a><\/p>\n<p><a style=\"font-size: 14px;line-height: 22.4px;text-align: -webkit-center\" href=\"http:\/\/www.ceiploreto.es\/sugerencias\/juntadeandalucia\/Estrategias_numeracion\/bolasabaco.swf\" target=\"_blank\" rel=\"noopener\">REPRESENTAMOS EN EL \u00c1BACO<\/a><\/p>\n<p><a style=\"font-size: 14px;line-height: 22.4px;text-align: -webkit-center\" href=\"http:\/\/www.genmagic.net\/mates4\/sermat1c.swf\" target=\"_blank\" rel=\"noopener\">ESCRIBE LOS N\u00daMEROS<\/a><\/p>\n<p><a style=\"font-size: 14px;line-height: 22.4px;text-align: -webkit-center\" href=\"http:\/\/genmagic.net\/repositorio\/displayimage.php?pos=-84\" target=\"_blank\" rel=\"noopener\">UNIDADES, DECENAS, CENTENAS&#8230;<\/a><\/p>\n<p><a style=\"font-size: 14px;line-height: 22.4px;text-align: -webkit-center\" href=\"http:\/\/2633518-0.web-hosting.es\/blog\/manipulables\/numeracion\/abaco4.swf\" target=\"_blank\" rel=\"noopener\">\u00c1BACO DE 4 \u00d3RDENES<\/a><\/p>\n<p><a style=\"font-size: 14px;line-height: 22.4px\" href=\"http:\/\/www.ceiploreto.es\/sugerencias\/ecuador\/matematicas\/4_composicion_y_descomposicion\/index.html\" target=\"_blank\" rel=\"noopener\">COMPOSICI\u00d3N Y DESCOMPOSICI\u00d3N<\/a><\/p>\n<p><a style=\"font-size: 14px;line-height: 22.4px;text-align: -webkit-center\" href=\"http:\/\/www.cercifaf.org.pt\/mosaico.edu\/ca\/numeros.html\" target=\"_blank\" rel=\"noopener\">N\u00daMEROS<\/a><\/p>\n<p><a style=\"font-size: 14px;line-height: 22.4px;text-align: -webkit-center\" href=\"http:\/\/bromera.com\/tl_files\/activitatsdigitals\/Capicua_3c_PF\/cas_C3_u01_08_2_numeracio.swf\" target=\"_blank\" rel=\"noopener\">REPRESENTA EN CIFRAS Y EN EL \u00c1BACO I<\/a><\/p>\n<p><a style=\"font-size: 14px;line-height: 22.4px;text-align: -webkit-center\" href=\"http:\/\/bromera.com\/tl_files\/activitatsdigitals\/Capicua_3c_PF\/cas_C3_u04_51_4_numeracio.swf\" target=\"_blank\" rel=\"noopener\">REPRESENTA EN CIFRAS Y EN EL \u00c1BACO II<\/a><\/p>\n<p><a style=\"font-size: 14px;line-height: 22.4px\" href=\"http:\/\/www.ceiploreto.es\/sugerencias\/cplosangeles.juntaextremadura.net\/web\/curso_3\/matematicas\/numeros_cuatro_3\/numeros_cuatro_3.html\" target=\"_blank\" rel=\"noopener\">LOS N\u00daMEROS DE CUATRO CIFRAS<\/a><\/p>\n<p><a style=\"font-size: 14px;line-height: 22.4px\" href=\"http:\/\/www.genmagic.org\/repositorio\/albums\/userpics\/numgran1c.swf\" target=\"_blank\" rel=\"noopener\">EL N\u00daMERO M\u00c1S GRANDE DE CUATRO CIFRAS<\/a><\/p>\n<p><a href=\"http:\/\/clic.xtec.cat\/db\/jclicApplet.jsp?project=http:\/\/clic.xtec.cat\/projects\/numerac2\/jclic\/numerac2.jclic.zip&amp;lang=es&amp;title=Numeraci%F3n+en+primaria\" target=\"_blank\" rel=\"noopener\">N\u00fameros hasta el 9.999<\/a><br \/>\n<a href=\"http:\/\/clic.xtec.cat\/db\/jclicApplet.jsp?project=http:\/\/clic.xtec.cat\/projects\/mat2ciclo\/jclic\/mat2ciclo.jclic.zip&amp;lang=es&amp;title=Mat-2c\" target=\"_blank\" rel=\"noopener\">Numeraci\u00f3n I<\/a><br \/>\n<a href=\"http:\/\/clic.xtec.cat\/db\/jclicApplet.jsp?project=http:\/\/clic.xtec.cat\/projects\/numerac\/jclic\/numerac.jclic.zip&amp;lang=es&amp;title=Numeraci%F3n\" target=\"_blank\" rel=\"noopener\">Numeraci\u00f3n II<\/a><br \/>\n<a href=\"http:\/\/clic.xtec.cat\/db\/jclicApplet.jsp?project=http:\/\/clic.xtec.cat\/projects\/numeros4\/jclic\/numeros4.jclic.zip&amp;lang=es&amp;title=N%C3%BAmeros+-+4\" target=\"_blank\" rel=\"noopener\">Numeraci\u00f3n III<\/a><\/p>\n<p><strong>N\u00fameros de cinco cifras<\/strong><\/p>\n<p><a href=\"http:\/\/www.genmagic.net\/mates1\/animmat1c.swf\" target=\"_blank\" rel=\"noopener\">NUMERACI\u00d3N: NIVEL 3<\/a><\/p>\n<p><a style=\"font-size: 14px;line-height: 22.4px;text-align: -webkit-center\" href=\"http:\/\/www.ceiploreto.es\/sugerencias\/A_1\/Recursosdidacticos\/TERCERO\/datos\/03_mates\/U01\/04.htm\" target=\"_blank\" rel=\"noopener\">LECTURA Y ESCRITURA<\/a><\/p>\n<p><a style=\"font-size: 14px;line-height: 22.4px;text-align: -webkit-center\" href=\"http:\/\/www.ceiploreto.es\/sugerencias\/A_1\/Recursosdidacticos\/TERCERO\/datos\/03_mates\/U01\/05.htm\" target=\"_blank\" rel=\"noopener\">DESCOMPOSICI\u00d3N<\/a><\/p>\n<p><a style=\"font-size: 14px;line-height: 22.4px;text-align: -webkit-center\" href=\"http:\/\/cerezo.pntic.mec.es\/maria8\/bimates\/numeracion\/index.html\" target=\"_blank\" rel=\"noopener\">NUMERACI\u00d3N<\/a>(Visualiza antes esta&nbsp;<a href=\"http:\/\/www.ceiploreto.es\/sugerencias\/bimates\/observaciones.jpg\" target=\"_blank\" rel=\"noopener\">IMAGEN<\/a>)<\/p>\n<p><a style=\"font-size: 14px;line-height: 22.4px;text-align: -webkit-center\" href=\"http:\/\/www.educa.jcyl.es\/educacyl\/cm\/zonaalumnos\/tkPopUp?pgseed=1168680284241&amp;idContent=20739&amp;locale=es_ES&amp;textOnly=false\" target=\"_blank\" rel=\"noopener\">DICTADO NUM\u00c9RICO<\/a><\/p>\n<p><a style=\"font-size: 14px;line-height: 22.4px;text-align: -webkit-center\" href=\"http:\/\/www.ceiploreto.es\/sugerencias\/cplosangeles.juntaextremadura.net\/web\/curso_3\/matematicas\/numeros_cinco_3\/numeros_cinco_3.html\" target=\"_blank\" rel=\"noopener\">LOS N\u00daMEROS DE CINCO CIFRAS<\/a><\/p>\n<p><a style=\"font-size: 14px;line-height: 22.4px;text-align: -webkit-center\" href=\"http:\/\/www.ceipjuanherreraalcausa.es\/Recursosdidacticos\/ANAYA%20DIGITAL\/TERCERO\/Matematicas\/01_020n_ani\/\" target=\"_blank\" rel=\"noopener\">LOS N\u00daMEROS DE 4 Y 5 CIFRAS III<\/a><\/p>\n<p><a style=\"font-size: 14px;line-height: 22.4px;text-align: -webkit-center\" href=\"http:\/\/www.testeando.es\/test.asp?idA=65&amp;idT=sblvsndh\" target=\"_blank\" rel=\"noopener\">TEST: N\u00daMEROS DE 3, 4 Y 5 CIFRAS<\/a><\/p>\n<p><a style=\"font-size: 14px;line-height: 22.4px;text-align: -webkit-center\" href=\"http:\/\/bromera.com\/tl_files\/activitatsdigitals\/Capicua_3c_PF\/cas_C3_u09_08_4_numeracio.swf\" target=\"_blank\" rel=\"noopener\">REPRESENTA EN CIFRAS Y EN EL \u00c1BACO<\/a><\/p>\n<p><strong>Comparaci\u00f3n de n\u00fameros<\/strong><\/p>\n<p><a class=\"Estilo2\" href=\"http:\/\/calasanz.edu.gva.es\/7_ejercicios\/matematicas\/mate3pri\/2_05numeracion.html\" target=\"_blank\" rel=\"noopener\">ORDENA DE MENOR A MAYOR<\/a><\/p>\n<p><a style=\"font-size: 14px;line-height: 22.4px;text-align: -webkit-center\" href=\"http:\/\/www.ceiploreto.es\/sugerencias\/vindel\/numeracion.swf\" target=\"_blank\" rel=\"noopener\">NUMERACI\u00d3N CON N\u00daMEROS NATURALES<\/a><\/p>\n<p><a style=\"font-size: 14px;line-height: 22.4px;text-align: -webkit-center\" href=\"http:\/\/bromera.com\/tl_files\/activitatsdigitals\/Capicua_3c_PF\/cas_C3_u01_08_2_ordenaNombres.swf\" target=\"_blank\" rel=\"noopener\">ORDENA LOS N\u00daMEROS DE MENOR A MAYOR I<\/a><\/p>\n<p><a style=\"font-size: 14px;line-height: 22.4px;text-align: -webkit-center\" href=\"http:\/\/bromera.com\/tl_files\/activitatsdigitals\/Capicua_3c_PF\/cas_C3_u04_52_3_ordenaNombres.swf\" target=\"_blank\" rel=\"noopener\">ORDENA LOS N\u00daMEROS DE MENOR A MAYOR II<\/a><\/p>\n<p><a style=\"font-size: 14px;line-height: 22.4px;text-align: -webkit-center\" href=\"http:\/\/bromera.com\/tl_files\/activitatsdigitals\/Capicua_3c_PF\/cas_C3_u09_09_6_ordenaNombres.swf\" target=\"_blank\" rel=\"noopener\">ORDENA LOS N\u00daMEROS DE MENOR A MAYOR III<\/a><\/p>\n<p><strong>Aproximaci\u00f3n de n\u00fameros a las centenas<\/strong><\/p>\n<p><a href=\"http:\/\/www.ceiploreto.es\/sugerencias\/agrega\/Aproximacion_en_el_calculo\/contenido\/ma001_oa01_es\/index.html\" target=\"_blank\" rel=\"noopener\">REDONDEO A LA CENTENA<\/a><\/p>\n<p><a href=\"http:\/\/www.ceiploreto.es\/sugerencias\/A_1\/Recursosdidacticos\/TERCERO\/datos\/03_mates\/U01\/06.htm\" target=\"_blank\" rel=\"noopener\">APROXIMACI\u00d3N<\/a><\/p>\n<p><strong>N\u00fameros ordinales (30\u00ba)<\/strong><\/p>\n<p><a href=\"http:\/\/calasanz.edu.gva.es\/7_ejercicios\/matematicas\/mate3pri\/2_06numeracion.html\" target=\"_blank\" rel=\"noopener\">N\u00daMEROS ORDINALES<\/a><\/p>\n<p><a style=\"font-size: 14px;line-height: 22.4px;text-align: -webkit-center\" href=\"http:\/\/calasanz.edu.gva.es\/7_ejercicios\/matematicas\/mate3pri\/1_numeracion05.html\" target=\"_blank\" rel=\"noopener\">LEE Y RELACIONA<\/a><\/p>\n<p><a style=\"font-size: 14px;line-height: 22.4px;text-align: -webkit-center\" href=\"http:\/\/www.polavide.es\/rec_polavide0708\/edilim\/ordinales\/ordinales.html\" target=\"_blank\" rel=\"noopener\">NUMERACI\u00d3N ORDINAL<\/a><\/p>\n<p><a style=\"font-size: 14px;line-height: 22.4px;text-align: -webkit-center\" href=\"http:\/\/www.genmagic.org\/repositorio\/albums\/userpics\/primseg1c.swf\" target=\"_blank\" rel=\"noopener\">1\u00ba &#8211; 2\u00ba &#8211; 3\u00ba&#8230; N\u00daMEROS ORDINALES<\/a><\/p>\n<p><a style=\"font-size: 14px;line-height: 22.4px\" href=\"http:\/\/www.ceiploreto.es\/sugerencias\/ecuador\/matematicas\/3_numeros_ordinales_1_20\/index.html\" target=\"_blank\" rel=\"noopener\">N\u00daMEROS ORDINALES II<\/a><\/p>\n<p><a style=\"font-size: 14px;line-height: 22.4px;text-align: -webkit-center\" href=\"http:\/\/www.ceipjuanherreraalcausa.es\/Recursosdidacticos\/ANAYA%20DIGITAL\/TERCERO\/Matematicas\/01_026_01ani\/\" target=\"_blank\" rel=\"noopener\">N\u00daMEROS ORDINALES III<\/a><\/p>\n<p><a style=\"font-size: 14px;line-height: 22.4px;text-align: -webkit-center\" href=\"http:\/\/www.testeando.es\/test.asp?idA=65&amp;idT=tkuwavlq\" target=\"_blank\" rel=\"noopener\">TEST: N\u00daMEROS ORDINALES<\/a><\/p>\n<p><a style=\"font-size: 14px;line-height: 22.4px;text-align: -webkit-center\" href=\"http:\/\/www.ceiploreto.es\/sugerencias\/tic2.sepdf.gob.mx\/scorm\/oas\/mat\/tercero\/44\/intro.swf\" target=\"_blank\" rel=\"noopener\">\u00bfQU\u00c9 LUGAR OCUPA?<\/a><\/p>\n<p><a style=\"font-size: 14px;line-height: 22.4px\" href=\"http:\/\/www.ceiploreto.es\/sugerencias\/cplosangeles.juntaextremadura.net\/web\/curso_3\/matematicas\/numeros_ordinales_3\/numeros_ordinales_3.html\" target=\"_blank\" rel=\"noopener\">N\u00daMEROS ORDINALES IV<\/a><\/p>\n<p><strong>N\u00fameros romanos<\/strong><\/p>\n<p><a class=\"Estilo2\" href=\"http:\/\/www.eltanquematematico.es\/todo_mate\/actividades5\/tema1_P5\/tema1_pr5_p.html\" target=\"_blank\" rel=\"noopener\">ESCRIBIMOS EL VALOR DE LOS N\u00daMEROS ROMANOS<\/a><\/p>\n<p><a style=\"font-size: 14px;line-height: 22.4px;text-align: -webkit-center\" href=\"http:\/\/genmagic.org\/mates3\/nro1c.swf\" target=\"_blank\" rel=\"noopener\">LA NUMERACI\u00d3N ROMANA<\/a><\/p>\n<p><a style=\"font-size: 14px;line-height: 22.4px;text-align: -webkit-center\" href=\"http:\/\/www.primaria.librosvivos.net\/archivosCMS\/3\/3\/16\/usuarios\/103294\/9\/4EP_mat_ud2_ai01\/frame_prim.swf\" target=\"_blank\" rel=\"noopener\">LOS N\u00daMEROS ROMANOS I<\/a><\/p>\n<p><a style=\"font-size: 14px;line-height: 22.4px;text-align: -webkit-center\" href=\"http:\/\/ares.cnice.mec.es\/matematicasep\/colegio\/romanos.html\" target=\"_blank\" rel=\"noopener\">LOS N\u00daMEROS ROMANOS II<\/a><\/p>\n<p><a style=\"font-size: 14px;line-height: 22.4px;text-align: -webkit-center\" href=\"http:\/\/www.ceiploreto.es\/sugerencias\/A_1\/Recursosdidacticos\/CUARTO\/datos\/01_Mates\/datos\/05_rdi\/U01\/02.htm\" target=\"_blank\" rel=\"noopener\">LOS N\u00daMEROS ROMANOS III<\/a><\/p>\n<p><a style=\"font-size: 14px;line-height: 22.4px;text-align: -webkit-center\" href=\"http:\/\/www.ceiploreto.es\/sugerencias\/cplosangeles.juntaextremadura.net\/web\/curso_3\/matematicas\/numeros_romanos_3\/numeros_romanos_3.html\" target=\"_blank\" rel=\"noopener\">N\u00daMEROS ROMANOS I<\/a><\/p>\n<p><a style=\"font-size: 14px;line-height: 22.4px;text-align: -webkit-center\" href=\"http:\/\/www.ceipjuanherreraalcausa.es\/Recursosdidacticos\/ANAYA%20DIGITAL\/CUARTO\/Matematicas\/01_019_01\/\" target=\"_blank\" rel=\"noopener\">N\u00daMEROS ROMANOS II<\/a><\/p>\n<p><a style=\"font-size: 14px;line-height: 22.4px;text-align: -webkit-center\" href=\"http:\/\/www.testeando.es\/test.asp?idA=66&amp;idT=muvxtfnj\" target=\"_blank\" rel=\"noopener\">TEST: LOS N\u00daMEROS ROMANOS<\/a><\/p>\n<p><a style=\"font-size: 14px;line-height: 22.4px;text-align: -webkit-center\" href=\"http:\/\/bromera.com\/tl_files\/activitatsdigitals\/Capicua_4c_PF\/cas_C4_u10_24_3_xifresRomanes.swf\" target=\"_blank\" rel=\"noopener\">CONVIERTE A N\u00daMEROS ROMANOS<\/a><\/p>\n<p><a href=\"http:\/\/clic.xtec.cat\/db\/jclicApplet.jsp?project=http:\/\/clic.xtec.cat\/projects\/romanos2\/jclic\/romanos2.jclic.zip&amp;lang=es&amp;title=N%FAmeros+romanos\" target=\"_blank\" rel=\"noopener\">N\u00fameros romanos I<\/a><br \/>\n<a href=\"http:\/\/clic.xtec.cat\/db\/jclicApplet.jsp?project=http:\/\/clic.xtec.cat\/projects\/romanos\/jclic\/romanos.jclic.zip&amp;lang=es&amp;title=Numeraci%F3n+romana\" target=\"_blank\" rel=\"noopener\">N\u00fameros romanos II<\/a><a href=\"http:\/\/clic.xtec.cat\/db\/jclicApplet.jsp?project=http:\/\/clic.xtec.cat\/projects\/romanos\/jclic\/romanos.jclic.zip&amp;lang=es\" target=\"_blank\" rel=\"noopener\"><br \/>\n<\/a><a href=\"http:\/\/clic.xtec.cat\/db\/jclicApplet.jsp?project=http:\/\/clic.xtec.cat\/projects\/mat2ciclo\/jclic\/mat2ciclo.jclic.zip&amp;lang=es&amp;title=Mat-2c\" target=\"_blank\" rel=\"noopener\">N\u00fameros romanos III<\/a><br \/>\n<a href=\"http:\/\/www.clarionweb.es\/4_curso\/matematicas\/mat_402a.htm\" target=\"_blank\" rel=\"noopener\">N\u00fameros romanos IV<\/a><\/p>\n<p><strong>\u00a1Sin problemas!<\/strong><\/p>\n<p><a href=\"http:\/\/www.primaria.librosvivos.net\/archivosCMS\/3\/3\/16\/usuarios\/103294\/9\/3EP_mat_ud2_02_cas\/frame_prim.swf\" target=\"_blank\" rel=\"noopener\">ENTENDER BIEN EL ENUNCIADO<\/a><\/p>\n<p><a href=\"http:\/\/2633518-0.web-hosting.es\/blog\/manipulables\/numeracion\/diana.swf\" target=\"_blank\" rel=\"noopener\">DIANA DE SUMAS<\/a><\/p>\n<p><strong>Sumar y restar 10 a un n\u00famero de dos o tres cifras. Sumar 100<\/strong><\/p>\n<p><a href=\"http:\/\/www.eltanquematematico.es\/operatoria1\/operatoria_1_p.html\" target=\"_blank\" rel=\"noopener\">1.- SUMA 10 A N\u00daMEROS DE DOS CIFRAS<\/a><\/p>\n<p><a style=\"font-size: 14px;line-height: 22.4px;text-align: -webkit-center\" href=\"http:\/\/bromera.com\/tl_files\/activitatsdigitals\/Capicua_3c_PF\/cas_C3_u02_27_1_calculMental_rapid.swf\" target=\"_blank\" rel=\"noopener\">COMPLETA TODAS LAS OPERACIONES<\/a><\/p>\n<p><a style=\"font-size: 14px;line-height: 22.4px;text-align: -webkit-center\" href=\"http:\/\/www.polavide.es\/rec_polavide0708\/edilim\/sumarrestar10\/calcular.html\" target=\"_blank\" rel=\"noopener\">SUMAR &#8211; RESTAR 10<\/a><\/p>\n<p><a style=\"font-size: 14px;line-height: 22.4px;text-align: -webkit-center\" href=\"http:\/\/www.eltanquematematico.es\/juegosparapensar5\/juegosparapensar_5_p.html\" target=\"_blank\" rel=\"noopener\">SUMAR 100 A UN N\u00daMERO DE TRES CIFRAS<\/a><\/p>\n<p><a style=\"font-size: 14px;line-height: 22.4px;text-align: -webkit-center\" href=\"http:\/\/bromera.com\/tl_files\/activitatsdigitals\/Capicua_3c_PF\/cas_C3_u01_10_3_continuaSeries.swf\" target=\"_blank\" rel=\"noopener\">CONTIN\u00daA LAS SERIES<\/a><\/p>\n<p><a href=\"http:\/\/www.primaria.librosvivos.net\/actividades\/flashActividadesPrimariaPub\/examen.swf?idejecucion=1576\" target=\"_blank\" rel=\"noopener\">AUTOEVALUACI\u00d3N DE LA UNIDAD<\/a><\/p>\n<p><a href=\"http:\/\/www.clarionweb.es\/3_curso\/matematicas\/mate302\/mate_302.htm\" target=\"_blank\" rel=\"noopener\">Repaso la Unidad I<\/a><br \/>\n<a href=\"http:\/\/www.clarionweb.es\/3_curso\/matematicas\/mate303\/mate_303.htm\" target=\"_blank\" rel=\"noopener\">Repaso la Unidad II<\/a><\/p>\n","protected":false},"excerpt":{"rendered":"<p>N\u00fameros de hasta cinco cifras Contenidos previos OBSERVA Y RECUERDA: ACTIVIDAD 1 UNIDADES, DECENAS Y CENTENAS DESCOMPOSICI\u00d3N DE N\u00daMEROS JUGAR CON LOS N\u00daMEROS DE TRES CIFRAS \u00bfSUBES O BAJAS? DICTADO NUM\u00c9RICO LOS N\u00daMEROS DE TRES CIFRAS N\u00daMEROS HASTA EL 999 PARES, IMPARES, GRANDES, PEQUE\u00d1OS&#8230; REPRESENTACI\u00d3N GR\u00c1FICA DE UNIDAD, DECENA, CENTENA DESCUBRE EL N\u00daMERO N\u00fameros hasta &hellip; <\/p>\n<p><a class=\"more-link btn\" href=\"https:\/\/blogsaverroes.juntadeandalucia.es\/ceipaznaitin\/matematicas-3o-tema-1\/\">Seguir leyendo<\/a><\/p>\n","protected":false},"author":2805,"featured_media":0,"parent":0,"menu_order":0,"comment_status":"closed","ping_status":"closed","template":"","meta":{"ngg_post_thumbnail":0,"footnotes":"","_mc_calendar":[]},"aioseo_notices":[],"_links":{"self":[{"href":"https:\/\/blogsaverroes.juntadeandalucia.es\/ceipaznaitin\/wp-json\/wp\/v2\/pages\/5244"}],"collection":[{"href":"https:\/\/blogsaverroes.juntadeandalucia.es\/ceipaznaitin\/wp-json\/wp\/v2\/pages"}],"about":[{"href":"https:\/\/blogsaverroes.juntadeandalucia.es\/ceipaznaitin\/wp-json\/wp\/v2\/types\/page"}],"author":[{"embeddable":true,"href":"https:\/\/blogsaverroes.juntadeandalucia.es\/ceipaznaitin\/wp-json\/wp\/v2\/users\/2805"}],"replies":[{"embeddable":true,"href":"https:\/\/blogsaverroes.juntadeandalucia.es\/ceipaznaitin\/wp-json\/wp\/v2\/comments?post=5244"}],"version-history":[{"count":14,"href":"https:\/\/blogsaverroes.juntadeandalucia.es\/ceipaznaitin\/wp-json\/wp\/v2\/pages\/5244\/revisions"}],"predecessor-version":[{"id":5260,"href":"https:\/\/blogsaverroes.juntadeandalucia.es\/ceipaznaitin\/wp-json\/wp\/v2\/pages\/5244\/revisions\/5260"}],"wp:attachment":[{"href":"https:\/\/blogsaverroes.juntadeandalucia.es\/ceipaznaitin\/wp-json\/wp\/v2\/media?parent=5244"}],"curies":[{"name":"wp","href":"https:\/\/api.w.org\/{rel}","templated":true}]}}