{"id":5261,"date":"2018-03-07T19:14:34","date_gmt":"2018-03-07T17:14:34","guid":{"rendered":"http:\/\/blogsaverroes.juntadeandalucia.es\/ceipaznaitin\/?page_id=5261"},"modified":"2018-03-07T19:33:53","modified_gmt":"2018-03-07T17:33:53","slug":"matematicas-3o-tema-2","status":"publish","type":"page","link":"https:\/\/blogsaverroes.juntadeandalucia.es\/ceipaznaitin\/matematicas-3o-tema-2\/","title":{"rendered":"Matem\u00e1ticas 3\u00ba Tema 2"},"content":{"rendered":"<p><strong>Suma y resta<\/strong><\/p>\n<p><strong>Contenidos previos<\/strong><\/p>\n<p><a href=\"http:\/\/www.crienaturavila.com\/crie_httpdocs\/mate\/suma04.html\" target=\"_blank\" rel=\"noopener\">SUMAS DE N\u00daMEROS NATURALES I<\/a><\/p>\n<p><a style=\"font-size: 14px;line-height: 22.4px;text-align: -webkit-center\" href=\"http:\/\/www.crienaturavila.com\/crie_httpdocs\/mate\/suma05.html\" target=\"_blank\" rel=\"noopener\">SUMAS DE N\u00daMEROS NATURALES II<\/a><\/p>\n<p><a style=\"font-size: 14px;line-height: 22.4px;text-align: -webkit-center\" href=\"http:\/\/bromera.com\/tl_files\/activitatsdigitals\/capicua_2c_PF\/CAPICUA2-U4-PAG55-CAS.swf\" target=\"_blank\" rel=\"noopener\">PINTA CON N\u00daMEROS<\/a><\/p>\n<p><a style=\"font-size: 14px;line-height: 22.4px;text-align: -webkit-center\" href=\"http:\/\/regletas.joseantoniocuadrado.com\/portada.swf\" target=\"_blank\" rel=\"noopener\">\u00c1BACOS: SUMAR (3 CIFRAS)<\/a><\/p>\n<p><a style=\"font-size: 14px;line-height: 22.4px;text-align: -webkit-center\" href=\"http:\/\/www.crienaturavila.com\/crie_httpdocs\/mate\/resta04.html\" target=\"_blank\" rel=\"noopener\">RESTAS DE N\u00daMEROS NATURALES I<\/a><\/p>\n<p><a style=\"font-size: 14px;line-height: 22.4px;text-align: -webkit-center\" href=\"http:\/\/www.crienaturavila.com\/crie_httpdocs\/mate\/resta05.html\" target=\"_blank\" rel=\"noopener\">RESTAS DE N\u00daMEROS NATURALES II<\/a><\/p>\n<p><a style=\"font-size: 14px;line-height: 22.4px;text-align: -webkit-center\" href=\"http:\/\/regletas.joseantoniocuadrado.com\/portada.swf\" target=\"_blank\" rel=\"noopener\">\u00c1BACOS: RESTAR (3 CIFRAS)<\/a><\/p>\n<p><strong>Suma<\/strong><\/p>\n<p><a href=\"http:\/\/www.primaria.librosvivos.net\/archivosCMS\/3\/3\/16\/usuarios\/103294\/9\/3EP_mat_ud3_ai01\/frame_prim.swf\" target=\"_blank\" rel=\"noopener\">LA SUMA CON LLEVADAS<\/a><\/p>\n<p><a style=\"font-size: 14px;line-height: 22.4px;text-align: -webkit-center\" href=\"http:\/\/www.ceiploreto.es\/sugerencias\/A_1\/Recursosdidacticos\/TERCERO\/datos\/03_mates\/U02\/02.htm\" target=\"_blank\" rel=\"noopener\">SUMAS I<\/a><\/p>\n<p><a style=\"font-size: 14px;line-height: 22.4px;text-align: -webkit-center\" href=\"http:\/\/www.genmagic.org\/repositorio\/albums\/userpics\/calment2c.swf\" target=\"_blank\" rel=\"noopener\">CALCULA MENTALMENTE &#8211; 2<\/a><\/p>\n<p><a style=\"font-size: 14px;line-height: 22.4px;text-align: -webkit-center\" href=\"http:\/\/cerezo.pntic.mec.es\/maria8\/bimates\/operaciones\/suma\/sumas1.html\" target=\"_blank\" rel=\"noopener\">SUMAS II<\/a><\/p>\n<p><a style=\"font-size: 14px;line-height: 22.4px;text-align: -webkit-center\" href=\"http:\/\/www3.gobiernodecanarias.org\/medusa\/contenidosdigitales\/programasflash\/Medusa\/sumasdobles\/MENU.swf\" target=\"_blank\" rel=\"noopener\">LAS SUMAS DOBLES<\/a><\/p>\n<p><a style=\"font-size: 14px;line-height: 22.4px;text-align: -webkit-center\" href=\"http:\/\/www.ceiploreto.es\/sugerencias\/A_1\/Recursosdidacticos\/TERCERO\/datos\/03_mates\/U02\/04.htm\" target=\"_blank\" rel=\"noopener\">SUMAS III<\/a><\/p>\n<p><a style=\"font-size: 14px;line-height: 22.4px;text-align: -webkit-center\" href=\"http:\/\/www.genmagic.org\/repositorio\/albums\/userpics\/calment1c.swf\" target=\"_blank\" rel=\"noopener\">CALCULA MENTALMENTE &#8211; 1<\/a><\/p>\n<p><a style=\"font-size: 14px;line-height: 22.4px;text-align: -webkit-center\" href=\"http:\/\/www.ceiploreto.es\/sugerencias\/agrega_matematicas_3\/generador_sumas\/index.html\" target=\"_blank\" rel=\"noopener\">GENERADOR DE SUMAS<\/a><\/p>\n<p><a style=\"font-size: 14px;line-height: 22.4px;text-align: -webkit-center\" href=\"http:\/\/www.crienaturavila.com\/crie_httpdocs\/mate\/suma53.html\" target=\"_blank\" rel=\"noopener\">SUMAS DE N\u00daMEROS NATURALES I<\/a><\/p>\n<p><a style=\"font-size: 14px;line-height: 22.4px;text-align: -webkit-center\" href=\"http:\/\/www.crienaturavila.com\/crie_httpdocs\/mate\/suma54.html\" target=\"_blank\" rel=\"noopener\">SUMAS DE N\u00daMEROS NATURALES II<\/a><\/p>\n<p><a style=\"font-size: 14px;line-height: 22.4px\" href=\"http:\/\/www.genmagic.org\/repositorio\/albums\/userpics\/comsum3c.swf\" target=\"_blank\" rel=\"noopener\">CALCULA LOS SUMANDOS<\/a><\/p>\n<p><a style=\"font-size: 14px;line-height: 22.4px\" href=\"http:\/\/www.genmagic.org\/repositorio\/albums\/userpics\/sumconsec3c.swf\" target=\"_blank\" rel=\"noopener\">SUMA LOS N\u00daMEROS CONSECUTIVOS<\/a><\/p>\n<p><a href=\"http:\/\/clic.xtec.cat\/db\/jclicApplet.jsp?project=http:\/\/clic.xtec.cat\/projects\/opera\/jclic\/opera.jclic.zip&amp;lang=es&amp;title=Las+operaciones\" target=\"_blank\" rel=\"noopener\">Suma<\/a><\/p>\n<p><strong>Propiedades de la suma<\/strong><\/p>\n<p><a href=\"http:\/\/agrega2.red.es\/\/repositorio\/25012010\/18\/es_2008050513_0230800\/mt08_oa05_es\/index.html\" target=\"_blank\" rel=\"noopener\">PROPIEDAD CONMUTATIVA DE LA SUMA<\/a><\/p>\n<p><a href=\"http:\/\/www.eltanquematematico.es\/dados\/dados1_p.html\" target=\"_blank\" rel=\"noopener\">JUGAMOS CON LOS DADOS I<\/a><\/p>\n<p><a href=\"http:\/\/www.eltanquematematico.es\/dados\/dados_p.html\" target=\"_blank\" rel=\"noopener\">JUGAMOS CON LOS DADOS II<\/a><\/p>\n<p><strong>Prueba de la resta<\/strong><\/p>\n<p><a href=\"http:\/\/www.eltanquematematico.es\/todo_mate\/laresta\/laresta_p.html\" target=\"_blank\" rel=\"noopener\">PRUEBA DE LA RESTA<\/a><\/p>\n<p><a style=\"font-size: 14px;line-height: 22.4px;text-align: -webkit-center\" href=\"http:\/\/www.primaria.librosvivos.net\/archivosCMS\/3\/3\/16\/usuarios\/103294\/9\/U4_Mt3_pruebaresta\/frame_prim.swf\" target=\"_blank\" rel=\"noopener\">LA PRUEBA DE LA RESTA<\/a><\/p>\n<p><a style=\"font-size: 14px;line-height: 22.4px;text-align: -webkit-center\" href=\"http:\/\/www.ceipjuanherreraalcausa.es\/Recursosdidacticos\/ANAYA%20DIGITAL\/TERCERO\/Matematicas\/040_01_ani\/\" target=\"_blank\" rel=\"noopener\">PRUEBA DE LA RESTA II<\/a><\/p>\n<p><a style=\"font-size: 14px;line-height: 22.4px\" href=\"http:\/\/www.genmagic.org\/repositorio\/albums\/userpics\/restes3c.swf\" target=\"_blank\" rel=\"noopener\">DESCUBRE EL MINUENDO, EL SUSTRAENDO Y EL RESTO<br \/>\n<\/a><\/p>\n<p><strong>Resta<\/strong><\/p>\n<p><a href=\"http:\/\/www.genmagic.net\/mates1\/animmat6c.swf\" target=\"_blank\" rel=\"noopener\">RESTAS I<\/a><\/p>\n<p><a style=\"font-size: 14px;line-height: 22.4px;text-align: -webkit-center\" href=\"http:\/\/www.ceiploreto.es\/sugerencias\/A_1\/Recursosdidacticos\/TERCERO\/datos\/03_mates\/U02\/05.htm\" target=\"_blank\" rel=\"noopener\">RESTAS II<\/a><\/p>\n<p><a style=\"font-size: 14px;line-height: 22.4px;text-align: -webkit-center\" href=\"http:\/\/www.eltanquematematico.es\/OtraFormaDeRestar\/pagrestar_p.html\" target=\"_blank\" rel=\"noopener\">OTRA FORMA DE RESTAR<\/a><\/p>\n<p><a style=\"font-size: 14px;line-height: 22.4px;text-align: -webkit-center\" href=\"http:\/\/2633518-0.web-hosting.es\/blog\/manipulables\/numeracion\/sumarestaregularidades.swf\" target=\"_blank\" rel=\"noopener\">C\u00c1LCULO MENTAL DE SUMAS Y RESTAS<\/a><\/p>\n<p><a style=\"font-size: 14px;line-height: 22.4px;text-align: -webkit-center\" href=\"http:\/\/www.testeando.es\/test.asp?idA=65&amp;idT=ksnplxmb\" target=\"_blank\" rel=\"noopener\">TEST: SUMAS Y RESTAS CON LLEVADAS<\/a><\/p>\n<p><a style=\"font-size: 14px;line-height: 22.4px;text-align: -webkit-center\" href=\"http:\/\/www.ceiploreto.es\/sugerencias\/vindel\/abaco.swf\" target=\"_blank\" rel=\"noopener\">\u00c1BACO<\/a><\/p>\n<p><span style=\"font-size: 14px;line-height: 22.4px;text-align: -webkit-center\">PRACTICA:&nbsp;<\/span><a style=\"font-size: 14px;line-height: 22.4px;text-align: -webkit-center\" href=\"http:\/\/bromera.com\/tl_files\/activitatsdigitals\/Capicua_3c_PF\/cas_C3_u03_36_1_operacionsDirectes.swf\" target=\"_blank\" rel=\"noopener\">1<\/a><span style=\"font-size: 14px;line-height: 22.4px;text-align: -webkit-center\">&nbsp;<\/span><a style=\"font-size: 14px;line-height: 22.4px;text-align: -webkit-center\" href=\"http:\/\/bromera.com\/tl_files\/activitatsdigitals\/Capicua_3c_PF\/cas_C3_u04_53_4_operacionsDirectes.swf\" target=\"_blank\" rel=\"noopener\">2<\/a><span style=\"font-size: 14px;line-height: 22.4px;text-align: -webkit-center\">&nbsp;<\/span><a style=\"font-size: 14px;line-height: 22.4px;text-align: -webkit-center\" href=\"http:\/\/bromera.com\/tl_files\/activitatsdigitals\/Capicua_3c_PF\/cas_C3_u04_54_2_calculMental_estatic.swf\" target=\"_blank\" rel=\"noopener\">3<\/a><span style=\"font-size: 14px;line-height: 22.4px;text-align: -webkit-center\">&nbsp;<\/span><a style=\"font-size: 14px;line-height: 22.4px;text-align: -webkit-center\" href=\"http:\/\/bromera.com\/tl_files\/activitatsdigitals\/Capicua_3c_PF\/cas_C3_u09_12_3_calculMental_estatic.swf\" target=\"_blank\" rel=\"noopener\">4<\/a><span style=\"font-size: 14px;line-height: 22.4px;text-align: -webkit-center\">&nbsp;<\/span><a style=\"font-size: 14px;line-height: 22.4px;text-align: -webkit-center\" href=\"http:\/\/bromera.com\/tl_files\/activitatsdigitals\/Capicua_3c_PF\/cas_C3_u09_19_4_operacionsDirectes.swf\" target=\"_blank\" rel=\"noopener\">5<\/a><\/p>\n<p><a style=\"font-size: 14px;line-height: 22.4px;text-align: -webkit-center\" href=\"http:\/\/calasanz.edu.gva.es\/7_ejercicios\/matematicas\/mate3pri\/4_02restas.html\" target=\"_blank\" rel=\"noopener\">RESTAS PASO A PASO<\/a><\/p>\n<p><a style=\"font-size: 14px;line-height: 22.4px;text-align: -webkit-center\" href=\"http:\/\/www.ceiploreto.es\/sugerencias\/A_1\/Recursosdidacticos\/TERCERO\/datos\/03_mates\/U02\/06.htm\" target=\"_blank\" rel=\"noopener\">RESTAS III<\/a><\/p>\n<p><a style=\"font-size: 14px;line-height: 22.4px;text-align: -webkit-center\" href=\"http:\/\/www.ceiploreto.es\/sugerencias\/A_1\/Recursosdidacticos\/TERCERO\/datos\/03_mates\/U02\/07.htm\" target=\"_blank\" rel=\"noopener\">RESTAS IV<\/a><\/p>\n<p><a style=\"font-size: 14px;line-height: 22.4px;text-align: -webkit-center\" href=\"http:\/\/calasanz.edu.gva.es\/7_ejercicios\/matematicas\/mate3pri\/4_03restas.html\" target=\"_blank\" rel=\"noopener\">C\u00c1LCULO MENTAL RESTANDO<\/a><\/p>\n<p><a class=\"Estilo2\" style=\"font-size: 14px;line-height: 22.4px;text-align: -webkit-center\" href=\"http:\/\/www.genmagic.net\/mates1\/animmat6c.swf\" target=\"_blank\" rel=\"noopener\">RESTAS V<\/a><\/p>\n<p><a style=\"font-size: 14px;line-height: 22.4px;text-align: -webkit-center\" href=\"http:\/\/cerezo.pntic.mec.es\/maria8\/bimates\/operaciones\/resta\/restas.html\" target=\"_blank\" rel=\"noopener\">RESTAS VI<\/a><\/p>\n<p><a style=\"font-size: 14px;line-height: 22.4px;text-align: -webkit-center\" href=\"http:\/\/www.ceiploreto.es\/sugerencias\/cplosangeles.juntaextremadura.net\/web\/curso_3\/matematicas\/resta_3\/resta_3.html\" target=\"_blank\" rel=\"noopener\">LA RESTA<\/a><\/p>\n<p><a style=\"font-size: 14px;line-height: 22.4px;text-align: -webkit-center\" href=\"http:\/\/bromera.com\/tl_files\/activitatsdigitals\/Capicua_3c_PF\/cas_C3_u08_59_6_operacionsDirectes.swf\" target=\"_blank\" rel=\"noopener\">RESUELVE ESTAS RESTAS<\/a><\/p>\n<p><a style=\"font-size: 14px;line-height: 22.4px;text-align: -webkit-center\" href=\"http:\/\/www.ceiploreto.es\/sugerencias\/agrega_matematicas_3\/generador_restas\/index.html\" target=\"_blank\" rel=\"noopener\">GENERADOR DE RESTAS<\/a><\/p>\n<p><a style=\"font-size: 14px;line-height: 22.4px;text-align: -webkit-center\" href=\"http:\/\/www.crienaturavila.com\/crie_httpdocs\/mate\/resta54.html\" target=\"_blank\" rel=\"noopener\">RESTAS DE N\u00daMEROS NATURALES<\/a><\/p>\n<p><a style=\"font-size: 14px;line-height: 22.4px;text-align: -webkit-center\" href=\"http:\/\/calasanz.edu.gva.es\/7_ejercicios\/matematicas\/mate3pri\/5_sumayresta01.html\" target=\"_blank\" rel=\"noopener\">PRACTICA LA SUMA Y LA RESTA<\/a><\/p>\n<p><a style=\"font-size: 14px;line-height: 22.4px;text-align: -webkit-center\" href=\"http:\/\/www.ceiploreto.es\/sugerencias\/juntadeandalucia\/Estrategias_numeracion\/rectanum.swf\" target=\"_blank\" rel=\"noopener\">RECTA NUM\u00c9RICA<\/a><\/p>\n<p><a style=\"font-size: 14px;line-height: 22.4px;text-align: -webkit-center\" href=\"http:\/\/agrega2.red.es\/\/repositorio\/25012010\/18\/es_2008050513_0230800\/mt08_oa01_es\/index.html\" target=\"_blank\" rel=\"noopener\">T\u00c9RMINOS DE LAS DOS OPERACIONES<\/a><\/p>\n<p><a style=\"font-size: 14px;line-height: 22.4px;text-align: -webkit-center\" href=\"http:\/\/agrega2.red.es\/\/repositorio\/25012010\/18\/es_2008050513_0230800\/mt08_oa04_es\/index.html\" target=\"_blank\" rel=\"noopener\">AUTOMATIZACI\u00d3N DE LA SUMA Y LA RESTA<\/a><\/p>\n<p><a style=\"font-size: 14px;line-height: 22.4px;text-align: -webkit-center\" href=\"http:\/\/agrega2.red.es\/\/repositorio\/25012010\/18\/es_2008050513_0230800\/mt08_oa02_es\/index.html\" target=\"_blank\" rel=\"noopener\">COMPLETAR SERIES Y T\u00c9RMINOS&#8230;<\/a><\/p>\n<p><a href=\"http:\/\/clic.xtec.cat\/db\/jclicApplet.jsp?project=http:\/\/clic.xtec.cat\/projects\/opera\/jclic\/opera.jclic.zip&amp;lang=es&amp;title=Las+operaciones\" target=\"_blank\" rel=\"noopener\">Resta I<\/a><\/p>\n<p><a href=\"http:\/\/clic.xtec.cat\/db\/jclicApplet.jsp?project=http:\/\/clic.xtec.cat\/projects\/mat2ciclo\/jclic\/mat2ciclo.jclic.zip&amp;lang=es&amp;title=Mat-2c\" target=\"_blank\" rel=\"noopener\">Resta II<\/a><\/p>\n<p><strong>Operaciones combinadas<\/strong><\/p>\n<p><a href=\"http:\/\/www.ceiploreto.es\/sugerencias\/tic2.sepdf.gob.mx\/scorm\/oas\/mat\/tercero\/06\/intro.swf\" target=\"_blank\" rel=\"noopener\">LOS BENEFICIOS DEL C\u00c1LCULO MENTAL<\/a><\/p>\n<p><a style=\"font-size: 14px;line-height: 22.4px;text-align: -webkit-center\" href=\"http:\/\/www.ceiploreto.es\/sugerencias\/A_1\/Recursosdidacticos\/CUARTO\/datos\/01_Mates\/datos\/05_rdi\/U02\/03.htm\" target=\"_blank\" rel=\"noopener\">SUMAS, RESTAS Y PAR\u00c9NTESIS<\/a><\/p>\n<p><a style=\"font-size: 14px;line-height: 22.4px;text-align: -webkit-center\" href=\"http:\/\/www.editorialteide.es\/elearning\/Primaria.asp?IdJuego=1506&amp;IdTipoJuego=8\" target=\"_blank\" rel=\"noopener\">PAR\u00c9NTESIS EN SUMAS Y RESTAS<\/a><\/p>\n<p><strong>Aproximaci\u00f3n de n\u00fameros a los millares<\/strong><\/p>\n<p><a href=\"http:\/\/www.ceiploreto.es\/sugerencias\/agrega\/Aproximacion_en_el_calculo\/contenido\/ma001_oa02_es\/index.html\" target=\"_blank\" rel=\"noopener\">REDONDEO A LA UNIDAD DE MILLAR<\/a><\/p>\n<p><a style=\"font-size: 14px;line-height: 22.4px;text-align: -webkit-center\" href=\"http:\/\/www.primaria.librosvivos.net\/archivosCMS\/3\/3\/16\/usuarios\/103294\/9\/3EP_mat_ud2_ai01\/frame_prim.swf\" target=\"_blank\" rel=\"noopener\">REDONDEAR N\u00daMEROS<\/a><\/p>\n<p><a style=\"font-size: 14px;line-height: 22.4px;text-align: -webkit-center\" href=\"http:\/\/www.i-matematicas.com\/recursos0809\/1ciclo\/naturales\/interactivo\/NumeracionAproximacion.htm\" target=\"_blank\" rel=\"noopener\">SISTEMA DE NUMERACI\u00d3N DECIMAL Y APROXIMACIONES<\/a><\/p>\n<p><a style=\"font-size: 14px;line-height: 22.4px;text-align: -webkit-center\" href=\"http:\/\/www.ceiploreto.es\/sugerencias\/A_1\/Recursosdidacticos\/TERCERO\/datos\/03_mates\/U01\/06.htm\" target=\"_blank\" rel=\"noopener\">APROXIMACI\u00d3N<\/a><\/p>\n<p><a style=\"font-size: 14px;line-height: 22.4px;text-align: -webkit-center\" href=\"http:\/\/www.ceipjuanherreraalcausa.es\/Recursosdidacticos\/ANAYA%20DIGITAL\/TERCERO\/Matematicas\/01_028_anitodas\/aprox\/index.html\" target=\"_blank\" rel=\"noopener\">REDONDEAMOS A LAS DECENAS, CENTENAS O MILLARES<\/a><\/p>\n<p><a style=\"font-size: 14px;line-height: 22.4px;text-align: -webkit-center\" href=\"http:\/\/bromera.com\/tl_files\/activitatsdigitals\/Capicua_3c_PF\/cas_C3_u11_47_2_aproximar.swf\" target=\"_blank\" rel=\"noopener\">APROXIMA A LAS UNIDADES DE MILLAR<\/a><\/p>\n<p><strong>\u00a1Sin problemas!<\/strong><\/p>\n<p><a href=\"http:\/\/www.primaria.librosvivos.net\/archivosCMS\/3\/3\/16\/usuarios\/103294\/9\/3EP_mat_ud3_ai02\/frame_prim.swf\" target=\"_blank\" rel=\"noopener\">ESTIMAR LA SUMA<\/a><\/p>\n<p><a style=\"font-size: 14px;line-height: 22.4px;text-align: -webkit-center\" href=\"http:\/\/www.ceiploreto.es\/sugerencias\/tic2.sepdf.gob.mx\/scorm\/oas\/mat\/tercero\/01\/intro.swf\" target=\"_blank\" rel=\"noopener\">\u00a1EXPLOREMOS LA ISLA!<\/a><\/p>\n<p><a style=\"font-size: 14px;line-height: 22.4px;text-align: -webkit-center\" href=\"http:\/\/www.primaria.librosvivos.net\/archivosCMS\/3\/3\/16\/usuarios\/103294\/9\/3epmac2_ud2_rp01_cas\/carcasa.swf\" target=\"_blank\" rel=\"noopener\">RESUELVE PROBLEMAS I<\/a><\/p>\n<p><a style=\"font-size: 14px;line-height: 22.4px;text-align: -webkit-center\" href=\"http:\/\/www.primaria.librosvivos.net\/archivosCMS\/3\/3\/16\/usuarios\/103294\/9\/3EP_mat_ud4_ai02\/frame_prim.swf\" target=\"_blank\" rel=\"noopener\">IDENTIFICAR PALABRAS CLAVE EN LA PREGUNTA<\/a><\/p>\n<p><a style=\"font-size: 14px;line-height: 22.4px;text-align: -webkit-center\" href=\"http:\/\/2633518-0.web-hosting.es\/blog\/manipulables\/problemas\/escenas1a.swf\" target=\"_blank\" rel=\"noopener\">PROBLEMAS ARITM\u00c9TICOS ESCOLARES I<\/a><\/p>\n<p><a style=\"font-size: 14px;line-height: 22.4px;text-align: -webkit-center\" href=\"http:\/\/2633518-0.web-hosting.es\/blog\/manipulables\/problemas\/escenas1b.swf\" target=\"_blank\" rel=\"noopener\">PROBLEMAS ARITM\u00c9TICOS ESCOLARES II<\/a><\/p>\n<p><a style=\"font-size: 14px;line-height: 22.4px\" href=\"http:\/\/www.ceiploreto.es\/sugerencias\/ecuador\/matematicas\/4_adicion_y_sustraccion\/index.html\" target=\"_blank\" rel=\"noopener\">ADICIONES Y SUSTRACIONES<\/a><\/p>\n<p><a style=\"font-size: 14px;line-height: 22.4px;text-align: -webkit-center\" href=\"http:\/\/www.ceiploreto.es\/sugerencias\/tic2.sepdf.gob.mx\/scorm\/oas\/mat\/tercero\/02\/intro.swf\" target=\"_blank\" rel=\"noopener\">\u00a1ELIJAMOS EL PASTEL!<\/a><\/p>\n<p><a style=\"font-size: 14px;line-height: 22.4px;text-align: -webkit-center\" href=\"http:\/\/bromera.com\/tl_files\/activitatsdigitals\/Capicua_3c_PF\/cas_C3_u01_12_1_problemes.swf\" target=\"_blank\" rel=\"noopener\">SIN L\u00c1PIZ NI PAPEL<\/a><\/p>\n<p><a style=\"font-size: 14px;line-height: 22.4px;text-align: -webkit-center\" href=\"http:\/\/www.primaria.librosvivos.net\/archivosCMS\/3\/3\/16\/usuarios\/103294\/9\/3epmac2_ud3_rp01_cas\/carcasa.swf\" target=\"_blank\" rel=\"noopener\">RESUELVE PROBLEMAS II<\/a><\/p>\n<p><a style=\"font-size: 14px;line-height: 22.4px\" href=\"http:\/\/www.genmagic.org\/repositorio\/albums\/userpics\/sumcondc.swf\" target=\"_blank\" rel=\"noopener\">SUMAR CON CONDICIONES<\/a><\/p>\n<p><a style=\"font-size: 14px;line-height: 22.4px\" href=\"http:\/\/www.genmagic.org\/repositorio\/albums\/userpics\/problem3c~0.swf\" target=\"_blank\" rel=\"noopener\">PROBLEMAS SOBRE EDADES<\/a><\/p>\n<p><strong>Sumar 11 y 9 a un n\u00famero de dos o tres cifras<\/strong><\/p>\n<p><a href=\"http:\/\/www.eltanquematematico.es\/operatoria1\/operatoria_1_p.html\" target=\"_blank\" rel=\"noopener\">2.- SUMAR 11 A N\u00daMEROS DE DOS CIFRAS<\/a><\/p>\n<p><a href=\"http:\/\/www.primaria.librosvivos.net\/actividades\/flashActividadesPrimariaPub\/examen.swf?idejecucion=307483\" target=\"_blank\" rel=\"noopener\">AUTOEVALUACI\u00d3N DE LA UNIDAD I<\/a><\/p>\n<p><a href=\"http:\/\/www.primaria.librosvivos.net\/actividades\/flashActividadesPrimariaPub\/examen.swf?idejecucion=308323\" target=\"_blank\" rel=\"noopener\">AUTOEVALUACI\u00d3N DE LA UNIDAD II<\/a><\/p>\n","protected":false},"excerpt":{"rendered":"<p>Suma y resta Contenidos previos SUMAS DE N\u00daMEROS NATURALES I SUMAS DE N\u00daMEROS NATURALES II PINTA CON N\u00daMEROS \u00c1BACOS: SUMAR (3 CIFRAS) RESTAS DE N\u00daMEROS NATURALES I RESTAS DE N\u00daMEROS NATURALES II \u00c1BACOS: RESTAR (3 CIFRAS) Suma LA SUMA CON LLEVADAS SUMAS I CALCULA MENTALMENTE &#8211; 2 SUMAS II LAS SUMAS DOBLES SUMAS III CALCULA &hellip; <\/p>\n<p><a class=\"more-link btn\" href=\"https:\/\/blogsaverroes.juntadeandalucia.es\/ceipaznaitin\/matematicas-3o-tema-2\/\">Seguir leyendo<\/a><\/p>\n","protected":false},"author":2805,"featured_media":0,"parent":0,"menu_order":0,"comment_status":"closed","ping_status":"closed","template":"","meta":{"ngg_post_thumbnail":0,"footnotes":"","_mc_calendar":[]},"aioseo_notices":[],"_links":{"self":[{"href":"https:\/\/blogsaverroes.juntadeandalucia.es\/ceipaznaitin\/wp-json\/wp\/v2\/pages\/5261"}],"collection":[{"href":"https:\/\/blogsaverroes.juntadeandalucia.es\/ceipaznaitin\/wp-json\/wp\/v2\/pages"}],"about":[{"href":"https:\/\/blogsaverroes.juntadeandalucia.es\/ceipaznaitin\/wp-json\/wp\/v2\/types\/page"}],"author":[{"embeddable":true,"href":"https:\/\/blogsaverroes.juntadeandalucia.es\/ceipaznaitin\/wp-json\/wp\/v2\/users\/2805"}],"replies":[{"embeddable":true,"href":"https:\/\/blogsaverroes.juntadeandalucia.es\/ceipaznaitin\/wp-json\/wp\/v2\/comments?post=5261"}],"version-history":[{"count":16,"href":"https:\/\/blogsaverroes.juntadeandalucia.es\/ceipaznaitin\/wp-json\/wp\/v2\/pages\/5261\/revisions"}],"predecessor-version":[{"id":5279,"href":"https:\/\/blogsaverroes.juntadeandalucia.es\/ceipaznaitin\/wp-json\/wp\/v2\/pages\/5261\/revisions\/5279"}],"wp:attachment":[{"href":"https:\/\/blogsaverroes.juntadeandalucia.es\/ceipaznaitin\/wp-json\/wp\/v2\/media?parent=5261"}],"curies":[{"name":"wp","href":"https:\/\/api.w.org\/{rel}","templated":true}]}}