{"id":5294,"date":"2018-03-07T19:46:34","date_gmt":"2018-03-07T17:46:34","guid":{"rendered":"http:\/\/blogsaverroes.juntadeandalucia.es\/ceipaznaitin\/?page_id=5294"},"modified":"2018-03-07T19:55:42","modified_gmt":"2018-03-07T17:55:42","slug":"matematicas-3o-tema-4","status":"publish","type":"page","link":"https:\/\/blogsaverroes.juntadeandalucia.es\/ceipaznaitin\/matematicas-3o-tema-4\/","title":{"rendered":"Matem\u00e1ticas 3\u00ba Tema 4"},"content":{"rendered":"<p><strong>Divisi\u00f3n<\/strong><\/p>\n<p><strong>Contenidos previos<\/strong><\/p>\n<p><a href=\"http:\/\/sauce.pntic.mec.es\/jdiego\/glosario\/terminosdivision.swf\" target=\"_blank\" rel=\"noopener\">T\u00c9RMINOS DE LA DIVISI\u00d3N<\/a><\/p>\n<p><a style=\"font-size: 14px;line-height: 22.4px;text-align: -webkit-center\" href=\"http:\/\/calasanz.edu.gva.es\/7_ejercicios\/matematicas\/mate3pri\/11_division01.html\" target=\"_blank\" rel=\"noopener\">LOS T\u00c9RMINOS DE LA DIVISI\u00d3N<\/a><\/p>\n<p><a style=\"font-size: 14px;line-height: 22.4px;text-align: -webkit-center\" href=\"http:\/\/agrega2.red.es\/\/repositorio\/25012010\/65\/es_2008050513_0230900\/mt09_oa02_es\/index.html\" target=\"_blank\" rel=\"noopener\">T\u00c9RMINOS DE LAS DOS OPERACIONES<\/a><\/p>\n<p><a style=\"font-size: 14px;line-height: 22.4px;text-align: -webkit-center\" href=\"http:\/\/agrega2.red.es\/\/repositorio\/25012010\/65\/es_2008050513_0230900\/mt09_oa04_es\/index.html\" target=\"_blank\" rel=\"noopener\">AUTOMATIZACI\u00d3N DE LA MULTIPLICACI\u00d3N..<\/a><\/p>\n<p><a style=\"font-size: 14px;line-height: 22.4px;text-align: -webkit-center\" href=\"http:\/\/www.genmagic.net\/repositorio\/albums\/userpics\/divis1c.swf\" target=\"_blank\" rel=\"noopener\">DIVISIONES &#8211; 1<\/a><\/p>\n<p><a style=\"font-size: 14px;line-height: 22.4px;text-align: -webkit-center\" href=\"http:\/\/regletas.joseantoniocuadrado.com\/portada.swf\" target=\"_blank\" rel=\"noopener\">\u00c1BACOS: DIVIDIR (INICIACI\u00d3N A LA DIVISI\u00d3N)<\/a><\/p>\n<p><a style=\"font-size: 14px;line-height: 22.4px;text-align: -webkit-center\" href=\"http:\/\/regletas.joseantoniocuadrado.com\/portada.swf\" target=\"_blank\" rel=\"noopener\">REGLETAS: DIVIDIR (DIVISI\u00d3N)<\/a><\/p>\n<p><a style=\"font-size: 14px;line-height: 22.4px\" href=\"http:\/\/www.genmagic.org\/repositorio\/albums\/userpics\/divi3c.swf\" target=\"_blank\" rel=\"noopener\">C\u00c1LCULO MENTAL Y T\u00c9RMINOS DE LA DIVISI\u00d3N<\/a><\/p>\n<p><a href=\"http:\/\/clic.xtec.cat\/db\/jclicApplet.jsp?project=http:\/\/clic.xtec.cat\/projects\/calculo\/jclic\/calculo.jclic.zip&amp;lang=es&amp;title=C%C3%A1lculo+para+3%C2%BA+de+primaria\" target=\"_blank\" rel=\"noopener\">Practicamos<\/a><\/p>\n<p><strong>Divisi\u00f3n exacta y entera<\/strong><\/p>\n<p><a href=\"http:\/\/www.eltanquematematico.es\/ladivision\/previos\/dos\/dos_p.html\" target=\"_blank\" rel=\"noopener\">EJERCICIOS PREVIOS CON LA TABLA DEL 2<\/a><\/p>\n<p><a style=\"font-size: 14px;line-height: 22.4px;text-align: -webkit-center\" href=\"http:\/\/www.eltanquematematico.es\/ladivision\/previos\/tres\/tres_p.html\" target=\"_blank\" rel=\"noopener\">EJERCICIOS PREVIOS CON LA TABLA DEL 3<\/a><\/p>\n<p><a style=\"font-size: 14px;line-height: 22.4px;text-align: -webkit-center\" href=\"http:\/\/www.eltanquematematico.es\/ladivision\/previos\/cuatro\/cuatro_p.html\" target=\"_blank\" rel=\"noopener\">EJERCICIOS PREVIOS CON LA TABLA DEL 4<\/a><\/p>\n<p><a style=\"font-size: 14px;line-height: 22.4px;text-align: -webkit-center\" href=\"http:\/\/www.eltanquematematico.es\/ladivision\/previos\/cinco\/cinco_p.html\" target=\"_blank\" rel=\"noopener\">EJERCICIOS PREVIOS CON LA TABLA DEL 5<\/a><\/p>\n<p><a style=\"font-size: 14px;line-height: 22.4px;text-align: -webkit-center\" href=\"http:\/\/www.eltanquematematico.es\/ladivision\/previos\/seis\/seis_p.html\" target=\"_blank\" rel=\"noopener\">EJERCICIOS PREVIOS CON LA TABLA DEL 6<\/a><\/p>\n<p><a style=\"font-size: 14px;line-height: 22.4px;text-align: -webkit-center\" href=\"http:\/\/www.eltanquematematico.es\/ladivision\/previos\/siete\/siete_p.html\" target=\"_blank\" rel=\"noopener\">EJERCICIOS PREVIOS CON LA TABLA DEL 7<\/a><\/p>\n<p><a style=\"font-size: 14px;line-height: 22.4px;text-align: -webkit-center\" href=\"http:\/\/www.eltanquematematico.es\/ladivision\/previos\/ocho\/ocho_p.html\" target=\"_blank\" rel=\"noopener\">EJERCICIOS PREVIOS CON LA TABLA DEL 8<\/a><\/p>\n<p><a style=\"font-size: 14px;line-height: 22.4px;text-align: -webkit-center\" href=\"http:\/\/www.eltanquematematico.es\/ladivision\/previos\/nueve\/nueve_p.html\" target=\"_blank\" rel=\"noopener\">EJERCICIOS PREVIOS CON LA TABLA DEL 9<br \/>\n<\/a><\/p>\n<p><strong>Divisi\u00f3n con divisor de una cifra<\/strong><\/p>\n<p><a href=\"http:\/\/www.eltanquematematico.es\/ladivision\/previos\/enl_previos_p.html\" target=\"_blank\" rel=\"noopener\">LA DIVISI\u00d3N<\/a><\/p>\n<p><a style=\"font-size: 14px;line-height: 22.4px;text-align: -webkit-center\" href=\"http:\/\/www.ceiploreto.es\/sugerencias\/averroes\/educativa\/division1_e.html\" target=\"_blank\" rel=\"noopener\">DIVIDIR POR UNA CIFRA<\/a><\/p>\n<p><a style=\"font-size: 14px;line-height: 22.4px;text-align: -webkit-center\" href=\"http:\/\/www.ceiploreto.es\/sugerencias\/A_1\/Recursosdidacticos\/TERCERO\/datos\/03_mates\/U06\/01.htm\" target=\"_blank\" rel=\"noopener\">DIVISI\u00d3N DE DOS CIFRAS<\/a><\/p>\n<p><a style=\"font-size: 14px;line-height: 22.4px;text-align: -webkit-center\" href=\"http:\/\/cerezo.pntic.mec.es\/maria8\/bimates\/operaciones\/division\/concepto.html\" target=\"_blank\" rel=\"noopener\">DIVISI\u00d3N<\/a><\/p>\n<p><a style=\"font-size: 14px;line-height: 22.4px;text-align: -webkit-center\" href=\"http:\/\/ntic.educacion.es\/w3\/eos\/MaterialesEducativos\/mem2008\/matematicas_primaria\/numeracion\/operaciones\/algtradicdivi.swf\" target=\"_blank\" rel=\"noopener\">DIVISI\u00d3N. ALGORITMO TRADICIONAL<\/a><\/p>\n<p><a style=\"font-size: 14px;line-height: 22.4px;text-align: -webkit-center\" href=\"http:\/\/ntic.educacion.es\/w3\/eos\/MaterialesEducativos\/mem2008\/matematicas_primaria\/numeracion\/operaciones\/algorextendiv.swf\" target=\"_blank\" rel=\"noopener\">DIVISI\u00d3N. ALGORITMO EXTENDIDO<\/a><\/p>\n<p><a style=\"font-size: 14px;line-height: 22.4px\" href=\"http:\/\/www.ceiploreto.es\/sugerencias\/agrega_matematicas_3\/generador_divisiones\/index.html\" target=\"_blank\" rel=\"noopener\">GENERADOR DE DIVISIONES<\/a><\/p>\n<p><a style=\"font-size: 14px;line-height: 22.4px;text-align: -webkit-center\" href=\"http:\/\/www.ceiploreto.es\/sugerencias\/cplosangeles.juntaextremadura.net\/web\/curso_3\/matematicas\/division01_3\/division01_3.html\" target=\"_blank\" rel=\"noopener\">LA DIVISI\u00d3N<\/a><\/p>\n<p><a style=\"font-size: 14px;line-height: 22.4px;text-align: -webkit-center\" href=\"http:\/\/www.ceiploreto.es\/sugerencias\/cplosangeles.juntaextremadura.net\/web\/curso_3\/matematicas\/division02_3\/division02_3.html\" target=\"_blank\" rel=\"noopener\">PRACTICA LA DIVISI\u00d3N<\/a><\/p>\n<p><a style=\"font-size: 14px;line-height: 22.4px;text-align: -webkit-center\" href=\"http:\/\/www.ceiploreto.es\/sugerencias\/vindel\/division2.swf\" target=\"_blank\" rel=\"noopener\">APRENDE A DIVIDIR<\/a><\/p>\n<p><a style=\"font-size: 14px;line-height: 22.4px;text-align: -webkit-center\" href=\"http:\/\/www.ceiploreto.es\/sugerencias\/A_1\/Recursosdidacticos\/CUARTO\/datos\/01_Mates\/datos\/05_rdi\/U05\/03.htm\" target=\"_blank\" rel=\"noopener\">DIVISIONES: CEROS EN EL COCIENTE<\/a><\/p>\n<p><a style=\"font-size: 14px;line-height: 22.4px;text-align: -webkit-center\" href=\"http:\/\/www.primaria.librosvivos.net\/actividades\/flashActividadesPrimariaPub\/examen.swf?idejecucion=372864\" target=\"_blank\" rel=\"noopener\">DIVISIONES CON CEROS EN EL COCIENTE<\/a><\/p>\n<p><a href=\"http:\/\/clic.xtec.cat\/db\/jclicApplet.jsp?project=http:\/\/clic.xtec.cat\/projects\/dividir2\/jclic\/dividir2.jclic.zip&amp;lang=es&amp;title=La+divisi%C3%B3n\" target=\"_blank\" rel=\"noopener\">Dividir I<\/a><\/p>\n<p><a href=\"http:\/\/clic.xtec.cat\/db\/jclicApplet.jsp?project=http:\/\/clic.xtec.cat\/projects\/divises\/jclic\/divises.jclic.zip&amp;lang=es&amp;title=L%27Algoritme+de+la+divisi%C3%B3\" target=\"_blank\" rel=\"noopener\">Dividir II<\/a><\/p>\n<p><strong>M\u00faltiplos y divisores de un n\u00famero<\/strong><\/p>\n<p><a href=\"http:\/\/www.eltanquematematico.es\/todo_mate\/multiplosydivisores\/multiplos\/multiplos_p.html\" target=\"_blank\" rel=\"noopener\">M\u00daLTIPLOS DE UN N\u00daMERO<\/a><\/p>\n<p><a style=\"font-size: 14px;line-height: 22.4px;text-align: -webkit-center\" href=\"http:\/\/w3.cnice.mec.es\/recursos\/primaria\/matematicas\/conmates\/unid-1\/multiplos.htm\" target=\"_blank\" rel=\"noopener\">LOS M\u00daLTIPLOS DE UN N\u00daMERO<\/a><\/p>\n<p><a style=\"font-size: 14px;line-height: 22.4px;text-align: -webkit-center\" href=\"http:\/\/www.genmagic.org\/repositorio\/albums\/userpics\/salva_multiplos1.swf\" target=\"_blank\" rel=\"noopener\">SALVANDO LOS M\u00daLTIPLOS 1<\/a><\/p>\n<p><a style=\"font-size: 14px;line-height: 22.4px;text-align: -webkit-center\" href=\"http:\/\/agrega2.red.es\/\/repositorio\/21012010\/5e\/es_2008050513_0231500\/mt15_oa02_es\/index.html\" target=\"_blank\" rel=\"noopener\">C\u00c1LCULO DE M\u00daLTIPLOS<\/a><\/p>\n<p><a style=\"font-size: 14px;line-height: 22.4px;text-align: -webkit-center\" href=\"http:\/\/www.eltanquematematico.es\/todo_mate\/multiplosydivisores\/divisores\/divisores_p.html\" target=\"_blank\" rel=\"noopener\">DIVISORES DE UN N\u00daMERO I<\/a><span style=\"font-size: 14px;line-height: 22.4px;text-align: -webkit-center;background-color: #cce6ff\">&nbsp;<\/span><\/p>\n<p><a style=\"font-size: 14px;line-height: 22.4px;text-align: -webkit-center\" href=\"http:\/\/ntic.educacion.es\/w3\/\/recursos\/primaria\/matematicas\/conmates\/unid-2\/divisores_de_un_n%FAmero.htm\" target=\"_blank\" rel=\"noopener\">DIVISORES DE UN N\u00daMERO II<\/a><\/p>\n<p><a style=\"font-size: 14px;line-height: 22.4px;text-align: -webkit-center\" href=\"http:\/\/genmagic.org\/menuprogram\/mates1\/md1c.swf\" target=\"_blank\" rel=\"noopener\">M\u00daLTIPLOS Y DIVISORES<\/a><\/p>\n<p><strong>\u00a1Sin problemas!<\/strong><\/p>\n<p><a href=\"http:\/\/www.primaria.librosvivos.net\/archivosCMS\/3\/3\/16\/usuarios\/103294\/9\/3EP_mate_ud7_resolverpintI\/frame_prim.swf\" target=\"_blank\" rel=\"noopener\">RESOLVER PREGUNTAS INTERMEDIAS I<\/a><\/p>\n<p><a style=\"font-size: 14px;line-height: 22.4px;text-align: -webkit-center\" href=\"http:\/\/www.ceipjuanherreraalcausa.es\/Recursosdidacticos\/ANAYA%20DIGITAL\/TERCERO\/Matematicas\/p90n\/\" target=\"_blank\" rel=\"noopener\">ANALIZO LAS SOLUCIONES<\/a><\/p>\n<p><a style=\"font-size: 14px;line-height: 22.4px;text-align: -webkit-center\" href=\"http:\/\/bromera.com\/tl_files\/activitatsdigitals\/Capicua_3c_PF\/cas_C3_u07_47_4_problemes.swf\" target=\"_blank\" rel=\"noopener\">SIN L\u00c1PIZ NI PAPEL<\/a><\/p>\n<p><a style=\"font-size: 14px;line-height: 22.4px;text-align: -webkit-center\" href=\"http:\/\/www.genmagic.org\/repositorio\/albums\/userpics\/petitsp2c.swf\" target=\"_blank\" rel=\"noopener\">DESCUBRE LA OPERACI\u00d3N DEL PROBLEMA<\/a><\/p>\n<p><a style=\"font-size: 14px;line-height: 22.4px;text-align: -webkit-center\" href=\"http:\/\/www.primaria.librosvivos.net\/archivosCMS\/3\/3\/16\/usuarios\/103294\/9\/3epmac2_ud6_rp01_cas\/carcasa.swf\" target=\"_blank\" rel=\"noopener\">RESUELVE PROBLEMAS I<\/a><\/p>\n<p><a style=\"font-size: 14px;line-height: 22.4px;text-align: -webkit-center\" href=\"http:\/\/www.primaria.librosvivos.net\/archivosCMS\/3\/3\/16\/usuarios\/103294\/9\/3epmac2_ud7_rp01_cas\/carcasa.swf\" target=\"_blank\" rel=\"noopener\">RESUELVE PROBLEMAS II<\/a><\/p>\n<p><a style=\"font-size: 14px;line-height: 22.4px;text-align: -webkit-center\" href=\"http:\/\/www.primaria.librosvivos.net\/archivosCMS\/3\/3\/16\/usuarios\/103294\/9\/mt3_u8_act2\/frame_prim.swf\" target=\"_blank\" rel=\"noopener\">RESOLVER PREGUNTAS INTERMEDIAS II<\/a><\/p>\n<p><a style=\"font-size: 14px;line-height: 22.4px;text-align: -webkit-center\" href=\"http:\/\/agrega2.red.es\/\/repositorio\/25012010\/65\/es_2008050513_0230900\/mt09_oa03_es\/index.html\" target=\"_blank\" rel=\"noopener\">ESTIMACI\u00d3N, APROXIMACI\u00d3N Y C\u00c1LCULO MENTAL<\/a><\/p>\n<p><a style=\"font-size: 14px;line-height: 22.4px\" href=\"http:\/\/www.genmagic.org\/repositorio\/albums\/userpics\/femoper1c.swf\" target=\"_blank\" rel=\"noopener\">RUEDA DE OPERACIONES<\/a><\/p>\n<p><a href=\"http:\/\/www.ceiploreto.es\/sugerencias\/averroes\/ceip_san_rafael\/DIVISION\/division.html\" target=\"_blank\" rel=\"noopener\">REPASO LA UNIDAD<\/a><\/p>\n<p><a href=\"http:\/\/www.testeando.es\/test.asp?idA=65&amp;idT=sjvmsvtz\" target=\"_blank\" rel=\"noopener\">TEST: LA DIVISI\u00d3N<\/a><\/p>\n<p><a href=\"http:\/\/www.testeando.es\/test.asp?idA=65&amp;idT=oohhvzgu\" target=\"_blank\" rel=\"noopener\">TEST: DIVISIONES CON TRES Y CUATRO CIFRAS<\/a><\/p>\n<p><a href=\"http:\/\/www.primaria.librosvivos.net\/actividades\/flashActividadesPrimariaPub\/examen.swf?idejecucion=1998\" target=\"_blank\" rel=\"noopener\">AUTOEVALUACI\u00d3N DE LA UNIDAD<\/a><\/p>\n","protected":false},"excerpt":{"rendered":"<p>Divisi\u00f3n Contenidos previos T\u00c9RMINOS DE LA DIVISI\u00d3N LOS T\u00c9RMINOS DE LA DIVISI\u00d3N T\u00c9RMINOS DE LAS DOS OPERACIONES AUTOMATIZACI\u00d3N DE LA MULTIPLICACI\u00d3N.. DIVISIONES &#8211; 1 \u00c1BACOS: DIVIDIR (INICIACI\u00d3N A LA DIVISI\u00d3N) REGLETAS: DIVIDIR (DIVISI\u00d3N) C\u00c1LCULO MENTAL Y T\u00c9RMINOS DE LA DIVISI\u00d3N Practicamos Divisi\u00f3n exacta y entera EJERCICIOS PREVIOS CON LA TABLA DEL 2 EJERCICIOS PREVIOS CON &hellip; <\/p>\n<p><a class=\"more-link btn\" href=\"https:\/\/blogsaverroes.juntadeandalucia.es\/ceipaznaitin\/matematicas-3o-tema-4\/\">Seguir leyendo<\/a><\/p>\n","protected":false},"author":2805,"featured_media":0,"parent":0,"menu_order":0,"comment_status":"closed","ping_status":"closed","template":"","meta":{"ngg_post_thumbnail":0,"footnotes":"","_mc_calendar":[]},"aioseo_notices":[],"_links":{"self":[{"href":"https:\/\/blogsaverroes.juntadeandalucia.es\/ceipaznaitin\/wp-json\/wp\/v2\/pages\/5294"}],"collection":[{"href":"https:\/\/blogsaverroes.juntadeandalucia.es\/ceipaznaitin\/wp-json\/wp\/v2\/pages"}],"about":[{"href":"https:\/\/blogsaverroes.juntadeandalucia.es\/ceipaznaitin\/wp-json\/wp\/v2\/types\/page"}],"author":[{"embeddable":true,"href":"https:\/\/blogsaverroes.juntadeandalucia.es\/ceipaznaitin\/wp-json\/wp\/v2\/users\/2805"}],"replies":[{"embeddable":true,"href":"https:\/\/blogsaverroes.juntadeandalucia.es\/ceipaznaitin\/wp-json\/wp\/v2\/comments?post=5294"}],"version-history":[{"count":10,"href":"https:\/\/blogsaverroes.juntadeandalucia.es\/ceipaznaitin\/wp-json\/wp\/v2\/pages\/5294\/revisions"}],"predecessor-version":[{"id":5306,"href":"https:\/\/blogsaverroes.juntadeandalucia.es\/ceipaznaitin\/wp-json\/wp\/v2\/pages\/5294\/revisions\/5306"}],"wp:attachment":[{"href":"https:\/\/blogsaverroes.juntadeandalucia.es\/ceipaznaitin\/wp-json\/wp\/v2\/media?parent=5294"}],"curies":[{"name":"wp","href":"https:\/\/api.w.org\/{rel}","templated":true}]}}