{"id":5307,"date":"2018-03-08T11:15:31","date_gmt":"2018-03-08T09:15:31","guid":{"rendered":"http:\/\/blogsaverroes.juntadeandalucia.es\/ceipaznaitin\/?page_id=5307"},"modified":"2018-03-08T11:24:26","modified_gmt":"2018-03-08T09:24:26","slug":"matematicas-4o-tema-1","status":"publish","type":"page","link":"https:\/\/blogsaverroes.juntadeandalucia.es\/ceipaznaitin\/matematicas-4o-tema-1\/","title":{"rendered":"Matem\u00e1ticas 4\u00ba Tema 1"},"content":{"rendered":"<p><strong>N\u00fameros de hasta siete cifras<\/strong><\/p>\n<p><strong>Contenidos previos<\/strong><\/p>\n<p><a href=\"http:\/\/www.genmagic.org\/menuprogram\/mates1\/animmat1c.swf\" target=\"_blank\" rel=\"noopener\">NUMERACI\u00d3N: NIVEL 3<\/a><\/p>\n<p><a style=\"font-size: 14px;text-align: -webkit-center\" href=\"http:\/\/proyectodescartes.org\/uudd\/materiales_didacticos\/numeros2-JS\/index.htm\" target=\"_blank\" rel=\"noopener\">LOS N\u00daMEROS NATURALES: IDENTIFICACI\u00d3N Y ORDENACI\u00d3N<\/a><\/p>\n<p><a style=\"font-size: 14px;text-align: -webkit-center\" href=\"http:\/\/www.ceiploreto.es\/sugerencias\/cplosangeles.juntaextremadura.net\/web\/curso_4\/matematicas_4\/numeros_cinco_cifras_3\/numeros_cinco_cifras_3.html\" target=\"_blank\" rel=\"noopener\">N\u00daMEROS DE CINCO CIFRAS<\/a><\/p>\n<p><a style=\"font-size: 14px;text-align: -webkit-center\" href=\"http:\/\/bromera.com\/tl_files\/activitatsdigitals\/Capicua_4c_PF\/cas_C4_u01_08_2_numeracio.swf\" target=\"_blank\" rel=\"noopener\">ESCRIBE CON LETRA<\/a><\/p>\n<p><a style=\"font-size: 14px;text-align: -webkit-center\" href=\"http:\/\/bromera.com\/tl_files\/activitatsdigitals\/Capicua_4c_PF\/cas_C4_u12_49_1_numeracio.swf\" target=\"_blank\" rel=\"noopener\">REPRESENTA EN EL \u00c1BACO Y EN CIFRAS<\/a><\/p>\n<p><a style=\"font-size: 14px\" href=\"http:\/\/www.genmagic.org\/repositorio\/albums\/userpics\/descomp1c.swf\" target=\"_blank\" rel=\"noopener\">CRUCIGRAMA DE NUMERACI\u00d3N DECIMAL<\/a><\/p>\n<p><a href=\"http:\/\/clic.xtec.cat\/db\/jclicApplet.jsp?project=http:\/\/clic.xtec.cat\/projects\/numerac\/jclic\/numerac.jclic.zip&amp;lang=es&amp;title=Numeraci%F3n\" target=\"_blank\" rel=\"noopener\">Numeraci\u00f3n I<\/a><br \/>\n<a href=\"http:\/\/clic.xtec.cat\/db\/jclicApplet.jsp?project=http:\/\/clic.xtec.cat\/projects\/numeros4\/jclic\/numeros4.jclic.zip&amp;lang=es&amp;title=N%FAmeros+-+4\" target=\"_blank\" rel=\"noopener\">Numeraci\u00f3n II<\/a><br \/>\n<a href=\"http:\/\/clic.xtec.cat\/db\/jclicApplet.jsp?project=http:\/\/clic.xtec.cat\/projects\/numeradv\/jclic\/numeradv.jclic.zip&amp;lang=es&amp;title=Numeraci%F3\" target=\"_blank\" rel=\"noopener\">Numeraci\u00f3n III<\/a><br \/>\n<a href=\"http:\/\/www.clarionweb.es\/4_curso\/matematicas\/mat_401.htm\" target=\"_blank\" rel=\"noopener\">N\u00fameros con 5 cifras<\/a><\/p>\n<p><strong>N\u00fameros de seis cifras<\/strong><\/p>\n<p><a href=\"http:\/\/ntic.educacion.es\/w3\/eos\/MaterialesEducativos\/mem2008\/matematicas_primaria\/numeracion\/snd\/nombrenumeros.swf\" target=\"_blank\" rel=\"noopener\">EL NOMBRE DE LOS N\u00daMEROS<\/a><\/p>\n<p><a href=\"http:\/\/agrega2.red.es\/\/repositorio\/25012010\/0e\/es_2008050513_0230700\/index.html\" target=\"_blank\" rel=\"noopener\">N\u00daMEROS NATURALES MENORES QUE EL MILL\u00d3N<\/a><\/p>\n<p><a href=\"http:\/\/agrega.educa.madrid.org\/repositorio\/25032010\/0e\/es_2008050513_0230700\/index.html\" target=\"_blank\" rel=\"noopener\">N\u00daMEROS NATURALES MENORES QUE EL MILL\u00d3N<\/a><\/p>\n<p><a href=\"http:\/\/cerezo.pntic.mec.es\/maria8\/bimates\/numeracion\/numeros\/hasta20000.html\" target=\"_blank\" rel=\"noopener\">NUMERACI\u00d3N<\/a><\/p>\n<p><a href=\"http:\/\/www.ceiploreto.es\/sugerencias\/cplosangeles.juntaextremadura.net\/web\/curso_4\/matematicas_4\/numeros_seis_cifras_4\/numeros_seis_cifras_4.html\" target=\"_blank\" rel=\"noopener\">N\u00daMEROS DE SEIS CIFRAS<\/a><\/p>\n<p><strong>Sumar 99 a n\u00fameros de tres cifras<\/strong><\/p>\n<p><a href=\"http:\/\/www.eltanquematematico.es\/juegosparapensar5\/juegosparapensar_5_p.html\" target=\"_blank\" rel=\"noopener\">SUMAR 99 A UN N\u00daMERO DE TRES CIFRAS<\/a><\/p>\n<p><strong>N\u00fameros de siete cifras<\/strong><\/p>\n<p><a href=\"http:\/\/www.eltanquematematico.es\/fichas_num\/fichas_num_p.html\" target=\"_blank\" rel=\"noopener\">TRABAJAMOS CON LOS N\u00daMEROS<\/a><\/p>\n<p><a style=\"font-size: 14px;text-align: -webkit-center\" href=\"http:\/\/www.educa.jcyl.es\/educacyl\/cm\/zonaalumnos\/tkPopUp?pgseed=1168680284242&amp;idContent=20742&amp;locale=es_ES&amp;textOnly=false\" target=\"_blank\" rel=\"noopener\">HACIENDO N\u00daMEROS<\/a><\/p>\n<p><a style=\"font-size: 14px;text-align: -webkit-center\" href=\"http:\/\/www.testeando.es\/test.asp?idA=66&amp;idT=gqajhbrw\" target=\"_blank\" rel=\"noopener\">TEST: N\u00daMEROS DE 6 Y 7 CIFRAS<\/a><\/p>\n<p><a style=\"font-size: 14px;text-align: -webkit-center\" href=\"http:\/\/regletas.joseantoniocuadrado.com\/portada.swf\" target=\"_blank\" rel=\"noopener\">\u00c1BACOS: REPRESENTAR N\u00daMEROS (MILLONES)<\/a><\/p>\n<p><a style=\"font-size: 14px\" href=\"http:\/\/www.ceiploreto.es\/sugerencias\/cplosangeles.juntaextremadura.net\/web\/curso_4\/matematicas_4\/numeros_siete_cifras_4\/numeros_siete_cifras_4.html\" target=\"_blank\" rel=\"noopener\">N\u00daMEROS DE SIETE CIFRAS<\/a><\/p>\n<p><a href=\"http:\/\/www.clarionweb.es\/4_curso\/matematicas\/mat_402.htm\" target=\"_blank\" rel=\"noopener\">N\u00fameros con 6 y 7 cifras<\/a><\/p>\n<p><strong>Comparaci\u00f3n de n\u00fameros<\/strong><\/p>\n<p><a href=\"http:\/\/www.primaria.librosvivos.net\/archivosCMS\/3\/3\/16\/usuarios\/103294\/9\/ma4_u1_act1_bb\/frame_prim.swf\" target=\"_blank\" rel=\"noopener\">COMPARAR N\u00daMEROS<\/a><\/p>\n<p><a style=\"font-size: 14px;text-align: -webkit-center\" href=\"http:\/\/www.ceiploreto.es\/sugerencias\/A_1\/Recursosdidacticos\/CUARTO\/datos\/01_Mates\/datos\/05_rdi\/U01\/01.htm\" target=\"_blank\" rel=\"noopener\">EL SISTEMA DE NUMERACI\u00d3N DECIMAL<\/a><\/p>\n<p><a style=\"font-size: 14px;text-align: -webkit-center\" href=\"http:\/\/bromera.com\/tl_files\/activitatsdigitals\/Capicua_4c_PF\/cas_C4_u05_11_10_ordenar.swf\" target=\"_blank\" rel=\"noopener\">INDICA QU\u00c9 SIGNO ES EL CORRECTO<\/a><\/p>\n<p><a style=\"font-size: 14px\" href=\"http:\/\/www.portaleducativo.net\/ejercicios\/tercero\/matematica\/mayor_menor\/intro.swf\" target=\"_blank\" rel=\"noopener\">\u00bfMAYOR O MENOR?<\/a><\/p>\n<p><strong>Restar 99 a n\u00fameros de tres cifras<\/strong><\/p>\n<p><a href=\"http:\/\/bromera.com\/tl_files\/activitatsdigitals\/capicua_5c_PA\/C5_u15_213_2_calculMentalRapid_sumResta99.swf\" target=\"_blank\" rel=\"noopener\">SUMAR O RESTAR 99<\/a><\/p>\n<p><strong>Aproximaci\u00f3n de n\u00fameros (CM)<\/strong><\/p>\n<p><a href=\"http:\/\/www.ceiploreto.es\/sugerencias\/agrega\/Aproximacion_en_el_calculo\/contenido\/ma001_oa02_es\/index.html\" target=\"_blank\" rel=\"noopener\">REDONDEO A LA UNIDAD DE MILLAR<\/a><\/p>\n<p><a style=\"font-size: 14px;text-align: -webkit-center\" href=\"http:\/\/bromera.com\/tl_files\/activitatsdigitals\/Capicua_4c_PF\/cas_C4_u06_31_0_boletes_aprox.swf\" target=\"_blank\" rel=\"noopener\">APROXIMA A LOS MILLARES<\/a><\/p>\n<p><a style=\"font-size: 14px;text-align: -webkit-center\" href=\"http:\/\/www.ceiploreto.es\/sugerencias\/agrega\/Aproximacion_en_el_calculo\/contenido\/ma001_oa03_es\/index.html\" target=\"_blank\" rel=\"noopener\">REDONDEO A LA DECENA DE MILLAR<\/a><\/p>\n<p><a style=\"font-size: 14px;text-align: -webkit-center\" href=\"http:\/\/platea.pntic.mec.es\/jcarias\/mat\/numeros\/naturales\/2_aproximacion\/1_2.swf\" target=\"_blank\" rel=\"noopener\">APRENDE A APROXIMAR<\/a><\/p>\n<p><strong>\u00a1Sin problemas!<\/strong><\/p>\n<p><a href=\"http:\/\/www.primaria.librosvivos.net\/archivosCMS\/3\/3\/16\/usuarios\/103294\/9\/mt4_u1_act2_b\/frame_prim.swf\" target=\"_blank\" rel=\"noopener\">BUSCAR DATOS EN UNA TABLA<\/a><\/p>\n<p><a href=\"http:\/\/bromera.com\/tl_files\/activitatsdigitals\/Capicua_4c_PF\/cas_C4_u01_13_5_problemes.swf\" target=\"_blank\" rel=\"noopener\">SIN L\u00c1PIZ NI PAPEL<\/a><\/p>\n<p><strong>Sumar centenas exactas a un n\u00famero de tres o cuatro cifras<\/strong><\/p>\n<p><a href=\"http:\/\/www.eltanquematematico.es\/juegosparapensar5\/juegosparapensar_5_p.html\" target=\"_blank\" rel=\"noopener\">SUMAR CENTENAS COMPLETAS A UN N\u00daMERO DE TRES CIFRAS<\/a><\/p>\n<p><a href=\"http:\/\/hortamajor.edu.gva.es\/pruebas_calculo21\/calculo\/calculo3.swf\" target=\"_blank\" rel=\"noopener\">SUMAS 3: SUMAR CENTENAS<\/a><\/p>\n<p><strong>Restar centenas exactas a un n\u00famero de tres o cuatro cifras<\/strong><\/p>\n<p><a href=\"http:\/\/www.eltanquematematico.es\/juegosparapensar5\/juegosparapensar_5_p.html\" target=\"_blank\" rel=\"noopener\">RESTAR 100 A UN N\u00daMERO DE TRES CIFRAS<\/a><\/p>\n<p><a href=\"http:\/\/hortamajor.edu.gva.es\/pruebas_calculo21\/calculo\/calculo3.swf\" target=\"_blank\" rel=\"noopener\">RESTAS 3: CENTENAS<\/a><\/p>\n<p><strong>Sumar y restar millares exactos a n\u00fameros de cuatro cifras<\/strong><\/p>\n<p><a href=\"http:\/\/www.eltanquematematico.es\/operatoria1\/operatoria_1_p.html\" target=\"_blank\" rel=\"noopener\">10. RESTAR DECENAS, CENTENAS Y MILLARES COMPLETOS A UN N\u00daMERO<\/a><\/p>\n<p><a href=\"http:\/\/www.primaria.librosvivos.net\/actividades\/flashActividadesPrimariaPub\/examen.swf?idejecucion=1642\" target=\"_blank\" rel=\"noopener\">AUTOEVALUACI\u00d3N DE LA UNIDAD<\/a><\/p>\n","protected":false},"excerpt":{"rendered":"<p>N\u00fameros de hasta siete cifras Contenidos previos NUMERACI\u00d3N: NIVEL 3 LOS N\u00daMEROS NATURALES: IDENTIFICACI\u00d3N Y ORDENACI\u00d3N N\u00daMEROS DE CINCO CIFRAS ESCRIBE CON LETRA REPRESENTA EN EL \u00c1BACO Y EN CIFRAS CRUCIGRAMA DE NUMERACI\u00d3N DECIMAL Numeraci\u00f3n I Numeraci\u00f3n II Numeraci\u00f3n III N\u00fameros con 5 cifras N\u00fameros de seis cifras EL NOMBRE DE LOS N\u00daMEROS N\u00daMEROS NATURALES &hellip; <\/p>\n<p><a class=\"more-link btn\" href=\"https:\/\/blogsaverroes.juntadeandalucia.es\/ceipaznaitin\/matematicas-4o-tema-1\/\">Seguir leyendo<\/a><\/p>\n","protected":false},"author":2805,"featured_media":0,"parent":0,"menu_order":0,"comment_status":"closed","ping_status":"closed","template":"","meta":{"ngg_post_thumbnail":0,"footnotes":"","_mc_calendar":[]},"aioseo_notices":[],"_links":{"self":[{"href":"https:\/\/blogsaverroes.juntadeandalucia.es\/ceipaznaitin\/wp-json\/wp\/v2\/pages\/5307"}],"collection":[{"href":"https:\/\/blogsaverroes.juntadeandalucia.es\/ceipaznaitin\/wp-json\/wp\/v2\/pages"}],"about":[{"href":"https:\/\/blogsaverroes.juntadeandalucia.es\/ceipaznaitin\/wp-json\/wp\/v2\/types\/page"}],"author":[{"embeddable":true,"href":"https:\/\/blogsaverroes.juntadeandalucia.es\/ceipaznaitin\/wp-json\/wp\/v2\/users\/2805"}],"replies":[{"embeddable":true,"href":"https:\/\/blogsaverroes.juntadeandalucia.es\/ceipaznaitin\/wp-json\/wp\/v2\/comments?post=5307"}],"version-history":[{"count":11,"href":"https:\/\/blogsaverroes.juntadeandalucia.es\/ceipaznaitin\/wp-json\/wp\/v2\/pages\/5307\/revisions"}],"predecessor-version":[{"id":5320,"href":"https:\/\/blogsaverroes.juntadeandalucia.es\/ceipaznaitin\/wp-json\/wp\/v2\/pages\/5307\/revisions\/5320"}],"wp:attachment":[{"href":"https:\/\/blogsaverroes.juntadeandalucia.es\/ceipaznaitin\/wp-json\/wp\/v2\/media?parent=5307"}],"curies":[{"name":"wp","href":"https:\/\/api.w.org\/{rel}","templated":true}]}}