{"id":5321,"date":"2018-03-08T11:24:49","date_gmt":"2018-03-08T09:24:49","guid":{"rendered":"http:\/\/blogsaverroes.juntadeandalucia.es\/ceipaznaitin\/?page_id=5321"},"modified":"2018-03-08T11:30:04","modified_gmt":"2018-03-08T09:30:04","slug":"matematicas-4o-tema-2","status":"publish","type":"page","link":"https:\/\/blogsaverroes.juntadeandalucia.es\/ceipaznaitin\/matematicas-4o-tema-2\/","title":{"rendered":"Matem\u00e1ticas 4\u00ba Tema 2"},"content":{"rendered":"<p><strong>Suma y resta<\/strong><\/p>\n<p><strong>Contenidos previos<\/strong><\/p>\n<p><a href=\"http:\/\/www.crienaturavila.com\/crie_httpdocs\/mate\/suma54.html\" target=\"_blank\" rel=\"noopener\">SUMAS DE N\u00daMEROS NATURALES<\/a><\/p>\n<p><a style=\"font-size: 14px;text-align: -webkit-center\" href=\"http:\/\/www.crienaturavila.com\/crie_httpdocs\/mate\/resta54.html\" target=\"_blank\" rel=\"noopener\">RESTAS DE N\u00daMEROS NATURALES<\/a><\/p>\n<p><a style=\"font-size: 14px;text-align: -webkit-center\" href=\"http:\/\/agrega2.red.es\/\/repositorio\/25012010\/18\/es_2008050513_0230800\/mt08_oa01_es\/index.html\" target=\"_blank\" rel=\"noopener\">T\u00c9RMINOS DE LAS DOS OPERACIONES<\/a><\/p>\n<p><a style=\"font-size: 14px;text-align: -webkit-center\" href=\"http:\/\/calasanz.edu.gva.es\/7_ejercicios\/matematicas\/mate3pri\/4_01restas.html\" target=\"_blank\" rel=\"noopener\">LOS T\u00c9RMINOS DE LA RESTA<\/a><\/p>\n<p><a style=\"font-size: 14px;text-align: -webkit-center\" href=\"https:\/\/074f39be57f6cd6b1ebab2e6c1f05fa1389b9d22.googledrive.com\/host\/0B1Vgtb2eYp9SZlduMHFrNXB3cDQ\/\" target=\"_blank\" rel=\"noopener\">RECUERDA LO QUE SABES<\/a><\/p>\n<p><strong>Uso del par\u00e9ntesis<\/strong><\/p>\n<p><a href=\"http:\/\/www.ceiploreto.es\/sugerencias\/A_1\/Recursosdidacticos\/CUARTO\/datos\/01_Mates\/datos\/05_rdi\/U02\/03.htm\" target=\"_blank\" rel=\"noopener\">SUMAS, RESTAS Y PAR\u00c9NTESIS<\/a><\/p>\n<p><a href=\"http:\/\/www.ceiploreto.es\/sugerencias\/cplosangeles.juntaextremadura.net\/web\/curso_4\/matematicas_4\/resta_4\/resta_4.html\" target=\"_blank\" rel=\"noopener\">LA RESTA<\/a><\/p>\n<p><strong>Propiedades de la suma y de la resta<\/strong><\/p>\n<p><a href=\"http:\/\/agrega2.red.es\/\/repositorio\/25012010\/18\/es_2008050513_0230800\/mt08_oa05_es\/index.html\" target=\"_blank\" rel=\"noopener\">PROPIEDAD CONMUTATIVA DE LA SUMA<\/a><\/p>\n<p><a style=\"font-size: 14px;text-align: -webkit-center\" href=\"http:\/\/www.ceiploreto.es\/sugerencias\/A_1\/Recursosdidacticos\/QUINTO\/datos\/03_Mates\/datos\/05_rdi\/ud02\/1\/01.htm\" target=\"_blank\" rel=\"noopener\">PROPIEDADES DE LA SUMA<\/a><\/p>\n<p><a style=\"font-size: 14px;text-align: -webkit-center\" href=\"http:\/\/www.ceiploreto.es\/sugerencias\/cplosangeles.juntaextremadura.net\/web\/curso_4\/matematicas_4\/suma_4\/suma_4.html\" target=\"_blank\" rel=\"noopener\">LA SUMA<\/a><\/p>\n<p><a style=\"font-size: 14px;text-align: -webkit-center\" href=\"http:\/\/bromera.com\/tl_files\/activitatsdigitals\/Capicua_4c_PF\/cas_C4_u02_24_4_estatic_sumes3.swf\" target=\"_blank\" rel=\"noopener\">CALCULA<\/a><\/p>\n<p><a style=\"font-size: 14px;text-align: -webkit-center\" href=\"http:\/\/bromera.com\/tl_files\/activitatsdigitals\/Capicua_4c_PF\/cas_C4_u12_56_2_calculMental_estatic.swf\" target=\"_blank\" rel=\"noopener\">APLICA LAS ESTRATEGIAS DE C\u00c1LCULO<\/a><\/p>\n<p><a style=\"font-size: 14px;text-align: -webkit-center\" href=\"http:\/\/regletas.joseantoniocuadrado.com\/portada.swf\" target=\"_blank\" rel=\"noopener\">REGLETAS: SUMAR (P. CONMUTATIVA)<\/a><\/p>\n<p><a style=\"font-size: 14px;text-align: -webkit-center\" href=\"http:\/\/regletas.joseantoniocuadrado.com\/portada.swf\" target=\"_blank\" rel=\"noopener\">REGLETAS: SUMAR (P. ASOCIATIVA)<\/a><\/p>\n<p><a style=\"font-size: 14px;text-align: -webkit-center\" href=\"http:\/\/regletas.joseantoniocuadrado.com\/portada.swf\" target=\"_blank\" rel=\"noopener\">\u00c1BACOS: SUMAR (VARIAS)<\/a><\/p>\n<p><a style=\"font-size: 14px;text-align: -webkit-center\" href=\"http:\/\/proyectodescartes.org\/uudd\/materiales_didacticos\/resta2-JS\/propieda.htm\" target=\"_blank\" rel=\"noopener\">PROPIEDAD FUNDAMENTAL DE LA RESTA<\/a><\/p>\n<p><strong>Prueba de la resta<\/strong><\/p>\n<p><a href=\"http:\/\/www.eltanquematematico.es\/todo_mate\/laresta\/laresta_p.html\" target=\"_blank\" rel=\"noopener\">PRUEBA DE LA RESTA<\/a><\/p>\n<p><a href=\"http:\/\/www.primaria.librosvivos.net\/archivosCMS\/3\/3\/16\/usuarios\/103294\/9\/U4_Mt3_pruebaresta\/frame_prim.swf\" target=\"_blank\" rel=\"noopener\">LA PRUEBA DE LA RESTA<\/a><\/p>\n<p><strong>\u00a1Sin problemas!<\/strong><\/p>\n<p><a href=\"http:\/\/www.primaria.librosvivos.net\/archivosCMS\/3\/3\/16\/usuarios\/103294\/9\/4EP_mat_ud2_ai02\/frame_prim.swf\" target=\"_blank\" rel=\"noopener\">ESTIMAR EL TOTAL DE UNA COMPRA<\/a><\/p>\n<p><a style=\"font-size: 14px;text-align: -webkit-center\" href=\"http:\/\/2633518-0.web-hosting.es\/blog\/manipulables\/problemas\/escenas1c.swf\" target=\"_blank\" rel=\"noopener\">PROBLEMAS ARITM\u00c9TICOS ESCOLARES<\/a><\/p>\n<p><a style=\"font-size: 14px;text-align: -webkit-center\" href=\"http:\/\/2633518-0.web-hosting.es\/blog\/manipulables\/numeracion\/diana.swf\" target=\"_blank\" rel=\"noopener\">DIANA DE SUMAS<\/a><\/p>\n<p><a style=\"font-size: 14px;text-align: -webkit-center\" href=\"http:\/\/2633518-0.web-hosting.es\/blog\/manipulables\/problemas\/adivinacompleta.swf\" target=\"_blank\" rel=\"noopener\">ADIVINA Y COMPLETA<\/a><\/p>\n<p><a style=\"font-size: 14px;text-align: -webkit-center\" href=\"http:\/\/www.ceiploreto.es\/sugerencias\/ecuador\/matematicas\/4_adicion_y_sustraccion\/index.html\" target=\"_blank\" rel=\"noopener\">ADICI\u00d3N Y SUSTRACCI\u00d3N<\/a><\/p>\n<p><a style=\"font-size: 14px;text-align: -webkit-center\" href=\"http:\/\/www.ceipjuanherreraalcausa.es\/Recursosdidacticos\/ANAYA%20DIGITAL\/CUARTO\/Matematicas\/01_024_cuadro_teorico\/\" target=\"_blank\" rel=\"noopener\">SIGO UNOS PASOS<\/a><\/p>\n<p><a style=\"font-size: 14px\" href=\"http:\/\/www.genmagic.org\/repositorio\/albums\/userpics\/pensa4c.swf\" target=\"_blank\" rel=\"noopener\">PIENSA UN POCO<\/a><\/p>\n<p><strong>Sumar 21, 31, 41 a n\u00fameros de dos cifras<\/strong><\/p>\n<p><a href=\"http:\/\/hortamajor.edu.gva.es\/pruebas_calculo21\/calculo\/calculo3.swf\" target=\"_blank\" rel=\"noopener\">SUMAS 2: SUMAR DECENAS +1<\/a><\/p>\n<p><a href=\"http:\/\/www.primaria.librosvivos.net\/actividades\/flashActividadesPrimariaPub\/examen.swf?idejecucion=1644\" target=\"_blank\" rel=\"noopener\">AUTOEVALUACI\u00d3N DE LA UNIDAD<\/a><\/p>\n","protected":false},"excerpt":{"rendered":"<p>Suma y resta Contenidos previos SUMAS DE N\u00daMEROS NATURALES RESTAS DE N\u00daMEROS NATURALES T\u00c9RMINOS DE LAS DOS OPERACIONES LOS T\u00c9RMINOS DE LA RESTA RECUERDA LO QUE SABES Uso del par\u00e9ntesis SUMAS, RESTAS Y PAR\u00c9NTESIS LA RESTA Propiedades de la suma y de la resta PROPIEDAD CONMUTATIVA DE LA SUMA PROPIEDADES DE LA SUMA LA SUMA &hellip; <\/p>\n<p><a class=\"more-link btn\" href=\"https:\/\/blogsaverroes.juntadeandalucia.es\/ceipaznaitin\/matematicas-4o-tema-2\/\">Seguir leyendo<\/a><\/p>\n","protected":false},"author":2805,"featured_media":0,"parent":0,"menu_order":0,"comment_status":"closed","ping_status":"closed","template":"","meta":{"ngg_post_thumbnail":0,"footnotes":"","_mc_calendar":[]},"aioseo_notices":[],"_links":{"self":[{"href":"https:\/\/blogsaverroes.juntadeandalucia.es\/ceipaznaitin\/wp-json\/wp\/v2\/pages\/5321"}],"collection":[{"href":"https:\/\/blogsaverroes.juntadeandalucia.es\/ceipaznaitin\/wp-json\/wp\/v2\/pages"}],"about":[{"href":"https:\/\/blogsaverroes.juntadeandalucia.es\/ceipaznaitin\/wp-json\/wp\/v2\/types\/page"}],"author":[{"embeddable":true,"href":"https:\/\/blogsaverroes.juntadeandalucia.es\/ceipaznaitin\/wp-json\/wp\/v2\/users\/2805"}],"replies":[{"embeddable":true,"href":"https:\/\/blogsaverroes.juntadeandalucia.es\/ceipaznaitin\/wp-json\/wp\/v2\/comments?post=5321"}],"version-history":[{"count":8,"href":"https:\/\/blogsaverroes.juntadeandalucia.es\/ceipaznaitin\/wp-json\/wp\/v2\/pages\/5321\/revisions"}],"predecessor-version":[{"id":5331,"href":"https:\/\/blogsaverroes.juntadeandalucia.es\/ceipaznaitin\/wp-json\/wp\/v2\/pages\/5321\/revisions\/5331"}],"wp:attachment":[{"href":"https:\/\/blogsaverroes.juntadeandalucia.es\/ceipaznaitin\/wp-json\/wp\/v2\/media?parent=5321"}],"curies":[{"name":"wp","href":"https:\/\/api.w.org\/{rel}","templated":true}]}}