{"id":5333,"date":"2018-03-08T11:30:25","date_gmt":"2018-03-08T09:30:25","guid":{"rendered":"http:\/\/blogsaverroes.juntadeandalucia.es\/ceipaznaitin\/?page_id=5333"},"modified":"2018-03-08T11:41:06","modified_gmt":"2018-03-08T09:41:06","slug":"matematicas-4o-tema-3","status":"publish","type":"page","link":"https:\/\/blogsaverroes.juntadeandalucia.es\/ceipaznaitin\/matematicas-4o-tema-3\/","title":{"rendered":"Matem\u00e1ticas 4\u00ba Tema 3"},"content":{"rendered":"<p><strong>Multiplicaci\u00f3n<\/strong><\/p>\n<p><strong>Contenidos previos<\/strong><\/p>\n<p><a href=\"http:\/\/www.ceiploreto.es\/sugerencias\/A_1\/Recursosdidacticos\/TERCERO\/datos\/03_mates\/U05\/02.htm\" target=\"_blank\" rel=\"noopener\">MULTIPLICACIONES CON LLEVADAS<\/a><\/p>\n<p><a style=\"font-size: 14px;text-align: -webkit-center\" href=\"http:\/\/cerezo.pntic.mec.es\/maria8\/bimates\/operaciones\/multi\/por1cifra.html\" target=\"_blank\" rel=\"noopener\">MULTIPLICACIONES<\/a><\/p>\n<p><a style=\"font-size: 14px;text-align: -webkit-center\" href=\"http:\/\/www.primaria.librosvivos.net\/archivosCMS\/3\/3\/16\/usuarios\/103294\/9\/mt3_u6_act1\/frame_prim.swf\" target=\"_blank\" rel=\"noopener\">PRACTICAR LA MULTIPLICACI\u00d3N<\/a><\/p>\n<p><a style=\"font-size: 14px;text-align: -webkit-center\" href=\"http:\/\/www.ceiploreto.es\/sugerencias\/cplosangeles.juntaextremadura.net\/web\/curso_3\/matematicas\/producto02_3\/producto02_3.html\" target=\"_blank\" rel=\"noopener\">PRACTICA LA MULTIPLICACI\u00d3N<\/a><\/p>\n<p><a style=\"font-size: 14px;text-align: -webkit-center\" href=\"http:\/\/www.ceiploreto.es\/sugerencias\/vindel\/espacio.swf\" target=\"_blank\" rel=\"noopener\">LA BATALLA DEL C\u00c1LCULO MENTAL<\/a><\/p>\n<p><a style=\"font-size: 14px;text-align: -webkit-center\" href=\"http:\/\/bromera.com\/tl_files\/activitatsdigitals\/Capicua_3c_PF\/cas_C3_u05_12_3_operacionsDirectes.swf\" target=\"_blank\" rel=\"noopener\">RESUELVE ESTAS MULTIPLICACIONES<\/a><\/p>\n<p><a style=\"font-size: 14px;text-align: -webkit-center\" href=\"http:\/\/calasanz.edu.gva.es\/7_ejercicios\/matematicas\/mate3pri\/7_multi14.html\" target=\"_blank\" rel=\"noopener\">MULTIPLICAMOS POR 10, 100 Y 1.000<\/a><\/p>\n<p><a style=\"font-size: 14px;text-align: -webkit-center\" href=\"http:\/\/www.ceiploreto.es\/sugerencias\/agrega-2curso\/Multiplicacion_por_10,_100\/contenido\/ma003\/ma003_oa02\/index_es.html\" target=\"_blank\" rel=\"noopener\">MULTIPLICAR POR 10, 100, 1.000<\/a><\/p>\n<p><a style=\"font-size: 14px;text-align: -webkit-center\" href=\"http:\/\/www.ceiploreto.es\/sugerencias\/agrega-2curso\/Multiplicacion_por_10,_100\/index.html\" target=\"_blank\" rel=\"noopener\">MULTIPLICAR POR 10, 100, 1.000<\/a><\/p>\n<p><a style=\"font-size: 14px;text-align: -webkit-center\" href=\"http:\/\/www.ceiploreto.es\/sugerencias\/agrega-2curso\/Automatizacion_del_producto\/contenido\/ma003\/ma003_oa03\/index_es.html\" target=\"_blank\" rel=\"noopener\">AUTOMATIZACI\u00d3N DEL PRODUCTO POR LA UNIDAD SEGUIDA DE CEROS<\/a><\/p>\n<p><a style=\"font-size: 14px;text-align: -webkit-center\" href=\"http:\/\/www.ceiploreto.es\/sugerencias\/agrega-2curso\/Automatizacion_del_producto\/index.html\" target=\"_blank\" rel=\"noopener\">AUTOMATIZACI\u00d3N DEL PRODUCTO POR LA UNIDAD SEGUIDA DE CEROS<\/a><\/p>\n<p><a style=\"font-size: 14px;text-align: -webkit-center\" href=\"http:\/\/www.ceiploreto.es\/sugerencias\/agrega-2curso\/Calculo_mental_de_productos\/contenido\/ma003\/ma003_oa04\/index_es.html\" target=\"_blank\" rel=\"noopener\">C\u00c1LCULO MENTAL DE PRODUCTOS POR LA UNIDAD SEGUIDA DE CEROS<\/a><\/p>\n<p><a style=\"font-size: 14px;text-align: -webkit-center\" href=\"http:\/\/www.ceiploreto.es\/sugerencias\/agrega-2curso\/Calculo_mental_de_productos\/index.html\" target=\"_blank\" rel=\"noopener\">C\u00c1LCULO MENTAL DE PRODUCTOS POR LA UNIDAD SEGUIDA DE CEROS<\/a><\/p>\n<p><strong>Propiedad conmutativa y asociativa<\/strong><\/p>\n<p><a href=\"http:\/\/www.ceiploreto.es\/sugerencias\/A_1\/Recursosdidacticos\/CUARTO\/datos\/01_Mates\/datos\/05_rdi\/U03\/01.htm\" target=\"_blank\" rel=\"noopener\">PROPIEDADES DE LA MULTIPLICACI\u00d3N<\/a><\/p>\n<p><a style=\"font-size: 14px;text-align: -webkit-center\" href=\"http:\/\/agrega2.red.es\/\/repositorio\/25012010\/65\/es_2008050513_0230900\/mt09_oa05_es\/index.html\" target=\"_blank\" rel=\"noopener\">PROPIEDADES DE LA MULTIPLICACI\u00d3N Y LA DIVISI\u00d3N<\/a><\/p>\n<p><a style=\"font-size: 14px;text-align: -webkit-center\" href=\"http:\/\/proyectodescartes.org\/uudd\/materiales_didacticos\/multipli-JS\/conmutat.htm\" target=\"_blank\" rel=\"noopener\">PROPIEDAD CONMUTATIVA DE LA MULTIPLICACI\u00d3N<\/a><\/p>\n<p><a style=\"font-size: 14px;text-align: -webkit-center\" href=\"http:\/\/proyectodescartes.org\/uudd\/materiales_didacticos\/multipli-JS\/asociat.htm\" target=\"_blank\" rel=\"noopener\">PROPIEDAD ASOCIATIVA DE LA MULTIPLICACI\u00d3N<\/a><\/p>\n<p><a style=\"font-size: 14px;text-align: -webkit-center\" href=\"http:\/\/bromera.com\/tl_files\/activitatsdigitals\/Capicua_4c_PF\/cas_C4_u06_24_2_calculMental_estatic.swf\" target=\"_blank\" rel=\"noopener\">APLICA LA PROPIEDAD ASOCIATIVA<\/a><\/p>\n<p><a style=\"font-size: 14px;text-align: -webkit-center\" href=\"http:\/\/regletas.joseantoniocuadrado.com\/portada.swf\" target=\"_blank\" rel=\"noopener\">REGLETAS: MULTIPLICAR (MULTIPLICAR 3 N\u00daMEROS)<\/a><\/p>\n<p><strong>Propiedad distributiva con respecto a la suma<\/strong><\/p>\n<p><a href=\"http:\/\/www.ceipjuanherreraalcausa.es\/Recursosdidacticos\/ANAYA%20DIGITAL\/CUARTO\/Matematicas\/2_34_1_cuadro_teorico\/\" target=\"_blank\" rel=\"noopener\">LA PROPIEDAD DISTRIBUTIVA<\/a><\/p>\n<p><a href=\"http:\/\/www.genmagic.net\/mates4\/distributiva_c.swf\" target=\"_blank\" rel=\"noopener\">PROPIEDAD DISTRIBUTIVA<\/a><\/p>\n<p><strong>Multiplicaci\u00f3n por un n\u00famero de dos cifras<\/strong><\/p>\n<p><a href=\"http:\/\/www.genmagic.net\/menuprogram\/mates1\/animmat3c.swf\" target=\"_blank\" rel=\"noopener\">MULTIPLICACIONES: NIVEL 2<\/a><\/p>\n<p><a style=\"font-size: 14px;text-align: -webkit-center\" href=\"http:\/\/www.ceiploreto.es\/sugerencias\/averroes\/educativa\/multi_2.html\" target=\"_blank\" rel=\"noopener\">MULTIPLICACIONES POR DOS CIFRAS<\/a><\/p>\n<p><a style=\"font-size: 14px;text-align: -webkit-center\" href=\"http:\/\/www.ceiploreto.es\/sugerencias\/cplosangeles.juntaextremadura.net\/web\/curso_4\/matematicas_4\/multiplicacion_4\/multiplicacion_4.html\" target=\"_blank\" rel=\"noopener\">MULTIPLICACI\u00d3N<\/a><\/p>\n<p><a style=\"font-size: 14px;text-align: -webkit-center\" href=\"http:\/\/bromera.com\/tl_files\/activitatsdigitals\/Capicua_4c_PF\/cas_C4_u06_29_9_operacionsDirectes.swf\" target=\"_blank\" rel=\"noopener\">CALCULA ESTAS MULTIPLICACIONES<\/a><\/p>\n<p><a style=\"font-size: 14px\" href=\"http:\/\/www.ceiploreto.es\/sugerencias\/agrega_matematicas_3\/generador_multiplicaciones\/index.html\" target=\"_blank\" rel=\"noopener\">GENERADOR DE MULTIPLICACIONES<\/a><\/p>\n<p><a style=\"font-size: 14px;text-align: -webkit-center\" href=\"http:\/\/regletas.joseantoniocuadrado.com\/portada.swf\" target=\"_blank\" rel=\"noopener\">\u00c1BACOS: MULTIPLICAR (MULTIPLICACI\u00d3N)<\/a><\/p>\n<p><a style=\"font-size: 14px;text-align: -webkit-center\" href=\"http:\/\/www.crienaturavila.com\/crie_httpdocs\/mate\/producto02.html\" target=\"_blank\" rel=\"noopener\">PRODUCTOS DE N\u00daMEROS NATURALES<\/a><\/p>\n<p><a href=\"http:\/\/clic.xtec.cat\/db\/jclicApplet.jsp?project=http:\/\/clic.xtec.cat\/projects\/tablamul\/jclic\/tablamul.jclic.zip&amp;lang=es&amp;title=Las+tablas+de+multiplicar+-+2\" target=\"_blank\" rel=\"noopener\">Actividades de ejercitaci\u00f3n<\/a><br \/>\n<a href=\"http:\/\/clic.xtec.cat\/db\/jclicApplet.jsp?project=http:\/\/clic.xtec.cat\/projects\/opera2\/jclic\/opera2.jclic.zip&amp;lang=es&amp;title=Las+operaciones+-+2\" target=\"_blank\" rel=\"noopener\">Multiplicaciones<\/a><br \/>\n<a href=\"http:\/\/clic.xtec.cat\/db\/jclicApplet.jsp?project=http:\/\/clic.xtec.cat\/projects\/mat2ciclo\/jclic\/mat2ciclo.jclic.zip&amp;lang=es&amp;title=Mat-2c\" target=\"_blank\" rel=\"noopener\">Multiplicaci\u00f3n<\/a><br \/>\n<a href=\"http:\/\/www.clarionweb.es\/4_curso\/matematicas\/mat_404.htm\" target=\"_blank\" rel=\"noopener\">La multiplicaci\u00f3n<\/a><\/p>\n<p><strong>Multiplicaci\u00f3n por un n\u00famero de tres cifras<\/strong><\/p>\n<p><a href=\"http:\/\/www.ceiploreto.es\/sugerencias\/averroes\/educativa\/multi_3.html\" target=\"_blank\" rel=\"noopener\">MULTIPLICACIONES POR TRES CIFRAS<\/a><\/p>\n<p><a style=\"font-size: 14px;text-align: -webkit-center\" href=\"http:\/\/www.primaria.librosvivos.net\/archivosCMS\/3\/3\/16\/usuarios\/103294\/9\/4EP_mat_ud3_ai01\/frame_prim.swf\" target=\"_blank\" rel=\"noopener\">MULTIPLICAR POR VARIAS CIFRAS<\/a><\/p>\n<p><a style=\"font-size: 14px;text-align: -webkit-center\" href=\"http:\/\/www.ceiploreto.es\/sugerencias\/A_1\/Recursosdidacticos\/CUARTO\/datos\/01_Mates\/datos\/05_rdi\/U03\/03.htm\" target=\"_blank\" rel=\"noopener\">DOS O TRES CIFRAS EN EL MULTIPLICADOR<\/a><\/p>\n<p><a style=\"font-size: 14px;text-align: -webkit-center\" href=\"http:\/\/www.ceiploreto.es\/sugerencias\/A_1\/Recursosdidacticos\/CUARTO\/datos\/01_Mates\/datos\/05_rdi\/U03\/04.htm\" target=\"_blank\" rel=\"noopener\">CON CEROS INTERMEDIOS EN EL MULTIPLICADOR<\/a><\/p>\n<p><a style=\"font-size: 14px;text-align: -webkit-center\" href=\"http:\/\/genmagic.net\/repositorio\/displayimage.php?pos=-210\" target=\"_blank\" rel=\"noopener\">N\u00daMEROS DESAPARECIDOS<\/a><\/p>\n<p><a style=\"font-size: 14px;text-align: -webkit-center\" href=\"http:\/\/proyectodescartes.org\/uudd\/materiales_didacticos\/multipli-JS\/index.htm\" target=\"_blank\" rel=\"noopener\">LA MULTIPLICACI\u00d3N<\/a><\/p>\n<p><a style=\"font-size: 14px;text-align: -webkit-center\" href=\"http:\/\/cerezo.pntic.mec.es\/maria8\/bimates\/operaciones\/multi\/por1cifra.html\" target=\"_blank\" rel=\"noopener\">MULTIPLICACIONES<\/a><\/p>\n<p><a style=\"font-size: 14px;text-align: -webkit-center\" href=\"http:\/\/www.ceiploreto.es\/sugerencias\/A_1\/Recursosdidacticos\/CUARTO\/datos\/01_Mates\/datos\/05_rdi\/U03\/05.htm\" target=\"_blank\" rel=\"noopener\">CON CEROS FINALES EN LOS FACTORES<\/a><\/p>\n<p><a style=\"font-size: 14px;text-align: -webkit-center\" href=\"http:\/\/www.ceiploreto.es\/sugerencias\/cplosangeles.juntaextremadura.net\/web\/curso_4\/matematicas_4\/practica_multiplicacion_4\/practica_multiplicacion_4.html\" target=\"_blank\" rel=\"noopener\">PRACTICA LA MULTIPLICACI\u00d3N<\/a><\/p>\n<p><a style=\"font-size: 14px;text-align: -webkit-center\" href=\"http:\/\/www.testeando.es\/test.asp?idA=66&amp;idT=jakmqlbg\" target=\"_blank\" rel=\"noopener\">TEST: MULTIPLICACI\u00d3N POR DOS Y TRES CIFRAS<\/a><\/p>\n<p><a style=\"font-size: 14px;text-align: -webkit-center\" href=\"http:\/\/www.ceipjuanherreraalcausa.es\/Recursosdidacticos\/ANAYA%20DIGITAL\/CUARTO\/Matematicas\/2_42_1_cuadro_corr\/\" target=\"_blank\" rel=\"noopener\">ALGUNOS CASOS ESPECIALES DE LA MULTIPLICACI\u00d3N<\/a><\/p>\n<p><a style=\"font-size: 14px;text-align: -webkit-center\" href=\"http:\/\/www.eltanquematematico.es\/proyectoNEWTON\/descubre\/mult_incompletas_p.html\" target=\"_blank\" rel=\"noopener\">MULTIPLICACIONES INCOMPLETAS<\/a><\/p>\n<p><a style=\"font-size: 14px;text-align: -webkit-center\" href=\"http:\/\/www.crienaturavila.com\/crie_httpdocs\/mate\/producto03.html\" target=\"_blank\" rel=\"noopener\">PRODUCTOS DE N\u00daMEROS NATURALES<\/a><\/p>\n<p><strong>Potencias. Cuadrados y cubos. Potencias de base 10<\/strong><\/p>\n<p><a href=\"http:\/\/www.eltanquematematico.es\/laspotencias\/cuadrado\/cuadrados_p.html\" target=\"_blank\" rel=\"noopener\">N\u00daMEROS AL CUADRADO<\/a><\/p>\n<p><a class=\"Estilo4\" style=\"font-size: 14px;text-align: -webkit-center\" href=\"http:\/\/w3.cnice.mec.es\/recursos\/primaria\/matematicas\/conmates\/unid-5\/el-cuadrado-de-un-n.htm\" target=\"_blank\" rel=\"noopener\">EL CUADRADO DE UN N\u00ba NATURAL<\/a><\/p>\n<p><a style=\"font-size: 14px;text-align: -webkit-center\" href=\"http:\/\/www.eltanquematematico.es\/laspotencias\/cubo\/cubos_p.html\" target=\"_blank\" rel=\"noopener\">N\u00daMEROS AL CUBO<\/a><\/p>\n<p><a class=\"Estilo4\" style=\"font-size: 14px;text-align: -webkit-center\" href=\"http:\/\/w3.cnice.mec.es\/recursos\/primaria\/matematicas\/conmates\/unid-5\/el_cubo_de_un_n.htm\" target=\"_blank\" rel=\"noopener\">EL CUBO DE UN N\u00daMERO NATURAL<\/a><\/p>\n<p><a class=\"Estilo2\" style=\"font-size: 14px;text-align: -webkit-center\" href=\"http:\/\/www.eltanquematematico.es\/laspotencias\/potencias10\/potencias10_p.html\" target=\"_blank\" rel=\"noopener\">POTENCIAS DE BASE 10<\/a><\/p>\n<p><a style=\"font-size: 14px;text-align: -webkit-center\" href=\"http:\/\/bromera.com\/tl_files\/activitatsdigitals\/capicua_6c_PA\/C6_u03_38_5_ordenar_potencies10.swf\" target=\"_blank\" rel=\"noopener\">POTENCIAS DE 10<\/a><\/p>\n<p><strong>\u00a1Sin problemas!<\/strong><\/p>\n<p><a href=\"http:\/\/www.primaria.librosvivos.net\/archivosCMS\/3\/3\/16\/usuarios\/103294\/9\/4EP_mat_ud3_ai02\/frame_prim.swf\" target=\"_blank\" rel=\"noopener\">BUSCAR LOS DATOS EN UN TEXTO<\/a><\/p>\n<p><a style=\"font-size: 14px;text-align: -webkit-center\" href=\"http:\/\/www.ceiploreto.es\/sugerencias\/ecuador\/matematicas\/4_problemas_relacionados_multiplicacion\/index.html\" target=\"_blank\" rel=\"noopener\">MULTIPLICACI\u00d3N<\/a><\/p>\n<p><a style=\"font-size: 14px;text-align: -webkit-center\" href=\"http:\/\/www.ceiploreto.es\/sugerencias\/ecuador\/matematicas\/4_modelos_grupal_multiplicacion\/index.html\" target=\"_blank\" rel=\"noopener\">MODELOS GRUPAL, GEOM\u00c9TRICO Y LINEAL DE LA MULTIPLICACI\u00d3N<\/a><\/p>\n<p><a style=\"font-size: 14px;text-align: -webkit-center\" href=\"http:\/\/www.ceiploreto.es\/sugerencias\/ecuador\/matematicas\/4_patrones_numericos_crecientes\/index.html\" target=\"_blank\" rel=\"noopener\">PATRONES NUM\u00c9RICOS CRECIENTES<\/a><\/p>\n<p><a style=\"font-size: 14px;text-align: -webkit-center\" href=\"http:\/\/www.ceipjuanherreraalcausa.es\/Recursosdidacticos\/ANAYA%20DIGITAL\/CUARTO\/Matematicas\/2_38_1_resol_corr\/\" target=\"_blank\" rel=\"noopener\">RESUELVO PROBLEMAS<\/a><\/p>\n<p><strong>Restar 21, 31, 41 a n\u00fameros de dos cifras<\/strong><\/p>\n<p><a href=\"http:\/\/hortamajor.edu.gva.es\/pruebas_calculo21\/calculo\/calculo3.swf\" target=\"_blank\" rel=\"noopener\">RESTAS 2: RESTAR DECENAS +1<\/a><\/p>\n<p><a href=\"http:\/\/www.primaria.librosvivos.net\/actividades\/flashActividadesPrimariaPub\/examen.swf?idejecucion=1646\" target=\"_blank\" rel=\"noopener\">AUTOEVALUACI\u00d3N DE LA UNIDAD<\/a><\/p>\n","protected":false},"excerpt":{"rendered":"<p>Multiplicaci\u00f3n Contenidos previos MULTIPLICACIONES CON LLEVADAS MULTIPLICACIONES PRACTICAR LA MULTIPLICACI\u00d3N PRACTICA LA MULTIPLICACI\u00d3N LA BATALLA DEL C\u00c1LCULO MENTAL RESUELVE ESTAS MULTIPLICACIONES MULTIPLICAMOS POR 10, 100 Y 1.000 MULTIPLICAR POR 10, 100, 1.000 MULTIPLICAR POR 10, 100, 1.000 AUTOMATIZACI\u00d3N DEL PRODUCTO POR LA UNIDAD SEGUIDA DE CEROS AUTOMATIZACI\u00d3N DEL PRODUCTO POR LA UNIDAD SEGUIDA DE CEROS &hellip; <\/p>\n<p><a class=\"more-link btn\" href=\"https:\/\/blogsaverroes.juntadeandalucia.es\/ceipaznaitin\/matematicas-4o-tema-3\/\">Seguir leyendo<\/a><\/p>\n","protected":false},"author":2805,"featured_media":0,"parent":0,"menu_order":0,"comment_status":"closed","ping_status":"closed","template":"","meta":{"ngg_post_thumbnail":0,"footnotes":"","_mc_calendar":[]},"aioseo_notices":[],"_links":{"self":[{"href":"https:\/\/blogsaverroes.juntadeandalucia.es\/ceipaznaitin\/wp-json\/wp\/v2\/pages\/5333"}],"collection":[{"href":"https:\/\/blogsaverroes.juntadeandalucia.es\/ceipaznaitin\/wp-json\/wp\/v2\/pages"}],"about":[{"href":"https:\/\/blogsaverroes.juntadeandalucia.es\/ceipaznaitin\/wp-json\/wp\/v2\/types\/page"}],"author":[{"embeddable":true,"href":"https:\/\/blogsaverroes.juntadeandalucia.es\/ceipaznaitin\/wp-json\/wp\/v2\/users\/2805"}],"replies":[{"embeddable":true,"href":"https:\/\/blogsaverroes.juntadeandalucia.es\/ceipaznaitin\/wp-json\/wp\/v2\/comments?post=5333"}],"version-history":[{"count":10,"href":"https:\/\/blogsaverroes.juntadeandalucia.es\/ceipaznaitin\/wp-json\/wp\/v2\/pages\/5333\/revisions"}],"predecessor-version":[{"id":5345,"href":"https:\/\/blogsaverroes.juntadeandalucia.es\/ceipaznaitin\/wp-json\/wp\/v2\/pages\/5333\/revisions\/5345"}],"wp:attachment":[{"href":"https:\/\/blogsaverroes.juntadeandalucia.es\/ceipaznaitin\/wp-json\/wp\/v2\/media?parent=5333"}],"curies":[{"name":"wp","href":"https:\/\/api.w.org\/{rel}","templated":true}]}}