{"id":5346,"date":"2018-03-08T11:41:34","date_gmt":"2018-03-08T09:41:34","guid":{"rendered":"http:\/\/blogsaverroes.juntadeandalucia.es\/ceipaznaitin\/?page_id=5346"},"modified":"2018-03-08T11:48:14","modified_gmt":"2018-03-08T09:48:14","slug":"matematicas-4o-tema-4","status":"publish","type":"page","link":"https:\/\/blogsaverroes.juntadeandalucia.es\/ceipaznaitin\/matematicas-4o-tema-4\/","title":{"rendered":"Matem\u00e1ticas 4\u00ba Tema 4"},"content":{"rendered":"<p><strong>Divisi\u00f3n<\/strong><\/p>\n<p><strong>Contenidos previos<\/strong><\/p>\n<p><a href=\"http:\/\/www.genmagic.org\/repositorio\/albums\/userpics\/divi3c.swf\" target=\"_blank\" rel=\"noopener\">C\u00c1LCULO MENTAL Y T\u00c9RMINOS DE LA DIVISI\u00d3N<\/a><\/p>\n<p><a style=\"font-size: 14px;text-align: -webkit-center\" href=\"http:\/\/calasanz.edu.gva.es\/7_ejercicios\/matematicas\/mate3pri\/11_division01.html\" target=\"_blank\" rel=\"noopener\">LOS T\u00c9RMINOS DE LA DIVISI\u00d3N<\/a><\/p>\n<p><a style=\"font-size: 14px;text-align: -webkit-center\" href=\"http:\/\/agrega2.red.es\/\/repositorio\/25012010\/65\/es_2008050513_0230900\/mt09_oa02_es\/index.html\" target=\"_blank\" rel=\"noopener\">T\u00c9RMINOS DE LAS DOS OPERACIONES<\/a><\/p>\n<p><a style=\"font-size: 14px;text-align: -webkit-center\" href=\"http:\/\/agrega2.red.es\/\/repositorio\/25012010\/65\/es_2008050513_0230900\/mt09_oa04_es\/index.html\" target=\"_blank\" rel=\"noopener\">AUTOMATIZACI\u00d3N DE LA MULTIPLICACI\u00d3N&#8230;<\/a><\/p>\n<p><a style=\"font-size: 14px;text-align: -webkit-center\" href=\"http:\/\/www.genmagic.net\/repositorio\/albums\/userpics\/divis1c.swf\" target=\"_blank\" rel=\"noopener\">DIVISIONES &#8211; 1<\/a><\/p>\n<p><strong>Propiedad fundamental de la divisi\u00f3n<\/strong><\/p>\n<p><a href=\"http:\/\/www.ceiploreto.es\/sugerencias\/juntadeandalucia\/Refuerzo_matematicas\/dividir.htm\" target=\"_blank\" rel=\"noopener\">DIVIDIMOS Y REALIZAMOS LA PRUEBA<\/a><\/p>\n<p><a style=\"font-size: 14px;text-align: -webkit-center\" href=\"http:\/\/www.ceiploreto.es\/sugerencias\/cplosangeles.juntaextremadura.net\/web\/curso_4\/matematicas_4\/division_4\/division_4.html\" target=\"_blank\" rel=\"noopener\">LA DIVISI\u00d3N<\/a><\/p>\n<p><a style=\"font-size: 14px;text-align: -webkit-center\" href=\"http:\/\/www.ceipjuanherreraalcausa.es\/Recursosdidacticos\/ANAYA%20DIGITAL\/CUARTO\/Matematicas\/3_60_resumo\/03_052\/index.html\" target=\"_blank\" rel=\"noopener\">DIVISI\u00d3N EXACTA Y DIVISI\u00d3N INEXACTA<\/a><\/p>\n<p><a style=\"font-size: 14px;text-align: -webkit-center\" href=\"http:\/\/bromera.com\/tl_files\/activitatsdigitals\/Capicua_4c_PF\/cas_C4_u05_12_1_operacionsDirectes.swf\" target=\"_blank\" rel=\"noopener\">CALCULA ESTAS DIVISIONES<\/a><\/p>\n<p><strong>Divisi\u00f3n con divisor de dos cifras<\/strong><\/p>\n<p><a href=\"http:\/\/www.eltanquematematico.es\/ladivision\/resuelve\/doscifras\/resuelve_dc_p.html\" target=\"_blank\" rel=\"noopener\">DIVISIONES CON DOS CIFRAS EN EL DIVISOR<\/a><\/p>\n<p><a href=\"http:\/\/www.ceiploreto.es\/sugerencias\/averroes\/educativa\/division2_e.html\" target=\"_blank\" rel=\"noopener\">DIVIDIR POR DOS CIFRAS<\/a><\/p>\n<p><a href=\"http:\/\/www.eltanquematematico.es\/ladivision\/resuelve\/ndoscifras\/doscifras_p.html\" target=\"_blank\" rel=\"noopener\">LA DIVISI\u00d3N POR DOS CIFRAS<\/a><\/p>\n<p><a href=\"http:\/\/cerezo.pntic.mec.es\/maria8\/bimates\/operaciones\/division\/concepto.html\" target=\"_blank\" rel=\"noopener\">DIVISI\u00d3N<\/a><\/p>\n<p><a href=\"http:\/\/ntic.educacion.es\/w3\/eos\/MaterialesEducativos\/mem2008\/matematicas_primaria\/numeracion\/operaciones\/algtradicdivi.swf\" target=\"_blank\" rel=\"noopener\">DIVISI\u00d3N. ALGORITMO TRADICIONAL<\/a><\/p>\n<p><a style=\"font-size: 14px;text-align: -webkit-center\" href=\"http:\/\/ntic.educacion.es\/w3\/eos\/MaterialesEducativos\/mem2008\/matematicas_primaria\/numeracion\/operaciones\/algorextendiv.swf\" target=\"_blank\" rel=\"noopener\">DIVISI\u00d3N. ALGORITMO EXTENDIDO<\/a><\/p>\n<p><a style=\"font-size: 14px\" href=\"http:\/\/www.ceiploreto.es\/sugerencias\/agrega_matematicas_3\/generador_divisiones\/index.html\" target=\"_blank\" rel=\"noopener\">GENERADOR DE DIVISIONES<\/a><\/p>\n<p><a style=\"font-size: 14px;text-align: -webkit-center\" href=\"http:\/\/www.ceiploreto.es\/sugerencias\/cplosangeles.juntaextremadura.net\/web\/curso_4\/matematicas_4\/practica_division_4\/practica_division_4.html\" target=\"_blank\" rel=\"noopener\">PRACTICA LA DIVISI\u00d3N<\/a><\/p>\n<p><a style=\"font-size: 14px;text-align: -webkit-center\" href=\"http:\/\/www.ceiploreto.es\/sugerencias\/vindel\/espacio.swf\" target=\"_blank\" rel=\"noopener\">LA BATALLA DEL C\u00c1LCULO MENTAL<\/a><\/p>\n<p><a href=\"http:\/\/clic.xtec.cat\/db\/jclicApplet.jsp?project=http:\/\/clic.xtec.cat\/projects\/opera2\/jclic\/opera2.jclic.zip&amp;lang=es&amp;title=Las+operaciones+-+2\" target=\"_blank\" rel=\"noopener\">Divisiones<\/a><\/p>\n<p><strong>M\u00faltiplos y divisores de un n\u00famero<\/strong><\/p>\n<p><a href=\"http:\/\/www.eltanquematematico.es\/todo_mate\/multiplosydivisores\/multiplos\/multiplos_p.html\" target=\"_blank\" rel=\"noopener\">M\u00daLTIPLOS DE UN N\u00daMERO<\/a><\/p>\n<p><a style=\"font-size: 14px;text-align: -webkit-center\" href=\"http:\/\/agrega2.red.es\/\/repositorio\/21012010\/5e\/es_2008050513_0231500\/mt15_oa02_es\/index.html\" target=\"_blank\" rel=\"noopener\">C\u00c1LCULO DE M\u00daLTIPLOS<\/a><\/p>\n<p><a style=\"font-size: 14px;text-align: -webkit-center\" href=\"http:\/\/www.eltanquematematico.es\/todo_mate\/multiplosydivisores\/divisores\/divisores_p.html\" target=\"_blank\" rel=\"noopener\">DIVISORES DE UN N\u00daMERO<\/a><\/p>\n<p><a style=\"font-size: 14px;text-align: -webkit-center\" href=\"http:\/\/agrega2.red.es\/\/repositorio\/21012010\/5e\/es_2008050513_0231500\/mt15_oa03_es\/index.html\" target=\"_blank\" rel=\"noopener\">C\u00c1LCULO DE DIVISORES<\/a><\/p>\n<p><strong>N\u00fameros primos y compuestos<\/strong><\/p>\n<p><a class=\"Estilo2\" href=\"http:\/\/www.eltanquematematico.es\/todo_mate\/multiplosydivisores\/num_primos\/numerosprimos_p.html\" target=\"_blank\" rel=\"noopener\">N\u00daMEROS PRIMOS I<\/a>&nbsp;<\/p>\n<p><a href=\"http:\/\/agrega2.red.es\/\/repositorio\/21012010\/5e\/es_2008050513_0231500\/mt15_oa04_es\/index.html\" target=\"_blank\" rel=\"noopener\">N\u00daMEROS PRIMOS II<\/a><\/p>\n<p><strong>Criterios de divisibilidad (2, 3, 5, 9 y 10)<\/strong><\/p>\n<p><a href=\"http:\/\/www.eltanquematematico.es\/todo_mate\/multiplosydivisores\/divisibilidad\/divisibilidad_p.html\" target=\"_blank\" rel=\"noopener\">CRITERIOS DE DIVISIBILIDAD<\/a><\/p>\n<p><a href=\"http:\/\/agrega2.red.es\/\/repositorio\/21012010\/5e\/es_2008050513_0231500\/mt15_oa05_es\/index.html\" target=\"_blank\" rel=\"noopener\">REGLAS DE DIVISIBILIDAD<\/a><\/p>\n<p><strong>\u00a1Sin problemas!<\/strong><\/p>\n<p><a href=\"http:\/\/www.primaria.librosvivos.net\/archivosCMS\/3\/3\/16\/usuarios\/103294\/9\/4EP_mat_ud4_ai02\/frame_prim.swf\" target=\"_blank\" rel=\"noopener\">ENTENDER BIEN EL ENUNCIADO<\/a><\/p>\n<p><a style=\"font-size: 14px;text-align: -webkit-center\" href=\"http:\/\/www.primaria.librosvivos.net\/archivosCMS\/3\/3\/16\/usuarios\/103294\/9\/4EP_mat_ud5_ai02\/frame_prim.swf\" target=\"_blank\" rel=\"noopener\">ELEGIR LAS OPERACIONES RAZONADAMENTE<\/a><\/p>\n<p><a style=\"font-size: 14px;text-align: -webkit-center\" href=\"http:\/\/2633518-0.web-hosting.es\/blog\/manipulables\/problemas\/escenas2a.swf\" target=\"_blank\" rel=\"noopener\">PROBLEMAS ARITM\u00c9TICOS ESCOLARES<\/a><\/p>\n<p><a style=\"font-size: 14px;text-align: -webkit-center\" href=\"http:\/\/www.ceipjuanherreraalcausa.es\/Recursosdidacticos\/ANAYA%20DIGITAL\/CUARTO\/Matematicas\/3_58_1_cuadro_teorico\/\" target=\"_blank\" rel=\"noopener\">RESUELVO PROBLEMAS<\/a><\/p>\n<p><a style=\"font-size: 14px;text-align: -webkit-center\" href=\"http:\/\/bromera.com\/tl_files\/activitatsdigitals\/Capicua_4c_PF\/cas_C4_u04_54_4_problemes.swf\" target=\"_blank\" rel=\"noopener\">SIN L\u00c1PIZ NI PAPEL I<\/a><\/p>\n<p><a style=\"font-size: 14px;text-align: -webkit-center\" href=\"http:\/\/bromera.com\/tl_files\/activitatsdigitals\/Capicua_4c_PF\/cas_C4_u09_15_4_problemes.swf\" target=\"_blank\" rel=\"noopener\">SIN L\u00c1PIZ NI PAPEL II<\/a><\/p>\n<p><strong>Sumar 29, 39, 49 a n\u00fameros de dos cifras<\/strong><\/p>\n<p><a href=\"http:\/\/hortamajor.edu.gva.es\/pruebas_calculo21\/calculo\/calculo3.swf\" target=\"_blank\" rel=\"noopener\">SUMAS 6: +9, 19, 29, 39&#8230;<\/a><\/p>\n<p><a href=\"http:\/\/www.primaria.librosvivos.net\/actividades\/flashActividadesPrimariaPub\/examen.swf?idejecucion=1648\" target=\"_blank\" rel=\"noopener\">AUTOEVALUACI\u00d3N DE LA UNIDAD<\/a><\/p>\n","protected":false},"excerpt":{"rendered":"<p>Divisi\u00f3n Contenidos previos C\u00c1LCULO MENTAL Y T\u00c9RMINOS DE LA DIVISI\u00d3N LOS T\u00c9RMINOS DE LA DIVISI\u00d3N T\u00c9RMINOS DE LAS DOS OPERACIONES AUTOMATIZACI\u00d3N DE LA MULTIPLICACI\u00d3N&#8230; DIVISIONES &#8211; 1 Propiedad fundamental de la divisi\u00f3n DIVIDIMOS Y REALIZAMOS LA PRUEBA LA DIVISI\u00d3N DIVISI\u00d3N EXACTA Y DIVISI\u00d3N INEXACTA CALCULA ESTAS DIVISIONES Divisi\u00f3n con divisor de dos cifras DIVISIONES CON &hellip; <\/p>\n<p><a class=\"more-link btn\" href=\"https:\/\/blogsaverroes.juntadeandalucia.es\/ceipaznaitin\/matematicas-4o-tema-4\/\">Seguir leyendo<\/a><\/p>\n","protected":false},"author":2805,"featured_media":0,"parent":0,"menu_order":0,"comment_status":"closed","ping_status":"closed","template":"","meta":{"ngg_post_thumbnail":0,"footnotes":"","_mc_calendar":[]},"aioseo_notices":[],"_links":{"self":[{"href":"https:\/\/blogsaverroes.juntadeandalucia.es\/ceipaznaitin\/wp-json\/wp\/v2\/pages\/5346"}],"collection":[{"href":"https:\/\/blogsaverroes.juntadeandalucia.es\/ceipaznaitin\/wp-json\/wp\/v2\/pages"}],"about":[{"href":"https:\/\/blogsaverroes.juntadeandalucia.es\/ceipaznaitin\/wp-json\/wp\/v2\/types\/page"}],"author":[{"embeddable":true,"href":"https:\/\/blogsaverroes.juntadeandalucia.es\/ceipaznaitin\/wp-json\/wp\/v2\/users\/2805"}],"replies":[{"embeddable":true,"href":"https:\/\/blogsaverroes.juntadeandalucia.es\/ceipaznaitin\/wp-json\/wp\/v2\/comments?post=5346"}],"version-history":[{"count":10,"href":"https:\/\/blogsaverroes.juntadeandalucia.es\/ceipaznaitin\/wp-json\/wp\/v2\/pages\/5346\/revisions"}],"predecessor-version":[{"id":5358,"href":"https:\/\/blogsaverroes.juntadeandalucia.es\/ceipaznaitin\/wp-json\/wp\/v2\/pages\/5346\/revisions\/5358"}],"wp:attachment":[{"href":"https:\/\/blogsaverroes.juntadeandalucia.es\/ceipaznaitin\/wp-json\/wp\/v2\/media?parent=5346"}],"curies":[{"name":"wp","href":"https:\/\/api.w.org\/{rel}","templated":true}]}}