{"id":5369,"date":"2018-03-08T12:04:16","date_gmt":"2018-03-08T10:04:16","guid":{"rendered":"http:\/\/blogsaverroes.juntadeandalucia.es\/ceipaznaitin\/?page_id=5369"},"modified":"2018-03-08T12:14:28","modified_gmt":"2018-03-08T10:14:28","slug":"ciencias-sociales-3o-tema-2","status":"publish","type":"page","link":"https:\/\/blogsaverroes.juntadeandalucia.es\/ceipaznaitin\/ciencias-sociales-3o-tema-2\/","title":{"rendered":"Ciencias Sociales 3\u00ba Tema 2"},"content":{"rendered":"<p><strong>\u00bfQu\u00e9 hay en la Tierra?<\/strong><\/p>\n<p><strong>As\u00ed es la Tierra<\/strong><\/p>\n<p><a href=\"http:\/\/agrega2.red.es\/\/repositorio\/25012010\/f1\/es_2009091613_6547848\/cm08_oa02_es\/index.html\" target=\"_blank\" rel=\"noopener\">CAPAS DE LA TIERRA<\/a><\/p>\n<p><a style=\"font-size: 14px;text-align: -webkit-center\" href=\"http:\/\/www.ceiploreto.es\/sugerencias\/cplosangeles.juntaextremadura.net\/web\/curso_3\/sociales_3\/la_geosfera\/la_geosfera.html\" target=\"_blank\" rel=\"noopener\">LA GEOSFERA<\/a><\/p>\n<p><a style=\"font-size: 14px;text-align: -webkit-center\" href=\"http:\/\/www.ign.es\/ign\/resources\/cartografiaEnsenanza\/flash\/mi_amiga_la_tierra\/Tema6_lecci%C3%B3n01.swf\" target=\"_blank\" rel=\"noopener\">\u00bfC\u00d3MO ES LA ATM\u00d3SFERA?<\/a><\/p>\n<p><a style=\"font-size: 14px;text-align: -webkit-center\" href=\"http:\/\/bromera.com\/tl_files\/activitatsdigitals\/Natura_4c_PF\/natura4_cas_u02_pag24.swf\" target=\"_blank\" rel=\"noopener\">CAPAS DE LA ATM\u00d3SFERA<\/a><\/p>\n<p><a style=\"font-size: 14px;text-align: -webkit-center\" href=\"http:\/\/www.ceiploreto.es\/sugerencias\/cplosangeles.juntaextremadura.net\/web\/curso_3\/sociales_3\/la_atmosfera\/la_atmosfera.html\" target=\"_blank\" rel=\"noopener\">LA ATM\u00d3SFERA<\/a><\/p>\n<p><a style=\"font-size: 14px;text-align: -webkit-center\" href=\"http:\/\/www.ceiploreto.es\/sugerencias\/cplosangeles.juntaextremadura.net\/web\/curso_3\/sociales_3\/capas_tierra_3\/capas_tierra_3.html\" target=\"_blank\" rel=\"noopener\">LAS CAPAS DE LA TIERRA<\/a><\/p>\n<p><a style=\"font-size: 14px;text-align: -webkit-center\" href=\"http:\/\/www.ceiploreto.es\/sugerencias\/cplosangeles.juntaextremadura.net\/web\/curso_3\/sociales_3\/aire_3\/aire_3.html\" target=\"_blank\" rel=\"noopener\">EL AIRE<\/a><\/p>\n<p><a href=\"http:\/\/clic.xtec.cat\/db\/jclicApplet.jsp?project=http:\/\/clic.xtec.cat\/projects\/aire\/jclic\/aire.jclic.zip&amp;lang=es\" target=\"_blank\" rel=\"noopener\">El aire que nos envuelve<\/a><\/p>\n<p><strong>\u00bfC\u00f3mo est\u00e1 la atm\u00f3sfera?<\/strong><\/p>\n<p><a href=\"http:\/\/proyectos.cnice.mec.es\/arquimedes\/movie.php?usuario=2&amp;nivel=1&amp;movie=fp005\/gm001\/md009\/ut001\/0flash\/movie.swf\" target=\"_blank\" rel=\"noopener\">TIEMPO ATMOSF\u00c9RICO<\/a><\/p>\n<p><a style=\"font-size: 14px;text-align: -webkit-center\" href=\"http:\/\/www.murciaeduca.es\/cpntrasradelaasuncion\/bitacora\/upload\/img\/EL%20AIRE%20Y%20EL%20TIEMPO.swf\" target=\"_blank\" rel=\"noopener\">EL AIRE Y EL TIEMPO ATMOSF\u00c9RICO<\/a><span style=\"font-size: 14px;text-align: -webkit-center\">&nbsp;<\/span><\/p>\n<p><a style=\"font-size: 14px;text-align: -webkit-center\" href=\"http:\/\/www.ceiploreto.es\/sugerencias\/cplosangeles.juntaextremadura.net\/web\/curso_3\/sociales_3\/aire\/aire.html\" target=\"_blank\" rel=\"noopener\">EL AIRE<\/a><\/p>\n<p><a style=\"font-size: 14px;text-align: -webkit-center\" href=\"http:\/\/agrega.juntadeandalucia.es\/repositorio\/25032011\/4f\/es-an_2010052013_1110200\/cm002_oa04_es\/index.html\" target=\"_blank\" rel=\"noopener\">EL AIRE Y LA ATM\u00d3SFERA<\/a><\/p>\n<p><a style=\"font-size: 14px;text-align: -webkit-center\" href=\"http:\/\/www.naturgaia.net\/peliculas\/contaminacion_atmosferica.swf\" target=\"_blank\" rel=\"noopener\">CONTAMINACI\u00d3N ATM\u00d3SFERICA<\/a><\/p>\n<p><a style=\"font-size: 14px;text-align: -webkit-center\" href=\"http:\/\/www.ceiploreto.es\/sugerencias\/Educarchile\/conocimento\/Oda08.swf\" target=\"_blank\" rel=\"noopener\">CUIDANDO EL MEDIO AMBIENTE<\/a><\/p>\n<p>MI AMIGA LA TIERRA:&nbsp;<a href=\"http:\/\/www.ign.es\/ign\/resources\/cartografiaEnsenanza\/flash\/mi_amiga_la_tierra\/Tema6_lecci%C3%B3n01.swf\" target=\"_blank\" rel=\"noopener\">1<\/a>&nbsp;<a href=\"http:\/\/www.ign.es\/ign\/resources\/cartografiaEnsenanza\/flash\/mi_amiga_la_tierra\/Tema6_lecci%C3%B3n02.swf\" target=\"_blank\" rel=\"noopener\">2<\/a>&nbsp;<a href=\"http:\/\/www.ign.es\/ign\/resources\/cartografiaEnsenanza\/flash\/mi_amiga_la_tierra\/Tema6_lecci%C3%B3n03.swf\" target=\"_blank\" rel=\"noopener\">3<\/a><\/p>\n<p><a style=\"font-size: 14px;text-align: -webkit-center\" href=\"http:\/\/web.imactiva.cl\/Descargas\/yo_estudio\/Odas_Soc_Nat\/odas_sociedad\/3basico\/ODA08\/index.html#01\" target=\"_blank\" rel=\"noopener\">ZONAS CLIM\u00c1TICAS DE LA TIERRA<\/a><\/p>\n<p><a style=\"font-size: 14px;text-align: -webkit-center\" href=\"http:\/\/www.ceiploreto.es\/sugerencias\/cplosangeles.juntaextremadura.net\/web\/curso_3\/sociales_3\/fen_atmosfera_3\/fen_atmosfera_3.html\" target=\"_blank\" rel=\"noopener\">FEN\u00d3MENOS ATMOSF\u00c9RICOS<\/a><\/p>\n<p><a style=\"font-size: 14px;text-align: -webkit-center\" href=\"http:\/\/www.ceiploreto.es\/sugerencias\/cplosangeles.juntaextremadura.net\/web\/curso_3\/sociales_3\/cont_aire_3\/cont_aire_3.html\" target=\"_blank\" rel=\"noopener\">LA CONTAMINACI\u00d3N DEL AIRE<\/a><\/p>\n<p><a href=\"http:\/\/clic.xtec.cat\/db\/jclicApplet.jsp?project=http:\/\/clic.xtec.cat\/projects\/atmosfer\/jclic\/atmosfer.jclic.zip&amp;lang=es\" target=\"_blank\" rel=\"noopener\">El tiempo atmosf\u00e9rico<\/a><\/p>\n<p><strong>Rodeados de agua<\/strong><\/p>\n<p><a href=\"http:\/\/www.ceiploreto.es\/sugerencias\/juntadeandalucia\/Paisaje_historico\/agua.htm\" target=\"_blank\" rel=\"noopener\">EL AGUA I<\/a><\/p>\n<p><a style=\"font-size: 14px;text-align: -webkit-center\" href=\"http:\/\/www.ceiploreto.es\/sugerencias\/juntadeandalucia\/Agua_bien_escaso\/index.htm\" target=\"_blank\" rel=\"noopener\">EL AGUA II<\/a><\/p>\n<p><a style=\"font-size: 14px;text-align: -webkit-center\" href=\"http:\/\/www.primaria.librosvivos.net\/archivosCMS\/3\/3\/16\/usuarios\/103294\/9\/cm3_u8_agua\/frame_prim.swf\" target=\"_blank\" rel=\"noopener\">EL AGUA III<\/a><\/p>\n<p><a style=\"font-size: 14px;text-align: -webkit-center\" href=\"http:\/\/www.aitanatp.com\/nivel5\/agua\/index.htm\" target=\"_blank\" rel=\"noopener\">EL AGUA Y EL AIRE<\/a><\/p>\n<p><a style=\"font-size: 14px;text-align: -webkit-center\" href=\"http:\/\/www.emuasa.es\/ambientech\/AG5_madre.swf\" target=\"_blank\" rel=\"noopener\">DISTRIBUCI\u00d3N DEL AGUA EN EL PLANETA TIERRA<\/a><\/p>\n<p><a style=\"font-size: 14px;text-align: -webkit-center\" href=\"http:\/\/www.murciaeduca.es\/cpntrasradelaasuncion\/bitacora\/upload\/img\/EL%20AGUA.swf\" target=\"_blank\" rel=\"noopener\">EL AGUA V<\/a><\/p>\n<p><a style=\"font-size: 14px;text-align: -webkit-center\" href=\"http:\/\/www.ceiploreto.es\/sugerencias\/cplosangeles.juntaextremadura.net\/web\/curso_3\/sociales_3\/tiempoyrios\/indice.htm\" target=\"_blank\" rel=\"noopener\">EL TIEMPO Y LOS R\u00cdOS<\/a><\/p>\n<p><a style=\"font-size: 14px;text-align: -webkit-center\" href=\"http:\/\/www.ceiploreto.es\/sugerencias\/cplosangeles.juntaextremadura.net\/web\/curso_3\/sociales_3\/rios_3\/rios_3.html\" target=\"_blank\" rel=\"noopener\">LOS R\u00cdOS<\/a><\/p>\n<p><a style=\"font-size: 14px;text-align: -webkit-center\" href=\"http:\/\/agrega.juntadeandalucia.es\/repositorio\/25032011\/4f\/es-an_2010052013_1110200\/cm002_oa05_es\/index.html\" target=\"_blank\" rel=\"noopener\">EL AGUA Y EL AIRE. LA CONTAMINACI\u00d3N<\/a><\/p>\n<p>REPASO:&nbsp;&nbsp;&nbsp;<a href=\"http:\/\/bromera.com\/tl_files\/activitatsdigitals\/Natura_3c_PF\/natura3_cas_u3_pag40_2.swf\" target=\"_blank\" rel=\"noopener\">1<\/a>&nbsp;<a href=\"http:\/\/www.primerodecarlos.com\/TERCERO_PRIMARIA\/archivos\/Anaya3Cono\/10\/act_01.swf\" target=\"_blank\" rel=\"noopener\">2<\/a>&nbsp;<a href=\"http:\/\/www.primerodecarlos.com\/TERCERO_PRIMARIA\/archivos\/Anaya3Cono\/10\/act_02.swf\" target=\"_blank\" rel=\"noopener\">3<\/a>&nbsp;<a href=\"http:\/\/www.primerodecarlos.com\/TERCERO_PRIMARIA\/archivos\/Anaya3Cono\/10\/act_03.swf\" target=\"_blank\" rel=\"noopener\">4<\/a>&nbsp;<a href=\"http:\/\/www.primerodecarlos.com\/TERCERO_PRIMARIA\/archivos\/Anaya3Cono\/10\/act_04.swf\" target=\"_blank\" rel=\"noopener\">5<\/a>&nbsp;<a href=\"http:\/\/www.primaria.librosvivos.net\/archivosCMS\/3\/3\/16\/usuarios\/103294\/9\/3EPU10_v2\/cono3001.swf\" target=\"_blank\" rel=\"noopener\">6<\/a><\/p>\n<p><a href=\"http:\/\/www.clarionweb.es\/3_curso\/c_medio\/cm306\/cm_306.htm\" target=\"_blank\" rel=\"noopener\">El agua<\/a><\/p>\n<p><a href=\"http:\/\/www.aitanatp.com\/nivel3cas\/index8.htm\" target=\"_blank\" rel=\"noopener\">El aire y el agua en la Tierra<\/a><\/p>\n<p><a href=\"http:\/\/www.aitanatp.com\/nivel3acas\/index6.htm\" target=\"_blank\" rel=\"noopener\">El aire y el agua<\/a><\/p>\n<p><strong>El viaje del agua<\/strong><\/p>\n<p><a href=\"http:\/\/ww2.educarchile.cl\/UserFiles\/P0024\/File\/skoool\/Latin_America_Content\/Latin_America_Content\/Junior%20Cycle%20level%201\/chemistry\/transcriptos\/water_change_state\/\" target=\"_blank\" rel=\"noopener\">CAMBIO DE ESTADO: AGUA<\/a><\/p>\n<p><a style=\"font-size: 14px;text-align: -webkit-center\" href=\"http:\/\/www.ceiploreto.es\/sugerencias\/cplosangeles.juntaextremadura.net\/web\/curso_3\/sociales_3\/agua_estados_3\/agua_estados_3.html\" target=\"_blank\" rel=\"noopener\">EL AGUA: USOS Y ESTADOS<\/a><\/p>\n<p><a style=\"font-size: 14px;text-align: -webkit-center\" href=\"http:\/\/www.actiludis.com\/wp-content\/uploads\/2009\/03\/ciclodelagua_infa002.swf\" target=\"_blank\" rel=\"noopener\">EL CICLO DEL AGUA I<\/a><\/p>\n<p><a style=\"font-size: 14px;text-align: -webkit-center\" href=\"https:\/\/953021042785765449-a-1802744773732722657-s-sites.googlegroups.com\/site\/repositorioflash\/repositorio\/cicloagua.swf\" target=\"_blank\" rel=\"noopener\">EL CICLO DEL AGUA II<\/a><\/p>\n<p><a style=\"font-size: 14px;text-align: -webkit-center\" href=\"http:\/\/proyectos.cnice.mec.es\/arquimedes\/movie.php?usuario=2&amp;nivel=1&amp;movie=fp005\/gm001\/md006\/ut001\/0flash\/movie.swf\" target=\"_blank\" rel=\"noopener\">EL AGUA II<\/a><\/p>\n<p><a style=\"font-size: 14px;text-align: -webkit-center\" href=\"http:\/\/ploppy.igme.es\/\" target=\"_blank\" rel=\"noopener\">PLOPPY, LA DEFENSORA DE LAS AGUAS SUBTERR\u00c1NEAS<\/a><\/p>\n<p><a style=\"font-size: 14px;text-align: -webkit-center\" href=\"http:\/\/www.ceiploreto.es\/sugerencias\/A_1\/Recursosdidacticos\/TERCERO\/datos\/01_Cono\/datos\/rdi\/U03\/unidad03.htm\" target=\"_blank\" rel=\"noopener\">CONOCEMOS EL AIRE Y EL AGUA<\/a><\/p>\n<p><a style=\"font-size: 14px;text-align: -webkit-center\" href=\"http:\/\/agrega.juntadeandalucia.es\/repositorio\/06042010\/be\/es-an_2010040613_9120926\/index.html\" target=\"_blank\" rel=\"noopener\">EL AGUA III<\/a><\/p>\n<p><a style=\"font-size: 14px;text-align: -webkit-center\" href=\"http:\/\/repositorio.educa.jccm.es\/portal\/odes\/conocimiento_del_medio\/el_agua\/contenido\/\" target=\"_blank\" rel=\"noopener\">EL AGUA III<\/a><\/p>\n<p><a style=\"font-size: 14px;text-align: -webkit-center\" href=\"http:\/\/www.emuasa.es\/ambientech\/AG3_madre.swf\" target=\"_blank\" rel=\"noopener\">EL CICLO NATURAL DEL AGUA<\/a><\/p>\n<p><a style=\"font-size: 14px;text-align: -webkit-center\" href=\"http:\/\/www.ceiploreto.es\/sugerencias\/cplosangeles.juntaextremadura.net\/web\/curso_3\/sociales_3\/agua_ciclo_3\/agua_ciclo_3.html\" target=\"_blank\" rel=\"noopener\">EL CICLO DEL AGUA IV<\/a><\/p>\n<p><a style=\"font-size: 14px;text-align: -webkit-center\" href=\"http:\/\/agrega.juntadeandalucia.es\/repositorio\/25032011\/4f\/es-an_2010052013_1110200\/cm002_oa02_es\/index.html\" target=\"_blank\" rel=\"noopener\">EL CICLO DEL AGUA V<\/a><\/p>\n<p><a style=\"font-size: 14px;text-align: -webkit-center\" href=\"http:\/\/agrega.juntadeandalucia.es\/repositorio\/25032011\/4f\/es-an_2010052013_1110200\/cm002_oa01_es\/index.html\" target=\"_blank\" rel=\"noopener\">EL AGUA EN LA NATURALEZA: L\u00cdQUIDA, S\u00d3LIDA Y GASEOSA<\/a><\/p>\n<p><a style=\"font-size: 14px;text-align: -webkit-center\" href=\"http:\/\/www.primaria.librosvivos.net\/archivosCMS\/3\/3\/16\/usuarios\/103294\/9\/3conoU8a\/cono4001.swf\" target=\"_blank\" rel=\"noopener\">LOS ESTADOS DEL AGUA<\/a><\/p>\n<p><a style=\"font-size: 14px;text-align: -webkit-center\" href=\"http:\/\/www.primaria.librosvivos.net\/archivosCMS\/3\/3\/16\/usuarios\/103294\/9\/3conoU8c\/cono4001.swf\" target=\"_blank\" rel=\"noopener\">EL AGUA POTABLE<\/a><\/p>\n<p>MI AMIGA LA TIERRA:&nbsp;&nbsp;<a href=\"http:\/\/www.ign.es\/ign\/resources\/cartografiaEnsenanza\/flash\/mi_amiga_la_tierra\/Tema5_lecci%C3%B3n01.swf\" target=\"_blank\" rel=\"noopener\">1<\/a>&nbsp;<a href=\"http:\/\/www.ign.es\/ign\/resources\/cartografiaEnsenanza\/flash\/mi_amiga_la_tierra\/Tema5_lecci%C3%B3n02.swf\" target=\"_blank\" rel=\"noopener\">2<\/a>&nbsp;<a href=\"http:\/\/www.ign.es\/ign\/resources\/cartografiaEnsenanza\/flash\/mi_amiga_la_tierra\/Tema5_lecci%C3%B3n03.swf\" target=\"_blank\" rel=\"noopener\">3<\/a>&nbsp;<a href=\"http:\/\/www.ign.es\/ign\/resources\/cartografiaEnsenanza\/flash\/mi_amiga_la_tierra\/Tema5_lecci%C3%B3n04.swf\" target=\"_blank\" rel=\"noopener\">4<\/a><\/p>\n<p><a href=\"http:\/\/www.aitanatp.com\/nivel3cas\/index11.htm\" target=\"_blank\" rel=\"noopener\">El agua en el paisaje<\/a><\/p>\n<p><strong>La importancia del agua<\/strong><\/p>\n<p><a href=\"http:\/\/agrega.hezkuntza.net\/repositorio\/04052010\/02\/es_2008070113_0320200\/index.html\" target=\"_blank\" rel=\"noopener\">EL AGUA UN BIEN COM\u00daN<\/a><\/p>\n<p><a href=\"http:\/\/agrega2.red.es\/\/repositorio\/25012010\/02\/es_2008070113_0320200\/index.html\" target=\"_blank\" rel=\"noopener\">EL AGUA UN BIEN COM\u00daN<\/a><\/p>\n<p><a style=\"font-size: 14px;text-align: -webkit-center\" href=\"http:\/\/rea.ceibal.edu.uy\/UserFiles\/P0001\/ODEA\/ORIGINAL\/100319_dia_agua.elp\/index.html\" target=\"_blank\" rel=\"noopener\">AGUA LIMPIA PARA UN MUNDO SANO<\/a><\/p>\n<p><a style=\"font-size: 14px;text-align: -webkit-center\" href=\"http:\/\/rea.ceibal.edu.uy\/UserFiles\/P0001\/ODEA\/ORIGINAL\/091127aguassub.elp\/index.html\" target=\"_blank\" rel=\"noopener\">\u00a1A CUIDAR LAS AGUAS SUBTERR\u00c1NEAS!<\/a><\/p>\n<p><a style=\"font-size: 14px;text-align: -webkit-center\" href=\"http:\/\/www.ceiploreto.es\/sugerencias\/cplosangeles.juntaextremadura.net\/web\/curso_3\/sociales_3\/agua_paisaje_3\/agua_paisaje_3.html\" target=\"_blank\" rel=\"noopener\">EL AGUA EN EL PAISAJE<\/a><\/p>\n<p><a style=\"font-size: 14px;text-align: -webkit-center\" href=\"http:\/\/ww2.educarchile.cl\/UserFiles\/P0024\/File\/skoool\/2010\/Ciencia\/save_water_home\/\" target=\"_blank\" rel=\"noopener\">AHORRO DE AGUA EN CASA<\/a><\/p>\n<p><a style=\"font-size: 14px;text-align: -webkit-center\" href=\"http:\/\/ww2.educarchile.cl\/UserFiles\/P0024\/File\/skoool\/2010\/Ciencia\/save_water_outdoors\/\" target=\"_blank\" rel=\"noopener\">AHORRO DE AGUA FUERA DE CASA<\/a><\/p>\n<p><a style=\"font-size: 14px;text-align: -webkit-center\" href=\"http:\/\/www.ceiploreto.es\/sugerencias\/cplosangeles.juntaextremadura.net\/web\/curso_3\/sociales_3\/agua_personas_3\/agua_personas_3.html\" target=\"_blank\" rel=\"noopener\">EL AGUA Y LAS PERSONAS<\/a><\/p>\n<p><strong>Medimos el tiempo atmosf\u00e9rico<\/strong><\/p>\n<p><a href=\"http:\/\/agrega2.red.es\/\/repositorio\/01022010\/90\/es_2009091713_8262308\/index.html\" target=\"_blank\" rel=\"noopener\">VARIABLES METEOROL\u00d3GICAS<\/a><\/p>\n<p><a href=\"http:\/\/www.ceiploreto.es\/sugerencias\/cplosangeles.juntaextremadura.net\/web\/curso_3\/sociales_3\/tiem_clim_3\/tiem_clim_3.html\" target=\"_blank\" rel=\"noopener\">EL TIEMPO Y EL CLIMA<\/a><\/p>\n<p><a href=\"http:\/\/www.educa2.madrid.org\/cms_tools\/files\/87e9be61-4acf-4025-85eb-3618ca35a697\/Clima\/clima.html\" target=\"_blank\" rel=\"noopener\">REPASO LA UNIDAD<\/a><\/p>\n<p><a href=\"http:\/\/www.testeando.es\/test.asp?idA=55&amp;idT=vlvycxnr\" target=\"_blank\" rel=\"noopener\">TEST: EL AIRE<\/a><\/p>\n<p><a href=\"http:\/\/www.testeando.es\/test.asp?idA=55&amp;idT=hprsobif\" target=\"_blank\" rel=\"noopener\">TEST: EL AGUA<\/a><\/p>\n<p><a href=\"http:\/\/www.primaria.librosvivos.net\/actividades\/flashActividadesPrimariaPub\/examen.swf?idejecucion=334541\" target=\"_blank\" rel=\"noopener\">AUTOEVALUACI\u00d3N DE LA UNIDAD<\/a><\/p>\n<p><a href=\"http:\/\/www.clarionweb.es\/4_curso\/c_medio\/cm_403.htm\" target=\"_blank\" rel=\"noopener\">Repaso la Unidad<\/a><\/p>\n","protected":false},"excerpt":{"rendered":"<p>\u00bfQu\u00e9 hay en la Tierra? As\u00ed es la Tierra CAPAS DE LA TIERRA LA GEOSFERA \u00bfC\u00d3MO ES LA ATM\u00d3SFERA? CAPAS DE LA ATM\u00d3SFERA LA ATM\u00d3SFERA LAS CAPAS DE LA TIERRA EL AIRE El aire que nos envuelve \u00bfC\u00f3mo est\u00e1 la atm\u00f3sfera? TIEMPO ATMOSF\u00c9RICO EL AIRE Y EL TIEMPO ATMOSF\u00c9RICO&nbsp; EL AIRE EL AIRE Y LA &hellip; <\/p>\n<p><a class=\"more-link btn\" href=\"https:\/\/blogsaverroes.juntadeandalucia.es\/ceipaznaitin\/ciencias-sociales-3o-tema-2\/\">Seguir leyendo<\/a><\/p>\n","protected":false},"author":2805,"featured_media":0,"parent":0,"menu_order":0,"comment_status":"closed","ping_status":"closed","template":"","meta":{"ngg_post_thumbnail":0,"footnotes":"","_mc_calendar":[]},"aioseo_notices":[],"_links":{"self":[{"href":"https:\/\/blogsaverroes.juntadeandalucia.es\/ceipaznaitin\/wp-json\/wp\/v2\/pages\/5369"}],"collection":[{"href":"https:\/\/blogsaverroes.juntadeandalucia.es\/ceipaznaitin\/wp-json\/wp\/v2\/pages"}],"about":[{"href":"https:\/\/blogsaverroes.juntadeandalucia.es\/ceipaznaitin\/wp-json\/wp\/v2\/types\/page"}],"author":[{"embeddable":true,"href":"https:\/\/blogsaverroes.juntadeandalucia.es\/ceipaznaitin\/wp-json\/wp\/v2\/users\/2805"}],"replies":[{"embeddable":true,"href":"https:\/\/blogsaverroes.juntadeandalucia.es\/ceipaznaitin\/wp-json\/wp\/v2\/comments?post=5369"}],"version-history":[{"count":9,"href":"https:\/\/blogsaverroes.juntadeandalucia.es\/ceipaznaitin\/wp-json\/wp\/v2\/pages\/5369\/revisions"}],"predecessor-version":[{"id":5380,"href":"https:\/\/blogsaverroes.juntadeandalucia.es\/ceipaznaitin\/wp-json\/wp\/v2\/pages\/5369\/revisions\/5380"}],"wp:attachment":[{"href":"https:\/\/blogsaverroes.juntadeandalucia.es\/ceipaznaitin\/wp-json\/wp\/v2\/media?parent=5369"}],"curies":[{"name":"wp","href":"https:\/\/api.w.org\/{rel}","templated":true}]}}