{"id":5584,"date":"2018-03-13T11:33:28","date_gmt":"2018-03-13T09:33:28","guid":{"rendered":"http:\/\/blogsaverroes.juntadeandalucia.es\/ceipaznaitin\/?page_id=5584"},"modified":"2018-03-13T11:45:44","modified_gmt":"2018-03-13T09:45:44","slug":"matematicas-5o-tema-1","status":"publish","type":"page","link":"https:\/\/blogsaverroes.juntadeandalucia.es\/ceipaznaitin\/matematicas-5o-tema-1\/","title":{"rendered":"Matem\u00e1ticas 5\u00ba Tema 1"},"content":{"rendered":"<p><strong>N\u00fameros y operaciones<\/strong><\/p>\n<p><strong>Contenidos previos<\/strong><\/p>\n<p><a href=\"http:\/\/www.ceiploreto.es\/sugerencias\/juntadeandalucia\/Estrategias_numeracion\/nombrenumeros.swf\" target=\"_blank\" rel=\"noopener\">EL NOMBRE DE LOS N\u00daMEROS<\/a><\/p>\n<p><a href=\"http:\/\/agrega2.red.es\/\/repositorio\/25012010\/0e\/es_2008050513_0230700\/index.html\" target=\"_blank\" rel=\"noopener\">N\u00daMEROS NATURALES MENORES QUE EL MILL\u00d3N<\/a><\/p>\n<p><a href=\"http:\/\/agrega.educa.madrid.org\/repositorio\/25032010\/0e\/es_2008050513_0230700\/index.html\" target=\"_blank\" rel=\"noopener\">N\u00daMEROS NATURALES MENORES QUE EL MILL\u00d3N<\/a><\/p>\n<p><a style=\"font-size: 14px;text-align: -webkit-center\" href=\"http:\/\/www.eltanquematematico.es\/fichas_num\/fichas_num_p.html\" target=\"_blank\" rel=\"noopener\">TRABAJAMOS CON LOS N\u00daMEROS<\/a><\/p>\n<p><a style=\"font-size: 14px;text-align: -webkit-center\" href=\"http:\/\/repositorio.educa.jccm.es\/portal\/odes\/matematicas\/24_los_numerosii\/\" target=\"_blank\" rel=\"noopener\">LOS N\u00daMEROS<\/a><\/p>\n<p><a style=\"font-size: 14px;text-align: -webkit-center\" href=\"http:\/\/cerezo.pntic.mec.es\/maria8\/bimates\/numeracion\/numeros\/hasta20000.html\" target=\"_blank\" rel=\"noopener\">NUMERACI\u00d3N<\/a><\/p>\n<p><a style=\"font-size: 14px;text-align: -webkit-center\" href=\"http:\/\/ntic.educacion.es\/w3\/\/eos\/MaterialesEducativos\/mem2008\/matematicas_primaria\/numeracion\/snd\/nombrenumeros.swf\" target=\"_blank\" rel=\"noopener\">EL NOMBRE DE LOS N\u00daMEROS<\/a><\/p>\n<p><a style=\"font-size: 14px;text-align: -webkit-center\" href=\"http:\/\/www.educa.jcyl.es\/educacyl\/cm\/zonaalumnos\/tkPopUp?pgseed=1168680284242&amp;idContent=20742&amp;locale=es_ES&amp;textOnly=false\" target=\"_blank\" rel=\"noopener\">HACIENDO N\u00daMEROS<\/a><\/p>\n<p><a style=\"font-size: 14px;text-align: -webkit-center\" href=\"http:\/\/regletas.joseantoniocuadrado.com\/portada.swf\" target=\"_blank\" rel=\"noopener\">\u00c1BACOS: REPRESENTAR N\u00daMEROS (MILLONES)<\/a><\/p>\n<p><a style=\"font-size: 14px;text-align: -webkit-center\" href=\"http:\/\/bromera.com\/tl_files\/activitatsdigitals\/Capicua_4c_PF\/cas_C4_u01_16_6_boletes_aprox.swf\" target=\"_blank\" rel=\"noopener\">APROXIMA A LAS CENTENAS<\/a><\/p>\n<p><a class=\"Estilo2\" style=\"font-size: 14px;text-align: -webkit-center\" href=\"http:\/\/www.eltanquematematico.es\/todo_mate\/laresta\/laresta_p.html\" target=\"_blank\" rel=\"noopener\">PRUEBA DE LA RESTA<\/a><\/p>\n<p><a style=\"font-size: 14px\" href=\"http:\/\/www.primaria.librosvivos.net\/archivosCMS\/3\/3\/16\/usuarios\/103294\/9\/U4_Mt3_pruebaresta\/frame_prim.swf\" target=\"_blank\" rel=\"noopener\">LA PRUEBA DE LA RESTA<\/a><\/p>\n<p><a href=\"http:\/\/www.clarionweb.es\/4_curso\/matematicas\/mat_402.htm\" target=\"_blank\" rel=\"noopener\">N\u00fameros con 6 y 7 cifras<\/a><\/p>\n<p><strong>N\u00fameros de m\u00e1s de siete cifras<\/strong><\/p>\n<p><a href=\"http:\/\/www.eltanquematematico.es\/todo_mate\/actividades5\/tema1_5_p.html\" target=\"_blank\" rel=\"noopener\">LOS N\u00daMEROS<\/a><\/p>\n<p><a style=\"font-size: 14px;text-align: -webkit-center\" href=\"http:\/\/www.eltanquematematico.es\/todo_mate\/actividades5\/tema1_P2\/tema1_pr2.swf\" target=\"_blank\" rel=\"noopener\">ESCRIBO N\u00daMEROS I<\/a><\/p>\n<p><a style=\"font-size: 14px;text-align: -webkit-center\" href=\"http:\/\/www.eltanquematematico.es\/todo_mate\/actividades5\/tema1_P3\/tema1_pr3.swf\" target=\"_blank\" rel=\"noopener\">ESCRIBO N\u00daMEROS II<\/a><\/p>\n<p><a style=\"font-size: 14px;text-align: -webkit-center\" href=\"http:\/\/www.ceiploreto.es\/sugerencias\/averroes\/educativa\/Mat_5_1_numeracion.html\" target=\"_blank\" rel=\"noopener\">DICTADO DE N\u00daMEROS<\/a><\/p>\n<p><a style=\"font-size: 14px;text-align: -webkit-center\" href=\"http:\/\/genmagic.net\/repositorio\/displayimage.php?pos=-103\" target=\"_blank\" rel=\"noopener\">EL VALOR POSICIONAL DE LAS CIFRAS<\/a><\/p>\n<p><a style=\"font-size: 14px;text-align: -webkit-center\" href=\"http:\/\/recursostic.educacion.es\/descartes\/web\/materiales_didacticos\/juegosnaturales\/index.html\" target=\"_blank\" rel=\"noopener\">JUEGOS CON N\u00daMEROS Y OPERACIONES<\/a><\/p>\n<p><a style=\"font-size: 14px;text-align: -webkit-center\" href=\"http:\/\/www.ceiploreto.es\/sugerencias\/averroes\/mochila\/numeracion\/numeracion.html\" target=\"_blank\" rel=\"noopener\">Caza del tesoro: NUMERACI\u00d3N<\/a><\/p>\n<p><a style=\"font-size: 14px;text-align: -webkit-center\" href=\"http:\/\/www.ceiploreto.es\/sugerencias\/cplosangeles.juntaextremadura.net\/web\/edilim\/tercer_ciclo\/matematicas5\/numeracion_5\/numeracion_5.html\" target=\"_blank\" rel=\"noopener\">SISTEMAS DE NUMERACI\u00d3N<\/a><\/p>\n<p><a style=\"font-size: 14px;text-align: -webkit-center\" href=\"http:\/\/www.vedoque.com\/juegos\/matematicas-01-cifras.swf?idioma=es\" target=\"_blank\" rel=\"noopener\">LOS N\u00daMEROS NATURALES<\/a><\/p>\n<p><a style=\"font-size: 14px;text-align: -webkit-center\" href=\"http:\/\/www.eltanquematematico.es\/todo_mate\/actividades5\/tema1_P4\/tema1_pr4.swf\" target=\"_blank\" rel=\"noopener\">ORDENAMOS GRUPOS DE N\u00daMEROS<\/a><\/p>\n<p><strong>Sumar y restar decenas exactas a n\u00famero de hasta cinco cifras<\/strong><\/p>\n<p><a href=\"http:\/\/www.eltanquematematico.es\/juegosparapensar5\/juegosparapensar_5_p.html\" target=\"_blank\" rel=\"noopener\">SUMAR DECENAS COMPLETAS A UN N\u00daMERO DE DOS CIFRAS<\/a>&nbsp;<\/p>\n<p><a style=\"font-size: 14px;text-align: -webkit-center\" href=\"http:\/\/www.eltanquematematico.es\/operatoria1\/operatoria_1_p.html\" target=\"_blank\" rel=\"noopener\">6. SUMAR DECENAS COMPLETAS A N\u00daMEROS DE TRES CIFRAS<\/a><\/p>\n<p><a style=\"font-size: 14px;text-align: -webkit-center\" href=\"http:\/\/hortamajor.edu.gva.es\/pruebas_calculo21\/calculo\/calculo3.swf\" target=\"_blank\" rel=\"noopener\">SUMAS 1: SUMAR DECENAS<\/a><\/p>\n<p><a style=\"font-size: 14px;text-align: -webkit-center\" href=\"http:\/\/hortamajor.edu.gva.es\/pruebas_calculo21\/calculo\/calculo3.swf\" target=\"_blank\" rel=\"noopener\">RESTAS 1: RESTAR DECENAS<\/a><\/p>\n<p><strong>Comparaci\u00f3n de n\u00fameros naturales<\/strong><\/p>\n<p><a href=\"http:\/\/www.ceiploreto.es\/sugerencias\/A_1\/Recursosdidacticos\/QUINTO\/datos\/03_Mates\/datos\/05_rdi\/ud01\/2\/02.htm\" target=\"_blank\" rel=\"noopener\">LECTURA, ESCRITURA Y DESCOMPOSICI\u00d3N DE N\u00daMEROS<\/a><\/p>\n<p><a style=\"font-size: 14px;text-align: -webkit-center\" href=\"http:\/\/www.ceiploreto.es\/sugerencias\/A_1\/Recursosdidacticos\/QUINTO\/datos\/03_Mates\/datos\/05_rdi\/ud01\/3\/03.htm\" target=\"_blank\" rel=\"noopener\">COMPARACI\u00d3N DE N\u00daMEROS<\/a><\/p>\n<p><a style=\"font-size: 14px;text-align: -webkit-center\" href=\"http:\/\/www.eltanquematematico.es\/todo_mate\/actividades5\/tema1_pr1_p.html\" target=\"_blank\" rel=\"noopener\">ESCRIBE LA DESCOMPOSICI\u00d3N DE CADA N\u00daMERO Y SU LECTURA<\/a><\/p>\n<p><a style=\"font-size: 14px;text-align: -webkit-center\" href=\"http:\/\/www.ceiploreto.es\/sugerencias\/juntadeandalucia\/Calculo_mental\/orden\/index_n.htm\" target=\"_blank\" rel=\"noopener\">ORDENACI\u00d3N DE N\u00daMEROS NATURALES<\/a><\/p>\n<p><a style=\"font-size: 14px;text-align: -webkit-center\" href=\"http:\/\/www.eltanquematematico.es\/todo_mate\/actividades5\/tema1_P4\/tema1_pr4.swf\" target=\"_blank\" rel=\"noopener\">ORDENAMOS GRUPOS DE N\u00daMEROS<\/a><\/p>\n<p><a style=\"font-size: 14px;text-align: -webkit-center\" href=\"http:\/\/www.i-matematicas.com\/recursos0809\/1ciclo\/naturales\/interactivo\/Orden.htm\" target=\"_blank\" rel=\"noopener\">ORDEN DE LOS N\u00daMEROS NATURALES<\/a><\/p>\n<p><a style=\"font-size: 14px;text-align: -webkit-center\" href=\"http:\/\/bromera.com\/tl_files\/activitatsdigitals\/capicua_5c_PA\/C5_u01_09_3_ordenaNombres.swf\" target=\"_blank\" rel=\"noopener\">ORDENA LOS N\u00daMEROS DE MENOR A MAYOR<\/a><\/p>\n<p><a style=\"font-size: 14px;text-align: -webkit-center\" href=\"http:\/\/www.ceiploreto.es\/sugerencias\/cplosangeles.juntaextremadura.net\/web\/matematicas_5\/numeracion_5\/actividad01.htm\" target=\"_blank\" rel=\"noopener\">NUMERACI\u00d3N II<\/a><\/p>\n<p><a style=\"font-size: 14px;text-align: -webkit-center\" href=\"http:\/\/www.ceiploreto.es\/sugerencias\/juntadeandalucia\/Estrategias_numeracion\/rectanum.swf\" target=\"_blank\" rel=\"noopener\">RECTA NUM\u00c9RICA<\/a><\/p>\n<p><a style=\"font-size: 14px;text-align: -webkit-center\" href=\"http:\/\/www.ceiploreto.es\/sugerencias\/juntadeandalucia\/Calculo_mental\/repre\/naturalespequenos.htm\" target=\"_blank\" rel=\"noopener\">REPRESENTACI\u00d3N DE N\u00daMEROS NATURALES<\/a><\/p>\n<p><strong>Aproximaci\u00f3n de n\u00fameros a los millares<\/strong><\/p>\n<p><a href=\"http:\/\/agrega2.red.es\/\/repositorio\/01022010\/5a\/es_2009091713_6946270\/index.html\" target=\"_blank\" rel=\"noopener\">APROXIMACI\u00d3N EN EL C\u00c1LCULO<\/a><\/p>\n<p><a href=\"http:\/\/bromera.com\/tl_files\/activitatsdigitals\/Capicua_4c_PF\/cas_C4_u06_31_0_boletes_aprox.swf\" target=\"_blank\" rel=\"noopener\">APROXIMA A LOS MILLARES<\/a><\/p>\n<p><strong>Sumar y restar centenas exactas a n\u00famero de hasta cinco cifras<\/strong><\/p>\n<p><a href=\"http:\/\/www.eltanquematematico.es\/juegosparapensar5\/juegosparapensar_5_p.html\" target=\"_blank\" rel=\"noopener\">SUMAR CENTENAS COMPLETAS A UN N\u00daMERO DE TRES CIFRAS<\/a><\/p>\n<p><a style=\"font-size: 14px;text-align: -webkit-center\" href=\"http:\/\/hortamajor.edu.gva.es\/pruebas_calculo21\/calculo\/calculo3.swf\" target=\"_blank\" rel=\"noopener\">SUMAS 3: SUMAR CENTENAS<\/a><\/p>\n<p><a style=\"font-size: 14px;text-align: -webkit-center\" href=\"http:\/\/hortamajor.edu.gva.es\/pruebas_calculo21\/calculo\/calculo3.swf\" target=\"_blank\" rel=\"noopener\">RESTAS 3: CENTENAS<\/a><\/p>\n<p><strong>Suma y resta. Propiedades<\/strong><\/p>\n<p><a href=\"http:\/\/agrega2.red.es\/\/repositorio\/25012010\/18\/es_2008050513_0230800\/mt08_oa05_es\/index.html\" target=\"_blank\" rel=\"noopener\">PROPIEDAD CONMUTATIVA DE LA SUMA<\/a><\/p>\n<p><a style=\"font-size: 14px;text-align: -webkit-center\" href=\"http:\/\/www.ceiploreto.es\/sugerencias\/A_1\/Recursosdidacticos\/QUINTO\/datos\/03_Mates\/datos\/05_rdi\/ud02\/1\/01.htm\" target=\"_blank\" rel=\"noopener\">PROPIEDADES DE LA SUMA<\/a><\/p>\n<p><a style=\"font-size: 14px;text-align: -webkit-center\" href=\"http:\/\/bromera.com\/tl_files\/activitatsdigitals\/Capicua_4c_PF\/cas_C4_u02_24_4_estatic_sumes3.swf\" target=\"_blank\" rel=\"noopener\">CALCULA<\/a><\/p>\n<p><a style=\"font-size: 14px;text-align: -webkit-center\" href=\"http:\/\/regletas.joseantoniocuadrado.com\/portada.swf\" target=\"_blank\" rel=\"noopener\">REGLETAS: SUMAR P. CONMUTATIVA<\/a><\/p>\n<p><a style=\"font-size: 14px;text-align: -webkit-center\" href=\"http:\/\/regletas.joseantoniocuadrado.com\/portada.swf\" target=\"_blank\" rel=\"noopener\">REGLETAS: SUMAR P. ASOCIATIVA<\/a><\/p>\n<p><a style=\"font-size: 14px;text-align: -webkit-center\" href=\"http:\/\/proyectodescartes.org\/uudd\/materiales_didacticos\/resta2-JS\/propieda.htm\" target=\"_blank\" rel=\"noopener\">PROPIEDAD FUNDAMENTAL DE LA RESTA<\/a><\/p>\n<p><strong>\u00a1Sin problemas!<\/strong><\/p>\n<p><a href=\"http:\/\/www.primaria.librosvivos.net\/archivosCMS\/3\/3\/16\/usuarios\/103294\/9\/5EP_Mate_cas_prob_ud1\/frame_prim.swf\" target=\"_blank\" rel=\"noopener\">RESUELVE PROBLEMAS<\/a><\/p>\n<p><a href=\"http:\/\/agrega.hezkuntza.net\/visualizar\/es\/es-eu_2011020113_1230501\/false\" target=\"_blank\" rel=\"noopener\">EL CENSO: EL SISTEMA DE NUMERACI\u00d3N DIGITAL<\/a><\/p>\n<p><a href=\"http:\/\/www.edu.xunta.es\/espazoAbalar\/sites\/espazoAbalar\/files\/datos\/1302508004\/contido\/index.html\" target=\"_blank\" rel=\"noopener\">EL CENSO: EL SISTEMA DE NUMERACI\u00d3N DIGITAL<\/a><\/p>\n<p><a href=\"http:\/\/agrega.hezkuntza.net\/visualizar\/es\/es-eu_2011020113_1230506\/false\" target=\"_blank\" rel=\"noopener\">LAS SUMAS Y LAS RESTAS: CONFECCIONO MI DISFRAZ DE CARNAVAL<\/a><\/p>\n<p><strong>Sumar y restar millares exactos a n\u00fameros de hasta cinco cifras<\/strong><\/p>\n<p><a href=\"http:\/\/www.eltanquematematico.es\/operatoria1\/operatoria_1_p.html\" target=\"_blank\" rel=\"noopener\">10. RESTAR DECENAS, CENTENAS Y MILLARES COMPLETOS A UN N\u00daMERO<\/a><\/p>\n<p><a href=\"http:\/\/www.primaria.librosvivos.net\/actividades\/flashActividadesPrimariaPub\/examen.swf?idejecucion=5866\" target=\"_blank\" rel=\"noopener\">AUTOEVALUACI\u00d3N DE LA UNIDAD<\/a><\/p>\n<p><a href=\"http:\/\/www.testeando.es\/test.asp?idA=67&amp;idT=jjdwjvbi\" target=\"_blank\" rel=\"noopener\">TEST: SISTEMAS DE NUMERACI\u00d3N<\/a><\/p>\n<p>ACTIVIDADES DE REPASO<br \/>\n<a href=\"http:\/\/www.juntadeandalucia.es\/averroes\/centros-tic\/41009470\/helvia\/aula\/archivos\/repositorio\/0\/196\/html\/recursos\/la\/U01\/pages\/recursos\/143164_P06.html\" target=\"_blank\" rel=\"noopener\">1<\/a>&nbsp;<a href=\"http:\/\/www.juntadeandalucia.es\/averroes\/centros-tic\/41009470\/helvia\/aula\/archivos\/repositorio\/0\/196\/html\/recursos\/la\/U01\/pages\/recursos\/143164_P07_1\/es_carcasa.html\" target=\"_blank\" rel=\"noopener\">2<\/a>&nbsp;<a href=\"http:\/\/www.juntadeandalucia.es\/averroes\/centros-tic\/41009470\/helvia\/aula\/archivos\/repositorio\/0\/196\/html\/recursos\/la\/U01\/pages\/recursos\/143164_P08.html\" target=\"_blank\" rel=\"noopener\">3<\/a>&nbsp;<a href=\"http:\/\/www.juntadeandalucia.es\/averroes\/centros-tic\/41009470\/helvia\/aula\/archivos\/repositorio\/0\/196\/html\/recursos\/la\/U01\/pages\/recursos\/143164_P09\/es_carcasa.html\" target=\"_blank\" rel=\"noopener\">4<\/a>&nbsp;<a href=\"http:\/\/www.juntadeandalucia.es\/averroes\/centros-tic\/41009470\/helvia\/aula\/archivos\/repositorio\/0\/196\/html\/recursos\/la\/U01\/pages\/recursos\/143164_P10\/es_carcasa.html\" target=\"_blank\" rel=\"noopener\">5<\/a>&nbsp;<a href=\"http:\/\/www.juntadeandalucia.es\/averroes\/centros-tic\/41009470\/helvia\/aula\/archivos\/repositorio\/0\/196\/html\/recursos\/la\/U01\/pages\/recursos\/143164_P11\/es_carcasa.html\" target=\"_blank\" rel=\"noopener\">6<\/a>&nbsp;<a href=\"http:\/\/www.juntadeandalucia.es\/averroes\/centros-tic\/41009470\/helvia\/aula\/archivos\/repositorio\/0\/196\/html\/recursos\/la\/U01\/pages\/recursos\/143164_P12\/es_carcasa.html\" target=\"_blank\" rel=\"noopener\">7<\/a>&nbsp;<a href=\"http:\/\/www.juntadeandalucia.es\/averroes\/centros-tic\/41009470\/helvia\/aula\/archivos\/repositorio\/0\/196\/html\/recursos\/la\/U01\/pages\/recursos\/143164_P13\/es_carcasa.html\" target=\"_blank\" rel=\"noopener\">8<\/a>&nbsp;<a href=\"http:\/\/www.juntadeandalucia.es\/averroes\/centros-tic\/41009470\/helvia\/aula\/archivos\/repositorio\/0\/196\/html\/recursos\/la\/U01\/pages\/recursos\/143164_P14_1\/es_carcasa.html\" target=\"_blank\" rel=\"noopener\">9<\/a>&nbsp;<a href=\"http:\/\/www.juntadeandalucia.es\/averroes\/centros-tic\/41009470\/helvia\/aula\/archivos\/repositorio\/0\/196\/html\/recursos\/la\/U01\/pages\/recursos\/143164_P14_2\/es_carcasa.html\" target=\"_blank\" rel=\"noopener\">10<\/a>&nbsp;<a href=\"http:\/\/www.juntadeandalucia.es\/averroes\/centros-tic\/41009470\/helvia\/aula\/archivos\/repositorio\/0\/196\/html\/recursos\/la\/U01\/pages\/recursos\/143164_P14_3\/es_carcasa.html\" target=\"_blank\" rel=\"noopener\">11<\/a>&nbsp;<a href=\"http:\/\/www.juntadeandalucia.es\/averroes\/centros-tic\/41009470\/helvia\/aula\/archivos\/repositorio\/0\/196\/html\/recursos\/la\/U01\/pages\/recursos\/143164_P14_4\/es_carcasa.html\" target=\"_blank\" rel=\"noopener\">12<\/a>&nbsp;<a href=\"http:\/\/www.juntadeandalucia.es\/averroes\/centros-tic\/41009470\/helvia\/aula\/archivos\/repositorio\/0\/196\/html\/recursos\/la\/U01\/pages\/recursos\/143164_P14_5\/es_carcasa.html\" target=\"_blank\" rel=\"noopener\">13<\/a>&nbsp;<a href=\"http:\/\/www.juntadeandalucia.es\/averroes\/centros-tic\/41009470\/helvia\/aula\/archivos\/repositorio\/0\/196\/html\/recursos\/la\/U01\/pages\/recursos\/143164_P16.html\" target=\"_blank\" rel=\"noopener\">14<\/a><\/p>\n<p>REPASO:&nbsp;<a href=\"http:\/\/www.juntadeandalucia.es\/averroes\/centros-tic\/14001529\/helvia\/aula\/archivos\/_6\/html\/262\/santillana%20matematicas%202%C2%BA%20ciclo\/contenido\/2.biblio_recursos\/animaciones\/a_descubrelosnumeros\/es_animacion.html\" target=\"_blank\" rel=\"noopener\">1<\/a>&nbsp;<a href=\"http:\/\/www.juntadeandalucia.es\/averroes\/centros-tic\/14001529\/helvia\/aula\/archivos\/_6\/html\/262\/santillana%20matematicas%202%C2%BA%20ciclo\/contenido\/3.taller\/actividades\/recuerdaloquesabes\/es_carcasa.html\" target=\"_blank\" rel=\"noopener\">2<\/a>&nbsp;<a href=\"http:\/\/www.juntadeandalucia.es\/averroes\/centros-tic\/14001529\/helvia\/aula\/archivos\/_6\/html\/262\/santillana%20matematicas%202%C2%BA%20ciclo\/contenido\/3.taller\/actividades\/descomposiciondenumerosnaturales\/es_carcasa.html\" target=\"_blank\" rel=\"noopener\">3<\/a>&nbsp;<a href=\"http:\/\/www.juntadeandalucia.es\/averroes\/centros-tic\/41009470\/helvia\/aula\/archivos\/repositorio\/0\/196\/html\/recursos\/la\/U01\/pages\/recursos\/143164_P12\/es_carcasa.html\" target=\"_blank\" rel=\"noopener\">4<\/a>&nbsp;<a href=\"http:\/\/www.juntadeandalucia.es\/averroes\/centros-tic\/41009470\/helvia\/aula\/archivos\/repositorio\/0\/196\/html\/recursos\/la\/U01\/pages\/recursos\/143164_P13\/es_carcasa.html\" target=\"_blank\" rel=\"noopener\">5<\/a><\/p>\n","protected":false},"excerpt":{"rendered":"<p>N\u00fameros y operaciones Contenidos previos EL NOMBRE DE LOS N\u00daMEROS N\u00daMEROS NATURALES MENORES QUE EL MILL\u00d3N N\u00daMEROS NATURALES MENORES QUE EL MILL\u00d3N TRABAJAMOS CON LOS N\u00daMEROS LOS N\u00daMEROS NUMERACI\u00d3N EL NOMBRE DE LOS N\u00daMEROS HACIENDO N\u00daMEROS \u00c1BACOS: REPRESENTAR N\u00daMEROS (MILLONES) APROXIMA A LAS CENTENAS PRUEBA DE LA RESTA LA PRUEBA DE LA RESTA N\u00fameros con &hellip; <\/p>\n<p><a class=\"more-link btn\" href=\"https:\/\/blogsaverroes.juntadeandalucia.es\/ceipaznaitin\/matematicas-5o-tema-1\/\">Seguir leyendo<\/a><\/p>\n","protected":false},"author":2805,"featured_media":0,"parent":0,"menu_order":0,"comment_status":"closed","ping_status":"closed","template":"","meta":{"ngg_post_thumbnail":0,"footnotes":"","_mc_calendar":[]},"aioseo_notices":[],"_links":{"self":[{"href":"https:\/\/blogsaverroes.juntadeandalucia.es\/ceipaznaitin\/wp-json\/wp\/v2\/pages\/5584"}],"collection":[{"href":"https:\/\/blogsaverroes.juntadeandalucia.es\/ceipaznaitin\/wp-json\/wp\/v2\/pages"}],"about":[{"href":"https:\/\/blogsaverroes.juntadeandalucia.es\/ceipaznaitin\/wp-json\/wp\/v2\/types\/page"}],"author":[{"embeddable":true,"href":"https:\/\/blogsaverroes.juntadeandalucia.es\/ceipaznaitin\/wp-json\/wp\/v2\/users\/2805"}],"replies":[{"embeddable":true,"href":"https:\/\/blogsaverroes.juntadeandalucia.es\/ceipaznaitin\/wp-json\/wp\/v2\/comments?post=5584"}],"version-history":[{"count":11,"href":"https:\/\/blogsaverroes.juntadeandalucia.es\/ceipaznaitin\/wp-json\/wp\/v2\/pages\/5584\/revisions"}],"predecessor-version":[{"id":5597,"href":"https:\/\/blogsaverroes.juntadeandalucia.es\/ceipaznaitin\/wp-json\/wp\/v2\/pages\/5584\/revisions\/5597"}],"wp:attachment":[{"href":"https:\/\/blogsaverroes.juntadeandalucia.es\/ceipaznaitin\/wp-json\/wp\/v2\/media?parent=5584"}],"curies":[{"name":"wp","href":"https:\/\/api.w.org\/{rel}","templated":true}]}}