{"id":5688,"date":"2018-03-14T19:11:58","date_gmt":"2018-03-14T17:11:58","guid":{"rendered":"http:\/\/blogsaverroes.juntadeandalucia.es\/ceipaznaitin\/?page_id=5688"},"modified":"2018-03-14T19:25:58","modified_gmt":"2018-03-14T17:25:58","slug":"matematicas-6o-tema-4","status":"publish","type":"page","link":"https:\/\/blogsaverroes.juntadeandalucia.es\/ceipaznaitin\/matematicas-6o-tema-4\/","title":{"rendered":"Matem\u00e1ticas 6\u00ba Tema 4"},"content":{"rendered":"<p><strong>Porcentajes y proporcionalidad<\/strong><\/p>\n<p><strong>Contenidos previos<\/strong><\/p>\n<p><a class=\"Estilo2\" href=\"http:\/\/www.eltanquematematico.es\/todo_mate\/fracnum\/fracnum_p.html\" target=\"_blank\" rel=\"noopener\">FRACCI\u00d3N DE UN N\u00daMERO<\/a><\/p>\n<p><a style=\"font-size: 14px;line-height: 22.4px;text-align: -webkit-center\" href=\"http:\/\/www.educa.madrid.org\/web\/cp.beatrizgalindo.alcala\/archivos\/fracciones\/fracciones\/hallarnumero.swf\" target=\"_blank\" rel=\"noopener\">FRACCI\u00d3N DE UNA CANTIDAD I<\/a><\/p>\n<p><a style=\"font-size: 14px;line-height: 22.4px;text-align: -webkit-center\" href=\"http:\/\/2633518-0.web-hosting.es\/blog\/manipulables\/numeracion\/ffracciones1.swf\" target=\"_blank\" rel=\"noopener\">FRACCIONES DE UN N\u00daMERO<\/a><\/p>\n<p><a style=\"font-size: 14px;line-height: 22.4px;text-align: -webkit-center\" href=\"http:\/\/bromera.com\/tl_files\/activitatsdigitals\/capicua_6c_PA\/C6_u06_72_1_calculMentalRapid_calculFraccions.swf\" target=\"_blank\" rel=\"noopener\">FRACCI\u00d3N DE UNA CANTIDAD II<\/a><\/p>\n<p><a style=\"font-size: 14px;line-height: 22.4px;text-align: -webkit-center\" href=\"http:\/\/agrega2.red.es\/\/repositorio\/25012010\/e7\/es_2008050513_0231000\/mt10_oa04_es\/index.html\" target=\"_blank\" rel=\"noopener\">FRACCI\u00d3N Y N\u00daMERO DECIMAL<\/a><\/p>\n<p><a style=\"font-size: 14px;line-height: 22.4px;text-align: -webkit-center\" href=\"http:\/\/www.eltanquematematico.es\/proporcionalidad\/proporc_p.html\" target=\"_blank\" rel=\"noopener\">PORCENTAJES I<\/a><span style=\"font-size: 14px;line-height: 22.4px;text-align: -webkit-center\">&nbsp;<\/span><\/p>\n<p><a style=\"font-size: 14px;line-height: 22.4px;text-align: -webkit-center\" href=\"http:\/\/ntic.educacion.es\/w3\/\/recursos\/primaria\/matematicas\/porcentajes\/menu.html\" target=\"_blank\" rel=\"noopener\">PORCENTAJES II<\/a><\/p>\n<p><a style=\"font-size: 14px;line-height: 22.4px;text-align: -webkit-center\" href=\"http:\/\/ntic.educacion.es\/w3\/\/eos\/MaterialesEducativos\/mem2008\/visualizador_decimales\/porcentajes.html\" target=\"_blank\" rel=\"noopener\">PORCENTAJES III<\/a><\/p>\n<p><a style=\"font-size: 14px;line-height: 22.4px;text-align: -webkit-center\" href=\"http:\/\/www.librosvivos.net\/smtc\/homeTC.asp?TemaClave=1171\" target=\"_blank\" rel=\"noopener\">PROPORCIONALIDAD<\/a><\/p>\n<p><a style=\"font-size: 14px;line-height: 22.4px;text-align: -webkit-center\" href=\"http:\/\/proyectodescartes.org\/PI\/materiales_didacticos\/M_B1_Porcentajes-JS\/index.html\" target=\"_blank\" rel=\"noopener\">PORCENTAJES IV<\/a><\/p>\n<p><a style=\"font-size: 14px;line-height: 22.4px\" href=\"http:\/\/2633518-0.web-hosting.es\/blog\/manipulables\/numeracion\/deposito.swf\" target=\"_blank\" rel=\"noopener\">FRACCI\u00d3N DE UN N\u00daMERO II<\/a><\/p>\n<p><a style=\"font-size: 14px;line-height: 22.4px\" href=\"http:\/\/www.genmagic.org\/repositorio\/albums\/userpics\/tpcent3c.swf\" target=\"_blank\" rel=\"noopener\">TANTO POR CIENTO<\/a><\/p>\n<p><strong>Descuentos y aumentos<\/strong><\/p>\n<p><a href=\"http:\/\/ntic.educacion.es\/w3\/\/recursos\/primaria\/matematicas\/porcentajes\/menuu4.html\" target=\"_blank\" rel=\"noopener\">TANTO POR&#8230;<\/a><\/p>\n<p><a style=\"font-size: 14px;line-height: 22.4px;text-align: -webkit-center\" href=\"http:\/\/www.ceiploreto.es\/sugerencias\/omerique\/omerique.net\/twiki\/pub\/Recursos\/PresupuestoFerretero\/presupuesto_herrero.html\" target=\"_blank\" rel=\"noopener\">Miniquest: EL PRESUPUESTO DEL FERRETERO<\/a><\/p>\n<p><a style=\"font-size: 14px;line-height: 22.4px;text-align: -webkit-center\" href=\"http:\/\/www.ceiploreto.es\/sugerencias\/omerique\/omerique.net\/twiki\/pub\/Recursos\/ComprandoJuguetes\/comprandojuguetes.html\" target=\"_blank\" rel=\"noopener\">Miniquest: TIENDA DE JUGUETES<\/a><\/p>\n<p><a style=\"font-size: 14px;line-height: 22.4px;text-align: -webkit-center\" href=\"http:\/\/sauce.pntic.mec.es\/~jdiego\/test\/test17.swf\" target=\"_blank\" rel=\"noopener\">TEST MATEM\u00c1TICO SOBRE PORCENTAJE Y PROPORCIONALIDAD<\/a><\/p>\n<p><a style=\"font-size: 14px;line-height: 22.4px;text-align: -webkit-center\" href=\"http:\/\/agrega2.red.es\/\/repositorio\/01022010\/ad\/es_2008112812_7230023\/index.html\" target=\"_blank\" rel=\"noopener\">LA CALCULADORA: PORCENTAJES<\/a><\/p>\n<p><a style=\"font-size: 14px;line-height: 22.4px;text-align: -webkit-center\" href=\"http:\/\/www.primaria.librosvivos.net\/archivosCMS\/3\/3\/16\/usuarios\/103294\/9\/6EP_Mate_cas_ud8_Porcentaje\/frame_prim.swf\" target=\"_blank\" rel=\"noopener\">PORCENTAJE DE UNA CANTIDAD II<\/a><\/p>\n<p><a style=\"font-size: 14px;line-height: 22.4px;text-align: -webkit-center\" href=\"http:\/\/www.genmagic.org\/mates3\/perc1c.swf\" target=\"_blank\" rel=\"noopener\">PORCENTAJE<\/a><\/p>\n<p><a style=\"font-size: 14px;line-height: 22.4px;text-align: -webkit-center\" href=\"http:\/\/web.educastur.princast.es\/ies\/pravia\/carpetas\/recursos\/mates\/anaya1\/datos\/09\/1.Swf\" target=\"_blank\" rel=\"noopener\">PROPORCIONALIDAD Y PORCENTAJES I<\/a><\/p>\n<p><a style=\"font-size: 14px;line-height: 22.4px;text-align: -webkit-center\" href=\"http:\/\/web.educastur.princast.es\/ies\/pravia\/carpetas\/recursos\/mates\/anaya1\/datos\/09\/5.Swf\" target=\"_blank\" rel=\"noopener\">PROPORCIONALIDAD Y PORCENTAJES II<\/a><\/p>\n<p><a style=\"font-size: 14px;line-height: 22.4px;text-align: -webkit-center\" href=\"http:\/\/www.edu.xunta.es\/espazoAbalar\/sites\/espazoAbalar\/files\/datos\/1293623664\/contido\/index.html\" target=\"_blank\" rel=\"noopener\">PORCENTAJES, FRACCIONES Y DECIMALES<\/a><\/p>\n<p><a style=\"font-size: 14px;line-height: 22.4px;text-align: -webkit-center\" href=\"http:\/\/www.ceiploreto.es\/sugerencias\/Educarchile\/matematicas\/16_calculando_porcentajes\/LearningObject\/index.html\" target=\"_blank\" rel=\"noopener\">CALCULANDO PORCENTAJES<\/a><\/p>\n<p><a style=\"font-size: 14px;line-height: 22.4px;text-align: -webkit-center\" href=\"http:\/\/rea.ceibal.edu.uy\/UserFiles\/P0001\/ODEA\/ORIGINAL\/100413_porcentaje.elp\/\" target=\"_blank\" rel=\"noopener\">PORCENTAJE II<\/a><\/p>\n<p><a style=\"font-size: 14px;line-height: 22.4px;text-align: -webkit-center\" href=\"http:\/\/ntic.educacion.es\/w3\/eos\/MaterialesEducativos\/mem2008\/matematicas_primaria\/numeracion\/operaciones\/fracciones.swf\" target=\"_blank\" rel=\"noopener\">FRACCIONES, DECIMALES Y PORCENTAJES<\/a><\/p>\n<p><a style=\"font-size: 14px;line-height: 22.4px;text-align: -webkit-center\" href=\"http:\/\/2633518-0.web-hosting.es\/blog\/manipulables\/numeracion\/fporcentajes1.swf\" target=\"_blank\" rel=\"noopener\">PORCENTAJES<\/a><\/p>\n<p><a style=\"font-size: 14px;line-height: 22.4px;text-align: -webkit-center\" href=\"http:\/\/2633518-0.web-hosting.es\/blog\/manipulables\/numeracion\/fracc1.swf\" target=\"_blank\" rel=\"noopener\">FRACCI\u00d3N &#8211; DECIMAL &#8211; PORCENTAJE<\/a><\/p>\n<p><a style=\"font-size: 14px;line-height: 22.4px;text-align: -webkit-center\" href=\"http:\/\/www.ceiploreto.es\/sugerencias\/cplosangeles.juntaextremadura.net\/web\/edilim\/tercer_ciclo\/matematicas6\/proporcionalidad_6\/proporcionalidad_6.html\" target=\"_blank\" rel=\"noopener\">PROPORCIONALIDAD Y PORCENTAJES<\/a><\/p>\n<p><a style=\"font-size: 14px;line-height: 22.4px;text-align: -webkit-center\" href=\"http:\/\/bromera.com\/tl_files\/activitatsdigitals\/capicua_6c_PA\/C6_u10_135_1_calculMentalRapid_percentatges.swf\" target=\"_blank\" rel=\"noopener\">CALCULA LOS PORCENTAJES I<\/a><\/p>\n<p><a style=\"font-size: 14px;line-height: 22.4px;text-align: -webkit-center\" href=\"http:\/\/bromera.com\/tl_files\/activitatsdigitals\/capicua_6c_PA\/C6_u11_148_1_calculMentalRapid_percentatges.swf\" target=\"_blank\" rel=\"noopener\">CALCULA LOS PORCENTAJES II<\/a><\/p>\n<p><a style=\"font-size: 14px;line-height: 22.4px;text-align: -webkit-center\" href=\"http:\/\/www.ceiploreto.es\/sugerencias\/Educarchile\/matematicas\/oda16.swf\" target=\"_blank\" rel=\"noopener\">PORCENTAJES, FRACCIONES Y DECIMALES II<\/a><\/p>\n<p><a style=\"font-size: 14px;line-height: 22.4px;text-align: -webkit-center\" href=\"http:\/\/cte.seebc.gob.mx\/pta\/app\/sexto\/matematicas\/bloque2\/act1\/\" target=\"_blank\" rel=\"noopener\">C\u00c1LCULO DE PORCENTAJES<\/a><\/p>\n<p><a style=\"font-size: 14px;line-height: 22.4px;text-align: -webkit-center\" href=\"http:\/\/cte.seebc.gob.mx\/pta\/app\/sexto\/matematicas\/bloque2\/act2\/\" target=\"_blank\" rel=\"noopener\">C\u00c1LCULO Y APLICACI\u00d3N DE PORCENTAJES<\/a><\/p>\n<p><a style=\"font-size: 14px;line-height: 22.4px;text-align: -webkit-center\" href=\"http:\/\/cte.seebc.gob.mx\/pta\/app\/sexto\/matematicas\/bloque2\/act3\/\" target=\"_blank\" rel=\"noopener\">REPRESENTACI\u00d3N DEL PORCENTAJE<\/a><\/p>\n<p><strong>Magnitudes proporcionales. Proporcionalidad directa<\/strong><\/p>\n<p><a href=\"http:\/\/www.eltanquematematico.es\/proporcionalidad\/proporc_p.html\" target=\"_blank\" rel=\"noopener\">PROPORCIONALIDAD<\/a><\/p>\n<p><a style=\"font-size: 14px;line-height: 22.4px;text-align: -webkit-center\" href=\"http:\/\/www.ceiploreto.es\/sugerencias\/Educarchile\/matematicas\/21_variables_proporcionales\/LearningObject\/index.html\" target=\"_blank\" rel=\"noopener\">INTERPRETANDO VARIABLES PROPORCIONALES EN GR\u00c1FICOS<\/a><\/p>\n<p><a style=\"font-size: 14px;line-height: 22.4px;text-align: -webkit-center\" href=\"http:\/\/agrega.hezkuntza.net\/repositorio\/02032011\/ee\/es-eu_2011022013_1230514\/proporcionalidad\/index.html#\" target=\"_blank\" rel=\"noopener\">SD: LA PROPORIONALIDAD NUM\u00c9RICA: TANTO POR CIENTO<\/a><\/p>\n<p><a style=\"font-size: 14px;line-height: 22.4px;text-align: -webkit-center\" href=\"http:\/\/rea.ceibal.edu.uy\/UserFiles\/P0001\/ODEA\/ORIGINAL\/100405_razon_proporcion.elp\/index.html\" target=\"_blank\" rel=\"noopener\">RAZ\u00d3N Y PROPORCI\u00d3N<\/a><\/p>\n<p><a style=\"font-size: 14px;line-height: 22.4px;text-align: -webkit-center\" href=\"http:\/\/2633518-0.web-hosting.es\/blog\/manipulables\/problemas\/tablasproporcionalidad.swf\" target=\"_blank\" rel=\"noopener\">RAZONAMIENTO PROPORCIONAL<\/a><\/p>\n<p><a style=\"font-size: 14px;line-height: 22.4px\" href=\"http:\/\/www.ceiploreto.es\/sugerencias\/ecuador\/matematicas\/5_proporcionalidad_directa\/index.html\" target=\"_blank\" rel=\"noopener\">PROPORCIONALIDAD DIRECTA<\/a><\/p>\n<p><a style=\"font-size: 14px;line-height: 22.4px;text-align: -webkit-center\" href=\"http:\/\/bromera.com\/tl_files\/activitatsdigitals\/capicua_6c_PA\/C6_u10_130_1_respostesMultiples_taulesProporc.swf\" target=\"_blank\" rel=\"noopener\">COMPLETA ESTAS TABLAS<\/a><\/p>\n<p><a style=\"font-size: 14px;line-height: 22.4px;text-align: -webkit-center\" href=\"http:\/\/cte.seebc.gob.mx\/pta\/app\/quinto\/matematicas\/bloque3\/act4\/\" target=\"_blank\" rel=\"noopener\">SITUACIONES DE PROPORCIONALIDAD<\/a><\/p>\n<p><a style=\"font-size: 14px;line-height: 22.4px;text-align: -webkit-center\" href=\"http:\/\/cte.seebc.gob.mx\/pta\/app\/sexto\/matematicas\/bloque5\/act2\/\" target=\"_blank\" rel=\"noopener\">LAS PROPIEDADES DE LA PROPORCIONALIDAD<\/a><\/p>\n<p><strong>Regla de tres<\/strong><\/p>\n<p><a href=\"http:\/\/bromera.com\/tl_files\/activitatsdigitals\/capicua_6c_PA\/C6_u10_131_0_problemesCalculad_regla3.swf\" target=\"_blank\" rel=\"noopener\">PROBLEMAS DE REGLA DE 3<\/a><\/p>\n<p><strong>\u00a1Sin problemas!<\/strong><\/p>\n<p><a href=\"http:\/\/www.primaria.librosvivos.net\/archivosCMS\/3\/3\/16\/usuarios\/103294\/9\/6EP_Mate_cas_ud8_Problema\/frame_prim.swf\" target=\"_blank\" rel=\"noopener\">RESUELVE PROBLEMAS<\/a><\/p>\n<p><a style=\"font-size: 14px;line-height: 22.4px;text-align: -webkit-center\" href=\"http:\/\/www.ceiploreto.es\/sugerencias\/Educarchile\/matematicas\/14_porcentajes\/consolaOD.swf\" target=\"_blank\" rel=\"noopener\">PORCENTAJES<\/a><\/p>\n<p><a style=\"font-size: 14px;line-height: 22.4px;text-align: -webkit-center\" href=\"http:\/\/www.ceiploreto.es\/sugerencias\/Educarchile\/matematicas\/15_proporcionalidad_directa\/LearningObject\/index.html\" target=\"_blank\" rel=\"noopener\">RELACIONES DE PROPORCIONALIDAD<\/a><\/p>\n<p><a style=\"font-size: 14px;line-height: 22.4px;text-align: -webkit-center\" href=\"http:\/\/2633518-0.web-hosting.es\/blog\/manipulables\/problemas\/problemasocia.swf\" target=\"_blank\" rel=\"noopener\">ASOCIO (RELACIONO OPERACI\u00d3N Y SIGNIFICADO)<\/a><\/p>\n<p><a style=\"font-size: 14px;line-height: 22.4px;text-align: -webkit-center\" href=\"http:\/\/2633518-0.web-hosting.es\/blog\/manipulables\/problemas\/canicas.swf\" target=\"_blank\" rel=\"noopener\">CANICAS (SIMULO Y RESUELVO)<\/a><\/p>\n<p><a style=\"font-size: 14px;line-height: 22.4px;text-align: -webkit-center\" href=\"http:\/\/2633518-0.web-hosting.es\/blog\/manipulables\/problemas\/porcentajes.swf\" target=\"_blank\" rel=\"noopener\">PROBLEMAS CON PORCENTAJES<\/a><\/p>\n<p><a style=\"font-size: 14px;line-height: 22.4px;text-align: -webkit-center\" href=\"http:\/\/2633518-0.web-hosting.es\/blog\/manipulables\/numeracion\/sectores2.swf\" target=\"_blank\" rel=\"noopener\">CONSTRUCCI\u00d3N DE GR\u00c1FICOS DE SECTORES<\/a><\/p>\n<p><strong>Multiplicar n\u00fameros de dos cifras por 0,25<\/strong><\/p>\n<p><a href=\"http:\/\/www.eltanquematematico.es\/juegosparapensar1\/juegosparapensar_1_p.html\" target=\"_blank\" rel=\"noopener\">JUEGOS PARA PENSAR<\/a><\/p>\n<p><a href=\"http:\/\/conteni2.educarex.es\/mats\/121407\/contenido\/matematicas\/ejercicios_interactivos_web\/unidad_6\/unidad6_porcentajes.html\" target=\"_blank\" rel=\"noopener\">REPASO LA UNIDAD<\/a><\/p>\n<p><a style=\"font-size: 14px;line-height: 22.4px;text-align: -webkit-center\" href=\"http:\/\/www.primaria.librosvivos.net\/actividades\/flashActividadesPrimariaPub\/examen.swf?idejecucion=7496\" target=\"_blank\" rel=\"noopener\">AUTOEVALUACI\u00d3N DE LA UNIDAD<\/a><\/p>\n<p><a style=\"font-size: 14px;line-height: 22.4px;text-align: -webkit-center\" href=\"http:\/\/www.testeando.es\/test.asp?idA=68&amp;idT=qgjtxrhf\" target=\"_blank\" rel=\"noopener\">TEST: PROPORCIONALIDAD Y PORCENTAJES<\/a><\/p>\n<p>ACTIVIDADES DE REPASO &nbsp;&nbsp;<a href=\"http:\/\/www.juntadeandalucia.es\/averroes\/centros-tic\/41009470\/helvia\/aula\/archivos\/repositorio\/0\/193\/html\/recursos\/la\/U11\/pages\/recursos\/143304_P152.html\" target=\"_blank\" rel=\"noopener\">1<\/a>&nbsp;<a href=\"http:\/\/www.juntadeandalucia.es\/averroes\/centros-tic\/41009470\/helvia\/aula\/archivos\/repositorio\/0\/193\/html\/recursos\/la\/U11\/pages\/recursos\/143304_P153\/es_carcasa.html\" target=\"_blank\" rel=\"noopener\">2<\/a>&nbsp;<a href=\"http:\/\/www.juntadeandalucia.es\/averroes\/centros-tic\/41009470\/helvia\/aula\/archivos\/repositorio\/0\/193\/html\/recursos\/la\/U11\/pages\/recursos\/143304_P154\/es_carcasa.html\" target=\"_blank\" rel=\"noopener\">3<\/a>&nbsp;<a href=\"http:\/\/www.juntadeandalucia.es\/averroes\/centros-tic\/41009470\/helvia\/aula\/archivos\/repositorio\/0\/193\/html\/recursos\/la\/U11\/pages\/recursos\/143304_P155.html\" target=\"_blank\" rel=\"noopener\">4<\/a>&nbsp;<a href=\"http:\/\/www.juntadeandalucia.es\/averroes\/centros-tic\/41009470\/helvia\/aula\/archivos\/repositorio\/0\/193\/html\/recursos\/la\/U11\/pages\/recursos\/143304_P156.html\" target=\"_blank\" rel=\"noopener\">5<\/a>&nbsp;<a href=\"http:\/\/www.juntadeandalucia.es\/averroes\/centros-tic\/41009470\/helvia\/aula\/archivos\/repositorio\/0\/193\/html\/recursos\/la\/U11\/pages\/recursos\/143304_P157.html\" target=\"_blank\" rel=\"noopener\">6<\/a>&nbsp;<a href=\"http:\/\/www.juntadeandalucia.es\/averroes\/centros-tic\/41009470\/helvia\/aula\/archivos\/repositorio\/0\/193\/html\/recursos\/la\/U11\/pages\/recursos\/143304_P160_1\/es_carcasa.html\" target=\"_blank\" rel=\"noopener\">7<\/a>&nbsp;<a href=\"http:\/\/www.juntadeandalucia.es\/averroes\/centros-tic\/41009470\/helvia\/aula\/archivos\/repositorio\/0\/193\/html\/recursos\/la\/U11\/pages\/recursos\/143304_P160_2\/es_carcasa.html\" target=\"_blank\" rel=\"noopener\">8<\/a>&nbsp;<a href=\"http:\/\/www.juntadeandalucia.es\/averroes\/centros-tic\/41009470\/helvia\/aula\/archivos\/repositorio\/0\/193\/html\/recursos\/la\/U11\/pages\/recursos\/143304_P160_3\/es_carcasa.html\" target=\"_blank\" rel=\"noopener\">9<\/a>&nbsp;<a href=\"http:\/\/www.juntadeandalucia.es\/averroes\/centros-tic\/41009470\/helvia\/aula\/archivos\/repositorio\/0\/193\/html\/recursos\/la\/U11\/pages\/recursos\/143304_P162.html\" target=\"_blank\" rel=\"noopener\">10<\/a><\/p>\n<p><a style=\"font-size: 14px;line-height: 22.4px;text-align: -webkit-center\" href=\"http:\/\/www.ceiploreto.es\/sugerencias\/cplosangeles.juntaextremadura.net\/web\/matematicas_6\/proporcionalidad_6\/actividad01.htm\" target=\"_blank\" rel=\"noopener\">REPASO: PROPORCIONALIDAD, PORCENTAJE, ESCALA<\/a><\/p>\n","protected":false},"excerpt":{"rendered":"<p>Porcentajes y proporcionalidad Contenidos previos FRACCI\u00d3N DE UN N\u00daMERO FRACCI\u00d3N DE UNA CANTIDAD I FRACCIONES DE UN N\u00daMERO FRACCI\u00d3N DE UNA CANTIDAD II FRACCI\u00d3N Y N\u00daMERO DECIMAL PORCENTAJES I&nbsp; PORCENTAJES II PORCENTAJES III PROPORCIONALIDAD PORCENTAJES IV FRACCI\u00d3N DE UN N\u00daMERO II TANTO POR CIENTO Descuentos y aumentos TANTO POR&#8230; Miniquest: EL PRESUPUESTO DEL FERRETERO Miniquest: &hellip; <\/p>\n<p><a class=\"more-link btn\" href=\"https:\/\/blogsaverroes.juntadeandalucia.es\/ceipaznaitin\/matematicas-6o-tema-4\/\">Seguir leyendo<\/a><\/p>\n","protected":false},"author":2805,"featured_media":0,"parent":0,"menu_order":0,"comment_status":"closed","ping_status":"closed","template":"","meta":{"ngg_post_thumbnail":0,"footnotes":"","_mc_calendar":[]},"aioseo_notices":[],"_links":{"self":[{"href":"https:\/\/blogsaverroes.juntadeandalucia.es\/ceipaznaitin\/wp-json\/wp\/v2\/pages\/5688"}],"collection":[{"href":"https:\/\/blogsaverroes.juntadeandalucia.es\/ceipaznaitin\/wp-json\/wp\/v2\/pages"}],"about":[{"href":"https:\/\/blogsaverroes.juntadeandalucia.es\/ceipaznaitin\/wp-json\/wp\/v2\/types\/page"}],"author":[{"embeddable":true,"href":"https:\/\/blogsaverroes.juntadeandalucia.es\/ceipaznaitin\/wp-json\/wp\/v2\/users\/2805"}],"replies":[{"embeddable":true,"href":"https:\/\/blogsaverroes.juntadeandalucia.es\/ceipaznaitin\/wp-json\/wp\/v2\/comments?post=5688"}],"version-history":[{"count":9,"href":"https:\/\/blogsaverroes.juntadeandalucia.es\/ceipaznaitin\/wp-json\/wp\/v2\/pages\/5688\/revisions"}],"predecessor-version":[{"id":5699,"href":"https:\/\/blogsaverroes.juntadeandalucia.es\/ceipaznaitin\/wp-json\/wp\/v2\/pages\/5688\/revisions\/5699"}],"wp:attachment":[{"href":"https:\/\/blogsaverroes.juntadeandalucia.es\/ceipaznaitin\/wp-json\/wp\/v2\/media?parent=5688"}],"curies":[{"name":"wp","href":"https:\/\/api.w.org\/{rel}","templated":true}]}}