{"id":5871,"date":"2018-03-16T11:12:21","date_gmt":"2018-03-16T09:12:21","guid":{"rendered":"http:\/\/blogsaverroes.juntadeandalucia.es\/ceipaznaitin\/?page_id=5871"},"modified":"2018-03-19T14:51:46","modified_gmt":"2018-03-19T12:51:46","slug":"recursos-de-composicion-escrita","status":"publish","type":"page","link":"https:\/\/blogsaverroes.juntadeandalucia.es\/ceipaznaitin\/recursos-de-composicion-escrita\/","title":{"rendered":"Recursos de Composici\u00f3n Escrita"},"content":{"rendered":"<p>En esta p\u00e1gina encontrar\u00e9is recursos de composici\u00f3n escrita<\/p>\n<p><strong>1\u00ba PRIMARIA<\/strong><\/p>\n<p><a href=\"http:\/\/www.educa.jcyl.es\/educacyl\/cm\/gallery\/recursos%20edebe\/lengua\/6_8_2\/index.htm\" target=\"_blank\" rel=\"noopener\">ESCRITURA<\/a><\/p>\n<p><a href=\"http:\/\/www.editorialyalde.com\/curso\/htmldocs\/libro1\/libro1.html\" target=\"_blank\" rel=\"noopener\">ORTOGRAF\u00cdA IDEOVISUAL<\/a><\/p>\n<p><a href=\"http:\/\/www.educalandia.net\/educativos\/infantil\/islas_y_estrellas\/principal.htm\" target=\"_blank\" rel=\"noopener\">ISLAS Y ESTRELLAS<\/a><\/p>\n<p><a href=\"http:\/\/dilealsol.es\/1OCA\/oca1024.swf\" target=\"_blank\" rel=\"noopener\">TE TOCA<\/a><\/p>\n<p><a href=\"http:\/\/www.juntadeandalucia.es\/averroes\/centros-tic\/11002471\/helvia\/aula\/archivos\/repositorio\/0\/1\/html\/El_clic_1\/tic.swf\" target=\"_blank\" rel=\"noopener\">PUPI &#8211; LETRAS Y TECLAS<\/a><\/p>\n<p><a href=\"http:\/\/genmagic.net\/repositorio\/displayimage.php?pos=-157\" target=\"_blank\" rel=\"noopener\">RUEDA DE LETRAS<\/a><\/p>\n<p>&nbsp;<\/p>\n<p>&nbsp;<\/p>\n","protected":false},"excerpt":{"rendered":"<p>En esta p\u00e1gina encontrar\u00e9is recursos de composici\u00f3n escrita 1\u00ba PRIMARIA ESCRITURA ORTOGRAF\u00cdA IDEOVISUAL ISLAS Y ESTRELLAS TE TOCA PUPI &#8211; LETRAS Y TECLAS RUEDA DE LETRAS &nbsp; &nbsp;<\/p>\n","protected":false},"author":2805,"featured_media":0,"parent":0,"menu_order":0,"comment_status":"closed","ping_status":"closed","template":"","meta":{"ngg_post_thumbnail":0,"footnotes":"","_mc_calendar":[]},"aioseo_notices":[],"_links":{"self":[{"href":"https:\/\/blogsaverroes.juntadeandalucia.es\/ceipaznaitin\/wp-json\/wp\/v2\/pages\/5871"}],"collection":[{"href":"https:\/\/blogsaverroes.juntadeandalucia.es\/ceipaznaitin\/wp-json\/wp\/v2\/pages"}],"about":[{"href":"https:\/\/blogsaverroes.juntadeandalucia.es\/ceipaznaitin\/wp-json\/wp\/v2\/types\/page"}],"author":[{"embeddable":true,"href":"https:\/\/blogsaverroes.juntadeandalucia.es\/ceipaznaitin\/wp-json\/wp\/v2\/users\/2805"}],"replies":[{"embeddable":true,"href":"https:\/\/blogsaverroes.juntadeandalucia.es\/ceipaznaitin\/wp-json\/wp\/v2\/comments?post=5871"}],"version-history":[{"count":3,"href":"https:\/\/blogsaverroes.juntadeandalucia.es\/ceipaznaitin\/wp-json\/wp\/v2\/pages\/5871\/revisions"}],"predecessor-version":[{"id":5894,"href":"https:\/\/blogsaverroes.juntadeandalucia.es\/ceipaznaitin\/wp-json\/wp\/v2\/pages\/5871\/revisions\/5894"}],"wp:attachment":[{"href":"https:\/\/blogsaverroes.juntadeandalucia.es\/ceipaznaitin\/wp-json\/wp\/v2\/media?parent=5871"}],"curies":[{"name":"wp","href":"https:\/\/api.w.org\/{rel}","templated":true}]}}