{"id":7084,"date":"2022-01-24T12:30:46","date_gmt":"2022-01-24T10:30:46","guid":{"rendered":"http:\/\/blogsaverroes.juntadeandalucia.es\/ceipaznaitin\/?page_id=7084"},"modified":"2025-05-05T18:42:33","modified_gmt":"2025-05-05T16:42:33","slug":"plan-de-centro","status":"publish","type":"page","link":"https:\/\/blogsaverroes.juntadeandalucia.es\/ceipaznaitin\/plan-de-centro\/","title":{"rendered":"Plan de Centro"},"content":{"rendered":"<p><strong>Ajust\u00e1ndose a lo estipulado en la normativa correspondiente al Reglamento de Organizaci\u00f3n de Centros de Educaci\u00f3n Infantil y Primaria, que adem\u00e1s imparten los niveles correspondientes a 1\u00ba y 2\u00ba de Educaci\u00f3n Secundaria Obligatoria, se ofrece al p\u00fablico en general la documentaci\u00f3n acad\u00e9mica de nuestro Colegio, la cual se puede consultar desde este blog.<\/strong><\/p>\n<p class=\"CDt4Ke zfr3Q\" dir=\"ltr\"><strong>El Plan de Centro del CEIP \u201cAznait\u00edn\u201d de Torres (Ja\u00e9n) comprende los siguientes elementos prescriptivos referenciados en la normativa:<\/strong><\/p>\n<blockquote>\n<p class=\"CDt4Ke zfr3Q\" dir=\"ltr\"><strong>&#8211; <a href=\"https:\/\/blogsaverroes.juntadeandalucia.es\/ceipaznaitin\/plan-de-centro\/proyecto-educativo-2\/\">Proyecto Educativo.<\/a><\/strong><\/p>\n<p class=\"CDt4Ke zfr3Q\" dir=\"ltr\"><strong>&#8211; <a href=\"https:\/\/blogsaverroes.juntadeandalucia.es\/ceipaznaitin\/plan-de-centro\/reglamento-de-organizacion-y-funcionamiento\/\">Reglamento de Organizaci\u00f3n y Funcionamiento.<\/a><\/strong><\/p>\n<p class=\"CDt4Ke zfr3Q\" dir=\"ltr\"><strong>&#8211;<a href=\"https:\/\/blogsaverroes.juntadeandalucia.es\/ceipaznaitin\/plan-de-centro\/proyecto-de-gestion\/\"> Proyecto de Gesti\u00f3n.<\/a><\/strong><\/p>\n<\/blockquote>\n","protected":false},"excerpt":{"rendered":"<p>Ajust\u00e1ndose a lo estipulado en la normativa correspondiente al Reglamento de Organizaci\u00f3n de Centros de Educaci\u00f3n Infantil y Primaria, que adem\u00e1s imparten los niveles correspondientes a 1\u00ba y 2\u00ba de Educaci\u00f3n Secundaria Obligatoria, se ofrece al p\u00fablico en general la documentaci\u00f3n acad\u00e9mica de nuestro Colegio, la cual se puede consultar desde este blog. El Plan &hellip; <\/p>\n<p><a class=\"more-link btn\" href=\"https:\/\/blogsaverroes.juntadeandalucia.es\/ceipaznaitin\/plan-de-centro\/\">Seguir leyendo<\/a><\/p>\n","protected":false},"author":5221,"featured_media":0,"parent":0,"menu_order":0,"comment_status":"closed","ping_status":"closed","template":"","meta":{"ngg_post_thumbnail":0,"footnotes":"","_mc_calendar":[]},"aioseo_notices":[],"_links":{"self":[{"href":"https:\/\/blogsaverroes.juntadeandalucia.es\/ceipaznaitin\/wp-json\/wp\/v2\/pages\/7084"}],"collection":[{"href":"https:\/\/blogsaverroes.juntadeandalucia.es\/ceipaznaitin\/wp-json\/wp\/v2\/pages"}],"about":[{"href":"https:\/\/blogsaverroes.juntadeandalucia.es\/ceipaznaitin\/wp-json\/wp\/v2\/types\/page"}],"author":[{"embeddable":true,"href":"https:\/\/blogsaverroes.juntadeandalucia.es\/ceipaznaitin\/wp-json\/wp\/v2\/users\/5221"}],"replies":[{"embeddable":true,"href":"https:\/\/blogsaverroes.juntadeandalucia.es\/ceipaznaitin\/wp-json\/wp\/v2\/comments?post=7084"}],"version-history":[{"count":35,"href":"https:\/\/blogsaverroes.juntadeandalucia.es\/ceipaznaitin\/wp-json\/wp\/v2\/pages\/7084\/revisions"}],"predecessor-version":[{"id":8022,"href":"https:\/\/blogsaverroes.juntadeandalucia.es\/ceipaznaitin\/wp-json\/wp\/v2\/pages\/7084\/revisions\/8022"}],"wp:attachment":[{"href":"https:\/\/blogsaverroes.juntadeandalucia.es\/ceipaznaitin\/wp-json\/wp\/v2\/media?parent=7084"}],"curies":[{"name":"wp","href":"https:\/\/api.w.org\/{rel}","templated":true}]}}