{"id":7264,"date":"2022-11-16T20:02:00","date_gmt":"2022-11-16T18:02:00","guid":{"rendered":"http:\/\/blogsaverroes.juntadeandalucia.es\/ceipaznaitin\/?page_id=7264"},"modified":"2025-12-08T21:11:13","modified_gmt":"2025-12-08T19:11:13","slug":"biblioteca-2","status":"publish","type":"page","link":"https:\/\/blogsaverroes.juntadeandalucia.es\/ceipaznaitin\/biblioteca-2\/","title":{"rendered":"BIBLIOTECAS ESCOLARES"},"content":{"rendered":"<p><strong>\u00a1Vuelven los pr\u00e9stamos a nuestra biblioteca!<\/strong><\/p>\n<p>Una vez organizada y dotada de ejemplares, vuelven los pr\u00e9stamos a la biblioteca del CEIP Aznaitin.<\/p>\n<p><a href=\"https:\/\/blogsaverroes.juntadeandalucia.es\/ceipaznaitin\/files\/2022\/11\/WhatsApp-Image-2022-11-10-at-11.13.53.jpeg\"><img loading=\"lazy\" decoding=\"async\" class=\"alignnone wp-image-7276\" src=\"https:\/\/blogsaverroes.juntadeandalucia.es\/ceipaznaitin\/files\/2022\/11\/WhatsApp-Image-2022-11-10-at-11.13.53-300x224.jpeg\" alt=\"\" width=\"534\" height=\"399\" srcset=\"https:\/\/blogsaverroes.juntadeandalucia.es\/ceipaznaitin\/files\/2022\/11\/WhatsApp-Image-2022-11-10-at-11.13.53-300x224.jpeg 300w, https:\/\/blogsaverroes.juntadeandalucia.es\/ceipaznaitin\/files\/2022\/11\/WhatsApp-Image-2022-11-10-at-11.13.53-1024x766.jpeg 1024w, https:\/\/blogsaverroes.juntadeandalucia.es\/ceipaznaitin\/files\/2022\/11\/WhatsApp-Image-2022-11-10-at-11.13.53-768x574.jpeg 768w, https:\/\/blogsaverroes.juntadeandalucia.es\/ceipaznaitin\/files\/2022\/11\/WhatsApp-Image-2022-11-10-at-11.13.53-1536x1149.jpeg 1536w, https:\/\/blogsaverroes.juntadeandalucia.es\/ceipaznaitin\/files\/2022\/11\/WhatsApp-Image-2022-11-10-at-11.13.53.jpeg 1600w\" sizes=\"(max-width: 534px) 100vw, 534px\" \/><\/a><\/p>\n<p>P\u00e1sate y \u00e9chale un vistazo a las novedades!!!<\/p>\n","protected":false},"excerpt":{"rendered":"<p>\u00a1Vuelven los pr\u00e9stamos a nuestra biblioteca! Una vez organizada y dotada de ejemplares, vuelven los pr\u00e9stamos a la biblioteca del CEIP Aznaitin. P\u00e1sate y \u00e9chale un vistazo a las novedades!!!<\/p>\n","protected":false},"author":5221,"featured_media":7276,"parent":0,"menu_order":0,"comment_status":"closed","ping_status":"closed","template":"","meta":{"ngg_post_thumbnail":0,"footnotes":"","_mc_calendar":[]},"aioseo_notices":[],"_links":{"self":[{"href":"https:\/\/blogsaverroes.juntadeandalucia.es\/ceipaznaitin\/wp-json\/wp\/v2\/pages\/7264"}],"collection":[{"href":"https:\/\/blogsaverroes.juntadeandalucia.es\/ceipaznaitin\/wp-json\/wp\/v2\/pages"}],"about":[{"href":"https:\/\/blogsaverroes.juntadeandalucia.es\/ceipaznaitin\/wp-json\/wp\/v2\/types\/page"}],"author":[{"embeddable":true,"href":"https:\/\/blogsaverroes.juntadeandalucia.es\/ceipaznaitin\/wp-json\/wp\/v2\/users\/5221"}],"replies":[{"embeddable":true,"href":"https:\/\/blogsaverroes.juntadeandalucia.es\/ceipaznaitin\/wp-json\/wp\/v2\/comments?post=7264"}],"version-history":[{"count":4,"href":"https:\/\/blogsaverroes.juntadeandalucia.es\/ceipaznaitin\/wp-json\/wp\/v2\/pages\/7264\/revisions"}],"predecessor-version":[{"id":8298,"href":"https:\/\/blogsaverroes.juntadeandalucia.es\/ceipaznaitin\/wp-json\/wp\/v2\/pages\/7264\/revisions\/8298"}],"wp:featuredmedia":[{"embeddable":true,"href":"https:\/\/blogsaverroes.juntadeandalucia.es\/ceipaznaitin\/wp-json\/wp\/v2\/media\/7276"}],"wp:attachment":[{"href":"https:\/\/blogsaverroes.juntadeandalucia.es\/ceipaznaitin\/wp-json\/wp\/v2\/media?parent=7264"}],"curies":[{"name":"wp","href":"https:\/\/api.w.org\/{rel}","templated":true}]}}