{"id":7268,"date":"2022-11-22T20:46:44","date_gmt":"2022-11-22T18:46:44","guid":{"rendered":"http:\/\/blogsaverroes.juntadeandalucia.es\/ceipaznaitin\/?page_id=7268"},"modified":"2025-05-12T12:38:51","modified_gmt":"2025-05-12T10:38:51","slug":"bilinguismo","status":"publish","type":"page","link":"https:\/\/blogsaverroes.juntadeandalucia.es\/ceipaznaitin\/bilinguismo\/","title":{"rendered":"BILING\u00dcISMO"},"content":{"rendered":"<p>El CEIP Aznait\u00edn es un centro biling\u00fce franc\u00e9s en el que se desarrollan, adem\u00e1s de la ense\u00f1anza de dicho idioma, actividades centradas en el conocimiento y exploraci\u00f3n de culturas ligadas a pa\u00edses de habla francoparlante.&nbsp;<\/p>\n<p><a href=\"https:\/\/sites.google.com\/view\/ceipaznaitntorres?usp=sharing\">WEB DEL PROYECTO BILING\u00dcE<\/a><\/p>\n<p><a href=\"https:\/\/blogsaverroes.juntadeandalucia.es\/ceipaznaitin\/files\/2025\/05\/162PRO1.pdf\">PROYECTO BILING\u00dcE CEIP AZNAIT\u00cdN 24\/25<\/a><\/p>\n<p><a href=\"https:\/\/blogsaverroes.juntadeandalucia.es\/ceipaznaitin\/files\/2023\/01\/FICHA-AUXILIAR-DE-CONVERSACI\u00d3N.pdf\">FICHA AUXILIAR DE CONVERSACI\u00d3N<\/a><\/p>\n","protected":false},"excerpt":{"rendered":"<p>El CEIP Aznait\u00edn es un centro biling\u00fce franc\u00e9s en el que se desarrollan, adem\u00e1s de la ense\u00f1anza de dicho idioma, actividades centradas en el conocimiento y exploraci\u00f3n de culturas ligadas a pa\u00edses de habla francoparlante.&nbsp; WEB DEL PROYECTO BILING\u00dcE PROYECTO BILING\u00dcE CEIP AZNAIT\u00cdN 24\/25 FICHA AUXILIAR DE CONVERSACI\u00d3N<\/p>\n","protected":false},"author":5221,"featured_media":0,"parent":0,"menu_order":0,"comment_status":"closed","ping_status":"closed","template":"","meta":{"ngg_post_thumbnail":0,"footnotes":"","_mc_calendar":[]},"aioseo_notices":[],"_links":{"self":[{"href":"https:\/\/blogsaverroes.juntadeandalucia.es\/ceipaznaitin\/wp-json\/wp\/v2\/pages\/7268"}],"collection":[{"href":"https:\/\/blogsaverroes.juntadeandalucia.es\/ceipaznaitin\/wp-json\/wp\/v2\/pages"}],"about":[{"href":"https:\/\/blogsaverroes.juntadeandalucia.es\/ceipaznaitin\/wp-json\/wp\/v2\/types\/page"}],"author":[{"embeddable":true,"href":"https:\/\/blogsaverroes.juntadeandalucia.es\/ceipaznaitin\/wp-json\/wp\/v2\/users\/5221"}],"replies":[{"embeddable":true,"href":"https:\/\/blogsaverroes.juntadeandalucia.es\/ceipaznaitin\/wp-json\/wp\/v2\/comments?post=7268"}],"version-history":[{"count":9,"href":"https:\/\/blogsaverroes.juntadeandalucia.es\/ceipaznaitin\/wp-json\/wp\/v2\/pages\/7268\/revisions"}],"predecessor-version":[{"id":8029,"href":"https:\/\/blogsaverroes.juntadeandalucia.es\/ceipaznaitin\/wp-json\/wp\/v2\/pages\/7268\/revisions\/8029"}],"wp:attachment":[{"href":"https:\/\/blogsaverroes.juntadeandalucia.es\/ceipaznaitin\/wp-json\/wp\/v2\/media?parent=7268"}],"curies":[{"name":"wp","href":"https:\/\/api.w.org\/{rel}","templated":true}]}}