{"id":7999,"date":"2025-05-05T12:37:06","date_gmt":"2025-05-05T10:37:06","guid":{"rendered":"https:\/\/blogsaverroes.juntadeandalucia.es\/ceipaznaitin\/?page_id=7999"},"modified":"2025-05-26T15:30:32","modified_gmt":"2025-05-26T13:30:32","slug":"proyecto-educativo-2","status":"publish","type":"page","link":"https:\/\/blogsaverroes.juntadeandalucia.es\/ceipaznaitin\/plan-de-centro\/proyecto-educativo-2\/","title":{"rendered":"Proyecto educativo"},"content":{"rendered":"<p><strong>El Proyecto Educativo del Centro recoge los valores, los objetivos, las prioridades y las formas de actuaci\u00f3n. Asimismo, incorpora la concreci\u00f3n del curr\u00edculum establecido por la Administraci\u00f3n educativa fijado y aprobado por el Claustro, as\u00ed como el tratamiento transversal en las \u00e1reas, materias o \u00e1mbitos de la educaci\u00f3n en valores y otras ense\u00f1anzas. Tal Proyecto tiene en cuenta las caracter\u00edsticas del entorno social y cultural del Centro, recoge la forma de atenci\u00f3n a la diversidad del alumnado y la acci\u00f3n tutorial, as\u00ed como el plan de convivencia, respetando el principio de no discriminaci\u00f3n y de inclusi\u00f3n educativa como valores fundamentales, as\u00ed como los principios y objetivos recogidos en la LOE\/LOMLOE (Ley Org\u00e1nica 2\/2006, de 3 de mayo, de Educaci\u00f3n, texto consolidado de la \u00faltima modificaci\u00f3n de 30 de diciembre de 2020), y la LEA (Ley 17\/2007, de 10 de diciembre, de Educaci\u00f3n de Andaluc\u00eda).<\/strong><\/p>\n<p><a href=\"https:\/\/blogsaverroes.juntadeandalucia.es\/ceipaznaitin\/files\/2025\/02\/1.-INTRODUCCION-Y-CONSIDERACIONES-PREVIAS-24-25.pdf\">01<strong>.&nbsp;<\/strong>Introducci\u00f3n y consideraciones previas.<\/a><\/p>\n<p><a href=\"https:\/\/blogsaverroes.juntadeandalucia.es\/ceipaznaitin\/files\/2025\/02\/2.-OBJETIVOS-PROPIOS-PARA-LA-MEJORA-DEL-RENDIMIENTO-24-25.pdf\">02. Objetivos propios para la mejora del rendimiento escolar.<\/a><\/p>\n<p><a href=\"https:\/\/blogsaverroes.juntadeandalucia.es\/ceipaznaitin\/files\/2025\/02\/PLAN-DE-MEJORA-24-25-1.pdf\">02.1 Plan de mejora 2024-2025<\/a><\/p>\n<p><a href=\"https:\/\/blogsaverroes.juntadeandalucia.es\/ceipaznaitin\/files\/2025\/02\/3.LINEAS-GENERALES-DE-ACTUACION-PEDAGOGICA2024-2025.pdf\">03.L\u00edneas generales de actuaci\u00f3n pedag\u00f3gica.<\/a><\/p>\n<p><a href=\"https:\/\/blogsaverroes.juntadeandalucia.es\/ceipaznaitin\/files\/2025\/02\/4COORD1.pdf\">04. Coordinaci\u00f3n y Concreci\u00f3n de los Contenidos Curriculares.<\/a><\/p>\n<p><a href=\"https:\/\/blogsaverroes.juntadeandalucia.es\/ceipaznaitin\/files\/2025\/02\/5.CRITERIOS-DETERMINACION-DE-HORARIOS.24-25.pdf\">05. Criterios pedag\u00f3gicos para la determinaci\u00f3n del horario individual del profesorado y la dedicaci\u00f3n de las personas responsables de los \u00f3rganos de coordinaci\u00f3n docente, as\u00ed como de tutor\u00edas y agrupamiento de alumnado.<\/a><\/p>\n<p><a href=\"https:\/\/blogsaverroes.juntadeandalucia.es\/ceipaznaitin\/files\/2025\/02\/6.LA-EVALUACION-EN-EDUCACION-INFANTIL.pdf\">06. Evaluaci\u00f3n en Educaci\u00f3n Infantil.<\/a><\/p>\n<p><a href=\"https:\/\/blogsaverroes.juntadeandalucia.es\/ceipaznaitin\/files\/2025\/05\/7.-LA-EVALUAION-EN-EDUACION-PRIMARIA.docx.pdf\">07. Evaluaci\u00f3n en Educaci\u00f3n Primaria.<\/a><\/p>\n<p><a href=\"https:\/\/blogsaverroes.juntadeandalucia.es\/ceipaznaitin\/files\/2025\/05\/8.-LA-EVALUAION-EN-EDUACION-SECUNDARIA.pdf\">08. Evaluaci\u00f3n en Educaci\u00f3n Secundaria.<\/a><\/p>\n<p><a href=\"https:\/\/blogsaverroes.juntadeandalucia.es\/ceipaznaitin\/files\/2025\/05\/9.PLAN-DE-ATENCION-A-LA-DIVERSIDAD-24-25.pdf\">09. Atenci\u00f3n a la diversidad 24-25<\/a><\/p>\n<p><a href=\"https:\/\/blogsaverroes.juntadeandalucia.es\/ceipaznaitin\/files\/2025\/05\/10.-PLAN-DE-ORIENTACION-Y-ACCION-TUTORIAL-24-25.pdf\">10. Plan de Orientaci\u00f3n y Acci\u00f3n Tutorial.<\/a><\/p>\n<p><a href=\"https:\/\/blogsaverroes.juntadeandalucia.es\/ceipaznaitin\/files\/2025\/05\/10.1.-POAT-TRANSITO-INFANTIL-PRIMARIA-24-25.pdf\">10.1 POAT Tr\u00e1nsito Infantil &#8211; Primaria<\/a><\/p>\n<p><a href=\"https:\/\/blogsaverroes.juntadeandalucia.es\/ceipaznaitin\/files\/2025\/05\/10.2.-POAT-TRANSITO-PRIMARIA-SECUNDARIA24-25.pdf\">10.2 POAT Tr\u00e1nsito Primaria &#8211; Secundaria<\/a><\/p>\n<p><a href=\"https:\/\/blogsaverroes.juntadeandalucia.es\/ceipaznaitin\/files\/2025\/05\/10.3.TRANSITO-2o-ESO-IES-SIERRA-MAGINA.pdf\">10.3 Tr\u00e1nsito 2\u00ba ESO &#8211; IES&nbsp;<\/a><\/p>\n<p><a href=\"https:\/\/blogsaverroes.juntadeandalucia.es\/ceipaznaitin\/files\/2025\/05\/11.-PLAN-DE-CONVIVENCIA-24-25.pdf\">11. Plan de Convivencia 24-25<\/a><\/p>\n<p><a href=\"https:\/\/blogsaverroes.juntadeandalucia.es\/ceipaznaitin\/files\/2025\/05\/PLAN-DE-FORMACION-24-25.pdf\">12. Plan de Formaci\u00f3n 24-25<\/a><\/p>\n<p><a href=\"https:\/\/blogsaverroes.juntadeandalucia.es\/ceipaznaitin\/files\/2025\/05\/13.-PLAN-DE-EVALUACION-INTERNA-24-25.pdf\">13. Plan de Evaluaci\u00f3n Interna.<\/a><\/p>\n<p><a href=\"https:\/\/blogsaverroes.juntadeandalucia.es\/ceipaznaitin\/files\/2025\/05\/14.-CRITERIOS-AGRUPAMIENTO-ALUMNADO-24-25.pdf\">14. Criterios Agrupamientos del alumnado y asignaci\u00f3n de tutor\u00edas 24-25.<\/a><\/p>\n<p><a href=\"https:\/\/blogsaverroes.juntadeandalucia.es\/ceipaznaitin\/files\/2025\/05\/15.-CRITERIOS-ELABORACION-PPPP-Y-PPDD-24-25.pdf\">15. Criterios de elaboraci\u00f3n de Propuestas Pedag\u00f3gicas y Programaciones.<\/a><\/p>\n<p>16. Planes estrat\u00e9gicos 24-25.<\/p>\n<p><a href=\"https:\/\/blogsaverroes.juntadeandalucia.es\/ceipaznaitin\/files\/2025\/05\/161PLA1.pdf\">16.1. Plan de Igualdad 24-25<\/a><\/p>\n<p><a href=\"https:\/\/blogsaverroes.juntadeandalucia.es\/ceipaznaitin\/files\/2025\/02\/162PRO1.pdf\">16.2.<\/a> <a href=\"https:\/\/blogsaverroes.juntadeandalucia.es\/ceipaznaitin\/files\/2025\/02\/162PRO1.pdf\">Proyecto Biling\u00fce CEIP Aznait\u00edn 24-25<\/a><\/p>\n<p><a href=\"https:\/\/blogsaverroes.juntadeandalucia.es\/ceipaznaitin\/files\/2025\/05\/163PLA1.pdf\">16.3. Plan de Biblioteca 24-25<\/a><\/p>\n<p><a href=\"https:\/\/blogsaverroes.juntadeandalucia.es\/ceipaznaitin\/files\/2025\/05\/16.4.-Plan-TDE-24-25.pdf\">16.4. Plan TDE 24-25.<\/a><\/p>\n<p><a href=\"https:\/\/blogsaverroes.juntadeandalucia.es\/ceipaznaitin\/files\/2025\/05\/165PLA1.pdf\">16.5. Programa CIMA 24-25.<\/a><\/p>\n<p><a href=\"https:\/\/blogsaverroes.juntadeandalucia.es\/ceipaznaitin\/files\/2025\/05\/166PLA1.pdf\">16.6. Plan de Salud y Riesgos Laborales 24-25.<\/a><\/p>\n<p><a href=\"https:\/\/drive.google.com\/file\/d\/14j-yHqsvD7eb6S_q3tu6XEZyp_x4eEAK\/view?usp=sharing\">16.7.<\/a> <a href=\"https:\/\/drive.google.com\/file\/d\/14j-yHqsvD7eb6S_q3tu6XEZyp_x4eEAK\/view?usp=sharing\">Proyecto Ling\u00fc\u00edstico y <\/a><a href=\"https:\/\/drive.google.com\/file\/d\/14j-yHqsvD7eb6S_q3tu6XEZyp_x4eEAK\/view?usp=sharing\">de fomento de la lectura 24-25.<\/a><\/p>\n<p><a href=\"https:\/\/drive.google.com\/file\/d\/1glHs0c1JTmHuNruScAZ8Z0_C--Bpr4_2\/view?usp=sharing\">16.8.<\/a> <a href=\"https:\/\/drive.google.com\/file\/d\/1glHs0c1JTmHuNruScAZ8Z0_C--Bpr4_2\/view?usp=sharing\">Proyecto Matem\u00e1tico<\/a><a href=\"https:\/\/drive.google.com\/file\/d\/1glHs0c1JTmHuNruScAZ8Z0_C--Bpr4_2\/view?usp=sharing\"> y de resoluci\u00f3n de problemas 24-25.<\/a><\/p>\n<p><a href=\"https:\/\/blogsaverroes.juntadeandalucia.es\/ceipaznaitin\/files\/2025\/05\/16.9.PLAN-DE-APERTURA-24-25.pdf\">16.9. Plan de Apertura.<\/a><\/p>\n<p>&nbsp;<\/p>\n<p>17. Propuestas y Programaciones Did\u00e1cticas.<\/p>\n<p>&nbsp;<\/p>\n<p>EDUCACI\u00d3N INFANTIL.<\/p>\n<p><a href=\"https:\/\/blogsaverroes.juntadeandalucia.es\/ceipaznaitin\/files\/2025\/05\/COMUNICACION-Y-REPRESENTACION-DE-LA-REALIDAD-3-ANOS.pdf\">17.1 (3 a\u00f1os) Programaci\u00f3n Comunicaci\u00f3n y Representaci\u00f3n de la Realidad.<\/a><\/p>\n<p><a href=\"https:\/\/blogsaverroes.juntadeandalucia.es\/ceipaznaitin\/files\/2025\/05\/CRECIMIENTO-EN-ARMONIA-3-ANOS.pdf\">17.2 (3 a\u00f1os) Programaci\u00f3n Crecimiento en Armon\u00eda.<\/a><\/p>\n<p><a href=\"https:\/\/blogsaverroes.juntadeandalucia.es\/ceipaznaitin\/files\/2025\/05\/DESCUBRIMIENTO-Y-EXPLORACION-DEL-ENTORNO-3-ANOS.pdf\">17.3 (3 a\u00f1os) Programaci\u00f3n Descubrimiento del Entorno.<\/a><\/p>\n<p><a href=\"https:\/\/blogsaverroes.juntadeandalucia.es\/ceipaznaitin\/files\/2025\/05\/RELIGION-3-ANOS.pdf\">17.4 (3 a\u00f1os) Programaci\u00f3n Religi\u00f3n.<\/a><\/p>\n<p><a href=\"https:\/\/blogsaverroes.juntadeandalucia.es\/ceipaznaitin\/files\/2025\/05\/COMUNICACION-Y-REPRESENTACION-4-ANOS.pdf\">17.5 (4 a\u00f1os) Programaci\u00f3n Comunicaci\u00f3n y Representaci\u00f3n de la Realidad.<\/a><\/p>\n<p><a href=\"https:\/\/blogsaverroes.juntadeandalucia.es\/ceipaznaitin\/files\/2025\/05\/CRECIMIENTO-EN-ARMONIA-4-ANOS.pdf\">17.6 (4 a\u00f1os) Programaci\u00f3n Crecimiento en Armon\u00eda.<\/a><\/p>\n<p><a href=\"https:\/\/blogsaverroes.juntadeandalucia.es\/ceipaznaitin\/files\/2025\/05\/RELIGION-4-ANOS.pdf\">17.7 (4 a\u00f1os) Programaci\u00f3n Descubrimiento del Entorno.<\/a><\/p>\n<p><a href=\"https:\/\/drive.google.com\/file\/d\/1QrmSuTy1z7B6P-ghJyld3FxTQt2lGRp8\/view?usp=sharing\">17.8 (4 a\u00f1os) Programaci\u00f3n Religi\u00f3n.<\/a><\/p>\n<p><a href=\"https:\/\/blogsaverroes.juntadeandalucia.es\/ceipaznaitin\/files\/2025\/05\/COMUNICACION-Y-REPRESENTACION-5-ANOS.pdf\">17.9 (5 a\u00f1os) Programaci\u00f3n Comunicaci\u00f3n y Representaci\u00f3n de la Realidad.<\/a><\/p>\n<p><a href=\"https:\/\/blogsaverroes.juntadeandalucia.es\/ceipaznaitin\/files\/2025\/05\/CRECIMIENTO-EN-ARMONIA-5-ANOS.pdf\">17.10 (5 a\u00f1os) Programaci\u00f3n Crecimiento en Armon\u00eda.<\/a><\/p>\n<p><a href=\"https:\/\/blogsaverroes.juntadeandalucia.es\/ceipaznaitin\/files\/2025\/05\/DESCUBRIMIENTO-Y-EXPLORACION-DEL-ENTORNO-5-ANOS.pdf\">17.11 (5 a\u00f1os) Programaci\u00f3n Descubrimiento del Entorno.<\/a><\/p>\n<p><a href=\"https:\/\/blogsaverroes.juntadeandalucia.es\/ceipaznaitin\/files\/2025\/05\/RELIGION-5-ANOS.pdf\">17.2 (5 a\u00f1os) Programaci\u00f3n Religi\u00f3n.<\/a><\/p>\n<p><a href=\"https:\/\/blogsaverroes.juntadeandalucia.es\/ceipaznaitin\/files\/2025\/05\/ATEDU-INFANTIL.pdf\">17.13 Programaci\u00f3n ATEDU INFANTIL.<\/a><\/p>\n<p>&nbsp;<\/p>\n<p>EDUCACI\u00d3N PRIMARIA<\/p>\n<p><a href=\"https:\/\/blogsaverroes.juntadeandalucia.es\/ceipaznaitin\/files\/2025\/05\/CONOCIMIENTO-DEL-MEDIO-1o-EP.pdf\">17.14 Programaci\u00f3n 1\u00ba EP &#8211; Conocimiento del Medio.<\/a><\/p>\n<p><a href=\"https:\/\/blogsaverroes.juntadeandalucia.es\/ceipaznaitin\/files\/2025\/05\/EDUCACION-ARTISTICA-1o-EP.pdf\">17.15 Programaci\u00f3n 1\u00ba EP &#8211; Educaci\u00f3n Art\u00edstica.<\/a><\/p>\n<p><a href=\"https:\/\/blogsaverroes.juntadeandalucia.es\/ceipaznaitin\/files\/2025\/05\/EDUCACION-FISICA-1o-EP.pdf\">17.16 Programaci\u00f3n 1\u00ba EP &#8211; Educaci\u00f3n F\u00edsica.<\/a><\/p>\n<p><a href=\"https:\/\/blogsaverroes.juntadeandalucia.es\/ceipaznaitin\/files\/2025\/05\/FRANCES-1o-EP.pdf\">17.17 Programaci\u00f3n 1\u00ba EP &#8211; Franc\u00e9s.<\/a><\/p>\n<p><a href=\"https:\/\/blogsaverroes.juntadeandalucia.es\/ceipaznaitin\/files\/2025\/05\/LENGUA-CASTELLANA-1o-EP.pdf\">17.18 Programaci\u00f3n 1\u00ba EP &#8211; Lengua Castellana y Literatura.<\/a><\/p>\n<p><a href=\"https:\/\/blogsaverroes.juntadeandalucia.es\/ceipaznaitin\/files\/2025\/05\/MATEMATICAS-1o-EP.pdf\">17.19 Programaci\u00f3n 1\u00ba EP &#8211; Matem\u00e1ticas.<\/a><\/p>\n<p><a href=\"https:\/\/blogsaverroes.juntadeandalucia.es\/ceipaznaitin\/files\/2025\/05\/RELIGION-1o-EP.pdf\">17.20 Programaci\u00f3n 1\u00ba EP &#8211; Religi\u00f3n.<\/a><\/p>\n<p style=\"text-align: left\"><a href=\"https:\/\/blogsaverroes.juntadeandalucia.es\/ceipaznaitin\/files\/2025\/05\/CONOCIMIENTO-DEL-MEDIO-2o-EP.pdf\">17.21 Programaci\u00f3n 2\u00ba EP &#8211; Conocimiento del Medio.<\/a><\/p>\n<p><a href=\"https:\/\/blogsaverroes.juntadeandalucia.es\/ceipaznaitin\/files\/2025\/05\/EDUCAION-ARTISTICA-2o-EP.pdf\">17.22 Programaci\u00f3n 2\u00ba EP &#8211; Educaci\u00f3n Art\u00edstica.<\/a><\/p>\n<p><a href=\"https:\/\/blogsaverroes.juntadeandalucia.es\/ceipaznaitin\/files\/2025\/05\/EDUCACION-FISICA-2o-EP.pdf\">17.23 Programaci\u00f3n 2\u00ba EP &#8211; Educaci\u00f3n F\u00edsica.<\/a><\/p>\n<p><a href=\"https:\/\/blogsaverroes.juntadeandalucia.es\/ceipaznaitin\/files\/2025\/05\/FRANCES-2o-EP.pdf\">17.24 Programaci\u00f3n 2\u00ba EP &#8211; Franc\u00e9s.<\/a><\/p>\n<p><a href=\"https:\/\/blogsaverroes.juntadeandalucia.es\/ceipaznaitin\/files\/2025\/05\/LENGUA-CASTELLANA-2o-EP.pdf\">17.25 Programaci\u00f3n 2\u00ba EP &#8211; Lengua Castellana y Literatura.<\/a><\/p>\n<p><a href=\"https:\/\/blogsaverroes.juntadeandalucia.es\/ceipaznaitin\/files\/2025\/05\/MATEMATIICAS-2o-EP.pdf\">17.26 Programaci\u00f3n 2\u00ba EP &#8211; Matem\u00e1ticas.<\/a><\/p>\n<p><a href=\"https:\/\/blogsaverroes.juntadeandalucia.es\/ceipaznaitin\/files\/2025\/05\/RELIGION-2oEP.pdf\">17.27 Programaci\u00f3n 2\u00ba EP &#8211; Religi\u00f3n.<\/a><\/p>\n<p><a href=\"https:\/\/blogsaverroes.juntadeandalucia.es\/ceipaznaitin\/files\/2025\/05\/CONOCIMIENTO-DEL-MEDIO-3o.pdf\">17.28 Programaci\u00f3n 3\u00ba EP &#8211; Conocimiento del Medio.<\/a><\/p>\n<p><a href=\"https:\/\/blogsaverroes.juntadeandalucia.es\/ceipaznaitin\/files\/2025\/05\/EDUCACION-ARTISTICA-3o.pdf\">17.29 Programaci\u00f3n 3\u00ba EP &#8211; Educaci\u00f3n Art\u00edstica.<\/a><\/p>\n<p><a href=\"https:\/\/blogsaverroes.juntadeandalucia.es\/ceipaznaitin\/files\/2025\/05\/EDUCACION-FISICA-3o.pdf\">17.30 Programaci\u00f3n 3\u00ba EP &#8211; Educaci\u00f3n F\u00edsica.<\/a><\/p>\n<p><a href=\"https:\/\/blogsaverroes.juntadeandalucia.es\/ceipaznaitin\/files\/2025\/05\/FRANCES-3o.pdf\">17.31 Programaci\u00f3n 3\u00ba EP &#8211; Ingl\u00e9s.<\/a><\/p>\n<p><a href=\"https:\/\/blogsaverroes.juntadeandalucia.es\/ceipaznaitin\/files\/2025\/05\/LENGUA-3o.pdf\">17.32 Programaci\u00f3n 3\u00ba EP &#8211; Lengua Castellana y Literatura.<\/a><\/p>\n<p><a href=\"https:\/\/drive.google.com\/file\/d\/1uiiX_nVIsUlRHqi83CUT32boJu5syU63\/view?usp=sharing\">17.33 Programaci\u00f3n 3\u00ba EP &#8211; Matem\u00e1ticas.<\/a><\/p>\n<p><a href=\"https:\/\/drive.google.com\/file\/d\/1DiDgV-y-gLykkYw1yoE2HLW1L_BvVp22\/view?usp=sharing\">17.34 Programaci\u00f3n 3\u00ba EP &#8211; Atenci\u00f3n Educativa.<\/a><\/p>\n<p><a href=\"https:\/\/blogsaverroes.juntadeandalucia.es\/ceipaznaitin\/files\/2025\/05\/RELIGION-3o.pdf\">17.35 Programaci\u00f3n 3\u00ba EP &#8211; Religi\u00f3n.<\/a><\/p>\n<p><a href=\"https:\/\/drive.google.com\/file\/d\/1ScB-A3OWLJonm9R90V6x42xKKWct7b_u\/view?usp=sharing\">17.36 Programaci\u00f3n 4\u00ba EP &#8211; Conocimiento del Medio.<\/a><\/p>\n<p><a href=\"https:\/\/blogsaverroes.juntadeandalucia.es\/ceipaznaitin\/files\/2025\/05\/EDUCACION-ARTISTICA-4o.pdf\">17.37 Programaci\u00f3n 4\u00ba EP &#8211; Educaci\u00f3n Art\u00edstica.<\/a><\/p>\n<p><a href=\"https:\/\/blogsaverroes.juntadeandalucia.es\/ceipaznaitin\/files\/2025\/05\/EDUCACION-FISICA-4o.pdf\">17.38 Programaci\u00f3n 4\u00ba EP &#8211; Educaci\u00f3n F\u00edsica.<\/a><\/p>\n<p><a href=\"https:\/\/blogsaverroes.juntadeandalucia.es\/ceipaznaitin\/files\/2025\/05\/INGLES-4o.pdf\">17.39 Programaci\u00f3n 4\u00ba EP &#8211; Ingl\u00e9s.<\/a><\/p>\n<p><a href=\"https:\/\/blogsaverroes.juntadeandalucia.es\/ceipaznaitin\/files\/2025\/05\/LENGUA-CASTELLANA-4o.pdf\">17.40 Programaci\u00f3n 4\u00ba EP &#8211; Lengua Castellana y Literatura.<\/a><\/p>\n<p><a href=\"https:\/\/blogsaverroes.juntadeandalucia.es\/ceipaznaitin\/files\/2025\/05\/MATEMATICAS-4o.pdf\">17.41 Programaci\u00f3n 4\u00ba EP &#8211; Matem\u00e1ticas.<\/a><\/p>\n<p><a href=\"https:\/\/blogsaverroes.juntadeandalucia.es\/ceipaznaitin\/files\/2025\/05\/RELIGION-4o.pdf\">17.42 Programaci\u00f3n 4\u00ba EP &#8211; Religi\u00f3n.<\/a><\/p>\n<p><a href=\"https:\/\/blogsaverroes.juntadeandalucia.es\/ceipaznaitin\/files\/2025\/05\/CONOCIMIENTO-DEL-MEDIO-5o.pdf\">17.43 Programaci\u00f3n 5\u00ba EP &#8211; Conocimiento del Medio.<\/a><\/p>\n<p><a href=\"https:\/\/blogsaverroes.juntadeandalucia.es\/ceipaznaitin\/files\/2025\/05\/EDUCACION-ARTISTICA-5o.pdf\">17.44 Programaci\u00f3n 5\u00ba EP &#8211; Educaci\u00f3n Art\u00edstica.<\/a><\/p>\n<p><a href=\"https:\/\/blogsaverroes.juntadeandalucia.es\/ceipaznaitin\/files\/2025\/05\/EDUCACION-FISICA-5o.pdf\">17.45 Programaci\u00f3n 5\u00ba EP &#8211; Educaci\u00f3n F\u00edsica.<\/a><\/p>\n<p><a href=\"https:\/\/blogsaverroes.juntadeandalucia.es\/ceipaznaitin\/files\/2025\/05\/FRANCES-2o-IDIOMA-5o-EP.pdf\">17.46 Programaci\u00f3n 5\u00ba EP &#8211; Franc\u00e9s.<\/a><\/p>\n<p><a href=\"https:\/\/blogsaverroes.juntadeandalucia.es\/ceipaznaitin\/files\/2025\/05\/INGLES-5o.pdf\">17.47 Programaci\u00f3n 5\u00ba EP &#8211; Ingl\u00e9s.<\/a><\/p>\n<p><a href=\"https:\/\/blogsaverroes.juntadeandalucia.es\/ceipaznaitin\/files\/2025\/05\/LENGUA-CASTELLANA-5o.pdf\">17.48 Programaci\u00f3n 5\u00ba EP &#8211; Lengua Castellana y Literatura.<\/a><\/p>\n<p><a href=\"https:\/\/blogsaverroes.juntadeandalucia.es\/ceipaznaitin\/files\/2025\/05\/MATEMATICAS-5o.pdf\">17.49 Programaci\u00f3n 5\u00ba EP &#8211; Matem\u00e1ticas.<\/a><\/p>\n<p><a href=\"https:\/\/blogsaverroes.juntadeandalucia.es\/ceipaznaitin\/files\/2025\/05\/RELIGION-5o.pdf\">17.50 Programaci\u00f3n 5\u00ba EP &#8211; Religi\u00f3n.<\/a><\/p>\n<p><a href=\"https:\/\/drive.google.com\/file\/d\/1TK7IBCxlErwBPUg6xCXHNRwJI-wP9wmn\/view?usp=sharing\">17.51 Programaci\u00f3n 6\u00ba EP &#8211; Conocimiento del Medio.<\/a><\/p>\n<p><a href=\"https:\/\/blogsaverroes.juntadeandalucia.es\/ceipaznaitin\/files\/2025\/05\/EDUCACION-ARTISTICA-6o-EP.pdf\">17.52 Programaci\u00f3n 6\u00ba EP &#8211; Educaci\u00f3n Art\u00edstica.<\/a><\/p>\n<p><a href=\"https:\/\/blogsaverroes.juntadeandalucia.es\/ceipaznaitin\/files\/2025\/05\/EDUCACION-FISICA-6o-EP.pdf\">17.53 Programaci\u00f3n 6\u00ba EP &#8211; Educaci\u00f3n F\u00edsica.<\/a><\/p>\n<p><a href=\"https:\/\/blogsaverroes.juntadeandalucia.es\/ceipaznaitin\/files\/2025\/05\/FRANCES-2o-IDIOMA-6o-EP.pdf\">17.54 Programaci\u00f3n 6\u00ba EP &#8211; Franc\u00e9s.<\/a><\/p>\n<p><a href=\"https:\/\/blogsaverroes.juntadeandalucia.es\/ceipaznaitin\/files\/2025\/05\/INGLES-6o-EP.pdf\">17.55 Programaci\u00f3n 6\u00ba EP &#8211; Ingl\u00e9s.<\/a><\/p>\n<p><a href=\"https:\/\/blogsaverroes.juntadeandalucia.es\/ceipaznaitin\/files\/2025\/05\/LENGUA-CASTELLANA-6o-EP.pdf\">17.56 Programaci\u00f3n 6\u00ba EP &#8211; Lengua Castellana y Literatura.<\/a><\/p>\n<p><a href=\"https:\/\/blogsaverroes.juntadeandalucia.es\/ceipaznaitin\/files\/2025\/05\/MATEMATICAS-6o-EP.pdf\">17.57 Programaci\u00f3n 6\u00ba EP &#8211; Matem\u00e1ticas.<\/a><\/p>\n<p><a href=\"https:\/\/blogsaverroes.juntadeandalucia.es\/ceipaznaitin\/files\/2025\/05\/RELIGION-6o-EP.pdf\">17.58 Programaci\u00f3n 6\u00ba EP &#8211; Religi\u00f3n.<\/a><\/p>\n<p><a href=\"https:\/\/drive.google.com\/file\/d\/1xVLYFltzZFUmyWBApB2TkY8NogVwP6jR\/view?usp=sharing\">17.59 Programaci\u00f3n Primer Ciclo- ATEDU.<\/a><\/p>\n<p><a href=\"https:\/\/blogsaverroes.juntadeandalucia.es\/ceipaznaitin\/files\/2025\/05\/EDUCACION-EN-VALORES-6o-EP.pdf\">17.60 Programaci\u00f3n Tercer Ciclo- ATEDU.<\/a><\/p>\n<p>&nbsp;<\/p>\n<p>EDUCACI\u00d3N SECUNDARIA<\/p>\n<p><a href=\"https:\/\/blogsaverroes.juntadeandalucia.es\/ceipaznaitin\/files\/2025\/05\/PROGRA1.pdf\">17.61 Programaci\u00f3n 1\u00ba ESO- \u00c1rea Ling\u00fc\u00edstica Transversal.<\/a><\/p>\n<p><a href=\"https:\/\/blogsaverroes.juntadeandalucia.es\/ceipaznaitin\/files\/2025\/05\/PROGRAMACION-BIOLOGIA-GEOLOGIA-1o-ESO.pdf\">17.62 Programaci\u00f3n 1\u00ba ESO- Biolog\u00eda.<\/a><\/p>\n<p><a href=\"https:\/\/blogsaverroes.juntadeandalucia.es\/ceipaznaitin\/files\/2025\/05\/COMPUTACION-Y-ROBOTICA-1o-ESO.pdf\">17.63 Programaci\u00f3n 1\u00ba ESO- Computaci\u00f3n y Rob\u00f3tica.<\/a><\/p>\n<p><a href=\"https:\/\/blogsaverroes.juntadeandalucia.es\/ceipaznaitin\/files\/2025\/05\/EDUCACION-FISICA-1o-ESO.pdf\">17.64 Programaci\u00f3n 1\u00ba ESO- Educaci\u00f3n F\u00edsica.<\/a><\/p>\n<p><a href=\"https:\/\/blogsaverroes.juntadeandalucia.es\/ceipaznaitin\/files\/2025\/05\/PLASTICA-1o-ESO.pdf\">17.65 Programaci\u00f3n 1\u00ba ESO- Educaci\u00f3n Pl\u00e1stica.<\/a><\/p>\n<p><a href=\"https:\/\/blogsaverroes.juntadeandalucia.es\/ceipaznaitin\/files\/2025\/05\/FRANCES-1o-ESO.pdf\">17.66 Programaci\u00f3n 1\u00ba ESO- Franc\u00e9s.<\/a><\/p>\n<p><a href=\"https:\/\/blogsaverroes.juntadeandalucia.es\/ceipaznaitin\/files\/2025\/05\/GEOGRAFIA-E-HISTORIA-1o-ESO.pdf\">17.67 Programaci\u00f3n 1\u00ba ESO- Geograf\u00eda e Historia.<\/a><\/p>\n<p><a href=\"https:\/\/blogsaverroes.juntadeandalucia.es\/ceipaznaitin\/files\/2025\/05\/INGLES-2o-IDIOMA-1o-ESO.pdf\">17.68 Programaci\u00f3n 1\u00ba ESO- Ingl\u00e9s.<\/a><\/p>\n<p><a href=\"https:\/\/blogsaverroes.juntadeandalucia.es\/ceipaznaitin\/files\/2025\/05\/LENGUA-CASTELLANA-1o-ESO.pdf\">17.69 Programaci\u00f3n 1\u00ba ESO- Lengua Castellana y Literatura.<\/a><\/p>\n<p><a href=\"https:\/\/blogsaverroes.juntadeandalucia.es\/ceipaznaitin\/files\/2025\/05\/PROGRAMACION-DE-MATEMATICAS-1o-ESO-CURSO-24-25.pdf\">17.70 Programaci\u00f3n 1\u00ba ESO- Matem\u00e1ticas.<\/a><\/p>\n<p><a href=\"https:\/\/blogsaverroes.juntadeandalucia.es\/ceipaznaitin\/files\/2025\/05\/MUSICA-1o-ESO.pdf\">17.71 Programaci\u00f3n 1\u00ba ESO- M\u00fasica.<\/a><\/p>\n<p><a href=\"https:\/\/blogsaverroes.juntadeandalucia.es\/ceipaznaitin\/files\/2025\/05\/RELIGION-1o-ESO.pdf\">17.72 Programaci\u00f3n 1\u00ba ESO- Religi\u00f3n.<\/a><\/p>\n<p><a href=\"https:\/\/blogsaverroes.juntadeandalucia.es\/ceipaznaitin\/files\/2025\/05\/PROGRAMACION-VALORES-CIVICO-Y-ETICOS-2o-ESO-24-25.pdf\">17.73 Programaci\u00f3n 2\u00ba ESO- Educaci\u00f3n en Valores.<\/a><\/p>\n<p><a href=\"https:\/\/blogsaverroes.juntadeandalucia.es\/ceipaznaitin\/files\/2025\/05\/EDUCACION-FISICA-2o-ESO.pdf\">17.74 Programaci\u00f3n 2\u00ba ESO- Educaci\u00f3n F\u00edsica.<\/a><\/p>\n<p><a href=\"https:\/\/blogsaverroes.juntadeandalucia.es\/ceipaznaitin\/files\/2025\/05\/PROGRAMACION-FISICA-Y-QUIMICA-2o-ESO.pdf\">17.75 Programaci\u00f3n 2\u00ba ESO- F\u00edsica y Qu\u00edmica.<\/a><\/p>\n<p><a href=\"https:\/\/blogsaverroes.juntadeandalucia.es\/ceipaznaitin\/files\/2025\/05\/FRANCES-2o-ESO.pdf\">17.76 Programaci\u00f3n 2\u00ba ESO- Franc\u00e9s.<\/a><\/p>\n<p><a href=\"https:\/\/drive.google.com\/file\/d\/1AUXnaJfyMFPLvF1T6sTWPE3j3hDen0TT\/view?usp=sharing\">17.77 Programaci\u00f3n 2\u00ba ESO- Geograf\u00eda e Historia.<\/a><\/p>\n<p><a href=\"https:\/\/blogsaverroes.juntadeandalucia.es\/ceipaznaitin\/files\/2025\/05\/INGLES-2o-ESO.pdf\">17.78 Programaci\u00f3n 2\u00ba ESO- Ingl\u00e9s.<\/a><\/p>\n<p><a href=\"https:\/\/blogsaverroes.juntadeandalucia.es\/ceipaznaitin\/files\/2025\/05\/LENGUA-CASTELLANA-Y-LITERATURA-2o-ESO.pdf\">17.79 Programaci\u00f3n 2\u00ba ESO- Lengua Castellana y Literatura.<\/a><\/p>\n<p><a href=\"https:\/\/blogsaverroes.juntadeandalucia.es\/ceipaznaitin\/files\/2025\/05\/MATEMATICAS-2o-ESO.pdf\">17.80 Programaci\u00f3n 2\u00ba ESO- Matem\u00e1ticas.<\/a><\/p>\n<p><a href=\"https:\/\/blogsaverroes.juntadeandalucia.es\/ceipaznaitin\/files\/2025\/05\/MUSICA-2o-ESO.pdf\">17.81 Programaci\u00f3n 2\u00ba ESO- M\u00fasica.<\/a><\/p>\n<p><a href=\"https:\/\/blogsaverroes.juntadeandalucia.es\/ceipaznaitin\/files\/2025\/05\/RELIGION-2o-ESO.pdf\">17.82 Programaci\u00f3n 2\u00ba ESO- Religi\u00f3n.<\/a><\/p>\n<p><a href=\"https:\/\/blogsaverroes.juntadeandalucia.es\/ceipaznaitin\/files\/2025\/05\/TECNOLOGIA-Y-DIGITALIZACION-2o-ESO.pdf\">17.83 Programaci\u00f3n 2\u00ba ESO- Tecnolog\u00eda y Digitalizaci\u00f3n.<\/a><\/p>\n<p><a href=\"https:\/\/drive.google.com\/file\/d\/1OqPsZRaCV3P_TuPVlwn4AcKje5QeJaDe\/view?usp=sharing\">17.84 Programaci\u00f3n 2\u00ba ESO- ATEDU.<\/a><\/p>\n","protected":false},"excerpt":{"rendered":"<p>El Proyecto Educativo del Centro recoge los valores, los objetivos, las prioridades y las formas de actuaci\u00f3n. Asimismo, incorpora la concreci\u00f3n del curr\u00edculum establecido por la Administraci\u00f3n educativa fijado y aprobado por el Claustro, as\u00ed como el tratamiento transversal en las \u00e1reas, materias o \u00e1mbitos de la educaci\u00f3n en valores y otras ense\u00f1anzas. Tal Proyecto &hellip; <\/p>\n<p><a class=\"more-link btn\" href=\"https:\/\/blogsaverroes.juntadeandalucia.es\/ceipaznaitin\/plan-de-centro\/proyecto-educativo-2\/\">Seguir leyendo<\/a><\/p>\n","protected":false},"author":2393,"featured_media":0,"parent":7084,"menu_order":0,"comment_status":"closed","ping_status":"closed","template":"","meta":{"ngg_post_thumbnail":0,"footnotes":"","_mc_calendar":[]},"aioseo_notices":[],"_links":{"self":[{"href":"https:\/\/blogsaverroes.juntadeandalucia.es\/ceipaznaitin\/wp-json\/wp\/v2\/pages\/7999"}],"collection":[{"href":"https:\/\/blogsaverroes.juntadeandalucia.es\/ceipaznaitin\/wp-json\/wp\/v2\/pages"}],"about":[{"href":"https:\/\/blogsaverroes.juntadeandalucia.es\/ceipaznaitin\/wp-json\/wp\/v2\/types\/page"}],"author":[{"embeddable":true,"href":"https:\/\/blogsaverroes.juntadeandalucia.es\/ceipaznaitin\/wp-json\/wp\/v2\/users\/2393"}],"replies":[{"embeddable":true,"href":"https:\/\/blogsaverroes.juntadeandalucia.es\/ceipaznaitin\/wp-json\/wp\/v2\/comments?post=7999"}],"version-history":[{"count":20,"href":"https:\/\/blogsaverroes.juntadeandalucia.es\/ceipaznaitin\/wp-json\/wp\/v2\/pages\/7999\/revisions"}],"predecessor-version":[{"id":8160,"href":"https:\/\/blogsaverroes.juntadeandalucia.es\/ceipaznaitin\/wp-json\/wp\/v2\/pages\/7999\/revisions\/8160"}],"up":[{"embeddable":true,"href":"https:\/\/blogsaverroes.juntadeandalucia.es\/ceipaznaitin\/wp-json\/wp\/v2\/pages\/7084"}],"wp:attachment":[{"href":"https:\/\/blogsaverroes.juntadeandalucia.es\/ceipaznaitin\/wp-json\/wp\/v2\/media?parent=7999"}],"curies":[{"name":"wp","href":"https:\/\/api.w.org\/{rel}","templated":true}]}}