{"id":872,"date":"2015-03-16T12:50:42","date_gmt":"2015-03-16T12:50:42","guid":{"rendered":"http:\/\/blogsaverroes.juntadeandalucia.es\/pre\/ceip\/?page_id=120"},"modified":"2023-09-09T12:57:53","modified_gmt":"2023-09-09T10:57:53","slug":"contactar","status":"publish","type":"page","link":"https:\/\/blogsaverroes.juntadeandalucia.es\/ceipaznaitin\/contactar\/","title":{"rendered":"LISTADO DE MATERIAL CURSO 23\/24"},"content":{"rendered":"<ul>\n<li>\n<h3>EDUCACI\u00d3N INFANTIL<\/h3>\n<\/li>\n<\/ul>\n<p>MATERIAL ESCOLAR 3 A\u00d1OS<\/p>\n<p>MATERIAL ESCOLAR 4 A\u00d1OS<\/p>\n<p>MATERIAL ESCOLAR 5 A\u00d1OS<\/p>\n<ul>\n<li>\n<h3>PRIMER CICLO<\/h3>\n<\/li>\n<\/ul>\n<p>LISTADO DE MATERIAL 1\u00ba EDUCACIO\u0301N PRIMARIA<\/p>\n<p>LISTADO DE MATERIAL 2\u00ba EDUCACIO\u0301N PRIMARIA<\/p>\n<ul>\n<li>\n<h3>SEGUNDO CICLO<\/h3>\n<\/li>\n<\/ul>\n<p>LISTADO DE MATERIAL 3\u00ba EDUCACIO\u0301N PRIMARIA<\/p>\n<p>LISTADO DE MATERIAL 4\u00ba EDUCACIO\u0301N PRIMARIA<\/p>\n<ul>\n<li>\n<h3>TERCER CICLO<\/h3>\n<\/li>\n<\/ul>\n<p>LISTADO DE MATERIAL 5\u00ba EDUCACIO\u0301N PRIMARIA<\/p>\n<p>LISTADO DE MATERIAL 6\u00ba EDUCACIO\u0301N PRIMARIA<\/p>\n<ul>\n<li>\n<h3>1\u00ba Y 2\u00ba de ESO<\/h3>\n<\/li>\n<\/ul>\n<p>LISTADO DE MATERIAL 1\u00ba ESO<\/p>\n<p>LISTADO DE MATERIAL 2\u00ba ESO<\/p>\n<p>&nbsp;<\/p>\n<p>&nbsp;<\/p>\n<p>&nbsp;<\/p>\n","protected":false},"excerpt":{"rendered":"<p>EDUCACI\u00d3N INFANTIL MATERIAL ESCOLAR 3 A\u00d1OS MATERIAL ESCOLAR 4 A\u00d1OS MATERIAL ESCOLAR 5 A\u00d1OS PRIMER CICLO LISTADO DE MATERIAL 1\u00ba EDUCACIO\u0301N PRIMARIA LISTADO DE MATERIAL 2\u00ba EDUCACIO\u0301N PRIMARIA SEGUNDO CICLO LISTADO DE MATERIAL 3\u00ba EDUCACIO\u0301N PRIMARIA LISTADO DE MATERIAL 4\u00ba EDUCACIO\u0301N PRIMARIA TERCER CICLO LISTADO DE MATERIAL 5\u00ba EDUCACIO\u0301N PRIMARIA LISTADO DE MATERIAL 6\u00ba EDUCACIO\u0301N &hellip; <\/p>\n<p><a class=\"more-link btn\" href=\"https:\/\/blogsaverroes.juntadeandalucia.es\/ceipaznaitin\/contactar\/\">Seguir leyendo<\/a><\/p>\n","protected":false},"author":1,"featured_media":0,"parent":0,"menu_order":0,"comment_status":"closed","ping_status":"open","template":"page-cs.php","meta":{"ngg_post_thumbnail":0,"footnotes":"","_mc_calendar":[]},"aioseo_notices":[],"_links":{"self":[{"href":"https:\/\/blogsaverroes.juntadeandalucia.es\/ceipaznaitin\/wp-json\/wp\/v2\/pages\/872"}],"collection":[{"href":"https:\/\/blogsaverroes.juntadeandalucia.es\/ceipaznaitin\/wp-json\/wp\/v2\/pages"}],"about":[{"href":"https:\/\/blogsaverroes.juntadeandalucia.es\/ceipaznaitin\/wp-json\/wp\/v2\/types\/page"}],"author":[{"embeddable":true,"href":"https:\/\/blogsaverroes.juntadeandalucia.es\/ceipaznaitin\/wp-json\/wp\/v2\/users\/1"}],"replies":[{"embeddable":true,"href":"https:\/\/blogsaverroes.juntadeandalucia.es\/ceipaznaitin\/wp-json\/wp\/v2\/comments?post=872"}],"version-history":[{"count":18,"href":"https:\/\/blogsaverroes.juntadeandalucia.es\/ceipaznaitin\/wp-json\/wp\/v2\/pages\/872\/revisions"}],"predecessor-version":[{"id":7567,"href":"https:\/\/blogsaverroes.juntadeandalucia.es\/ceipaznaitin\/wp-json\/wp\/v2\/pages\/872\/revisions\/7567"}],"wp:attachment":[{"href":"https:\/\/blogsaverroes.juntadeandalucia.es\/ceipaznaitin\/wp-json\/wp\/v2\/media?parent=872"}],"curies":[{"name":"wp","href":"https:\/\/api.w.org\/{rel}","templated":true}]}}