{"id":99,"date":"2022-01-10T14:22:54","date_gmt":"2022-01-10T12:22:54","guid":{"rendered":"http:\/\/blogsaverroes.juntadeandalucia.es\/pre\/ceip\/?page_id=99"},"modified":"2024-05-23T10:50:43","modified_gmt":"2024-05-23T08:50:43","slug":"comedor-escolar","status":"publish","type":"page","link":"https:\/\/blogsaverroes.juntadeandalucia.es\/ceipaznaitin\/comedor-escolar\/","title":{"rendered":"Comedor escolar"},"content":{"rendered":"<h4><a href=\"https:\/\/blogsaverroes.juntadeandalucia.es\/ceipaznaitin\/files\/2024\/02\/16.png\"><img loading=\"lazy\" decoding=\"async\" class=\" wp-image-7666 aligncenter\" src=\"https:\/\/blogsaverroes.juntadeandalucia.es\/ceipaznaitin\/files\/2024\/02\/16-300x212.png\" alt=\"\" width=\"399\" height=\"282\" srcset=\"https:\/\/blogsaverroes.juntadeandalucia.es\/ceipaznaitin\/files\/2024\/02\/16-300x212.png 300w, https:\/\/blogsaverroes.juntadeandalucia.es\/ceipaznaitin\/files\/2024\/02\/16-1024x724.png 1024w, https:\/\/blogsaverroes.juntadeandalucia.es\/ceipaznaitin\/files\/2024\/02\/16-768x543.png 768w, https:\/\/blogsaverroes.juntadeandalucia.es\/ceipaznaitin\/files\/2024\/02\/16-1536x1086.png 1536w, https:\/\/blogsaverroes.juntadeandalucia.es\/ceipaznaitin\/files\/2024\/02\/16.png 1600w\" sizes=\"(max-width: 399px) 100vw, 399px\" \/><\/a><\/h4>\n<h4>MEN\u00da ESCOLAR ENERO- FEBRERO<\/h4>\n<h4><a href=\"https:\/\/drive.google.com\/file\/d\/1ahC1hld56XJb2yk8SwyjuSVJn86QBiWP\/view?usp=sharing\">Planilla ENERO Y FEBRERO (todas las edades)<\/a><\/h4>\n<h4>MEN\u00da ESCOLAR FEBRERO MARZO<\/h4>\n<p><a href=\"https:\/\/drive.google.com\/file\/d\/1ypVBMWOMlfimSgtOfgTyrPKgunROd5qE\/view?usp=sharing\">Plantilla FEBRERO Y MARZO&nbsp;<\/a><\/p>\n<h4>MEN\u00da ESCOLAR ABRIL<\/h4>\n<p><a href=\"https:\/\/drive.google.com\/file\/d\/19JyhNXnJK-doSX8umP2zfyHP_PxYhCxI\/view?usp=sharing\">Plantilla ABRIL<\/a><\/p>\n<h4>MEN\u00da ESCOLAR ABRIL- MAYO<\/h4>\n<p><a href=\"https:\/\/drive.google.com\/file\/d\/1a0Arw41fiYviefBqmijgn5PNcSJM3MuK\/view?usp=sharing\">Plantilla ABRIL Y MAYO<\/a><\/p>\n<h4>MEN\u00da ESCOLAR MAYO-JUNIO<\/h4>\n<p><a href=\"https:\/\/drive.google.com\/file\/d\/1Uv0hBM6zM4ZUotlOsRORXqrgpknf3Uuo\/view?usp=sharing\">Plantilla MAYO Y JUNIO<\/a><\/p>\n","protected":false},"excerpt":{"rendered":"<p>MEN\u00da ESCOLAR ENERO- FEBRERO Planilla ENERO Y FEBRERO (todas las edades) MEN\u00da ESCOLAR FEBRERO MARZO Plantilla FEBRERO Y MARZO&nbsp; MEN\u00da ESCOLAR ABRIL Plantilla ABRIL MEN\u00da ESCOLAR ABRIL- MAYO Plantilla ABRIL Y MAYO MEN\u00da ESCOLAR MAYO-JUNIO Plantilla MAYO Y JUNIO<\/p>\n","protected":false},"author":1,"featured_media":0,"parent":0,"menu_order":0,"comment_status":"closed","ping_status":"open","template":"page-cs.php","meta":{"ngg_post_thumbnail":0,"footnotes":"","_mc_calendar":[]},"aioseo_notices":[],"_links":{"self":[{"href":"https:\/\/blogsaverroes.juntadeandalucia.es\/ceipaznaitin\/wp-json\/wp\/v2\/pages\/99"}],"collection":[{"href":"https:\/\/blogsaverroes.juntadeandalucia.es\/ceipaznaitin\/wp-json\/wp\/v2\/pages"}],"about":[{"href":"https:\/\/blogsaverroes.juntadeandalucia.es\/ceipaznaitin\/wp-json\/wp\/v2\/types\/page"}],"author":[{"embeddable":true,"href":"https:\/\/blogsaverroes.juntadeandalucia.es\/ceipaznaitin\/wp-json\/wp\/v2\/users\/1"}],"replies":[{"embeddable":true,"href":"https:\/\/blogsaverroes.juntadeandalucia.es\/ceipaznaitin\/wp-json\/wp\/v2\/comments?post=99"}],"version-history":[{"count":66,"href":"https:\/\/blogsaverroes.juntadeandalucia.es\/ceipaznaitin\/wp-json\/wp\/v2\/pages\/99\/revisions"}],"predecessor-version":[{"id":7682,"href":"https:\/\/blogsaverroes.juntadeandalucia.es\/ceipaznaitin\/wp-json\/wp\/v2\/pages\/99\/revisions\/7682"}],"wp:attachment":[{"href":"https:\/\/blogsaverroes.juntadeandalucia.es\/ceipaznaitin\/wp-json\/wp\/v2\/media?parent=99"}],"curies":[{"name":"wp","href":"https:\/\/api.w.org\/{rel}","templated":true}]}}