{"id":1113,"date":"2015-03-12T11:00:55","date_gmt":"2015-03-12T11:00:55","guid":{"rendered":"http:\/\/blogsaverroes.juntadeandalucia.es\/pre\/ceip\/?page_id=2"},"modified":"2026-03-03T12:37:13","modified_gmt":"2026-03-03T12:37:13","slug":"inicio","status":"publish","type":"page","link":"https:\/\/blogsaverroes.juntadeandalucia.es\/ceipbaessipo\/","title":{"rendered":"Inicio"},"content":{"rendered":"<p><a href=\"https:\/\/blogsaverroes.juntadeandalucia.es\/ceipbaessipo\/files\/2021\/03\/COVER_FACEBOOK_ADMISION.jpg\"><img loading=\"lazy\" decoding=\"async\" class=\"aligncenter wp-image-2916 size-full\" src=\"https:\/\/blogsaverroes.juntadeandalucia.es\/ceipbaessipo\/files\/2021\/03\/COVER_FACEBOOK_ADMISION.jpg\" alt=\"\" width=\"851\" height=\"315\" srcset=\"https:\/\/blogsaverroes.juntadeandalucia.es\/ceipbaessipo\/files\/2021\/03\/COVER_FACEBOOK_ADMISION.jpg 851w, https:\/\/blogsaverroes.juntadeandalucia.es\/ceipbaessipo\/files\/2021\/03\/COVER_FACEBOOK_ADMISION-300x111.jpg 300w, https:\/\/blogsaverroes.juntadeandalucia.es\/ceipbaessipo\/files\/2021\/03\/COVER_FACEBOOK_ADMISION-768x284.jpg 768w\" sizes=\"(max-width: 851px) 100vw, 851px\" \/><\/a><\/p>\n<p style=\"text-align: center\"><a href=\"https:\/\/blogsaverroes.juntadeandalucia.es\/ceipbaessipo\/files\/2023\/03\/Sin-t\u00edtulo.png\"><img loading=\"lazy\" decoding=\"async\" class=\"alignnone wp-image-3906 size-full\" src=\"https:\/\/blogsaverroes.juntadeandalucia.es\/ceipbaessipo\/files\/2023\/03\/Sin-t\u00edtulo.png\" alt=\"\" width=\"567\" height=\"567\" srcset=\"https:\/\/blogsaverroes.juntadeandalucia.es\/ceipbaessipo\/files\/2023\/03\/Sin-t\u00edtulo.png 567w, https:\/\/blogsaverroes.juntadeandalucia.es\/ceipbaessipo\/files\/2023\/03\/Sin-t\u00edtulo-300x300.png 300w, https:\/\/blogsaverroes.juntadeandalucia.es\/ceipbaessipo\/files\/2023\/03\/Sin-t\u00edtulo-150x150.png 150w\" sizes=\"(max-width: 567px) 100vw, 567px\" \/><\/a><\/p>\n<h3 style=\"text-align: center\">El&nbsp; d\u00eda <strong>1 de marzo<\/strong> comienza el plazo para solicitar plaza<br \/>\nen nuestro centro.<\/h3>\n<h3 style=\"text-align: center\"><strong>\u00a1\u00a1\u00a1 NO TE QUEDES SIN TU PLAZA!!!<\/strong><\/h3>\n<p>Podr\u00e1n solicitar plaza todos los ni\u00f1os y ni\u00f1as que se <strong>incorporan por primera vez al sistema educativ<\/strong><strong>o<\/strong>, tanto en centros p\u00fablicos como privados concertados, as\u00ed como el <strong>alumnado<\/strong> de infantil o primaria que <strong>cambie de centro<\/strong> escolar.<\/p>\n<p>La solicitud de plaza se har\u00e1 <strong><u>preferentemente de manera telem\u00e1tica<\/u><\/strong> o personalmente en la secretar\u00eda del colegio en el horario indicado<\/p>\n<p style=\"text-align: center\">si no pudiera hacerlo telem\u00e1ticamente de <strong>9:30 a 10:30<\/strong>.<\/p>\n<p>Este curso se ofertan <strong>44 plazas<\/strong> para 3 a\u00f1os<\/p>\n<p>Se aconseja realizar la&nbsp;<a href=\"https:\/\/secretariavirtual.juntadeandalucia.es\/secretariavirtual\/\" target=\"_blank\" rel=\"noopener\"><strong>solicitud de admisi\u00f3n de manera telem\u00e1tica<\/strong><\/a>&nbsp; en el&nbsp;<strong>portal de escolarizaci\u00f3n<\/strong> de la Junta de Andaluc\u00eda.<\/p>\n<p>Ponemos a su disposici\u00f3n el <a href=\"https:\/\/drive.google.com\/file\/d\/1kGBlEbMhcoX42E84kzogCxCDaLUHOBpE\/view?usp=sharing\"><strong>tutorial para rellenar la solicitud de admisi\u00f3n para el curso escolar 2026\/2027<\/strong><\/a><strong>,&nbsp;<\/strong>as\u00ed como un video sobre&nbsp;<a href=\"https:\/\/www.youtube.com\/watch?v=ksm-g4kbVnQ&amp;t=331s\"><strong>c\u00f3mo acceder y rellenar la solicitud telem\u00e1tica de admisi\u00f3n.<\/strong><\/a><\/p>\n<p>Para solicitar la clave IANDE, solo en los casos que sea necesario, puede acceder al siguiente&nbsp;<a href=\"https:\/\/www.youtube.com\/watch?v=YLSLK7GScIw\"><strong>tutorial sobre como generar la clave IANDE.<\/strong><\/a><\/p>\n<h3 style=\"text-align: center\">Toda la informaci\u00f3n estar\u00e1 publicada en los tablones de anuncios del centro<\/h3>\n<h3 style=\"text-align: center\">Tambi\u00e9n puedes solicitar tu plaza de manera telem\u00e1tica<\/h3>\n<p style=\"text-align: center\"><a class=\"ttps:\/\/secretariavirtual.juntadeandalucia.es\/secretariavirtual\/\" href=\"https:\/\/blogsaverroes.juntadeandalucia.es\/ceipbaessipo\/files\/2024\/03\/secretaria-virtual.png\" target=\"_blank\" rel=\"https:\/\/secretariavirtual.juntadeandalucia.es\/secretariavirtual\/ noopener\"><img loading=\"lazy\" decoding=\"async\" class=\"ttps:\/\/secretariavirtual.juntadeandalucia.es\/secretariavirtual\/ alignnone wp-image-4077 size-full\" src=\"https:\/\/blogsaverroes.juntadeandalucia.es\/ceipbaessipo\/files\/2024\/03\/secretaria-virtual.png\" alt=\"\" width=\"273\" height=\"167\"><\/a><\/p>\n<p style=\"text-align: center\">Presentaci\u00f3n telem\u00e1tica de la admisi\u00f3n del alumnado en los centros docentes sostenidos con fondos p\u00fablicos de las ense\u00f1anzas de 2\u00ba ciclo de Educaci\u00f3n Infantil, Educaci\u00f3n Primaria, Educaci\u00f3n Especial.<\/p>\n<p style=\"text-align: center\" align=\"center\"><span style=\"font-size: 24.0pt;font-family: 'Candara',sans-serif\">Descarga la app iEscolariza<\/span><\/p>\n<p style=\"text-align: center\" align=\"center\">Consulta de centros y puntos para el proceso de escolarizaci\u00f3n de los centros sostenidos con fondos p\u00fablicos de Andaluc\u00eda.<\/p>\n<p align=\"center\"><a href=\"https:\/\/blogsaverroes.juntadeandalucia.es\/ceipbaessipo\/files\/2021\/03\/App-Store.png\" target=\"_blank\" rel=\"https:\/\/apps.apple.com\/es\/app\/iescolariza\/id606516551 noopener\"><img loading=\"lazy\" decoding=\"async\" class=\"alignnone wp-image-2920 size-medium\" src=\"https:\/\/blogsaverroes.juntadeandalucia.es\/ceipbaessipo\/files\/2021\/03\/App-Store-300x112.png\" alt=\"\" width=\"300\" height=\"112\" srcset=\"https:\/\/blogsaverroes.juntadeandalucia.es\/ceipbaessipo\/files\/2021\/03\/App-Store-300x112.png 300w, https:\/\/blogsaverroes.juntadeandalucia.es\/ceipbaessipo\/files\/2021\/03\/App-Store.png 367w\" sizes=\"(max-width: 300px) 100vw, 300px\" \/><\/a><\/p>\n<p align=\"center\"><a href=\"https:\/\/blogsaverroes.juntadeandalucia.es\/ceipbaessipo\/files\/2021\/03\/google-play-badge.png\"><img loading=\"lazy\" decoding=\"async\" class=\"alignnone wp-image-2921\" src=\"https:\/\/blogsaverroes.juntadeandalucia.es\/ceipbaessipo\/files\/2021\/03\/google-play-badge-300x116.png\" alt=\"\" width=\"333\" height=\"129\" srcset=\"https:\/\/blogsaverroes.juntadeandalucia.es\/ceipbaessipo\/files\/2021\/03\/google-play-badge-300x116.png 300w, https:\/\/blogsaverroes.juntadeandalucia.es\/ceipbaessipo\/files\/2021\/03\/google-play-badge.png 646w\" sizes=\"(max-width: 333px) 100vw, 333px\" \/><\/a><\/p>\n<p style=\"text-align: center\" align=\"center\"><a href=\"https:\/\/www.juntadeandalucia.es\/educacion\/portales\/documents\/100629\/669352\/Anexo%20III\/16050806-cd1f-89da-678f-001bb54aab73?version=1.0\" target=\"_blank\" rel=\"noopener\">ANEXO III \u2013 documento de solicitud de plaza<\/a><\/p>\n<p align=\"center\"><a href=\"https:\/\/www.juntadeandalucia.es\/educacion\/portales\/en\/web\/escolarizacion\/infantil-a-bachillerato\/normativa\" target=\"_blank\" rel=\"noopener\">Normativa vigente<\/a><\/p>\n<p style=\"text-align: center\" align=\"center\"><a href=\"https:\/\/www.juntadeandalucia.es\/educacion\/portales\/en\/web\/escolarizacion\/infantil-a-bachillerato\/calendario\" target=\"_blank\" rel=\"noopener\">Calendario de actuaciones<\/a><\/p>\n<p align=\"center\"><a href=\"https:\/\/www.juntadeandalucia.es\/educacion\/portales\/web\/escolarizacion\/infantil-a-bachillerato\/preguntas-frecuentes\" target=\"_blank\" rel=\"noopener\">Preguntas frecuentes<\/a><\/p>\n<p style=\"text-align: center\" align=\"center\"><a href=\"https:\/\/www.juntadeandalucia.es\/educacion\/educasig\/escolarizacion\/\" target=\"_blank\" rel=\"noopener\">\u00c1rea de influencia y puntos por domicilio<\/a><\/p>\n<p style=\"text-align: center\" align=\"center\"><a href=\"https:\/\/www.juntadeandalucia.es\/educacion\/portales\/en\/web\/escolarizacion\/infantil-a-bachillerato\/autobaremo\" target=\"_blank\" rel=\"noopener\">Autobaremo: calcula tus puntos<\/a><\/p>\n<p>&nbsp;<\/p>\n<h4 style=\"text-align: center\"><strong>CALENDARIO CON LAS ACTUACIONES M\u00c1S IMPORTANTES<\/strong><\/h4>\n<ul>\n<li><strong>1 al 31 de marzo:<\/strong> Presentaci\u00f3n de <strong>solicitudes.<\/strong><\/li>\n<li><strong>20 de abril:<\/strong> Publicaci\u00f3n de la <strong>relaci\u00f3n baremada&nbsp;<\/strong>del alumnado solicitante.<\/li>\n<li><strong>21 de abril:<\/strong> Tr\u00e1mite de <strong>audiencia.<\/strong><\/li>\n<li><strong>13 de mayo: Sorteo <\/strong>p\u00fablico para dirimir empates.<\/li>\n<li><strong>14 de mayo:<\/strong> Publicaci\u00f3n de <strong>las resoluciones de&nbsp;admisi\u00f3n.<\/strong><\/li>\n<li><strong>25 de mayo: Adjudicaci\u00f3n de plaza <\/strong>escolar al alumnado no admitido en el centro docente elegido como prioritario.<\/li>\n<li><strong>26 de mayo:<\/strong> Comienzo del plazo para la presentaci\u00f3n de <strong>recursos&nbsp;<\/strong>de alzada y reclamaciones.<\/li>\n<\/ul>\n<h3 style=\"text-align: center\"><u>IMPORTANTE<\/u><\/h3>\n<p>Recuerde que tiene a su disposici\u00f3n la aplicaci\u00f3n para tel\u00e9fonos m\u00f3viles <strong>iEscolariza <\/strong>donde podr\u00e1 informarse y seguir todo el proceso.<\/p>\n<p><strong>La documentaci\u00f3n que hay que presentar <\/strong>para solicitar plaza en este Centro para el curso 2026-2027, debidamente cumplimentada es la siguiente:<\/p>\n<ol>\n<li><strong> Solicitud Anexo III, debidamente cumplimentada y firmada. <\/strong>Puede recogerla en el centro o descargarla desde nuestra web.<\/li>\n<li><strong> Cuestionario. <\/strong><\/li>\n<li><strong> Fotocopia del libro de familia completo. <\/strong><\/li>\n<li><strong> Fotocopia D.N.I. de los padres tutores legales. <\/strong><\/li>\n<li><strong> Fotocopia D.N.I. del alumno\/a, si lo tiene <\/strong><\/li>\n<li><strong> Dos fotograf\u00edas tama\u00f1o carnet. <\/strong><\/li>\n<li><strong>Acreditaci\u00f3n de puntos. <\/strong>El gestor consultar\u00e1 los datos telem\u00e1ticamente. En caso de renuncia, deben aportar la documentaci\u00f3n oportuna. Desde el centro se le podr\u00e1 solicitar documentaci\u00f3n extra durante el proceso de baremaci\u00f3n de puntos.<\/li>\n<li><strong>Para puntuar en el apartado de renta anual. <\/strong>Deben firmar todos miembros mayores de 16 a\u00f1os de la unidad familiar (los incluidos en el libro de familia).<\/li>\n<li><strong>CONFORMIDAD DE SOLICITUD DE PLAZA. <\/strong>El padre\/madre que entrega la solicitud debe firmar al final del documento.<\/li>\n<\/ol>\n<h3 style=\"text-align: center\"><strong>No se admitir\u00e1n solicitudes con tachones o corrector o letra ilegible.<\/strong><strong>&nbsp;<\/strong><\/h3>\n<p style=\"text-align: center\" align=\"center\"><strong><u><span style=\"color: red\">PROCESO DE ADMISI\u00d3N &#8211; NOTA ACLARATORIA<\/span><\/u><\/strong><u><\/u><\/p>\n<p style=\"text-align: justify\"><b><br \/>\n<\/b>Estimadas familias:<\/p>\n<p style=\"text-align: justify\"><span style=\"color: #ff0000\"><strong>El alumnado matriculado ya en nuestro colegio NO TIENE QUE PARTICIPAR en el proceso de admisi\u00f3n<\/strong> <strong>para el curso 2026\/27.<\/strong><\/span><\/p>\n<p style=\"text-align: justify\">Os recordamos que <strong>\u00daNICAMENTE deben solicitar plaza el alumnado de nueva incorporaci\u00f3n<\/strong> (los que quieren entrar en el colegio en Infantil de 3 a\u00f1os el pr\u00f3ximo curso escolar) <strong>y los que solicitan cambio de centro<\/strong> (est\u00e1n matriculados en otro colegio, pero quieren trasladarse al nuestro o, al contrario).<\/p>\n<p>Muchas gracias por vuestra colaboraci\u00f3n.<\/p>\n<p>&nbsp;<\/p>\n<h3 style=\"text-align: center\" align=\"center\"><strong><span style=\"font-weight: normal\">Tel\u00e9fono del centro<\/span><\/strong><br \/>\n<strong><span style=\"font-weight: normal\">956459925<\/span><\/strong><\/h3>\n<p style=\"text-align: center\" align=\"center\">Tel\u00e9fono de informaci\u00f3n de la Junta de Andaluc\u00eda<br \/>\n<strong>900 848 000<\/strong><\/p>\n","protected":false},"excerpt":{"rendered":"<p>El&nbsp; d\u00eda 1 de marzo comienza el plazo para solicitar plaza en nuestro centro. \u00a1\u00a1\u00a1 NO TE QUEDES SIN TU PLAZA!!! Podr\u00e1n solicitar plaza todos los ni\u00f1os y ni\u00f1as que se incorporan por primera&#46;&#46;&#46;<\/p>\n","protected":false},"author":1,"featured_media":0,"parent":0,"menu_order":0,"comment_status":"closed","ping_status":"closed","template":"","meta":{"ngg_post_thumbnail":0,"footnotes":"","_mc_calendar":[]},"aioseo_notices":[],"_links":{"self":[{"href":"https:\/\/blogsaverroes.juntadeandalucia.es\/ceipbaessipo\/wp-json\/wp\/v2\/pages\/1113"}],"collection":[{"href":"https:\/\/blogsaverroes.juntadeandalucia.es\/ceipbaessipo\/wp-json\/wp\/v2\/pages"}],"about":[{"href":"https:\/\/blogsaverroes.juntadeandalucia.es\/ceipbaessipo\/wp-json\/wp\/v2\/types\/page"}],"author":[{"embeddable":true,"href":"https:\/\/blogsaverroes.juntadeandalucia.es\/ceipbaessipo\/wp-json\/wp\/v2\/users\/1"}],"replies":[{"embeddable":true,"href":"https:\/\/blogsaverroes.juntadeandalucia.es\/ceipbaessipo\/wp-json\/wp\/v2\/comments?post=1113"}],"version-history":[{"count":82,"href":"https:\/\/blogsaverroes.juntadeandalucia.es\/ceipbaessipo\/wp-json\/wp\/v2\/pages\/1113\/revisions"}],"predecessor-version":[{"id":2576,"href":"https:\/\/blogsaverroes.juntadeandalucia.es\/ceipbaessipo\/wp-json\/wp\/v2\/pages\/1113\/revisions\/2576"}],"wp:attachment":[{"href":"https:\/\/blogsaverroes.juntadeandalucia.es\/ceipbaessipo\/wp-json\/wp\/v2\/media?parent=1113"}],"curies":[{"name":"wp","href":"https:\/\/api.w.org\/{rel}","templated":true}]}}