{"id":35,"date":"2015-03-13T08:21:43","date_gmt":"2015-03-13T08:21:43","guid":{"rendered":"http:\/\/blogsaverroes.juntadeandalucia.es\/pre\/ceip\/?page_id=35"},"modified":"2022-10-15T21:26:51","modified_gmt":"2022-10-15T21:26:51","slug":"el-centro-2","status":"publish","type":"page","link":"https:\/\/blogsaverroes.juntadeandalucia.es\/ceipbaessipo\/el-centro-2\/","title":{"rendered":"Datos del centro"},"content":{"rendered":"<h4 style=\"text-align: center\"><span style=\"text-decoration: underline;color: #3366ff\"><strong>Datos de contacto<\/strong><\/span><\/h4>\n<p style=\"text-align: center\"><span style=\"color: #9abff0\">Direcci\u00f3n:&nbsp;<\/span> Avenida del mar n 84&nbsp; &nbsp;11160 BARBATE C\u00e1diz<\/p>\n<p style=\"text-align: center\"><span style=\"color: #9abff0\">Tel\u00e9fono \/ FAX:<\/span>956459925 \/ 956459927<\/p>\n<p style=\"text-align: center\"><span style=\"color: #9abff0\">Email:<\/span> 11000812.edu@juntadeandalucia.es<\/p>\n<h2 style=\"text-align: center\"><span style=\"color: #0000ff\"><strong>HORARIO LECTIVO<\/strong><\/span><\/h2>\n<p style=\"text-align: center\"><a href=\"https:\/\/blogsaverroes.juntadeandalucia.es\/ceipbaessipo\/files\/2022\/09\/reloj.jpg.jpg\"><img loading=\"lazy\" decoding=\"async\" class=\"alignnone wp-image-3582\" src=\"https:\/\/blogsaverroes.juntadeandalucia.es\/ceipbaessipo\/files\/2022\/09\/reloj.jpg.jpg\" alt=\"\" width=\"216\" height=\"215\" srcset=\"https:\/\/blogsaverroes.juntadeandalucia.es\/ceipbaessipo\/files\/2022\/09\/reloj.jpg.jpg 1143w, https:\/\/blogsaverroes.juntadeandalucia.es\/ceipbaessipo\/files\/2022\/09\/reloj.jpg-300x300.jpg 300w, https:\/\/blogsaverroes.juntadeandalucia.es\/ceipbaessipo\/files\/2022\/09\/reloj.jpg-1024x1021.jpg 1024w, https:\/\/blogsaverroes.juntadeandalucia.es\/ceipbaessipo\/files\/2022\/09\/reloj.jpg-150x150.jpg 150w, https:\/\/blogsaverroes.juntadeandalucia.es\/ceipbaessipo\/files\/2022\/09\/reloj.jpg-768x766.jpg 768w, https:\/\/blogsaverroes.juntadeandalucia.es\/ceipbaessipo\/files\/2022\/09\/reloj.jpg-80x80.jpg 80w, https:\/\/blogsaverroes.juntadeandalucia.es\/ceipbaessipo\/files\/2022\/09\/reloj.jpg-320x320.jpg 320w, https:\/\/blogsaverroes.juntadeandalucia.es\/ceipbaessipo\/files\/2022\/09\/reloj.jpg-24x24.jpg 24w, https:\/\/blogsaverroes.juntadeandalucia.es\/ceipbaessipo\/files\/2022\/09\/reloj.jpg-36x36.jpg 36w, https:\/\/blogsaverroes.juntadeandalucia.es\/ceipbaessipo\/files\/2022\/09\/reloj.jpg-48x48.jpg 48w\" sizes=\"(max-width: 216px) 100vw, 216px\" \/><\/a><\/p>\n<h4 style=\"text-align: center\"><span style=\"text-decoration: underline\">LUNES A VIERNES<\/span><\/h4>\n<h3 style=\"text-align: center\"><strong>DE 09:00 A 14:00<\/strong><\/h3>\n<h3 style=\"text-align: center\"><span style=\"color: #ff0000\">LAS PUERTAS SE ABRIR\u00c1N A LAS<strong>&nbsp;08:45<\/strong>&nbsp;HASTA LAS&nbsp;<strong>09:05<\/strong><\/span><\/h3>\n<h2 style=\"text-align: center\"><span style=\"color: #0000ff\"><strong>HORARIO DE SECRETAR\u00cdA<\/strong><\/span>&nbsp;<\/h2>\n<p style=\"text-align: center\">&nbsp;LUNES A VIERNES&nbsp;<\/p>\n<p style=\"text-align: center\">DE&nbsp;<strong>12:30 A 13:30<\/strong><\/p>\n<p>&nbsp;<\/p>\n<p><iframe loading=\"lazy\" src=\"https:\/\/www.google.com\/maps\/embed?pb=!1m18!1m12!1m3!1d1353.8737639096973!2d-5.923192393904533!3d36.189115531610405!2m3!1f0!2f0!3f0!3m2!1i1024!2i768!4f13.1!3m3!1m2!1s0xd0c43684b1f6be7%3A0x79f27af45a25a600!2sC.e.I.P.%20Baessipo!5e0!3m2!1ses!2ses!4v1611661199112!5m2!1ses!2ses\" width=\"600\" height=\"450\" frameborder=\"0\"><\/iframe><\/p>\n","protected":false},"excerpt":{"rendered":"<p>Datos de contacto Direcci\u00f3n:&nbsp; Avenida del mar n 84&nbsp; &nbsp;11160 BARBATE C\u00e1diz Tel\u00e9fono \/ FAX:956459925 \/ 956459927 Email: 11000812.edu@juntadeandalucia.es HORARIO LECTIVO LUNES A VIERNES DE 09:00 A 14:00 LAS PUERTAS SE ABRIR\u00c1N A LAS&nbsp;08:45&nbsp;HASTA&#46;&#46;&#46;<\/p>\n","protected":false},"author":1,"featured_media":0,"parent":0,"menu_order":0,"comment_status":"closed","ping_status":"closed","template":"","meta":{"ngg_post_thumbnail":0,"footnotes":"","_mc_calendar":[]},"aioseo_notices":[],"_links":{"self":[{"href":"https:\/\/blogsaverroes.juntadeandalucia.es\/ceipbaessipo\/wp-json\/wp\/v2\/pages\/35"}],"collection":[{"href":"https:\/\/blogsaverroes.juntadeandalucia.es\/ceipbaessipo\/wp-json\/wp\/v2\/pages"}],"about":[{"href":"https:\/\/blogsaverroes.juntadeandalucia.es\/ceipbaessipo\/wp-json\/wp\/v2\/types\/page"}],"author":[{"embeddable":true,"href":"https:\/\/blogsaverroes.juntadeandalucia.es\/ceipbaessipo\/wp-json\/wp\/v2\/users\/1"}],"replies":[{"embeddable":true,"href":"https:\/\/blogsaverroes.juntadeandalucia.es\/ceipbaessipo\/wp-json\/wp\/v2\/comments?post=35"}],"version-history":[{"count":41,"href":"https:\/\/blogsaverroes.juntadeandalucia.es\/ceipbaessipo\/wp-json\/wp\/v2\/pages\/35\/revisions"}],"predecessor-version":[{"id":3598,"href":"https:\/\/blogsaverroes.juntadeandalucia.es\/ceipbaessipo\/wp-json\/wp\/v2\/pages\/35\/revisions\/3598"}],"wp:attachment":[{"href":"https:\/\/blogsaverroes.juntadeandalucia.es\/ceipbaessipo\/wp-json\/wp\/v2\/media?parent=35"}],"curies":[{"name":"wp","href":"https:\/\/api.w.org\/{rel}","templated":true}]}}