{"id":3684,"date":"2022-10-16T11:06:18","date_gmt":"2022-10-16T11:06:18","guid":{"rendered":"https:\/\/blogsaverroes.juntadeandalucia.es\/ceipbaessipo\/?page_id=3684"},"modified":"2024-10-29T09:29:14","modified_gmt":"2024-10-29T09:29:14","slug":"plan-de-centro","status":"publish","type":"page","link":"https:\/\/blogsaverroes.juntadeandalucia.es\/ceipbaessipo\/plan-de-centro\/","title":{"rendered":"Plan de Centro"},"content":{"rendered":"<p><a href=\"https:\/\/blogsaverroes.juntadeandalucia.es\/ceipbaessipo\/files\/2021\/05\/kisspng-textbook-library-reading-color-books-5aa60f4f8470d4.4573924615208323355425.png\"><img loading=\"lazy\" decoding=\"async\" class=\" wp-image-3001 aligncenter\" src=\"https:\/\/blogsaverroes.juntadeandalucia.es\/ceipbaessipo\/files\/2021\/05\/kisspng-textbook-library-reading-color-books-5aa60f4f8470d4.4573924615208323355425.png\" alt=\"\" width=\"394\" height=\"394\" srcset=\"https:\/\/blogsaverroes.juntadeandalucia.es\/ceipbaessipo\/files\/2021\/05\/kisspng-textbook-library-reading-color-books-5aa60f4f8470d4.4573924615208323355425.png 1600w, https:\/\/blogsaverroes.juntadeandalucia.es\/ceipbaessipo\/files\/2021\/05\/kisspng-textbook-library-reading-color-books-5aa60f4f8470d4.4573924615208323355425-300x300.png 300w, https:\/\/blogsaverroes.juntadeandalucia.es\/ceipbaessipo\/files\/2021\/05\/kisspng-textbook-library-reading-color-books-5aa60f4f8470d4.4573924615208323355425-1024x1024.png 1024w, https:\/\/blogsaverroes.juntadeandalucia.es\/ceipbaessipo\/files\/2021\/05\/kisspng-textbook-library-reading-color-books-5aa60f4f8470d4.4573924615208323355425-150x150.png 150w, https:\/\/blogsaverroes.juntadeandalucia.es\/ceipbaessipo\/files\/2021\/05\/kisspng-textbook-library-reading-color-books-5aa60f4f8470d4.4573924615208323355425-768x768.png 768w, https:\/\/blogsaverroes.juntadeandalucia.es\/ceipbaessipo\/files\/2021\/05\/kisspng-textbook-library-reading-color-books-5aa60f4f8470d4.4573924615208323355425-1536x1536.png 1536w, https:\/\/blogsaverroes.juntadeandalucia.es\/ceipbaessipo\/files\/2021\/05\/kisspng-textbook-library-reading-color-books-5aa60f4f8470d4.4573924615208323355425-80x80.png 80w, https:\/\/blogsaverroes.juntadeandalucia.es\/ceipbaessipo\/files\/2021\/05\/kisspng-textbook-library-reading-color-books-5aa60f4f8470d4.4573924615208323355425-320x320.png 320w, https:\/\/blogsaverroes.juntadeandalucia.es\/ceipbaessipo\/files\/2021\/05\/kisspng-textbook-library-reading-color-books-5aa60f4f8470d4.4573924615208323355425-24x24.png 24w, https:\/\/blogsaverroes.juntadeandalucia.es\/ceipbaessipo\/files\/2021\/05\/kisspng-textbook-library-reading-color-books-5aa60f4f8470d4.4573924615208323355425-36x36.png 36w, https:\/\/blogsaverroes.juntadeandalucia.es\/ceipbaessipo\/files\/2021\/05\/kisspng-textbook-library-reading-color-books-5aa60f4f8470d4.4573924615208323355425-48x48.png 48w\" sizes=\"(max-width: 394px) 100vw, 394px\" \/><\/a><\/p>\n<p style=\"text-align: justify\">El Plan de Centro es el documento que expresa las se\u00f1as de identidad de nuestro centro. Es el verdadero referente, con car\u00e1cter sist\u00e9mico e integrador, de la vida de del colegio y del principio de autonom\u00eda pedag\u00f3gica, de organizaci\u00f3n y de gesti\u00f3n .<\/p>\n<p style=\"text-align: justify\">La <a href=\"https:\/\/www.juntadeandalucia.es\/boja\/2007\/252\/d1.pdf\">Ley 17\/2007, de 10 de diciembre<\/a>, de Educaci\u00f3n de Andaluc\u00eda, establece, en su Art.126, los documentos que integran el Plan de Centro. Son los siguientes:<\/p>\n<p style=\"text-align: justify\"><em>\u2013 El Proyecto Educativo .<\/em><\/p>\n<p style=\"text-align: justify\"><em>\u2013 El Reglamento de Organizaci\u00f3n y Funcionamiento.<\/em><\/p>\n<p style=\"text-align: justify\"><em>\u2013 El Proyecto de Gesti\u00f3n del Centro .<\/em><\/p>\n<p style=\"text-align: justify\">El Plan de Centro se revisa anualmente, es decir se reelabora cada a\u00f1o para adaptarse a las circunstancias, nueva normativa, dificultades, avances, deliberaciones y acuerdos del Claustro y del Consejo Escolar. Hacia la mitad de curso se realiza una nueva revisi\u00f3n y al final de curso se eval\u00faa su grado de cumplimiento. Las conclusiones m\u00e1s relevantes se recogen en una Memoria.<\/p>\n<p style=\"text-align: justify\">Aqu\u00ed pod\u00e9is encontrar los documentos que conforman el Plan de Centro de nuestro centro:<\/p>\n<p>&nbsp;<\/p>\n<p><a title=\"Proyecto Educativo\" href=\"https:\/\/blogsaverroes.juntadeandalucia.es\/ceipbaessipo\/plan-de-centro\/proyecto-educativo\/\" target=\"_blank\" rel=\"noopener noreferrer\"><img loading=\"lazy\" decoding=\"async\" class=\"alignnone size-full wp-image-2499\" src=\"https:\/\/blogsaverroes.juntadeandalucia.es\/ceipbaessipo\/files\/2020\/06\/proyecto.png\" alt=\"\" width=\"273\" height=\"185\" srcset=\"https:\/\/blogsaverroes.juntadeandalucia.es\/ceipbaessipo\/files\/2020\/06\/proyecto.png 273w, https:\/\/blogsaverroes.juntadeandalucia.es\/ceipbaessipo\/files\/2020\/06\/proyecto-24x16.png 24w, https:\/\/blogsaverroes.juntadeandalucia.es\/ceipbaessipo\/files\/2020\/06\/proyecto-36x24.png 36w, https:\/\/blogsaverroes.juntadeandalucia.es\/ceipbaessipo\/files\/2020\/06\/proyecto-48x33.png 48w\" sizes=\"(max-width: 273px) 100vw, 273px\" \/><\/a>&nbsp; &nbsp; &nbsp; &nbsp; &nbsp; &nbsp; &nbsp; <a title=\"ROF\" href=\"https:\/\/blogsaverroes.juntadeandalucia.es\/ceipbaessipo\/plan-de-centro\/rof-2\/\" target=\"_blank\" rel=\"noopener noreferrer\"><img loading=\"lazy\" decoding=\"async\" class=\"alignnone wp-image-3693\" src=\"https:\/\/blogsaverroes.juntadeandalucia.es\/ceipbaessipo\/files\/2022\/10\/ROF.png\" alt=\"\" width=\"199\" height=\"180\"><\/a><\/p>\n<p>&nbsp;<\/p>\n<p><a title=\"Proyecto de Gesti\u00f3n\" href=\"https:\/\/blogsaverroes.juntadeandalucia.es\/ceipbaessipo\/plan-de-centro\/proyecto-de-gestion\/\" target=\"_blank\" rel=\"noopener noreferrer\"><img loading=\"lazy\" decoding=\"async\" class=\"alignnone wp-image-3695\" src=\"https:\/\/blogsaverroes.juntadeandalucia.es\/ceipbaessipo\/files\/2022\/10\/Proyecto-de-gestion.png\" alt=\"\" width=\"279\" height=\"293\" srcset=\"https:\/\/blogsaverroes.juntadeandalucia.es\/ceipbaessipo\/files\/2022\/10\/Proyecto-de-gestion.png 430w, https:\/\/blogsaverroes.juntadeandalucia.es\/ceipbaessipo\/files\/2022\/10\/Proyecto-de-gestion-285x300.png 285w\" sizes=\"(max-width: 279px) 100vw, 279px\" \/><\/a><\/p>\n<div id=\"attachment_4259\" style=\"width: 310px\" class=\"wp-caption alignnone\"><a href=\"https:\/\/blogsaverroes.juntadeandalucia.es\/ceipbaessipo\/plan-de-centro\/plan-de-convivencia\/\" target=\"_blank\" rel=\"https:\/\/blogsaverroes.juntadeandalucia.es\/ceipbaessipo\/plan-de-centro\/plan-de-convivencia\/ noopener\"><img loading=\"lazy\" decoding=\"async\" aria-describedby=\"caption-attachment-4259\" class=\"wp-image-4259 size-medium\" src=\"https:\/\/blogsaverroes.juntadeandalucia.es\/ceipbaessipo\/files\/2024\/10\/plan-de-convivencia-300x188.png\" alt=\"Plan de Convivencia\" width=\"300\" height=\"188\" srcset=\"https:\/\/blogsaverroes.juntadeandalucia.es\/ceipbaessipo\/files\/2024\/10\/plan-de-convivencia-300x188.png 300w, https:\/\/blogsaverroes.juntadeandalucia.es\/ceipbaessipo\/files\/2024\/10\/plan-de-convivencia-768x480.png 768w, https:\/\/blogsaverroes.juntadeandalucia.es\/ceipbaessipo\/files\/2024\/10\/plan-de-convivencia.png 860w\" sizes=\"(max-width: 300px) 100vw, 300px\" \/><\/a><p id=\"caption-attachment-4259\" class=\"wp-caption-text\">Plan de Convivencia<\/p><\/div>\n<p>&nbsp;<\/p>\n","protected":false},"excerpt":{"rendered":"<p>El Plan de Centro es el documento que expresa las se\u00f1as de identidad de nuestro centro. Es el verdadero referente, con car\u00e1cter sist\u00e9mico e integrador, de la vida de del colegio y del principio&#46;&#46;&#46;<\/p>\n","protected":false},"author":7582,"featured_media":0,"parent":0,"menu_order":0,"comment_status":"closed","ping_status":"closed","template":"","meta":{"ngg_post_thumbnail":0,"footnotes":"","_mc_calendar":[]},"aioseo_notices":[],"_links":{"self":[{"href":"https:\/\/blogsaverroes.juntadeandalucia.es\/ceipbaessipo\/wp-json\/wp\/v2\/pages\/3684"}],"collection":[{"href":"https:\/\/blogsaverroes.juntadeandalucia.es\/ceipbaessipo\/wp-json\/wp\/v2\/pages"}],"about":[{"href":"https:\/\/blogsaverroes.juntadeandalucia.es\/ceipbaessipo\/wp-json\/wp\/v2\/types\/page"}],"author":[{"embeddable":true,"href":"https:\/\/blogsaverroes.juntadeandalucia.es\/ceipbaessipo\/wp-json\/wp\/v2\/users\/7582"}],"replies":[{"embeddable":true,"href":"https:\/\/blogsaverroes.juntadeandalucia.es\/ceipbaessipo\/wp-json\/wp\/v2\/comments?post=3684"}],"version-history":[{"count":9,"href":"https:\/\/blogsaverroes.juntadeandalucia.es\/ceipbaessipo\/wp-json\/wp\/v2\/pages\/3684\/revisions"}],"predecessor-version":[{"id":4268,"href":"https:\/\/blogsaverroes.juntadeandalucia.es\/ceipbaessipo\/wp-json\/wp\/v2\/pages\/3684\/revisions\/4268"}],"wp:attachment":[{"href":"https:\/\/blogsaverroes.juntadeandalucia.es\/ceipbaessipo\/wp-json\/wp\/v2\/media?parent=3684"}],"curies":[{"name":"wp","href":"https:\/\/api.w.org\/{rel}","templated":true}]}}