{"id":4157,"date":"2024-05-23T16:32:37","date_gmt":"2024-05-23T16:32:37","guid":{"rendered":"https:\/\/blogsaverroes.juntadeandalucia.es\/ceipbaessipo\/?page_id=4157"},"modified":"2026-02-25T18:02:27","modified_gmt":"2026-02-25T18:02:27","slug":"actividades-complementarias-y-extraescolares","status":"publish","type":"page","link":"https:\/\/blogsaverroes.juntadeandalucia.es\/ceipbaessipo\/actividades-complementarias-y-extraescolares\/","title":{"rendered":"Actividades Complementarias y Extraescolares"},"content":{"rendered":"<p>Las actividades complementarias y extraescolares en un colegio de primaria en Andaluc\u00eda son esenciales para el desarrollo integral de los estudiantes. Las actividades complementarias se realizan durante el horario escolar y refuerzan el curr\u00edculo, como visitas a museos, talleres cient\u00edficos y actividades deportivas. Las extraescolares, fuera del horario lectivo, incluyen deportes, idiomas, m\u00fasica, y arte, ofreciendo oportunidades para desarrollar habilidades sociales, f\u00edsicas y creativas. Ambas fomentan la convivencia, el trabajo en equipo y la adquisici\u00f3n de competencias adicionales, contribuyendo a una formaci\u00f3n m\u00e1s completa y equilibrada de los alumnos.<\/p>\n","protected":false},"excerpt":{"rendered":"<p>Las actividades complementarias y extraescolares en un colegio de primaria en Andaluc\u00eda son esenciales para el desarrollo integral de los estudiantes. Las actividades complementarias se realizan durante el horario escolar y refuerzan el curr\u00edculo,&#46;&#46;&#46;<\/p>\n","protected":false},"author":10975,"featured_media":0,"parent":0,"menu_order":0,"comment_status":"closed","ping_status":"closed","template":"","meta":{"ngg_post_thumbnail":0,"footnotes":"","_mc_calendar":[]},"aioseo_notices":[],"_links":{"self":[{"href":"https:\/\/blogsaverroes.juntadeandalucia.es\/ceipbaessipo\/wp-json\/wp\/v2\/pages\/4157"}],"collection":[{"href":"https:\/\/blogsaverroes.juntadeandalucia.es\/ceipbaessipo\/wp-json\/wp\/v2\/pages"}],"about":[{"href":"https:\/\/blogsaverroes.juntadeandalucia.es\/ceipbaessipo\/wp-json\/wp\/v2\/types\/page"}],"author":[{"embeddable":true,"href":"https:\/\/blogsaverroes.juntadeandalucia.es\/ceipbaessipo\/wp-json\/wp\/v2\/users\/10975"}],"replies":[{"embeddable":true,"href":"https:\/\/blogsaverroes.juntadeandalucia.es\/ceipbaessipo\/wp-json\/wp\/v2\/comments?post=4157"}],"version-history":[{"count":2,"href":"https:\/\/blogsaverroes.juntadeandalucia.es\/ceipbaessipo\/wp-json\/wp\/v2\/pages\/4157\/revisions"}],"predecessor-version":[{"id":4165,"href":"https:\/\/blogsaverroes.juntadeandalucia.es\/ceipbaessipo\/wp-json\/wp\/v2\/pages\/4157\/revisions\/4165"}],"wp:attachment":[{"href":"https:\/\/blogsaverroes.juntadeandalucia.es\/ceipbaessipo\/wp-json\/wp\/v2\/media?parent=4157"}],"curies":[{"name":"wp","href":"https:\/\/api.w.org\/{rel}","templated":true}]}}