{"id":42,"date":"2015-03-13T08:40:47","date_gmt":"2015-03-13T08:40:47","guid":{"rendered":"http:\/\/blogsaverroes.juntadeandalucia.es\/pre\/ceip\/?page_id=42"},"modified":"2024-05-21T18:46:04","modified_gmt":"2024-05-21T18:46:04","slug":"equipo-directivo","status":"publish","type":"page","link":"https:\/\/blogsaverroes.juntadeandalucia.es\/ceipbaessipo\/equipo-directivo\/","title":{"rendered":"Equipo directivo"},"content":{"rendered":"<p><a href=\"https:\/\/blogsaverroes.juntadeandalucia.es\/ceipbaessipo\/files\/2022\/09\/equipo-directivo-289x300-1.jpg\"><img loading=\"lazy\" decoding=\"async\" class=\"size-full wp-image-3585 aligncenter\" src=\"https:\/\/blogsaverroes.juntadeandalucia.es\/ceipbaessipo\/files\/2022\/09\/equipo-directivo-289x300-1.jpg\" alt=\"\" width=\"289\" height=\"300\" srcset=\"https:\/\/blogsaverroes.juntadeandalucia.es\/ceipbaessipo\/files\/2022\/09\/equipo-directivo-289x300-1.jpg 289w, https:\/\/blogsaverroes.juntadeandalucia.es\/ceipbaessipo\/files\/2022\/09\/equipo-directivo-289x300-1-24x24.jpg 24w, https:\/\/blogsaverroes.juntadeandalucia.es\/ceipbaessipo\/files\/2022\/09\/equipo-directivo-289x300-1-36x36.jpg 36w, https:\/\/blogsaverroes.juntadeandalucia.es\/ceipbaessipo\/files\/2022\/09\/equipo-directivo-289x300-1-46x48.jpg 46w\" sizes=\"(max-width: 289px) 100vw, 289px\" \/><\/a><\/p>\n<h4 style=\"text-align: center\"><span style=\"color: #0000ff\"><strong>Direcci\u00f3n:<\/strong><\/span><em> Juan Ram\u00f3n Laz Gonz\u00e1lez<\/em><\/h4>\n<h4 style=\"text-align: center\"><span style=\"color: #ff6600\"><strong>Jefatura de estudios: <\/strong><\/span><em>M\u00aa del Carmen Jim\u00e9nez Cabeza<\/em><\/h4>\n<h4 style=\"text-align: center\"><span style=\"color: #993366\"><strong style=\"color: #993366\">Secretar\u00eda: <\/strong><span style=\"color: #000000\"><i>Roc\u00edo Fern\u00e1ndez Hidalgo<\/i><\/span><\/span><\/h4>\n<p>&nbsp;<\/p>\n","protected":false},"excerpt":{"rendered":"<p>Direcci\u00f3n: Juan Ram\u00f3n Laz Gonz\u00e1lez Jefatura de estudios: M\u00aa del Carmen Jim\u00e9nez Cabeza Secretar\u00eda: Roc\u00edo Fern\u00e1ndez Hidalgo &nbsp;<\/p>\n","protected":false},"author":1,"featured_media":0,"parent":0,"menu_order":0,"comment_status":"closed","ping_status":"closed","template":"","meta":{"ngg_post_thumbnail":0,"footnotes":"","_mc_calendar":[]},"aioseo_notices":[],"_links":{"self":[{"href":"https:\/\/blogsaverroes.juntadeandalucia.es\/ceipbaessipo\/wp-json\/wp\/v2\/pages\/42"}],"collection":[{"href":"https:\/\/blogsaverroes.juntadeandalucia.es\/ceipbaessipo\/wp-json\/wp\/v2\/pages"}],"about":[{"href":"https:\/\/blogsaverroes.juntadeandalucia.es\/ceipbaessipo\/wp-json\/wp\/v2\/types\/page"}],"author":[{"embeddable":true,"href":"https:\/\/blogsaverroes.juntadeandalucia.es\/ceipbaessipo\/wp-json\/wp\/v2\/users\/1"}],"replies":[{"embeddable":true,"href":"https:\/\/blogsaverroes.juntadeandalucia.es\/ceipbaessipo\/wp-json\/wp\/v2\/comments?post=42"}],"version-history":[{"count":16,"href":"https:\/\/blogsaverroes.juntadeandalucia.es\/ceipbaessipo\/wp-json\/wp\/v2\/pages\/42\/revisions"}],"predecessor-version":[{"id":4126,"href":"https:\/\/blogsaverroes.juntadeandalucia.es\/ceipbaessipo\/wp-json\/wp\/v2\/pages\/42\/revisions\/4126"}],"wp:attachment":[{"href":"https:\/\/blogsaverroes.juntadeandalucia.es\/ceipbaessipo\/wp-json\/wp\/v2\/media?parent=42"}],"curies":[{"name":"wp","href":"https:\/\/api.w.org\/{rel}","templated":true}]}}