{"id":77,"date":"2015-03-16T06:54:56","date_gmt":"2015-03-16T06:54:56","guid":{"rendered":"http:\/\/blogsaverroes.juntadeandalucia.es\/pre\/ceip\/?page_id=77"},"modified":"2022-10-15T21:27:36","modified_gmt":"2022-10-15T21:27:36","slug":"secretaria","status":"publish","type":"page","link":"https:\/\/blogsaverroes.juntadeandalucia.es\/ceipbaessipo\/secretaria\/","title":{"rendered":"Secretar\u00eda"},"content":{"rendered":"<h2 style=\"text-align: center\"><span style=\"color: #0000ff\">HORARIO DE SECRETARIA&nbsp;<\/span><\/h2>\n<p style=\"text-align: center\"><a href=\"https:\/\/blogsaverroes.juntadeandalucia.es\/ceipbaessipo\/files\/2022\/09\/reloj.jpg.jpg\"><img loading=\"lazy\" decoding=\"async\" class=\"alignnone wp-image-3582\" src=\"https:\/\/blogsaverroes.juntadeandalucia.es\/ceipbaessipo\/files\/2022\/09\/reloj.jpg.jpg\" alt=\"\" width=\"174\" height=\"173\" srcset=\"https:\/\/blogsaverroes.juntadeandalucia.es\/ceipbaessipo\/files\/2022\/09\/reloj.jpg.jpg 1143w, https:\/\/blogsaverroes.juntadeandalucia.es\/ceipbaessipo\/files\/2022\/09\/reloj.jpg-300x300.jpg 300w, https:\/\/blogsaverroes.juntadeandalucia.es\/ceipbaessipo\/files\/2022\/09\/reloj.jpg-1024x1021.jpg 1024w, https:\/\/blogsaverroes.juntadeandalucia.es\/ceipbaessipo\/files\/2022\/09\/reloj.jpg-150x150.jpg 150w, https:\/\/blogsaverroes.juntadeandalucia.es\/ceipbaessipo\/files\/2022\/09\/reloj.jpg-768x766.jpg 768w, https:\/\/blogsaverroes.juntadeandalucia.es\/ceipbaessipo\/files\/2022\/09\/reloj.jpg-80x80.jpg 80w, https:\/\/blogsaverroes.juntadeandalucia.es\/ceipbaessipo\/files\/2022\/09\/reloj.jpg-320x320.jpg 320w, https:\/\/blogsaverroes.juntadeandalucia.es\/ceipbaessipo\/files\/2022\/09\/reloj.jpg-24x24.jpg 24w, https:\/\/blogsaverroes.juntadeandalucia.es\/ceipbaessipo\/files\/2022\/09\/reloj.jpg-36x36.jpg 36w, https:\/\/blogsaverroes.juntadeandalucia.es\/ceipbaessipo\/files\/2022\/09\/reloj.jpg-48x48.jpg 48w\" sizes=\"(max-width: 174px) 100vw, 174px\" \/><\/a><\/p>\n<p style=\"text-align: center\">&nbsp;<\/p>\n<p style=\"text-align: center\">EL&nbsp;HORARIO DE SECRETAR\u00cdA&nbsp;SER\u00c1 DE<\/p>\n<p style=\"text-align: center\"><strong> LUNES A VIERNES&nbsp;<\/strong><\/p>\n<p style=\"text-align: center\">DE&nbsp;<span style=\"color: #ff0000\"><strong>12:30 <\/strong><span style=\"color: #000000\">A<\/span><strong> 13:30<\/strong><\/span><\/p>\n<p>&nbsp;<\/p>\n<p style=\"text-align: center\"><strong>Tel\u00e9fono: 956 459 925<\/strong><\/p>\n<h4 style=\"text-align: center\"><strong><u>Correo corporativo del centro<\/u><\/strong><\/h4>\n<p style=\"text-align: center\"><a href=\"https:\/\/blogsaverroes.juntadeandalucia.es\/ceipbaessipo\/11000812.edu@juntadeandalucia.es\"><strong>11000812.edu@juntadeandalucia.es<\/strong><\/a><\/p>\n<p>&nbsp;<\/p>\n<p style=\"text-align: center\">Para solicitar de manera telem\u00e1tica<strong> certificado acad\u00e9mico<\/strong> o <strong>de matr\u00edcula<\/strong>, por favor, cumplimente el siguiente formulario.<\/p>\n<p style=\"text-align: center\">\n<div class=\"wpcf7 no-js\" id=\"wpcf7-f2669-o1\" lang=\"es-ES\" dir=\"ltr\">\n<div class=\"screen-reader-response\"><p role=\"status\" aria-live=\"polite\" aria-atomic=\"true\"><\/p> <ul><\/ul><\/div>\n<form action=\"\/ceipbaessipo\/wp-json\/wp\/v2\/pages\/77#wpcf7-f2669-o1\" method=\"post\" class=\"wpcf7-form init\" aria-label=\"Formulario de contacto\" enctype=\"multipart\/form-data\" novalidate=\"novalidate\" data-status=\"init\">\n<div style=\"display: none;\">\n<input type=\"hidden\" name=\"_wpcf7\" value=\"2669\" \/>\n<input type=\"hidden\" name=\"_wpcf7_version\" value=\"5.9.8\" \/>\n<input type=\"hidden\" name=\"_wpcf7_locale\" value=\"es_ES\" \/>\n<input type=\"hidden\" name=\"_wpcf7_unit_tag\" value=\"wpcf7-f2669-o1\" \/>\n<input type=\"hidden\" name=\"_wpcf7_container_post\" value=\"0\" \/>\n<input type=\"hidden\" name=\"_wpcf7_posted_data_hash\" value=\"\" \/>\n<\/div>\n<p><label> Nombre y apellidos del alumno (requerido)<br \/>\n<span class=\"wpcf7-form-control-wrap\" data-name=\"your-name\"><input size=\"40\" maxlength=\"400\" class=\"wpcf7-form-control wpcf7-text wpcf7-validates-as-required\" aria-required=\"true\" aria-invalid=\"false\" value=\"\" type=\"text\" name=\"your-name\" \/><\/span> <\/label><br \/>\n<label> N\u00ba DNI\/NIE del alumno (requerido)<br \/>\n<span class=\"wpcf7-form-control-wrap\" data-name=\"dni\"><input class=\"wpcf7-form-control wpcf7-number wpcf7-validates-as-required wpcf7-validates-as-number\" aria-required=\"true\" aria-invalid=\"false\" value=\"\" type=\"number\" name=\"dni\" \/><\/span> <\/label><br \/>\n<label>Despliega y elige una opci\u00f3n<\/label><br \/>\n<span class=\"wpcf7-form-control-wrap\" data-name=\"seleccinsolicitud\"><select class=\"wpcf7-form-control wpcf7-select\" aria-invalid=\"false\" name=\"seleccinsolicitud\"><option value=\"Certificado acad\u00e9mico.\">Certificado acad\u00e9mico.<\/option><option value=\"Certificado de matr\u00edcula.\">Certificado de matr\u00edcula.<\/option><option value=\"Otros.\">Otros.<\/option><\/select><\/span><br \/>\n<label> A\u00f1o de finalizaci\u00f3n de estudios o curso actual en el que est\u00e1 (requerido)<br \/>\ntext aofinaliza] <\/label><br \/>\n<label>Fotocopia DNI padre madre o tutor legal<br \/>\n<span class=\"wpcf7-form-control-wrap\" data-name=\"fotocopiaDNIpadre\"><input size=\"40\" class=\"wpcf7-form-control wpcf7-file wpcf7-validates-as-required\" accept=\"audio\/*,video\/*,image\/*\" aria-required=\"true\" aria-invalid=\"false\" type=\"file\" name=\"fotocopiaDNIpadre\" \/><\/span><\/label>\n<\/p>\n<p><label> Tu correo electr\u00f3nico (requerido)<br \/>\n<span class=\"wpcf7-form-control-wrap\" data-name=\"your-email\"><input size=\"40\" maxlength=\"400\" class=\"wpcf7-form-control wpcf7-email wpcf7-validates-as-required wpcf7-text wpcf7-validates-as-email\" aria-required=\"true\" aria-invalid=\"false\" value=\"\" type=\"email\" name=\"your-email\" \/><\/span> <\/label>\n<\/p>\n<p><label> Asunto<br \/>\n<span class=\"wpcf7-form-control-wrap\" data-name=\"your-subject\"><input size=\"40\" maxlength=\"400\" class=\"wpcf7-form-control wpcf7-text\" aria-invalid=\"false\" value=\"\" type=\"text\" name=\"your-subject\" \/><\/span> <\/label>\n<\/p>\n<p><label> Mensaje<br \/>\n<span class=\"wpcf7-form-control-wrap\" data-name=\"your-message\"><textarea cols=\"40\" rows=\"10\" maxlength=\"2000\" class=\"wpcf7-form-control wpcf7-textarea\" aria-invalid=\"false\" name=\"your-message\"><\/textarea><\/span> <\/label>\n<\/p>\n<p><input class=\"wpcf7-form-control wpcf7-submit has-spinner\" type=\"submit\" value=\"Enviar\" \/>\n<\/p><div class=\"wpcf7-response-output\" aria-hidden=\"true\"><\/div>\n<\/form>\n<\/div>\n<\/p>\n","protected":false},"excerpt":{"rendered":"<p>HORARIO DE SECRETARIA&nbsp; &nbsp; EL&nbsp;HORARIO DE SECRETAR\u00cdA&nbsp;SER\u00c1 DE LUNES A VIERNES&nbsp; DE&nbsp;12:30 A 13:30 &nbsp; Tel\u00e9fono: 956 459 925 Correo corporativo del centro 11000812.edu@juntadeandalucia.es &nbsp; Para solicitar de manera telem\u00e1tica certificado acad\u00e9mico o de&#46;&#46;&#46;<\/p>\n","protected":false},"author":1,"featured_media":0,"parent":0,"menu_order":0,"comment_status":"closed","ping_status":"closed","template":"","meta":{"ngg_post_thumbnail":0,"footnotes":"","_mc_calendar":[]},"aioseo_notices":[],"_links":{"self":[{"href":"https:\/\/blogsaverroes.juntadeandalucia.es\/ceipbaessipo\/wp-json\/wp\/v2\/pages\/77"}],"collection":[{"href":"https:\/\/blogsaverroes.juntadeandalucia.es\/ceipbaessipo\/wp-json\/wp\/v2\/pages"}],"about":[{"href":"https:\/\/blogsaverroes.juntadeandalucia.es\/ceipbaessipo\/wp-json\/wp\/v2\/types\/page"}],"author":[{"embeddable":true,"href":"https:\/\/blogsaverroes.juntadeandalucia.es\/ceipbaessipo\/wp-json\/wp\/v2\/users\/1"}],"replies":[{"embeddable":true,"href":"https:\/\/blogsaverroes.juntadeandalucia.es\/ceipbaessipo\/wp-json\/wp\/v2\/comments?post=77"}],"version-history":[{"count":22,"href":"https:\/\/blogsaverroes.juntadeandalucia.es\/ceipbaessipo\/wp-json\/wp\/v2\/pages\/77\/revisions"}],"predecessor-version":[{"id":3597,"href":"https:\/\/blogsaverroes.juntadeandalucia.es\/ceipbaessipo\/wp-json\/wp\/v2\/pages\/77\/revisions\/3597"}],"wp:attachment":[{"href":"https:\/\/blogsaverroes.juntadeandalucia.es\/ceipbaessipo\/wp-json\/wp\/v2\/media?parent=77"}],"curies":[{"name":"wp","href":"https:\/\/api.w.org\/{rel}","templated":true}]}}